{"id":16810,"date":"2026-03-11T14:50:36","date_gmt":"2026-03-11T13:50:36","guid":{"rendered":"https:\/\/koningdrone.be\/?post_type=product&#038;p=16810"},"modified":"2026-05-02T14:41:01","modified_gmt":"2026-05-02T12:41:01","slug":"dji-neo-2-intelligent-flight-battery","status":"publish","type":"product","link":"https:\/\/koningdrone.be\/es\/producto\/dji-neo-2-intelligent-flight-battery\/","title":{"rendered":"Bater\u00eda de vuelo inteligente DJI Neo 2"},"content":{"rendered":"<h3>Bater\u00eda de vuelo inteligente DJI Neo 2<\/h3>\n<p>En <strong>Bater\u00eda de vuelo inteligente DJI Neo 2<\/strong> es la bater\u00eda oficial de repuesto y reemplazo para el dron DJI Neo 2. Esta bater\u00eda de alto rendimiento est\u00e1 dise\u00f1ada para proporcionar energ\u00eda constante y fiable durante cada vuelo, lo que te permite volar durante m\u00e1s tiempo y con m\u00e1s estabilidad. Gracias a la tecnolog\u00eda de bater\u00eda inteligente, proporciona informaci\u00f3n en tiempo real sobre el tiempo de bater\u00eda restante, la temperatura y el estado de carga para que siempre sepas cu\u00e1nto tiempo de vuelo te queda.<\/p>\n<p style=\"text-align: center\"><a href=\"https:\/\/koningdrone.nl\/wp-content\/uploads\/2026\/03\/DJI-Neo-2-Intelligent-Flight-Battery.webp\"><img loading=\"lazy\" decoding=\"async\" class=\"alignnone size-medium wp-image-466491\" src=\"https:\/\/koningdrone.nl\/wp-content\/uploads\/2026\/03\/DJI-Neo-2-Intelligent-Flight-Battery-300x300.webp\" alt=\"\" width=\"300\" height=\"300\" \/><\/a><\/p>\n<h4>Rendimiento y funcionalidad<\/h4>\n<p>Esta bater\u00eda de vuelo inteligente ofrece una alta capacidad que garantiza un mayor tiempo de vuelo en comparaci\u00f3n con las bater\u00edas est\u00e1ndar. La gesti\u00f3n inteligente de la bater\u00eda integrada protege contra el sobrecalentamiento, la sobrecarga y otras situaciones de riesgo, garantizando un uso seguro de la bater\u00eda durante todo el vuelo. Gracias a la comunicaci\u00f3n entre la bater\u00eda y su dron, su controlador recibe actualizaciones precisas sobre el estado de la bater\u00eda en tiempo real.<\/p>\n<h4>Calidad de construcci\u00f3n y dise\u00f1o<\/h4>\n<p>La bater\u00eda est\u00e1 fabricada con celdas y componentes de alta calidad que garantizan su durabilidad y fiabilidad. Es ligera y est\u00e1 dise\u00f1ada para encajar perfectamente en la caja de la bater\u00eda del Neo 2. Su robusta construcci\u00f3n permite a esta bater\u00eda soportar bien las vibraciones y fuerzas que se producen durante el vuelo, lo que contribuye a la seguridad y a un rendimiento constante.<\/p>\n<p style=\"text-align: center\"><a href=\"https:\/\/koningdrone.nl\/wp-content\/uploads\/2026\/03\/DJI-Intelligent-Flight-Battery.webp\"><img loading=\"lazy\" decoding=\"async\" class=\"alignnone size-medium wp-image-466488\" src=\"https:\/\/koningdrone.nl\/wp-content\/uploads\/2026\/03\/DJI-Intelligent-Flight-Battery-300x300.webp\" alt=\"DJI Intelligent Flight Battery\" width=\"300\" height=\"300\" \/><\/a><\/p>\n<h4>Por qu\u00e9 lo necesita<\/h4>\n<p>Tanto si planea vuelos largos como si necesita repuestos para uso sobre el terreno, esta bater\u00eda inteligente le garantiza que podr\u00e1 pasar m\u00e1s tiempo en el aire sin cambios frecuentes. Con informaci\u00f3n de estado en tiempo real y protecci\u00f3n contra sobrecarga, tambi\u00e9n aumenta la longevidad y la seguridad del uso de la bater\u00eda.<\/p>","protected":false},"excerpt":{"rendered":"<ul>\n<li>Proporciona un tiempo de vuelo prolongado y fiable para tu dron DJI Neo 2.<\/li>\n<li>Gesti\u00f3n inteligente de la bater\u00eda para mayor seguridad y durabilidad.<\/li>\n<li>Comunica informaci\u00f3n de potencia en tiempo real al dron y al controlador.<\/li>\n<li>Dise\u00f1ado para integrarse perfectamente con los accesorios y concentradores de carga Neo 2.<\/li>\n<li>Bater\u00eda de calidad certificada por DJI que garantiza un suministro de energ\u00eda estable en diversas condiciones.<\/li>\n<\/ul>","protected":false},"featured_media":16808,"template":"","meta":{"_acf_changed":false},"product_brand":[],"product_cat":[1722],"product_tag":[],"class_list":{"0":"post-16810","1":"product","2":"type-product","3":"status-publish","4":"has-post-thumbnail","6":"product_cat-dji-neo-2","7":"product_shipping_class-outofstock","8":"pa_brand-dji","9":"pa_productfamily-neo-2","10":"pa_producttype-batterij","11":"pa_series-neo","13":"first","14":"outofstock","15":"taxable","16":"shipping-taxable","17":"purchasable","18":"product-type-simple"},"acf":[],"yoast_head":"<!-- This site is optimized with the Yoast SEO Premium plugin v27.2 (Yoast SEO v27.2) - https:\/\/yoast.com\/product\/yoast-seo-premium-wordpress\/ -->\n<title>DJI Neo 2 Intelligent Flight Battery - koningdrone.be<\/title>\n<meta name=\"robots\" content=\"index, follow, max-snippet:-1, max-image-preview:large, max-video-preview:-1\" \/>\n<link rel=\"canonical\" href=\"https:\/\/koningdrone.be\/es\/producto\/dji-neo-2-intelligent-flight-battery\/\" \/>\n<meta property=\"og:locale\" content=\"es_ES\" \/>\n<meta property=\"og:type\" content=\"article\" \/>\n<meta property=\"og:title\" content=\"DJI Neo 2 Intelligent Flight Battery\" \/>\n<meta property=\"og:description\" content=\"Biedt een langere en betrouwbare vliegtijd voor uw DJI Neo 2-drone.  Beschikt over intelligent batterijbeheer voor veiligheid en duurzaamheid.  Communiceert realtime stroominformatie naar uw drone en controller.  Ontworpen om naadloos te integreren met Neo 2-oplaadaccessoires en -hubs.  Kwaliteitsbatterij gecertificeerd door DJI zorgt voor een stabiele stroomvoorziening onder verschillende omstandigheden.\" \/>\n<meta property=\"og:url\" content=\"https:\/\/koningdrone.be\/es\/producto\/dji-neo-2-intelligent-flight-battery\/\" \/>\n<meta property=\"og:site_name\" content=\"koningdrone.be\" \/>\n<meta property=\"article:modified_time\" content=\"2026-05-02T12:41:01+00:00\" \/>\n<meta property=\"og:image\" content=\"https:\/\/koningdrone.be\/wp-content\/uploads\/sites\/13\/2026\/03\/DJI-Neo-2-Battery.webp\" \/>\n\t<meta property=\"og:image:width\" content=\"2048\" \/>\n\t<meta property=\"og:image:height\" content=\"2048\" \/>\n\t<meta property=\"og:image:type\" content=\"image\/webp\" \/>\n<meta name=\"twitter:card\" content=\"summary_large_image\" \/>\n<meta name=\"twitter:label1\" content=\"Tiempo de lectura\" \/>\n\t<meta name=\"twitter:data1\" content=\"1 minuto\" \/>\n<script type=\"application\/ld+json\" class=\"yoast-schema-graph\">{\"@context\":\"https:\/\/schema.org\",\"@graph\":[{\"@type\":\"WebPage\",\"@id\":\"https:\/\/koningdrone.be\/product\/dji-neo-2-intelligent-flight-battery\/\",\"url\":\"https:\/\/koningdrone.be\/product\/dji-neo-2-intelligent-flight-battery\/\",\"name\":\"DJI Neo 2 Intelligent Flight Battery - koningdrone.be\",\"isPartOf\":{\"@id\":\"https:\/\/koningdrone.be\/#website\"},\"primaryImageOfPage\":{\"@id\":\"https:\/\/koningdrone.be\/product\/dji-neo-2-intelligent-flight-battery\/#primaryimage\"},\"image\":{\"@id\":\"https:\/\/koningdrone.be\/product\/dji-neo-2-intelligent-flight-battery\/#primaryimage\"},\"thumbnailUrl\":\"https:\/\/koningdrone.be\/wp-content\/uploads\/sites\/13\/2026\/03\/DJI-Neo-2-Battery.webp\",\"datePublished\":\"2026-03-11T13:50:36+00:00\",\"dateModified\":\"2026-05-02T12:41:01+00:00\",\"breadcrumb\":{\"@id\":\"https:\/\/koningdrone.be\/product\/dji-neo-2-intelligent-flight-battery\/#breadcrumb\"},\"inLanguage\":\"es\",\"potentialAction\":[{\"@type\":\"ReadAction\",\"target\":[\"https:\/\/koningdrone.be\/product\/dji-neo-2-intelligent-flight-battery\/\"]}]},{\"@type\":\"ImageObject\",\"inLanguage\":\"es\",\"@id\":\"https:\/\/koningdrone.be\/product\/dji-neo-2-intelligent-flight-battery\/#primaryimage\",\"url\":\"https:\/\/koningdrone.be\/wp-content\/uploads\/sites\/13\/2026\/03\/DJI-Neo-2-Battery.webp\",\"contentUrl\":\"https:\/\/koningdrone.be\/wp-content\/uploads\/sites\/13\/2026\/03\/DJI-Neo-2-Battery.webp\",\"width\":2048,\"height\":2048},{\"@type\":\"BreadcrumbList\",\"@id\":\"https:\/\/koningdrone.be\/product\/dji-neo-2-intelligent-flight-battery\/#breadcrumb\",\"itemListElement\":[{\"@type\":\"ListItem\",\"position\":1,\"name\":\"Home\",\"item\":\"https:\/\/koningdrone.be\/\"},{\"@type\":\"ListItem\",\"position\":2,\"name\":\"AVSS Parachute Recovery System for DJI Matrice 300\/350\",\"item\":\"https:\/\/koningdrone.be\/product\/avss-parachute-recovery-system-for-dji-matrice-300-350\/\"},{\"@type\":\"ListItem\",\"position\":3,\"name\":\"DJI Neo 2\",\"item\":\"https:\/\/koningdrone.be\/categorie\/dji-neo-2\/\"},{\"@type\":\"ListItem\",\"position\":4,\"name\":\"DJI Neo 2 Intelligent Flight Battery\"}]},{\"@type\":\"WebSite\",\"@id\":\"https:\/\/koningdrone.be\/#website\",\"url\":\"https:\/\/koningdrone.be\/\",\"name\":\"Koningdrone.be - Uw online specialist in drones, gimbals, camera's en power stations.\",\"description\":\"De webshop in drones en gimbals\",\"publisher\":{\"@id\":\"https:\/\/koningdrone.be\/#organization\"},\"potentialAction\":[{\"@type\":\"SearchAction\",\"target\":{\"@type\":\"EntryPoint\",\"urlTemplate\":\"https:\/\/koningdrone.be\/?s={search_term_string}\"},\"query-input\":{\"@type\":\"PropertyValueSpecification\",\"valueRequired\":true,\"valueName\":\"search_term_string\"}}],\"inLanguage\":\"es\"},{\"@type\":\"Organization\",\"@id\":\"https:\/\/koningdrone.be\/#organization\",\"name\":\"Koningdrone.be\",\"url\":\"https:\/\/koningdrone.be\/\",\"logo\":{\"@type\":\"ImageObject\",\"inLanguage\":\"es\",\"@id\":\"https:\/\/koningdrone.be\/#\/schema\/logo\/image\/\",\"url\":\"https:\/\/koningdrone.be\/wp-content\/uploads\/sites\/13\/2025\/04\/koningdrone-copyright-logo.svg\",\"contentUrl\":\"https:\/\/koningdrone.be\/wp-content\/uploads\/sites\/13\/2025\/04\/koningdrone-copyright-logo.svg\",\"width\":227,\"height\":38,\"caption\":\"Koningdrone.be\"},\"image\":{\"@id\":\"https:\/\/koningdrone.be\/#\/schema\/logo\/image\/\"}}]}<\/script>\n<!-- \/ Yoast SEO Premium plugin. -->","yoast_head_json":{"title":"DJI Neo 2 Intelligent Flight Battery - koningdrone.be","robots":{"index":"index","follow":"follow","max-snippet":"max-snippet:-1","max-image-preview":"max-image-preview:large","max-video-preview":"max-video-preview:-1"},"canonical":"https:\/\/koningdrone.be\/es\/producto\/dji-neo-2-intelligent-flight-battery\/","og_locale":"es_ES","og_type":"article","og_title":"DJI Neo 2 Intelligent Flight Battery","og_description":"Biedt een langere en betrouwbare vliegtijd voor uw DJI Neo 2-drone.  Beschikt over intelligent batterijbeheer voor veiligheid en duurzaamheid.  Communiceert realtime stroominformatie naar uw drone en controller.  Ontworpen om naadloos te integreren met Neo 2-oplaadaccessoires en -hubs.  Kwaliteitsbatterij gecertificeerd door DJI zorgt voor een stabiele stroomvoorziening onder verschillende omstandigheden.","og_url":"https:\/\/koningdrone.be\/es\/producto\/dji-neo-2-intelligent-flight-battery\/","og_site_name":"koningdrone.be","article_modified_time":"2026-05-02T12:41:01+00:00","og_image":[{"width":2048,"height":2048,"url":"https:\/\/koningdrone.be\/wp-content\/uploads\/sites\/13\/2026\/03\/DJI-Neo-2-Battery.webp","type":"image\/webp"}],"twitter_card":"summary_large_image","twitter_misc":{"Tiempo de lectura":"1 minuto"},"schema":{"@context":"https:\/\/schema.org","@graph":[{"@type":"WebPage","@id":"https:\/\/koningdrone.be\/product\/dji-neo-2-intelligent-flight-battery\/","url":"https:\/\/koningdrone.be\/product\/dji-neo-2-intelligent-flight-battery\/","name":"DJI Neo 2 Intelligent Flight Battery - koningdrone.be","isPartOf":{"@id":"https:\/\/koningdrone.be\/#website"},"primaryImageOfPage":{"@id":"https:\/\/koningdrone.be\/product\/dji-neo-2-intelligent-flight-battery\/#primaryimage"},"image":{"@id":"https:\/\/koningdrone.be\/product\/dji-neo-2-intelligent-flight-battery\/#primaryimage"},"thumbnailUrl":"https:\/\/koningdrone.be\/wp-content\/uploads\/sites\/13\/2026\/03\/DJI-Neo-2-Battery.webp","datePublished":"2026-03-11T13:50:36+00:00","dateModified":"2026-05-02T12:41:01+00:00","breadcrumb":{"@id":"https:\/\/koningdrone.be\/product\/dji-neo-2-intelligent-flight-battery\/#breadcrumb"},"inLanguage":"es","potentialAction":[{"@type":"ReadAction","target":["https:\/\/koningdrone.be\/product\/dji-neo-2-intelligent-flight-battery\/"]}]},{"@type":"ImageObject","inLanguage":"es","@id":"https:\/\/koningdrone.be\/product\/dji-neo-2-intelligent-flight-battery\/#primaryimage","url":"https:\/\/koningdrone.be\/wp-content\/uploads\/sites\/13\/2026\/03\/DJI-Neo-2-Battery.webp","contentUrl":"https:\/\/koningdrone.be\/wp-content\/uploads\/sites\/13\/2026\/03\/DJI-Neo-2-Battery.webp","width":2048,"height":2048},{"@type":"BreadcrumbList","@id":"https:\/\/koningdrone.be\/product\/dji-neo-2-intelligent-flight-battery\/#breadcrumb","itemListElement":[{"@type":"ListItem","position":1,"name":"Home","item":"https:\/\/koningdrone.be\/"},{"@type":"ListItem","position":2,"name":"AVSS Parachute Recovery System for DJI Matrice 300\/350","item":"https:\/\/koningdrone.be\/product\/avss-parachute-recovery-system-for-dji-matrice-300-350\/"},{"@type":"ListItem","position":3,"name":"DJI Neo 2","item":"https:\/\/koningdrone.be\/categorie\/dji-neo-2\/"},{"@type":"ListItem","position":4,"name":"DJI Neo 2 Intelligent Flight Battery"}]},{"@type":"WebSite","@id":"https:\/\/koningdrone.be\/#website","url":"https:\/\/koningdrone.be\/","name":"Koningdrone.be - Su especialista en l\u00ednea en drones, cardanes, c\u00e1maras y centrales el\u00e9ctricas.","description":"La tienda virtual de drones y cardanes","publisher":{"@id":"https:\/\/koningdrone.be\/#organization"},"potentialAction":[{"@type":"SearchAction","target":{"@type":"EntryPoint","urlTemplate":"https:\/\/koningdrone.be\/?s={search_term_string}"},"query-input":{"@type":"PropertyValueSpecification","valueRequired":true,"valueName":"search_term_string"}}],"inLanguage":"es"},{"@type":"Organization","@id":"https:\/\/koningdrone.be\/#organization","name":"Kingdrone.es","url":"https:\/\/koningdrone.be\/","logo":{"@type":"ImageObject","inLanguage":"es","@id":"https:\/\/koningdrone.be\/#\/schema\/logo\/image\/","url":"https:\/\/koningdrone.be\/wp-content\/uploads\/sites\/13\/2025\/04\/koningdrone-copyright-logo.svg","contentUrl":"https:\/\/koningdrone.be\/wp-content\/uploads\/sites\/13\/2025\/04\/koningdrone-copyright-logo.svg","width":227,"height":38,"caption":"Koningdrone.be"},"image":{"@id":"https:\/\/koningdrone.be\/#\/schema\/logo\/image\/"}}]}},"df_price":39,"df_sale_price":"","df_regular_price":39,"df_image_link":"https:\/\/koningdrone.be\/wp-content\/uploads\/sites\/13\/2026\/03\/DJI-Neo-2-Battery-300x300.webp","_links":{"self":[{"href":"https:\/\/koningdrone.be\/es\/wp-json\/wp\/v2\/product\/16810","targetHints":{"allow":["GET"]}}],"collection":[{"href":"https:\/\/koningdrone.be\/es\/wp-json\/wp\/v2\/product"}],"about":[{"href":"https:\/\/koningdrone.be\/es\/wp-json\/wp\/v2\/types\/product"}],"wp:featuredmedia":[{"embeddable":true,"href":"https:\/\/koningdrone.be\/es\/wp-json\/wp\/v2\/media\/16808"}],"wp:attachment":[{"href":"https:\/\/koningdrone.be\/es\/wp-json\/wp\/v2\/media?parent=16810"}],"wp:term":[{"taxonomy":"product_brand","embeddable":true,"href":"https:\/\/koningdrone.be\/es\/wp-json\/wp\/v2\/product_brand?post=16810"},{"taxonomy":"product_cat","embeddable":true,"href":"https:\/\/koningdrone.be\/es\/wp-json\/wp\/v2\/product_cat?post=16810"},{"taxonomy":"product_tag","embeddable":true,"href":"https:\/\/koningdrone.be\/es\/wp-json\/wp\/v2\/product_tag?post=16810"}],"curies":[{"name":"wp","href":"https:\/\/api.w.org\/{rel}","templated":true}]}}