{"id":16801,"date":"2026-03-07T13:30:36","date_gmt":"2026-03-07T12:30:36","guid":{"rendered":"https:\/\/koningdrone.be\/?post_type=product&#038;p=16801"},"modified":"2026-05-02T14:41:00","modified_gmt":"2026-05-02T12:41:00","slug":"dji-neo-2-two-way-charging-hub","status":"publish","type":"product","link":"https:\/\/koningdrone.be\/es\/producto\/dji-neo-2-two-way-charging-hub\/","title":{"rendered":"Hub de carga bidireccional DJI Neo 2"},"content":{"rendered":"<h3>Hub de carga bidireccional DJI Neo 2<\/h3>\n<p>En <strong>Hub de carga bidireccional DJI Neo 2<\/strong> es una soluci\u00f3n de carga vers\u00e1til dise\u00f1ada espec\u00edficamente para las bater\u00edas de drones DJI Neo 2. Esta estaci\u00f3n de carga inteligente funciona no solo como un concentrador que permite cargar varias bater\u00edas de vuelo inteligente simult\u00e1neamente, sino tambi\u00e9n como un banco de energ\u00eda port\u00e1til que permite cargar dispositivos como smartphones o gafas cuando no hay ninguna toma de corriente disponible.<\/p>\n<p style=\"text-align: center\"><a href=\"https:\/\/koningdrone.nl\/wp-content\/uploads\/2026\/03\/DJI-Neo-2-Two-Way.webp\"><img loading=\"lazy\" decoding=\"async\" class=\"alignnone size-medium wp-image-466402\" src=\"https:\/\/koningdrone.nl\/wp-content\/uploads\/2026\/03\/DJI-Neo-2-Two-Way-300x300.webp\" alt=\"DJI Neo 2 Two-Way\" width=\"300\" height=\"300\" \/><\/a><\/p>\n<h4>Rendimiento y funcionalidad<\/h4>\n<p>Este concentrador permite cargar varias bater\u00edas Neo 2 al mismo tiempo, en funci\u00f3n del adaptador de corriente utilizado. Con un adaptador potente (45 W o superior), puede cargar hasta <strong>carga tres bater\u00edas Neo 2 simult\u00e1neamente<\/strong>, lo que resulta ideal para pilotos que planean vuelos m\u00e1s largos o m\u00faltiples tareas de vuelo seguidas. Adem\u00e1s, el concentrador admite alimentaci\u00f3n bidireccional: la energ\u00eda puede ir hacia las bater\u00edas para cargarlas, pero tambi\u00e9n desde las bater\u00edas a dispositivos USB-C externos, como tel\u00e9fonos o gafas.<\/p>\n<h4>Calidad de construcci\u00f3n y dise\u00f1o<\/h4>\n<p>La estaci\u00f3n de carga est\u00e1 dise\u00f1ada con un tama\u00f1o compacto y port\u00e1til, por lo que es f\u00e1cil de llevar durante los viajes o los rodajes en exteriores. La carcasa es lo suficientemente robusta como para soportar el uso rutinario y es compatible con los adaptadores de corriente oficiales de DJI. La conexi\u00f3n y colocaci\u00f3n de la bater\u00eda son intuitivas, lo que proporciona una experiencia de usuario sin problemas.<\/p>\n<p style=\"text-align: center\"><a href=\"https:\/\/koningdrone.nl\/wp-content\/uploads\/2026\/03\/DJI-Charging-Hub-Neo-2-Two-Way.webp\"><img loading=\"lazy\" decoding=\"async\" class=\"alignnone size-medium wp-image-466403\" src=\"https:\/\/koningdrone.nl\/wp-content\/uploads\/2026\/03\/DJI-Charging-Hub-Neo-2-Two-Way-300x300.webp\" alt=\"DJI Charging Hub Neo 2 Two-Way\" width=\"300\" height=\"300\" \/><\/a><\/p>\n<h4>Por qu\u00e9 lo necesita<\/h4>\n<p>Si utilizas varias bater\u00edas y vuelas a menudo en exteriores, este concentrador bidireccional te permite cargar las bater\u00edas de forma eficiente sin tener que esperar horas. Adem\u00e1s, la funci\u00f3n power-bank te permite alimentar tus dispositivos sobre la marcha, algo imprescindible durante rodajes m\u00e1s largos o viajes sin una fuente de alimentaci\u00f3n fija.<\/p>","protected":false},"excerpt":{"rendered":"<ul>\n<li>Carga hasta tres bater\u00edas de vuelo inteligente DJI Neo 2 simult\u00e1neamente con el cargador adecuado.<\/li>\n<li>Funciona como un banco de energ\u00eda, por lo que puede cargar tel\u00e9fonos o gafas con la capacidad de la bater\u00eda almacenada.<\/li>\n<li>Amplio soporte de voltaje de entrada (5 V a 20 V) para compatibilidad con muchos adaptadores USB-C.<\/li>\n<li>Dise\u00f1o compacto y ligero, para que pueda llevar f\u00e1cilmente su equipo de dron cuando viaje.<\/li>\n<li>Compatible con el ecosistema de carga oficial de DJI, incluidos los cargadores de alta potencia.<\/li>\n<\/ul>","protected":false},"featured_media":16797,"template":"","meta":{"_acf_changed":false},"product_brand":[],"product_cat":[1722],"product_tag":[],"class_list":{"0":"post-16801","1":"product","2":"type-product","3":"status-publish","4":"has-post-thumbnail","6":"product_cat-dji-neo-2","7":"product_shipping_class-outofstock","8":"pa_brand-dji","9":"pa_productfamily-neo-2","10":"pa_producttype-oplader","11":"pa_series-neo","13":"first","14":"onbackorder","15":"taxable","16":"shipping-taxable","17":"purchasable","18":"product-type-simple"},"acf":[],"yoast_head":"<!-- This site is optimized with the Yoast SEO Premium plugin v27.2 (Yoast SEO v27.2) - https:\/\/yoast.com\/product\/yoast-seo-premium-wordpress\/ -->\n<title>DJI Neo 2 Two-Way Charging Hub - koningdrone.be<\/title>\n<meta name=\"robots\" content=\"index, follow, max-snippet:-1, max-image-preview:large, max-video-preview:-1\" \/>\n<link rel=\"canonical\" href=\"https:\/\/koningdrone.be\/es\/producto\/dji-neo-2-two-way-charging-hub\/\" \/>\n<meta property=\"og:locale\" content=\"es_ES\" \/>\n<meta property=\"og:type\" content=\"article\" \/>\n<meta property=\"og:title\" content=\"DJI Neo 2 Two-Way Charging Hub\" \/>\n<meta property=\"og:description\" content=\"Laadt tot drie DJI Neo 2 intelligente vliegbatterijen tegelijk op met de juiste oplader.  Werkt als een powerbank, zodat u telefoons of brillen kunt opladen met de opgeslagen batterijcapaciteit.  Brede ondersteuning voor ingangsspanning (5 V tot 20 V) voor compatibiliteit met veel USB-C-adapters.  Compact en lichtgewicht ontwerp, zodat u uw drone-apparatuur gemakkelijk mee kunt nemen op reis.  Compatibel met het offici\u00eble DJI-oplaadecosysteem, inclusief opladers met een hoog wattage.\" \/>\n<meta property=\"og:url\" content=\"https:\/\/koningdrone.be\/es\/producto\/dji-neo-2-two-way-charging-hub\/\" \/>\n<meta property=\"og:site_name\" content=\"koningdrone.be\" \/>\n<meta property=\"article:modified_time\" content=\"2026-05-02T12:41:00+00:00\" \/>\n<meta property=\"og:image\" content=\"https:\/\/koningdrone.be\/wp-content\/uploads\/sites\/13\/2026\/03\/DJI-Charging-Hub-Neo-2-Two-Way.webp\" \/>\n\t<meta property=\"og:image:width\" content=\"2048\" \/>\n\t<meta property=\"og:image:height\" content=\"2048\" \/>\n\t<meta property=\"og:image:type\" content=\"image\/webp\" \/>\n<meta name=\"twitter:card\" content=\"summary_large_image\" \/>\n<meta name=\"twitter:label1\" content=\"Tiempo de lectura\" \/>\n\t<meta name=\"twitter:data1\" content=\"1 minuto\" \/>\n<script type=\"application\/ld+json\" class=\"yoast-schema-graph\">{\"@context\":\"https:\/\/schema.org\",\"@graph\":[{\"@type\":\"WebPage\",\"@id\":\"https:\/\/koningdrone.be\/product\/dji-neo-2-two-way-charging-hub\/\",\"url\":\"https:\/\/koningdrone.be\/product\/dji-neo-2-two-way-charging-hub\/\",\"name\":\"DJI Neo 2 Two-Way Charging Hub - koningdrone.be\",\"isPartOf\":{\"@id\":\"https:\/\/koningdrone.be\/#website\"},\"primaryImageOfPage\":{\"@id\":\"https:\/\/koningdrone.be\/product\/dji-neo-2-two-way-charging-hub\/#primaryimage\"},\"image\":{\"@id\":\"https:\/\/koningdrone.be\/product\/dji-neo-2-two-way-charging-hub\/#primaryimage\"},\"thumbnailUrl\":\"https:\/\/koningdrone.be\/wp-content\/uploads\/sites\/13\/2026\/03\/DJI-Charging-Hub-Neo-2-Two-Way.webp\",\"datePublished\":\"2026-03-07T12:30:36+00:00\",\"dateModified\":\"2026-05-02T12:41:00+00:00\",\"breadcrumb\":{\"@id\":\"https:\/\/koningdrone.be\/product\/dji-neo-2-two-way-charging-hub\/#breadcrumb\"},\"inLanguage\":\"es\",\"potentialAction\":[{\"@type\":\"ReadAction\",\"target\":[\"https:\/\/koningdrone.be\/product\/dji-neo-2-two-way-charging-hub\/\"]}]},{\"@type\":\"ImageObject\",\"inLanguage\":\"es\",\"@id\":\"https:\/\/koningdrone.be\/product\/dji-neo-2-two-way-charging-hub\/#primaryimage\",\"url\":\"https:\/\/koningdrone.be\/wp-content\/uploads\/sites\/13\/2026\/03\/DJI-Charging-Hub-Neo-2-Two-Way.webp\",\"contentUrl\":\"https:\/\/koningdrone.be\/wp-content\/uploads\/sites\/13\/2026\/03\/DJI-Charging-Hub-Neo-2-Two-Way.webp\",\"width\":2048,\"height\":2048},{\"@type\":\"BreadcrumbList\",\"@id\":\"https:\/\/koningdrone.be\/product\/dji-neo-2-two-way-charging-hub\/#breadcrumb\",\"itemListElement\":[{\"@type\":\"ListItem\",\"position\":1,\"name\":\"Home\",\"item\":\"https:\/\/koningdrone.be\/\"},{\"@type\":\"ListItem\",\"position\":2,\"name\":\"AVSS Parachute Recovery System for DJI Matrice 300\/350\",\"item\":\"https:\/\/koningdrone.be\/product\/avss-parachute-recovery-system-for-dji-matrice-300-350\/\"},{\"@type\":\"ListItem\",\"position\":3,\"name\":\"DJI Neo 2\",\"item\":\"https:\/\/koningdrone.be\/categorie\/dji-neo-2\/\"},{\"@type\":\"ListItem\",\"position\":4,\"name\":\"DJI Neo 2 Two-Way Charging Hub\"}]},{\"@type\":\"WebSite\",\"@id\":\"https:\/\/koningdrone.be\/#website\",\"url\":\"https:\/\/koningdrone.be\/\",\"name\":\"Koningdrone.be - Uw online specialist in drones, gimbals, camera's en power stations.\",\"description\":\"De webshop in drones en gimbals\",\"publisher\":{\"@id\":\"https:\/\/koningdrone.be\/#organization\"},\"potentialAction\":[{\"@type\":\"SearchAction\",\"target\":{\"@type\":\"EntryPoint\",\"urlTemplate\":\"https:\/\/koningdrone.be\/?s={search_term_string}\"},\"query-input\":{\"@type\":\"PropertyValueSpecification\",\"valueRequired\":true,\"valueName\":\"search_term_string\"}}],\"inLanguage\":\"es\"},{\"@type\":\"Organization\",\"@id\":\"https:\/\/koningdrone.be\/#organization\",\"name\":\"Koningdrone.be\",\"url\":\"https:\/\/koningdrone.be\/\",\"logo\":{\"@type\":\"ImageObject\",\"inLanguage\":\"es\",\"@id\":\"https:\/\/koningdrone.be\/#\/schema\/logo\/image\/\",\"url\":\"https:\/\/koningdrone.be\/wp-content\/uploads\/sites\/13\/2025\/04\/koningdrone-copyright-logo.svg\",\"contentUrl\":\"https:\/\/koningdrone.be\/wp-content\/uploads\/sites\/13\/2025\/04\/koningdrone-copyright-logo.svg\",\"width\":227,\"height\":38,\"caption\":\"Koningdrone.be\"},\"image\":{\"@id\":\"https:\/\/koningdrone.be\/#\/schema\/logo\/image\/\"}}]}<\/script>\n<!-- \/ Yoast SEO Premium plugin. -->","yoast_head_json":{"title":"DJI Neo 2 Two-Way Charging Hub - koningdrone.be","robots":{"index":"index","follow":"follow","max-snippet":"max-snippet:-1","max-image-preview":"max-image-preview:large","max-video-preview":"max-video-preview:-1"},"canonical":"https:\/\/koningdrone.be\/es\/producto\/dji-neo-2-two-way-charging-hub\/","og_locale":"es_ES","og_type":"article","og_title":"DJI Neo 2 Two-Way Charging Hub","og_description":"Laadt tot drie DJI Neo 2 intelligente vliegbatterijen tegelijk op met de juiste oplader.  Werkt als een powerbank, zodat u telefoons of brillen kunt opladen met de opgeslagen batterijcapaciteit.  Brede ondersteuning voor ingangsspanning (5 V tot 20 V) voor compatibiliteit met veel USB-C-adapters.  Compact en lichtgewicht ontwerp, zodat u uw drone-apparatuur gemakkelijk mee kunt nemen op reis.  Compatibel met het offici\u00eble DJI-oplaadecosysteem, inclusief opladers met een hoog wattage.","og_url":"https:\/\/koningdrone.be\/es\/producto\/dji-neo-2-two-way-charging-hub\/","og_site_name":"koningdrone.be","article_modified_time":"2026-05-02T12:41:00+00:00","og_image":[{"width":2048,"height":2048,"url":"https:\/\/koningdrone.be\/wp-content\/uploads\/sites\/13\/2026\/03\/DJI-Charging-Hub-Neo-2-Two-Way.webp","type":"image\/webp"}],"twitter_card":"summary_large_image","twitter_misc":{"Tiempo de lectura":"1 minuto"},"schema":{"@context":"https:\/\/schema.org","@graph":[{"@type":"WebPage","@id":"https:\/\/koningdrone.be\/product\/dji-neo-2-two-way-charging-hub\/","url":"https:\/\/koningdrone.be\/product\/dji-neo-2-two-way-charging-hub\/","name":"DJI Neo 2 Two-Way Charging Hub - koningdrone.be","isPartOf":{"@id":"https:\/\/koningdrone.be\/#website"},"primaryImageOfPage":{"@id":"https:\/\/koningdrone.be\/product\/dji-neo-2-two-way-charging-hub\/#primaryimage"},"image":{"@id":"https:\/\/koningdrone.be\/product\/dji-neo-2-two-way-charging-hub\/#primaryimage"},"thumbnailUrl":"https:\/\/koningdrone.be\/wp-content\/uploads\/sites\/13\/2026\/03\/DJI-Charging-Hub-Neo-2-Two-Way.webp","datePublished":"2026-03-07T12:30:36+00:00","dateModified":"2026-05-02T12:41:00+00:00","breadcrumb":{"@id":"https:\/\/koningdrone.be\/product\/dji-neo-2-two-way-charging-hub\/#breadcrumb"},"inLanguage":"es","potentialAction":[{"@type":"ReadAction","target":["https:\/\/koningdrone.be\/product\/dji-neo-2-two-way-charging-hub\/"]}]},{"@type":"ImageObject","inLanguage":"es","@id":"https:\/\/koningdrone.be\/product\/dji-neo-2-two-way-charging-hub\/#primaryimage","url":"https:\/\/koningdrone.be\/wp-content\/uploads\/sites\/13\/2026\/03\/DJI-Charging-Hub-Neo-2-Two-Way.webp","contentUrl":"https:\/\/koningdrone.be\/wp-content\/uploads\/sites\/13\/2026\/03\/DJI-Charging-Hub-Neo-2-Two-Way.webp","width":2048,"height":2048},{"@type":"BreadcrumbList","@id":"https:\/\/koningdrone.be\/product\/dji-neo-2-two-way-charging-hub\/#breadcrumb","itemListElement":[{"@type":"ListItem","position":1,"name":"Home","item":"https:\/\/koningdrone.be\/"},{"@type":"ListItem","position":2,"name":"AVSS Parachute Recovery System for DJI Matrice 300\/350","item":"https:\/\/koningdrone.be\/product\/avss-parachute-recovery-system-for-dji-matrice-300-350\/"},{"@type":"ListItem","position":3,"name":"DJI Neo 2","item":"https:\/\/koningdrone.be\/categorie\/dji-neo-2\/"},{"@type":"ListItem","position":4,"name":"DJI Neo 2 Two-Way Charging Hub"}]},{"@type":"WebSite","@id":"https:\/\/koningdrone.be\/#website","url":"https:\/\/koningdrone.be\/","name":"Koningdrone.be - Su especialista en l\u00ednea en drones, cardanes, c\u00e1maras y centrales el\u00e9ctricas.","description":"La tienda virtual de drones y cardanes","publisher":{"@id":"https:\/\/koningdrone.be\/#organization"},"potentialAction":[{"@type":"SearchAction","target":{"@type":"EntryPoint","urlTemplate":"https:\/\/koningdrone.be\/?s={search_term_string}"},"query-input":{"@type":"PropertyValueSpecification","valueRequired":true,"valueName":"search_term_string"}}],"inLanguage":"es"},{"@type":"Organization","@id":"https:\/\/koningdrone.be\/#organization","name":"Kingdrone.es","url":"https:\/\/koningdrone.be\/","logo":{"@type":"ImageObject","inLanguage":"es","@id":"https:\/\/koningdrone.be\/#\/schema\/logo\/image\/","url":"https:\/\/koningdrone.be\/wp-content\/uploads\/sites\/13\/2025\/04\/koningdrone-copyright-logo.svg","contentUrl":"https:\/\/koningdrone.be\/wp-content\/uploads\/sites\/13\/2025\/04\/koningdrone-copyright-logo.svg","width":227,"height":38,"caption":"Koningdrone.be"},"image":{"@id":"https:\/\/koningdrone.be\/#\/schema\/logo\/image\/"}}]}},"df_price":35,"df_sale_price":"","df_regular_price":35,"df_image_link":"https:\/\/koningdrone.be\/wp-content\/uploads\/sites\/13\/2026\/03\/DJI-Charging-Hub-Neo-2-Two-Way-300x300.webp","_links":{"self":[{"href":"https:\/\/koningdrone.be\/es\/wp-json\/wp\/v2\/product\/16801","targetHints":{"allow":["GET"]}}],"collection":[{"href":"https:\/\/koningdrone.be\/es\/wp-json\/wp\/v2\/product"}],"about":[{"href":"https:\/\/koningdrone.be\/es\/wp-json\/wp\/v2\/types\/product"}],"wp:featuredmedia":[{"embeddable":true,"href":"https:\/\/koningdrone.be\/es\/wp-json\/wp\/v2\/media\/16797"}],"wp:attachment":[{"href":"https:\/\/koningdrone.be\/es\/wp-json\/wp\/v2\/media?parent=16801"}],"wp:term":[{"taxonomy":"product_brand","embeddable":true,"href":"https:\/\/koningdrone.be\/es\/wp-json\/wp\/v2\/product_brand?post=16801"},{"taxonomy":"product_cat","embeddable":true,"href":"https:\/\/koningdrone.be\/es\/wp-json\/wp\/v2\/product_cat?post=16801"},{"taxonomy":"product_tag","embeddable":true,"href":"https:\/\/koningdrone.be\/es\/wp-json\/wp\/v2\/product_tag?post=16801"}],"curies":[{"name":"wp","href":"https:\/\/api.w.org\/{rel}","templated":true}]}}