{"id":16774,"date":"2026-04-14T16:46:32","date_gmt":"2026-04-14T14:46:32","guid":{"rendered":"https:\/\/koningdrone.be\/?post_type=product&#038;p=16774"},"modified":"2026-04-29T03:50:38","modified_gmt":"2026-04-29T01:50:38","slug":"dji-osmo-action-5-pro-street-photography-grip-accessory-kit","status":"publish","type":"product","link":"https:\/\/koningdrone.be\/es\/producto\/dji-osmo-action-5-pro-street-photography-grip-accessory-kit\/","title":{"rendered":"DJI Osmo Action 5 Pro Kit de accesorios de agarre para fotograf\u00eda de calle"},"content":{"rendered":"<h3>DJI Osmo Action 5 Pro Kit de accesorios de agarre para fotograf\u00eda de calle<\/h3>\n<p>El kit de accesorios de agarre para fotograf\u00eda callejera DJI Osmo Action 5 Pro es un kit de accesorios oficial que transforma tu DJI Osmo Action 5 Pro en una configuraci\u00f3n de agarre c\u00f3moda y vers\u00e1til para fotograf\u00eda callejera, vlogging y uso diario. El kit combina un dise\u00f1o ergon\u00f3mico con opciones de fijaci\u00f3n adicionales, lo que te permite grabar o hacer fotos durante m\u00e1s tiempo y de forma m\u00e1s c\u00f3moda mientras te desplazas.<\/p>\n<p style=\"text-align: center\"><a href=\"https:\/\/koningdrone.nl\/wp-content\/uploads\/2026\/03\/Osmo-Action-5-Pro-Street-Photography-Grip-Accessory.webp\"><img loading=\"lazy\" decoding=\"async\" class=\"alignnone size-medium wp-image-466357\" src=\"https:\/\/koningdrone.nl\/wp-content\/uploads\/2026\/03\/Osmo-Action-5-Pro-Street-Photography-Grip-Accessory-300x300.webp\" alt=\"Osmo Action 5 Pro Street Photography Grip Accessory\" width=\"300\" height=\"300\" \/><\/a><\/p>\n<h4>Rendimiento y funcionalidad<\/h4>\n<p>Este kit mejora la estabilidad de sus grabaciones de mano gracias a un asa que resulta c\u00f3moda de sujetar y reduce las vibraciones. Adem\u00e1s, puedes acoplar f\u00e1cilmente diversos accesorios, como micr\u00f3fonos o luces, gracias a la estructura de marco extensible. Esto le proporciona un mayor control creativo a la hora de hacer fotograf\u00eda callejera o crear contenidos en diversos entornos.<\/p>\n<h4>Calidad de construcci\u00f3n y dise\u00f1o<\/h4>\n<p>Los accesorios de este kit est\u00e1n fabricados con materiales duraderos aptos para el uso diario. El Marco Utilitario protege la c\u00e1mara mientras los botones y los puertos permanecen libremente accesibles, y la Empu\u00f1adura para Fotograf\u00eda de Calle est\u00e1 dise\u00f1ada para manejarse c\u00f3modamente con una sola mano. Su construcci\u00f3n compacta hace que el kit sea lo suficientemente ligero como para llevarlo de viaje y utilizarlo en sesiones fotogr\u00e1ficas largas.<\/p>\n<p style=\"text-align: center\"><a href=\"https:\/\/koningdrone.nl\/wp-content\/uploads\/2026\/03\/DJI-Action-5-Pro-Street-Photography-Grip-Accessory.webp\"><img loading=\"lazy\" decoding=\"async\" class=\"alignnone size-medium wp-image-466358\" src=\"https:\/\/koningdrone.nl\/wp-content\/uploads\/2026\/03\/DJI-Action-5-Pro-Street-Photography-Grip-Accessory-300x300.webp\" alt=\"DJI Action 5 Pro Street Photography Grip Accessory\" width=\"300\" height=\"300\" \/><\/a><\/p>\n<h4>Por qu\u00e9 lo necesita<\/h4>\n<p>Si sales a menudo con tu Osmo Action 5 Pro para capturar fotos callejeras, v\u00eddeos o contenido cotidiano, este kit de agarre te ofrece comodidad, control y flexibilidad adicionales. La combinaci\u00f3n de estabilidad, accesorios y dise\u00f1o ergon\u00f3mico facilita la captura de tomas de calidad sin fatiga ni complicaciones.<\/p>","protected":false},"excerpt":{"rendered":"<ul>\n<li>Transforma tu Osmo Action 5 Pro en un soporte de c\u00e1mara de mano m\u00e1s c\u00f3modo.<\/li>\n<li>El pr\u00e1ctico marco protege la c\u00e1mara y facilita el acceso a los botones y puertos.<\/li>\n<li>La cubierta lateral de extracci\u00f3n r\u00e1pida le permite ajustar las cosas con mayor rapidez.<\/li>\n<li>La empu\u00f1adura para fotograf\u00eda callejera proporciona m\u00e1s estabilidad y menos vibraciones.<\/li>\n<li>La correa para la mu\u00f1eca evita que la c\u00e1mara se caiga accidentalmente.<\/li>\n<\/ul>","protected":false},"featured_media":16772,"template":"","meta":{"_acf_changed":false},"product_brand":[],"product_cat":[297],"product_tag":[],"class_list":{"0":"post-16774","1":"product","2":"type-product","3":"status-publish","4":"has-post-thumbnail","6":"product_cat-dji-osmo","7":"product_shipping_class-acsystemsall","8":"pa_brand-dji","9":"pa_productfamily-action","10":"pa_producttype-grip","11":"pa_series-osmo","13":"first","14":"instock","15":"taxable","16":"shipping-taxable","17":"purchasable","18":"product-type-simple"},"acf":[],"yoast_head":"<!-- This site is optimized with the Yoast SEO Premium plugin v27.2 (Yoast SEO v27.2) - https:\/\/yoast.com\/product\/yoast-seo-premium-wordpress\/ -->\n<title>DJI Osmo Action 5 Pro Street Photography Grip Accessory Kit - koningdrone.be<\/title>\n<meta name=\"robots\" content=\"index, follow, max-snippet:-1, max-image-preview:large, max-video-preview:-1\" \/>\n<link rel=\"canonical\" href=\"https:\/\/koningdrone.be\/es\/producto\/dji-osmo-action-5-pro-street-photography-grip-accessory-kit\/\" \/>\n<meta property=\"og:locale\" content=\"es_ES\" \/>\n<meta property=\"og:type\" content=\"article\" \/>\n<meta property=\"og:title\" content=\"DJI Osmo Action 5 Pro Street Photography Grip Accessory Kit\" \/>\n<meta property=\"og:description\" content=\"Verandert je Osmo Action 5 Pro in een comfortabelere handheld camerastandaard.  Het handige frame beschermt je camera en houdt de knoppen en poorten makkelijk bereikbaar.  Dankzij de snel te verwijderen zijklep kun je sneller dingen aanpassen.  De handgreep voor straatfotografie zorgt voor meer stabiliteit en minder trillingen.  Het polskoord helpt om te voorkomen dat je je camera per ongeluk laat vallen.\" \/>\n<meta property=\"og:url\" content=\"https:\/\/koningdrone.be\/es\/producto\/dji-osmo-action-5-pro-street-photography-grip-accessory-kit\/\" \/>\n<meta property=\"og:site_name\" content=\"koningdrone.be\" \/>\n<meta property=\"article:modified_time\" content=\"2026-04-29T01:50:38+00:00\" \/>\n<meta property=\"og:image\" content=\"https:\/\/koningdrone.be\/wp-content\/uploads\/sites\/13\/2026\/03\/DJI-Action-5-Pro-Street-Photography-Grip-Accessory-Kit.webp\" \/>\n\t<meta property=\"og:image:width\" content=\"2048\" \/>\n\t<meta property=\"og:image:height\" content=\"2048\" \/>\n\t<meta property=\"og:image:type\" content=\"image\/webp\" \/>\n<meta name=\"twitter:card\" content=\"summary_large_image\" \/>\n<meta name=\"twitter:label1\" content=\"Tiempo de lectura\" \/>\n\t<meta name=\"twitter:data1\" content=\"1 minuto\" \/>\n<script type=\"application\/ld+json\" class=\"yoast-schema-graph\">{\"@context\":\"https:\/\/schema.org\",\"@graph\":[{\"@type\":\"WebPage\",\"@id\":\"https:\/\/koningdrone.be\/product\/dji-osmo-action-5-pro-street-photography-grip-accessory-kit\/\",\"url\":\"https:\/\/koningdrone.be\/product\/dji-osmo-action-5-pro-street-photography-grip-accessory-kit\/\",\"name\":\"DJI Osmo Action 5 Pro Street Photography Grip Accessory Kit - koningdrone.be\",\"isPartOf\":{\"@id\":\"https:\/\/koningdrone.be\/#website\"},\"primaryImageOfPage\":{\"@id\":\"https:\/\/koningdrone.be\/product\/dji-osmo-action-5-pro-street-photography-grip-accessory-kit\/#primaryimage\"},\"image\":{\"@id\":\"https:\/\/koningdrone.be\/product\/dji-osmo-action-5-pro-street-photography-grip-accessory-kit\/#primaryimage\"},\"thumbnailUrl\":\"https:\/\/koningdrone.be\/wp-content\/uploads\/sites\/13\/2026\/03\/DJI-Action-5-Pro-Street-Photography-Grip-Accessory-Kit.webp\",\"datePublished\":\"2026-04-14T14:46:32+00:00\",\"dateModified\":\"2026-04-29T01:50:38+00:00\",\"breadcrumb\":{\"@id\":\"https:\/\/koningdrone.be\/product\/dji-osmo-action-5-pro-street-photography-grip-accessory-kit\/#breadcrumb\"},\"inLanguage\":\"es\",\"potentialAction\":[{\"@type\":\"ReadAction\",\"target\":[\"https:\/\/koningdrone.be\/product\/dji-osmo-action-5-pro-street-photography-grip-accessory-kit\/\"]}]},{\"@type\":\"ImageObject\",\"inLanguage\":\"es\",\"@id\":\"https:\/\/koningdrone.be\/product\/dji-osmo-action-5-pro-street-photography-grip-accessory-kit\/#primaryimage\",\"url\":\"https:\/\/koningdrone.be\/wp-content\/uploads\/sites\/13\/2026\/03\/DJI-Action-5-Pro-Street-Photography-Grip-Accessory-Kit.webp\",\"contentUrl\":\"https:\/\/koningdrone.be\/wp-content\/uploads\/sites\/13\/2026\/03\/DJI-Action-5-Pro-Street-Photography-Grip-Accessory-Kit.webp\",\"width\":2048,\"height\":2048},{\"@type\":\"BreadcrumbList\",\"@id\":\"https:\/\/koningdrone.be\/product\/dji-osmo-action-5-pro-street-photography-grip-accessory-kit\/#breadcrumb\",\"itemListElement\":[{\"@type\":\"ListItem\",\"position\":1,\"name\":\"Home\",\"item\":\"https:\/\/koningdrone.be\/\"},{\"@type\":\"ListItem\",\"position\":2,\"name\":\"AVSS Parachute Recovery System for DJI Matrice 300\/350\",\"item\":\"https:\/\/koningdrone.be\/product\/avss-parachute-recovery-system-for-dji-matrice-300-350\/\"},{\"@type\":\"ListItem\",\"position\":3,\"name\":\"DJI Osmo\",\"item\":\"https:\/\/koningdrone.be\/categorie\/dji-osmo\/\"},{\"@type\":\"ListItem\",\"position\":4,\"name\":\"DJI Osmo Action 5 Pro Street Photography Grip Accessory Kit\"}]},{\"@type\":\"WebSite\",\"@id\":\"https:\/\/koningdrone.be\/#website\",\"url\":\"https:\/\/koningdrone.be\/\",\"name\":\"Koningdrone.be - Uw online specialist in drones, gimbals, camera's en power stations.\",\"description\":\"De webshop in drones en gimbals\",\"publisher\":{\"@id\":\"https:\/\/koningdrone.be\/#organization\"},\"potentialAction\":[{\"@type\":\"SearchAction\",\"target\":{\"@type\":\"EntryPoint\",\"urlTemplate\":\"https:\/\/koningdrone.be\/?s={search_term_string}\"},\"query-input\":{\"@type\":\"PropertyValueSpecification\",\"valueRequired\":true,\"valueName\":\"search_term_string\"}}],\"inLanguage\":\"es\"},{\"@type\":\"Organization\",\"@id\":\"https:\/\/koningdrone.be\/#organization\",\"name\":\"Koningdrone.be\",\"url\":\"https:\/\/koningdrone.be\/\",\"logo\":{\"@type\":\"ImageObject\",\"inLanguage\":\"es\",\"@id\":\"https:\/\/koningdrone.be\/#\/schema\/logo\/image\/\",\"url\":\"https:\/\/koningdrone.be\/wp-content\/uploads\/sites\/13\/2025\/04\/koningdrone-copyright-logo.svg\",\"contentUrl\":\"https:\/\/koningdrone.be\/wp-content\/uploads\/sites\/13\/2025\/04\/koningdrone-copyright-logo.svg\",\"width\":227,\"height\":38,\"caption\":\"Koningdrone.be\"},\"image\":{\"@id\":\"https:\/\/koningdrone.be\/#\/schema\/logo\/image\/\"}}]}<\/script>\n<!-- \/ Yoast SEO Premium plugin. -->","yoast_head_json":{"title":"DJI Osmo Action 5 Pro Street Photography Grip Accessory Kit - koningdrone.be","robots":{"index":"index","follow":"follow","max-snippet":"max-snippet:-1","max-image-preview":"max-image-preview:large","max-video-preview":"max-video-preview:-1"},"canonical":"https:\/\/koningdrone.be\/es\/producto\/dji-osmo-action-5-pro-street-photography-grip-accessory-kit\/","og_locale":"es_ES","og_type":"article","og_title":"DJI Osmo Action 5 Pro Street Photography Grip Accessory Kit","og_description":"Verandert je Osmo Action 5 Pro in een comfortabelere handheld camerastandaard.  Het handige frame beschermt je camera en houdt de knoppen en poorten makkelijk bereikbaar.  Dankzij de snel te verwijderen zijklep kun je sneller dingen aanpassen.  De handgreep voor straatfotografie zorgt voor meer stabiliteit en minder trillingen.  Het polskoord helpt om te voorkomen dat je je camera per ongeluk laat vallen.","og_url":"https:\/\/koningdrone.be\/es\/producto\/dji-osmo-action-5-pro-street-photography-grip-accessory-kit\/","og_site_name":"koningdrone.be","article_modified_time":"2026-04-29T01:50:38+00:00","og_image":[{"width":2048,"height":2048,"url":"https:\/\/koningdrone.be\/wp-content\/uploads\/sites\/13\/2026\/03\/DJI-Action-5-Pro-Street-Photography-Grip-Accessory-Kit.webp","type":"image\/webp"}],"twitter_card":"summary_large_image","twitter_misc":{"Tiempo de lectura":"1 minuto"},"schema":{"@context":"https:\/\/schema.org","@graph":[{"@type":"WebPage","@id":"https:\/\/koningdrone.be\/product\/dji-osmo-action-5-pro-street-photography-grip-accessory-kit\/","url":"https:\/\/koningdrone.be\/product\/dji-osmo-action-5-pro-street-photography-grip-accessory-kit\/","name":"DJI Osmo Action 5 Pro Street Photography Grip Accessory Kit - koningdrone.be","isPartOf":{"@id":"https:\/\/koningdrone.be\/#website"},"primaryImageOfPage":{"@id":"https:\/\/koningdrone.be\/product\/dji-osmo-action-5-pro-street-photography-grip-accessory-kit\/#primaryimage"},"image":{"@id":"https:\/\/koningdrone.be\/product\/dji-osmo-action-5-pro-street-photography-grip-accessory-kit\/#primaryimage"},"thumbnailUrl":"https:\/\/koningdrone.be\/wp-content\/uploads\/sites\/13\/2026\/03\/DJI-Action-5-Pro-Street-Photography-Grip-Accessory-Kit.webp","datePublished":"2026-04-14T14:46:32+00:00","dateModified":"2026-04-29T01:50:38+00:00","breadcrumb":{"@id":"https:\/\/koningdrone.be\/product\/dji-osmo-action-5-pro-street-photography-grip-accessory-kit\/#breadcrumb"},"inLanguage":"es","potentialAction":[{"@type":"ReadAction","target":["https:\/\/koningdrone.be\/product\/dji-osmo-action-5-pro-street-photography-grip-accessory-kit\/"]}]},{"@type":"ImageObject","inLanguage":"es","@id":"https:\/\/koningdrone.be\/product\/dji-osmo-action-5-pro-street-photography-grip-accessory-kit\/#primaryimage","url":"https:\/\/koningdrone.be\/wp-content\/uploads\/sites\/13\/2026\/03\/DJI-Action-5-Pro-Street-Photography-Grip-Accessory-Kit.webp","contentUrl":"https:\/\/koningdrone.be\/wp-content\/uploads\/sites\/13\/2026\/03\/DJI-Action-5-Pro-Street-Photography-Grip-Accessory-Kit.webp","width":2048,"height":2048},{"@type":"BreadcrumbList","@id":"https:\/\/koningdrone.be\/product\/dji-osmo-action-5-pro-street-photography-grip-accessory-kit\/#breadcrumb","itemListElement":[{"@type":"ListItem","position":1,"name":"Home","item":"https:\/\/koningdrone.be\/"},{"@type":"ListItem","position":2,"name":"AVSS Parachute Recovery System for DJI Matrice 300\/350","item":"https:\/\/koningdrone.be\/product\/avss-parachute-recovery-system-for-dji-matrice-300-350\/"},{"@type":"ListItem","position":3,"name":"DJI Osmo","item":"https:\/\/koningdrone.be\/categorie\/dji-osmo\/"},{"@type":"ListItem","position":4,"name":"DJI Osmo Action 5 Pro Street Photography Grip Accessory Kit"}]},{"@type":"WebSite","@id":"https:\/\/koningdrone.be\/#website","url":"https:\/\/koningdrone.be\/","name":"Koningdrone.be - Su especialista en l\u00ednea en drones, cardanes, c\u00e1maras y centrales el\u00e9ctricas.","description":"La tienda virtual de drones y cardanes","publisher":{"@id":"https:\/\/koningdrone.be\/#organization"},"potentialAction":[{"@type":"SearchAction","target":{"@type":"EntryPoint","urlTemplate":"https:\/\/koningdrone.be\/?s={search_term_string}"},"query-input":{"@type":"PropertyValueSpecification","valueRequired":true,"valueName":"search_term_string"}}],"inLanguage":"es"},{"@type":"Organization","@id":"https:\/\/koningdrone.be\/#organization","name":"Kingdrone.es","url":"https:\/\/koningdrone.be\/","logo":{"@type":"ImageObject","inLanguage":"es","@id":"https:\/\/koningdrone.be\/#\/schema\/logo\/image\/","url":"https:\/\/koningdrone.be\/wp-content\/uploads\/sites\/13\/2025\/04\/koningdrone-copyright-logo.svg","contentUrl":"https:\/\/koningdrone.be\/wp-content\/uploads\/sites\/13\/2025\/04\/koningdrone-copyright-logo.svg","width":227,"height":38,"caption":"Koningdrone.be"},"image":{"@id":"https:\/\/koningdrone.be\/#\/schema\/logo\/image\/"}}]}},"df_price":51,"df_sale_price":"","df_regular_price":51,"df_image_link":"https:\/\/koningdrone.be\/wp-content\/uploads\/sites\/13\/2026\/03\/DJI-Action-5-Pro-Street-Photography-Grip-Accessory-Kit-300x300.webp","_links":{"self":[{"href":"https:\/\/koningdrone.be\/es\/wp-json\/wp\/v2\/product\/16774","targetHints":{"allow":["GET"]}}],"collection":[{"href":"https:\/\/koningdrone.be\/es\/wp-json\/wp\/v2\/product"}],"about":[{"href":"https:\/\/koningdrone.be\/es\/wp-json\/wp\/v2\/types\/product"}],"wp:featuredmedia":[{"embeddable":true,"href":"https:\/\/koningdrone.be\/es\/wp-json\/wp\/v2\/media\/16772"}],"wp:attachment":[{"href":"https:\/\/koningdrone.be\/es\/wp-json\/wp\/v2\/media?parent=16774"}],"wp:term":[{"taxonomy":"product_brand","embeddable":true,"href":"https:\/\/koningdrone.be\/es\/wp-json\/wp\/v2\/product_brand?post=16774"},{"taxonomy":"product_cat","embeddable":true,"href":"https:\/\/koningdrone.be\/es\/wp-json\/wp\/v2\/product_cat?post=16774"},{"taxonomy":"product_tag","embeddable":true,"href":"https:\/\/koningdrone.be\/es\/wp-json\/wp\/v2\/product_tag?post=16774"}],"curies":[{"name":"wp","href":"https:\/\/api.w.org\/{rel}","templated":true}]}}