{"id":1677,"date":"2024-12-04T12:13:14","date_gmt":"2024-12-04T11:13:14","guid":{"rendered":"https:\/\/koningdrone.nl\/kon\/product\/dji-goggles-n3\/"},"modified":"2026-04-29T15:20:15","modified_gmt":"2026-04-29T13:20:15","slug":"dji-goggles-n3","status":"publish","type":"product","link":"https:\/\/koningdrone.be\/es\/producto\/dji-goggles-n3\/","title":{"rendered":"DJI Goggles N3 - Reacondicionadas"},"content":{"rendered":"<p>Las DJI Goggles N3 son unas gafas inmersivas de alta definici\u00f3n dise\u00f1adas para disfrutar de una experiencia FPV (visi\u00f3n en primera persona) perfecta con los drones DJI. Equipadas con dos pantallas HD, transmisi\u00f3n de v\u00eddeo de baja latencia y un ajuste c\u00f3modo y ajustable, estas gafas ofrecen a los pilotos una visi\u00f3n gran angular en tiempo real para mejorar la precisi\u00f3n de vuelo. Ideales tanto para aficionados como para profesionales, las DJI Goggles N3 ofrecen una experiencia de vuelo rica y sensible, con controles avanzados y compatibilidad con m\u00faltiples modelos de drones DJI, lo que las convierte en la mejor opci\u00f3n para la exploraci\u00f3n y la fotograf\u00eda a\u00e9reas inmersivas.<\/p>\n<h4>Acerca de los productos reacondicionados<\/h4>\n<p><em><strong>Este producto ha sido utilizado, pero est\u00e1 en muy buen estado o como nuevo. Se devolvi\u00f3 en un plazo de 14 d\u00edas y s\u00f3lo se utiliz\u00f3 brevemente. El estado general es casi como nuevo.<\/strong><\/em><\/p>","protected":false},"excerpt":{"rendered":"<ul>\n<li>Ofrece una experiencia FPV envolvente para un vuelo en dron m\u00e1s atractivo.<\/li>\n<li>Equipadas con pantallas de alta definici\u00f3n para obtener im\u00e1genes n\u00edtidas.<\/li>\n<li>Dise\u00f1ado con un ajuste c\u00f3modo para un uso prolongado.<\/li>\n<li>Con transmisi\u00f3n de v\u00eddeo de baja latencia para una reproducci\u00f3n fluida y en tiempo real.<\/li>\n<li>Compatible con varios drones DJI para un uso vers\u00e1til.<\/li>\n<\/ul>","protected":false},"featured_media":1671,"template":"","meta":{"_acf_changed":false},"product_brand":[],"product_cat":[97,261,202,139],"product_tag":[],"class_list":{"0":"post-1677","1":"product","2":"type-product","3":"status-publish","4":"has-post-thumbnail","6":"product_cat-alle-producten","7":"product_cat-dji-avata","8":"product_cat-dji-neo","9":"product_cat-refurbished","10":"product_shipping_class-outofstock","11":"pa_brand-dji","12":"pa_producttype-stofbril","13":"pa_series-goggles","15":"first","16":"outofstock","17":"taxable","18":"shipping-taxable","19":"purchasable","20":"product-type-simple"},"acf":[],"yoast_head":"<!-- This site is optimized with the Yoast SEO Premium plugin v27.2 (Yoast SEO v27.2) - https:\/\/yoast.com\/product\/yoast-seo-premium-wordpress\/ -->\n<title>DJI Goggles N3 - Refurbished - koningdrone.be<\/title>\n<meta name=\"robots\" content=\"index, follow, max-snippet:-1, max-image-preview:large, max-video-preview:-1\" \/>\n<link rel=\"canonical\" href=\"https:\/\/koningdrone.be\/es\/producto\/dji-goggles-n3\/\" \/>\n<meta property=\"og:locale\" content=\"es_ES\" \/>\n<meta property=\"og:type\" content=\"article\" \/>\n<meta property=\"og:title\" content=\"DJI Goggles N3 - Refurbished\" \/>\n<meta property=\"og:description\" content=\"Biedt een meeslepende FPV-ervaring voor een meer boeiende dronevlucht.  Uitgerust met high-definition displays voor kristalheldere beelden.  Ontworpen met een comfortabele pasvorm voor langdurig gebruik.  Met low-latency video transmissie voor vloeiende, real-time weergave.  Compatibel met meerdere DJI drones voor veelzijdig gebruik.\" \/>\n<meta property=\"og:url\" content=\"https:\/\/koningdrone.be\/es\/producto\/dji-goggles-n3\/\" \/>\n<meta property=\"og:site_name\" content=\"koningdrone.be\" \/>\n<meta property=\"article:modified_time\" content=\"2026-04-29T13:20:15+00:00\" \/>\n<meta property=\"og:image\" content=\"https:\/\/koningdrone.be\/wp-content\/uploads\/sites\/13\/2025\/04\/d378d552e37186b93c92b756d1c885f5@large.jpg\" \/>\n\t<meta property=\"og:image:width\" content=\"1200\" \/>\n\t<meta property=\"og:image:height\" content=\"800\" \/>\n\t<meta property=\"og:image:type\" content=\"image\/jpeg\" \/>\n<meta name=\"twitter:card\" content=\"summary_large_image\" \/>\n<meta name=\"twitter:label1\" content=\"Tiempo de lectura\" \/>\n\t<meta name=\"twitter:data1\" content=\"2 minutos\" \/>\n<script type=\"application\/ld+json\" class=\"yoast-schema-graph\">{\"@context\":\"https:\/\/schema.org\",\"@graph\":[{\"@type\":\"WebPage\",\"@id\":\"https:\/\/koningdrone.be\/product\/dji-goggles-n3\/\",\"url\":\"https:\/\/koningdrone.be\/product\/dji-goggles-n3\/\",\"name\":\"DJI Goggles N3 - Refurbished - koningdrone.be\",\"isPartOf\":{\"@id\":\"https:\/\/koningdrone.be\/#website\"},\"primaryImageOfPage\":{\"@id\":\"https:\/\/koningdrone.be\/product\/dji-goggles-n3\/#primaryimage\"},\"image\":{\"@id\":\"https:\/\/koningdrone.be\/product\/dji-goggles-n3\/#primaryimage\"},\"thumbnailUrl\":\"https:\/\/koningdrone.be\/wp-content\/uploads\/sites\/13\/2025\/04\/d378d552e37186b93c92b756d1c885f5@large.jpg\",\"datePublished\":\"2024-12-04T11:13:14+00:00\",\"dateModified\":\"2026-04-29T13:20:15+00:00\",\"breadcrumb\":{\"@id\":\"https:\/\/koningdrone.be\/product\/dji-goggles-n3\/#breadcrumb\"},\"inLanguage\":\"es\",\"potentialAction\":[{\"@type\":\"ReadAction\",\"target\":[\"https:\/\/koningdrone.be\/product\/dji-goggles-n3\/\"]}]},{\"@type\":\"ImageObject\",\"inLanguage\":\"es\",\"@id\":\"https:\/\/koningdrone.be\/product\/dji-goggles-n3\/#primaryimage\",\"url\":\"https:\/\/koningdrone.be\/wp-content\/uploads\/sites\/13\/2025\/04\/d378d552e37186b93c92b756d1c885f5@large.jpg\",\"contentUrl\":\"https:\/\/koningdrone.be\/wp-content\/uploads\/sites\/13\/2025\/04\/d378d552e37186b93c92b756d1c885f5@large.jpg\",\"width\":1200,\"height\":800},{\"@type\":\"BreadcrumbList\",\"@id\":\"https:\/\/koningdrone.be\/product\/dji-goggles-n3\/#breadcrumb\",\"itemListElement\":[{\"@type\":\"ListItem\",\"position\":1,\"name\":\"Home\",\"item\":\"https:\/\/koningdrone.be\/\"},{\"@type\":\"ListItem\",\"position\":2,\"name\":\"AVSS Parachute Recovery System for DJI Matrice 300\/350\",\"item\":\"https:\/\/koningdrone.be\/product\/avss-parachute-recovery-system-for-dji-matrice-300-350\/\"},{\"@type\":\"ListItem\",\"position\":3,\"name\":\"Alle producten\",\"item\":\"https:\/\/koningdrone.be\/categorie\/alle-producten\/\"},{\"@type\":\"ListItem\",\"position\":4,\"name\":\"DJI Goggles N3 &#8211; Refurbished\"}]},{\"@type\":\"WebSite\",\"@id\":\"https:\/\/koningdrone.be\/#website\",\"url\":\"https:\/\/koningdrone.be\/\",\"name\":\"Koningdrone.be - Uw online specialist in drones, gimbals, camera's en power stations.\",\"description\":\"De webshop in drones en gimbals\",\"publisher\":{\"@id\":\"https:\/\/koningdrone.be\/#organization\"},\"potentialAction\":[{\"@type\":\"SearchAction\",\"target\":{\"@type\":\"EntryPoint\",\"urlTemplate\":\"https:\/\/koningdrone.be\/?s={search_term_string}\"},\"query-input\":{\"@type\":\"PropertyValueSpecification\",\"valueRequired\":true,\"valueName\":\"search_term_string\"}}],\"inLanguage\":\"es\"},{\"@type\":\"Organization\",\"@id\":\"https:\/\/koningdrone.be\/#organization\",\"name\":\"Koningdrone.be\",\"url\":\"https:\/\/koningdrone.be\/\",\"logo\":{\"@type\":\"ImageObject\",\"inLanguage\":\"es\",\"@id\":\"https:\/\/koningdrone.be\/#\/schema\/logo\/image\/\",\"url\":\"https:\/\/koningdrone.be\/wp-content\/uploads\/sites\/13\/2025\/04\/koningdrone-copyright-logo.svg\",\"contentUrl\":\"https:\/\/koningdrone.be\/wp-content\/uploads\/sites\/13\/2025\/04\/koningdrone-copyright-logo.svg\",\"width\":227,\"height\":38,\"caption\":\"Koningdrone.be\"},\"image\":{\"@id\":\"https:\/\/koningdrone.be\/#\/schema\/logo\/image\/\"}}]}<\/script>\n<!-- \/ Yoast SEO Premium plugin. -->","yoast_head_json":{"title":"DJI Goggles N3 - Refurbished - koningdrone.be","robots":{"index":"index","follow":"follow","max-snippet":"max-snippet:-1","max-image-preview":"max-image-preview:large","max-video-preview":"max-video-preview:-1"},"canonical":"https:\/\/koningdrone.be\/es\/producto\/dji-goggles-n3\/","og_locale":"es_ES","og_type":"article","og_title":"DJI Goggles N3 - Refurbished","og_description":"Biedt een meeslepende FPV-ervaring voor een meer boeiende dronevlucht.  Uitgerust met high-definition displays voor kristalheldere beelden.  Ontworpen met een comfortabele pasvorm voor langdurig gebruik.  Met low-latency video transmissie voor vloeiende, real-time weergave.  Compatibel met meerdere DJI drones voor veelzijdig gebruik.","og_url":"https:\/\/koningdrone.be\/es\/producto\/dji-goggles-n3\/","og_site_name":"koningdrone.be","article_modified_time":"2026-04-29T13:20:15+00:00","og_image":[{"width":1200,"height":800,"url":"https:\/\/koningdrone.be\/wp-content\/uploads\/sites\/13\/2025\/04\/d378d552e37186b93c92b756d1c885f5@large.jpg","type":"image\/jpeg"}],"twitter_card":"summary_large_image","twitter_misc":{"Tiempo de lectura":"2 minutos"},"schema":{"@context":"https:\/\/schema.org","@graph":[{"@type":"WebPage","@id":"https:\/\/koningdrone.be\/product\/dji-goggles-n3\/","url":"https:\/\/koningdrone.be\/product\/dji-goggles-n3\/","name":"DJI Goggles N3 - Refurbished - koningdrone.be","isPartOf":{"@id":"https:\/\/koningdrone.be\/#website"},"primaryImageOfPage":{"@id":"https:\/\/koningdrone.be\/product\/dji-goggles-n3\/#primaryimage"},"image":{"@id":"https:\/\/koningdrone.be\/product\/dji-goggles-n3\/#primaryimage"},"thumbnailUrl":"https:\/\/koningdrone.be\/wp-content\/uploads\/sites\/13\/2025\/04\/d378d552e37186b93c92b756d1c885f5@large.jpg","datePublished":"2024-12-04T11:13:14+00:00","dateModified":"2026-04-29T13:20:15+00:00","breadcrumb":{"@id":"https:\/\/koningdrone.be\/product\/dji-goggles-n3\/#breadcrumb"},"inLanguage":"es","potentialAction":[{"@type":"ReadAction","target":["https:\/\/koningdrone.be\/product\/dji-goggles-n3\/"]}]},{"@type":"ImageObject","inLanguage":"es","@id":"https:\/\/koningdrone.be\/product\/dji-goggles-n3\/#primaryimage","url":"https:\/\/koningdrone.be\/wp-content\/uploads\/sites\/13\/2025\/04\/d378d552e37186b93c92b756d1c885f5@large.jpg","contentUrl":"https:\/\/koningdrone.be\/wp-content\/uploads\/sites\/13\/2025\/04\/d378d552e37186b93c92b756d1c885f5@large.jpg","width":1200,"height":800},{"@type":"BreadcrumbList","@id":"https:\/\/koningdrone.be\/product\/dji-goggles-n3\/#breadcrumb","itemListElement":[{"@type":"ListItem","position":1,"name":"Home","item":"https:\/\/koningdrone.be\/"},{"@type":"ListItem","position":2,"name":"AVSS Parachute Recovery System for DJI Matrice 300\/350","item":"https:\/\/koningdrone.be\/product\/avss-parachute-recovery-system-for-dji-matrice-300-350\/"},{"@type":"ListItem","position":3,"name":"Alle producten","item":"https:\/\/koningdrone.be\/categorie\/alle-producten\/"},{"@type":"ListItem","position":4,"name":"DJI Goggles N3 &#8211; Refurbished"}]},{"@type":"WebSite","@id":"https:\/\/koningdrone.be\/#website","url":"https:\/\/koningdrone.be\/","name":"Koningdrone.be - Su especialista en l\u00ednea en drones, cardanes, c\u00e1maras y centrales el\u00e9ctricas.","description":"La tienda virtual de drones y cardanes","publisher":{"@id":"https:\/\/koningdrone.be\/#organization"},"potentialAction":[{"@type":"SearchAction","target":{"@type":"EntryPoint","urlTemplate":"https:\/\/koningdrone.be\/?s={search_term_string}"},"query-input":{"@type":"PropertyValueSpecification","valueRequired":true,"valueName":"search_term_string"}}],"inLanguage":"es"},{"@type":"Organization","@id":"https:\/\/koningdrone.be\/#organization","name":"Kingdrone.es","url":"https:\/\/koningdrone.be\/","logo":{"@type":"ImageObject","inLanguage":"es","@id":"https:\/\/koningdrone.be\/#\/schema\/logo\/image\/","url":"https:\/\/koningdrone.be\/wp-content\/uploads\/sites\/13\/2025\/04\/koningdrone-copyright-logo.svg","contentUrl":"https:\/\/koningdrone.be\/wp-content\/uploads\/sites\/13\/2025\/04\/koningdrone-copyright-logo.svg","width":227,"height":38,"caption":"Koningdrone.be"},"image":{"@id":"https:\/\/koningdrone.be\/#\/schema\/logo\/image\/"}}]}},"df_price":269,"df_sale_price":"","df_regular_price":269,"df_image_link":"https:\/\/koningdrone.be\/wp-content\/uploads\/sites\/13\/2025\/04\/d378d552e37186b93c92b756d1c885f5@large-300x200.jpg","_links":{"self":[{"href":"https:\/\/koningdrone.be\/es\/wp-json\/wp\/v2\/product\/1677","targetHints":{"allow":["GET"]}}],"collection":[{"href":"https:\/\/koningdrone.be\/es\/wp-json\/wp\/v2\/product"}],"about":[{"href":"https:\/\/koningdrone.be\/es\/wp-json\/wp\/v2\/types\/product"}],"wp:featuredmedia":[{"embeddable":true,"href":"https:\/\/koningdrone.be\/es\/wp-json\/wp\/v2\/media\/1671"}],"wp:attachment":[{"href":"https:\/\/koningdrone.be\/es\/wp-json\/wp\/v2\/media?parent=1677"}],"wp:term":[{"taxonomy":"product_brand","embeddable":true,"href":"https:\/\/koningdrone.be\/es\/wp-json\/wp\/v2\/product_brand?post=1677"},{"taxonomy":"product_cat","embeddable":true,"href":"https:\/\/koningdrone.be\/es\/wp-json\/wp\/v2\/product_cat?post=1677"},{"taxonomy":"product_tag","embeddable":true,"href":"https:\/\/koningdrone.be\/es\/wp-json\/wp\/v2\/product_tag?post=1677"}],"curies":[{"name":"wp","href":"https:\/\/api.w.org\/{rel}","templated":true}]}}