{"id":16767,"date":"2026-04-14T16:46:32","date_gmt":"2026-04-14T14:46:32","guid":{"rendered":"https:\/\/koningdrone.be\/?post_type=product&#038;p=16767"},"modified":"2026-04-29T03:50:37","modified_gmt":"2026-04-29T01:50:37","slug":"dji-osmo-diving-anti-loss-lanyard","status":"publish","type":"product","link":"https:\/\/koningdrone.be\/es\/producto\/dji-osmo-diving-anti-loss-lanyard\/","title":{"rendered":"DJI Osmo Diving Anti P\u00e9rdida Lanyard"},"content":{"rendered":"<h3>DJI Osmo Diving Anti P\u00e9rdida Lanyard<\/h3>\n<p>El DJI Osmo Diving Anti Loss Lanyard es una cinta de sujeci\u00f3n especialmente dise\u00f1ada que ayuda a evitar la p\u00e9rdida de tu c\u00e1mara de acci\u00f3n durante la pr\u00e1ctica de deportes acu\u00e1ticos o actividades de buceo. Este resistente cord\u00f3n forma una conexi\u00f3n de seguridad adicional entre tu c\u00e1mara y tu equipo, lo que es especialmente importante durante el snorkel, el buceo u otras actividades sobre y bajo el agua.<\/p>\n<p style=\"text-align: center\"><a href=\"https:\/\/koningdrone.nl\/wp-content\/uploads\/2026\/03\/DJI-Osmo-Diving-Anti-Lost-Lanyard.webp\"><img loading=\"lazy\" decoding=\"async\" class=\"alignnone size-medium wp-image-466345\" src=\"https:\/\/koningdrone.nl\/wp-content\/uploads\/2026\/03\/DJI-Osmo-Diving-Anti-Lost-Lanyard-300x300.webp\" alt=\"DJI Osmo Diving Anti Lost Lanyard\" width=\"300\" height=\"300\" \/><\/a><\/p>\n<h4>Rendimiento y funcionalidad<\/h4>\n<p>El objetivo de este cord\u00f3n antip\u00e9rdida es mantener la c\u00e1mara a salvo si se le resbala de la mano o de la empu\u00f1adura durante movimientos din\u00e1micos o debido a la presi\u00f3n del agua. Puedes conectarlo a accesorios compatibles, como carcasas estancas o alargaderas, para que la c\u00e1mara permanezca sujeta a tu equipo y no se pierda sin m\u00e1s.<\/p>\n<h4>Calidad de construcci\u00f3n y dise\u00f1o<\/h4>\n<p>Fabricada con material duradero y resistente al agua salada y dulce, esta eslinga est\u00e1 dise\u00f1ada para un uso prolongado en entornos h\u00famedos. Su dise\u00f1o compacto apenas a\u00f1ade peso extra a tu configuraci\u00f3n, lo que te permite mantener la libertad de movimiento sin dejar de obtener seguridad adicional.<\/p>\n<p style=\"text-align: center\"><a href=\"https:\/\/koningdrone.nl\/wp-content\/uploads\/2026\/03\/DJI-Osmo-Diving-Lanyard.webp\"><img loading=\"lazy\" decoding=\"async\" class=\"alignnone size-medium wp-image-466344\" src=\"https:\/\/koningdrone.nl\/wp-content\/uploads\/2026\/03\/DJI-Osmo-Diving-Lanyard-300x300.webp\" alt=\"DJI Osmo Diving Lanyard\" width=\"300\" height=\"300\" \/><\/a><\/p>\n<h4>Por qu\u00e9 lo necesita<\/h4>\n<p>Cuando utilizas tu c\u00e1mara de acci\u00f3n DJI Osmo durante la pr\u00e1ctica de deportes acu\u00e1ticos, se te puede escapar f\u00e1cilmente de la mano debido a las corrientes o al movimiento. La eslinga antip\u00e9rdida DJI Osmo Diving reduce el riesgo de p\u00e9rdida y mantiene tu c\u00e1mara firmemente sujeta a tu equipo, para que puedas centrarte en capturar tus aventuras sin preocupaciones.<\/p>","protected":false},"excerpt":{"rendered":"<ul>\n<li>Proporciona protecci\u00f3n adicional para la c\u00e1mara durante las tomas bajo el agua o las actividades en movimiento.<\/li>\n<li>Compatible con cajas de buceo y cajas estancas para evitar p\u00e9rdidas accidentales.<\/li>\n<li>Fabricados con materiales duraderos y resistentes al agua, aptos para entornos h\u00famedos y salinos.<\/li>\n<li>Ligero y compacto, proporciona seguridad adicional sin impedir el movimiento.<\/li>\n<li>Accesorio oficial de DJI, dise\u00f1ado para una integraci\u00f3n perfecta con otros equipos Osmo.<\/li>\n<\/ul>","protected":false},"featured_media":16763,"template":"","meta":{"_acf_changed":false},"product_brand":[],"product_cat":[297],"product_tag":[],"class_list":{"0":"post-16767","1":"product","2":"type-product","3":"status-publish","4":"has-post-thumbnail","6":"product_cat-dji-osmo","7":"product_shipping_class-acsystemsall","8":"pa_brand-dji","9":"pa_producttype-accessoire","10":"pa_series-osmo","12":"first","13":"instock","14":"taxable","15":"shipping-taxable","16":"purchasable","17":"product-type-simple"},"acf":[],"yoast_head":"<!-- This site is optimized with the Yoast SEO Premium plugin v27.2 (Yoast SEO v27.2) - https:\/\/yoast.com\/product\/yoast-seo-premium-wordpress\/ -->\n<title>DJI Osmo Diving Anti Loss Lanyard - koningdrone.be<\/title>\n<meta name=\"robots\" content=\"index, follow, max-snippet:-1, max-image-preview:large, max-video-preview:-1\" \/>\n<link rel=\"canonical\" href=\"https:\/\/koningdrone.be\/es\/producto\/dji-osmo-diving-anti-loss-lanyard\/\" \/>\n<meta property=\"og:locale\" content=\"es_ES\" \/>\n<meta property=\"og:type\" content=\"article\" \/>\n<meta property=\"og:title\" content=\"DJI Osmo Diving Anti Loss Lanyard\" \/>\n<meta property=\"og:description\" content=\"Biedt extra bescherming voor uw camera tijdens onderwateropnames of bewegende activiteiten.  Compatibel met duikbehuizingen en waterdichte behuizingen om onbedoeld verlies te helpen voorkomen.  Gemaakt van duurzame, waterbestendige materialen die geschikt zijn voor natte en zoute omgevingen.  Lichtgewicht en compact, zodat het extra veiligheid biedt zonder bewegingen te belemmeren.  Officieel DJI-accessoire, ontworpen voor naadloze integratie met andere Osmo-apparatuur.\" \/>\n<meta property=\"og:url\" content=\"https:\/\/koningdrone.be\/es\/producto\/dji-osmo-diving-anti-loss-lanyard\/\" \/>\n<meta property=\"og:site_name\" content=\"koningdrone.be\" \/>\n<meta property=\"article:modified_time\" content=\"2026-04-29T01:50:37+00:00\" \/>\n<meta property=\"og:image\" content=\"https:\/\/koningdrone.be\/wp-content\/uploads\/sites\/13\/2026\/03\/Osmo-Diving-Lanyard.webp\" \/>\n\t<meta property=\"og:image:width\" content=\"2048\" \/>\n\t<meta property=\"og:image:height\" content=\"2048\" \/>\n\t<meta property=\"og:image:type\" content=\"image\/webp\" \/>\n<meta name=\"twitter:card\" content=\"summary_large_image\" \/>\n<meta name=\"twitter:label1\" content=\"Tiempo de lectura\" \/>\n\t<meta name=\"twitter:data1\" content=\"1 minuto\" \/>\n<script type=\"application\/ld+json\" class=\"yoast-schema-graph\">{\"@context\":\"https:\/\/schema.org\",\"@graph\":[{\"@type\":\"WebPage\",\"@id\":\"https:\/\/koningdrone.be\/product\/dji-osmo-diving-anti-loss-lanyard\/\",\"url\":\"https:\/\/koningdrone.be\/product\/dji-osmo-diving-anti-loss-lanyard\/\",\"name\":\"DJI Osmo Diving Anti Loss Lanyard - koningdrone.be\",\"isPartOf\":{\"@id\":\"https:\/\/koningdrone.be\/#website\"},\"primaryImageOfPage\":{\"@id\":\"https:\/\/koningdrone.be\/product\/dji-osmo-diving-anti-loss-lanyard\/#primaryimage\"},\"image\":{\"@id\":\"https:\/\/koningdrone.be\/product\/dji-osmo-diving-anti-loss-lanyard\/#primaryimage\"},\"thumbnailUrl\":\"https:\/\/koningdrone.be\/wp-content\/uploads\/sites\/13\/2026\/03\/Osmo-Diving-Lanyard.webp\",\"datePublished\":\"2026-04-14T14:46:32+00:00\",\"dateModified\":\"2026-04-29T01:50:37+00:00\",\"breadcrumb\":{\"@id\":\"https:\/\/koningdrone.be\/product\/dji-osmo-diving-anti-loss-lanyard\/#breadcrumb\"},\"inLanguage\":\"es\",\"potentialAction\":[{\"@type\":\"ReadAction\",\"target\":[\"https:\/\/koningdrone.be\/product\/dji-osmo-diving-anti-loss-lanyard\/\"]}]},{\"@type\":\"ImageObject\",\"inLanguage\":\"es\",\"@id\":\"https:\/\/koningdrone.be\/product\/dji-osmo-diving-anti-loss-lanyard\/#primaryimage\",\"url\":\"https:\/\/koningdrone.be\/wp-content\/uploads\/sites\/13\/2026\/03\/Osmo-Diving-Lanyard.webp\",\"contentUrl\":\"https:\/\/koningdrone.be\/wp-content\/uploads\/sites\/13\/2026\/03\/Osmo-Diving-Lanyard.webp\",\"width\":2048,\"height\":2048},{\"@type\":\"BreadcrumbList\",\"@id\":\"https:\/\/koningdrone.be\/product\/dji-osmo-diving-anti-loss-lanyard\/#breadcrumb\",\"itemListElement\":[{\"@type\":\"ListItem\",\"position\":1,\"name\":\"Home\",\"item\":\"https:\/\/koningdrone.be\/\"},{\"@type\":\"ListItem\",\"position\":2,\"name\":\"AVSS Parachute Recovery System for DJI Matrice 300\/350\",\"item\":\"https:\/\/koningdrone.be\/product\/avss-parachute-recovery-system-for-dji-matrice-300-350\/\"},{\"@type\":\"ListItem\",\"position\":3,\"name\":\"DJI Osmo\",\"item\":\"https:\/\/koningdrone.be\/categorie\/dji-osmo\/\"},{\"@type\":\"ListItem\",\"position\":4,\"name\":\"DJI Osmo Diving Anti Loss Lanyard\"}]},{\"@type\":\"WebSite\",\"@id\":\"https:\/\/koningdrone.be\/#website\",\"url\":\"https:\/\/koningdrone.be\/\",\"name\":\"Koningdrone.be - Uw online specialist in drones, gimbals, camera's en power stations.\",\"description\":\"De webshop in drones en gimbals\",\"publisher\":{\"@id\":\"https:\/\/koningdrone.be\/#organization\"},\"potentialAction\":[{\"@type\":\"SearchAction\",\"target\":{\"@type\":\"EntryPoint\",\"urlTemplate\":\"https:\/\/koningdrone.be\/?s={search_term_string}\"},\"query-input\":{\"@type\":\"PropertyValueSpecification\",\"valueRequired\":true,\"valueName\":\"search_term_string\"}}],\"inLanguage\":\"es\"},{\"@type\":\"Organization\",\"@id\":\"https:\/\/koningdrone.be\/#organization\",\"name\":\"Koningdrone.be\",\"url\":\"https:\/\/koningdrone.be\/\",\"logo\":{\"@type\":\"ImageObject\",\"inLanguage\":\"es\",\"@id\":\"https:\/\/koningdrone.be\/#\/schema\/logo\/image\/\",\"url\":\"https:\/\/koningdrone.be\/wp-content\/uploads\/sites\/13\/2025\/04\/koningdrone-copyright-logo.svg\",\"contentUrl\":\"https:\/\/koningdrone.be\/wp-content\/uploads\/sites\/13\/2025\/04\/koningdrone-copyright-logo.svg\",\"width\":227,\"height\":38,\"caption\":\"Koningdrone.be\"},\"image\":{\"@id\":\"https:\/\/koningdrone.be\/#\/schema\/logo\/image\/\"}}]}<\/script>\n<!-- \/ Yoast SEO Premium plugin. -->","yoast_head_json":{"title":"DJI Osmo Diving Anti Loss Lanyard - koningdrone.be","robots":{"index":"index","follow":"follow","max-snippet":"max-snippet:-1","max-image-preview":"max-image-preview:large","max-video-preview":"max-video-preview:-1"},"canonical":"https:\/\/koningdrone.be\/es\/producto\/dji-osmo-diving-anti-loss-lanyard\/","og_locale":"es_ES","og_type":"article","og_title":"DJI Osmo Diving Anti Loss Lanyard","og_description":"Biedt extra bescherming voor uw camera tijdens onderwateropnames of bewegende activiteiten.  Compatibel met duikbehuizingen en waterdichte behuizingen om onbedoeld verlies te helpen voorkomen.  Gemaakt van duurzame, waterbestendige materialen die geschikt zijn voor natte en zoute omgevingen.  Lichtgewicht en compact, zodat het extra veiligheid biedt zonder bewegingen te belemmeren.  Officieel DJI-accessoire, ontworpen voor naadloze integratie met andere Osmo-apparatuur.","og_url":"https:\/\/koningdrone.be\/es\/producto\/dji-osmo-diving-anti-loss-lanyard\/","og_site_name":"koningdrone.be","article_modified_time":"2026-04-29T01:50:37+00:00","og_image":[{"width":2048,"height":2048,"url":"https:\/\/koningdrone.be\/wp-content\/uploads\/sites\/13\/2026\/03\/Osmo-Diving-Lanyard.webp","type":"image\/webp"}],"twitter_card":"summary_large_image","twitter_misc":{"Tiempo de lectura":"1 minuto"},"schema":{"@context":"https:\/\/schema.org","@graph":[{"@type":"WebPage","@id":"https:\/\/koningdrone.be\/product\/dji-osmo-diving-anti-loss-lanyard\/","url":"https:\/\/koningdrone.be\/product\/dji-osmo-diving-anti-loss-lanyard\/","name":"DJI Osmo Diving Anti Loss Lanyard - koningdrone.be","isPartOf":{"@id":"https:\/\/koningdrone.be\/#website"},"primaryImageOfPage":{"@id":"https:\/\/koningdrone.be\/product\/dji-osmo-diving-anti-loss-lanyard\/#primaryimage"},"image":{"@id":"https:\/\/koningdrone.be\/product\/dji-osmo-diving-anti-loss-lanyard\/#primaryimage"},"thumbnailUrl":"https:\/\/koningdrone.be\/wp-content\/uploads\/sites\/13\/2026\/03\/Osmo-Diving-Lanyard.webp","datePublished":"2026-04-14T14:46:32+00:00","dateModified":"2026-04-29T01:50:37+00:00","breadcrumb":{"@id":"https:\/\/koningdrone.be\/product\/dji-osmo-diving-anti-loss-lanyard\/#breadcrumb"},"inLanguage":"es","potentialAction":[{"@type":"ReadAction","target":["https:\/\/koningdrone.be\/product\/dji-osmo-diving-anti-loss-lanyard\/"]}]},{"@type":"ImageObject","inLanguage":"es","@id":"https:\/\/koningdrone.be\/product\/dji-osmo-diving-anti-loss-lanyard\/#primaryimage","url":"https:\/\/koningdrone.be\/wp-content\/uploads\/sites\/13\/2026\/03\/Osmo-Diving-Lanyard.webp","contentUrl":"https:\/\/koningdrone.be\/wp-content\/uploads\/sites\/13\/2026\/03\/Osmo-Diving-Lanyard.webp","width":2048,"height":2048},{"@type":"BreadcrumbList","@id":"https:\/\/koningdrone.be\/product\/dji-osmo-diving-anti-loss-lanyard\/#breadcrumb","itemListElement":[{"@type":"ListItem","position":1,"name":"Home","item":"https:\/\/koningdrone.be\/"},{"@type":"ListItem","position":2,"name":"AVSS Parachute Recovery System for DJI Matrice 300\/350","item":"https:\/\/koningdrone.be\/product\/avss-parachute-recovery-system-for-dji-matrice-300-350\/"},{"@type":"ListItem","position":3,"name":"DJI Osmo","item":"https:\/\/koningdrone.be\/categorie\/dji-osmo\/"},{"@type":"ListItem","position":4,"name":"DJI Osmo Diving Anti Loss Lanyard"}]},{"@type":"WebSite","@id":"https:\/\/koningdrone.be\/#website","url":"https:\/\/koningdrone.be\/","name":"Koningdrone.be - Su especialista en l\u00ednea en drones, cardanes, c\u00e1maras y centrales el\u00e9ctricas.","description":"La tienda virtual de drones y cardanes","publisher":{"@id":"https:\/\/koningdrone.be\/#organization"},"potentialAction":[{"@type":"SearchAction","target":{"@type":"EntryPoint","urlTemplate":"https:\/\/koningdrone.be\/?s={search_term_string}"},"query-input":{"@type":"PropertyValueSpecification","valueRequired":true,"valueName":"search_term_string"}}],"inLanguage":"es"},{"@type":"Organization","@id":"https:\/\/koningdrone.be\/#organization","name":"Kingdrone.es","url":"https:\/\/koningdrone.be\/","logo":{"@type":"ImageObject","inLanguage":"es","@id":"https:\/\/koningdrone.be\/#\/schema\/logo\/image\/","url":"https:\/\/koningdrone.be\/wp-content\/uploads\/sites\/13\/2025\/04\/koningdrone-copyright-logo.svg","contentUrl":"https:\/\/koningdrone.be\/wp-content\/uploads\/sites\/13\/2025\/04\/koningdrone-copyright-logo.svg","width":227,"height":38,"caption":"Koningdrone.be"},"image":{"@id":"https:\/\/koningdrone.be\/#\/schema\/logo\/image\/"}}]}},"df_price":26,"df_sale_price":"","df_regular_price":26,"df_image_link":"https:\/\/koningdrone.be\/wp-content\/uploads\/sites\/13\/2026\/03\/Osmo-Diving-Lanyard-300x300.webp","_links":{"self":[{"href":"https:\/\/koningdrone.be\/es\/wp-json\/wp\/v2\/product\/16767","targetHints":{"allow":["GET"]}}],"collection":[{"href":"https:\/\/koningdrone.be\/es\/wp-json\/wp\/v2\/product"}],"about":[{"href":"https:\/\/koningdrone.be\/es\/wp-json\/wp\/v2\/types\/product"}],"wp:featuredmedia":[{"embeddable":true,"href":"https:\/\/koningdrone.be\/es\/wp-json\/wp\/v2\/media\/16763"}],"wp:attachment":[{"href":"https:\/\/koningdrone.be\/es\/wp-json\/wp\/v2\/media?parent=16767"}],"wp:term":[{"taxonomy":"product_brand","embeddable":true,"href":"https:\/\/koningdrone.be\/es\/wp-json\/wp\/v2\/product_brand?post=16767"},{"taxonomy":"product_cat","embeddable":true,"href":"https:\/\/koningdrone.be\/es\/wp-json\/wp\/v2\/product_cat?post=16767"},{"taxonomy":"product_tag","embeddable":true,"href":"https:\/\/koningdrone.be\/es\/wp-json\/wp\/v2\/product_tag?post=16767"}],"curies":[{"name":"wp","href":"https:\/\/api.w.org\/{rel}","templated":true}]}}