{"id":1670,"date":"2024-12-04T12:13:14","date_gmt":"2024-12-04T11:13:14","guid":{"rendered":"https:\/\/koningdrone.nl\/kon\/product\/dji-neo-motion-fly-more-combo-including-goggles-n3-rc-motion-3\/"},"modified":"2026-04-29T15:20:31","modified_gmt":"2026-04-29T13:20:31","slug":"dji-neo-motion-fly-more-combo-including-goggles-n3-rc-motion-3","status":"publish","type":"product","link":"https:\/\/koningdrone.be\/es\/producto\/dji-neo-motion-fly-more-combo-including-goggles-n3-rc-motion-3\/","title":{"rendered":"DJI Neo Motion Fly More Combo - incluye Gafas N3 y RC Motion 3"},"content":{"rendered":"<p>El combo DJI Neo Motion Fly More con gafas N3 y RC Motion 3 es un avanzado paquete de drones dise\u00f1ado para disfrutar de experiencias de vuelo envolventes y de alta calidad. El mando a distancia RC Motion 3 cuenta con control de movimiento avanzado y permite maniobras precisas y un control r\u00e1pido. Combinado con las Goggles N3, esta combinaci\u00f3n ofrece im\u00e1genes de alta definici\u00f3n y latencia ultrabaja, proporcionando una aut\u00e9ntica visi\u00f3n en primera persona (FPV) que mejora la conciencia espacial y el control. Ideal tanto para entusiastas como para profesionales, el Fly More Combo incluye bater\u00edas y accesorios adicionales para un mayor tiempo de vuelo y una configuraci\u00f3n completa para aventuras a\u00e9reas vers\u00e1tiles.<\/p>","protected":false},"excerpt":{"rendered":"<ul>\n<li>Nuevas gafas N3 y RC Motion 3 incluidas<\/li>\n<li>135g: Ligero y port\u00e1til<\/li>\n<li>Despegue y aterrizaje con la palma de la mano: despegue y aterrizaje c\u00f3modos desde la palma de la mano<\/li>\n<li>Seguimiento del sujeto con IA y fotos r\u00e1pidas: Seguimiento AI avanzado y disparos r\u00e1pidos<\/li>\n<li>M\u00faltiples opciones de control<\/li>\n<li>V\u00eddeo 4K ultraestabilizado: Incre\u00edble calidad de imagen con v\u00eddeo ultraestabilizado<\/li>\n<li>Protectores de h\u00e9lice de cobertura total: protecci\u00f3n total para las h\u00e9lices<\/li>\n<\/ul>","protected":false},"featured_media":1669,"template":"","meta":{"_acf_changed":false},"product_brand":[],"product_cat":[97,136,202],"product_tag":[],"class_list":{"0":"post-1670","1":"product","2":"type-product","3":"status-publish","4":"has-post-thumbnail","6":"product_cat-alle-producten","7":"product_cat-consumer-drones","8":"product_cat-dji-neo","9":"product_shipping_class-outofstock","10":"pa_brand-dji","11":"pa_producttype-drone-pakket","12":"pa_series-neo","14":"first","15":"outofstock","16":"taxable","17":"shipping-taxable","18":"purchasable","19":"product-type-simple"},"acf":[],"yoast_head":"<!-- This site is optimized with the Yoast SEO Premium plugin v27.2 (Yoast SEO v27.2) - https:\/\/yoast.com\/product\/yoast-seo-premium-wordpress\/ -->\n<title>DJI Neo Motion Fly More Combo - including Goggles N3 &amp; RC Motion 3 - koningdrone.be<\/title>\n<meta name=\"robots\" content=\"index, follow, max-snippet:-1, max-image-preview:large, max-video-preview:-1\" \/>\n<link rel=\"canonical\" href=\"https:\/\/koningdrone.be\/es\/producto\/dji-neo-motion-fly-more-combo-including-goggles-n3-rc-motion-3\/\" \/>\n<meta property=\"og:locale\" content=\"es_ES\" \/>\n<meta property=\"og:type\" content=\"article\" \/>\n<meta property=\"og:title\" content=\"DJI Neo Motion Fly More Combo - including Goggles N3 &amp; RC Motion 3\" \/>\n<meta property=\"og:description\" content=\"Nieuwe Goggles N3 &amp; RC Motion 3 meegeleverd135 gram: Lichtgewicht en draagbaarPalm Takeoff &amp; Landing: Handige op- en landing vanuit de handpalmAI Subject Tracking &amp; QuickShots: Geavanceerde AI-volgsystemen en snelle opnamesMultiple Control Options: Diverse bedieningsmogelijkheden4K Ultra-Stabilized Video: Ongelofelijke beeldkwaliteit met ultra-gestabiliseerde videoFull-Coverage Propeller Guards: Volledige bescherming voor de propellers\" \/>\n<meta property=\"og:url\" content=\"https:\/\/koningdrone.be\/es\/producto\/dji-neo-motion-fly-more-combo-including-goggles-n3-rc-motion-3\/\" \/>\n<meta property=\"og:site_name\" content=\"koningdrone.be\" \/>\n<meta property=\"article:modified_time\" content=\"2026-04-29T13:20:31+00:00\" \/>\n<meta property=\"og:image\" content=\"https:\/\/koningdrone.be\/wp-content\/uploads\/sites\/13\/2025\/04\/DJI-Neo-Motion-Fly-More-Combo_battery-inserted-scaled-1.jpg\" \/>\n\t<meta property=\"og:image:width\" content=\"2560\" \/>\n\t<meta property=\"og:image:height\" content=\"1920\" \/>\n\t<meta property=\"og:image:type\" content=\"image\/jpeg\" \/>\n<meta name=\"twitter:card\" content=\"summary_large_image\" \/>\n<meta name=\"twitter:label1\" content=\"Tiempo de lectura\" \/>\n\t<meta name=\"twitter:data1\" content=\"1 minuto\" \/>\n<script type=\"application\/ld+json\" class=\"yoast-schema-graph\">{\"@context\":\"https:\/\/schema.org\",\"@graph\":[{\"@type\":\"WebPage\",\"@id\":\"https:\/\/koningdrone.be\/product\/dji-neo-motion-fly-more-combo-including-goggles-n3-rc-motion-3\/\",\"url\":\"https:\/\/koningdrone.be\/product\/dji-neo-motion-fly-more-combo-including-goggles-n3-rc-motion-3\/\",\"name\":\"DJI Neo Motion Fly More Combo - including Goggles N3 &amp; RC Motion 3 - koningdrone.be\",\"isPartOf\":{\"@id\":\"https:\/\/koningdrone.be\/#website\"},\"primaryImageOfPage\":{\"@id\":\"https:\/\/koningdrone.be\/product\/dji-neo-motion-fly-more-combo-including-goggles-n3-rc-motion-3\/#primaryimage\"},\"image\":{\"@id\":\"https:\/\/koningdrone.be\/product\/dji-neo-motion-fly-more-combo-including-goggles-n3-rc-motion-3\/#primaryimage\"},\"thumbnailUrl\":\"https:\/\/koningdrone.be\/wp-content\/uploads\/sites\/13\/2025\/04\/DJI-Neo-Motion-Fly-More-Combo_battery-inserted-scaled-1.jpg\",\"datePublished\":\"2024-12-04T11:13:14+00:00\",\"dateModified\":\"2026-04-29T13:20:31+00:00\",\"breadcrumb\":{\"@id\":\"https:\/\/koningdrone.be\/product\/dji-neo-motion-fly-more-combo-including-goggles-n3-rc-motion-3\/#breadcrumb\"},\"inLanguage\":\"es\",\"potentialAction\":[{\"@type\":\"ReadAction\",\"target\":[\"https:\/\/koningdrone.be\/product\/dji-neo-motion-fly-more-combo-including-goggles-n3-rc-motion-3\/\"]}]},{\"@type\":\"ImageObject\",\"inLanguage\":\"es\",\"@id\":\"https:\/\/koningdrone.be\/product\/dji-neo-motion-fly-more-combo-including-goggles-n3-rc-motion-3\/#primaryimage\",\"url\":\"https:\/\/koningdrone.be\/wp-content\/uploads\/sites\/13\/2025\/04\/DJI-Neo-Motion-Fly-More-Combo_battery-inserted-scaled-1.jpg\",\"contentUrl\":\"https:\/\/koningdrone.be\/wp-content\/uploads\/sites\/13\/2025\/04\/DJI-Neo-Motion-Fly-More-Combo_battery-inserted-scaled-1.jpg\",\"width\":2560,\"height\":1920},{\"@type\":\"BreadcrumbList\",\"@id\":\"https:\/\/koningdrone.be\/product\/dji-neo-motion-fly-more-combo-including-goggles-n3-rc-motion-3\/#breadcrumb\",\"itemListElement\":[{\"@type\":\"ListItem\",\"position\":1,\"name\":\"Home\",\"item\":\"https:\/\/koningdrone.be\/\"},{\"@type\":\"ListItem\",\"position\":2,\"name\":\"AVSS Parachute Recovery System for DJI Matrice 300\/350\",\"item\":\"https:\/\/koningdrone.be\/product\/avss-parachute-recovery-system-for-dji-matrice-300-350\/\"},{\"@type\":\"ListItem\",\"position\":3,\"name\":\"Alle producten\",\"item\":\"https:\/\/koningdrone.be\/categorie\/alle-producten\/\"},{\"@type\":\"ListItem\",\"position\":4,\"name\":\"DJI Neo Motion Fly More Combo &#8211; including Goggles N3 &amp; RC Motion 3\"}]},{\"@type\":\"WebSite\",\"@id\":\"https:\/\/koningdrone.be\/#website\",\"url\":\"https:\/\/koningdrone.be\/\",\"name\":\"Koningdrone.be - Uw online specialist in drones, gimbals, camera's en power stations.\",\"description\":\"De webshop in drones en gimbals\",\"publisher\":{\"@id\":\"https:\/\/koningdrone.be\/#organization\"},\"potentialAction\":[{\"@type\":\"SearchAction\",\"target\":{\"@type\":\"EntryPoint\",\"urlTemplate\":\"https:\/\/koningdrone.be\/?s={search_term_string}\"},\"query-input\":{\"@type\":\"PropertyValueSpecification\",\"valueRequired\":true,\"valueName\":\"search_term_string\"}}],\"inLanguage\":\"es\"},{\"@type\":\"Organization\",\"@id\":\"https:\/\/koningdrone.be\/#organization\",\"name\":\"Koningdrone.be\",\"url\":\"https:\/\/koningdrone.be\/\",\"logo\":{\"@type\":\"ImageObject\",\"inLanguage\":\"es\",\"@id\":\"https:\/\/koningdrone.be\/#\/schema\/logo\/image\/\",\"url\":\"https:\/\/koningdrone.be\/wp-content\/uploads\/sites\/13\/2025\/04\/koningdrone-copyright-logo.svg\",\"contentUrl\":\"https:\/\/koningdrone.be\/wp-content\/uploads\/sites\/13\/2025\/04\/koningdrone-copyright-logo.svg\",\"width\":227,\"height\":38,\"caption\":\"Koningdrone.be\"},\"image\":{\"@id\":\"https:\/\/koningdrone.be\/#\/schema\/logo\/image\/\"}}]}<\/script>\n<!-- \/ Yoast SEO Premium plugin. -->","yoast_head_json":{"title":"DJI Neo Motion Fly More Combo - including Goggles N3 &amp; RC Motion 3 - koningdrone.be","robots":{"index":"index","follow":"follow","max-snippet":"max-snippet:-1","max-image-preview":"max-image-preview:large","max-video-preview":"max-video-preview:-1"},"canonical":"https:\/\/koningdrone.be\/es\/producto\/dji-neo-motion-fly-more-combo-including-goggles-n3-rc-motion-3\/","og_locale":"es_ES","og_type":"article","og_title":"DJI Neo Motion Fly More Combo - including Goggles N3 &amp; RC Motion 3","og_description":"Nieuwe Goggles N3 &amp; RC Motion 3 meegeleverd135 gram: Lichtgewicht en draagbaarPalm Takeoff &amp; Landing: Handige op- en landing vanuit de handpalmAI Subject Tracking &amp; QuickShots: Geavanceerde AI-volgsystemen en snelle opnamesMultiple Control Options: Diverse bedieningsmogelijkheden4K Ultra-Stabilized Video: Ongelofelijke beeldkwaliteit met ultra-gestabiliseerde videoFull-Coverage Propeller Guards: Volledige bescherming voor de propellers","og_url":"https:\/\/koningdrone.be\/es\/producto\/dji-neo-motion-fly-more-combo-including-goggles-n3-rc-motion-3\/","og_site_name":"koningdrone.be","article_modified_time":"2026-04-29T13:20:31+00:00","og_image":[{"width":2560,"height":1920,"url":"https:\/\/koningdrone.be\/wp-content\/uploads\/sites\/13\/2025\/04\/DJI-Neo-Motion-Fly-More-Combo_battery-inserted-scaled-1.jpg","type":"image\/jpeg"}],"twitter_card":"summary_large_image","twitter_misc":{"Tiempo de lectura":"1 minuto"},"schema":{"@context":"https:\/\/schema.org","@graph":[{"@type":"WebPage","@id":"https:\/\/koningdrone.be\/product\/dji-neo-motion-fly-more-combo-including-goggles-n3-rc-motion-3\/","url":"https:\/\/koningdrone.be\/product\/dji-neo-motion-fly-more-combo-including-goggles-n3-rc-motion-3\/","name":"DJI Neo Motion Fly More Combo - including Goggles N3 &amp; RC Motion 3 - koningdrone.be","isPartOf":{"@id":"https:\/\/koningdrone.be\/#website"},"primaryImageOfPage":{"@id":"https:\/\/koningdrone.be\/product\/dji-neo-motion-fly-more-combo-including-goggles-n3-rc-motion-3\/#primaryimage"},"image":{"@id":"https:\/\/koningdrone.be\/product\/dji-neo-motion-fly-more-combo-including-goggles-n3-rc-motion-3\/#primaryimage"},"thumbnailUrl":"https:\/\/koningdrone.be\/wp-content\/uploads\/sites\/13\/2025\/04\/DJI-Neo-Motion-Fly-More-Combo_battery-inserted-scaled-1.jpg","datePublished":"2024-12-04T11:13:14+00:00","dateModified":"2026-04-29T13:20:31+00:00","breadcrumb":{"@id":"https:\/\/koningdrone.be\/product\/dji-neo-motion-fly-more-combo-including-goggles-n3-rc-motion-3\/#breadcrumb"},"inLanguage":"es","potentialAction":[{"@type":"ReadAction","target":["https:\/\/koningdrone.be\/product\/dji-neo-motion-fly-more-combo-including-goggles-n3-rc-motion-3\/"]}]},{"@type":"ImageObject","inLanguage":"es","@id":"https:\/\/koningdrone.be\/product\/dji-neo-motion-fly-more-combo-including-goggles-n3-rc-motion-3\/#primaryimage","url":"https:\/\/koningdrone.be\/wp-content\/uploads\/sites\/13\/2025\/04\/DJI-Neo-Motion-Fly-More-Combo_battery-inserted-scaled-1.jpg","contentUrl":"https:\/\/koningdrone.be\/wp-content\/uploads\/sites\/13\/2025\/04\/DJI-Neo-Motion-Fly-More-Combo_battery-inserted-scaled-1.jpg","width":2560,"height":1920},{"@type":"BreadcrumbList","@id":"https:\/\/koningdrone.be\/product\/dji-neo-motion-fly-more-combo-including-goggles-n3-rc-motion-3\/#breadcrumb","itemListElement":[{"@type":"ListItem","position":1,"name":"Home","item":"https:\/\/koningdrone.be\/"},{"@type":"ListItem","position":2,"name":"AVSS Parachute Recovery System for DJI Matrice 300\/350","item":"https:\/\/koningdrone.be\/product\/avss-parachute-recovery-system-for-dji-matrice-300-350\/"},{"@type":"ListItem","position":3,"name":"Alle producten","item":"https:\/\/koningdrone.be\/categorie\/alle-producten\/"},{"@type":"ListItem","position":4,"name":"DJI Neo Motion Fly More Combo &#8211; including Goggles N3 &amp; RC Motion 3"}]},{"@type":"WebSite","@id":"https:\/\/koningdrone.be\/#website","url":"https:\/\/koningdrone.be\/","name":"Koningdrone.be - Su especialista en l\u00ednea en drones, cardanes, c\u00e1maras y centrales el\u00e9ctricas.","description":"La tienda virtual de drones y cardanes","publisher":{"@id":"https:\/\/koningdrone.be\/#organization"},"potentialAction":[{"@type":"SearchAction","target":{"@type":"EntryPoint","urlTemplate":"https:\/\/koningdrone.be\/?s={search_term_string}"},"query-input":{"@type":"PropertyValueSpecification","valueRequired":true,"valueName":"search_term_string"}}],"inLanguage":"es"},{"@type":"Organization","@id":"https:\/\/koningdrone.be\/#organization","name":"Kingdrone.es","url":"https:\/\/koningdrone.be\/","logo":{"@type":"ImageObject","inLanguage":"es","@id":"https:\/\/koningdrone.be\/#\/schema\/logo\/image\/","url":"https:\/\/koningdrone.be\/wp-content\/uploads\/sites\/13\/2025\/04\/koningdrone-copyright-logo.svg","contentUrl":"https:\/\/koningdrone.be\/wp-content\/uploads\/sites\/13\/2025\/04\/koningdrone-copyright-logo.svg","width":227,"height":38,"caption":"Koningdrone.be"},"image":{"@id":"https:\/\/koningdrone.be\/#\/schema\/logo\/image\/"}}]}},"df_price":529,"df_sale_price":"","df_regular_price":529,"df_image_link":"https:\/\/koningdrone.be\/wp-content\/uploads\/sites\/13\/2025\/04\/DJI-Neo-Motion-Fly-More-Combo_battery-inserted-scaled-1-300x225.jpg","_links":{"self":[{"href":"https:\/\/koningdrone.be\/es\/wp-json\/wp\/v2\/product\/1670","targetHints":{"allow":["GET"]}}],"collection":[{"href":"https:\/\/koningdrone.be\/es\/wp-json\/wp\/v2\/product"}],"about":[{"href":"https:\/\/koningdrone.be\/es\/wp-json\/wp\/v2\/types\/product"}],"wp:featuredmedia":[{"embeddable":true,"href":"https:\/\/koningdrone.be\/es\/wp-json\/wp\/v2\/media\/1669"}],"wp:attachment":[{"href":"https:\/\/koningdrone.be\/es\/wp-json\/wp\/v2\/media?parent=1670"}],"wp:term":[{"taxonomy":"product_brand","embeddable":true,"href":"https:\/\/koningdrone.be\/es\/wp-json\/wp\/v2\/product_brand?post=1670"},{"taxonomy":"product_cat","embeddable":true,"href":"https:\/\/koningdrone.be\/es\/wp-json\/wp\/v2\/product_cat?post=1670"},{"taxonomy":"product_tag","embeddable":true,"href":"https:\/\/koningdrone.be\/es\/wp-json\/wp\/v2\/product_tag?post=1670"}],"curies":[{"name":"wp","href":"https:\/\/api.w.org\/{rel}","templated":true}]}}