{"id":16665,"date":"2026-03-05T16:41:01","date_gmt":"2026-03-05T15:41:01","guid":{"rendered":"https:\/\/koningdrone.be\/?post_type=product&#038;p=16665"},"modified":"2026-04-29T03:50:36","modified_gmt":"2026-04-29T01:50:36","slug":"dji-osmo-multifunctional-bike-mount-kit-voor-geintegreerde-sturen","status":"publish","type":"product","link":"https:\/\/koningdrone.be\/es\/producto\/dji-osmo-multifunctional-bike-mount-kit-voor-geintegreerde-sturen\/","title":{"rendered":"DJI Osmo Multifunctional Bike Mount Kit (Para manillar integrado)"},"content":{"rendered":"<h3>DJI Osmo Multifunctional Bike Mount Kit (Para manillar integrado)<\/h3>\n<p>El DJI Osmo Multifunctional Bike Mount Kit (For Integrated Handlebars) es un soporte para bicicleta especialmente dise\u00f1ado para montar de forma segura y estable tu c\u00e1mara DJI Osmo 360 en manillares integrados de bicicletas de carreras y deportivas. Este accesorio proporciona una base fiable para capturar im\u00e1genes de 360\u00b0 sin problemas durante tus paseos. Es ideal para ciclistas que quieren capturar im\u00e1genes profesionales y din\u00e1micas sin comprometer la comodidad o la estabilidad de la conducci\u00f3n.<a href=\"https:\/\/koningdrone.nl\/wp-content\/uploads\/2026\/03\/DJI-Osmo-Multifunctional-Bike-Mount-Kit-Voor-Geintegreerde-Sturen.webp\"><img loading=\"lazy\" decoding=\"async\" class=\"size-medium wp-image-466301 aligncenter\" src=\"https:\/\/koningdrone.nl\/wp-content\/uploads\/2026\/03\/DJI-Osmo-Multifunctional-Bike-Mount-Kit-Voor-Geintegreerde-Sturen-300x300.webp\" alt=\"DJI Osmo Multifunctional Bike Mount Kit Voor Ge\u00efntegreerde Sturen\" width=\"300\" height=\"300\" \/><\/a><\/p>\n<h4>Rendimiento y funcionalidad<\/h4>\n<p>Este soporte multiusos utiliza una rosca integrada de 1\/4\u2033 en la que se fija la varilla de fibra de carbono de 28 cm incluida, lo que permite capturar im\u00e1genes panor\u00e1micas desde una distancia \u00f3ptima del manillar. La parte superior del kit incluye un soporte para el ciclocomputador que permite ver los datos del recorrido en tiempo real, mientras que la parte inferior cuenta con un soporte de tres puntas para acoplar r\u00e1pidamente una c\u00e1mara de acci\u00f3n o una luz de bicicleta.<\/p>\n<p>&nbsp;<\/p>\n<h4>Calidad de construcci\u00f3n y dise\u00f1o<\/h4>\n<p>Fabricado con materiales resistentes y ligeros que pueden soportar golpes y vibraciones durante un uso intensivo, este soporte ofrece una soluci\u00f3n duradera para disparar en exteriores. El kit es f\u00e1cil de montar y desmontar, por lo que es adecuado para paseos diarios y excursiones de aventura.<a href=\"https:\/\/koningdrone.nl\/wp-content\/uploads\/2026\/03\/DJI-Osmo-Multifunctional-360-Bike-Tube-Mount-Kit.webp\"><img loading=\"lazy\" decoding=\"async\" class=\"size-medium wp-image-466223 aligncenter\" src=\"https:\/\/koningdrone.nl\/wp-content\/uploads\/2026\/03\/DJI-Osmo-Multifunctional-360-Bike-Tube-Mount-Kit-300x300.webp\" alt=\"DJI Osmo Multifunctional 360 Bike Tube Mount Kit\" width=\"300\" height=\"300\" \/><\/a><\/p>\n<h4>Por qu\u00e9 lo necesita<\/h4>\n<p>Si desea capturar im\u00e1genes de 360\u00b0 de alta calidad de sus aventuras en bicicleta con un sistema de montaje estable y fiable, este kit es un valioso complemento. Las flexibles opciones de montaje y las vers\u00e1tiles funciones te garantizan que podr\u00e1s capturar cada momento sin complicaciones.<\/p>","protected":false},"excerpt":{"rendered":"<ul>\n<li>Especialmente dise\u00f1ado para manillares integrados, para un montaje seguro y estable mientras filma sus paseos en bicicleta.<\/li>\n<li>Utiliza una conexi\u00f3n roscada de 1\/4 de pulgada para acoplar la varilla recta de fibra de carbono de 28 cm de longitud incluida para realizar tomas din\u00e1micas de 360\u00b0.<\/li>\n<li>Incorpora un soporte para el ciclocomputador, para que puedas ver los datos de tu recorrido mientras grabas.<\/li>\n<li>El soporte inferior de tres puntos admite c\u00e1maras de acci\u00f3n o luces de bicicleta para configuraciones vers\u00e1tiles.<\/li>\n<li>Construcci\u00f3n ligera y duradera que rinde bien en carreteras pavimentadas y resbaladizas.<\/li>\n<\/ul>","protected":false},"featured_media":16658,"template":"","meta":{"_acf_changed":false},"product_brand":[],"product_cat":[297],"product_tag":[],"class_list":{"0":"post-16665","1":"product","2":"type-product","3":"status-publish","4":"has-post-thumbnail","6":"product_cat-dji-osmo","7":"product_shipping_class-acsystemsall","8":"pa_brand-dji","9":"pa_producttype-bevestiging","10":"pa_series-osmo","12":"first","13":"instock","14":"taxable","15":"shipping-taxable","16":"purchasable","17":"product-type-simple"},"acf":[],"yoast_head":"<!-- This site is optimized with the Yoast SEO Premium plugin v27.2 (Yoast SEO v27.2) - https:\/\/yoast.com\/product\/yoast-seo-premium-wordpress\/ -->\n<title>DJI Osmo Multifunctional Bike Mount Kit (Voor Ge\u00efntegreerde Sturen) - koningdrone.be<\/title>\n<meta name=\"robots\" content=\"index, follow, max-snippet:-1, max-image-preview:large, max-video-preview:-1\" \/>\n<link rel=\"canonical\" href=\"https:\/\/koningdrone.be\/es\/producto\/dji-osmo-multifunctional-bike-mount-kit-voor-geintegreerde-sturen\/\" \/>\n<meta property=\"og:locale\" content=\"es_ES\" \/>\n<meta property=\"og:type\" content=\"article\" \/>\n<meta property=\"og:title\" content=\"DJI Osmo Multifunctional Bike Mount Kit (Voor Ge\u00efntegreerde Sturen)\" \/>\n<meta property=\"og:description\" content=\"Speciaal ontworpen voor ge\u00efntegreerde sturen, voor een veilige en stabiele bevestiging tijdens het filmen van uw fietstochten.  Maakt gebruik van een 1\/4-inch schroefdraadverbinding om de meegeleverde 28 cm lange rechte koolstofvezelstang te bevestigen voor dynamische 360\u00b0-opnames.  Beschikt over een ingebouwde fietscomputerhouder, zodat u tijdens het filmen uw ritgegevens kunt bekijken.  De driepuntsbevestiging aan de onderkant ondersteunt actiecamera&#039;s of fietsverlichting voor veelzijdige opstellingen.  Lichtgewicht en duurzame constructie die goed presteert op verharde en gladde wegen.\" \/>\n<meta property=\"og:url\" content=\"https:\/\/koningdrone.be\/es\/producto\/dji-osmo-multifunctional-bike-mount-kit-voor-geintegreerde-sturen\/\" \/>\n<meta property=\"og:site_name\" content=\"koningdrone.be\" \/>\n<meta property=\"article:modified_time\" content=\"2026-04-29T01:50:36+00:00\" \/>\n<meta property=\"og:image\" content=\"https:\/\/koningdrone.be\/wp-content\/uploads\/sites\/13\/2026\/03\/Osmo-Multifunctional-Bike-Mount-Kit.webp\" \/>\n\t<meta property=\"og:image:width\" content=\"2048\" \/>\n\t<meta property=\"og:image:height\" content=\"2048\" \/>\n\t<meta property=\"og:image:type\" content=\"image\/webp\" \/>\n<meta name=\"twitter:card\" content=\"summary_large_image\" \/>\n<meta name=\"twitter:label1\" content=\"Tiempo de lectura\" \/>\n\t<meta name=\"twitter:data1\" content=\"1 minuto\" \/>\n<script type=\"application\/ld+json\" class=\"yoast-schema-graph\">{\"@context\":\"https:\/\/schema.org\",\"@graph\":[{\"@type\":\"WebPage\",\"@id\":\"https:\/\/koningdrone.be\/product\/dji-osmo-multifunctional-bike-mount-kit-voor-geintegreerde-sturen\/\",\"url\":\"https:\/\/koningdrone.be\/product\/dji-osmo-multifunctional-bike-mount-kit-voor-geintegreerde-sturen\/\",\"name\":\"DJI Osmo Multifunctional Bike Mount Kit (Voor Ge\u00efntegreerde Sturen) - koningdrone.be\",\"isPartOf\":{\"@id\":\"https:\/\/koningdrone.be\/#website\"},\"primaryImageOfPage\":{\"@id\":\"https:\/\/koningdrone.be\/product\/dji-osmo-multifunctional-bike-mount-kit-voor-geintegreerde-sturen\/#primaryimage\"},\"image\":{\"@id\":\"https:\/\/koningdrone.be\/product\/dji-osmo-multifunctional-bike-mount-kit-voor-geintegreerde-sturen\/#primaryimage\"},\"thumbnailUrl\":\"https:\/\/koningdrone.be\/wp-content\/uploads\/sites\/13\/2026\/03\/Osmo-Multifunctional-Bike-Mount-Kit.webp\",\"datePublished\":\"2026-03-05T15:41:01+00:00\",\"dateModified\":\"2026-04-29T01:50:36+00:00\",\"breadcrumb\":{\"@id\":\"https:\/\/koningdrone.be\/product\/dji-osmo-multifunctional-bike-mount-kit-voor-geintegreerde-sturen\/#breadcrumb\"},\"inLanguage\":\"es\",\"potentialAction\":[{\"@type\":\"ReadAction\",\"target\":[\"https:\/\/koningdrone.be\/product\/dji-osmo-multifunctional-bike-mount-kit-voor-geintegreerde-sturen\/\"]}]},{\"@type\":\"ImageObject\",\"inLanguage\":\"es\",\"@id\":\"https:\/\/koningdrone.be\/product\/dji-osmo-multifunctional-bike-mount-kit-voor-geintegreerde-sturen\/#primaryimage\",\"url\":\"https:\/\/koningdrone.be\/wp-content\/uploads\/sites\/13\/2026\/03\/Osmo-Multifunctional-Bike-Mount-Kit.webp\",\"contentUrl\":\"https:\/\/koningdrone.be\/wp-content\/uploads\/sites\/13\/2026\/03\/Osmo-Multifunctional-Bike-Mount-Kit.webp\",\"width\":2048,\"height\":2048},{\"@type\":\"BreadcrumbList\",\"@id\":\"https:\/\/koningdrone.be\/product\/dji-osmo-multifunctional-bike-mount-kit-voor-geintegreerde-sturen\/#breadcrumb\",\"itemListElement\":[{\"@type\":\"ListItem\",\"position\":1,\"name\":\"Home\",\"item\":\"https:\/\/koningdrone.be\/\"},{\"@type\":\"ListItem\",\"position\":2,\"name\":\"AVSS Parachute Recovery System for DJI Matrice 300\/350\",\"item\":\"https:\/\/koningdrone.be\/product\/avss-parachute-recovery-system-for-dji-matrice-300-350\/\"},{\"@type\":\"ListItem\",\"position\":3,\"name\":\"DJI Osmo\",\"item\":\"https:\/\/koningdrone.be\/categorie\/dji-osmo\/\"},{\"@type\":\"ListItem\",\"position\":4,\"name\":\"DJI Osmo Multifunctional Bike Mount Kit (Voor Ge\u00efntegreerde Sturen)\"}]},{\"@type\":\"WebSite\",\"@id\":\"https:\/\/koningdrone.be\/#website\",\"url\":\"https:\/\/koningdrone.be\/\",\"name\":\"Koningdrone.be - Uw online specialist in drones, gimbals, camera's en power stations.\",\"description\":\"De webshop in drones en gimbals\",\"publisher\":{\"@id\":\"https:\/\/koningdrone.be\/#organization\"},\"potentialAction\":[{\"@type\":\"SearchAction\",\"target\":{\"@type\":\"EntryPoint\",\"urlTemplate\":\"https:\/\/koningdrone.be\/?s={search_term_string}\"},\"query-input\":{\"@type\":\"PropertyValueSpecification\",\"valueRequired\":true,\"valueName\":\"search_term_string\"}}],\"inLanguage\":\"es\"},{\"@type\":\"Organization\",\"@id\":\"https:\/\/koningdrone.be\/#organization\",\"name\":\"Koningdrone.be\",\"url\":\"https:\/\/koningdrone.be\/\",\"logo\":{\"@type\":\"ImageObject\",\"inLanguage\":\"es\",\"@id\":\"https:\/\/koningdrone.be\/#\/schema\/logo\/image\/\",\"url\":\"https:\/\/koningdrone.be\/wp-content\/uploads\/sites\/13\/2025\/04\/koningdrone-copyright-logo.svg\",\"contentUrl\":\"https:\/\/koningdrone.be\/wp-content\/uploads\/sites\/13\/2025\/04\/koningdrone-copyright-logo.svg\",\"width\":227,\"height\":38,\"caption\":\"Koningdrone.be\"},\"image\":{\"@id\":\"https:\/\/koningdrone.be\/#\/schema\/logo\/image\/\"}}]}<\/script>\n<!-- \/ Yoast SEO Premium plugin. -->","yoast_head_json":{"title":"DJI Osmo Multifunctional Bike Mount Kit (Voor Ge\u00efntegreerde Sturen) - koningdrone.be","robots":{"index":"index","follow":"follow","max-snippet":"max-snippet:-1","max-image-preview":"max-image-preview:large","max-video-preview":"max-video-preview:-1"},"canonical":"https:\/\/koningdrone.be\/es\/producto\/dji-osmo-multifunctional-bike-mount-kit-voor-geintegreerde-sturen\/","og_locale":"es_ES","og_type":"article","og_title":"DJI Osmo Multifunctional Bike Mount Kit (Voor Ge\u00efntegreerde Sturen)","og_description":"Speciaal ontworpen voor ge\u00efntegreerde sturen, voor een veilige en stabiele bevestiging tijdens het filmen van uw fietstochten.  Maakt gebruik van een 1\/4-inch schroefdraadverbinding om de meegeleverde 28 cm lange rechte koolstofvezelstang te bevestigen voor dynamische 360\u00b0-opnames.  Beschikt over een ingebouwde fietscomputerhouder, zodat u tijdens het filmen uw ritgegevens kunt bekijken.  De driepuntsbevestiging aan de onderkant ondersteunt actiecamera's of fietsverlichting voor veelzijdige opstellingen.  Lichtgewicht en duurzame constructie die goed presteert op verharde en gladde wegen.","og_url":"https:\/\/koningdrone.be\/es\/producto\/dji-osmo-multifunctional-bike-mount-kit-voor-geintegreerde-sturen\/","og_site_name":"koningdrone.be","article_modified_time":"2026-04-29T01:50:36+00:00","og_image":[{"width":2048,"height":2048,"url":"https:\/\/koningdrone.be\/wp-content\/uploads\/sites\/13\/2026\/03\/Osmo-Multifunctional-Bike-Mount-Kit.webp","type":"image\/webp"}],"twitter_card":"summary_large_image","twitter_misc":{"Tiempo de lectura":"1 minuto"},"schema":{"@context":"https:\/\/schema.org","@graph":[{"@type":"WebPage","@id":"https:\/\/koningdrone.be\/product\/dji-osmo-multifunctional-bike-mount-kit-voor-geintegreerde-sturen\/","url":"https:\/\/koningdrone.be\/product\/dji-osmo-multifunctional-bike-mount-kit-voor-geintegreerde-sturen\/","name":"DJI Osmo Multifunctional Bike Mount Kit (Voor Ge\u00efntegreerde Sturen) - koningdrone.be","isPartOf":{"@id":"https:\/\/koningdrone.be\/#website"},"primaryImageOfPage":{"@id":"https:\/\/koningdrone.be\/product\/dji-osmo-multifunctional-bike-mount-kit-voor-geintegreerde-sturen\/#primaryimage"},"image":{"@id":"https:\/\/koningdrone.be\/product\/dji-osmo-multifunctional-bike-mount-kit-voor-geintegreerde-sturen\/#primaryimage"},"thumbnailUrl":"https:\/\/koningdrone.be\/wp-content\/uploads\/sites\/13\/2026\/03\/Osmo-Multifunctional-Bike-Mount-Kit.webp","datePublished":"2026-03-05T15:41:01+00:00","dateModified":"2026-04-29T01:50:36+00:00","breadcrumb":{"@id":"https:\/\/koningdrone.be\/product\/dji-osmo-multifunctional-bike-mount-kit-voor-geintegreerde-sturen\/#breadcrumb"},"inLanguage":"es","potentialAction":[{"@type":"ReadAction","target":["https:\/\/koningdrone.be\/product\/dji-osmo-multifunctional-bike-mount-kit-voor-geintegreerde-sturen\/"]}]},{"@type":"ImageObject","inLanguage":"es","@id":"https:\/\/koningdrone.be\/product\/dji-osmo-multifunctional-bike-mount-kit-voor-geintegreerde-sturen\/#primaryimage","url":"https:\/\/koningdrone.be\/wp-content\/uploads\/sites\/13\/2026\/03\/Osmo-Multifunctional-Bike-Mount-Kit.webp","contentUrl":"https:\/\/koningdrone.be\/wp-content\/uploads\/sites\/13\/2026\/03\/Osmo-Multifunctional-Bike-Mount-Kit.webp","width":2048,"height":2048},{"@type":"BreadcrumbList","@id":"https:\/\/koningdrone.be\/product\/dji-osmo-multifunctional-bike-mount-kit-voor-geintegreerde-sturen\/#breadcrumb","itemListElement":[{"@type":"ListItem","position":1,"name":"Home","item":"https:\/\/koningdrone.be\/"},{"@type":"ListItem","position":2,"name":"AVSS Parachute Recovery System for DJI Matrice 300\/350","item":"https:\/\/koningdrone.be\/product\/avss-parachute-recovery-system-for-dji-matrice-300-350\/"},{"@type":"ListItem","position":3,"name":"DJI Osmo","item":"https:\/\/koningdrone.be\/categorie\/dji-osmo\/"},{"@type":"ListItem","position":4,"name":"DJI Osmo Multifunctional Bike Mount Kit (Voor Ge\u00efntegreerde Sturen)"}]},{"@type":"WebSite","@id":"https:\/\/koningdrone.be\/#website","url":"https:\/\/koningdrone.be\/","name":"Koningdrone.be - Su especialista en l\u00ednea en drones, cardanes, c\u00e1maras y centrales el\u00e9ctricas.","description":"La tienda virtual de drones y cardanes","publisher":{"@id":"https:\/\/koningdrone.be\/#organization"},"potentialAction":[{"@type":"SearchAction","target":{"@type":"EntryPoint","urlTemplate":"https:\/\/koningdrone.be\/?s={search_term_string}"},"query-input":{"@type":"PropertyValueSpecification","valueRequired":true,"valueName":"search_term_string"}}],"inLanguage":"es"},{"@type":"Organization","@id":"https:\/\/koningdrone.be\/#organization","name":"Kingdrone.es","url":"https:\/\/koningdrone.be\/","logo":{"@type":"ImageObject","inLanguage":"es","@id":"https:\/\/koningdrone.be\/#\/schema\/logo\/image\/","url":"https:\/\/koningdrone.be\/wp-content\/uploads\/sites\/13\/2025\/04\/koningdrone-copyright-logo.svg","contentUrl":"https:\/\/koningdrone.be\/wp-content\/uploads\/sites\/13\/2025\/04\/koningdrone-copyright-logo.svg","width":227,"height":38,"caption":"Koningdrone.be"},"image":{"@id":"https:\/\/koningdrone.be\/#\/schema\/logo\/image\/"}}]}},"df_price":46,"df_sale_price":"","df_regular_price":46,"df_image_link":"https:\/\/koningdrone.be\/wp-content\/uploads\/sites\/13\/2026\/03\/Osmo-Multifunctional-Bike-Mount-Kit-300x300.webp","_links":{"self":[{"href":"https:\/\/koningdrone.be\/es\/wp-json\/wp\/v2\/product\/16665","targetHints":{"allow":["GET"]}}],"collection":[{"href":"https:\/\/koningdrone.be\/es\/wp-json\/wp\/v2\/product"}],"about":[{"href":"https:\/\/koningdrone.be\/es\/wp-json\/wp\/v2\/types\/product"}],"wp:featuredmedia":[{"embeddable":true,"href":"https:\/\/koningdrone.be\/es\/wp-json\/wp\/v2\/media\/16658"}],"wp:attachment":[{"href":"https:\/\/koningdrone.be\/es\/wp-json\/wp\/v2\/media?parent=16665"}],"wp:term":[{"taxonomy":"product_brand","embeddable":true,"href":"https:\/\/koningdrone.be\/es\/wp-json\/wp\/v2\/product_brand?post=16665"},{"taxonomy":"product_cat","embeddable":true,"href":"https:\/\/koningdrone.be\/es\/wp-json\/wp\/v2\/product_cat?post=16665"},{"taxonomy":"product_tag","embeddable":true,"href":"https:\/\/koningdrone.be\/es\/wp-json\/wp\/v2\/product_tag?post=16665"}],"curies":[{"name":"wp","href":"https:\/\/api.w.org\/{rel}","templated":true}]}}