{"id":16660,"date":"2026-03-05T16:40:55","date_gmt":"2026-03-05T15:40:55","guid":{"rendered":"https:\/\/koningdrone.be\/?post_type=product&#038;p=16660"},"modified":"2026-04-29T03:50:35","modified_gmt":"2026-04-29T01:50:35","slug":"osmo-multifunctional-bike-mount-kit-for-independent-handlebars","status":"publish","type":"product","link":"https:\/\/koningdrone.be\/es\/producto\/osmo-multifunctional-bike-mount-kit-for-independent-handlebars\/","title":{"rendered":"Kit de soporte multifuncional para bicicleta Osmo (para manillares independientes)"},"content":{"rendered":"<h3>DJI Osmo Multifunctional Bike Mount Kit (Para manillares independientes)<\/h3>\n<p>El DJI Osmo Multifunctional Bike Mount Kit (For Independent Handlebars) es un soporte para bicicleta especialmente fabricado para montar de forma segura y estable tu c\u00e1mara DJI Osmo 360 en manillares de bicicleta independientes (no integrados). Est\u00e1 dise\u00f1ado para ciclistas que quieren capturar sus paseos con im\u00e1genes suaves de 360\u00b0 sin comprometer la comodidad o la seguridad. Este kit es perfecto para bicicletas de carretera, bicicletas de monta\u00f1a o bicicletas urbanas con manillar independiente.<a href=\"https:\/\/koningdrone.nl\/wp-content\/uploads\/2026\/03\/Osmo-Multifunctional-Bike-Mount-Kit-For-Independent-Handlebars.webp\"><img loading=\"lazy\" decoding=\"async\" class=\"size-medium wp-image-466287 aligncenter\" src=\"https:\/\/koningdrone.nl\/wp-content\/uploads\/2026\/03\/Osmo-Multifunctional-Bike-Mount-Kit-For-Independent-Handlebars-300x300.webp\" alt=\"Osmo Multifunctional Bike Mount Kit (For Independent Handlebars)\" width=\"300\" height=\"300\" \/><\/a><\/p>\n<h4>Rendimiento y funcionalidad<\/h4>\n<p>Este soporte multifuncional para bicicleta te permite fijar tu Osmo 360 directamente al manillar mediante la varilla de fibra de carbono de 28 cm incluida, lo que te permite capturar secuencias de v\u00eddeo envolventes y din\u00e1micas durante tu recorrido. El kit cuenta con un soporte para ciclocomputador integrado en la parte superior para que puedas leer los datos de tu recorrido mientras grabas, y un soporte de tres puntas en la parte inferior para acoplar una c\u00e1mara de acci\u00f3n, una luz u otros accesorios.<\/p>\n<p>&nbsp;<\/p>\n<h4>Calidad de construcci\u00f3n y dise\u00f1o<\/h4>\n<p>Este soporte est\u00e1 fabricado con materiales duraderos aptos para uso en exteriores y ciclismo regular. Gracias a su dise\u00f1o ligero, su bicicleta sigue siendo f\u00e1cil de dirigir y el soporte no se siente pesado. Los soportes ajustables y los diferentes anillos te permiten ajustar correctamente el soporte al di\u00e1metro de tu manillar.<\/p>\n<p><a href=\"https:\/\/koningdrone.nl\/wp-content\/uploads\/2026\/03\/DJI-Osmo-Multifunctional-Bike-Tube-Mount.webp\"><img loading=\"lazy\" decoding=\"async\" class=\"size-medium wp-image-466298 aligncenter\" src=\"https:\/\/koningdrone.nl\/wp-content\/uploads\/2026\/03\/DJI-Osmo-Multifunctional-Bike-Tube-Mount-300x300.webp\" alt=\"DJI Osmo Multifunctional Bike Tube Mount\" width=\"300\" height=\"300\" \/><\/a><\/p>\n<h4>Por qu\u00e9 lo necesita<\/h4>\n<p>Si desea capturar sus im\u00e1genes de 360\u00b0 con profesionalidad y claridad mientras monta en bicicleta, este kit es un accesorio indispensable. Ofrece estabilidad, flexibilidad y opciones adicionales de montaje de accesorios, para que puedas capturar cada trayecto con confianza y con im\u00e1genes de alta calidad.<\/p>","protected":false},"excerpt":{"rendered":"<ul>\n<li>Especialmente dise\u00f1ado para direcci\u00f3n independiente, lo que hace que la instalaci\u00f3n sea r\u00e1pida y segura.<\/li>\n<li>El orificio roscado de 1\/4\u2033 incorporado permite acoplar la varilla recta de fibra de carbono suministrada para una visibilidad \u00f3ptima de 360\u00b0.<\/li>\n<li>En la parte superior hay un accesorio para un ciclocomputador, de modo que los datos de tu bicicleta permanecen visibles mientras filmas.<\/li>\n<li>La interfaz inferior de tres puntos admite c\u00e1maras de acci\u00f3n o luces de bicicleta para configuraciones creativas y c\u00f3modas.<\/li>\n<li>La construcci\u00f3n ligera mantiene su bicicleta maniobrable y su c\u00e1mara Osmo 360 montada de forma estable.<\/li>\n<\/ul>","protected":false},"featured_media":16658,"template":"","meta":{"_acf_changed":false},"product_brand":[],"product_cat":[297],"product_tag":[],"class_list":{"0":"post-16660","1":"product","2":"type-product","3":"status-publish","4":"has-post-thumbnail","6":"product_cat-dji-osmo","7":"product_shipping_class-acsystemsall","8":"pa_brand-dji","9":"pa_producttype-bevestiging","10":"pa_series-osmo","12":"first","13":"instock","14":"taxable","15":"shipping-taxable","16":"purchasable","17":"product-type-simple"},"acf":[],"yoast_head":"<!-- This site is optimized with the Yoast SEO Premium plugin v27.2 (Yoast SEO v27.2) - https:\/\/yoast.com\/product\/yoast-seo-premium-wordpress\/ -->\n<title>Osmo Multifunctional Bike Mount Kit (For Independent Handlebars) - koningdrone.be<\/title>\n<meta name=\"robots\" content=\"index, follow, max-snippet:-1, max-image-preview:large, max-video-preview:-1\" \/>\n<link rel=\"canonical\" href=\"https:\/\/koningdrone.be\/es\/producto\/osmo-multifunctional-bike-mount-kit-for-independent-handlebars\/\" \/>\n<meta property=\"og:locale\" content=\"es_ES\" \/>\n<meta property=\"og:type\" content=\"article\" \/>\n<meta property=\"og:title\" content=\"Osmo Multifunctional Bike Mount Kit (For Independent Handlebars)\" \/>\n<meta property=\"og:description\" content=\"Speciaal ontworpen voor onafhankelijke sturen, waardoor de installatie snel en veilig verloopt.  Dankzij het ingebouwde gat met schroefdraad van 1\/4\u2033 kunt u de meegeleverde rechte koolstofvezelstang bevestigen voor een optimaal 360\u00b0-zicht.  Aan de bovenkant bevindt zich een bevestiging voor een fietscomputer, zodat uw fietsgegevens zichtbaar blijven tijdens het filmen.  De driepuntsinterface aan de onderkant ondersteunt actiecamera&#039;s of fietsverlichting voor creatieve en handige opstellingen.  Dankzij de lichtgewicht constructie blijft uw fiets wendbaar en wordt uw Osmo 360-camera stabiel bevestigd.\" \/>\n<meta property=\"og:url\" content=\"https:\/\/koningdrone.be\/es\/producto\/osmo-multifunctional-bike-mount-kit-for-independent-handlebars\/\" \/>\n<meta property=\"og:site_name\" content=\"koningdrone.be\" \/>\n<meta property=\"article:modified_time\" content=\"2026-04-29T01:50:35+00:00\" \/>\n<meta property=\"og:image\" content=\"https:\/\/koningdrone.be\/wp-content\/uploads\/sites\/13\/2026\/03\/Osmo-Multifunctional-Bike-Mount-Kit.webp\" \/>\n\t<meta property=\"og:image:width\" content=\"2048\" \/>\n\t<meta property=\"og:image:height\" content=\"2048\" \/>\n\t<meta property=\"og:image:type\" content=\"image\/webp\" \/>\n<meta name=\"twitter:card\" content=\"summary_large_image\" \/>\n<meta name=\"twitter:label1\" content=\"Tiempo de lectura\" \/>\n\t<meta name=\"twitter:data1\" content=\"1 minuto\" \/>\n<script type=\"application\/ld+json\" class=\"yoast-schema-graph\">{\"@context\":\"https:\/\/schema.org\",\"@graph\":[{\"@type\":\"WebPage\",\"@id\":\"https:\/\/koningdrone.be\/product\/osmo-multifunctional-bike-mount-kit-for-independent-handlebars\/\",\"url\":\"https:\/\/koningdrone.be\/product\/osmo-multifunctional-bike-mount-kit-for-independent-handlebars\/\",\"name\":\"Osmo Multifunctional Bike Mount Kit (For Independent Handlebars) - koningdrone.be\",\"isPartOf\":{\"@id\":\"https:\/\/koningdrone.be\/#website\"},\"primaryImageOfPage\":{\"@id\":\"https:\/\/koningdrone.be\/product\/osmo-multifunctional-bike-mount-kit-for-independent-handlebars\/#primaryimage\"},\"image\":{\"@id\":\"https:\/\/koningdrone.be\/product\/osmo-multifunctional-bike-mount-kit-for-independent-handlebars\/#primaryimage\"},\"thumbnailUrl\":\"https:\/\/koningdrone.be\/wp-content\/uploads\/sites\/13\/2026\/03\/Osmo-Multifunctional-Bike-Mount-Kit.webp\",\"datePublished\":\"2026-03-05T15:40:55+00:00\",\"dateModified\":\"2026-04-29T01:50:35+00:00\",\"breadcrumb\":{\"@id\":\"https:\/\/koningdrone.be\/product\/osmo-multifunctional-bike-mount-kit-for-independent-handlebars\/#breadcrumb\"},\"inLanguage\":\"es\",\"potentialAction\":[{\"@type\":\"ReadAction\",\"target\":[\"https:\/\/koningdrone.be\/product\/osmo-multifunctional-bike-mount-kit-for-independent-handlebars\/\"]}]},{\"@type\":\"ImageObject\",\"inLanguage\":\"es\",\"@id\":\"https:\/\/koningdrone.be\/product\/osmo-multifunctional-bike-mount-kit-for-independent-handlebars\/#primaryimage\",\"url\":\"https:\/\/koningdrone.be\/wp-content\/uploads\/sites\/13\/2026\/03\/Osmo-Multifunctional-Bike-Mount-Kit.webp\",\"contentUrl\":\"https:\/\/koningdrone.be\/wp-content\/uploads\/sites\/13\/2026\/03\/Osmo-Multifunctional-Bike-Mount-Kit.webp\",\"width\":2048,\"height\":2048},{\"@type\":\"BreadcrumbList\",\"@id\":\"https:\/\/koningdrone.be\/product\/osmo-multifunctional-bike-mount-kit-for-independent-handlebars\/#breadcrumb\",\"itemListElement\":[{\"@type\":\"ListItem\",\"position\":1,\"name\":\"Home\",\"item\":\"https:\/\/koningdrone.be\/\"},{\"@type\":\"ListItem\",\"position\":2,\"name\":\"AVSS Parachute Recovery System for DJI Matrice 300\/350\",\"item\":\"https:\/\/koningdrone.be\/product\/avss-parachute-recovery-system-for-dji-matrice-300-350\/\"},{\"@type\":\"ListItem\",\"position\":3,\"name\":\"DJI Osmo\",\"item\":\"https:\/\/koningdrone.be\/categorie\/dji-osmo\/\"},{\"@type\":\"ListItem\",\"position\":4,\"name\":\"Osmo Multifunctional Bike Mount Kit (For Independent Handlebars)\"}]},{\"@type\":\"WebSite\",\"@id\":\"https:\/\/koningdrone.be\/#website\",\"url\":\"https:\/\/koningdrone.be\/\",\"name\":\"Koningdrone.be - Uw online specialist in drones, gimbals, camera's en power stations.\",\"description\":\"De webshop in drones en gimbals\",\"publisher\":{\"@id\":\"https:\/\/koningdrone.be\/#organization\"},\"potentialAction\":[{\"@type\":\"SearchAction\",\"target\":{\"@type\":\"EntryPoint\",\"urlTemplate\":\"https:\/\/koningdrone.be\/?s={search_term_string}\"},\"query-input\":{\"@type\":\"PropertyValueSpecification\",\"valueRequired\":true,\"valueName\":\"search_term_string\"}}],\"inLanguage\":\"es\"},{\"@type\":\"Organization\",\"@id\":\"https:\/\/koningdrone.be\/#organization\",\"name\":\"Koningdrone.be\",\"url\":\"https:\/\/koningdrone.be\/\",\"logo\":{\"@type\":\"ImageObject\",\"inLanguage\":\"es\",\"@id\":\"https:\/\/koningdrone.be\/#\/schema\/logo\/image\/\",\"url\":\"https:\/\/koningdrone.be\/wp-content\/uploads\/sites\/13\/2025\/04\/koningdrone-copyright-logo.svg\",\"contentUrl\":\"https:\/\/koningdrone.be\/wp-content\/uploads\/sites\/13\/2025\/04\/koningdrone-copyright-logo.svg\",\"width\":227,\"height\":38,\"caption\":\"Koningdrone.be\"},\"image\":{\"@id\":\"https:\/\/koningdrone.be\/#\/schema\/logo\/image\/\"}}]}<\/script>\n<!-- \/ Yoast SEO Premium plugin. -->","yoast_head_json":{"title":"Osmo Multifunctional Bike Mount Kit (For Independent Handlebars) - koningdrone.be","robots":{"index":"index","follow":"follow","max-snippet":"max-snippet:-1","max-image-preview":"max-image-preview:large","max-video-preview":"max-video-preview:-1"},"canonical":"https:\/\/koningdrone.be\/es\/producto\/osmo-multifunctional-bike-mount-kit-for-independent-handlebars\/","og_locale":"es_ES","og_type":"article","og_title":"Osmo Multifunctional Bike Mount Kit (For Independent Handlebars)","og_description":"Speciaal ontworpen voor onafhankelijke sturen, waardoor de installatie snel en veilig verloopt.  Dankzij het ingebouwde gat met schroefdraad van 1\/4\u2033 kunt u de meegeleverde rechte koolstofvezelstang bevestigen voor een optimaal 360\u00b0-zicht.  Aan de bovenkant bevindt zich een bevestiging voor een fietscomputer, zodat uw fietsgegevens zichtbaar blijven tijdens het filmen.  De driepuntsinterface aan de onderkant ondersteunt actiecamera's of fietsverlichting voor creatieve en handige opstellingen.  Dankzij de lichtgewicht constructie blijft uw fiets wendbaar en wordt uw Osmo 360-camera stabiel bevestigd.","og_url":"https:\/\/koningdrone.be\/es\/producto\/osmo-multifunctional-bike-mount-kit-for-independent-handlebars\/","og_site_name":"koningdrone.be","article_modified_time":"2026-04-29T01:50:35+00:00","og_image":[{"width":2048,"height":2048,"url":"https:\/\/koningdrone.be\/wp-content\/uploads\/sites\/13\/2026\/03\/Osmo-Multifunctional-Bike-Mount-Kit.webp","type":"image\/webp"}],"twitter_card":"summary_large_image","twitter_misc":{"Tiempo de lectura":"1 minuto"},"schema":{"@context":"https:\/\/schema.org","@graph":[{"@type":"WebPage","@id":"https:\/\/koningdrone.be\/product\/osmo-multifunctional-bike-mount-kit-for-independent-handlebars\/","url":"https:\/\/koningdrone.be\/product\/osmo-multifunctional-bike-mount-kit-for-independent-handlebars\/","name":"Osmo Multifunctional Bike Mount Kit (For Independent Handlebars) - koningdrone.be","isPartOf":{"@id":"https:\/\/koningdrone.be\/#website"},"primaryImageOfPage":{"@id":"https:\/\/koningdrone.be\/product\/osmo-multifunctional-bike-mount-kit-for-independent-handlebars\/#primaryimage"},"image":{"@id":"https:\/\/koningdrone.be\/product\/osmo-multifunctional-bike-mount-kit-for-independent-handlebars\/#primaryimage"},"thumbnailUrl":"https:\/\/koningdrone.be\/wp-content\/uploads\/sites\/13\/2026\/03\/Osmo-Multifunctional-Bike-Mount-Kit.webp","datePublished":"2026-03-05T15:40:55+00:00","dateModified":"2026-04-29T01:50:35+00:00","breadcrumb":{"@id":"https:\/\/koningdrone.be\/product\/osmo-multifunctional-bike-mount-kit-for-independent-handlebars\/#breadcrumb"},"inLanguage":"es","potentialAction":[{"@type":"ReadAction","target":["https:\/\/koningdrone.be\/product\/osmo-multifunctional-bike-mount-kit-for-independent-handlebars\/"]}]},{"@type":"ImageObject","inLanguage":"es","@id":"https:\/\/koningdrone.be\/product\/osmo-multifunctional-bike-mount-kit-for-independent-handlebars\/#primaryimage","url":"https:\/\/koningdrone.be\/wp-content\/uploads\/sites\/13\/2026\/03\/Osmo-Multifunctional-Bike-Mount-Kit.webp","contentUrl":"https:\/\/koningdrone.be\/wp-content\/uploads\/sites\/13\/2026\/03\/Osmo-Multifunctional-Bike-Mount-Kit.webp","width":2048,"height":2048},{"@type":"BreadcrumbList","@id":"https:\/\/koningdrone.be\/product\/osmo-multifunctional-bike-mount-kit-for-independent-handlebars\/#breadcrumb","itemListElement":[{"@type":"ListItem","position":1,"name":"Home","item":"https:\/\/koningdrone.be\/"},{"@type":"ListItem","position":2,"name":"AVSS Parachute Recovery System for DJI Matrice 300\/350","item":"https:\/\/koningdrone.be\/product\/avss-parachute-recovery-system-for-dji-matrice-300-350\/"},{"@type":"ListItem","position":3,"name":"DJI Osmo","item":"https:\/\/koningdrone.be\/categorie\/dji-osmo\/"},{"@type":"ListItem","position":4,"name":"Osmo Multifunctional Bike Mount Kit (For Independent Handlebars)"}]},{"@type":"WebSite","@id":"https:\/\/koningdrone.be\/#website","url":"https:\/\/koningdrone.be\/","name":"Koningdrone.be - Su especialista en l\u00ednea en drones, cardanes, c\u00e1maras y centrales el\u00e9ctricas.","description":"La tienda virtual de drones y cardanes","publisher":{"@id":"https:\/\/koningdrone.be\/#organization"},"potentialAction":[{"@type":"SearchAction","target":{"@type":"EntryPoint","urlTemplate":"https:\/\/koningdrone.be\/?s={search_term_string}"},"query-input":{"@type":"PropertyValueSpecification","valueRequired":true,"valueName":"search_term_string"}}],"inLanguage":"es"},{"@type":"Organization","@id":"https:\/\/koningdrone.be\/#organization","name":"Kingdrone.es","url":"https:\/\/koningdrone.be\/","logo":{"@type":"ImageObject","inLanguage":"es","@id":"https:\/\/koningdrone.be\/#\/schema\/logo\/image\/","url":"https:\/\/koningdrone.be\/wp-content\/uploads\/sites\/13\/2025\/04\/koningdrone-copyright-logo.svg","contentUrl":"https:\/\/koningdrone.be\/wp-content\/uploads\/sites\/13\/2025\/04\/koningdrone-copyright-logo.svg","width":227,"height":38,"caption":"Koningdrone.be"},"image":{"@id":"https:\/\/koningdrone.be\/#\/schema\/logo\/image\/"}}]}},"df_price":46,"df_sale_price":"","df_regular_price":46,"df_image_link":"https:\/\/koningdrone.be\/wp-content\/uploads\/sites\/13\/2026\/03\/Osmo-Multifunctional-Bike-Mount-Kit-300x300.webp","_links":{"self":[{"href":"https:\/\/koningdrone.be\/es\/wp-json\/wp\/v2\/product\/16660","targetHints":{"allow":["GET"]}}],"collection":[{"href":"https:\/\/koningdrone.be\/es\/wp-json\/wp\/v2\/product"}],"about":[{"href":"https:\/\/koningdrone.be\/es\/wp-json\/wp\/v2\/types\/product"}],"wp:featuredmedia":[{"embeddable":true,"href":"https:\/\/koningdrone.be\/es\/wp-json\/wp\/v2\/media\/16658"}],"wp:attachment":[{"href":"https:\/\/koningdrone.be\/es\/wp-json\/wp\/v2\/media?parent=16660"}],"wp:term":[{"taxonomy":"product_brand","embeddable":true,"href":"https:\/\/koningdrone.be\/es\/wp-json\/wp\/v2\/product_brand?post=16660"},{"taxonomy":"product_cat","embeddable":true,"href":"https:\/\/koningdrone.be\/es\/wp-json\/wp\/v2\/product_cat?post=16660"},{"taxonomy":"product_tag","embeddable":true,"href":"https:\/\/koningdrone.be\/es\/wp-json\/wp\/v2\/product_tag?post=16660"}],"curies":[{"name":"wp","href":"https:\/\/api.w.org\/{rel}","templated":true}]}}