{"id":16657,"date":"2026-03-05T08:40:53","date_gmt":"2026-03-05T07:40:53","guid":{"rendered":"https:\/\/koningdrone.be\/product\/dji-osmo-multifunctional-bike-tube-mount-kit\/"},"modified":"2026-04-29T03:50:33","modified_gmt":"2026-04-29T01:50:33","slug":"dji-osmo-multifunctional-bike-tube-mount-kit","status":"publish","type":"product","link":"https:\/\/koningdrone.be\/es\/producto\/dji-osmo-multifunctional-bike-tube-mount-kit\/","title":{"rendered":"Kit de montaje multifuncional DJI Osmo para tubo de bicicleta"},"content":{"rendered":"<h3>Kit de montaje multifuncional DJI Osmo para tubo de bicicleta<\/h3>\n<p>El DJI Osmo Multifunctional Bike Tube Mount Kit es una soluci\u00f3n de montaje vers\u00e1til que te permite fijar de forma segura tu c\u00e1mara DJI Osmo a cuadros de bicicleta y estructuras tubulares. Dise\u00f1ado para ciclistas que quieren capturar im\u00e1genes din\u00e1micas desde \u00e1ngulos \u00fanicos, este soporte proporciona una plataforma estable y fiable para tomas de acci\u00f3n durante salidas en bicicleta, bicicleta de monta\u00f1a o paseos por la ciudad.<\/p>\n<h4>Rendimiento y funcionalidad<\/h4>\n<p>Con este kit multifuncional, fija tu c\u00e1mara Osmo directamente a las estructuras de los tubos de las bicicletas, lo que te permite crear secuencias envolventes en primera persona y \u00e1ngulos de c\u00e1mara creativos.El robusto sistema de sujeci\u00f3n reduce las vibraciones durante la conducci\u00f3n y garantiza secuencias estables y fluidas, incluso en terrenos irregulares. Tanto si grabas descensos r\u00e1pidos como rutas tranquilas, el soporte mantiene la c\u00e1mara firmemente en su sitio.<\/p>\n<p><a href=\"https:\/\/koningdrone.nl\/wp-content\/uploads\/2026\/03\/DJI-Osmo-Multifunctional-Bike-Tube-Mount-Kit.webp\"><img loading=\"lazy\" decoding=\"async\" class=\"wp-image-466222 size-medium aligncenter\" src=\"https:\/\/koningdrone.nl\/wp-content\/uploads\/2026\/03\/DJI-Osmo-Multifunctional-Bike-Tube-Mount-Kit-300x300.webp\" alt=\"DJI Osmo Multifunctional Bike Tube Mount Kit\" width=\"300\" height=\"300\" \/><\/a><\/p>\n<h4>Calidad de construcci\u00f3n y dise\u00f1o<\/h4>\n<p>El soporte est\u00e1 fabricado con materiales duraderos que pueden soportar las condiciones exteriores. Su dise\u00f1o resistente pero ligero no afecta al manejo de la bicicleta. Gracias a las piezas ajustables, el soporte se adapta a diferentes di\u00e1metros de tubo y garantiza un montaje seguro y ajustado. El dise\u00f1o compacto garantiza una instalaci\u00f3n sencilla y un aspecto profesional.<\/p>\n<h4>Por qu\u00e9 lo necesita<\/h4>\n<p>Para los ciclistas que buscan llevar su contenido al siguiente nivel o capturar sus salidas de forma segura, este soporte es un accesorio esencial. Ofrece estabilidad, flexibilidad y un rendimiento fiable, para que puedas concentrarte plenamente en tu paseo mientras capturas cada momento.<\/p>","protected":false},"excerpt":{"rendered":"<ul>\n<li>Te permite capturar im\u00e1genes de ciclismo en 360\u00b0 con tu Osmo 360 fij\u00e1ndolo delante del manillar.<\/li>\n<li>Incluye una alargadera ligera de fibra de carbono de 28 cm para una perspectiva m\u00e1s elevada y una l\u00ednea de visi\u00f3n m\u00e1s suave.<\/li>\n<li>Dispone tanto de un inserto roscado de 1\/4\u2033 como de un enganche de tres puntos para una fijaci\u00f3n flexible de los accesorios.<\/li>\n<li>Dise\u00f1ado para una f\u00e1cil instalaci\u00f3n en tubos redondos de bicicleta y manillares, con agarre firme y herramientas incluidas.<\/li>\n<li>Gracias al soporte para ciclocomputador integrado, podr\u00e1s ver tus estad\u00edsticas de ciclismo mientras grabas sin necesidad de adaptadores adicionales.<\/li>\n<\/ul>","protected":false},"featured_media":16652,"template":"","meta":{"_acf_changed":false},"product_brand":[],"product_cat":[297],"product_tag":[],"class_list":{"0":"post-16657","1":"product","2":"type-product","3":"status-publish","4":"has-post-thumbnail","6":"product_cat-dji-osmo","7":"product_shipping_class-acsystemsall","8":"pa_brand-dji","9":"pa_producttype-bevestiging","10":"pa_series-osmo","12":"first","13":"instock","14":"taxable","15":"shipping-taxable","16":"purchasable","17":"product-type-simple"},"acf":[],"yoast_head":"<!-- This site is optimized with the Yoast SEO Premium plugin v27.2 (Yoast SEO v27.2) - https:\/\/yoast.com\/product\/yoast-seo-premium-wordpress\/ -->\n<title>DJI Osmo Multifunctional Bike Tube Mount Kit - koningdrone.be<\/title>\n<meta name=\"robots\" content=\"index, follow, max-snippet:-1, max-image-preview:large, max-video-preview:-1\" \/>\n<link rel=\"canonical\" href=\"https:\/\/koningdrone.be\/es\/producto\/dji-osmo-multifunctional-bike-tube-mount-kit\/\" \/>\n<meta property=\"og:locale\" content=\"es_ES\" \/>\n<meta property=\"og:type\" content=\"article\" \/>\n<meta property=\"og:title\" content=\"DJI Osmo Multifunctional Bike Tube Mount Kit\" \/>\n<meta property=\"og:description\" content=\"Hiermee kun je meeslepende 360\u00b0-fietsbeelden vastleggen met je Osmo 360 door deze voor je stuur te bevestigen.  Inclusief een lichtgewicht verlengstang van 28 cm van koolstofvezel voor een hoger perspectief en een vloeiender zichtlijn.  Voorzien van zowel een 1\/4\u2033 schroefdraadinsert als een driepuntsbevestiging voor flexibele bevestiging van accessoires.  Ontworpen voor eenvoudige installatie op ronde fietsbuizen en sturen, met stevige grip en meegeleverd gereedschap.  Dankzij de ingebouwde fietscomputerbevestiging kunt u tijdens het opnemen uw fietsstatistieken bekijken zonder extra adapters.\" \/>\n<meta property=\"og:url\" content=\"https:\/\/koningdrone.be\/es\/producto\/dji-osmo-multifunctional-bike-tube-mount-kit\/\" \/>\n<meta property=\"og:site_name\" content=\"koningdrone.be\" \/>\n<meta property=\"article:modified_time\" content=\"2026-04-29T01:50:33+00:00\" \/>\n<meta property=\"og:image\" content=\"https:\/\/koningdrone.be\/wp-content\/uploads\/sites\/13\/2026\/03\/DJI-Osmo-Multifunctional-360-Bike-Tube-Mount-Kit.webp\" \/>\n\t<meta property=\"og:image:width\" content=\"2048\" \/>\n\t<meta property=\"og:image:height\" content=\"2048\" \/>\n\t<meta property=\"og:image:type\" content=\"image\/webp\" \/>\n<meta name=\"twitter:card\" content=\"summary_large_image\" \/>\n<meta name=\"twitter:label1\" content=\"Tiempo de lectura\" \/>\n\t<meta name=\"twitter:data1\" content=\"1 minuto\" \/>\n<script type=\"application\/ld+json\" class=\"yoast-schema-graph\">{\"@context\":\"https:\/\/schema.org\",\"@graph\":[{\"@type\":\"WebPage\",\"@id\":\"https:\/\/koningdrone.be\/product\/dji-osmo-multifunctional-bike-tube-mount-kit\/\",\"url\":\"https:\/\/koningdrone.be\/product\/dji-osmo-multifunctional-bike-tube-mount-kit\/\",\"name\":\"DJI Osmo Multifunctional Bike Tube Mount Kit - koningdrone.be\",\"isPartOf\":{\"@id\":\"https:\/\/koningdrone.be\/#website\"},\"primaryImageOfPage\":{\"@id\":\"https:\/\/koningdrone.be\/product\/dji-osmo-multifunctional-bike-tube-mount-kit\/#primaryimage\"},\"image\":{\"@id\":\"https:\/\/koningdrone.be\/product\/dji-osmo-multifunctional-bike-tube-mount-kit\/#primaryimage\"},\"thumbnailUrl\":\"https:\/\/koningdrone.be\/wp-content\/uploads\/sites\/13\/2026\/03\/DJI-Osmo-Multifunctional-360-Bike-Tube-Mount-Kit.webp\",\"datePublished\":\"2026-03-05T07:40:53+00:00\",\"dateModified\":\"2026-04-29T01:50:33+00:00\",\"breadcrumb\":{\"@id\":\"https:\/\/koningdrone.be\/product\/dji-osmo-multifunctional-bike-tube-mount-kit\/#breadcrumb\"},\"inLanguage\":\"es\",\"potentialAction\":[{\"@type\":\"ReadAction\",\"target\":[\"https:\/\/koningdrone.be\/product\/dji-osmo-multifunctional-bike-tube-mount-kit\/\"]}]},{\"@type\":\"ImageObject\",\"inLanguage\":\"es\",\"@id\":\"https:\/\/koningdrone.be\/product\/dji-osmo-multifunctional-bike-tube-mount-kit\/#primaryimage\",\"url\":\"https:\/\/koningdrone.be\/wp-content\/uploads\/sites\/13\/2026\/03\/DJI-Osmo-Multifunctional-360-Bike-Tube-Mount-Kit.webp\",\"contentUrl\":\"https:\/\/koningdrone.be\/wp-content\/uploads\/sites\/13\/2026\/03\/DJI-Osmo-Multifunctional-360-Bike-Tube-Mount-Kit.webp\",\"width\":2048,\"height\":2048},{\"@type\":\"BreadcrumbList\",\"@id\":\"https:\/\/koningdrone.be\/product\/dji-osmo-multifunctional-bike-tube-mount-kit\/#breadcrumb\",\"itemListElement\":[{\"@type\":\"ListItem\",\"position\":1,\"name\":\"Home\",\"item\":\"https:\/\/koningdrone.be\/\"},{\"@type\":\"ListItem\",\"position\":2,\"name\":\"AVSS Parachute Recovery System for DJI Matrice 300\/350\",\"item\":\"https:\/\/koningdrone.be\/product\/avss-parachute-recovery-system-for-dji-matrice-300-350\/\"},{\"@type\":\"ListItem\",\"position\":3,\"name\":\"DJI Osmo\",\"item\":\"https:\/\/koningdrone.be\/categorie\/dji-osmo\/\"},{\"@type\":\"ListItem\",\"position\":4,\"name\":\"DJI Osmo Multifunctional Bike Tube Mount Kit\"}]},{\"@type\":\"WebSite\",\"@id\":\"https:\/\/koningdrone.be\/#website\",\"url\":\"https:\/\/koningdrone.be\/\",\"name\":\"Koningdrone.be - Uw online specialist in drones, gimbals, camera's en power stations.\",\"description\":\"De webshop in drones en gimbals\",\"publisher\":{\"@id\":\"https:\/\/koningdrone.be\/#organization\"},\"potentialAction\":[{\"@type\":\"SearchAction\",\"target\":{\"@type\":\"EntryPoint\",\"urlTemplate\":\"https:\/\/koningdrone.be\/?s={search_term_string}\"},\"query-input\":{\"@type\":\"PropertyValueSpecification\",\"valueRequired\":true,\"valueName\":\"search_term_string\"}}],\"inLanguage\":\"es\"},{\"@type\":\"Organization\",\"@id\":\"https:\/\/koningdrone.be\/#organization\",\"name\":\"Koningdrone.be\",\"url\":\"https:\/\/koningdrone.be\/\",\"logo\":{\"@type\":\"ImageObject\",\"inLanguage\":\"es\",\"@id\":\"https:\/\/koningdrone.be\/#\/schema\/logo\/image\/\",\"url\":\"https:\/\/koningdrone.be\/wp-content\/uploads\/sites\/13\/2025\/04\/koningdrone-copyright-logo.svg\",\"contentUrl\":\"https:\/\/koningdrone.be\/wp-content\/uploads\/sites\/13\/2025\/04\/koningdrone-copyright-logo.svg\",\"width\":227,\"height\":38,\"caption\":\"Koningdrone.be\"},\"image\":{\"@id\":\"https:\/\/koningdrone.be\/#\/schema\/logo\/image\/\"}}]}<\/script>\n<!-- \/ Yoast SEO Premium plugin. -->","yoast_head_json":{"title":"DJI Osmo Multifunctional Bike Tube Mount Kit - koningdrone.be","robots":{"index":"index","follow":"follow","max-snippet":"max-snippet:-1","max-image-preview":"max-image-preview:large","max-video-preview":"max-video-preview:-1"},"canonical":"https:\/\/koningdrone.be\/es\/producto\/dji-osmo-multifunctional-bike-tube-mount-kit\/","og_locale":"es_ES","og_type":"article","og_title":"DJI Osmo Multifunctional Bike Tube Mount Kit","og_description":"Hiermee kun je meeslepende 360\u00b0-fietsbeelden vastleggen met je Osmo 360 door deze voor je stuur te bevestigen.  Inclusief een lichtgewicht verlengstang van 28 cm van koolstofvezel voor een hoger perspectief en een vloeiender zichtlijn.  Voorzien van zowel een 1\/4\u2033 schroefdraadinsert als een driepuntsbevestiging voor flexibele bevestiging van accessoires.  Ontworpen voor eenvoudige installatie op ronde fietsbuizen en sturen, met stevige grip en meegeleverd gereedschap.  Dankzij de ingebouwde fietscomputerbevestiging kunt u tijdens het opnemen uw fietsstatistieken bekijken zonder extra adapters.","og_url":"https:\/\/koningdrone.be\/es\/producto\/dji-osmo-multifunctional-bike-tube-mount-kit\/","og_site_name":"koningdrone.be","article_modified_time":"2026-04-29T01:50:33+00:00","og_image":[{"width":2048,"height":2048,"url":"https:\/\/koningdrone.be\/wp-content\/uploads\/sites\/13\/2026\/03\/DJI-Osmo-Multifunctional-360-Bike-Tube-Mount-Kit.webp","type":"image\/webp"}],"twitter_card":"summary_large_image","twitter_misc":{"Tiempo de lectura":"1 minuto"},"schema":{"@context":"https:\/\/schema.org","@graph":[{"@type":"WebPage","@id":"https:\/\/koningdrone.be\/product\/dji-osmo-multifunctional-bike-tube-mount-kit\/","url":"https:\/\/koningdrone.be\/product\/dji-osmo-multifunctional-bike-tube-mount-kit\/","name":"DJI Osmo Multifunctional Bike Tube Mount Kit - koningdrone.be","isPartOf":{"@id":"https:\/\/koningdrone.be\/#website"},"primaryImageOfPage":{"@id":"https:\/\/koningdrone.be\/product\/dji-osmo-multifunctional-bike-tube-mount-kit\/#primaryimage"},"image":{"@id":"https:\/\/koningdrone.be\/product\/dji-osmo-multifunctional-bike-tube-mount-kit\/#primaryimage"},"thumbnailUrl":"https:\/\/koningdrone.be\/wp-content\/uploads\/sites\/13\/2026\/03\/DJI-Osmo-Multifunctional-360-Bike-Tube-Mount-Kit.webp","datePublished":"2026-03-05T07:40:53+00:00","dateModified":"2026-04-29T01:50:33+00:00","breadcrumb":{"@id":"https:\/\/koningdrone.be\/product\/dji-osmo-multifunctional-bike-tube-mount-kit\/#breadcrumb"},"inLanguage":"es","potentialAction":[{"@type":"ReadAction","target":["https:\/\/koningdrone.be\/product\/dji-osmo-multifunctional-bike-tube-mount-kit\/"]}]},{"@type":"ImageObject","inLanguage":"es","@id":"https:\/\/koningdrone.be\/product\/dji-osmo-multifunctional-bike-tube-mount-kit\/#primaryimage","url":"https:\/\/koningdrone.be\/wp-content\/uploads\/sites\/13\/2026\/03\/DJI-Osmo-Multifunctional-360-Bike-Tube-Mount-Kit.webp","contentUrl":"https:\/\/koningdrone.be\/wp-content\/uploads\/sites\/13\/2026\/03\/DJI-Osmo-Multifunctional-360-Bike-Tube-Mount-Kit.webp","width":2048,"height":2048},{"@type":"BreadcrumbList","@id":"https:\/\/koningdrone.be\/product\/dji-osmo-multifunctional-bike-tube-mount-kit\/#breadcrumb","itemListElement":[{"@type":"ListItem","position":1,"name":"Home","item":"https:\/\/koningdrone.be\/"},{"@type":"ListItem","position":2,"name":"AVSS Parachute Recovery System for DJI Matrice 300\/350","item":"https:\/\/koningdrone.be\/product\/avss-parachute-recovery-system-for-dji-matrice-300-350\/"},{"@type":"ListItem","position":3,"name":"DJI Osmo","item":"https:\/\/koningdrone.be\/categorie\/dji-osmo\/"},{"@type":"ListItem","position":4,"name":"DJI Osmo Multifunctional Bike Tube Mount Kit"}]},{"@type":"WebSite","@id":"https:\/\/koningdrone.be\/#website","url":"https:\/\/koningdrone.be\/","name":"Koningdrone.be - Su especialista en l\u00ednea en drones, cardanes, c\u00e1maras y centrales el\u00e9ctricas.","description":"La tienda virtual de drones y cardanes","publisher":{"@id":"https:\/\/koningdrone.be\/#organization"},"potentialAction":[{"@type":"SearchAction","target":{"@type":"EntryPoint","urlTemplate":"https:\/\/koningdrone.be\/?s={search_term_string}"},"query-input":{"@type":"PropertyValueSpecification","valueRequired":true,"valueName":"search_term_string"}}],"inLanguage":"es"},{"@type":"Organization","@id":"https:\/\/koningdrone.be\/#organization","name":"Kingdrone.es","url":"https:\/\/koningdrone.be\/","logo":{"@type":"ImageObject","inLanguage":"es","@id":"https:\/\/koningdrone.be\/#\/schema\/logo\/image\/","url":"https:\/\/koningdrone.be\/wp-content\/uploads\/sites\/13\/2025\/04\/koningdrone-copyright-logo.svg","contentUrl":"https:\/\/koningdrone.be\/wp-content\/uploads\/sites\/13\/2025\/04\/koningdrone-copyright-logo.svg","width":227,"height":38,"caption":"Koningdrone.be"},"image":{"@id":"https:\/\/koningdrone.be\/#\/schema\/logo\/image\/"}}]}},"df_price":46,"df_sale_price":"","df_regular_price":46,"df_image_link":"https:\/\/koningdrone.be\/wp-content\/uploads\/sites\/13\/2026\/03\/DJI-Osmo-Multifunctional-360-Bike-Tube-Mount-Kit-300x300.webp","_links":{"self":[{"href":"https:\/\/koningdrone.be\/es\/wp-json\/wp\/v2\/product\/16657","targetHints":{"allow":["GET"]}}],"collection":[{"href":"https:\/\/koningdrone.be\/es\/wp-json\/wp\/v2\/product"}],"about":[{"href":"https:\/\/koningdrone.be\/es\/wp-json\/wp\/v2\/types\/product"}],"wp:featuredmedia":[{"embeddable":true,"href":"https:\/\/koningdrone.be\/es\/wp-json\/wp\/v2\/media\/16652"}],"wp:attachment":[{"href":"https:\/\/koningdrone.be\/es\/wp-json\/wp\/v2\/media?parent=16657"}],"wp:term":[{"taxonomy":"product_brand","embeddable":true,"href":"https:\/\/koningdrone.be\/es\/wp-json\/wp\/v2\/product_brand?post=16657"},{"taxonomy":"product_cat","embeddable":true,"href":"https:\/\/koningdrone.be\/es\/wp-json\/wp\/v2\/product_cat?post=16657"},{"taxonomy":"product_tag","embeddable":true,"href":"https:\/\/koningdrone.be\/es\/wp-json\/wp\/v2\/product_tag?post=16657"}],"curies":[{"name":"wp","href":"https:\/\/api.w.org\/{rel}","templated":true}]}}