{"id":1663,"date":"2024-12-04T12:14:28","date_gmt":"2024-12-04T11:14:28","guid":{"rendered":"https:\/\/koningdrone.nl\/kon\/?post_type=product&#038;p=1663"},"modified":"2026-04-29T04:10:22","modified_gmt":"2026-04-29T02:10:22","slug":"card-dji-care-pro-dji-ronin-4d-8k","status":"publish","type":"product","link":"https:\/\/koningdrone.be\/es\/producto\/card-dji-care-pro-dji-ronin-4d-8k\/","title":{"rendered":"Tarjeta DJI Care Pro - DJI Ronin 4D-8K"},"content":{"rendered":"<p>DJI Care Pro para DJI Ronin 4D-8K ofrece protecci\u00f3n premium y servicio integral para tu c\u00e1mara de cine avanzada. Incluye cobertura integral para da\u00f1os accidentales, como ca\u00eddas, colisiones o da\u00f1os por agua, con opciones de reparaci\u00f3n o sustituci\u00f3n. Disfrute de un servicio prioritario, asistencia internacional y tranquilidad mientras crea obras maestras cinematogr\u00e1ficas con el Ronin 4D-8K. Perfecto para profesionales que buscan un funcionamiento fiable y sin preocupaciones.<\/p>","protected":false},"excerpt":{"rendered":"<ul>\n<li>Asistencia t\u00e9cnica y reparaci\u00f3n<\/li>\n<li>Mantenimiento de la f\u00e1brica<\/li>\n<li>L\u00edmite de cobertura de 9.499<\/li>\n<li>Reparaciones gratuitas ilimitadas<\/li>\n<\/ul>","protected":false},"featured_media":1659,"template":"","meta":{"_acf_changed":false},"product_brand":[],"product_cat":[175,532],"product_tag":[],"class_list":{"0":"post-1663","1":"product","2":"type-product","3":"status-publish","4":"has-post-thumbnail","6":"product_cat-alle-care-refresh","7":"product_cat-dji-ronin-4d","8":"product_shipping_class-acsystemsall","9":"pa_brand-dji","10":"pa_producttype-zorgplan","11":"pa_series-ronin-4d-8k","13":"first","14":"instock","15":"taxable","16":"shipping-taxable","17":"purchasable","18":"product-type-simple"},"acf":[],"yoast_head":"<!-- This site is optimized with the Yoast SEO Premium plugin v27.2 (Yoast SEO v27.2) - https:\/\/yoast.com\/product\/yoast-seo-premium-wordpress\/ -->\n<title>Card DJI Care Pro - DJI Ronin 4D-8K - koningdrone.be<\/title>\n<meta name=\"robots\" content=\"index, follow, max-snippet:-1, max-image-preview:large, max-video-preview:-1\" \/>\n<link rel=\"canonical\" href=\"https:\/\/koningdrone.be\/es\/producto\/card-dji-care-pro-dji-ronin-4d-8k\/\" \/>\n<meta property=\"og:locale\" content=\"es_ES\" \/>\n<meta property=\"og:type\" content=\"article\" \/>\n<meta property=\"og:title\" content=\"Card DJI Care Pro - DJI Ronin 4D-8K\" \/>\n<meta property=\"og:description\" content=\"Technische assistentie en reparatie  Fabrieksonderhoud  Dekkingslimiet van \u20ac 9.499  Onbeperkt gratis reparaties\" \/>\n<meta property=\"og:url\" content=\"https:\/\/koningdrone.be\/es\/producto\/card-dji-care-pro-dji-ronin-4d-8k\/\" \/>\n<meta property=\"og:site_name\" content=\"koningdrone.be\" \/>\n<meta property=\"article:modified_time\" content=\"2026-04-29T02:10:22+00:00\" \/>\n<meta property=\"og:image\" content=\"https:\/\/koningdrone.be\/wp-content\/uploads\/sites\/13\/2025\/04\/DJI-Care-Pro-2-Year-Plan-DJI-Ronin-4D-8K.jpg\" \/>\n\t<meta property=\"og:image:width\" content=\"2000\" \/>\n\t<meta property=\"og:image:height\" content=\"2000\" \/>\n\t<meta property=\"og:image:type\" content=\"image\/jpeg\" \/>\n<meta name=\"twitter:card\" content=\"summary_large_image\" \/>\n<script type=\"application\/ld+json\" class=\"yoast-schema-graph\">{\"@context\":\"https:\/\/schema.org\",\"@graph\":[{\"@type\":\"WebPage\",\"@id\":\"https:\/\/koningdrone.be\/product\/card-dji-care-pro-dji-ronin-4d-8k\/\",\"url\":\"https:\/\/koningdrone.be\/product\/card-dji-care-pro-dji-ronin-4d-8k\/\",\"name\":\"Card DJI Care Pro - DJI Ronin 4D-8K - koningdrone.be\",\"isPartOf\":{\"@id\":\"https:\/\/koningdrone.be\/#website\"},\"primaryImageOfPage\":{\"@id\":\"https:\/\/koningdrone.be\/product\/card-dji-care-pro-dji-ronin-4d-8k\/#primaryimage\"},\"image\":{\"@id\":\"https:\/\/koningdrone.be\/product\/card-dji-care-pro-dji-ronin-4d-8k\/#primaryimage\"},\"thumbnailUrl\":\"https:\/\/koningdrone.be\/wp-content\/uploads\/sites\/13\/2025\/04\/DJI-Care-Pro-2-Year-Plan-DJI-Ronin-4D-8K.jpg\",\"datePublished\":\"2024-12-04T11:14:28+00:00\",\"dateModified\":\"2026-04-29T02:10:22+00:00\",\"breadcrumb\":{\"@id\":\"https:\/\/koningdrone.be\/product\/card-dji-care-pro-dji-ronin-4d-8k\/#breadcrumb\"},\"inLanguage\":\"es\",\"potentialAction\":[{\"@type\":\"ReadAction\",\"target\":[\"https:\/\/koningdrone.be\/product\/card-dji-care-pro-dji-ronin-4d-8k\/\"]}]},{\"@type\":\"ImageObject\",\"inLanguage\":\"es\",\"@id\":\"https:\/\/koningdrone.be\/product\/card-dji-care-pro-dji-ronin-4d-8k\/#primaryimage\",\"url\":\"https:\/\/koningdrone.be\/wp-content\/uploads\/sites\/13\/2025\/04\/DJI-Care-Pro-2-Year-Plan-DJI-Ronin-4D-8K.jpg\",\"contentUrl\":\"https:\/\/koningdrone.be\/wp-content\/uploads\/sites\/13\/2025\/04\/DJI-Care-Pro-2-Year-Plan-DJI-Ronin-4D-8K.jpg\",\"width\":2000,\"height\":2000},{\"@type\":\"BreadcrumbList\",\"@id\":\"https:\/\/koningdrone.be\/product\/card-dji-care-pro-dji-ronin-4d-8k\/#breadcrumb\",\"itemListElement\":[{\"@type\":\"ListItem\",\"position\":1,\"name\":\"Home\",\"item\":\"https:\/\/koningdrone.be\/\"},{\"@type\":\"ListItem\",\"position\":2,\"name\":\"AVSS Parachute Recovery System for DJI Matrice 300\/350\",\"item\":\"https:\/\/koningdrone.be\/product\/avss-parachute-recovery-system-for-dji-matrice-300-350\/\"},{\"@type\":\"ListItem\",\"position\":3,\"name\":\"Alle care refresh\",\"item\":\"https:\/\/koningdrone.be\/categorie\/alle-care-refresh\/\"},{\"@type\":\"ListItem\",\"position\":4,\"name\":\"Card DJI Care Pro &#8211; DJI Ronin 4D-8K\"}]},{\"@type\":\"WebSite\",\"@id\":\"https:\/\/koningdrone.be\/#website\",\"url\":\"https:\/\/koningdrone.be\/\",\"name\":\"Koningdrone.be - Uw online specialist in drones, gimbals, camera's en power stations.\",\"description\":\"De webshop in drones en gimbals\",\"publisher\":{\"@id\":\"https:\/\/koningdrone.be\/#organization\"},\"potentialAction\":[{\"@type\":\"SearchAction\",\"target\":{\"@type\":\"EntryPoint\",\"urlTemplate\":\"https:\/\/koningdrone.be\/?s={search_term_string}\"},\"query-input\":{\"@type\":\"PropertyValueSpecification\",\"valueRequired\":true,\"valueName\":\"search_term_string\"}}],\"inLanguage\":\"es\"},{\"@type\":\"Organization\",\"@id\":\"https:\/\/koningdrone.be\/#organization\",\"name\":\"Koningdrone.be\",\"url\":\"https:\/\/koningdrone.be\/\",\"logo\":{\"@type\":\"ImageObject\",\"inLanguage\":\"es\",\"@id\":\"https:\/\/koningdrone.be\/#\/schema\/logo\/image\/\",\"url\":\"https:\/\/koningdrone.be\/wp-content\/uploads\/sites\/13\/2025\/04\/koningdrone-copyright-logo.svg\",\"contentUrl\":\"https:\/\/koningdrone.be\/wp-content\/uploads\/sites\/13\/2025\/04\/koningdrone-copyright-logo.svg\",\"width\":227,\"height\":38,\"caption\":\"Koningdrone.be\"},\"image\":{\"@id\":\"https:\/\/koningdrone.be\/#\/schema\/logo\/image\/\"}}]}<\/script>\n<!-- \/ Yoast SEO Premium plugin. -->","yoast_head_json":{"title":"Card DJI Care Pro - DJI Ronin 4D-8K - koningdrone.be","robots":{"index":"index","follow":"follow","max-snippet":"max-snippet:-1","max-image-preview":"max-image-preview:large","max-video-preview":"max-video-preview:-1"},"canonical":"https:\/\/koningdrone.be\/es\/producto\/card-dji-care-pro-dji-ronin-4d-8k\/","og_locale":"es_ES","og_type":"article","og_title":"Card DJI Care Pro - DJI Ronin 4D-8K","og_description":"Technische assistentie en reparatie  Fabrieksonderhoud  Dekkingslimiet van \u20ac 9.499  Onbeperkt gratis reparaties","og_url":"https:\/\/koningdrone.be\/es\/producto\/card-dji-care-pro-dji-ronin-4d-8k\/","og_site_name":"koningdrone.be","article_modified_time":"2026-04-29T02:10:22+00:00","og_image":[{"width":2000,"height":2000,"url":"https:\/\/koningdrone.be\/wp-content\/uploads\/sites\/13\/2025\/04\/DJI-Care-Pro-2-Year-Plan-DJI-Ronin-4D-8K.jpg","type":"image\/jpeg"}],"twitter_card":"summary_large_image","schema":{"@context":"https:\/\/schema.org","@graph":[{"@type":"WebPage","@id":"https:\/\/koningdrone.be\/product\/card-dji-care-pro-dji-ronin-4d-8k\/","url":"https:\/\/koningdrone.be\/product\/card-dji-care-pro-dji-ronin-4d-8k\/","name":"Card DJI Care Pro - DJI Ronin 4D-8K - koningdrone.be","isPartOf":{"@id":"https:\/\/koningdrone.be\/#website"},"primaryImageOfPage":{"@id":"https:\/\/koningdrone.be\/product\/card-dji-care-pro-dji-ronin-4d-8k\/#primaryimage"},"image":{"@id":"https:\/\/koningdrone.be\/product\/card-dji-care-pro-dji-ronin-4d-8k\/#primaryimage"},"thumbnailUrl":"https:\/\/koningdrone.be\/wp-content\/uploads\/sites\/13\/2025\/04\/DJI-Care-Pro-2-Year-Plan-DJI-Ronin-4D-8K.jpg","datePublished":"2024-12-04T11:14:28+00:00","dateModified":"2026-04-29T02:10:22+00:00","breadcrumb":{"@id":"https:\/\/koningdrone.be\/product\/card-dji-care-pro-dji-ronin-4d-8k\/#breadcrumb"},"inLanguage":"es","potentialAction":[{"@type":"ReadAction","target":["https:\/\/koningdrone.be\/product\/card-dji-care-pro-dji-ronin-4d-8k\/"]}]},{"@type":"ImageObject","inLanguage":"es","@id":"https:\/\/koningdrone.be\/product\/card-dji-care-pro-dji-ronin-4d-8k\/#primaryimage","url":"https:\/\/koningdrone.be\/wp-content\/uploads\/sites\/13\/2025\/04\/DJI-Care-Pro-2-Year-Plan-DJI-Ronin-4D-8K.jpg","contentUrl":"https:\/\/koningdrone.be\/wp-content\/uploads\/sites\/13\/2025\/04\/DJI-Care-Pro-2-Year-Plan-DJI-Ronin-4D-8K.jpg","width":2000,"height":2000},{"@type":"BreadcrumbList","@id":"https:\/\/koningdrone.be\/product\/card-dji-care-pro-dji-ronin-4d-8k\/#breadcrumb","itemListElement":[{"@type":"ListItem","position":1,"name":"Home","item":"https:\/\/koningdrone.be\/"},{"@type":"ListItem","position":2,"name":"AVSS Parachute Recovery System for DJI Matrice 300\/350","item":"https:\/\/koningdrone.be\/product\/avss-parachute-recovery-system-for-dji-matrice-300-350\/"},{"@type":"ListItem","position":3,"name":"Alle care refresh","item":"https:\/\/koningdrone.be\/categorie\/alle-care-refresh\/"},{"@type":"ListItem","position":4,"name":"Card DJI Care Pro &#8211; DJI Ronin 4D-8K"}]},{"@type":"WebSite","@id":"https:\/\/koningdrone.be\/#website","url":"https:\/\/koningdrone.be\/","name":"Koningdrone.be - Su especialista en l\u00ednea en drones, cardanes, c\u00e1maras y centrales el\u00e9ctricas.","description":"La tienda virtual de drones y cardanes","publisher":{"@id":"https:\/\/koningdrone.be\/#organization"},"potentialAction":[{"@type":"SearchAction","target":{"@type":"EntryPoint","urlTemplate":"https:\/\/koningdrone.be\/?s={search_term_string}"},"query-input":{"@type":"PropertyValueSpecification","valueRequired":true,"valueName":"search_term_string"}}],"inLanguage":"es"},{"@type":"Organization","@id":"https:\/\/koningdrone.be\/#organization","name":"Kingdrone.es","url":"https:\/\/koningdrone.be\/","logo":{"@type":"ImageObject","inLanguage":"es","@id":"https:\/\/koningdrone.be\/#\/schema\/logo\/image\/","url":"https:\/\/koningdrone.be\/wp-content\/uploads\/sites\/13\/2025\/04\/koningdrone-copyright-logo.svg","contentUrl":"https:\/\/koningdrone.be\/wp-content\/uploads\/sites\/13\/2025\/04\/koningdrone-copyright-logo.svg","width":227,"height":38,"caption":"Koningdrone.be"},"image":{"@id":"https:\/\/koningdrone.be\/#\/schema\/logo\/image\/"}}]}},"df_price":1301,"df_sale_price":"","df_regular_price":1301,"df_image_link":"https:\/\/koningdrone.be\/wp-content\/uploads\/sites\/13\/2025\/04\/DJI-Care-Pro-2-Year-Plan-DJI-Ronin-4D-8K-300x300.jpg","_links":{"self":[{"href":"https:\/\/koningdrone.be\/es\/wp-json\/wp\/v2\/product\/1663","targetHints":{"allow":["GET"]}}],"collection":[{"href":"https:\/\/koningdrone.be\/es\/wp-json\/wp\/v2\/product"}],"about":[{"href":"https:\/\/koningdrone.be\/es\/wp-json\/wp\/v2\/types\/product"}],"wp:featuredmedia":[{"embeddable":true,"href":"https:\/\/koningdrone.be\/es\/wp-json\/wp\/v2\/media\/1659"}],"wp:attachment":[{"href":"https:\/\/koningdrone.be\/es\/wp-json\/wp\/v2\/media?parent=1663"}],"wp:term":[{"taxonomy":"product_brand","embeddable":true,"href":"https:\/\/koningdrone.be\/es\/wp-json\/wp\/v2\/product_brand?post=1663"},{"taxonomy":"product_cat","embeddable":true,"href":"https:\/\/koningdrone.be\/es\/wp-json\/wp\/v2\/product_cat?post=1663"},{"taxonomy":"product_tag","embeddable":true,"href":"https:\/\/koningdrone.be\/es\/wp-json\/wp\/v2\/product_tag?post=1663"}],"curies":[{"name":"wp","href":"https:\/\/api.w.org\/{rel}","templated":true}]}}