{"id":1629,"date":"2024-12-04T12:15:29","date_gmt":"2024-12-04T11:15:29","guid":{"rendered":"https:\/\/koningdrone.nl\/kon\/?post_type=product&#038;p=1629"},"modified":"2026-04-29T15:50:51","modified_gmt":"2026-04-29T13:50:51","slug":"dji-care-enterprise-basic-renew-for-dji-zenmuse-p1","status":"publish","type":"product","link":"https:\/\/koningdrone.be\/es\/producto\/dji-care-enterprise-basic-renew-for-dji-zenmuse-p1\/","title":{"rendered":"DJI Care Enterprise Basic Renovar Para DJI Zenmuse P1"},"content":{"rendered":"<h3>DJI Care Enterprise Basic Renovar Para DJI Zenmuse P1<\/h3>\n<p>DJI Care Enterprise Basic Renew para Zenmuse P1 es un esquema de servicio y protecci\u00f3n ampliado para equipos DJI Enterprise. Este c\u00f3digo de servicio ampl\u00eda la cobertura DJI Care Enterprise Basic existente durante otros 12 meses, lo que permite a los operadores de drones profesionales seguir utilizando sus equipos protegidos durante misiones cr\u00edticas de cartograf\u00eda y topograf\u00eda. El servicio est\u00e1 dise\u00f1ado espec\u00edficamente para la c\u00e1mara de carga \u00fatil Zenmuse P1 que se utiliza a menudo en drones empresariales para proyectos de fotogrametr\u00eda y topograf\u00eda.<\/p>\n<h4>Rendimiento y funcionalidad<\/h4>\n<p>Con DJI Care Enterprise Basic Renew, obtienes protecci\u00f3n adicional contra da\u00f1os que pueden ocurrir durante el uso normal, como colisiones, ca\u00eddas, da\u00f1os por agua o interferencias en la se\u00f1al. Cuando se producen da\u00f1os, el programa ofrece un servicio de sustituci\u00f3n a un coste de reposici\u00f3n reducido. Esto permite a los operadores sustituir r\u00e1pidamente los equipos y continuar las operaciones sin grandes interrupciones. El servicio se activa mediante un c\u00f3digo de activaci\u00f3n digital y es v\u00e1lido durante 12 meses tras su activaci\u00f3n.<\/p>\n<p><a href=\"https:\/\/koningdrone.nl\/wp-content\/uploads\/2024\/12\/DJI-Care-Enterprise-Basic-Renew-For-DJI-Zenmuse-P1.jpg\"><img loading=\"lazy\" decoding=\"async\" class=\"size-medium wp-image-471915 aligncenter\" src=\"https:\/\/koningdrone.nl\/wp-content\/uploads\/2024\/12\/DJI-Care-Enterprise-Basic-Renew-For-DJI-Zenmuse-P1-300x300.jpg\" alt=\"DJI Care Enterprise Basic Renew For DJI Zenmuse P1\" width=\"300\" height=\"300\" \/><\/a><\/p>\n<h4>Calidad de construcci\u00f3n y dise\u00f1o<\/h4>\n<p>DJI Care Enterprise Basic Renew es una licencia de servicio digital que est\u00e1 vinculada al registro del n\u00famero de serie de tu Zenmuse P1. La activaci\u00f3n se realiza a trav\u00e9s de la plataforma de servicio DJI Enterprise y est\u00e1 vinculada directamente al dispositivo para el que est\u00e1 prevista la cobertura. El sistema est\u00e1 dise\u00f1ado para usuarios empresariales profesionales y puede integrarse f\u00e1cilmente en los procesos de gesti\u00f3n de drones existentes.<\/p>\n<h4>Por qu\u00e9 lo necesita<\/h4>\n<p>Para las empresas y los profesionales que dependen de sus equipos de drones, el tiempo de inactividad es costoso. Con DJI Care Enterprise Basic Renew, puedes ampliar la vida de tu plan de protecci\u00f3n y obtener seguridad adicional durante misiones importantes. Ofrece una forma rentable de mantener protegido y operativo un costoso equipo empresarial como el Zenmuse P1.<\/p>","protected":false},"excerpt":{"rendered":"<ul>\n<li>Ampliaci\u00f3n de DJI Care Enterprise Basic por otros 12 meses de protecci\u00f3n<\/li>\n<li>Protecci\u00f3n contra da\u00f1os por colisi\u00f3n, agua, ca\u00eddas e interferencias de la se\u00f1al<\/li>\n<li>Incluye servicio de sustituci\u00f3n a coste reducido en caso de aver\u00eda<\/li>\n<li>C\u00f3digo de activaci\u00f3n digital vinculado f\u00e1cilmente a su Zenmuse P1<\/li>\n<li>Ideal para aplicaciones profesionales de cartograf\u00eda y topograf\u00eda con drones<\/li>\n<\/ul>","protected":false},"featured_media":18472,"template":"","meta":{"_acf_changed":false},"product_brand":[],"product_cat":[175,1317],"product_tag":[],"class_list":{"0":"post-1629","1":"product","2":"type-product","3":"status-publish","4":"has-post-thumbnail","6":"product_cat-alle-care-refresh","7":"product_cat-dji-zenmuse-p1","8":"product_shipping_class-outofstock","9":"pa_brand-dji","10":"pa_producttype-serviceplan","12":"first","13":"outofstock","14":"taxable","15":"shipping-taxable","16":"purchasable","17":"product-type-simple"},"acf":[],"yoast_head":"<!-- This site is optimized with the Yoast SEO Premium plugin v27.2 (Yoast SEO v27.2) - https:\/\/yoast.com\/product\/yoast-seo-premium-wordpress\/ -->\n<title>DJI Care Enterprise Basic Renew For DJI Zenmuse P1 - koningdrone.be<\/title>\n<meta name=\"robots\" content=\"index, follow, max-snippet:-1, max-image-preview:large, max-video-preview:-1\" \/>\n<link rel=\"canonical\" href=\"https:\/\/koningdrone.be\/es\/producto\/dji-care-enterprise-basic-renew-for-dji-zenmuse-p1\/\" \/>\n<meta property=\"og:locale\" content=\"es_ES\" \/>\n<meta property=\"og:type\" content=\"article\" \/>\n<meta property=\"og:title\" content=\"DJI Care Enterprise Basic Renew For DJI Zenmuse P1\" \/>\n<meta property=\"og:description\" content=\"Verlenging van DJI Care Enterprise Basic met nog eens 12 maanden bescherming  Bescherming tegen schade door botsingen, water, valpartijen en signaalinterferentie  Inclusief vervangingsservice tegen gereduceerde kosten bij schade  Digitale activatiecode die eenvoudig gekoppeld wordt aan je Zenmuse P1  Ideaal voor professionele drone-mapping en survey-toepassingen\" \/>\n<meta property=\"og:url\" content=\"https:\/\/koningdrone.be\/es\/producto\/dji-care-enterprise-basic-renew-for-dji-zenmuse-p1\/\" \/>\n<meta property=\"og:site_name\" content=\"koningdrone.be\" \/>\n<meta property=\"article:modified_time\" content=\"2026-04-29T13:50:51+00:00\" \/>\n<meta property=\"og:image\" content=\"https:\/\/koningdrone.be\/wp-content\/uploads\/sites\/13\/2026\/04\/DJI-Care-Enterprise-Basic-Renew-For-DJI-Zenmuse-P1.jpg\" \/>\n\t<meta property=\"og:image:width\" content=\"510\" \/>\n\t<meta property=\"og:image:height\" content=\"510\" \/>\n\t<meta property=\"og:image:type\" content=\"image\/jpeg\" \/>\n<meta name=\"twitter:card\" content=\"summary_large_image\" \/>\n<meta name=\"twitter:label1\" content=\"Tiempo de lectura\" \/>\n\t<meta name=\"twitter:data1\" content=\"1 minuto\" \/>\n<script type=\"application\/ld+json\" class=\"yoast-schema-graph\">{\"@context\":\"https:\/\/schema.org\",\"@graph\":[{\"@type\":\"WebPage\",\"@id\":\"https:\/\/koningdrone.be\/product\/dji-care-enterprise-basic-renew-for-dji-zenmuse-p1\/\",\"url\":\"https:\/\/koningdrone.be\/product\/dji-care-enterprise-basic-renew-for-dji-zenmuse-p1\/\",\"name\":\"DJI Care Enterprise Basic Renew For DJI Zenmuse P1 - koningdrone.be\",\"isPartOf\":{\"@id\":\"https:\/\/koningdrone.be\/#website\"},\"primaryImageOfPage\":{\"@id\":\"https:\/\/koningdrone.be\/product\/dji-care-enterprise-basic-renew-for-dji-zenmuse-p1\/#primaryimage\"},\"image\":{\"@id\":\"https:\/\/koningdrone.be\/product\/dji-care-enterprise-basic-renew-for-dji-zenmuse-p1\/#primaryimage\"},\"thumbnailUrl\":\"https:\/\/koningdrone.be\/wp-content\/uploads\/sites\/13\/2026\/04\/DJI-Care-Enterprise-Basic-Renew-For-DJI-Zenmuse-P1.jpg\",\"datePublished\":\"2024-12-04T11:15:29+00:00\",\"dateModified\":\"2026-04-29T13:50:51+00:00\",\"breadcrumb\":{\"@id\":\"https:\/\/koningdrone.be\/product\/dji-care-enterprise-basic-renew-for-dji-zenmuse-p1\/#breadcrumb\"},\"inLanguage\":\"es\",\"potentialAction\":[{\"@type\":\"ReadAction\",\"target\":[\"https:\/\/koningdrone.be\/product\/dji-care-enterprise-basic-renew-for-dji-zenmuse-p1\/\"]}]},{\"@type\":\"ImageObject\",\"inLanguage\":\"es\",\"@id\":\"https:\/\/koningdrone.be\/product\/dji-care-enterprise-basic-renew-for-dji-zenmuse-p1\/#primaryimage\",\"url\":\"https:\/\/koningdrone.be\/wp-content\/uploads\/sites\/13\/2026\/04\/DJI-Care-Enterprise-Basic-Renew-For-DJI-Zenmuse-P1.jpg\",\"contentUrl\":\"https:\/\/koningdrone.be\/wp-content\/uploads\/sites\/13\/2026\/04\/DJI-Care-Enterprise-Basic-Renew-For-DJI-Zenmuse-P1.jpg\",\"width\":510,\"height\":510},{\"@type\":\"BreadcrumbList\",\"@id\":\"https:\/\/koningdrone.be\/product\/dji-care-enterprise-basic-renew-for-dji-zenmuse-p1\/#breadcrumb\",\"itemListElement\":[{\"@type\":\"ListItem\",\"position\":1,\"name\":\"Home\",\"item\":\"https:\/\/koningdrone.be\/\"},{\"@type\":\"ListItem\",\"position\":2,\"name\":\"AVSS Parachute Recovery System for DJI Matrice 300\/350\",\"item\":\"https:\/\/koningdrone.be\/product\/avss-parachute-recovery-system-for-dji-matrice-300-350\/\"},{\"@type\":\"ListItem\",\"position\":3,\"name\":\"Alle care refresh\",\"item\":\"https:\/\/koningdrone.be\/categorie\/alle-care-refresh\/\"},{\"@type\":\"ListItem\",\"position\":4,\"name\":\"DJI Care Enterprise Basic Renew For DJI Zenmuse P1\"}]},{\"@type\":\"WebSite\",\"@id\":\"https:\/\/koningdrone.be\/#website\",\"url\":\"https:\/\/koningdrone.be\/\",\"name\":\"Koningdrone.be - Uw online specialist in drones, gimbals, camera's en power stations.\",\"description\":\"De webshop in drones en gimbals\",\"publisher\":{\"@id\":\"https:\/\/koningdrone.be\/#organization\"},\"potentialAction\":[{\"@type\":\"SearchAction\",\"target\":{\"@type\":\"EntryPoint\",\"urlTemplate\":\"https:\/\/koningdrone.be\/?s={search_term_string}\"},\"query-input\":{\"@type\":\"PropertyValueSpecification\",\"valueRequired\":true,\"valueName\":\"search_term_string\"}}],\"inLanguage\":\"es\"},{\"@type\":\"Organization\",\"@id\":\"https:\/\/koningdrone.be\/#organization\",\"name\":\"Koningdrone.be\",\"url\":\"https:\/\/koningdrone.be\/\",\"logo\":{\"@type\":\"ImageObject\",\"inLanguage\":\"es\",\"@id\":\"https:\/\/koningdrone.be\/#\/schema\/logo\/image\/\",\"url\":\"https:\/\/koningdrone.be\/wp-content\/uploads\/sites\/13\/2025\/04\/koningdrone-copyright-logo.svg\",\"contentUrl\":\"https:\/\/koningdrone.be\/wp-content\/uploads\/sites\/13\/2025\/04\/koningdrone-copyright-logo.svg\",\"width\":227,\"height\":38,\"caption\":\"Koningdrone.be\"},\"image\":{\"@id\":\"https:\/\/koningdrone.be\/#\/schema\/logo\/image\/\"}}]}<\/script>\n<!-- \/ Yoast SEO Premium plugin. -->","yoast_head_json":{"title":"DJI Care Enterprise Basic Renew For DJI Zenmuse P1 - koningdrone.be","robots":{"index":"index","follow":"follow","max-snippet":"max-snippet:-1","max-image-preview":"max-image-preview:large","max-video-preview":"max-video-preview:-1"},"canonical":"https:\/\/koningdrone.be\/es\/producto\/dji-care-enterprise-basic-renew-for-dji-zenmuse-p1\/","og_locale":"es_ES","og_type":"article","og_title":"DJI Care Enterprise Basic Renew For DJI Zenmuse P1","og_description":"Verlenging van DJI Care Enterprise Basic met nog eens 12 maanden bescherming  Bescherming tegen schade door botsingen, water, valpartijen en signaalinterferentie  Inclusief vervangingsservice tegen gereduceerde kosten bij schade  Digitale activatiecode die eenvoudig gekoppeld wordt aan je Zenmuse P1  Ideaal voor professionele drone-mapping en survey-toepassingen","og_url":"https:\/\/koningdrone.be\/es\/producto\/dji-care-enterprise-basic-renew-for-dji-zenmuse-p1\/","og_site_name":"koningdrone.be","article_modified_time":"2026-04-29T13:50:51+00:00","og_image":[{"width":510,"height":510,"url":"https:\/\/koningdrone.be\/wp-content\/uploads\/sites\/13\/2026\/04\/DJI-Care-Enterprise-Basic-Renew-For-DJI-Zenmuse-P1.jpg","type":"image\/jpeg"}],"twitter_card":"summary_large_image","twitter_misc":{"Tiempo de lectura":"1 minuto"},"schema":{"@context":"https:\/\/schema.org","@graph":[{"@type":"WebPage","@id":"https:\/\/koningdrone.be\/product\/dji-care-enterprise-basic-renew-for-dji-zenmuse-p1\/","url":"https:\/\/koningdrone.be\/product\/dji-care-enterprise-basic-renew-for-dji-zenmuse-p1\/","name":"DJI Care Enterprise Basic Renew For DJI Zenmuse P1 - koningdrone.be","isPartOf":{"@id":"https:\/\/koningdrone.be\/#website"},"primaryImageOfPage":{"@id":"https:\/\/koningdrone.be\/product\/dji-care-enterprise-basic-renew-for-dji-zenmuse-p1\/#primaryimage"},"image":{"@id":"https:\/\/koningdrone.be\/product\/dji-care-enterprise-basic-renew-for-dji-zenmuse-p1\/#primaryimage"},"thumbnailUrl":"https:\/\/koningdrone.be\/wp-content\/uploads\/sites\/13\/2026\/04\/DJI-Care-Enterprise-Basic-Renew-For-DJI-Zenmuse-P1.jpg","datePublished":"2024-12-04T11:15:29+00:00","dateModified":"2026-04-29T13:50:51+00:00","breadcrumb":{"@id":"https:\/\/koningdrone.be\/product\/dji-care-enterprise-basic-renew-for-dji-zenmuse-p1\/#breadcrumb"},"inLanguage":"es","potentialAction":[{"@type":"ReadAction","target":["https:\/\/koningdrone.be\/product\/dji-care-enterprise-basic-renew-for-dji-zenmuse-p1\/"]}]},{"@type":"ImageObject","inLanguage":"es","@id":"https:\/\/koningdrone.be\/product\/dji-care-enterprise-basic-renew-for-dji-zenmuse-p1\/#primaryimage","url":"https:\/\/koningdrone.be\/wp-content\/uploads\/sites\/13\/2026\/04\/DJI-Care-Enterprise-Basic-Renew-For-DJI-Zenmuse-P1.jpg","contentUrl":"https:\/\/koningdrone.be\/wp-content\/uploads\/sites\/13\/2026\/04\/DJI-Care-Enterprise-Basic-Renew-For-DJI-Zenmuse-P1.jpg","width":510,"height":510},{"@type":"BreadcrumbList","@id":"https:\/\/koningdrone.be\/product\/dji-care-enterprise-basic-renew-for-dji-zenmuse-p1\/#breadcrumb","itemListElement":[{"@type":"ListItem","position":1,"name":"Home","item":"https:\/\/koningdrone.be\/"},{"@type":"ListItem","position":2,"name":"AVSS Parachute Recovery System for DJI Matrice 300\/350","item":"https:\/\/koningdrone.be\/product\/avss-parachute-recovery-system-for-dji-matrice-300-350\/"},{"@type":"ListItem","position":3,"name":"Alle care refresh","item":"https:\/\/koningdrone.be\/categorie\/alle-care-refresh\/"},{"@type":"ListItem","position":4,"name":"DJI Care Enterprise Basic Renew For DJI Zenmuse P1"}]},{"@type":"WebSite","@id":"https:\/\/koningdrone.be\/#website","url":"https:\/\/koningdrone.be\/","name":"Koningdrone.be - Su especialista en l\u00ednea en drones, cardanes, c\u00e1maras y centrales el\u00e9ctricas.","description":"La tienda virtual de drones y cardanes","publisher":{"@id":"https:\/\/koningdrone.be\/#organization"},"potentialAction":[{"@type":"SearchAction","target":{"@type":"EntryPoint","urlTemplate":"https:\/\/koningdrone.be\/?s={search_term_string}"},"query-input":{"@type":"PropertyValueSpecification","valueRequired":true,"valueName":"search_term_string"}}],"inLanguage":"es"},{"@type":"Organization","@id":"https:\/\/koningdrone.be\/#organization","name":"Kingdrone.es","url":"https:\/\/koningdrone.be\/","logo":{"@type":"ImageObject","inLanguage":"es","@id":"https:\/\/koningdrone.be\/#\/schema\/logo\/image\/","url":"https:\/\/koningdrone.be\/wp-content\/uploads\/sites\/13\/2025\/04\/koningdrone-copyright-logo.svg","contentUrl":"https:\/\/koningdrone.be\/wp-content\/uploads\/sites\/13\/2025\/04\/koningdrone-copyright-logo.svg","width":227,"height":38,"caption":"Koningdrone.be"},"image":{"@id":"https:\/\/koningdrone.be\/#\/schema\/logo\/image\/"}}]}},"df_price":600,"df_sale_price":"","df_regular_price":600,"df_image_link":"https:\/\/koningdrone.be\/wp-content\/uploads\/sites\/13\/2026\/04\/DJI-Care-Enterprise-Basic-Renew-For-DJI-Zenmuse-P1-300x300.jpg","_links":{"self":[{"href":"https:\/\/koningdrone.be\/es\/wp-json\/wp\/v2\/product\/1629","targetHints":{"allow":["GET"]}}],"collection":[{"href":"https:\/\/koningdrone.be\/es\/wp-json\/wp\/v2\/product"}],"about":[{"href":"https:\/\/koningdrone.be\/es\/wp-json\/wp\/v2\/types\/product"}],"wp:featuredmedia":[{"embeddable":true,"href":"https:\/\/koningdrone.be\/es\/wp-json\/wp\/v2\/media\/18472"}],"wp:attachment":[{"href":"https:\/\/koningdrone.be\/es\/wp-json\/wp\/v2\/media?parent=1629"}],"wp:term":[{"taxonomy":"product_brand","embeddable":true,"href":"https:\/\/koningdrone.be\/es\/wp-json\/wp\/v2\/product_brand?post=1629"},{"taxonomy":"product_cat","embeddable":true,"href":"https:\/\/koningdrone.be\/es\/wp-json\/wp\/v2\/product_cat?post=1629"},{"taxonomy":"product_tag","embeddable":true,"href":"https:\/\/koningdrone.be\/es\/wp-json\/wp\/v2\/product_tag?post=1629"}],"curies":[{"name":"wp","href":"https:\/\/api.w.org\/{rel}","templated":true}]}}