{"id":16284,"date":"2025-09-01T13:40:09","date_gmt":"2025-09-01T11:40:09","guid":{"rendered":"https:\/\/koningdrone.be\/product\/bluetti-ac2p-power-station\/"},"modified":"2026-04-29T06:41:09","modified_gmt":"2026-04-29T04:41:09","slug":"bluetti-ac2p-power-station","status":"publish","type":"product","link":"https:\/\/koningdrone.be\/es\/producto\/bluetti-ac2p-power-station\/","title":{"rendered":"Central el\u00e9ctrica Bluetti AC2P"},"content":{"rendered":"<h2>Estaci\u00f3n solar Bluetti AC2P<\/h2>\n<p><strong>Compacto, potente y listo para cualquier aventura.<\/strong><\/p>\n<p>En <strong>Estaci\u00f3n solar Bluetti AC2P<\/strong> es una soluci\u00f3n energ\u00e9tica avanzada y ligera con una capacidad de <strong>230,4 Wh<\/strong> y un poder de <strong>300W<\/strong>. Perfecto para acampar, viajar por carretera o como fuente de alimentaci\u00f3n de reserva fiable en casa.<\/p>\n<h2>Caracter\u00edsticas principales<\/h2>\n<ul>\n<li><strong>Conectividad vers\u00e1til:<\/strong> Equipado con puertos AC, USB-C, USB-A y una toma est\u00e1ndar para todos tus dispositivos.<\/li>\n<li><strong>Tiempos de carga r\u00e1pidos:<\/strong> carga hasta 80% en s\u00f3lo <strong>45 minutos<\/strong> a trav\u00e9s de la red el\u00e9ctrica y totalmente a trav\u00e9s de energ\u00eda solar en unos <strong>1,5 horas<\/strong>.<\/li>\n<li><strong>Bater\u00eda LiFePO\u2084 de alta calidad:<\/strong> ofrece m\u00e1s de <strong>3.000 ciclos de carga<\/strong> para una fiabilidad a largo plazo.<\/li>\n<li><strong>Admite carga pasante:<\/strong> carga tus dispositivos mientras se carga la propia central.<\/li>\n<li><strong>Control remoto por app:<\/strong> gestionar f\u00e1cilmente todas las funciones a trav\u00e9s del <strong>Aplicaci\u00f3n Bluetti<\/strong>, ideal para viajar.<\/li>\n<\/ul>\n<h2>Ideal para:<\/h2>\n<ul>\n<li>Campistas que necesitan energ\u00eda fiable sin complicaciones<\/li>\n<li>Viajeros que quieren hacer una maleta ligera y eficaz<\/li>\n<li>Los hogares quieren estar preparados para los cortes de electricidad<\/li>\n<\/ul>\n<p>Con su dise\u00f1o inteligente, tiempos de carga r\u00e1pidos y tecnolog\u00eda de bater\u00eda de larga duraci\u00f3n, el Bluetti AC2P es un compa\u00f1ero de energ\u00eda indispensable para cualquier situaci\u00f3n.<\/p>","protected":false},"excerpt":{"rendered":"<ul>\n<li><strong>Dise\u00f1o ultraport\u00e1til:<\/strong> ll\u00e9vatelo a cualquier parte sin esfuerzo, desde la cima de la monta\u00f1a hasta el jard\u00edn.<\/li>\n<li><strong>Ideal para cualquier situaci\u00f3n:<\/strong> Perfecto para aventuras al aire libre, viajes por carretera y como fuente de energ\u00eda fiable en caso de emergencia.<\/li>\n<li><strong>Carga eficiente:<\/strong> Se carga r\u00e1pidamente y puede alimentar varios dispositivos a la vez.<\/li>\n<li><strong>Tecnolog\u00eda de bater\u00eda duradera:<\/strong> disfruta de a\u00f1os de rendimiento fiable gracias a la bater\u00eda LiFePO\u2084 de alta calidad.<\/li>\n<li><strong>Funcionamiento sencillo de la aplicaci\u00f3n:<\/strong> Supervisa y controla f\u00e1cilmente tu fuente de alimentaci\u00f3n de forma remota a trav\u00e9s de la app Bluetti.<\/li>\n<li><strong>Silenciosa y respetuosa con el medio ambiente:<\/strong> una alternativa limpia a los ruidosos y contaminantes generadores de gas.<\/li>\n<\/ul>","protected":false},"featured_media":16278,"template":"","meta":{"_acf_changed":false},"product_brand":[],"product_cat":[97,1701,829],"product_tag":[],"class_list":{"0":"post-16284","1":"product","2":"type-product","3":"status-publish","4":"has-post-thumbnail","6":"product_cat-alle-producten","7":"product_cat-anker-bluetti","8":"product_cat-bluetti","9":"product_shipping_class-outofstock","10":"pa_brand-bluetti","11":"pa_producttype-draagbare-energiecentrale","13":"first","14":"outofstock","15":"taxable","16":"shipping-taxable","17":"product-type-simple"},"acf":[],"yoast_head":"<!-- This site is optimized with the Yoast SEO Premium plugin v27.2 (Yoast SEO v27.2) - https:\/\/yoast.com\/product\/yoast-seo-premium-wordpress\/ -->\n<title>Bluetti AC2P Power station - koningdrone.be<\/title>\n<meta name=\"robots\" content=\"index, follow, max-snippet:-1, max-image-preview:large, max-video-preview:-1\" \/>\n<link rel=\"canonical\" href=\"https:\/\/koningdrone.be\/es\/producto\/bluetti-ac2p-power-station\/\" \/>\n<meta property=\"og:locale\" content=\"es_ES\" \/>\n<meta property=\"og:type\" content=\"article\" \/>\n<meta property=\"og:title\" content=\"Bluetti AC2P Power station\" \/>\n<meta property=\"og:description\" content=\"Ultradraagbaar ontwerp: neem hem moeiteloos overal mee naartoe \u2013 van bergtop tot achtertuin.  Ideaal voor elke situatie: perfect voor outdooravonturen, roadtrips en als betrouwbare stroombron bij noodsituaties.  Effici\u00ebnt opladen: laadt snel op en kan meerdere apparaten tegelijk van stroom voorzien.  Duurzame batterijtechnologie: geniet van jarenlange betrouwbare prestaties dankzij de hoogwaardige LiFePO\u2084 batterij.  Gebruiksvriendelijke app-bediening: monitor en bestuur je energiebron gemakkelijk op afstand via de Bluetti app.  Stil en milieuvriendelijk: een schoon alternatief voor lawaaierige en vervuilende gasgeneratoren.\" \/>\n<meta property=\"og:url\" content=\"https:\/\/koningdrone.be\/es\/producto\/bluetti-ac2p-power-station\/\" \/>\n<meta property=\"og:site_name\" content=\"koningdrone.be\" \/>\n<meta property=\"article:modified_time\" content=\"2026-04-29T04:41:09+00:00\" \/>\n<meta property=\"og:image\" content=\"https:\/\/koningdrone.be\/wp-content\/uploads\/sites\/13\/2026\/02\/AC2P-ZT1_1100x.png\" \/>\n\t<meta property=\"og:image:width\" content=\"1100\" \/>\n\t<meta property=\"og:image:height\" content=\"1100\" \/>\n\t<meta property=\"og:image:type\" content=\"image\/png\" \/>\n<meta name=\"twitter:card\" content=\"summary_large_image\" \/>\n<meta name=\"twitter:label1\" content=\"Tiempo de lectura\" \/>\n\t<meta name=\"twitter:data1\" content=\"1 minuto\" \/>\n<script type=\"application\/ld+json\" class=\"yoast-schema-graph\">{\"@context\":\"https:\/\/schema.org\",\"@graph\":[{\"@type\":\"WebPage\",\"@id\":\"https:\/\/koningdrone.be\/product\/bluetti-ac2p-power-station\/\",\"url\":\"https:\/\/koningdrone.be\/product\/bluetti-ac2p-power-station\/\",\"name\":\"Bluetti AC2P Power station - koningdrone.be\",\"isPartOf\":{\"@id\":\"https:\/\/koningdrone.be\/#website\"},\"primaryImageOfPage\":{\"@id\":\"https:\/\/koningdrone.be\/product\/bluetti-ac2p-power-station\/#primaryimage\"},\"image\":{\"@id\":\"https:\/\/koningdrone.be\/product\/bluetti-ac2p-power-station\/#primaryimage\"},\"thumbnailUrl\":\"https:\/\/koningdrone.be\/wp-content\/uploads\/sites\/13\/2026\/02\/AC2P-ZT1_1100x.png\",\"datePublished\":\"2025-09-01T11:40:09+00:00\",\"dateModified\":\"2026-04-29T04:41:09+00:00\",\"breadcrumb\":{\"@id\":\"https:\/\/koningdrone.be\/product\/bluetti-ac2p-power-station\/#breadcrumb\"},\"inLanguage\":\"es\",\"potentialAction\":[{\"@type\":\"ReadAction\",\"target\":[\"https:\/\/koningdrone.be\/product\/bluetti-ac2p-power-station\/\"]}]},{\"@type\":\"ImageObject\",\"inLanguage\":\"es\",\"@id\":\"https:\/\/koningdrone.be\/product\/bluetti-ac2p-power-station\/#primaryimage\",\"url\":\"https:\/\/koningdrone.be\/wp-content\/uploads\/sites\/13\/2026\/02\/AC2P-ZT1_1100x.png\",\"contentUrl\":\"https:\/\/koningdrone.be\/wp-content\/uploads\/sites\/13\/2026\/02\/AC2P-ZT1_1100x.png\",\"width\":1100,\"height\":1100},{\"@type\":\"BreadcrumbList\",\"@id\":\"https:\/\/koningdrone.be\/product\/bluetti-ac2p-power-station\/#breadcrumb\",\"itemListElement\":[{\"@type\":\"ListItem\",\"position\":1,\"name\":\"Home\",\"item\":\"https:\/\/koningdrone.be\/\"},{\"@type\":\"ListItem\",\"position\":2,\"name\":\"AVSS Parachute Recovery System for DJI Matrice 300\/350\",\"item\":\"https:\/\/koningdrone.be\/product\/avss-parachute-recovery-system-for-dji-matrice-300-350\/\"},{\"@type\":\"ListItem\",\"position\":3,\"name\":\"Alle producten\",\"item\":\"https:\/\/koningdrone.be\/categorie\/alle-producten\/\"},{\"@type\":\"ListItem\",\"position\":4,\"name\":\"Bluetti AC2P Power station\"}]},{\"@type\":\"WebSite\",\"@id\":\"https:\/\/koningdrone.be\/#website\",\"url\":\"https:\/\/koningdrone.be\/\",\"name\":\"Koningdrone.be - Uw online specialist in drones, gimbals, camera's en power stations.\",\"description\":\"De webshop in drones en gimbals\",\"publisher\":{\"@id\":\"https:\/\/koningdrone.be\/#organization\"},\"potentialAction\":[{\"@type\":\"SearchAction\",\"target\":{\"@type\":\"EntryPoint\",\"urlTemplate\":\"https:\/\/koningdrone.be\/?s={search_term_string}\"},\"query-input\":{\"@type\":\"PropertyValueSpecification\",\"valueRequired\":true,\"valueName\":\"search_term_string\"}}],\"inLanguage\":\"es\"},{\"@type\":\"Organization\",\"@id\":\"https:\/\/koningdrone.be\/#organization\",\"name\":\"Koningdrone.be\",\"url\":\"https:\/\/koningdrone.be\/\",\"logo\":{\"@type\":\"ImageObject\",\"inLanguage\":\"es\",\"@id\":\"https:\/\/koningdrone.be\/#\/schema\/logo\/image\/\",\"url\":\"https:\/\/koningdrone.be\/wp-content\/uploads\/sites\/13\/2025\/04\/koningdrone-copyright-logo.svg\",\"contentUrl\":\"https:\/\/koningdrone.be\/wp-content\/uploads\/sites\/13\/2025\/04\/koningdrone-copyright-logo.svg\",\"width\":227,\"height\":38,\"caption\":\"Koningdrone.be\"},\"image\":{\"@id\":\"https:\/\/koningdrone.be\/#\/schema\/logo\/image\/\"}}]}<\/script>\n<!-- \/ Yoast SEO Premium plugin. -->","yoast_head_json":{"title":"Bluetti AC2P Power station - koningdrone.be","robots":{"index":"index","follow":"follow","max-snippet":"max-snippet:-1","max-image-preview":"max-image-preview:large","max-video-preview":"max-video-preview:-1"},"canonical":"https:\/\/koningdrone.be\/es\/producto\/bluetti-ac2p-power-station\/","og_locale":"es_ES","og_type":"article","og_title":"Bluetti AC2P Power station","og_description":"Ultradraagbaar ontwerp: neem hem moeiteloos overal mee naartoe \u2013 van bergtop tot achtertuin.  Ideaal voor elke situatie: perfect voor outdooravonturen, roadtrips en als betrouwbare stroombron bij noodsituaties.  Effici\u00ebnt opladen: laadt snel op en kan meerdere apparaten tegelijk van stroom voorzien.  Duurzame batterijtechnologie: geniet van jarenlange betrouwbare prestaties dankzij de hoogwaardige LiFePO\u2084 batterij.  Gebruiksvriendelijke app-bediening: monitor en bestuur je energiebron gemakkelijk op afstand via de Bluetti app.  Stil en milieuvriendelijk: een schoon alternatief voor lawaaierige en vervuilende gasgeneratoren.","og_url":"https:\/\/koningdrone.be\/es\/producto\/bluetti-ac2p-power-station\/","og_site_name":"koningdrone.be","article_modified_time":"2026-04-29T04:41:09+00:00","og_image":[{"width":1100,"height":1100,"url":"https:\/\/koningdrone.be\/wp-content\/uploads\/sites\/13\/2026\/02\/AC2P-ZT1_1100x.png","type":"image\/png"}],"twitter_card":"summary_large_image","twitter_misc":{"Tiempo de lectura":"1 minuto"},"schema":{"@context":"https:\/\/schema.org","@graph":[{"@type":"WebPage","@id":"https:\/\/koningdrone.be\/product\/bluetti-ac2p-power-station\/","url":"https:\/\/koningdrone.be\/product\/bluetti-ac2p-power-station\/","name":"Bluetti AC2P Power station - koningdrone.be","isPartOf":{"@id":"https:\/\/koningdrone.be\/#website"},"primaryImageOfPage":{"@id":"https:\/\/koningdrone.be\/product\/bluetti-ac2p-power-station\/#primaryimage"},"image":{"@id":"https:\/\/koningdrone.be\/product\/bluetti-ac2p-power-station\/#primaryimage"},"thumbnailUrl":"https:\/\/koningdrone.be\/wp-content\/uploads\/sites\/13\/2026\/02\/AC2P-ZT1_1100x.png","datePublished":"2025-09-01T11:40:09+00:00","dateModified":"2026-04-29T04:41:09+00:00","breadcrumb":{"@id":"https:\/\/koningdrone.be\/product\/bluetti-ac2p-power-station\/#breadcrumb"},"inLanguage":"es","potentialAction":[{"@type":"ReadAction","target":["https:\/\/koningdrone.be\/product\/bluetti-ac2p-power-station\/"]}]},{"@type":"ImageObject","inLanguage":"es","@id":"https:\/\/koningdrone.be\/product\/bluetti-ac2p-power-station\/#primaryimage","url":"https:\/\/koningdrone.be\/wp-content\/uploads\/sites\/13\/2026\/02\/AC2P-ZT1_1100x.png","contentUrl":"https:\/\/koningdrone.be\/wp-content\/uploads\/sites\/13\/2026\/02\/AC2P-ZT1_1100x.png","width":1100,"height":1100},{"@type":"BreadcrumbList","@id":"https:\/\/koningdrone.be\/product\/bluetti-ac2p-power-station\/#breadcrumb","itemListElement":[{"@type":"ListItem","position":1,"name":"Home","item":"https:\/\/koningdrone.be\/"},{"@type":"ListItem","position":2,"name":"AVSS Parachute Recovery System for DJI Matrice 300\/350","item":"https:\/\/koningdrone.be\/product\/avss-parachute-recovery-system-for-dji-matrice-300-350\/"},{"@type":"ListItem","position":3,"name":"Alle producten","item":"https:\/\/koningdrone.be\/categorie\/alle-producten\/"},{"@type":"ListItem","position":4,"name":"Bluetti AC2P Power station"}]},{"@type":"WebSite","@id":"https:\/\/koningdrone.be\/#website","url":"https:\/\/koningdrone.be\/","name":"Koningdrone.be - Su especialista en l\u00ednea en drones, cardanes, c\u00e1maras y centrales el\u00e9ctricas.","description":"La tienda virtual de drones y cardanes","publisher":{"@id":"https:\/\/koningdrone.be\/#organization"},"potentialAction":[{"@type":"SearchAction","target":{"@type":"EntryPoint","urlTemplate":"https:\/\/koningdrone.be\/?s={search_term_string}"},"query-input":{"@type":"PropertyValueSpecification","valueRequired":true,"valueName":"search_term_string"}}],"inLanguage":"es"},{"@type":"Organization","@id":"https:\/\/koningdrone.be\/#organization","name":"Kingdrone.es","url":"https:\/\/koningdrone.be\/","logo":{"@type":"ImageObject","inLanguage":"es","@id":"https:\/\/koningdrone.be\/#\/schema\/logo\/image\/","url":"https:\/\/koningdrone.be\/wp-content\/uploads\/sites\/13\/2025\/04\/koningdrone-copyright-logo.svg","contentUrl":"https:\/\/koningdrone.be\/wp-content\/uploads\/sites\/13\/2025\/04\/koningdrone-copyright-logo.svg","width":227,"height":38,"caption":"Koningdrone.be"},"image":{"@id":"https:\/\/koningdrone.be\/#\/schema\/logo\/image\/"}}]}},"df_price":"","df_sale_price":"","df_regular_price":"","df_image_link":"https:\/\/koningdrone.be\/wp-content\/uploads\/sites\/13\/2026\/02\/AC2P-ZT1_1100x-300x300.png","_links":{"self":[{"href":"https:\/\/koningdrone.be\/es\/wp-json\/wp\/v2\/product\/16284","targetHints":{"allow":["GET"]}}],"collection":[{"href":"https:\/\/koningdrone.be\/es\/wp-json\/wp\/v2\/product"}],"about":[{"href":"https:\/\/koningdrone.be\/es\/wp-json\/wp\/v2\/types\/product"}],"wp:featuredmedia":[{"embeddable":true,"href":"https:\/\/koningdrone.be\/es\/wp-json\/wp\/v2\/media\/16278"}],"wp:attachment":[{"href":"https:\/\/koningdrone.be\/es\/wp-json\/wp\/v2\/media?parent=16284"}],"wp:term":[{"taxonomy":"product_brand","embeddable":true,"href":"https:\/\/koningdrone.be\/es\/wp-json\/wp\/v2\/product_brand?post=16284"},{"taxonomy":"product_cat","embeddable":true,"href":"https:\/\/koningdrone.be\/es\/wp-json\/wp\/v2\/product_cat?post=16284"},{"taxonomy":"product_tag","embeddable":true,"href":"https:\/\/koningdrone.be\/es\/wp-json\/wp\/v2\/product_tag?post=16284"}],"curies":[{"name":"wp","href":"https:\/\/api.w.org\/{rel}","templated":true}]}}