{"id":16277,"date":"2025-09-01T13:40:09","date_gmt":"2025-09-01T11:40:09","guid":{"rendered":"https:\/\/koningdrone.be\/product\/bluetti-ac50p-power-station\/"},"modified":"2026-04-29T06:41:07","modified_gmt":"2026-04-29T04:41:07","slug":"bluetti-ac50p-power-station","status":"publish","type":"product","link":"https:\/\/koningdrone.be\/es\/producto\/bluetti-ac50p-power-station\/","title":{"rendered":"Bluetti AC50P Central el\u00e9ctrica"},"content":{"rendered":"<h2>Estaci\u00f3n de alimentaci\u00f3n port\u00e1til Bluetti AC50P<\/h2>\n<p><strong>Compacto. Eficiente. Potente.<\/strong><\/p>\n<p>En <strong>Bluetti AC50P<\/strong> es una central el\u00e9ctrica port\u00e1til fiable y vers\u00e1til con una capacidad de <strong>504Wh<\/strong>. Con una potencia de salida continua de <strong>700W<\/strong> (y <strong>1.200 W de potencia m\u00e1xima<\/strong>), es perfecto para alimentar peque\u00f1os dispositivos sobre la marcha, de acampada o durante apagones.<\/p>\n<h2>Caracter\u00edsticas principales<\/h2>\n<ul>\n<li><strong>Gran capacidad:<\/strong> 504Wh - ideal para smartphones, port\u00e1tiles, luces, frigor\u00edficos y mucho m\u00e1s.<\/li>\n<li><strong>Potente salida:<\/strong> Suministra 700 W de forma continua con un pico de hasta 1.200 W.<\/li>\n<li><strong>Conexiones vers\u00e1tiles:<\/strong> incluyendo CA, USB-C, USB-A e incluso carga inal\u00e1mbrica para la m\u00e1xima comodidad.<\/li>\n<li><strong>Tiempo de carga r\u00e1pido:<\/strong> a 80% cargado en s\u00f3lo <strong>80 minutos<\/strong>.<\/li>\n<li><strong>Bater\u00eda duradera:<\/strong> La tecnolog\u00eda LiFePO\u2084 garantiza una larga vida \u00fatil y seguridad.<\/li>\n<\/ul>\n<h2>Perfecto para:<\/h2>\n<ul>\n<li>Camping y actividades al aire libre<\/li>\n<li>Aventuras sin conexi\u00f3n a la red<\/li>\n<li>Suministro el\u00e9ctrico de reserva para emergencias<\/li>\n<li>Energ\u00eda en movimiento para dispositivos electr\u00f3nicos<\/li>\n<\/ul>\n<p>El Bluetti AC50P es la combinaci\u00f3n ideal de <strong>fuerza<\/strong>, <strong>movilidad<\/strong> y <strong>facilidad de uso<\/strong> - una elecci\u00f3n inteligente para soluciones energ\u00e9ticas modernas y sostenibles.<\/p>","protected":false},"excerpt":{"rendered":"<ul>\n<li><strong>Dise\u00f1ado para uso en exteriores y emergencias:<\/strong> una central el\u00e9ctrica compacta y port\u00e1til, ideal para aventureros y preppers.<\/li>\n<li><strong>Tiempo de carga r\u00e1pido:<\/strong> alcanza 80% de capacidad en s\u00f3lo <strong>50 minutos<\/strong> - listo para usar en un santiam\u00e9n.<\/li>\n<li><strong>M\u00faltiples opciones de salida:<\/strong> CA, USB-C, USB-A y <strong>carga inal\u00e1mbrica<\/strong> para alimentar varios dispositivos simult\u00e1neamente.<\/li>\n<li><strong>Fuente de energ\u00eda renovable:<\/strong> Bater\u00eda de LiFePO\u2084 con m\u00e1s de <strong>3.000 ciclos de carga<\/strong> para una fiabilidad a largo plazo.<\/li>\n<li><strong>Ligero y port\u00e1til:<\/strong> con s\u00f3lo <strong>6,9 kg<\/strong> f\u00e1cil de llevar a todas partes.<\/li>\n<\/ul>","protected":false},"featured_media":16275,"template":"","meta":{"_acf_changed":false},"product_brand":[],"product_cat":[97,1701,829],"product_tag":[],"class_list":{"0":"post-16277","1":"product","2":"type-product","3":"status-publish","4":"has-post-thumbnail","6":"product_cat-alle-producten","7":"product_cat-anker-bluetti","8":"product_cat-bluetti","9":"product_shipping_class-outofstock","10":"pa_brand-bluetti","11":"pa_producttype-draagbare-energiecentrale","13":"first","14":"outofstock","15":"taxable","16":"shipping-taxable","17":"product-type-simple"},"acf":[],"yoast_head":"<!-- This site is optimized with the Yoast SEO Premium plugin v27.2 (Yoast SEO v27.2) - https:\/\/yoast.com\/product\/yoast-seo-premium-wordpress\/ -->\n<title>Bluetti AC50P Power station - koningdrone.be<\/title>\n<meta name=\"robots\" content=\"index, follow, max-snippet:-1, max-image-preview:large, max-video-preview:-1\" \/>\n<link rel=\"canonical\" href=\"https:\/\/koningdrone.be\/es\/producto\/bluetti-ac50p-power-station\/\" \/>\n<meta property=\"og:locale\" content=\"es_ES\" \/>\n<meta property=\"og:type\" content=\"article\" \/>\n<meta property=\"og:title\" content=\"Bluetti AC50P Power station\" \/>\n<meta property=\"og:description\" content=\"Ontworpen voor buitengebruik en noodgevallen: een compact en draagbaar energiestation, ideaal voor avonturiers en preppers.  Snelle laadtijd: bereikt 80% van de capaciteit in slechts 50 minuten \u2013 klaar voor gebruik in no time.  Meerdere uitgangsopties: AC, USB-C, USB-A en draadloos opladen voor het gelijktijdig voeden van meerdere apparaten.  Duurzame energiebron: LiFePO\u2084 batterij met meer dan 3.000 laadcycli voor langdurige betrouwbaarheid.  Lichtgewicht en draagbaar: met slechts 6,9 kg gemakkelijk mee te nemen, waar je ook naartoe gaat.\" \/>\n<meta property=\"og:url\" content=\"https:\/\/koningdrone.be\/es\/producto\/bluetti-ac50p-power-station\/\" \/>\n<meta property=\"og:site_name\" content=\"koningdrone.be\" \/>\n<meta property=\"article:modified_time\" content=\"2026-04-29T04:41:07+00:00\" \/>\n<meta property=\"og:image\" content=\"https:\/\/koningdrone.be\/wp-content\/uploads\/sites\/13\/2026\/02\/BL-AC50P.png\" \/>\n\t<meta property=\"og:image:width\" content=\"1000\" \/>\n\t<meta property=\"og:image:height\" content=\"1000\" \/>\n\t<meta property=\"og:image:type\" content=\"image\/png\" \/>\n<meta name=\"twitter:card\" content=\"summary_large_image\" \/>\n<meta name=\"twitter:label1\" content=\"Tiempo de lectura\" \/>\n\t<meta name=\"twitter:data1\" content=\"1 minuto\" \/>\n<script type=\"application\/ld+json\" class=\"yoast-schema-graph\">{\"@context\":\"https:\/\/schema.org\",\"@graph\":[{\"@type\":\"WebPage\",\"@id\":\"https:\/\/koningdrone.be\/product\/bluetti-ac50p-power-station\/\",\"url\":\"https:\/\/koningdrone.be\/product\/bluetti-ac50p-power-station\/\",\"name\":\"Bluetti AC50P Power station - koningdrone.be\",\"isPartOf\":{\"@id\":\"https:\/\/koningdrone.be\/#website\"},\"primaryImageOfPage\":{\"@id\":\"https:\/\/koningdrone.be\/product\/bluetti-ac50p-power-station\/#primaryimage\"},\"image\":{\"@id\":\"https:\/\/koningdrone.be\/product\/bluetti-ac50p-power-station\/#primaryimage\"},\"thumbnailUrl\":\"https:\/\/koningdrone.be\/wp-content\/uploads\/sites\/13\/2026\/02\/BL-AC50P.png\",\"datePublished\":\"2025-09-01T11:40:09+00:00\",\"dateModified\":\"2026-04-29T04:41:07+00:00\",\"breadcrumb\":{\"@id\":\"https:\/\/koningdrone.be\/product\/bluetti-ac50p-power-station\/#breadcrumb\"},\"inLanguage\":\"es\",\"potentialAction\":[{\"@type\":\"ReadAction\",\"target\":[\"https:\/\/koningdrone.be\/product\/bluetti-ac50p-power-station\/\"]}]},{\"@type\":\"ImageObject\",\"inLanguage\":\"es\",\"@id\":\"https:\/\/koningdrone.be\/product\/bluetti-ac50p-power-station\/#primaryimage\",\"url\":\"https:\/\/koningdrone.be\/wp-content\/uploads\/sites\/13\/2026\/02\/BL-AC50P.png\",\"contentUrl\":\"https:\/\/koningdrone.be\/wp-content\/uploads\/sites\/13\/2026\/02\/BL-AC50P.png\",\"width\":1000,\"height\":1000},{\"@type\":\"BreadcrumbList\",\"@id\":\"https:\/\/koningdrone.be\/product\/bluetti-ac50p-power-station\/#breadcrumb\",\"itemListElement\":[{\"@type\":\"ListItem\",\"position\":1,\"name\":\"Home\",\"item\":\"https:\/\/koningdrone.be\/\"},{\"@type\":\"ListItem\",\"position\":2,\"name\":\"AVSS Parachute Recovery System for DJI Matrice 300\/350\",\"item\":\"https:\/\/koningdrone.be\/product\/avss-parachute-recovery-system-for-dji-matrice-300-350\/\"},{\"@type\":\"ListItem\",\"position\":3,\"name\":\"Alle producten\",\"item\":\"https:\/\/koningdrone.be\/categorie\/alle-producten\/\"},{\"@type\":\"ListItem\",\"position\":4,\"name\":\"Bluetti AC50P Power station\"}]},{\"@type\":\"WebSite\",\"@id\":\"https:\/\/koningdrone.be\/#website\",\"url\":\"https:\/\/koningdrone.be\/\",\"name\":\"Koningdrone.be - Uw online specialist in drones, gimbals, camera's en power stations.\",\"description\":\"De webshop in drones en gimbals\",\"publisher\":{\"@id\":\"https:\/\/koningdrone.be\/#organization\"},\"potentialAction\":[{\"@type\":\"SearchAction\",\"target\":{\"@type\":\"EntryPoint\",\"urlTemplate\":\"https:\/\/koningdrone.be\/?s={search_term_string}\"},\"query-input\":{\"@type\":\"PropertyValueSpecification\",\"valueRequired\":true,\"valueName\":\"search_term_string\"}}],\"inLanguage\":\"es\"},{\"@type\":\"Organization\",\"@id\":\"https:\/\/koningdrone.be\/#organization\",\"name\":\"Koningdrone.be\",\"url\":\"https:\/\/koningdrone.be\/\",\"logo\":{\"@type\":\"ImageObject\",\"inLanguage\":\"es\",\"@id\":\"https:\/\/koningdrone.be\/#\/schema\/logo\/image\/\",\"url\":\"https:\/\/koningdrone.be\/wp-content\/uploads\/sites\/13\/2025\/04\/koningdrone-copyright-logo.svg\",\"contentUrl\":\"https:\/\/koningdrone.be\/wp-content\/uploads\/sites\/13\/2025\/04\/koningdrone-copyright-logo.svg\",\"width\":227,\"height\":38,\"caption\":\"Koningdrone.be\"},\"image\":{\"@id\":\"https:\/\/koningdrone.be\/#\/schema\/logo\/image\/\"}}]}<\/script>\n<!-- \/ Yoast SEO Premium plugin. -->","yoast_head_json":{"title":"Bluetti AC50P Power station - koningdrone.be","robots":{"index":"index","follow":"follow","max-snippet":"max-snippet:-1","max-image-preview":"max-image-preview:large","max-video-preview":"max-video-preview:-1"},"canonical":"https:\/\/koningdrone.be\/es\/producto\/bluetti-ac50p-power-station\/","og_locale":"es_ES","og_type":"article","og_title":"Bluetti AC50P Power station","og_description":"Ontworpen voor buitengebruik en noodgevallen: een compact en draagbaar energiestation, ideaal voor avonturiers en preppers.  Snelle laadtijd: bereikt 80% van de capaciteit in slechts 50 minuten \u2013 klaar voor gebruik in no time.  Meerdere uitgangsopties: AC, USB-C, USB-A en draadloos opladen voor het gelijktijdig voeden van meerdere apparaten.  Duurzame energiebron: LiFePO\u2084 batterij met meer dan 3.000 laadcycli voor langdurige betrouwbaarheid.  Lichtgewicht en draagbaar: met slechts 6,9 kg gemakkelijk mee te nemen, waar je ook naartoe gaat.","og_url":"https:\/\/koningdrone.be\/es\/producto\/bluetti-ac50p-power-station\/","og_site_name":"koningdrone.be","article_modified_time":"2026-04-29T04:41:07+00:00","og_image":[{"width":1000,"height":1000,"url":"https:\/\/koningdrone.be\/wp-content\/uploads\/sites\/13\/2026\/02\/BL-AC50P.png","type":"image\/png"}],"twitter_card":"summary_large_image","twitter_misc":{"Tiempo de lectura":"1 minuto"},"schema":{"@context":"https:\/\/schema.org","@graph":[{"@type":"WebPage","@id":"https:\/\/koningdrone.be\/product\/bluetti-ac50p-power-station\/","url":"https:\/\/koningdrone.be\/product\/bluetti-ac50p-power-station\/","name":"Bluetti AC50P Power station - koningdrone.be","isPartOf":{"@id":"https:\/\/koningdrone.be\/#website"},"primaryImageOfPage":{"@id":"https:\/\/koningdrone.be\/product\/bluetti-ac50p-power-station\/#primaryimage"},"image":{"@id":"https:\/\/koningdrone.be\/product\/bluetti-ac50p-power-station\/#primaryimage"},"thumbnailUrl":"https:\/\/koningdrone.be\/wp-content\/uploads\/sites\/13\/2026\/02\/BL-AC50P.png","datePublished":"2025-09-01T11:40:09+00:00","dateModified":"2026-04-29T04:41:07+00:00","breadcrumb":{"@id":"https:\/\/koningdrone.be\/product\/bluetti-ac50p-power-station\/#breadcrumb"},"inLanguage":"es","potentialAction":[{"@type":"ReadAction","target":["https:\/\/koningdrone.be\/product\/bluetti-ac50p-power-station\/"]}]},{"@type":"ImageObject","inLanguage":"es","@id":"https:\/\/koningdrone.be\/product\/bluetti-ac50p-power-station\/#primaryimage","url":"https:\/\/koningdrone.be\/wp-content\/uploads\/sites\/13\/2026\/02\/BL-AC50P.png","contentUrl":"https:\/\/koningdrone.be\/wp-content\/uploads\/sites\/13\/2026\/02\/BL-AC50P.png","width":1000,"height":1000},{"@type":"BreadcrumbList","@id":"https:\/\/koningdrone.be\/product\/bluetti-ac50p-power-station\/#breadcrumb","itemListElement":[{"@type":"ListItem","position":1,"name":"Home","item":"https:\/\/koningdrone.be\/"},{"@type":"ListItem","position":2,"name":"AVSS Parachute Recovery System for DJI Matrice 300\/350","item":"https:\/\/koningdrone.be\/product\/avss-parachute-recovery-system-for-dji-matrice-300-350\/"},{"@type":"ListItem","position":3,"name":"Alle producten","item":"https:\/\/koningdrone.be\/categorie\/alle-producten\/"},{"@type":"ListItem","position":4,"name":"Bluetti AC50P Power station"}]},{"@type":"WebSite","@id":"https:\/\/koningdrone.be\/#website","url":"https:\/\/koningdrone.be\/","name":"Koningdrone.be - Su especialista en l\u00ednea en drones, cardanes, c\u00e1maras y centrales el\u00e9ctricas.","description":"La tienda virtual de drones y cardanes","publisher":{"@id":"https:\/\/koningdrone.be\/#organization"},"potentialAction":[{"@type":"SearchAction","target":{"@type":"EntryPoint","urlTemplate":"https:\/\/koningdrone.be\/?s={search_term_string}"},"query-input":{"@type":"PropertyValueSpecification","valueRequired":true,"valueName":"search_term_string"}}],"inLanguage":"es"},{"@type":"Organization","@id":"https:\/\/koningdrone.be\/#organization","name":"Kingdrone.es","url":"https:\/\/koningdrone.be\/","logo":{"@type":"ImageObject","inLanguage":"es","@id":"https:\/\/koningdrone.be\/#\/schema\/logo\/image\/","url":"https:\/\/koningdrone.be\/wp-content\/uploads\/sites\/13\/2025\/04\/koningdrone-copyright-logo.svg","contentUrl":"https:\/\/koningdrone.be\/wp-content\/uploads\/sites\/13\/2025\/04\/koningdrone-copyright-logo.svg","width":227,"height":38,"caption":"Koningdrone.be"},"image":{"@id":"https:\/\/koningdrone.be\/#\/schema\/logo\/image\/"}}]}},"df_price":"","df_sale_price":"","df_regular_price":"","df_image_link":"https:\/\/koningdrone.be\/wp-content\/uploads\/sites\/13\/2026\/02\/BL-AC50P-300x300.png","_links":{"self":[{"href":"https:\/\/koningdrone.be\/es\/wp-json\/wp\/v2\/product\/16277","targetHints":{"allow":["GET"]}}],"collection":[{"href":"https:\/\/koningdrone.be\/es\/wp-json\/wp\/v2\/product"}],"about":[{"href":"https:\/\/koningdrone.be\/es\/wp-json\/wp\/v2\/types\/product"}],"wp:featuredmedia":[{"embeddable":true,"href":"https:\/\/koningdrone.be\/es\/wp-json\/wp\/v2\/media\/16275"}],"wp:attachment":[{"href":"https:\/\/koningdrone.be\/es\/wp-json\/wp\/v2\/media?parent=16277"}],"wp:term":[{"taxonomy":"product_brand","embeddable":true,"href":"https:\/\/koningdrone.be\/es\/wp-json\/wp\/v2\/product_brand?post=16277"},{"taxonomy":"product_cat","embeddable":true,"href":"https:\/\/koningdrone.be\/es\/wp-json\/wp\/v2\/product_cat?post=16277"},{"taxonomy":"product_tag","embeddable":true,"href":"https:\/\/koningdrone.be\/es\/wp-json\/wp\/v2\/product_tag?post=16277"}],"curies":[{"name":"wp","href":"https:\/\/api.w.org\/{rel}","templated":true}]}}