{"id":1626,"date":"2024-12-04T12:15:51","date_gmt":"2024-12-04T11:15:51","guid":{"rendered":"https:\/\/koningdrone.nl\/kon\/?post_type=product&#038;p=1626"},"modified":"2026-04-29T15:51:02","modified_gmt":"2026-04-29T13:51:02","slug":"dji-care-enterprise-plus-renew-for-dji-mavic-3e","status":"publish","type":"product","link":"https:\/\/koningdrone.be\/es\/producto\/dji-care-enterprise-plus-renew-for-dji-mavic-3e\/","title":{"rendered":"DJI Care Enterprise Plus Renovar Para DJI Mavic 3E"},"content":{"rendered":"<p>DJI Care Enterprise Plus Renew para DJI Mavic 3E ampl\u00eda la cobertura premium para tu DJI Mavic 3E, proporcionando servicios de reparaci\u00f3n prioritarios y protecci\u00f3n contra da\u00f1os accidentales. Ideal para usuarios empresariales, garantiza unos costes de reparaci\u00f3n predecibles y un tiempo de inactividad operativo m\u00ednimo.<\/p>","protected":false},"excerpt":{"rendered":"<ul>\n<li>Ampl\u00eda la protecci\u00f3n de la prima para mantener la cobertura contra da\u00f1os accidentales y riesgos operativos.<\/li>\n<li>Permite reparaciones gratuitas ilimitadas hasta el valor total del dron, lo que reduce los costes de reparaciones imprevistas.<\/li>\n<li>Garantiza un tiempo de inactividad m\u00ednimo con un servicio prioritario y una gesti\u00f3n eficaz de las reparaciones.<\/li>\n<li>Soporta flujos de trabajo ininterrumpidos para aplicaciones de misi\u00f3n cr\u00edtica, aumentando la fiabilidad.<\/li>\n<\/ul>","protected":false},"featured_media":1594,"template":"","meta":{"_acf_changed":false},"product_brand":[],"product_cat":[58],"product_tag":[],"class_list":{"0":"post-1626","1":"product","2":"type-product","3":"status-publish","4":"has-post-thumbnail","6":"product_cat-uncategorized","7":"product_shipping_class-outofstock","8":"pa_brand-dji","9":"pa_producttype-service-plan","10":"pa_series-mavic-3e","12":"first","13":"outofstock","14":"taxable","15":"shipping-taxable","16":"purchasable","17":"product-type-simple"},"acf":[],"yoast_head":"<!-- This site is optimized with the Yoast SEO Premium plugin v27.2 (Yoast SEO v27.2) - https:\/\/yoast.com\/product\/yoast-seo-premium-wordpress\/ -->\n<title>DJI Care Enterprise Plus Renew For DJI Mavic 3E - koningdrone.be<\/title>\n<meta name=\"robots\" content=\"index, follow, max-snippet:-1, max-image-preview:large, max-video-preview:-1\" \/>\n<link rel=\"canonical\" href=\"https:\/\/koningdrone.be\/es\/producto\/dji-care-enterprise-plus-renew-for-dji-mavic-3e\/\" \/>\n<meta property=\"og:locale\" content=\"es_ES\" \/>\n<meta property=\"og:type\" content=\"article\" \/>\n<meta property=\"og:title\" content=\"DJI Care Enterprise Plus Renew For DJI Mavic 3E\" \/>\n<meta property=\"og:description\" content=\"Breidt de premiebescherming uit om de dekking tegen onopzettelijke schade en operationele risico&#039;s te behouden.Maakt onbeperkte gratis reparaties mogelijk tot de totale waarde van de drone, waardoor onverwachte reparatiekosten worden beperkt.Zorgt voor minimale uitvaltijd met prioriteitsservice en effici\u00ebnte afhandeling van reparaties.Ondersteunt ononderbroken workflows voor missiekritische toepassingen, waardoor de betrouwbaarheid toeneemt.\" \/>\n<meta property=\"og:url\" content=\"https:\/\/koningdrone.be\/es\/producto\/dji-care-enterprise-plus-renew-for-dji-mavic-3e\/\" \/>\n<meta property=\"og:site_name\" content=\"koningdrone.be\" \/>\n<meta property=\"article:modified_time\" content=\"2026-04-29T13:51:02+00:00\" \/>\n<meta property=\"og:image\" content=\"https:\/\/koningdrone.be\/wp-content\/uploads\/sites\/13\/2025\/04\/b165797172d4f2e134d54e79b4e26e0e@origin-scaled-1.jpg\" \/>\n\t<meta property=\"og:image:width\" content=\"2560\" \/>\n\t<meta property=\"og:image:height\" content=\"1707\" \/>\n\t<meta property=\"og:image:type\" content=\"image\/jpeg\" \/>\n<meta name=\"twitter:card\" content=\"summary_large_image\" \/>\n<script type=\"application\/ld+json\" class=\"yoast-schema-graph\">{\"@context\":\"https:\/\/schema.org\",\"@graph\":[{\"@type\":\"WebPage\",\"@id\":\"https:\/\/koningdrone.be\/product\/dji-care-enterprise-plus-renew-for-dji-mavic-3e\/\",\"url\":\"https:\/\/koningdrone.be\/product\/dji-care-enterprise-plus-renew-for-dji-mavic-3e\/\",\"name\":\"DJI Care Enterprise Plus Renew For DJI Mavic 3E - koningdrone.be\",\"isPartOf\":{\"@id\":\"https:\/\/koningdrone.be\/#website\"},\"primaryImageOfPage\":{\"@id\":\"https:\/\/koningdrone.be\/product\/dji-care-enterprise-plus-renew-for-dji-mavic-3e\/#primaryimage\"},\"image\":{\"@id\":\"https:\/\/koningdrone.be\/product\/dji-care-enterprise-plus-renew-for-dji-mavic-3e\/#primaryimage\"},\"thumbnailUrl\":\"https:\/\/koningdrone.be\/wp-content\/uploads\/sites\/13\/2025\/04\/b165797172d4f2e134d54e79b4e26e0e@origin-scaled-1.jpg\",\"datePublished\":\"2024-12-04T11:15:51+00:00\",\"dateModified\":\"2026-04-29T13:51:02+00:00\",\"breadcrumb\":{\"@id\":\"https:\/\/koningdrone.be\/product\/dji-care-enterprise-plus-renew-for-dji-mavic-3e\/#breadcrumb\"},\"inLanguage\":\"es\",\"potentialAction\":[{\"@type\":\"ReadAction\",\"target\":[\"https:\/\/koningdrone.be\/product\/dji-care-enterprise-plus-renew-for-dji-mavic-3e\/\"]}]},{\"@type\":\"ImageObject\",\"inLanguage\":\"es\",\"@id\":\"https:\/\/koningdrone.be\/product\/dji-care-enterprise-plus-renew-for-dji-mavic-3e\/#primaryimage\",\"url\":\"https:\/\/koningdrone.be\/wp-content\/uploads\/sites\/13\/2025\/04\/b165797172d4f2e134d54e79b4e26e0e@origin-scaled-1.jpg\",\"contentUrl\":\"https:\/\/koningdrone.be\/wp-content\/uploads\/sites\/13\/2025\/04\/b165797172d4f2e134d54e79b4e26e0e@origin-scaled-1.jpg\",\"width\":2560,\"height\":1707},{\"@type\":\"BreadcrumbList\",\"@id\":\"https:\/\/koningdrone.be\/product\/dji-care-enterprise-plus-renew-for-dji-mavic-3e\/#breadcrumb\",\"itemListElement\":[{\"@type\":\"ListItem\",\"position\":1,\"name\":\"Home\",\"item\":\"https:\/\/koningdrone.be\/\"},{\"@type\":\"ListItem\",\"position\":2,\"name\":\"AVSS Parachute Recovery System for DJI Matrice 300\/350\",\"item\":\"https:\/\/koningdrone.be\/product\/avss-parachute-recovery-system-for-dji-matrice-300-350\/\"},{\"@type\":\"ListItem\",\"position\":3,\"name\":\"Uncategorized\",\"item\":\"https:\/\/koningdrone.be\/categorie\/uncategorized\/\"},{\"@type\":\"ListItem\",\"position\":4,\"name\":\"DJI Care Enterprise Plus Renew For DJI Mavic 3E\"}]},{\"@type\":\"WebSite\",\"@id\":\"https:\/\/koningdrone.be\/#website\",\"url\":\"https:\/\/koningdrone.be\/\",\"name\":\"Koningdrone.be - Uw online specialist in drones, gimbals, camera's en power stations.\",\"description\":\"De webshop in drones en gimbals\",\"publisher\":{\"@id\":\"https:\/\/koningdrone.be\/#organization\"},\"potentialAction\":[{\"@type\":\"SearchAction\",\"target\":{\"@type\":\"EntryPoint\",\"urlTemplate\":\"https:\/\/koningdrone.be\/?s={search_term_string}\"},\"query-input\":{\"@type\":\"PropertyValueSpecification\",\"valueRequired\":true,\"valueName\":\"search_term_string\"}}],\"inLanguage\":\"es\"},{\"@type\":\"Organization\",\"@id\":\"https:\/\/koningdrone.be\/#organization\",\"name\":\"Koningdrone.be\",\"url\":\"https:\/\/koningdrone.be\/\",\"logo\":{\"@type\":\"ImageObject\",\"inLanguage\":\"es\",\"@id\":\"https:\/\/koningdrone.be\/#\/schema\/logo\/image\/\",\"url\":\"https:\/\/koningdrone.be\/wp-content\/uploads\/sites\/13\/2025\/04\/koningdrone-copyright-logo.svg\",\"contentUrl\":\"https:\/\/koningdrone.be\/wp-content\/uploads\/sites\/13\/2025\/04\/koningdrone-copyright-logo.svg\",\"width\":227,\"height\":38,\"caption\":\"Koningdrone.be\"},\"image\":{\"@id\":\"https:\/\/koningdrone.be\/#\/schema\/logo\/image\/\"}}]}<\/script>\n<!-- \/ Yoast SEO Premium plugin. -->","yoast_head_json":{"title":"DJI Care Enterprise Plus Renew For DJI Mavic 3E - koningdrone.be","robots":{"index":"index","follow":"follow","max-snippet":"max-snippet:-1","max-image-preview":"max-image-preview:large","max-video-preview":"max-video-preview:-1"},"canonical":"https:\/\/koningdrone.be\/es\/producto\/dji-care-enterprise-plus-renew-for-dji-mavic-3e\/","og_locale":"es_ES","og_type":"article","og_title":"DJI Care Enterprise Plus Renew For DJI Mavic 3E","og_description":"Breidt de premiebescherming uit om de dekking tegen onopzettelijke schade en operationele risico's te behouden.Maakt onbeperkte gratis reparaties mogelijk tot de totale waarde van de drone, waardoor onverwachte reparatiekosten worden beperkt.Zorgt voor minimale uitvaltijd met prioriteitsservice en effici\u00ebnte afhandeling van reparaties.Ondersteunt ononderbroken workflows voor missiekritische toepassingen, waardoor de betrouwbaarheid toeneemt.","og_url":"https:\/\/koningdrone.be\/es\/producto\/dji-care-enterprise-plus-renew-for-dji-mavic-3e\/","og_site_name":"koningdrone.be","article_modified_time":"2026-04-29T13:51:02+00:00","og_image":[{"width":2560,"height":1707,"url":"https:\/\/koningdrone.be\/wp-content\/uploads\/sites\/13\/2025\/04\/b165797172d4f2e134d54e79b4e26e0e@origin-scaled-1.jpg","type":"image\/jpeg"}],"twitter_card":"summary_large_image","schema":{"@context":"https:\/\/schema.org","@graph":[{"@type":"WebPage","@id":"https:\/\/koningdrone.be\/product\/dji-care-enterprise-plus-renew-for-dji-mavic-3e\/","url":"https:\/\/koningdrone.be\/product\/dji-care-enterprise-plus-renew-for-dji-mavic-3e\/","name":"DJI Care Enterprise Plus Renew For DJI Mavic 3E - koningdrone.be","isPartOf":{"@id":"https:\/\/koningdrone.be\/#website"},"primaryImageOfPage":{"@id":"https:\/\/koningdrone.be\/product\/dji-care-enterprise-plus-renew-for-dji-mavic-3e\/#primaryimage"},"image":{"@id":"https:\/\/koningdrone.be\/product\/dji-care-enterprise-plus-renew-for-dji-mavic-3e\/#primaryimage"},"thumbnailUrl":"https:\/\/koningdrone.be\/wp-content\/uploads\/sites\/13\/2025\/04\/b165797172d4f2e134d54e79b4e26e0e@origin-scaled-1.jpg","datePublished":"2024-12-04T11:15:51+00:00","dateModified":"2026-04-29T13:51:02+00:00","breadcrumb":{"@id":"https:\/\/koningdrone.be\/product\/dji-care-enterprise-plus-renew-for-dji-mavic-3e\/#breadcrumb"},"inLanguage":"es","potentialAction":[{"@type":"ReadAction","target":["https:\/\/koningdrone.be\/product\/dji-care-enterprise-plus-renew-for-dji-mavic-3e\/"]}]},{"@type":"ImageObject","inLanguage":"es","@id":"https:\/\/koningdrone.be\/product\/dji-care-enterprise-plus-renew-for-dji-mavic-3e\/#primaryimage","url":"https:\/\/koningdrone.be\/wp-content\/uploads\/sites\/13\/2025\/04\/b165797172d4f2e134d54e79b4e26e0e@origin-scaled-1.jpg","contentUrl":"https:\/\/koningdrone.be\/wp-content\/uploads\/sites\/13\/2025\/04\/b165797172d4f2e134d54e79b4e26e0e@origin-scaled-1.jpg","width":2560,"height":1707},{"@type":"BreadcrumbList","@id":"https:\/\/koningdrone.be\/product\/dji-care-enterprise-plus-renew-for-dji-mavic-3e\/#breadcrumb","itemListElement":[{"@type":"ListItem","position":1,"name":"Home","item":"https:\/\/koningdrone.be\/"},{"@type":"ListItem","position":2,"name":"AVSS Parachute Recovery System for DJI Matrice 300\/350","item":"https:\/\/koningdrone.be\/product\/avss-parachute-recovery-system-for-dji-matrice-300-350\/"},{"@type":"ListItem","position":3,"name":"Uncategorized","item":"https:\/\/koningdrone.be\/categorie\/uncategorized\/"},{"@type":"ListItem","position":4,"name":"DJI Care Enterprise Plus Renew For DJI Mavic 3E"}]},{"@type":"WebSite","@id":"https:\/\/koningdrone.be\/#website","url":"https:\/\/koningdrone.be\/","name":"Koningdrone.be - Su especialista en l\u00ednea en drones, cardanes, c\u00e1maras y centrales el\u00e9ctricas.","description":"La tienda virtual de drones y cardanes","publisher":{"@id":"https:\/\/koningdrone.be\/#organization"},"potentialAction":[{"@type":"SearchAction","target":{"@type":"EntryPoint","urlTemplate":"https:\/\/koningdrone.be\/?s={search_term_string}"},"query-input":{"@type":"PropertyValueSpecification","valueRequired":true,"valueName":"search_term_string"}}],"inLanguage":"es"},{"@type":"Organization","@id":"https:\/\/koningdrone.be\/#organization","name":"Kingdrone.es","url":"https:\/\/koningdrone.be\/","logo":{"@type":"ImageObject","inLanguage":"es","@id":"https:\/\/koningdrone.be\/#\/schema\/logo\/image\/","url":"https:\/\/koningdrone.be\/wp-content\/uploads\/sites\/13\/2025\/04\/koningdrone-copyright-logo.svg","contentUrl":"https:\/\/koningdrone.be\/wp-content\/uploads\/sites\/13\/2025\/04\/koningdrone-copyright-logo.svg","width":227,"height":38,"caption":"Koningdrone.be"},"image":{"@id":"https:\/\/koningdrone.be\/#\/schema\/logo\/image\/"}}]}},"df_price":769,"df_sale_price":"","df_regular_price":769,"df_image_link":"https:\/\/koningdrone.be\/wp-content\/uploads\/sites\/13\/2025\/04\/b165797172d4f2e134d54e79b4e26e0e@origin-scaled-1-300x200.jpg","_links":{"self":[{"href":"https:\/\/koningdrone.be\/es\/wp-json\/wp\/v2\/product\/1626","targetHints":{"allow":["GET"]}}],"collection":[{"href":"https:\/\/koningdrone.be\/es\/wp-json\/wp\/v2\/product"}],"about":[{"href":"https:\/\/koningdrone.be\/es\/wp-json\/wp\/v2\/types\/product"}],"wp:featuredmedia":[{"embeddable":true,"href":"https:\/\/koningdrone.be\/es\/wp-json\/wp\/v2\/media\/1594"}],"wp:attachment":[{"href":"https:\/\/koningdrone.be\/es\/wp-json\/wp\/v2\/media?parent=1626"}],"wp:term":[{"taxonomy":"product_brand","embeddable":true,"href":"https:\/\/koningdrone.be\/es\/wp-json\/wp\/v2\/product_brand?post=1626"},{"taxonomy":"product_cat","embeddable":true,"href":"https:\/\/koningdrone.be\/es\/wp-json\/wp\/v2\/product_cat?post=1626"},{"taxonomy":"product_tag","embeddable":true,"href":"https:\/\/koningdrone.be\/es\/wp-json\/wp\/v2\/product_tag?post=1626"}],"curies":[{"name":"wp","href":"https:\/\/api.w.org\/{rel}","templated":true}]}}