{"id":16256,"date":"2025-09-03T10:25:13","date_gmt":"2025-09-03T08:25:13","guid":{"rendered":"https:\/\/koningdrone.be\/product\/anker-solix-solarbank-2-e1600-ac-2-mppt-1200w\/"},"modified":"2026-01-29T14:44:09","modified_gmt":"2026-01-29T13:44:09","slug":"anker-solix-solarbank-2-e1600-ac-2-mppt-1200w","status":"publish","type":"product","link":"https:\/\/koningdrone.be\/es\/producto\/anker-solix-solarbank-2-e1600-ac-2-mppt-1200w\/","title":{"rendered":"Anker SOLIX Solarbank 2 E1600 AC-2 MPPT (1200W)"},"content":{"rendered":"<h2>El Anker SOLIX Solarbank 2 E1600 AC es un sistema inteligente de bater\u00eda enchufable para uso dom\u00e9stico con una bater\u00eda LiFePO\u2084 de 1,6kWh y doble entrada solar MPPT (hasta 1200W), dise\u00f1ado para almacenar y optimizar la energ\u00eda solar<\/h2>\n<p>Admite carga y descarga bidireccional de CA, tiene 1,2 kW de potencia de reserva sin conexi\u00f3n a la red y puede ampliarse hasta 9,6 kWh, lo que la hace perfecta para aumentar el autoconsumo y reducir la dependencia de la red.<\/p>\n<p>Con control inteligente por app y tecnolog\u00eda Thermal Boosting, garantiza un rendimiento fiable y eficiente en diferentes condiciones....<\/p>","protected":false},"excerpt":{"rendered":"<ul>\n<li>Optimiza el uso de la energ\u00eda solar almacenando el exceso de energ\u00eda para su uso posterior.<\/li>\n<li><\/li>\n<li>Proporciona energ\u00eda de reserva fiable durante los cortes de suministro con capacidad para funcionar sin conexi\u00f3n a la red.<\/li>\n<li><\/li>\n<li>Puede ampliarse a 9,6 kWh para satisfacer las crecientes necesidades energ\u00e9ticas.<\/li>\n<li><\/li>\n<li>Incluye una aplicaci\u00f3n de control inteligente para gestionar f\u00e1cilmente el consumo de energ\u00eda.<\/li>\n<li><\/li>\n<li>Equipado con tecnolog\u00eda Thermal Boosting para un funcionamiento fiable a temperaturas variables.<\/li>\n<li><\/li>\n<li>Maximiza la absorci\u00f3n de energ\u00eda de los paneles solares con controladores MPPT dobles.<\/li>\n<\/ul>","protected":false},"featured_media":16157,"template":"","meta":{"_acf_changed":false},"product_brand":[],"product_cat":[97,197,1701],"product_tag":[],"class_list":{"0":"post-16256","1":"product","2":"type-product","3":"status-publish","4":"has-post-thumbnail","6":"product_cat-alle-producten","7":"product_cat-anker","8":"product_cat-anker-bluetti","9":"pa_brand-anker","10":"pa_producttype-thuisbatterij","12":"first","13":"outofstock","14":"taxable","15":"shipping-taxable","16":"product-type-simple"},"acf":[],"yoast_head":"<!-- This site is optimized with the Yoast SEO Premium plugin v27.2 (Yoast SEO v27.2) - https:\/\/yoast.com\/product\/yoast-seo-premium-wordpress\/ -->\n<title>Anker SOLIX Solarbank 2 E1600 AC-2 MPPT (1200W) - koningdrone.be<\/title>\n<meta name=\"robots\" content=\"index, follow, max-snippet:-1, max-image-preview:large, max-video-preview:-1\" \/>\n<link rel=\"canonical\" href=\"https:\/\/koningdrone.be\/es\/producto\/anker-solix-solarbank-2-e1600-ac-2-mppt-1200w\/\" \/>\n<meta property=\"og:locale\" content=\"es_ES\" \/>\n<meta property=\"og:type\" content=\"article\" \/>\n<meta property=\"og:title\" content=\"Anker SOLIX Solarbank 2 E1600 AC-2 MPPT (1200W)\" \/>\n<meta property=\"og:description\" content=\"Optimaliseert het gebruik van zonne-energie door overtollige energie op te slaan voor later gebruik.    Biedt betrouwbare back-upstroom tijdens stroomonderbrekingen met off-grid mogelijkheden.    Kan worden uitgebreid tot 9,6kWh om te voldoen aan groeiende energiebehoeften.    Voorzien van slimme app-bediening voor eenvoudig beheer van energieverbruik.    Uitgerust met Thermal Boosting-technologie voor betrouwbare werking bij wisselende temperaturen.    Maximaliseert de energieopname van zonnepanelen met dubbele MPPT-regelaars.\" \/>\n<meta property=\"og:url\" content=\"https:\/\/koningdrone.be\/es\/producto\/anker-solix-solarbank-2-e1600-ac-2-mppt-1200w\/\" \/>\n<meta property=\"og:site_name\" content=\"koningdrone.be\" \/>\n<meta property=\"article:modified_time\" content=\"2026-01-29T13:44:09+00:00\" \/>\n<meta property=\"og:image\" content=\"https:\/\/koningdrone.be\/wp-content\/uploads\/sites\/13\/2026\/01\/anker-solix-solarbank-2-e1600-ac-1600wh-2-mppt-1200w.jpg\" \/>\n\t<meta property=\"og:image:width\" content=\"1200\" \/>\n\t<meta property=\"og:image:height\" content=\"1200\" \/>\n\t<meta property=\"og:image:type\" content=\"image\/jpeg\" \/>\n<meta name=\"twitter:card\" content=\"summary_large_image\" \/>\n<script type=\"application\/ld+json\" class=\"yoast-schema-graph\">{\"@context\":\"https:\/\/schema.org\",\"@graph\":[{\"@type\":\"WebPage\",\"@id\":\"https:\/\/koningdrone.be\/product\/anker-solix-solarbank-2-e1600-ac-2-mppt-1200w\/\",\"url\":\"https:\/\/koningdrone.be\/product\/anker-solix-solarbank-2-e1600-ac-2-mppt-1200w\/\",\"name\":\"Anker SOLIX Solarbank 2 E1600 AC-2 MPPT (1200W) - koningdrone.be\",\"isPartOf\":{\"@id\":\"https:\/\/koningdrone.be\/#website\"},\"primaryImageOfPage\":{\"@id\":\"https:\/\/koningdrone.be\/product\/anker-solix-solarbank-2-e1600-ac-2-mppt-1200w\/#primaryimage\"},\"image\":{\"@id\":\"https:\/\/koningdrone.be\/product\/anker-solix-solarbank-2-e1600-ac-2-mppt-1200w\/#primaryimage\"},\"thumbnailUrl\":\"https:\/\/koningdrone.be\/wp-content\/uploads\/sites\/13\/2026\/01\/anker-solix-solarbank-2-e1600-ac-1600wh-2-mppt-1200w.jpg\",\"datePublished\":\"2025-09-03T08:25:13+00:00\",\"dateModified\":\"2026-01-29T13:44:09+00:00\",\"breadcrumb\":{\"@id\":\"https:\/\/koningdrone.be\/product\/anker-solix-solarbank-2-e1600-ac-2-mppt-1200w\/#breadcrumb\"},\"inLanguage\":\"es\",\"potentialAction\":[{\"@type\":\"ReadAction\",\"target\":[\"https:\/\/koningdrone.be\/product\/anker-solix-solarbank-2-e1600-ac-2-mppt-1200w\/\"]}]},{\"@type\":\"ImageObject\",\"inLanguage\":\"es\",\"@id\":\"https:\/\/koningdrone.be\/product\/anker-solix-solarbank-2-e1600-ac-2-mppt-1200w\/#primaryimage\",\"url\":\"https:\/\/koningdrone.be\/wp-content\/uploads\/sites\/13\/2026\/01\/anker-solix-solarbank-2-e1600-ac-1600wh-2-mppt-1200w.jpg\",\"contentUrl\":\"https:\/\/koningdrone.be\/wp-content\/uploads\/sites\/13\/2026\/01\/anker-solix-solarbank-2-e1600-ac-1600wh-2-mppt-1200w.jpg\",\"width\":1200,\"height\":1200},{\"@type\":\"BreadcrumbList\",\"@id\":\"https:\/\/koningdrone.be\/product\/anker-solix-solarbank-2-e1600-ac-2-mppt-1200w\/#breadcrumb\",\"itemListElement\":[{\"@type\":\"ListItem\",\"position\":1,\"name\":\"Home\",\"item\":\"https:\/\/koningdrone.be\/\"},{\"@type\":\"ListItem\",\"position\":2,\"name\":\"AVSS Parachute Recovery System for DJI Matrice 300\/350\",\"item\":\"https:\/\/koningdrone.be\/product\/avss-parachute-recovery-system-for-dji-matrice-300-350\/\"},{\"@type\":\"ListItem\",\"position\":3,\"name\":\"Alle producten\",\"item\":\"https:\/\/koningdrone.be\/categorie\/alle-producten\/\"},{\"@type\":\"ListItem\",\"position\":4,\"name\":\"Anker SOLIX Solarbank 2 E1600 AC-2 MPPT (1200W)\"}]},{\"@type\":\"WebSite\",\"@id\":\"https:\/\/koningdrone.be\/#website\",\"url\":\"https:\/\/koningdrone.be\/\",\"name\":\"Koningdrone.be - Uw online specialist in drones, gimbals, camera's en power stations.\",\"description\":\"De webshop in drones en gimbals\",\"publisher\":{\"@id\":\"https:\/\/koningdrone.be\/#organization\"},\"potentialAction\":[{\"@type\":\"SearchAction\",\"target\":{\"@type\":\"EntryPoint\",\"urlTemplate\":\"https:\/\/koningdrone.be\/?s={search_term_string}\"},\"query-input\":{\"@type\":\"PropertyValueSpecification\",\"valueRequired\":true,\"valueName\":\"search_term_string\"}}],\"inLanguage\":\"es\"},{\"@type\":\"Organization\",\"@id\":\"https:\/\/koningdrone.be\/#organization\",\"name\":\"Koningdrone.be\",\"url\":\"https:\/\/koningdrone.be\/\",\"logo\":{\"@type\":\"ImageObject\",\"inLanguage\":\"es\",\"@id\":\"https:\/\/koningdrone.be\/#\/schema\/logo\/image\/\",\"url\":\"https:\/\/koningdrone.be\/wp-content\/uploads\/sites\/13\/2025\/04\/koningdrone-copyright-logo.svg\",\"contentUrl\":\"https:\/\/koningdrone.be\/wp-content\/uploads\/sites\/13\/2025\/04\/koningdrone-copyright-logo.svg\",\"width\":227,\"height\":38,\"caption\":\"Koningdrone.be\"},\"image\":{\"@id\":\"https:\/\/koningdrone.be\/#\/schema\/logo\/image\/\"}}]}<\/script>\n<!-- \/ Yoast SEO Premium plugin. -->","yoast_head_json":{"title":"Anker SOLIX Solarbank 2 E1600 AC-2 MPPT (1200W) - koningdrone.be","robots":{"index":"index","follow":"follow","max-snippet":"max-snippet:-1","max-image-preview":"max-image-preview:large","max-video-preview":"max-video-preview:-1"},"canonical":"https:\/\/koningdrone.be\/es\/producto\/anker-solix-solarbank-2-e1600-ac-2-mppt-1200w\/","og_locale":"es_ES","og_type":"article","og_title":"Anker SOLIX Solarbank 2 E1600 AC-2 MPPT (1200W)","og_description":"Optimaliseert het gebruik van zonne-energie door overtollige energie op te slaan voor later gebruik.    Biedt betrouwbare back-upstroom tijdens stroomonderbrekingen met off-grid mogelijkheden.    Kan worden uitgebreid tot 9,6kWh om te voldoen aan groeiende energiebehoeften.    Voorzien van slimme app-bediening voor eenvoudig beheer van energieverbruik.    Uitgerust met Thermal Boosting-technologie voor betrouwbare werking bij wisselende temperaturen.    Maximaliseert de energieopname van zonnepanelen met dubbele MPPT-regelaars.","og_url":"https:\/\/koningdrone.be\/es\/producto\/anker-solix-solarbank-2-e1600-ac-2-mppt-1200w\/","og_site_name":"koningdrone.be","article_modified_time":"2026-01-29T13:44:09+00:00","og_image":[{"width":1200,"height":1200,"url":"https:\/\/koningdrone.be\/wp-content\/uploads\/sites\/13\/2026\/01\/anker-solix-solarbank-2-e1600-ac-1600wh-2-mppt-1200w.jpg","type":"image\/jpeg"}],"twitter_card":"summary_large_image","schema":{"@context":"https:\/\/schema.org","@graph":[{"@type":"WebPage","@id":"https:\/\/koningdrone.be\/product\/anker-solix-solarbank-2-e1600-ac-2-mppt-1200w\/","url":"https:\/\/koningdrone.be\/product\/anker-solix-solarbank-2-e1600-ac-2-mppt-1200w\/","name":"Anker SOLIX Solarbank 2 E1600 AC-2 MPPT (1200W) - koningdrone.be","isPartOf":{"@id":"https:\/\/koningdrone.be\/#website"},"primaryImageOfPage":{"@id":"https:\/\/koningdrone.be\/product\/anker-solix-solarbank-2-e1600-ac-2-mppt-1200w\/#primaryimage"},"image":{"@id":"https:\/\/koningdrone.be\/product\/anker-solix-solarbank-2-e1600-ac-2-mppt-1200w\/#primaryimage"},"thumbnailUrl":"https:\/\/koningdrone.be\/wp-content\/uploads\/sites\/13\/2026\/01\/anker-solix-solarbank-2-e1600-ac-1600wh-2-mppt-1200w.jpg","datePublished":"2025-09-03T08:25:13+00:00","dateModified":"2026-01-29T13:44:09+00:00","breadcrumb":{"@id":"https:\/\/koningdrone.be\/product\/anker-solix-solarbank-2-e1600-ac-2-mppt-1200w\/#breadcrumb"},"inLanguage":"es","potentialAction":[{"@type":"ReadAction","target":["https:\/\/koningdrone.be\/product\/anker-solix-solarbank-2-e1600-ac-2-mppt-1200w\/"]}]},{"@type":"ImageObject","inLanguage":"es","@id":"https:\/\/koningdrone.be\/product\/anker-solix-solarbank-2-e1600-ac-2-mppt-1200w\/#primaryimage","url":"https:\/\/koningdrone.be\/wp-content\/uploads\/sites\/13\/2026\/01\/anker-solix-solarbank-2-e1600-ac-1600wh-2-mppt-1200w.jpg","contentUrl":"https:\/\/koningdrone.be\/wp-content\/uploads\/sites\/13\/2026\/01\/anker-solix-solarbank-2-e1600-ac-1600wh-2-mppt-1200w.jpg","width":1200,"height":1200},{"@type":"BreadcrumbList","@id":"https:\/\/koningdrone.be\/product\/anker-solix-solarbank-2-e1600-ac-2-mppt-1200w\/#breadcrumb","itemListElement":[{"@type":"ListItem","position":1,"name":"Home","item":"https:\/\/koningdrone.be\/"},{"@type":"ListItem","position":2,"name":"AVSS Parachute Recovery System for DJI Matrice 300\/350","item":"https:\/\/koningdrone.be\/product\/avss-parachute-recovery-system-for-dji-matrice-300-350\/"},{"@type":"ListItem","position":3,"name":"Alle producten","item":"https:\/\/koningdrone.be\/categorie\/alle-producten\/"},{"@type":"ListItem","position":4,"name":"Anker SOLIX Solarbank 2 E1600 AC-2 MPPT (1200W)"}]},{"@type":"WebSite","@id":"https:\/\/koningdrone.be\/#website","url":"https:\/\/koningdrone.be\/","name":"Koningdrone.be - Su especialista en l\u00ednea en drones, cardanes, c\u00e1maras y centrales el\u00e9ctricas.","description":"La tienda virtual de drones y cardanes","publisher":{"@id":"https:\/\/koningdrone.be\/#organization"},"potentialAction":[{"@type":"SearchAction","target":{"@type":"EntryPoint","urlTemplate":"https:\/\/koningdrone.be\/?s={search_term_string}"},"query-input":{"@type":"PropertyValueSpecification","valueRequired":true,"valueName":"search_term_string"}}],"inLanguage":"es"},{"@type":"Organization","@id":"https:\/\/koningdrone.be\/#organization","name":"Kingdrone.es","url":"https:\/\/koningdrone.be\/","logo":{"@type":"ImageObject","inLanguage":"es","@id":"https:\/\/koningdrone.be\/#\/schema\/logo\/image\/","url":"https:\/\/koningdrone.be\/wp-content\/uploads\/sites\/13\/2025\/04\/koningdrone-copyright-logo.svg","contentUrl":"https:\/\/koningdrone.be\/wp-content\/uploads\/sites\/13\/2025\/04\/koningdrone-copyright-logo.svg","width":227,"height":38,"caption":"Koningdrone.be"},"image":{"@id":"https:\/\/koningdrone.be\/#\/schema\/logo\/image\/"}}]}},"df_price":"","df_sale_price":"","df_regular_price":"","df_image_link":"https:\/\/koningdrone.be\/wp-content\/uploads\/sites\/13\/2026\/01\/anker-solix-solarbank-2-e1600-ac-1600wh-2-mppt-1200w-300x300.jpg","_links":{"self":[{"href":"https:\/\/koningdrone.be\/es\/wp-json\/wp\/v2\/product\/16256","targetHints":{"allow":["GET"]}}],"collection":[{"href":"https:\/\/koningdrone.be\/es\/wp-json\/wp\/v2\/product"}],"about":[{"href":"https:\/\/koningdrone.be\/es\/wp-json\/wp\/v2\/types\/product"}],"wp:featuredmedia":[{"embeddable":true,"href":"https:\/\/koningdrone.be\/es\/wp-json\/wp\/v2\/media\/16157"}],"wp:attachment":[{"href":"https:\/\/koningdrone.be\/es\/wp-json\/wp\/v2\/media?parent=16256"}],"wp:term":[{"taxonomy":"product_brand","embeddable":true,"href":"https:\/\/koningdrone.be\/es\/wp-json\/wp\/v2\/product_brand?post=16256"},{"taxonomy":"product_cat","embeddable":true,"href":"https:\/\/koningdrone.be\/es\/wp-json\/wp\/v2\/product_cat?post=16256"},{"taxonomy":"product_tag","embeddable":true,"href":"https:\/\/koningdrone.be\/es\/wp-json\/wp\/v2\/product_tag?post=16256"}],"curies":[{"name":"wp","href":"https:\/\/api.w.org\/{rel}","templated":true}]}}