{"id":1625,"date":"2024-12-04T12:15:51","date_gmt":"2024-12-04T11:15:51","guid":{"rendered":"https:\/\/koningdrone.nl\/kon\/?post_type=product&#038;p=1625"},"modified":"2026-04-29T15:50:53","modified_gmt":"2026-04-29T13:50:53","slug":"dji-care-enterprise-plus-renew-for-dji-zenmuse-l1","status":"publish","type":"product","link":"https:\/\/koningdrone.be\/es\/producto\/dji-care-enterprise-plus-renew-for-dji-zenmuse-l1\/","title":{"rendered":"DJI Care Enterprise Plus Renovar Para DJI Zenmuse L1"},"content":{"rendered":"<h3>DJI Care Enterprise Plus Renovar Para DJI Zenmuse L1<\/h3>\n<p>DJI Care Enterprise Plus Renew para Zenmuse L1 es una cobertura de servicio y protecci\u00f3n ampliada dise\u00f1ada espec\u00edficamente para equipos DJI Enterprise. Este plan ampl\u00eda tu cobertura DJI Care Enterprise Plus existente en 12 meses adicionales de protecci\u00f3n, garantizando un soporte de alta calidad para tu sensor LiDAR durante proyectos cr\u00edticos de cartograf\u00eda y topograf\u00eda. El servicio es ideal para empresas y profesionales que conf\u00edan en la Zenmuse L1 para la recopilaci\u00f3n de datos precisos.<\/p>\n<h4>Rendimiento y funcionalidad<\/h4>\n<p>Con DJI Care Enterprise Plus Renew, puedes recibir reparaciones y sustituciones gratuitas ilimitadas durante el periodo ampliado (dentro de la cantidad de cobertura), siempre que la cobertura total sea suficiente para cubrir una cuota igual al coste de evaluaci\u00f3n de da\u00f1os. Esto significa que en caso de da\u00f1os accidentales como colisiones, ca\u00eddas, agua u otros incidentes, el servicio cubre la reparaci\u00f3n o sustituci\u00f3n sin coste adicional. El servicio sigue siendo v\u00e1lido durante 12 meses a partir de la fecha de activaci\u00f3n y ofrece las mismas prestaciones que la cobertura Plus original, pero con un nuevo a\u00f1o de servicio.<\/p>\n<p><a href=\"https:\/\/koningdrone.nl\/wp-content\/uploads\/2024\/12\/DJI-Care-Enterprise-Plus-Renew-For-DJI-Zenmuse-L1.jpg\"><img loading=\"lazy\" decoding=\"async\" class=\"size-medium wp-image-471923 aligncenter\" src=\"https:\/\/koningdrone.nl\/wp-content\/uploads\/2024\/12\/DJI-Care-Enterprise-Plus-Renew-For-DJI-Zenmuse-L1-300x200.jpg\" alt=\"DJI Care Enterprise Plus Renew For DJI Zenmuse L1\" width=\"300\" height=\"200\" \/><\/a><\/p>\n<h4>Calidad de construcci\u00f3n y dise\u00f1o<\/h4>\n<p>DJI Care Enterprise Plus Renew es una licencia digital que est\u00e1 vinculada al n\u00famero de serie de tu Zenmuse L1 y debe activarse a trav\u00e9s de la plataforma de servicios DJI Enterprise. Dise\u00f1ado para usuarios empresariales, el servicio se integra perfectamente con los flujos de trabajo de gesti\u00f3n de flotas existentes, permitiendo a las empresas gestionar de forma centralizada la protecci\u00f3n de su hardware importante.<\/p>\n<h4>Por qu\u00e9 lo necesita<\/h4>\n<p>Para las organizaciones que conf\u00edan en el sensor Zenmuse L1 LiDAR para aplicaciones de cartograf\u00eda, inspecci\u00f3n o topograf\u00eda, los da\u00f1os imprevistos pueden provocar costosos tiempos de inactividad. Con DJI Care Enterprise Plus Renew, puedes continuar con tu protecci\u00f3n actual durante 12 meses adicionales, lo que te ofrece m\u00e1s seguridad, menores costes de reparaci\u00f3n y sustituci\u00f3n, y te permite continuar con tu flujo de trabajo sin preocupaciones.<\/p>","protected":false},"excerpt":{"rendered":"<ul>\n<li>Cobertura DJI Care Enterprise Plus ampliada para 12 meses adicionales de protecci\u00f3n<\/li>\n<li>Reparaciones y sustituciones gratuitas ilimitadas dentro del importe de la cobertura<\/li>\n<li>Protege contra accidentes como colisiones, da\u00f1os por agua o ca\u00eddas<\/li>\n<li>Activaci\u00f3n con c\u00f3digo digital a trav\u00e9s de la plataforma de servicio DJI Enterprise<\/li>\n<li>Ideal para aplicaciones profesionales de cartograf\u00eda y topograf\u00eda con Zenmuse L1<\/li>\n<\/ul>","protected":false},"featured_media":18474,"template":"","meta":{"_acf_changed":false},"product_brand":[],"product_cat":[175,742],"product_tag":[],"class_list":{"0":"post-1625","1":"product","2":"type-product","3":"status-publish","4":"has-post-thumbnail","6":"product_cat-alle-care-refresh","7":"product_cat-dji-zenmuse-l1","8":"product_shipping_class-outofstock","9":"pa_brand-dji","10":"pa_producttype-serviceplan","12":"first","13":"outofstock","14":"taxable","15":"shipping-taxable","16":"purchasable","17":"product-type-simple"},"acf":[],"yoast_head":"<!-- This site is optimized with the Yoast SEO Premium plugin v27.2 (Yoast SEO v27.2) - https:\/\/yoast.com\/product\/yoast-seo-premium-wordpress\/ -->\n<title>DJI Care Enterprise Plus Renew For DJI Zenmuse L1 - koningdrone.be<\/title>\n<meta name=\"robots\" content=\"index, follow, max-snippet:-1, max-image-preview:large, max-video-preview:-1\" \/>\n<link rel=\"canonical\" href=\"https:\/\/koningdrone.be\/es\/producto\/dji-care-enterprise-plus-renew-for-dji-zenmuse-l1\/\" \/>\n<meta property=\"og:locale\" content=\"es_ES\" \/>\n<meta property=\"og:type\" content=\"article\" \/>\n<meta property=\"og:title\" content=\"DJI Care Enterprise Plus Renew For DJI Zenmuse L1\" \/>\n<meta property=\"og:description\" content=\"Verlengde DJI Care Enterprise Plus\u2011dekking voor nog eens 12 maanden bescherming  Onbeperkt gratis reparaties en vervangingen binnen het dekkingsbedrag  Beschermt tegen ongelukken zoals botsingen, water\u2011 of val\u2011schade  Activatie met digitale code via DJI Enterprise service\u2011platform  Ideaal voor professionele mapping\u2011 en survey\u2011toepassingen met Zenmuse\u202fL1\" \/>\n<meta property=\"og:url\" content=\"https:\/\/koningdrone.be\/es\/producto\/dji-care-enterprise-plus-renew-for-dji-zenmuse-l1\/\" \/>\n<meta property=\"og:site_name\" content=\"koningdrone.be\" \/>\n<meta property=\"article:modified_time\" content=\"2026-04-29T13:50:53+00:00\" \/>\n<meta property=\"og:image\" content=\"https:\/\/koningdrone.be\/wp-content\/uploads\/sites\/13\/2026\/04\/DJI-Care-Enterprise-Plus-Renew-For-DJI-Zenmuse-L1.jpg\" \/>\n\t<meta property=\"og:image:width\" content=\"1127\" \/>\n\t<meta property=\"og:image:height\" content=\"751\" \/>\n\t<meta property=\"og:image:type\" content=\"image\/jpeg\" \/>\n<meta name=\"twitter:card\" content=\"summary_large_image\" \/>\n<meta name=\"twitter:label1\" content=\"Tiempo de lectura\" \/>\n\t<meta name=\"twitter:data1\" content=\"1 minuto\" \/>\n<script type=\"application\/ld+json\" class=\"yoast-schema-graph\">{\"@context\":\"https:\/\/schema.org\",\"@graph\":[{\"@type\":\"WebPage\",\"@id\":\"https:\/\/koningdrone.be\/product\/dji-care-enterprise-plus-renew-for-dji-zenmuse-l1\/\",\"url\":\"https:\/\/koningdrone.be\/product\/dji-care-enterprise-plus-renew-for-dji-zenmuse-l1\/\",\"name\":\"DJI Care Enterprise Plus Renew For DJI Zenmuse L1 - koningdrone.be\",\"isPartOf\":{\"@id\":\"https:\/\/koningdrone.be\/#website\"},\"primaryImageOfPage\":{\"@id\":\"https:\/\/koningdrone.be\/product\/dji-care-enterprise-plus-renew-for-dji-zenmuse-l1\/#primaryimage\"},\"image\":{\"@id\":\"https:\/\/koningdrone.be\/product\/dji-care-enterprise-plus-renew-for-dji-zenmuse-l1\/#primaryimage\"},\"thumbnailUrl\":\"https:\/\/koningdrone.be\/wp-content\/uploads\/sites\/13\/2026\/04\/DJI-Care-Enterprise-Plus-Renew-For-DJI-Zenmuse-L1.jpg\",\"datePublished\":\"2024-12-04T11:15:51+00:00\",\"dateModified\":\"2026-04-29T13:50:53+00:00\",\"breadcrumb\":{\"@id\":\"https:\/\/koningdrone.be\/product\/dji-care-enterprise-plus-renew-for-dji-zenmuse-l1\/#breadcrumb\"},\"inLanguage\":\"es\",\"potentialAction\":[{\"@type\":\"ReadAction\",\"target\":[\"https:\/\/koningdrone.be\/product\/dji-care-enterprise-plus-renew-for-dji-zenmuse-l1\/\"]}]},{\"@type\":\"ImageObject\",\"inLanguage\":\"es\",\"@id\":\"https:\/\/koningdrone.be\/product\/dji-care-enterprise-plus-renew-for-dji-zenmuse-l1\/#primaryimage\",\"url\":\"https:\/\/koningdrone.be\/wp-content\/uploads\/sites\/13\/2026\/04\/DJI-Care-Enterprise-Plus-Renew-For-DJI-Zenmuse-L1.jpg\",\"contentUrl\":\"https:\/\/koningdrone.be\/wp-content\/uploads\/sites\/13\/2026\/04\/DJI-Care-Enterprise-Plus-Renew-For-DJI-Zenmuse-L1.jpg\",\"width\":1127,\"height\":751},{\"@type\":\"BreadcrumbList\",\"@id\":\"https:\/\/koningdrone.be\/product\/dji-care-enterprise-plus-renew-for-dji-zenmuse-l1\/#breadcrumb\",\"itemListElement\":[{\"@type\":\"ListItem\",\"position\":1,\"name\":\"Home\",\"item\":\"https:\/\/koningdrone.be\/\"},{\"@type\":\"ListItem\",\"position\":2,\"name\":\"AVSS Parachute Recovery System for DJI Matrice 300\/350\",\"item\":\"https:\/\/koningdrone.be\/product\/avss-parachute-recovery-system-for-dji-matrice-300-350\/\"},{\"@type\":\"ListItem\",\"position\":3,\"name\":\"Alle care refresh\",\"item\":\"https:\/\/koningdrone.be\/categorie\/alle-care-refresh\/\"},{\"@type\":\"ListItem\",\"position\":4,\"name\":\"DJI Care Enterprise Plus Renew For DJI Zenmuse L1\"}]},{\"@type\":\"WebSite\",\"@id\":\"https:\/\/koningdrone.be\/#website\",\"url\":\"https:\/\/koningdrone.be\/\",\"name\":\"Koningdrone.be - Uw online specialist in drones, gimbals, camera's en power stations.\",\"description\":\"De webshop in drones en gimbals\",\"publisher\":{\"@id\":\"https:\/\/koningdrone.be\/#organization\"},\"potentialAction\":[{\"@type\":\"SearchAction\",\"target\":{\"@type\":\"EntryPoint\",\"urlTemplate\":\"https:\/\/koningdrone.be\/?s={search_term_string}\"},\"query-input\":{\"@type\":\"PropertyValueSpecification\",\"valueRequired\":true,\"valueName\":\"search_term_string\"}}],\"inLanguage\":\"es\"},{\"@type\":\"Organization\",\"@id\":\"https:\/\/koningdrone.be\/#organization\",\"name\":\"Koningdrone.be\",\"url\":\"https:\/\/koningdrone.be\/\",\"logo\":{\"@type\":\"ImageObject\",\"inLanguage\":\"es\",\"@id\":\"https:\/\/koningdrone.be\/#\/schema\/logo\/image\/\",\"url\":\"https:\/\/koningdrone.be\/wp-content\/uploads\/sites\/13\/2025\/04\/koningdrone-copyright-logo.svg\",\"contentUrl\":\"https:\/\/koningdrone.be\/wp-content\/uploads\/sites\/13\/2025\/04\/koningdrone-copyright-logo.svg\",\"width\":227,\"height\":38,\"caption\":\"Koningdrone.be\"},\"image\":{\"@id\":\"https:\/\/koningdrone.be\/#\/schema\/logo\/image\/\"}}]}<\/script>\n<!-- \/ Yoast SEO Premium plugin. -->","yoast_head_json":{"title":"DJI Care Enterprise Plus Renew For DJI Zenmuse L1 - koningdrone.be","robots":{"index":"index","follow":"follow","max-snippet":"max-snippet:-1","max-image-preview":"max-image-preview:large","max-video-preview":"max-video-preview:-1"},"canonical":"https:\/\/koningdrone.be\/es\/producto\/dji-care-enterprise-plus-renew-for-dji-zenmuse-l1\/","og_locale":"es_ES","og_type":"article","og_title":"DJI Care Enterprise Plus Renew For DJI Zenmuse L1","og_description":"Verlengde DJI Care Enterprise Plus\u2011dekking voor nog eens 12 maanden bescherming  Onbeperkt gratis reparaties en vervangingen binnen het dekkingsbedrag  Beschermt tegen ongelukken zoals botsingen, water\u2011 of val\u2011schade  Activatie met digitale code via DJI Enterprise service\u2011platform  Ideaal voor professionele mapping\u2011 en survey\u2011toepassingen met Zenmuse\u202fL1","og_url":"https:\/\/koningdrone.be\/es\/producto\/dji-care-enterprise-plus-renew-for-dji-zenmuse-l1\/","og_site_name":"koningdrone.be","article_modified_time":"2026-04-29T13:50:53+00:00","og_image":[{"width":1127,"height":751,"url":"https:\/\/koningdrone.be\/wp-content\/uploads\/sites\/13\/2026\/04\/DJI-Care-Enterprise-Plus-Renew-For-DJI-Zenmuse-L1.jpg","type":"image\/jpeg"}],"twitter_card":"summary_large_image","twitter_misc":{"Tiempo de lectura":"1 minuto"},"schema":{"@context":"https:\/\/schema.org","@graph":[{"@type":"WebPage","@id":"https:\/\/koningdrone.be\/product\/dji-care-enterprise-plus-renew-for-dji-zenmuse-l1\/","url":"https:\/\/koningdrone.be\/product\/dji-care-enterprise-plus-renew-for-dji-zenmuse-l1\/","name":"DJI Care Enterprise Plus Renew For DJI Zenmuse L1 - koningdrone.be","isPartOf":{"@id":"https:\/\/koningdrone.be\/#website"},"primaryImageOfPage":{"@id":"https:\/\/koningdrone.be\/product\/dji-care-enterprise-plus-renew-for-dji-zenmuse-l1\/#primaryimage"},"image":{"@id":"https:\/\/koningdrone.be\/product\/dji-care-enterprise-plus-renew-for-dji-zenmuse-l1\/#primaryimage"},"thumbnailUrl":"https:\/\/koningdrone.be\/wp-content\/uploads\/sites\/13\/2026\/04\/DJI-Care-Enterprise-Plus-Renew-For-DJI-Zenmuse-L1.jpg","datePublished":"2024-12-04T11:15:51+00:00","dateModified":"2026-04-29T13:50:53+00:00","breadcrumb":{"@id":"https:\/\/koningdrone.be\/product\/dji-care-enterprise-plus-renew-for-dji-zenmuse-l1\/#breadcrumb"},"inLanguage":"es","potentialAction":[{"@type":"ReadAction","target":["https:\/\/koningdrone.be\/product\/dji-care-enterprise-plus-renew-for-dji-zenmuse-l1\/"]}]},{"@type":"ImageObject","inLanguage":"es","@id":"https:\/\/koningdrone.be\/product\/dji-care-enterprise-plus-renew-for-dji-zenmuse-l1\/#primaryimage","url":"https:\/\/koningdrone.be\/wp-content\/uploads\/sites\/13\/2026\/04\/DJI-Care-Enterprise-Plus-Renew-For-DJI-Zenmuse-L1.jpg","contentUrl":"https:\/\/koningdrone.be\/wp-content\/uploads\/sites\/13\/2026\/04\/DJI-Care-Enterprise-Plus-Renew-For-DJI-Zenmuse-L1.jpg","width":1127,"height":751},{"@type":"BreadcrumbList","@id":"https:\/\/koningdrone.be\/product\/dji-care-enterprise-plus-renew-for-dji-zenmuse-l1\/#breadcrumb","itemListElement":[{"@type":"ListItem","position":1,"name":"Home","item":"https:\/\/koningdrone.be\/"},{"@type":"ListItem","position":2,"name":"AVSS Parachute Recovery System for DJI Matrice 300\/350","item":"https:\/\/koningdrone.be\/product\/avss-parachute-recovery-system-for-dji-matrice-300-350\/"},{"@type":"ListItem","position":3,"name":"Alle care refresh","item":"https:\/\/koningdrone.be\/categorie\/alle-care-refresh\/"},{"@type":"ListItem","position":4,"name":"DJI Care Enterprise Plus Renew For DJI Zenmuse L1"}]},{"@type":"WebSite","@id":"https:\/\/koningdrone.be\/#website","url":"https:\/\/koningdrone.be\/","name":"Koningdrone.be - Su especialista en l\u00ednea en drones, cardanes, c\u00e1maras y centrales el\u00e9ctricas.","description":"La tienda virtual de drones y cardanes","publisher":{"@id":"https:\/\/koningdrone.be\/#organization"},"potentialAction":[{"@type":"SearchAction","target":{"@type":"EntryPoint","urlTemplate":"https:\/\/koningdrone.be\/?s={search_term_string}"},"query-input":{"@type":"PropertyValueSpecification","valueRequired":true,"valueName":"search_term_string"}}],"inLanguage":"es"},{"@type":"Organization","@id":"https:\/\/koningdrone.be\/#organization","name":"Kingdrone.es","url":"https:\/\/koningdrone.be\/","logo":{"@type":"ImageObject","inLanguage":"es","@id":"https:\/\/koningdrone.be\/#\/schema\/logo\/image\/","url":"https:\/\/koningdrone.be\/wp-content\/uploads\/sites\/13\/2025\/04\/koningdrone-copyright-logo.svg","contentUrl":"https:\/\/koningdrone.be\/wp-content\/uploads\/sites\/13\/2025\/04\/koningdrone-copyright-logo.svg","width":227,"height":38,"caption":"Koningdrone.be"},"image":{"@id":"https:\/\/koningdrone.be\/#\/schema\/logo\/image\/"}}]}},"df_price":2515,"df_sale_price":"","df_regular_price":2515,"df_image_link":"https:\/\/koningdrone.be\/wp-content\/uploads\/sites\/13\/2026\/04\/DJI-Care-Enterprise-Plus-Renew-For-DJI-Zenmuse-L1-300x200.jpg","_links":{"self":[{"href":"https:\/\/koningdrone.be\/es\/wp-json\/wp\/v2\/product\/1625","targetHints":{"allow":["GET"]}}],"collection":[{"href":"https:\/\/koningdrone.be\/es\/wp-json\/wp\/v2\/product"}],"about":[{"href":"https:\/\/koningdrone.be\/es\/wp-json\/wp\/v2\/types\/product"}],"wp:featuredmedia":[{"embeddable":true,"href":"https:\/\/koningdrone.be\/es\/wp-json\/wp\/v2\/media\/18474"}],"wp:attachment":[{"href":"https:\/\/koningdrone.be\/es\/wp-json\/wp\/v2\/media?parent=1625"}],"wp:term":[{"taxonomy":"product_brand","embeddable":true,"href":"https:\/\/koningdrone.be\/es\/wp-json\/wp\/v2\/product_brand?post=1625"},{"taxonomy":"product_cat","embeddable":true,"href":"https:\/\/koningdrone.be\/es\/wp-json\/wp\/v2\/product_cat?post=1625"},{"taxonomy":"product_tag","embeddable":true,"href":"https:\/\/koningdrone.be\/es\/wp-json\/wp\/v2\/product_tag?post=1625"}],"curies":[{"name":"wp","href":"https:\/\/api.w.org\/{rel}","templated":true}]}}