{"id":16214,"date":"2025-09-01T13:40:09","date_gmt":"2025-09-01T11:40:09","guid":{"rendered":"https:\/\/koningdrone.be\/product\/bluetti-pv350d-solar-panel\/"},"modified":"2025-09-01T13:40:09","modified_gmt":"2025-09-01T11:40:09","slug":"bluetti-pv350d-solar-panel","status":"publish","type":"product","link":"https:\/\/koningdrone.be\/es\/producto\/bluetti-pv350d-solar-panel\/","title":{"rendered":"Panel solar Bluetti PV350D"},"content":{"rendered":"<h2>Bluetti 350W Panel solar<\/h2>\n<p><strong>Potente generaci\u00f3n solar para una carga m\u00e1s r\u00e1pida y la m\u00e1xima flexibilidad, est\u00e9s donde est\u00e9s.<\/strong><\/p>\n<p>En <strong>Panel solar Bluetti 350W<\/strong> ofrece una impresionante capacidad de carga de 350 vatios, 1,75 veces m\u00e1s r\u00e1pida que los paneles de 200 vatios y 4 veces m\u00e1s eficiente que los paneles est\u00e1ndar de 100 vatios. Tanto si est\u00e1s en un viaje largo sin conexi\u00f3n a la red, de acampada, en una emergencia o alimentando un evento al aire libre, este panel solar proporciona energ\u00eda continua.<\/p>\n<h2>Caracter\u00edsticas principales<\/h2>\n<ul>\n<li><strong>Alta carga \u00fatil:<\/strong> Potencia de 350 W para acelerar considerablemente los tiempos de carga de la central el\u00e9ctrica<\/li>\n<li><strong>Compatibilidad universal:<\/strong> conector MC4 est\u00e1ndar y tensi\u00f3n de circuito abierto de 33 V - funciona tanto con Bluetti como con otras marcas<\/li>\n<li><strong>Carga optimizada:<\/strong> En combinaci\u00f3n con las estaciones Bluetti, el MPPT se aplica autom\u00e1ticamente para un rendimiento estable y eficiente<\/li>\n<li><strong>Resistente a la intemperie y duradero:<\/strong> Clasificaci\u00f3n IP67, revestimiento de ETFE y fibra de vidrio reforzada para un uso prolongado en cualquier condici\u00f3n meteorol\u00f3gica<\/li>\n<li><strong>F\u00e1cil instalaci\u00f3n:<\/strong> Los conectores MC4 y el soporte ajustable garantizan una conexi\u00f3n r\u00e1pida y la m\u00e1xima exposici\u00f3n solar<\/li>\n<li><strong>F\u00e1cil de transportar:<\/strong> Plegable y ligero: se acab\u00f3 cargar con pesados paneles de cristal<\/li>\n<\/ul>\n<p>Tanto si se va de aventura como si quiere estar preparado para los cortes de electricidad o vivir de forma sostenible: el <strong>Panel solar Bluetti 350W<\/strong> ofrece el equilibrio perfecto entre potencia, movilidad y fiabilidad.<\/p>","protected":false},"excerpt":{"rendered":"<ul>\n<li><strong>Alta potencia:<\/strong> Potencia de 350 W: 1,75 veces m\u00e1s potente que los paneles de 200 W y 4 veces m\u00e1s que los de 100 W.<\/li>\n<li><strong>Alta eficacia:<\/strong> hasta 23,4% de eficiencia de la c\u00e9lula con c\u00e9lulas solares monocristalinas para un rendimiento excelente incluso en condiciones de poca luz solar<\/li>\n<li><strong>Dise\u00f1o resistente a la intemperie:<\/strong> El revestimiento de ETFE y la fibra de vidrio reforzada proporcionan una protecci\u00f3n IP67 contra el polvo y el agua<\/li>\n<li><strong>F\u00e1cil instalaci\u00f3n:<\/strong> con soporte ajustable para un \u00e1ngulo \u00f3ptimo y la m\u00e1xima exposici\u00f3n al sol durante el d\u00eda<\/li>\n<li><strong>Compatibilidad universal:<\/strong> Los conectores MC4 y la tensi\u00f3n de circuito abierto de 43,8 V hacen que el panel sea apto tanto para Bluetti como para otras marcas<\/li>\n<li><strong>Para viajar:<\/strong> Dise\u00f1o plegable y ligero: ideal para aventuras sin conexi\u00f3n a la red el\u00e9ctrica, acampadas o suministro el\u00e9ctrico de emergencia.<\/li>\n<li><strong>Duradera y silenciosa:<\/strong> no necesita piezas m\u00f3viles ni combustible: una soluci\u00f3n energ\u00e9tica respetuosa con el medio ambiente<\/li>\n<\/ul>","protected":false},"featured_media":16209,"template":"","meta":{"_acf_changed":false},"product_brand":[],"product_cat":[97,1701,829],"product_tag":[],"class_list":{"0":"post-16214","1":"product","2":"type-product","3":"status-publish","4":"has-post-thumbnail","6":"product_cat-alle-producten","7":"product_cat-anker-bluetti","8":"product_cat-bluetti","9":"pa_brand-bluetti","10":"pa_producttype-draagbaar-zonnepaneel","12":"first","13":"outofstock","14":"taxable","15":"shipping-taxable","16":"product-type-simple"},"acf":[],"yoast_head":"<!-- This site is optimized with the Yoast SEO Premium plugin v27.2 (Yoast SEO v27.2) - https:\/\/yoast.com\/product\/yoast-seo-premium-wordpress\/ -->\n<title>Bluetti PV350D Solar Panel - koningdrone.be<\/title>\n<meta name=\"robots\" content=\"index, follow, max-snippet:-1, max-image-preview:large, max-video-preview:-1\" \/>\n<link rel=\"canonical\" href=\"https:\/\/koningdrone.be\/es\/producto\/bluetti-pv350d-solar-panel\/\" \/>\n<meta property=\"og:locale\" content=\"es_ES\" \/>\n<meta property=\"og:type\" content=\"article\" \/>\n<meta property=\"og:title\" content=\"Bluetti PV350D Solar Panel\" \/>\n<meta property=\"og:description\" content=\"Hoog vermogen: 350W output \u2013 1,75\u00d7 krachtiger dan 200W panelen en 4\u00d7 dan 100W panelen  Hoge effici\u00ebntie: tot 23,4% celrendement met monokristallijne zonnecellen voor uitstekende prestaties, zelfs bij minder zonlicht  Weerbestendig ontwerp: ETFE-coating en versterkt glasvezel zorgen voor IP67-bescherming tegen stof en water  Eenvoudige installatie: met verstelbare kickstand voor optimale hoek en maximale zonne-inval gedurende de dag  Universele compatibiliteit: MC4-connectoren en 43,8V open-circuit spanning maken het paneel geschikt voor Bluetti \u00e9n andere merken  Reisvriendelijk: opvouwbaar en lichtgewicht ontwerp \u2013 ideaal voor off-grid avonturen, campertrips, of noodstroomvoorziening  Duurzaam en stil: geen bewegende delen of brandstof nodig \u2013 een milieuvriendelijke energieoplossing\" \/>\n<meta property=\"og:url\" content=\"https:\/\/koningdrone.be\/es\/producto\/bluetti-pv350d-solar-panel\/\" \/>\n<meta property=\"og:site_name\" content=\"koningdrone.be\" \/>\n<meta property=\"og:image\" content=\"https:\/\/koningdrone.be\/wp-content\/uploads\/sites\/13\/2026\/01\/PV350D-2025-04-18_4_1100x.png\" \/>\n\t<meta property=\"og:image:width\" content=\"1100\" \/>\n\t<meta property=\"og:image:height\" content=\"1100\" \/>\n\t<meta property=\"og:image:type\" content=\"image\/png\" \/>\n<meta name=\"twitter:card\" content=\"summary_large_image\" \/>\n<meta name=\"twitter:label1\" content=\"Tiempo de lectura\" \/>\n\t<meta name=\"twitter:data1\" content=\"1 minuto\" \/>\n<script type=\"application\/ld+json\" class=\"yoast-schema-graph\">{\"@context\":\"https:\/\/schema.org\",\"@graph\":[{\"@type\":\"WebPage\",\"@id\":\"https:\/\/koningdrone.be\/en\/product\/bluetti-pv350d-solar-panel\/\",\"url\":\"https:\/\/koningdrone.be\/en\/product\/bluetti-pv350d-solar-panel\/\",\"name\":\"Bluetti PV350D Solar Panel - koningdrone.be\",\"isPartOf\":{\"@id\":\"https:\/\/koningdrone.be\/#website\"},\"primaryImageOfPage\":{\"@id\":\"https:\/\/koningdrone.be\/en\/product\/bluetti-pv350d-solar-panel\/#primaryimage\"},\"image\":{\"@id\":\"https:\/\/koningdrone.be\/en\/product\/bluetti-pv350d-solar-panel\/#primaryimage\"},\"thumbnailUrl\":\"https:\/\/koningdrone.be\/wp-content\/uploads\/sites\/13\/2026\/01\/PV350D-2025-04-18_4_1100x.png\",\"datePublished\":\"2025-09-01T11:40:09+00:00\",\"breadcrumb\":{\"@id\":\"https:\/\/koningdrone.be\/en\/product\/bluetti-pv350d-solar-panel\/#breadcrumb\"},\"inLanguage\":\"es\",\"potentialAction\":[{\"@type\":\"ReadAction\",\"target\":[\"https:\/\/koningdrone.be\/en\/product\/bluetti-pv350d-solar-panel\/\"]}]},{\"@type\":\"ImageObject\",\"inLanguage\":\"es\",\"@id\":\"https:\/\/koningdrone.be\/en\/product\/bluetti-pv350d-solar-panel\/#primaryimage\",\"url\":\"https:\/\/koningdrone.be\/wp-content\/uploads\/sites\/13\/2026\/01\/PV350D-2025-04-18_4_1100x.png\",\"contentUrl\":\"https:\/\/koningdrone.be\/wp-content\/uploads\/sites\/13\/2026\/01\/PV350D-2025-04-18_4_1100x.png\",\"width\":1100,\"height\":1100},{\"@type\":\"BreadcrumbList\",\"@id\":\"https:\/\/koningdrone.be\/en\/product\/bluetti-pv350d-solar-panel\/#breadcrumb\",\"itemListElement\":[{\"@type\":\"ListItem\",\"position\":1,\"name\":\"Home\",\"item\":\"https:\/\/koningdrone.be\/\"},{\"@type\":\"ListItem\",\"position\":2,\"name\":\"AVSS Parachute Recovery System for DJI Matrice 300\/350\",\"item\":\"https:\/\/koningdrone.be\/product\/avss-parachute-recovery-system-for-dji-matrice-300-350\/\"},{\"@type\":\"ListItem\",\"position\":3,\"name\":\"Alle producten\",\"item\":\"https:\/\/koningdrone.be\/categorie\/alle-producten\/\"},{\"@type\":\"ListItem\",\"position\":4,\"name\":\"Bluetti PV350D Solar Panel\"}]},{\"@type\":\"WebSite\",\"@id\":\"https:\/\/koningdrone.be\/#website\",\"url\":\"https:\/\/koningdrone.be\/\",\"name\":\"Koningdrone.be - Uw online specialist in drones, gimbals, camera's en power stations.\",\"description\":\"De webshop in drones en gimbals\",\"publisher\":{\"@id\":\"https:\/\/koningdrone.be\/#organization\"},\"potentialAction\":[{\"@type\":\"SearchAction\",\"target\":{\"@type\":\"EntryPoint\",\"urlTemplate\":\"https:\/\/koningdrone.be\/?s={search_term_string}\"},\"query-input\":{\"@type\":\"PropertyValueSpecification\",\"valueRequired\":true,\"valueName\":\"search_term_string\"}}],\"inLanguage\":\"es\"},{\"@type\":\"Organization\",\"@id\":\"https:\/\/koningdrone.be\/#organization\",\"name\":\"Koningdrone.be\",\"url\":\"https:\/\/koningdrone.be\/\",\"logo\":{\"@type\":\"ImageObject\",\"inLanguage\":\"es\",\"@id\":\"https:\/\/koningdrone.be\/#\/schema\/logo\/image\/\",\"url\":\"https:\/\/koningdrone.be\/wp-content\/uploads\/sites\/13\/2025\/04\/koningdrone-copyright-logo.svg\",\"contentUrl\":\"https:\/\/koningdrone.be\/wp-content\/uploads\/sites\/13\/2025\/04\/koningdrone-copyright-logo.svg\",\"width\":227,\"height\":38,\"caption\":\"Koningdrone.be\"},\"image\":{\"@id\":\"https:\/\/koningdrone.be\/#\/schema\/logo\/image\/\"}}]}<\/script>\n<!-- \/ Yoast SEO Premium plugin. -->","yoast_head_json":{"title":"Bluetti PV350D Solar Panel - koningdrone.be","robots":{"index":"index","follow":"follow","max-snippet":"max-snippet:-1","max-image-preview":"max-image-preview:large","max-video-preview":"max-video-preview:-1"},"canonical":"https:\/\/koningdrone.be\/es\/producto\/bluetti-pv350d-solar-panel\/","og_locale":"es_ES","og_type":"article","og_title":"Bluetti PV350D Solar Panel","og_description":"Hoog vermogen: 350W output \u2013 1,75\u00d7 krachtiger dan 200W panelen en 4\u00d7 dan 100W panelen  Hoge effici\u00ebntie: tot 23,4% celrendement met monokristallijne zonnecellen voor uitstekende prestaties, zelfs bij minder zonlicht  Weerbestendig ontwerp: ETFE-coating en versterkt glasvezel zorgen voor IP67-bescherming tegen stof en water  Eenvoudige installatie: met verstelbare kickstand voor optimale hoek en maximale zonne-inval gedurende de dag  Universele compatibiliteit: MC4-connectoren en 43,8V open-circuit spanning maken het paneel geschikt voor Bluetti \u00e9n andere merken  Reisvriendelijk: opvouwbaar en lichtgewicht ontwerp \u2013 ideaal voor off-grid avonturen, campertrips, of noodstroomvoorziening  Duurzaam en stil: geen bewegende delen of brandstof nodig \u2013 een milieuvriendelijke energieoplossing","og_url":"https:\/\/koningdrone.be\/es\/producto\/bluetti-pv350d-solar-panel\/","og_site_name":"koningdrone.be","og_image":[{"width":1100,"height":1100,"url":"https:\/\/koningdrone.be\/wp-content\/uploads\/sites\/13\/2026\/01\/PV350D-2025-04-18_4_1100x.png","type":"image\/png"}],"twitter_card":"summary_large_image","twitter_misc":{"Tiempo de lectura":"1 minuto"},"schema":{"@context":"https:\/\/schema.org","@graph":[{"@type":"WebPage","@id":"https:\/\/koningdrone.be\/en\/product\/bluetti-pv350d-solar-panel\/","url":"https:\/\/koningdrone.be\/en\/product\/bluetti-pv350d-solar-panel\/","name":"Bluetti PV350D Solar Panel - koningdrone.be","isPartOf":{"@id":"https:\/\/koningdrone.be\/#website"},"primaryImageOfPage":{"@id":"https:\/\/koningdrone.be\/en\/product\/bluetti-pv350d-solar-panel\/#primaryimage"},"image":{"@id":"https:\/\/koningdrone.be\/en\/product\/bluetti-pv350d-solar-panel\/#primaryimage"},"thumbnailUrl":"https:\/\/koningdrone.be\/wp-content\/uploads\/sites\/13\/2026\/01\/PV350D-2025-04-18_4_1100x.png","datePublished":"2025-09-01T11:40:09+00:00","breadcrumb":{"@id":"https:\/\/koningdrone.be\/en\/product\/bluetti-pv350d-solar-panel\/#breadcrumb"},"inLanguage":"es","potentialAction":[{"@type":"ReadAction","target":["https:\/\/koningdrone.be\/en\/product\/bluetti-pv350d-solar-panel\/"]}]},{"@type":"ImageObject","inLanguage":"es","@id":"https:\/\/koningdrone.be\/en\/product\/bluetti-pv350d-solar-panel\/#primaryimage","url":"https:\/\/koningdrone.be\/wp-content\/uploads\/sites\/13\/2026\/01\/PV350D-2025-04-18_4_1100x.png","contentUrl":"https:\/\/koningdrone.be\/wp-content\/uploads\/sites\/13\/2026\/01\/PV350D-2025-04-18_4_1100x.png","width":1100,"height":1100},{"@type":"BreadcrumbList","@id":"https:\/\/koningdrone.be\/en\/product\/bluetti-pv350d-solar-panel\/#breadcrumb","itemListElement":[{"@type":"ListItem","position":1,"name":"Home","item":"https:\/\/koningdrone.be\/"},{"@type":"ListItem","position":2,"name":"AVSS Parachute Recovery System for DJI Matrice 300\/350","item":"https:\/\/koningdrone.be\/product\/avss-parachute-recovery-system-for-dji-matrice-300-350\/"},{"@type":"ListItem","position":3,"name":"Alle producten","item":"https:\/\/koningdrone.be\/categorie\/alle-producten\/"},{"@type":"ListItem","position":4,"name":"Bluetti PV350D Solar Panel"}]},{"@type":"WebSite","@id":"https:\/\/koningdrone.be\/#website","url":"https:\/\/koningdrone.be\/","name":"Koningdrone.be - Su especialista en l\u00ednea en drones, cardanes, c\u00e1maras y centrales el\u00e9ctricas.","description":"La tienda virtual de drones y cardanes","publisher":{"@id":"https:\/\/koningdrone.be\/#organization"},"potentialAction":[{"@type":"SearchAction","target":{"@type":"EntryPoint","urlTemplate":"https:\/\/koningdrone.be\/?s={search_term_string}"},"query-input":{"@type":"PropertyValueSpecification","valueRequired":true,"valueName":"search_term_string"}}],"inLanguage":"es"},{"@type":"Organization","@id":"https:\/\/koningdrone.be\/#organization","name":"Kingdrone.es","url":"https:\/\/koningdrone.be\/","logo":{"@type":"ImageObject","inLanguage":"es","@id":"https:\/\/koningdrone.be\/#\/schema\/logo\/image\/","url":"https:\/\/koningdrone.be\/wp-content\/uploads\/sites\/13\/2025\/04\/koningdrone-copyright-logo.svg","contentUrl":"https:\/\/koningdrone.be\/wp-content\/uploads\/sites\/13\/2025\/04\/koningdrone-copyright-logo.svg","width":227,"height":38,"caption":"Koningdrone.be"},"image":{"@id":"https:\/\/koningdrone.be\/#\/schema\/logo\/image\/"}}]}},"df_price":"","df_sale_price":"","df_regular_price":"","df_image_link":"https:\/\/koningdrone.be\/wp-content\/uploads\/sites\/13\/2026\/01\/PV350D-2025-04-18_4_1100x-300x300.png","_links":{"self":[{"href":"https:\/\/koningdrone.be\/es\/wp-json\/wp\/v2\/product\/16214","targetHints":{"allow":["GET"]}}],"collection":[{"href":"https:\/\/koningdrone.be\/es\/wp-json\/wp\/v2\/product"}],"about":[{"href":"https:\/\/koningdrone.be\/es\/wp-json\/wp\/v2\/types\/product"}],"wp:featuredmedia":[{"embeddable":true,"href":"https:\/\/koningdrone.be\/es\/wp-json\/wp\/v2\/media\/16209"}],"wp:attachment":[{"href":"https:\/\/koningdrone.be\/es\/wp-json\/wp\/v2\/media?parent=16214"}],"wp:term":[{"taxonomy":"product_brand","embeddable":true,"href":"https:\/\/koningdrone.be\/es\/wp-json\/wp\/v2\/product_brand?post=16214"},{"taxonomy":"product_cat","embeddable":true,"href":"https:\/\/koningdrone.be\/es\/wp-json\/wp\/v2\/product_cat?post=16214"},{"taxonomy":"product_tag","embeddable":true,"href":"https:\/\/koningdrone.be\/es\/wp-json\/wp\/v2\/product_tag?post=16214"}],"curies":[{"name":"wp","href":"https:\/\/api.w.org\/{rel}","templated":true}]}}