{"id":16194,"date":"2025-09-01T13:35:09","date_gmt":"2025-09-01T11:35:09","guid":{"rendered":"https:\/\/koningdrone.be\/product\/bluetti-ac70p-power-station\/"},"modified":"2026-04-29T06:41:03","modified_gmt":"2026-04-29T04:41:03","slug":"bluetti-ac70p-power-station","status":"publish","type":"product","link":"https:\/\/koningdrone.be\/es\/producto\/bluetti-ac70p-power-station\/","title":{"rendered":"Central el\u00e9ctrica Bluetti AC70P"},"content":{"rendered":"<h2>Estaci\u00f3n solar Bluetti AC70P<\/h2>\n<p><strong>Una soluci\u00f3n energ\u00e9tica potente e inteligente para cualquier situaci\u00f3n.<\/strong><\/p>\n<p>En <strong>Bluetti AC70P<\/strong> es una central el\u00e9ctrica port\u00e1til compacta y vers\u00e1til dise\u00f1ada para <strong>aventuras al aire libre<\/strong>, <strong>viajes por carretera<\/strong> y <strong>aplicaciones de copia de seguridad dom\u00e9stica<\/strong>. Equipado con un duradero <strong>Bater\u00eda LiFePO\u2084 de 864 Wh<\/strong> ofrece una producci\u00f3n continua de <strong>1.000W<\/strong> y un pico de <strong>2.000W<\/strong> en modo de elevaci\u00f3n de potencia. Ideal para alimentar desde ordenadores port\u00e1tiles hasta minineveras y peque\u00f1os electrodom\u00e9sticos.<\/p>\n<h2>Caracter\u00edsticas principales<\/h2>\n<ul>\n<li><strong>Potente salida:<\/strong> Potencia continua de 1.000 W, pico de 2.000 W con modo de elevaci\u00f3n de potencia: adecuado para una gran variedad de dispositivos.<\/li>\n<li><strong>Bater\u00eda de alta capacidad:<\/strong> 864Wh LiFePO\u2084 con m\u00e1s de 3.000 ciclos de carga para una fiabilidad a largo plazo.<\/li>\n<li><strong>Carga r\u00e1pida AC Turbo:<\/strong> carga hasta 80% en s\u00f3lo <strong>45 minutos<\/strong> a trav\u00e9s de la red el\u00e9ctrica.<\/li>\n<li><strong>Opciones de carga vers\u00e1tiles:<\/strong> Soporte para CA, panel solar (hasta 500 W), opci\u00f3n de carga en coche y generador.<\/li>\n<li><strong>Funcionamiento del SAI:<\/strong> cambio sin fisuras en <strong>20ms<\/strong> para proteger los equipos sensibles en caso de corte del suministro el\u00e9ctrico.<\/li>\n<li><strong>Gesti\u00f3n inteligente:<\/strong> control y supervisi\u00f3n totales a trav\u00e9s del <strong>Aplicaci\u00f3n Bluetti<\/strong>.<\/li>\n<\/ul>\n<h2>Ideal para:<\/h2>\n<ul>\n<li>Aventureros y campistas sin conexi\u00f3n a la red el\u00e9ctrica<\/li>\n<li>Viajeros que necesitan energ\u00eda fiable en sus desplazamientos<\/li>\n<li>Los hogares quieren estar preparados para los cortes de electricidad<\/li>\n<li>Uso profesional en condiciones de campo o respuesta a emergencias<\/li>\n<\/ul>\n<p>Gracias a su s\u00f3lido rendimiento, su capacidad de carga r\u00e1pida y sus funciones inteligentes, el <strong>Bluetti AC70P<\/strong> Un compa\u00f1ero fiable para cualquier situaci\u00f3n en la que necesite energ\u00eda.<\/p>","protected":false},"excerpt":{"rendered":"<ul>\n<li><strong>Dise\u00f1o port\u00e1til y ligero:<\/strong> Perfecto para aventuras al aire libre, as\u00ed como de copia de seguridad en casa en caso de corte de energ\u00eda.<\/li>\n<li><strong>Modo de elevaci\u00f3n el\u00e9ctrica:<\/strong> admite dispositivos de hasta <strong>2.000W<\/strong>, ideal para aplicaciones dom\u00e9sticas pesadas.<\/li>\n<li><strong>M\u00faltiples opciones de carga:<\/strong> a trav\u00e9s de la red el\u00e9ctrica, paneles solares, coche y generador para una m\u00e1xima flexibilidad.<\/li>\n<li><strong>Compatible con bater\u00edas de expansi\u00f3n:<\/strong> como <strong>B80P<\/strong>, <strong>B230<\/strong> y <strong>B300<\/strong> para una mayor capacidad energ\u00e9tica.<\/li>\n<li><strong>Funcionamiento intuitivo:<\/strong> interfaz inteligente en combinaci\u00f3n con el <strong>Aplicaci\u00f3n Bluetti<\/strong> para facilitar la supervisi\u00f3n y la gesti\u00f3n.<\/li>\n<\/ul>","protected":false},"featured_media":16188,"template":"","meta":{"_acf_changed":false},"product_brand":[],"product_cat":[97,1701,829],"product_tag":[],"class_list":{"0":"post-16194","1":"product","2":"type-product","3":"status-publish","4":"has-post-thumbnail","6":"product_cat-alle-producten","7":"product_cat-anker-bluetti","8":"product_cat-bluetti","9":"product_shipping_class-outofstock","10":"pa_brand-bluetti","11":"pa_producttype-zonne-energiecentrale","13":"first","14":"outofstock","15":"taxable","16":"shipping-taxable","17":"product-type-simple"},"acf":[],"yoast_head":"<!-- This site is optimized with the Yoast SEO Premium plugin v27.2 (Yoast SEO v27.2) - https:\/\/yoast.com\/product\/yoast-seo-premium-wordpress\/ -->\n<title>Bluetti AC70P Power station - koningdrone.be<\/title>\n<meta name=\"robots\" content=\"index, follow, max-snippet:-1, max-image-preview:large, max-video-preview:-1\" \/>\n<link rel=\"canonical\" href=\"https:\/\/koningdrone.be\/es\/producto\/bluetti-ac70p-power-station\/\" \/>\n<meta property=\"og:locale\" content=\"es_ES\" \/>\n<meta property=\"og:type\" content=\"article\" \/>\n<meta property=\"og:title\" content=\"Bluetti AC70P Power station\" \/>\n<meta property=\"og:description\" content=\"Draagbaar en lichtgewicht ontwerp: perfect voor buitenavonturen \u00e9n als thuisback-up bij stroomuitval.  Power Lifting Mode: ondersteunt apparaten tot 2.000W, ideaal voor zwaardere huishoudelijke toepassingen.  Meerdere oplaadmogelijkheden: via netstroom, zonnepanelen, auto en generator voor maximale flexibiliteit.  Compatibel met uitbreidingsaccu&#039;s: zoals B80P, B230 en B300 voor een grotere energiecapaciteit.  Intu\u00eftieve bediening: slimme interface in combinatie met de Bluetti App voor eenvoudige monitoring en beheer.\" \/>\n<meta property=\"og:url\" content=\"https:\/\/koningdrone.be\/es\/producto\/bluetti-ac70p-power-station\/\" \/>\n<meta property=\"og:site_name\" content=\"koningdrone.be\" \/>\n<meta property=\"article:modified_time\" content=\"2026-04-29T04:41:03+00:00\" \/>\n<meta property=\"og:image\" content=\"https:\/\/koningdrone.be\/wp-content\/uploads\/sites\/13\/2026\/01\/AC70P-ZT1_1100x.png\" \/>\n\t<meta property=\"og:image:width\" content=\"1100\" \/>\n\t<meta property=\"og:image:height\" content=\"1100\" \/>\n\t<meta property=\"og:image:type\" content=\"image\/png\" \/>\n<meta name=\"twitter:card\" content=\"summary_large_image\" \/>\n<meta name=\"twitter:label1\" content=\"Tiempo de lectura\" \/>\n\t<meta name=\"twitter:data1\" content=\"1 minuto\" \/>\n<script type=\"application\/ld+json\" class=\"yoast-schema-graph\">{\"@context\":\"https:\/\/schema.org\",\"@graph\":[{\"@type\":\"WebPage\",\"@id\":\"https:\/\/koningdrone.be\/product\/bluetti-ac70p-power-station\/\",\"url\":\"https:\/\/koningdrone.be\/product\/bluetti-ac70p-power-station\/\",\"name\":\"Bluetti AC70P Power station - koningdrone.be\",\"isPartOf\":{\"@id\":\"https:\/\/koningdrone.be\/#website\"},\"primaryImageOfPage\":{\"@id\":\"https:\/\/koningdrone.be\/product\/bluetti-ac70p-power-station\/#primaryimage\"},\"image\":{\"@id\":\"https:\/\/koningdrone.be\/product\/bluetti-ac70p-power-station\/#primaryimage\"},\"thumbnailUrl\":\"https:\/\/koningdrone.be\/wp-content\/uploads\/sites\/13\/2026\/01\/AC70P-ZT1_1100x.png\",\"datePublished\":\"2025-09-01T11:35:09+00:00\",\"dateModified\":\"2026-04-29T04:41:03+00:00\",\"breadcrumb\":{\"@id\":\"https:\/\/koningdrone.be\/product\/bluetti-ac70p-power-station\/#breadcrumb\"},\"inLanguage\":\"es\",\"potentialAction\":[{\"@type\":\"ReadAction\",\"target\":[\"https:\/\/koningdrone.be\/product\/bluetti-ac70p-power-station\/\"]}]},{\"@type\":\"ImageObject\",\"inLanguage\":\"es\",\"@id\":\"https:\/\/koningdrone.be\/product\/bluetti-ac70p-power-station\/#primaryimage\",\"url\":\"https:\/\/koningdrone.be\/wp-content\/uploads\/sites\/13\/2026\/01\/AC70P-ZT1_1100x.png\",\"contentUrl\":\"https:\/\/koningdrone.be\/wp-content\/uploads\/sites\/13\/2026\/01\/AC70P-ZT1_1100x.png\",\"width\":1100,\"height\":1100},{\"@type\":\"BreadcrumbList\",\"@id\":\"https:\/\/koningdrone.be\/product\/bluetti-ac70p-power-station\/#breadcrumb\",\"itemListElement\":[{\"@type\":\"ListItem\",\"position\":1,\"name\":\"Home\",\"item\":\"https:\/\/koningdrone.be\/\"},{\"@type\":\"ListItem\",\"position\":2,\"name\":\"AVSS Parachute Recovery System for DJI Matrice 300\/350\",\"item\":\"https:\/\/koningdrone.be\/product\/avss-parachute-recovery-system-for-dji-matrice-300-350\/\"},{\"@type\":\"ListItem\",\"position\":3,\"name\":\"Alle producten\",\"item\":\"https:\/\/koningdrone.be\/categorie\/alle-producten\/\"},{\"@type\":\"ListItem\",\"position\":4,\"name\":\"Bluetti AC70P Power station\"}]},{\"@type\":\"WebSite\",\"@id\":\"https:\/\/koningdrone.be\/#website\",\"url\":\"https:\/\/koningdrone.be\/\",\"name\":\"Koningdrone.be - Uw online specialist in drones, gimbals, camera's en power stations.\",\"description\":\"De webshop in drones en gimbals\",\"publisher\":{\"@id\":\"https:\/\/koningdrone.be\/#organization\"},\"potentialAction\":[{\"@type\":\"SearchAction\",\"target\":{\"@type\":\"EntryPoint\",\"urlTemplate\":\"https:\/\/koningdrone.be\/?s={search_term_string}\"},\"query-input\":{\"@type\":\"PropertyValueSpecification\",\"valueRequired\":true,\"valueName\":\"search_term_string\"}}],\"inLanguage\":\"es\"},{\"@type\":\"Organization\",\"@id\":\"https:\/\/koningdrone.be\/#organization\",\"name\":\"Koningdrone.be\",\"url\":\"https:\/\/koningdrone.be\/\",\"logo\":{\"@type\":\"ImageObject\",\"inLanguage\":\"es\",\"@id\":\"https:\/\/koningdrone.be\/#\/schema\/logo\/image\/\",\"url\":\"https:\/\/koningdrone.be\/wp-content\/uploads\/sites\/13\/2025\/04\/koningdrone-copyright-logo.svg\",\"contentUrl\":\"https:\/\/koningdrone.be\/wp-content\/uploads\/sites\/13\/2025\/04\/koningdrone-copyright-logo.svg\",\"width\":227,\"height\":38,\"caption\":\"Koningdrone.be\"},\"image\":{\"@id\":\"https:\/\/koningdrone.be\/#\/schema\/logo\/image\/\"}}]}<\/script>\n<!-- \/ Yoast SEO Premium plugin. -->","yoast_head_json":{"title":"Bluetti AC70P Power station - koningdrone.be","robots":{"index":"index","follow":"follow","max-snippet":"max-snippet:-1","max-image-preview":"max-image-preview:large","max-video-preview":"max-video-preview:-1"},"canonical":"https:\/\/koningdrone.be\/es\/producto\/bluetti-ac70p-power-station\/","og_locale":"es_ES","og_type":"article","og_title":"Bluetti AC70P Power station","og_description":"Draagbaar en lichtgewicht ontwerp: perfect voor buitenavonturen \u00e9n als thuisback-up bij stroomuitval.  Power Lifting Mode: ondersteunt apparaten tot 2.000W, ideaal voor zwaardere huishoudelijke toepassingen.  Meerdere oplaadmogelijkheden: via netstroom, zonnepanelen, auto en generator voor maximale flexibiliteit.  Compatibel met uitbreidingsaccu's: zoals B80P, B230 en B300 voor een grotere energiecapaciteit.  Intu\u00eftieve bediening: slimme interface in combinatie met de Bluetti App voor eenvoudige monitoring en beheer.","og_url":"https:\/\/koningdrone.be\/es\/producto\/bluetti-ac70p-power-station\/","og_site_name":"koningdrone.be","article_modified_time":"2026-04-29T04:41:03+00:00","og_image":[{"width":1100,"height":1100,"url":"https:\/\/koningdrone.be\/wp-content\/uploads\/sites\/13\/2026\/01\/AC70P-ZT1_1100x.png","type":"image\/png"}],"twitter_card":"summary_large_image","twitter_misc":{"Tiempo de lectura":"1 minuto"},"schema":{"@context":"https:\/\/schema.org","@graph":[{"@type":"WebPage","@id":"https:\/\/koningdrone.be\/product\/bluetti-ac70p-power-station\/","url":"https:\/\/koningdrone.be\/product\/bluetti-ac70p-power-station\/","name":"Bluetti AC70P Power station - koningdrone.be","isPartOf":{"@id":"https:\/\/koningdrone.be\/#website"},"primaryImageOfPage":{"@id":"https:\/\/koningdrone.be\/product\/bluetti-ac70p-power-station\/#primaryimage"},"image":{"@id":"https:\/\/koningdrone.be\/product\/bluetti-ac70p-power-station\/#primaryimage"},"thumbnailUrl":"https:\/\/koningdrone.be\/wp-content\/uploads\/sites\/13\/2026\/01\/AC70P-ZT1_1100x.png","datePublished":"2025-09-01T11:35:09+00:00","dateModified":"2026-04-29T04:41:03+00:00","breadcrumb":{"@id":"https:\/\/koningdrone.be\/product\/bluetti-ac70p-power-station\/#breadcrumb"},"inLanguage":"es","potentialAction":[{"@type":"ReadAction","target":["https:\/\/koningdrone.be\/product\/bluetti-ac70p-power-station\/"]}]},{"@type":"ImageObject","inLanguage":"es","@id":"https:\/\/koningdrone.be\/product\/bluetti-ac70p-power-station\/#primaryimage","url":"https:\/\/koningdrone.be\/wp-content\/uploads\/sites\/13\/2026\/01\/AC70P-ZT1_1100x.png","contentUrl":"https:\/\/koningdrone.be\/wp-content\/uploads\/sites\/13\/2026\/01\/AC70P-ZT1_1100x.png","width":1100,"height":1100},{"@type":"BreadcrumbList","@id":"https:\/\/koningdrone.be\/product\/bluetti-ac70p-power-station\/#breadcrumb","itemListElement":[{"@type":"ListItem","position":1,"name":"Home","item":"https:\/\/koningdrone.be\/"},{"@type":"ListItem","position":2,"name":"AVSS Parachute Recovery System for DJI Matrice 300\/350","item":"https:\/\/koningdrone.be\/product\/avss-parachute-recovery-system-for-dji-matrice-300-350\/"},{"@type":"ListItem","position":3,"name":"Alle producten","item":"https:\/\/koningdrone.be\/categorie\/alle-producten\/"},{"@type":"ListItem","position":4,"name":"Bluetti AC70P Power station"}]},{"@type":"WebSite","@id":"https:\/\/koningdrone.be\/#website","url":"https:\/\/koningdrone.be\/","name":"Koningdrone.be - Su especialista en l\u00ednea en drones, cardanes, c\u00e1maras y centrales el\u00e9ctricas.","description":"La tienda virtual de drones y cardanes","publisher":{"@id":"https:\/\/koningdrone.be\/#organization"},"potentialAction":[{"@type":"SearchAction","target":{"@type":"EntryPoint","urlTemplate":"https:\/\/koningdrone.be\/?s={search_term_string}"},"query-input":{"@type":"PropertyValueSpecification","valueRequired":true,"valueName":"search_term_string"}}],"inLanguage":"es"},{"@type":"Organization","@id":"https:\/\/koningdrone.be\/#organization","name":"Kingdrone.es","url":"https:\/\/koningdrone.be\/","logo":{"@type":"ImageObject","inLanguage":"es","@id":"https:\/\/koningdrone.be\/#\/schema\/logo\/image\/","url":"https:\/\/koningdrone.be\/wp-content\/uploads\/sites\/13\/2025\/04\/koningdrone-copyright-logo.svg","contentUrl":"https:\/\/koningdrone.be\/wp-content\/uploads\/sites\/13\/2025\/04\/koningdrone-copyright-logo.svg","width":227,"height":38,"caption":"Koningdrone.be"},"image":{"@id":"https:\/\/koningdrone.be\/#\/schema\/logo\/image\/"}}]}},"df_price":"","df_sale_price":"","df_regular_price":"","df_image_link":"https:\/\/koningdrone.be\/wp-content\/uploads\/sites\/13\/2026\/01\/AC70P-ZT1_1100x-300x300.png","_links":{"self":[{"href":"https:\/\/koningdrone.be\/es\/wp-json\/wp\/v2\/product\/16194","targetHints":{"allow":["GET"]}}],"collection":[{"href":"https:\/\/koningdrone.be\/es\/wp-json\/wp\/v2\/product"}],"about":[{"href":"https:\/\/koningdrone.be\/es\/wp-json\/wp\/v2\/types\/product"}],"wp:featuredmedia":[{"embeddable":true,"href":"https:\/\/koningdrone.be\/es\/wp-json\/wp\/v2\/media\/16188"}],"wp:attachment":[{"href":"https:\/\/koningdrone.be\/es\/wp-json\/wp\/v2\/media?parent=16194"}],"wp:term":[{"taxonomy":"product_brand","embeddable":true,"href":"https:\/\/koningdrone.be\/es\/wp-json\/wp\/v2\/product_brand?post=16194"},{"taxonomy":"product_cat","embeddable":true,"href":"https:\/\/koningdrone.be\/es\/wp-json\/wp\/v2\/product_cat?post=16194"},{"taxonomy":"product_tag","embeddable":true,"href":"https:\/\/koningdrone.be\/es\/wp-json\/wp\/v2\/product_tag?post=16194"}],"curies":[{"name":"wp","href":"https:\/\/api.w.org\/{rel}","templated":true}]}}