{"id":16185,"date":"2025-09-03T10:24:11","date_gmt":"2025-09-03T08:24:11","guid":{"rendered":"https:\/\/koningdrone.be\/product\/anker-solix-bp2600-expansion-battery-2560wh\/"},"modified":"2025-09-03T10:24:11","modified_gmt":"2025-09-03T08:24:11","slug":"anker-solix-bp2600-expansion-battery-2560wh","status":"publish","type":"product","link":"https:\/\/koningdrone.be\/es\/producto\/anker-solix-bp2600-expansion-battery-2560wh\/","title":{"rendered":"Bater\u00eda de expansi\u00f3n Anker SOLIX BP2600 - 2560Wh"},"content":{"rendered":"<h2>La bater\u00eda de expansi\u00f3n Anker SOLIX BP2600 ofrece unos impresionantes 2560Wh de almacenamiento de energ\u00eda adicional, dise\u00f1ada para ampliar sin problemas la capacidad de los sistemas Anker SOLIX compatibles.<\/h2>\n<p>Gracias a las avanzadas celdas de bater\u00eda LFP, la BP2600 ofrece un rendimiento fiable, una seguridad excelente y una larga vida \u00fatil.<\/p>\n<p>Ya sea para uso dom\u00e9stico, al aire libre o fuera de la red el\u00e9ctrica, esta bater\u00eda de expansi\u00f3n le garantiza energ\u00eda cuando m\u00e1s la necesita, con un dise\u00f1o robusto y una conectividad vers\u00e1til ....<\/p>","protected":false},"excerpt":{"rendered":"<ul>\n<li>Aumenta el almacenamiento total de energ\u00eda en 2560 Wh.<\/li>\n<li><\/li>\n<li>Construido con celdas de bater\u00eda LFP duraderas y seguras.<\/li>\n<li><\/li>\n<li>Admite un uso vers\u00e1til en interiores y exteriores.<\/li>\n<li><\/li>\n<li>Dise\u00f1ado para emparejarse f\u00e1cilmente con los sistemas de copia de seguridad Anker SOLIX.<\/li>\n<li><\/li>\n<li>Construcci\u00f3n duradera y fuente de alimentaci\u00f3n fiable.<\/li>\n<li><\/li>\n<li>Ideal para necesidades energ\u00e9ticas de emergencia y fuera de la red.<\/li>\n<\/ul>","protected":false},"featured_media":16023,"template":"","meta":{"_acf_changed":false},"product_brand":[],"product_cat":[97,197,1701],"product_tag":[],"class_list":{"0":"post-16185","1":"product","2":"type-product","3":"status-publish","4":"has-post-thumbnail","6":"product_cat-alle-producten","7":"product_cat-anker","8":"product_cat-anker-bluetti","9":"pa_brand-anker","10":"pa_producttype-extension-battery","12":"first","13":"outofstock","14":"taxable","15":"shipping-taxable","16":"product-type-simple"},"acf":[],"yoast_head":"<!-- This site is optimized with the Yoast SEO Premium plugin v27.2 (Yoast SEO v27.2) - https:\/\/yoast.com\/product\/yoast-seo-premium-wordpress\/ -->\n<title>Anker SOLIX BP2600 Expansion Battery - 2560Wh - koningdrone.be<\/title>\n<meta name=\"robots\" content=\"index, follow, max-snippet:-1, max-image-preview:large, max-video-preview:-1\" \/>\n<link rel=\"canonical\" href=\"https:\/\/koningdrone.be\/es\/producto\/anker-solix-bp2600-expansion-battery-2560wh\/\" \/>\n<meta property=\"og:locale\" content=\"es_ES\" \/>\n<meta property=\"og:type\" content=\"article\" \/>\n<meta property=\"og:title\" content=\"Anker SOLIX BP2600 Expansion Battery - 2560Wh\" \/>\n<meta property=\"og:description\" content=\"Breidt de totale energieopslag uit met 2560Wh.    Gebouwd met duurzame en veilige LFP-batterijcellen.    Ondersteunt veelzijdig binnen- en buitengebruik.    Ontworpen voor eenvoudig koppelen met Anker SOLIX back-upsystemen.    Duurzame constructie en betrouwbare stroomvoorziening.    Ideaal voor noodback-up en off-grid stroombehoeften.\" \/>\n<meta property=\"og:url\" content=\"https:\/\/koningdrone.be\/es\/producto\/anker-solix-bp2600-expansion-battery-2560wh\/\" \/>\n<meta property=\"og:site_name\" content=\"koningdrone.be\" \/>\n<meta property=\"og:image\" content=\"https:\/\/koningdrone.be\/wp-content\/uploads\/sites\/13\/2026\/01\/anker-solix-bp2600-extension-battery-01-20240325.jpg\" \/>\n\t<meta property=\"og:image:width\" content=\"800\" \/>\n\t<meta property=\"og:image:height\" content=\"800\" \/>\n\t<meta property=\"og:image:type\" content=\"image\/jpeg\" \/>\n<meta name=\"twitter:card\" content=\"summary_large_image\" \/>\n<script type=\"application\/ld+json\" class=\"yoast-schema-graph\">{\"@context\":\"https:\/\/schema.org\",\"@graph\":[{\"@type\":\"WebPage\",\"@id\":\"https:\/\/koningdrone.be\/en\/product\/anker-solix-bp2600-expansion-battery-2560wh\/\",\"url\":\"https:\/\/koningdrone.be\/en\/product\/anker-solix-bp2600-expansion-battery-2560wh\/\",\"name\":\"Anker SOLIX BP2600 Expansion Battery - 2560Wh - koningdrone.be\",\"isPartOf\":{\"@id\":\"https:\/\/koningdrone.be\/#website\"},\"primaryImageOfPage\":{\"@id\":\"https:\/\/koningdrone.be\/en\/product\/anker-solix-bp2600-expansion-battery-2560wh\/#primaryimage\"},\"image\":{\"@id\":\"https:\/\/koningdrone.be\/en\/product\/anker-solix-bp2600-expansion-battery-2560wh\/#primaryimage\"},\"thumbnailUrl\":\"https:\/\/koningdrone.be\/wp-content\/uploads\/sites\/13\/2026\/01\/anker-solix-bp2600-extension-battery-01-20240325.jpg\",\"datePublished\":\"2025-09-03T08:24:11+00:00\",\"breadcrumb\":{\"@id\":\"https:\/\/koningdrone.be\/en\/product\/anker-solix-bp2600-expansion-battery-2560wh\/#breadcrumb\"},\"inLanguage\":\"es\",\"potentialAction\":[{\"@type\":\"ReadAction\",\"target\":[\"https:\/\/koningdrone.be\/en\/product\/anker-solix-bp2600-expansion-battery-2560wh\/\"]}]},{\"@type\":\"ImageObject\",\"inLanguage\":\"es\",\"@id\":\"https:\/\/koningdrone.be\/en\/product\/anker-solix-bp2600-expansion-battery-2560wh\/#primaryimage\",\"url\":\"https:\/\/koningdrone.be\/wp-content\/uploads\/sites\/13\/2026\/01\/anker-solix-bp2600-extension-battery-01-20240325.jpg\",\"contentUrl\":\"https:\/\/koningdrone.be\/wp-content\/uploads\/sites\/13\/2026\/01\/anker-solix-bp2600-extension-battery-01-20240325.jpg\",\"width\":800,\"height\":800},{\"@type\":\"BreadcrumbList\",\"@id\":\"https:\/\/koningdrone.be\/en\/product\/anker-solix-bp2600-expansion-battery-2560wh\/#breadcrumb\",\"itemListElement\":[{\"@type\":\"ListItem\",\"position\":1,\"name\":\"Home\",\"item\":\"https:\/\/koningdrone.be\/\"},{\"@type\":\"ListItem\",\"position\":2,\"name\":\"AVSS Parachute Recovery System for DJI Matrice 300\/350\",\"item\":\"https:\/\/koningdrone.be\/product\/avss-parachute-recovery-system-for-dji-matrice-300-350\/\"},{\"@type\":\"ListItem\",\"position\":3,\"name\":\"Alle producten\",\"item\":\"https:\/\/koningdrone.be\/categorie\/alle-producten\/\"},{\"@type\":\"ListItem\",\"position\":4,\"name\":\"Anker SOLIX BP2600 Expansion Battery &#8211; 2560Wh\"}]},{\"@type\":\"WebSite\",\"@id\":\"https:\/\/koningdrone.be\/#website\",\"url\":\"https:\/\/koningdrone.be\/\",\"name\":\"Koningdrone.be - Uw online specialist in drones, gimbals, camera's en power stations.\",\"description\":\"De webshop in drones en gimbals\",\"publisher\":{\"@id\":\"https:\/\/koningdrone.be\/#organization\"},\"potentialAction\":[{\"@type\":\"SearchAction\",\"target\":{\"@type\":\"EntryPoint\",\"urlTemplate\":\"https:\/\/koningdrone.be\/?s={search_term_string}\"},\"query-input\":{\"@type\":\"PropertyValueSpecification\",\"valueRequired\":true,\"valueName\":\"search_term_string\"}}],\"inLanguage\":\"es\"},{\"@type\":\"Organization\",\"@id\":\"https:\/\/koningdrone.be\/#organization\",\"name\":\"Koningdrone.be\",\"url\":\"https:\/\/koningdrone.be\/\",\"logo\":{\"@type\":\"ImageObject\",\"inLanguage\":\"es\",\"@id\":\"https:\/\/koningdrone.be\/#\/schema\/logo\/image\/\",\"url\":\"https:\/\/koningdrone.be\/wp-content\/uploads\/sites\/13\/2025\/04\/koningdrone-copyright-logo.svg\",\"contentUrl\":\"https:\/\/koningdrone.be\/wp-content\/uploads\/sites\/13\/2025\/04\/koningdrone-copyright-logo.svg\",\"width\":227,\"height\":38,\"caption\":\"Koningdrone.be\"},\"image\":{\"@id\":\"https:\/\/koningdrone.be\/#\/schema\/logo\/image\/\"}}]}<\/script>\n<!-- \/ Yoast SEO Premium plugin. -->","yoast_head_json":{"title":"Anker SOLIX BP2600 Expansion Battery - 2560Wh - koningdrone.be","robots":{"index":"index","follow":"follow","max-snippet":"max-snippet:-1","max-image-preview":"max-image-preview:large","max-video-preview":"max-video-preview:-1"},"canonical":"https:\/\/koningdrone.be\/es\/producto\/anker-solix-bp2600-expansion-battery-2560wh\/","og_locale":"es_ES","og_type":"article","og_title":"Anker SOLIX BP2600 Expansion Battery - 2560Wh","og_description":"Breidt de totale energieopslag uit met 2560Wh.    Gebouwd met duurzame en veilige LFP-batterijcellen.    Ondersteunt veelzijdig binnen- en buitengebruik.    Ontworpen voor eenvoudig koppelen met Anker SOLIX back-upsystemen.    Duurzame constructie en betrouwbare stroomvoorziening.    Ideaal voor noodback-up en off-grid stroombehoeften.","og_url":"https:\/\/koningdrone.be\/es\/producto\/anker-solix-bp2600-expansion-battery-2560wh\/","og_site_name":"koningdrone.be","og_image":[{"width":800,"height":800,"url":"https:\/\/koningdrone.be\/wp-content\/uploads\/sites\/13\/2026\/01\/anker-solix-bp2600-extension-battery-01-20240325.jpg","type":"image\/jpeg"}],"twitter_card":"summary_large_image","schema":{"@context":"https:\/\/schema.org","@graph":[{"@type":"WebPage","@id":"https:\/\/koningdrone.be\/en\/product\/anker-solix-bp2600-expansion-battery-2560wh\/","url":"https:\/\/koningdrone.be\/en\/product\/anker-solix-bp2600-expansion-battery-2560wh\/","name":"Anker SOLIX BP2600 Expansion Battery - 2560Wh - koningdrone.be","isPartOf":{"@id":"https:\/\/koningdrone.be\/#website"},"primaryImageOfPage":{"@id":"https:\/\/koningdrone.be\/en\/product\/anker-solix-bp2600-expansion-battery-2560wh\/#primaryimage"},"image":{"@id":"https:\/\/koningdrone.be\/en\/product\/anker-solix-bp2600-expansion-battery-2560wh\/#primaryimage"},"thumbnailUrl":"https:\/\/koningdrone.be\/wp-content\/uploads\/sites\/13\/2026\/01\/anker-solix-bp2600-extension-battery-01-20240325.jpg","datePublished":"2025-09-03T08:24:11+00:00","breadcrumb":{"@id":"https:\/\/koningdrone.be\/en\/product\/anker-solix-bp2600-expansion-battery-2560wh\/#breadcrumb"},"inLanguage":"es","potentialAction":[{"@type":"ReadAction","target":["https:\/\/koningdrone.be\/en\/product\/anker-solix-bp2600-expansion-battery-2560wh\/"]}]},{"@type":"ImageObject","inLanguage":"es","@id":"https:\/\/koningdrone.be\/en\/product\/anker-solix-bp2600-expansion-battery-2560wh\/#primaryimage","url":"https:\/\/koningdrone.be\/wp-content\/uploads\/sites\/13\/2026\/01\/anker-solix-bp2600-extension-battery-01-20240325.jpg","contentUrl":"https:\/\/koningdrone.be\/wp-content\/uploads\/sites\/13\/2026\/01\/anker-solix-bp2600-extension-battery-01-20240325.jpg","width":800,"height":800},{"@type":"BreadcrumbList","@id":"https:\/\/koningdrone.be\/en\/product\/anker-solix-bp2600-expansion-battery-2560wh\/#breadcrumb","itemListElement":[{"@type":"ListItem","position":1,"name":"Home","item":"https:\/\/koningdrone.be\/"},{"@type":"ListItem","position":2,"name":"AVSS Parachute Recovery System for DJI Matrice 300\/350","item":"https:\/\/koningdrone.be\/product\/avss-parachute-recovery-system-for-dji-matrice-300-350\/"},{"@type":"ListItem","position":3,"name":"Alle producten","item":"https:\/\/koningdrone.be\/categorie\/alle-producten\/"},{"@type":"ListItem","position":4,"name":"Anker SOLIX BP2600 Expansion Battery &#8211; 2560Wh"}]},{"@type":"WebSite","@id":"https:\/\/koningdrone.be\/#website","url":"https:\/\/koningdrone.be\/","name":"Koningdrone.be - Su especialista en l\u00ednea en drones, cardanes, c\u00e1maras y centrales el\u00e9ctricas.","description":"La tienda virtual de drones y cardanes","publisher":{"@id":"https:\/\/koningdrone.be\/#organization"},"potentialAction":[{"@type":"SearchAction","target":{"@type":"EntryPoint","urlTemplate":"https:\/\/koningdrone.be\/?s={search_term_string}"},"query-input":{"@type":"PropertyValueSpecification","valueRequired":true,"valueName":"search_term_string"}}],"inLanguage":"es"},{"@type":"Organization","@id":"https:\/\/koningdrone.be\/#organization","name":"Kingdrone.es","url":"https:\/\/koningdrone.be\/","logo":{"@type":"ImageObject","inLanguage":"es","@id":"https:\/\/koningdrone.be\/#\/schema\/logo\/image\/","url":"https:\/\/koningdrone.be\/wp-content\/uploads\/sites\/13\/2025\/04\/koningdrone-copyright-logo.svg","contentUrl":"https:\/\/koningdrone.be\/wp-content\/uploads\/sites\/13\/2025\/04\/koningdrone-copyright-logo.svg","width":227,"height":38,"caption":"Koningdrone.be"},"image":{"@id":"https:\/\/koningdrone.be\/#\/schema\/logo\/image\/"}}]}},"df_price":"","df_sale_price":"","df_regular_price":"","df_image_link":"https:\/\/koningdrone.be\/wp-content\/uploads\/sites\/13\/2026\/01\/anker-solix-bp2600-extension-battery-01-20240325-300x300.jpg","_links":{"self":[{"href":"https:\/\/koningdrone.be\/es\/wp-json\/wp\/v2\/product\/16185","targetHints":{"allow":["GET"]}}],"collection":[{"href":"https:\/\/koningdrone.be\/es\/wp-json\/wp\/v2\/product"}],"about":[{"href":"https:\/\/koningdrone.be\/es\/wp-json\/wp\/v2\/types\/product"}],"wp:featuredmedia":[{"embeddable":true,"href":"https:\/\/koningdrone.be\/es\/wp-json\/wp\/v2\/media\/16023"}],"wp:attachment":[{"href":"https:\/\/koningdrone.be\/es\/wp-json\/wp\/v2\/media?parent=16185"}],"wp:term":[{"taxonomy":"product_brand","embeddable":true,"href":"https:\/\/koningdrone.be\/es\/wp-json\/wp\/v2\/product_brand?post=16185"},{"taxonomy":"product_cat","embeddable":true,"href":"https:\/\/koningdrone.be\/es\/wp-json\/wp\/v2\/product_cat?post=16185"},{"taxonomy":"product_tag","embeddable":true,"href":"https:\/\/koningdrone.be\/es\/wp-json\/wp\/v2\/product_tag?post=16185"}],"curies":[{"name":"wp","href":"https:\/\/api.w.org\/{rel}","templated":true}]}}