{"id":16183,"date":"2025-09-01T16:56:23","date_gmt":"2025-09-01T14:56:23","guid":{"rendered":"https:\/\/koningdrone.be\/product\/anker-everfrost-2-removable-battery\/"},"modified":"2025-09-01T16:56:23","modified_gmt":"2025-09-01T14:56:23","slug":"anker-everfrost-2-removable-battery","status":"publish","type":"product","link":"https:\/\/koningdrone.be\/es\/producto\/anker-everfrost-2-removable-battery\/","title":{"rendered":"Bater\u00eda extra\u00edble Anker EverFrost 2"},"content":{"rendered":"<h2>La bater\u00eda intercambiable Anker EverFrost 2 es una bater\u00eda LiFePO4 de 288Wh dise\u00f1ada para alimentar las neveras el\u00e9ctricas Anker EverFrost 2<\/h2>\n<p>La bater\u00eda puede enfriarse hasta 52 horas con una sola carga y puede cargarse mediante corriente alterna, continua, 12 V o energ\u00eda solar.<\/p>\n<p>Tambi\u00e9n funciona como un banco de energ\u00eda con puertos USB-A y USB-C, lo que le permite cargar dispositivos sobre la marcha.<\/p>\n<p>Esta bater\u00eda s\u00f3lo es compatible con la serie EverFrost 2 y no es compatible con la primera generaci\u00f3n de neveras EverFrost....<\/p>","protected":false},"excerpt":{"rendered":"<ul>\n<li>Proporciona hasta 52 horas de refrigeraci\u00f3n con una sola carga.<\/li>\n<li><\/li>\n<li>Funciona como un banco de energ\u00eda con puertos USB-A y USB-C.<\/li>\n<li><\/li>\n<li>Compatible s\u00f3lo con neveras el\u00e9ctricas Anker EverFrost 2.<\/li>\n<li><\/li>\n<li>Ofrece m\u00faltiples opciones de carga: CA, CC, 12 V y solar.<\/li>\n<li><\/li>\n<li>Equipada con una duradera bater\u00eda LiFePO4 para un rendimiento de larga duraci\u00f3n.<\/li>\n<\/ul>","protected":false},"featured_media":16178,"template":"","meta":{"_acf_changed":false},"product_brand":[],"product_cat":[97,197,1701],"product_tag":[],"class_list":{"0":"post-16183","1":"product","2":"type-product","3":"status-publish","4":"has-post-thumbnail","6":"product_cat-alle-producten","7":"product_cat-anker","8":"product_cat-anker-bluetti","9":"pa_brand-anker","10":"pa_producttype-verwijderbare-batterij","12":"first","13":"outofstock","14":"taxable","15":"shipping-taxable","16":"product-type-simple"},"acf":[],"yoast_head":"<!-- This site is optimized with the Yoast SEO Premium plugin v27.2 (Yoast SEO v27.2) - https:\/\/yoast.com\/product\/yoast-seo-premium-wordpress\/ -->\n<title>Anker EverFrost 2 Removable Battery - koningdrone.be<\/title>\n<meta name=\"robots\" content=\"index, follow, max-snippet:-1, max-image-preview:large, max-video-preview:-1\" \/>\n<link rel=\"canonical\" href=\"https:\/\/koningdrone.be\/es\/producto\/anker-everfrost-2-removable-battery\/\" \/>\n<meta property=\"og:locale\" content=\"es_ES\" \/>\n<meta property=\"og:type\" content=\"article\" \/>\n<meta property=\"og:title\" content=\"Anker EverFrost 2 Removable Battery\" \/>\n<meta property=\"og:description\" content=\"Biedt tot 52 uur koeling met \u00e9\u00e9n keer opladen.    Functioneert als powerbank met USB-A en USB-C poorten.    Uitsluitend compatibel met Anker EverFrost 2 elektrische koelers.    Biedt meerdere oplaadopties: AC, DC, 12V en zonne-energie.    Voorzien van een duurzame LiFePO4 batterij voor langdurige prestaties.\" \/>\n<meta property=\"og:url\" content=\"https:\/\/koningdrone.be\/es\/producto\/anker-everfrost-2-removable-battery\/\" \/>\n<meta property=\"og:site_name\" content=\"koningdrone.be\" \/>\n<meta property=\"og:image\" content=\"https:\/\/koningdrone.be\/wp-content\/uploads\/sites\/13\/2026\/01\/Frame1312318697_4_-Photoroom_3840x.png\" \/>\n\t<meta property=\"og:image:width\" content=\"1280\" \/>\n\t<meta property=\"og:image:height\" content=\"1072\" \/>\n\t<meta property=\"og:image:type\" content=\"image\/png\" \/>\n<meta name=\"twitter:card\" content=\"summary_large_image\" \/>\n<script type=\"application\/ld+json\" class=\"yoast-schema-graph\">{\"@context\":\"https:\/\/schema.org\",\"@graph\":[{\"@type\":\"WebPage\",\"@id\":\"https:\/\/koningdrone.be\/product\/anker-everfrost-2-removable-battery\/\",\"url\":\"https:\/\/koningdrone.be\/product\/anker-everfrost-2-removable-battery\/\",\"name\":\"Anker EverFrost 2 Removable Battery - koningdrone.be\",\"isPartOf\":{\"@id\":\"https:\/\/koningdrone.be\/#website\"},\"primaryImageOfPage\":{\"@id\":\"https:\/\/koningdrone.be\/product\/anker-everfrost-2-removable-battery\/#primaryimage\"},\"image\":{\"@id\":\"https:\/\/koningdrone.be\/product\/anker-everfrost-2-removable-battery\/#primaryimage\"},\"thumbnailUrl\":\"https:\/\/koningdrone.be\/wp-content\/uploads\/sites\/13\/2026\/01\/Frame1312318697_4_-Photoroom_3840x.png\",\"datePublished\":\"2025-09-01T14:56:23+00:00\",\"breadcrumb\":{\"@id\":\"https:\/\/koningdrone.be\/product\/anker-everfrost-2-removable-battery\/#breadcrumb\"},\"inLanguage\":\"es\",\"potentialAction\":[{\"@type\":\"ReadAction\",\"target\":[\"https:\/\/koningdrone.be\/product\/anker-everfrost-2-removable-battery\/\"]}]},{\"@type\":\"ImageObject\",\"inLanguage\":\"es\",\"@id\":\"https:\/\/koningdrone.be\/product\/anker-everfrost-2-removable-battery\/#primaryimage\",\"url\":\"https:\/\/koningdrone.be\/wp-content\/uploads\/sites\/13\/2026\/01\/Frame1312318697_4_-Photoroom_3840x.png\",\"contentUrl\":\"https:\/\/koningdrone.be\/wp-content\/uploads\/sites\/13\/2026\/01\/Frame1312318697_4_-Photoroom_3840x.png\",\"width\":1280,\"height\":1072},{\"@type\":\"BreadcrumbList\",\"@id\":\"https:\/\/koningdrone.be\/product\/anker-everfrost-2-removable-battery\/#breadcrumb\",\"itemListElement\":[{\"@type\":\"ListItem\",\"position\":1,\"name\":\"Home\",\"item\":\"https:\/\/koningdrone.be\/\"},{\"@type\":\"ListItem\",\"position\":2,\"name\":\"AVSS Parachute Recovery System for DJI Matrice 300\/350\",\"item\":\"https:\/\/koningdrone.be\/product\/avss-parachute-recovery-system-for-dji-matrice-300-350\/\"},{\"@type\":\"ListItem\",\"position\":3,\"name\":\"Alle producten\",\"item\":\"https:\/\/koningdrone.be\/categorie\/alle-producten\/\"},{\"@type\":\"ListItem\",\"position\":4,\"name\":\"Anker EverFrost 2 Removable Battery\"}]},{\"@type\":\"WebSite\",\"@id\":\"https:\/\/koningdrone.be\/#website\",\"url\":\"https:\/\/koningdrone.be\/\",\"name\":\"Koningdrone.be - Uw online specialist in drones, gimbals, camera's en power stations.\",\"description\":\"De webshop in drones en gimbals\",\"publisher\":{\"@id\":\"https:\/\/koningdrone.be\/#organization\"},\"potentialAction\":[{\"@type\":\"SearchAction\",\"target\":{\"@type\":\"EntryPoint\",\"urlTemplate\":\"https:\/\/koningdrone.be\/?s={search_term_string}\"},\"query-input\":{\"@type\":\"PropertyValueSpecification\",\"valueRequired\":true,\"valueName\":\"search_term_string\"}}],\"inLanguage\":\"es\"},{\"@type\":\"Organization\",\"@id\":\"https:\/\/koningdrone.be\/#organization\",\"name\":\"Koningdrone.be\",\"url\":\"https:\/\/koningdrone.be\/\",\"logo\":{\"@type\":\"ImageObject\",\"inLanguage\":\"es\",\"@id\":\"https:\/\/koningdrone.be\/#\/schema\/logo\/image\/\",\"url\":\"https:\/\/koningdrone.be\/wp-content\/uploads\/sites\/13\/2025\/04\/koningdrone-copyright-logo.svg\",\"contentUrl\":\"https:\/\/koningdrone.be\/wp-content\/uploads\/sites\/13\/2025\/04\/koningdrone-copyright-logo.svg\",\"width\":227,\"height\":38,\"caption\":\"Koningdrone.be\"},\"image\":{\"@id\":\"https:\/\/koningdrone.be\/#\/schema\/logo\/image\/\"}}]}<\/script>\n<!-- \/ Yoast SEO Premium plugin. -->","yoast_head_json":{"title":"Anker EverFrost 2 Removable Battery - koningdrone.be","robots":{"index":"index","follow":"follow","max-snippet":"max-snippet:-1","max-image-preview":"max-image-preview:large","max-video-preview":"max-video-preview:-1"},"canonical":"https:\/\/koningdrone.be\/es\/producto\/anker-everfrost-2-removable-battery\/","og_locale":"es_ES","og_type":"article","og_title":"Anker EverFrost 2 Removable Battery","og_description":"Biedt tot 52 uur koeling met \u00e9\u00e9n keer opladen.    Functioneert als powerbank met USB-A en USB-C poorten.    Uitsluitend compatibel met Anker EverFrost 2 elektrische koelers.    Biedt meerdere oplaadopties: AC, DC, 12V en zonne-energie.    Voorzien van een duurzame LiFePO4 batterij voor langdurige prestaties.","og_url":"https:\/\/koningdrone.be\/es\/producto\/anker-everfrost-2-removable-battery\/","og_site_name":"koningdrone.be","og_image":[{"width":1280,"height":1072,"url":"https:\/\/koningdrone.be\/wp-content\/uploads\/sites\/13\/2026\/01\/Frame1312318697_4_-Photoroom_3840x.png","type":"image\/png"}],"twitter_card":"summary_large_image","schema":{"@context":"https:\/\/schema.org","@graph":[{"@type":"WebPage","@id":"https:\/\/koningdrone.be\/product\/anker-everfrost-2-removable-battery\/","url":"https:\/\/koningdrone.be\/product\/anker-everfrost-2-removable-battery\/","name":"Anker EverFrost 2 Removable Battery - koningdrone.be","isPartOf":{"@id":"https:\/\/koningdrone.be\/#website"},"primaryImageOfPage":{"@id":"https:\/\/koningdrone.be\/product\/anker-everfrost-2-removable-battery\/#primaryimage"},"image":{"@id":"https:\/\/koningdrone.be\/product\/anker-everfrost-2-removable-battery\/#primaryimage"},"thumbnailUrl":"https:\/\/koningdrone.be\/wp-content\/uploads\/sites\/13\/2026\/01\/Frame1312318697_4_-Photoroom_3840x.png","datePublished":"2025-09-01T14:56:23+00:00","breadcrumb":{"@id":"https:\/\/koningdrone.be\/product\/anker-everfrost-2-removable-battery\/#breadcrumb"},"inLanguage":"es","potentialAction":[{"@type":"ReadAction","target":["https:\/\/koningdrone.be\/product\/anker-everfrost-2-removable-battery\/"]}]},{"@type":"ImageObject","inLanguage":"es","@id":"https:\/\/koningdrone.be\/product\/anker-everfrost-2-removable-battery\/#primaryimage","url":"https:\/\/koningdrone.be\/wp-content\/uploads\/sites\/13\/2026\/01\/Frame1312318697_4_-Photoroom_3840x.png","contentUrl":"https:\/\/koningdrone.be\/wp-content\/uploads\/sites\/13\/2026\/01\/Frame1312318697_4_-Photoroom_3840x.png","width":1280,"height":1072},{"@type":"BreadcrumbList","@id":"https:\/\/koningdrone.be\/product\/anker-everfrost-2-removable-battery\/#breadcrumb","itemListElement":[{"@type":"ListItem","position":1,"name":"Home","item":"https:\/\/koningdrone.be\/"},{"@type":"ListItem","position":2,"name":"AVSS Parachute Recovery System for DJI Matrice 300\/350","item":"https:\/\/koningdrone.be\/product\/avss-parachute-recovery-system-for-dji-matrice-300-350\/"},{"@type":"ListItem","position":3,"name":"Alle producten","item":"https:\/\/koningdrone.be\/categorie\/alle-producten\/"},{"@type":"ListItem","position":4,"name":"Anker EverFrost 2 Removable Battery"}]},{"@type":"WebSite","@id":"https:\/\/koningdrone.be\/#website","url":"https:\/\/koningdrone.be\/","name":"Koningdrone.be - Su especialista en l\u00ednea en drones, cardanes, c\u00e1maras y centrales el\u00e9ctricas.","description":"La tienda virtual de drones y cardanes","publisher":{"@id":"https:\/\/koningdrone.be\/#organization"},"potentialAction":[{"@type":"SearchAction","target":{"@type":"EntryPoint","urlTemplate":"https:\/\/koningdrone.be\/?s={search_term_string}"},"query-input":{"@type":"PropertyValueSpecification","valueRequired":true,"valueName":"search_term_string"}}],"inLanguage":"es"},{"@type":"Organization","@id":"https:\/\/koningdrone.be\/#organization","name":"Kingdrone.es","url":"https:\/\/koningdrone.be\/","logo":{"@type":"ImageObject","inLanguage":"es","@id":"https:\/\/koningdrone.be\/#\/schema\/logo\/image\/","url":"https:\/\/koningdrone.be\/wp-content\/uploads\/sites\/13\/2025\/04\/koningdrone-copyright-logo.svg","contentUrl":"https:\/\/koningdrone.be\/wp-content\/uploads\/sites\/13\/2025\/04\/koningdrone-copyright-logo.svg","width":227,"height":38,"caption":"Koningdrone.be"},"image":{"@id":"https:\/\/koningdrone.be\/#\/schema\/logo\/image\/"}}]}},"df_price":"","df_sale_price":"","df_regular_price":"","df_image_link":"https:\/\/koningdrone.be\/wp-content\/uploads\/sites\/13\/2026\/01\/Frame1312318697_4_-Photoroom_3840x-300x251.png","_links":{"self":[{"href":"https:\/\/koningdrone.be\/es\/wp-json\/wp\/v2\/product\/16183","targetHints":{"allow":["GET"]}}],"collection":[{"href":"https:\/\/koningdrone.be\/es\/wp-json\/wp\/v2\/product"}],"about":[{"href":"https:\/\/koningdrone.be\/es\/wp-json\/wp\/v2\/types\/product"}],"wp:featuredmedia":[{"embeddable":true,"href":"https:\/\/koningdrone.be\/es\/wp-json\/wp\/v2\/media\/16178"}],"wp:attachment":[{"href":"https:\/\/koningdrone.be\/es\/wp-json\/wp\/v2\/media?parent=16183"}],"wp:term":[{"taxonomy":"product_brand","embeddable":true,"href":"https:\/\/koningdrone.be\/es\/wp-json\/wp\/v2\/product_brand?post=16183"},{"taxonomy":"product_cat","embeddable":true,"href":"https:\/\/koningdrone.be\/es\/wp-json\/wp\/v2\/product_cat?post=16183"},{"taxonomy":"product_tag","embeddable":true,"href":"https:\/\/koningdrone.be\/es\/wp-json\/wp\/v2\/product_tag?post=16183"}],"curies":[{"name":"wp","href":"https:\/\/api.w.org\/{rel}","templated":true}]}}