{"id":16177,"date":"2025-09-01T13:35:09","date_gmt":"2025-09-01T11:35:09","guid":{"rendered":"https:\/\/koningdrone.be\/product\/bluetti-ac200pl-power-station\/"},"modified":"2026-04-29T06:40:59","modified_gmt":"2026-04-29T04:40:59","slug":"bluetti-ac200pl-power-station","status":"publish","type":"product","link":"https:\/\/koningdrone.be\/es\/producto\/bluetti-ac200pl-power-station\/","title":{"rendered":"Central el\u00e9ctrica Bluetti AC200PL"},"content":{"rendered":"<h2>Central el\u00e9ctrica port\u00e1til Bluetti AC200PL<\/h2>\n<p><strong>Energ\u00eda potente, disponible en cualquier momento y lugar.<\/strong><\/p>\n<p>En <strong>Bluetti AC200PL<\/strong> es una avanzada central el\u00e9ctrica port\u00e1til con una impresionante <strong>capacidad de 2.304Wh<\/strong>, dise\u00f1ado tanto para <strong>energ\u00eda de emergencia en casa<\/strong> como <strong>aventuras fuera de la red<\/strong>. Con una producci\u00f3n continua de <strong>2.400W<\/strong> y una potencia m\u00e1xima de <strong>3.600W<\/strong> esta central el\u00e9ctrica es ideal para alimentar una amplia gama de dispositivos, desde aparatos electr\u00f3nicos dom\u00e9sticos hasta equipos pesados sobre el terreno.<\/p>\n<h2>Caracter\u00edsticas principales<\/h2>\n<ul>\n<li><strong>Bater\u00eda de alta capacidad:<\/strong> LiFePO\u2084 de 2.304 Wh de larga duraci\u00f3n con m\u00e1s de 3.000 ciclos de carga.<\/li>\n<li><strong>Potente salida:<\/strong> 2.400 W continuos, picos de hasta 3.600 W: apto para casi todos los dispositivos dom\u00e9sticos o port\u00e1tiles.<\/li>\n<li><strong>Opciones de conexi\u00f3n vers\u00e1tiles:<\/strong> incluidas tomas de CA, USB-A, USB-C y salidas de 12 V CC para uso simult\u00e1neo.<\/li>\n<li><strong>Carga r\u00e1pida de CA:<\/strong> alcanz\u00f3 los 80% en s\u00f3lo <strong>45 minutos<\/strong> mediante una potente entrada de CA de 2.400 W.<\/li>\n<li><strong>Opciones de carga flexibles:<\/strong> Recargable a trav\u00e9s de la red el\u00e9ctrica, la energ\u00eda solar, el coche o un generador: perfecto para cualquier situaci\u00f3n.<\/li>\n<li><strong>Almacenamiento ampliable:<\/strong> compatible con bater\u00edas adicionales para una capacidad total de hasta <strong>8.448 Wh<\/strong>.<\/li>\n<\/ul>\n<p>Tanto si quiere estar preparado para los cortes de electricidad, como si busca energ\u00eda renovable para vivir aislado de la red o simplemente quiere disponer de energ\u00eda fiable mientras viaja: el <strong>Bluetti AC200PL<\/strong> ofrece todo en un sistema potente y flexible.<\/p>","protected":false},"excerpt":{"rendered":"<ul>\n<li><strong>Bater\u00eda de alta capacidad:<\/strong> equipado con una bater\u00eda LiFePO\u2084 de larga duraci\u00f3n para una potencia fiable y duradera.<\/li>\n<li><strong>Dise\u00f1o ampliable:<\/strong> aumentar f\u00e1cilmente la capacidad de almacenamiento hasta 8.448 Wh para satisfacer diferentes necesidades energ\u00e9ticas.<\/li>\n<li><strong>M\u00faltiples opciones de salida:<\/strong> como CA, USB-A, USB-C y carga inal\u00e1mbrica, para alimentar varios dispositivos simult\u00e1neamente.<\/li>\n<li><strong>Opciones de carga flexibles:<\/strong> Admite la carga a trav\u00e9s de la red el\u00e9ctrica, la energ\u00eda solar, el coche o el generador para ofrecer la m\u00e1xima versatilidad.<\/li>\n<li><strong>Interfaz f\u00e1cil de usar:<\/strong> f\u00e1cil de manejar y supervisar mediante la pantalla integrada y el <strong>Aplicaci\u00f3n Bluetti<\/strong>.<\/li>\n<li><strong>Dise\u00f1o port\u00e1til y robusto:<\/strong> Adecuado tanto para uso dom\u00e9stico como para aventuras al aire libre sin conexi\u00f3n a la red el\u00e9ctrica.<\/li>\n<\/ul>","protected":false},"featured_media":16173,"template":"","meta":{"_acf_changed":false},"product_brand":[],"product_cat":[97,1701,829],"product_tag":[],"class_list":{"0":"post-16177","1":"product","2":"type-product","3":"status-publish","4":"has-post-thumbnail","6":"product_cat-alle-producten","7":"product_cat-anker-bluetti","8":"product_cat-bluetti","9":"product_shipping_class-outofstock","10":"pa_brand-bluetti","11":"pa_producttype-draagbare-energiecentrale","13":"first","14":"outofstock","15":"taxable","16":"shipping-taxable","17":"product-type-simple"},"acf":[],"yoast_head":"<!-- This site is optimized with the Yoast SEO Premium plugin v27.2 (Yoast SEO v27.2) - https:\/\/yoast.com\/product\/yoast-seo-premium-wordpress\/ -->\n<title>Bluetti AC200PL Power station - koningdrone.be<\/title>\n<meta name=\"robots\" content=\"index, follow, max-snippet:-1, max-image-preview:large, max-video-preview:-1\" \/>\n<link rel=\"canonical\" href=\"https:\/\/koningdrone.be\/es\/producto\/bluetti-ac200pl-power-station\/\" \/>\n<meta property=\"og:locale\" content=\"es_ES\" \/>\n<meta property=\"og:type\" content=\"article\" \/>\n<meta property=\"og:title\" content=\"Bluetti AC200PL Power station\" \/>\n<meta property=\"og:description\" content=\"Hoge capaciteit batterij: uitgerust met een duurzame LiFePO\u2084 batterij voor betrouwbare en langdurige energievoorziening.  Uitbreidbaar ontwerp: verhoog de opslagcapaciteit eenvoudig tot wel 8.448Wh om aan verschillende energiebehoeften te voldoen.  Meerdere uitgangsopties: zoals AC, USB-A, USB-C en draadloos opladen \u2013 voor het gelijktijdig voeden van diverse apparaten.  Flexibele oplaadmogelijkheden: ondersteunt opladen via netstroom, zonne-energie, auto of generator voor maximale veelzijdigheid.  Gebruiksvriendelijke interface: eenvoudig te bedienen en te monitoren via het ge\u00efntegreerde display en de Bluetti app.  Draagbaar en robuust ontwerp: geschikt voor zowel thuisgebruik als off-grid avonturen in de buitenlucht.\" \/>\n<meta property=\"og:url\" content=\"https:\/\/koningdrone.be\/es\/producto\/bluetti-ac200pl-power-station\/\" \/>\n<meta property=\"og:site_name\" content=\"koningdrone.be\" \/>\n<meta property=\"article:modified_time\" content=\"2026-04-29T04:40:59+00:00\" \/>\n<meta property=\"og:image\" content=\"https:\/\/koningdrone.be\/wp-content\/uploads\/sites\/13\/2026\/01\/AC200PL-ZT1_1100x.png\" \/>\n\t<meta property=\"og:image:width\" content=\"1100\" \/>\n\t<meta property=\"og:image:height\" content=\"1100\" \/>\n\t<meta property=\"og:image:type\" content=\"image\/png\" \/>\n<meta name=\"twitter:card\" content=\"summary_large_image\" \/>\n<meta name=\"twitter:label1\" content=\"Tiempo de lectura\" \/>\n\t<meta name=\"twitter:data1\" content=\"1 minuto\" \/>\n<script type=\"application\/ld+json\" class=\"yoast-schema-graph\">{\"@context\":\"https:\/\/schema.org\",\"@graph\":[{\"@type\":\"WebPage\",\"@id\":\"https:\/\/koningdrone.be\/product\/bluetti-ac200pl-power-station\/\",\"url\":\"https:\/\/koningdrone.be\/product\/bluetti-ac200pl-power-station\/\",\"name\":\"Bluetti AC200PL Power station - koningdrone.be\",\"isPartOf\":{\"@id\":\"https:\/\/koningdrone.be\/#website\"},\"primaryImageOfPage\":{\"@id\":\"https:\/\/koningdrone.be\/product\/bluetti-ac200pl-power-station\/#primaryimage\"},\"image\":{\"@id\":\"https:\/\/koningdrone.be\/product\/bluetti-ac200pl-power-station\/#primaryimage\"},\"thumbnailUrl\":\"https:\/\/koningdrone.be\/wp-content\/uploads\/sites\/13\/2026\/01\/AC200PL-ZT1_1100x.png\",\"datePublished\":\"2025-09-01T11:35:09+00:00\",\"dateModified\":\"2026-04-29T04:40:59+00:00\",\"breadcrumb\":{\"@id\":\"https:\/\/koningdrone.be\/product\/bluetti-ac200pl-power-station\/#breadcrumb\"},\"inLanguage\":\"es\",\"potentialAction\":[{\"@type\":\"ReadAction\",\"target\":[\"https:\/\/koningdrone.be\/product\/bluetti-ac200pl-power-station\/\"]}]},{\"@type\":\"ImageObject\",\"inLanguage\":\"es\",\"@id\":\"https:\/\/koningdrone.be\/product\/bluetti-ac200pl-power-station\/#primaryimage\",\"url\":\"https:\/\/koningdrone.be\/wp-content\/uploads\/sites\/13\/2026\/01\/AC200PL-ZT1_1100x.png\",\"contentUrl\":\"https:\/\/koningdrone.be\/wp-content\/uploads\/sites\/13\/2026\/01\/AC200PL-ZT1_1100x.png\",\"width\":1100,\"height\":1100},{\"@type\":\"BreadcrumbList\",\"@id\":\"https:\/\/koningdrone.be\/product\/bluetti-ac200pl-power-station\/#breadcrumb\",\"itemListElement\":[{\"@type\":\"ListItem\",\"position\":1,\"name\":\"Home\",\"item\":\"https:\/\/koningdrone.be\/\"},{\"@type\":\"ListItem\",\"position\":2,\"name\":\"AVSS Parachute Recovery System for DJI Matrice 300\/350\",\"item\":\"https:\/\/koningdrone.be\/product\/avss-parachute-recovery-system-for-dji-matrice-300-350\/\"},{\"@type\":\"ListItem\",\"position\":3,\"name\":\"Alle producten\",\"item\":\"https:\/\/koningdrone.be\/categorie\/alle-producten\/\"},{\"@type\":\"ListItem\",\"position\":4,\"name\":\"Bluetti AC200PL Power station\"}]},{\"@type\":\"WebSite\",\"@id\":\"https:\/\/koningdrone.be\/#website\",\"url\":\"https:\/\/koningdrone.be\/\",\"name\":\"Koningdrone.be - Uw online specialist in drones, gimbals, camera's en power stations.\",\"description\":\"De webshop in drones en gimbals\",\"publisher\":{\"@id\":\"https:\/\/koningdrone.be\/#organization\"},\"potentialAction\":[{\"@type\":\"SearchAction\",\"target\":{\"@type\":\"EntryPoint\",\"urlTemplate\":\"https:\/\/koningdrone.be\/?s={search_term_string}\"},\"query-input\":{\"@type\":\"PropertyValueSpecification\",\"valueRequired\":true,\"valueName\":\"search_term_string\"}}],\"inLanguage\":\"es\"},{\"@type\":\"Organization\",\"@id\":\"https:\/\/koningdrone.be\/#organization\",\"name\":\"Koningdrone.be\",\"url\":\"https:\/\/koningdrone.be\/\",\"logo\":{\"@type\":\"ImageObject\",\"inLanguage\":\"es\",\"@id\":\"https:\/\/koningdrone.be\/#\/schema\/logo\/image\/\",\"url\":\"https:\/\/koningdrone.be\/wp-content\/uploads\/sites\/13\/2025\/04\/koningdrone-copyright-logo.svg\",\"contentUrl\":\"https:\/\/koningdrone.be\/wp-content\/uploads\/sites\/13\/2025\/04\/koningdrone-copyright-logo.svg\",\"width\":227,\"height\":38,\"caption\":\"Koningdrone.be\"},\"image\":{\"@id\":\"https:\/\/koningdrone.be\/#\/schema\/logo\/image\/\"}}]}<\/script>\n<!-- \/ Yoast SEO Premium plugin. -->","yoast_head_json":{"title":"Bluetti AC200PL Power station - koningdrone.be","robots":{"index":"index","follow":"follow","max-snippet":"max-snippet:-1","max-image-preview":"max-image-preview:large","max-video-preview":"max-video-preview:-1"},"canonical":"https:\/\/koningdrone.be\/es\/producto\/bluetti-ac200pl-power-station\/","og_locale":"es_ES","og_type":"article","og_title":"Bluetti AC200PL Power station","og_description":"Hoge capaciteit batterij: uitgerust met een duurzame LiFePO\u2084 batterij voor betrouwbare en langdurige energievoorziening.  Uitbreidbaar ontwerp: verhoog de opslagcapaciteit eenvoudig tot wel 8.448Wh om aan verschillende energiebehoeften te voldoen.  Meerdere uitgangsopties: zoals AC, USB-A, USB-C en draadloos opladen \u2013 voor het gelijktijdig voeden van diverse apparaten.  Flexibele oplaadmogelijkheden: ondersteunt opladen via netstroom, zonne-energie, auto of generator voor maximale veelzijdigheid.  Gebruiksvriendelijke interface: eenvoudig te bedienen en te monitoren via het ge\u00efntegreerde display en de Bluetti app.  Draagbaar en robuust ontwerp: geschikt voor zowel thuisgebruik als off-grid avonturen in de buitenlucht.","og_url":"https:\/\/koningdrone.be\/es\/producto\/bluetti-ac200pl-power-station\/","og_site_name":"koningdrone.be","article_modified_time":"2026-04-29T04:40:59+00:00","og_image":[{"width":1100,"height":1100,"url":"https:\/\/koningdrone.be\/wp-content\/uploads\/sites\/13\/2026\/01\/AC200PL-ZT1_1100x.png","type":"image\/png"}],"twitter_card":"summary_large_image","twitter_misc":{"Tiempo de lectura":"1 minuto"},"schema":{"@context":"https:\/\/schema.org","@graph":[{"@type":"WebPage","@id":"https:\/\/koningdrone.be\/product\/bluetti-ac200pl-power-station\/","url":"https:\/\/koningdrone.be\/product\/bluetti-ac200pl-power-station\/","name":"Bluetti AC200PL Power station - koningdrone.be","isPartOf":{"@id":"https:\/\/koningdrone.be\/#website"},"primaryImageOfPage":{"@id":"https:\/\/koningdrone.be\/product\/bluetti-ac200pl-power-station\/#primaryimage"},"image":{"@id":"https:\/\/koningdrone.be\/product\/bluetti-ac200pl-power-station\/#primaryimage"},"thumbnailUrl":"https:\/\/koningdrone.be\/wp-content\/uploads\/sites\/13\/2026\/01\/AC200PL-ZT1_1100x.png","datePublished":"2025-09-01T11:35:09+00:00","dateModified":"2026-04-29T04:40:59+00:00","breadcrumb":{"@id":"https:\/\/koningdrone.be\/product\/bluetti-ac200pl-power-station\/#breadcrumb"},"inLanguage":"es","potentialAction":[{"@type":"ReadAction","target":["https:\/\/koningdrone.be\/product\/bluetti-ac200pl-power-station\/"]}]},{"@type":"ImageObject","inLanguage":"es","@id":"https:\/\/koningdrone.be\/product\/bluetti-ac200pl-power-station\/#primaryimage","url":"https:\/\/koningdrone.be\/wp-content\/uploads\/sites\/13\/2026\/01\/AC200PL-ZT1_1100x.png","contentUrl":"https:\/\/koningdrone.be\/wp-content\/uploads\/sites\/13\/2026\/01\/AC200PL-ZT1_1100x.png","width":1100,"height":1100},{"@type":"BreadcrumbList","@id":"https:\/\/koningdrone.be\/product\/bluetti-ac200pl-power-station\/#breadcrumb","itemListElement":[{"@type":"ListItem","position":1,"name":"Home","item":"https:\/\/koningdrone.be\/"},{"@type":"ListItem","position":2,"name":"AVSS Parachute Recovery System for DJI Matrice 300\/350","item":"https:\/\/koningdrone.be\/product\/avss-parachute-recovery-system-for-dji-matrice-300-350\/"},{"@type":"ListItem","position":3,"name":"Alle producten","item":"https:\/\/koningdrone.be\/categorie\/alle-producten\/"},{"@type":"ListItem","position":4,"name":"Bluetti AC200PL Power station"}]},{"@type":"WebSite","@id":"https:\/\/koningdrone.be\/#website","url":"https:\/\/koningdrone.be\/","name":"Koningdrone.be - Su especialista en l\u00ednea en drones, cardanes, c\u00e1maras y centrales el\u00e9ctricas.","description":"La tienda virtual de drones y cardanes","publisher":{"@id":"https:\/\/koningdrone.be\/#organization"},"potentialAction":[{"@type":"SearchAction","target":{"@type":"EntryPoint","urlTemplate":"https:\/\/koningdrone.be\/?s={search_term_string}"},"query-input":{"@type":"PropertyValueSpecification","valueRequired":true,"valueName":"search_term_string"}}],"inLanguage":"es"},{"@type":"Organization","@id":"https:\/\/koningdrone.be\/#organization","name":"Kingdrone.es","url":"https:\/\/koningdrone.be\/","logo":{"@type":"ImageObject","inLanguage":"es","@id":"https:\/\/koningdrone.be\/#\/schema\/logo\/image\/","url":"https:\/\/koningdrone.be\/wp-content\/uploads\/sites\/13\/2025\/04\/koningdrone-copyright-logo.svg","contentUrl":"https:\/\/koningdrone.be\/wp-content\/uploads\/sites\/13\/2025\/04\/koningdrone-copyright-logo.svg","width":227,"height":38,"caption":"Koningdrone.be"},"image":{"@id":"https:\/\/koningdrone.be\/#\/schema\/logo\/image\/"}}]}},"df_price":"","df_sale_price":"","df_regular_price":"","df_image_link":"https:\/\/koningdrone.be\/wp-content\/uploads\/sites\/13\/2026\/01\/AC200PL-ZT1_1100x-300x300.png","_links":{"self":[{"href":"https:\/\/koningdrone.be\/es\/wp-json\/wp\/v2\/product\/16177","targetHints":{"allow":["GET"]}}],"collection":[{"href":"https:\/\/koningdrone.be\/es\/wp-json\/wp\/v2\/product"}],"about":[{"href":"https:\/\/koningdrone.be\/es\/wp-json\/wp\/v2\/types\/product"}],"wp:featuredmedia":[{"embeddable":true,"href":"https:\/\/koningdrone.be\/es\/wp-json\/wp\/v2\/media\/16173"}],"wp:attachment":[{"href":"https:\/\/koningdrone.be\/es\/wp-json\/wp\/v2\/media?parent=16177"}],"wp:term":[{"taxonomy":"product_brand","embeddable":true,"href":"https:\/\/koningdrone.be\/es\/wp-json\/wp\/v2\/product_brand?post=16177"},{"taxonomy":"product_cat","embeddable":true,"href":"https:\/\/koningdrone.be\/es\/wp-json\/wp\/v2\/product_cat?post=16177"},{"taxonomy":"product_tag","embeddable":true,"href":"https:\/\/koningdrone.be\/es\/wp-json\/wp\/v2\/product_tag?post=16177"}],"curies":[{"name":"wp","href":"https:\/\/api.w.org\/{rel}","templated":true}]}}