{"id":16172,"date":"2025-09-01T13:35:09","date_gmt":"2025-09-01T11:35:09","guid":{"rendered":"https:\/\/koningdrone.be\/product\/bluetti-ac270p-power-station\/"},"modified":"2026-04-29T06:40:57","modified_gmt":"2026-04-29T04:40:57","slug":"bluetti-ac270p-power-station","status":"publish","type":"product","link":"https:\/\/koningdrone.be\/es\/producto\/bluetti-ac270p-power-station\/","title":{"rendered":"Central el\u00e9ctrica Bluetti AC270P"},"content":{"rendered":"<h2>Central El\u00e9ctrica Port\u00e1til Bluetti Premium 200 V2 (AC270P)<\/h2>\n<p><strong>Potente rendimiento para casa y para llevar.<\/strong><\/p>\n<p>En <strong>Bluetti Premium 200 V2 (AC270P)<\/strong> es una central el\u00e9ctrica port\u00e1til robusta y avanzada dise\u00f1ada para <strong>suministro el\u00e9ctrico de emergencia en casa<\/strong> y <strong>actividades al aire libre<\/strong>. Con una impresionante <strong>capacidad de 2.073,6 Wh<\/strong> y un poderoso <strong>Inversor de 2.700 W<\/strong> proporciona sin esfuerzo hasta <strong>siete dispositivos simult\u00e1neamente<\/strong> de energ\u00eda fiable.<\/p>\n<h2>Caracter\u00edsticas principales<\/h2>\n<ul>\n<li><strong>Bater\u00eda de gran capacidad:<\/strong> 2.073,6Wh - adecuado para aplicaciones de mayor potencia y uso intensivo.<\/li>\n<li><strong>Potente inversor de 2.700 W:<\/strong> ideal para equipos dom\u00e9sticos y profesionales.<\/li>\n<li><strong>Tecnolog\u00eda de carga r\u00e1pida TurboBoost:<\/strong> recargable a 80% en s\u00f3lo <strong>1,1 horas<\/strong>.<\/li>\n<li><strong>Gesti\u00f3n avanzada de la bater\u00eda:<\/strong> aumenta la seguridad y prolonga la vida \u00fatil del sistema.<\/li>\n<li><strong>Bater\u00eda de LiFePO\u2084 para automoci\u00f3n:<\/strong> en m\u00e1s de <strong>6.000 ciclos de carga<\/strong> - durabilidad garantizada.<\/li>\n<li><strong>Sistema de seguridad integral:<\/strong> Protege contra sobrecargas, cortocircuitos, sobrecalentamiento y mucho m\u00e1s.<\/li>\n<li><strong>Garant\u00eda:<\/strong> 5 a\u00f1os: m\u00e1s tranquilidad con cada aplicaci\u00f3n.<\/li>\n<\/ul>\n<p>Tanto si necesita energ\u00eda para su lugar de trabajo, su autocaravana, su estilo de vida aislado de la red o como respaldo en casa: el <strong>Bluetti AC270P<\/strong> ofrece energ\u00eda fiable, potente y eficiente en una soluci\u00f3n port\u00e1til.<\/p>","protected":false},"excerpt":{"rendered":"<ul>\n<li><strong>Gran capacidad y potencia:<\/strong> Equipado con un potente inversor y una bater\u00eda para suministrar energ\u00eda fiable a diversos dispositivos.<\/li>\n<li><strong>Carga r\u00e1pida:<\/strong> sistema avanzado de gesti\u00f3n de bater\u00edas y <strong>Tecnolog\u00eda de carga TurboBoost<\/strong> garantizan tiempos de carga rapid\u00edsimos.<\/li>\n<li><strong>Tecnolog\u00eda de bater\u00edas para automoci\u00f3n:<\/strong> usado <strong>Bater\u00edas LiFePO\u2084<\/strong> con una durabilidad excepcional y m\u00e1s de 6.000 ciclos de carga.<\/li>\n<li><strong>Sistema de seguridad integral:<\/strong> Protege contra el sobrecalentamiento, la sobrecarga y otros riesgos, como <strong>5 a\u00f1os de garant\u00eda<\/strong> para su m\u00e1xima tranquilidad.<\/li>\n<\/ul>","protected":false},"featured_media":0,"template":"","meta":{"_acf_changed":false},"product_brand":[],"product_cat":[97,1701,829],"product_tag":[],"class_list":{"0":"post-16172","1":"product","2":"type-product","3":"status-publish","5":"product_cat-alle-producten","6":"product_cat-anker-bluetti","7":"product_cat-bluetti","8":"product_shipping_class-outofstock","9":"pa_brand-bluetti","10":"pa_producttype-draagbare-energiecentrale","12":"first","13":"outofstock","14":"taxable","15":"shipping-taxable","16":"product-type-simple"},"acf":[],"yoast_head":"<!-- This site is optimized with the Yoast SEO Premium plugin v27.2 (Yoast SEO v27.2) - https:\/\/yoast.com\/product\/yoast-seo-premium-wordpress\/ -->\n<title>Bluetti AC270P Power station - koningdrone.be<\/title>\n<meta name=\"robots\" content=\"index, follow, max-snippet:-1, max-image-preview:large, max-video-preview:-1\" \/>\n<link rel=\"canonical\" href=\"https:\/\/koningdrone.be\/es\/producto\/bluetti-ac270p-power-station\/\" \/>\n<meta property=\"og:locale\" content=\"es_ES\" \/>\n<meta property=\"og:type\" content=\"article\" \/>\n<meta property=\"og:title\" content=\"Bluetti AC270P Power station\" \/>\n<meta property=\"og:description\" content=\"Hoge capaciteit en kracht: uitgerust met een krachtige omvormer en batterij voor betrouwbare energievoorziening van diverse apparaten.  Snel opladen: geavanceerd batterijbeheersysteem en TurboBoost-laadtechnologie zorgen voor razendsnelle oplaadtijden.  Automobielkwaliteit batterijtechnologie: gebruikt LiFePO\u2084-batterijen met uitzonderlijke duurzaamheid en meer dan 6.000 laadcycli.  Uitgebreid veiligheidssysteem: beschermt tegen oververhitting, overlading en andere risico\u2019s \u2013 inclusief 5 jaar garantie voor maximale gemoedsrust.\" \/>\n<meta property=\"og:url\" content=\"https:\/\/koningdrone.be\/es\/producto\/bluetti-ac270p-power-station\/\" \/>\n<meta property=\"og:site_name\" content=\"koningdrone.be\" \/>\n<meta property=\"article:modified_time\" content=\"2026-04-29T04:40:57+00:00\" \/>\n<meta name=\"twitter:card\" content=\"summary_large_image\" \/>\n<meta name=\"twitter:label1\" content=\"Tiempo de lectura\" \/>\n\t<meta name=\"twitter:data1\" content=\"1 minuto\" \/>\n<script type=\"application\/ld+json\" class=\"yoast-schema-graph\">{\"@context\":\"https:\/\/schema.org\",\"@graph\":[{\"@type\":\"WebPage\",\"@id\":\"https:\/\/koningdrone.be\/product\/bluetti-ac270p-power-station\/\",\"url\":\"https:\/\/koningdrone.be\/product\/bluetti-ac270p-power-station\/\",\"name\":\"Bluetti AC270P Power station - koningdrone.be\",\"isPartOf\":{\"@id\":\"https:\/\/koningdrone.be\/#website\"},\"datePublished\":\"2025-09-01T11:35:09+00:00\",\"dateModified\":\"2026-04-29T04:40:57+00:00\",\"breadcrumb\":{\"@id\":\"https:\/\/koningdrone.be\/product\/bluetti-ac270p-power-station\/#breadcrumb\"},\"inLanguage\":\"es\",\"potentialAction\":[{\"@type\":\"ReadAction\",\"target\":[\"https:\/\/koningdrone.be\/product\/bluetti-ac270p-power-station\/\"]}]},{\"@type\":\"BreadcrumbList\",\"@id\":\"https:\/\/koningdrone.be\/product\/bluetti-ac270p-power-station\/#breadcrumb\",\"itemListElement\":[{\"@type\":\"ListItem\",\"position\":1,\"name\":\"Home\",\"item\":\"https:\/\/koningdrone.be\/\"},{\"@type\":\"ListItem\",\"position\":2,\"name\":\"AVSS Parachute Recovery System for DJI Matrice 300\/350\",\"item\":\"https:\/\/koningdrone.be\/product\/avss-parachute-recovery-system-for-dji-matrice-300-350\/\"},{\"@type\":\"ListItem\",\"position\":3,\"name\":\"Alle producten\",\"item\":\"https:\/\/koningdrone.be\/categorie\/alle-producten\/\"},{\"@type\":\"ListItem\",\"position\":4,\"name\":\"Bluetti AC270P Power station\"}]},{\"@type\":\"WebSite\",\"@id\":\"https:\/\/koningdrone.be\/#website\",\"url\":\"https:\/\/koningdrone.be\/\",\"name\":\"Koningdrone.be - Uw online specialist in drones, gimbals, camera's en power stations.\",\"description\":\"De webshop in drones en gimbals\",\"publisher\":{\"@id\":\"https:\/\/koningdrone.be\/#organization\"},\"potentialAction\":[{\"@type\":\"SearchAction\",\"target\":{\"@type\":\"EntryPoint\",\"urlTemplate\":\"https:\/\/koningdrone.be\/?s={search_term_string}\"},\"query-input\":{\"@type\":\"PropertyValueSpecification\",\"valueRequired\":true,\"valueName\":\"search_term_string\"}}],\"inLanguage\":\"es\"},{\"@type\":\"Organization\",\"@id\":\"https:\/\/koningdrone.be\/#organization\",\"name\":\"Koningdrone.be\",\"url\":\"https:\/\/koningdrone.be\/\",\"logo\":{\"@type\":\"ImageObject\",\"inLanguage\":\"es\",\"@id\":\"https:\/\/koningdrone.be\/#\/schema\/logo\/image\/\",\"url\":\"https:\/\/koningdrone.be\/wp-content\/uploads\/sites\/13\/2025\/04\/koningdrone-copyright-logo.svg\",\"contentUrl\":\"https:\/\/koningdrone.be\/wp-content\/uploads\/sites\/13\/2025\/04\/koningdrone-copyright-logo.svg\",\"width\":227,\"height\":38,\"caption\":\"Koningdrone.be\"},\"image\":{\"@id\":\"https:\/\/koningdrone.be\/#\/schema\/logo\/image\/\"}}]}<\/script>\n<!-- \/ Yoast SEO Premium plugin. -->","yoast_head_json":{"title":"Bluetti AC270P Power station - koningdrone.be","robots":{"index":"index","follow":"follow","max-snippet":"max-snippet:-1","max-image-preview":"max-image-preview:large","max-video-preview":"max-video-preview:-1"},"canonical":"https:\/\/koningdrone.be\/es\/producto\/bluetti-ac270p-power-station\/","og_locale":"es_ES","og_type":"article","og_title":"Bluetti AC270P Power station","og_description":"Hoge capaciteit en kracht: uitgerust met een krachtige omvormer en batterij voor betrouwbare energievoorziening van diverse apparaten.  Snel opladen: geavanceerd batterijbeheersysteem en TurboBoost-laadtechnologie zorgen voor razendsnelle oplaadtijden.  Automobielkwaliteit batterijtechnologie: gebruikt LiFePO\u2084-batterijen met uitzonderlijke duurzaamheid en meer dan 6.000 laadcycli.  Uitgebreid veiligheidssysteem: beschermt tegen oververhitting, overlading en andere risico\u2019s \u2013 inclusief 5 jaar garantie voor maximale gemoedsrust.","og_url":"https:\/\/koningdrone.be\/es\/producto\/bluetti-ac270p-power-station\/","og_site_name":"koningdrone.be","article_modified_time":"2026-04-29T04:40:57+00:00","twitter_card":"summary_large_image","twitter_misc":{"Tiempo de lectura":"1 minuto"},"schema":{"@context":"https:\/\/schema.org","@graph":[{"@type":"WebPage","@id":"https:\/\/koningdrone.be\/product\/bluetti-ac270p-power-station\/","url":"https:\/\/koningdrone.be\/product\/bluetti-ac270p-power-station\/","name":"Bluetti AC270P Power station - koningdrone.be","isPartOf":{"@id":"https:\/\/koningdrone.be\/#website"},"datePublished":"2025-09-01T11:35:09+00:00","dateModified":"2026-04-29T04:40:57+00:00","breadcrumb":{"@id":"https:\/\/koningdrone.be\/product\/bluetti-ac270p-power-station\/#breadcrumb"},"inLanguage":"es","potentialAction":[{"@type":"ReadAction","target":["https:\/\/koningdrone.be\/product\/bluetti-ac270p-power-station\/"]}]},{"@type":"BreadcrumbList","@id":"https:\/\/koningdrone.be\/product\/bluetti-ac270p-power-station\/#breadcrumb","itemListElement":[{"@type":"ListItem","position":1,"name":"Home","item":"https:\/\/koningdrone.be\/"},{"@type":"ListItem","position":2,"name":"AVSS Parachute Recovery System for DJI Matrice 300\/350","item":"https:\/\/koningdrone.be\/product\/avss-parachute-recovery-system-for-dji-matrice-300-350\/"},{"@type":"ListItem","position":3,"name":"Alle producten","item":"https:\/\/koningdrone.be\/categorie\/alle-producten\/"},{"@type":"ListItem","position":4,"name":"Bluetti AC270P Power station"}]},{"@type":"WebSite","@id":"https:\/\/koningdrone.be\/#website","url":"https:\/\/koningdrone.be\/","name":"Koningdrone.be - Su especialista en l\u00ednea en drones, cardanes, c\u00e1maras y centrales el\u00e9ctricas.","description":"La tienda virtual de drones y cardanes","publisher":{"@id":"https:\/\/koningdrone.be\/#organization"},"potentialAction":[{"@type":"SearchAction","target":{"@type":"EntryPoint","urlTemplate":"https:\/\/koningdrone.be\/?s={search_term_string}"},"query-input":{"@type":"PropertyValueSpecification","valueRequired":true,"valueName":"search_term_string"}}],"inLanguage":"es"},{"@type":"Organization","@id":"https:\/\/koningdrone.be\/#organization","name":"Kingdrone.es","url":"https:\/\/koningdrone.be\/","logo":{"@type":"ImageObject","inLanguage":"es","@id":"https:\/\/koningdrone.be\/#\/schema\/logo\/image\/","url":"https:\/\/koningdrone.be\/wp-content\/uploads\/sites\/13\/2025\/04\/koningdrone-copyright-logo.svg","contentUrl":"https:\/\/koningdrone.be\/wp-content\/uploads\/sites\/13\/2025\/04\/koningdrone-copyright-logo.svg","width":227,"height":38,"caption":"Koningdrone.be"},"image":{"@id":"https:\/\/koningdrone.be\/#\/schema\/logo\/image\/"}}]}},"df_price":"","df_sale_price":"","df_regular_price":"","df_image_link":"https:\/\/koningdrone.be\/wp-content\/uploads\/sites\/13\/woocommerce-placeholder-300x300.png","_links":{"self":[{"href":"https:\/\/koningdrone.be\/es\/wp-json\/wp\/v2\/product\/16172","targetHints":{"allow":["GET"]}}],"collection":[{"href":"https:\/\/koningdrone.be\/es\/wp-json\/wp\/v2\/product"}],"about":[{"href":"https:\/\/koningdrone.be\/es\/wp-json\/wp\/v2\/types\/product"}],"wp:attachment":[{"href":"https:\/\/koningdrone.be\/es\/wp-json\/wp\/v2\/media?parent=16172"}],"wp:term":[{"taxonomy":"product_brand","embeddable":true,"href":"https:\/\/koningdrone.be\/es\/wp-json\/wp\/v2\/product_brand?post=16172"},{"taxonomy":"product_cat","embeddable":true,"href":"https:\/\/koningdrone.be\/es\/wp-json\/wp\/v2\/product_cat?post=16172"},{"taxonomy":"product_tag","embeddable":true,"href":"https:\/\/koningdrone.be\/es\/wp-json\/wp\/v2\/product_tag?post=16172"}],"curies":[{"name":"wp","href":"https:\/\/api.w.org\/{rel}","templated":true}]}}