{"id":16171,"date":"2025-09-01T13:35:09","date_gmt":"2025-09-01T11:35:09","guid":{"rendered":"https:\/\/koningdrone.be\/product\/bluetti-ac240p-power-station\/"},"modified":"2026-04-29T06:40:55","modified_gmt":"2026-04-29T04:40:55","slug":"bluetti-ac240p-power-station","status":"publish","type":"product","link":"https:\/\/koningdrone.be\/es\/producto\/bluetti-ac240p-power-station\/","title":{"rendered":"Central el\u00e9ctrica Bluetti AC240P"},"content":{"rendered":"<h2>Estaci\u00f3n solar Bluetti AC240P<\/h2>\n<p><strong>Potente, robusto y dise\u00f1ado para cualquier aventura.<\/strong><\/p>\n<p>En <strong>Bluetti AC240P<\/strong> es una central el\u00e9ctrica port\u00e1til vers\u00e1til y resistente a la intemperie, ideal para <strong>uso en exteriores<\/strong>, <strong>alimentaci\u00f3n de emergencia<\/strong> y <strong>vida aislada<\/strong>. Gracias a la <strong>Dise\u00f1o con certificaci\u00f3n IP65<\/strong> el dispositivo es totalmente resistente al agua y al polvo, por lo que sigue funcionando de forma fiable incluso en condiciones exigentes.<\/p>\n<h2>Caracter\u00edsticas principales<\/h2>\n<ul>\n<li><strong>Potencia de CA de 2.400 W:<\/strong> con picos de potencia de hasta <strong>3.600W<\/strong> (Power Lifting) para accionar equipos pesados.<\/li>\n<li><strong>Resistente al agua y al polvo:<\/strong> La clasificaci\u00f3n IP65 lo hace apto para su uso en lluvia, polvo y otros entornos dif\u00edciles.<\/li>\n<li><strong>Capacidad ampliable:<\/strong> escalable hasta <strong>10.443 Wh<\/strong> con conexi\u00f3n a cuatro bater\u00edas de expansi\u00f3n B210P.<\/li>\n<li><strong>Apoyo solar:<\/strong> a <strong>1.200 W de potencia solar<\/strong> para una carga eficiente fuera de la red.<\/li>\n<li><strong>Conectividad avanzada:<\/strong> gestionar y supervisar todo f\u00e1cilmente a trav\u00e9s del <strong>Aplicaci\u00f3n Bluetti<\/strong> con funciones Bluetooth y Wi-Fi.<\/li>\n<\/ul>\n<p>Tanto si est\u00e1 de acampada como si necesita energ\u00eda en caso de emergencia o vive completamente aislado de la red, el <strong>Bluetti AC240P<\/strong> ofrece energ\u00eda fiable en un paquete robusto e inteligente.<\/p>","protected":false},"excerpt":{"rendered":"<ul>\n<li><strong>Fuente de alimentaci\u00f3n fiable:<\/strong> Ideal para emergencias, aventuras al aire libre y situaciones fuera de la red.<\/li>\n<li><strong>Dise\u00f1o resistente a la intemperie:<\/strong> Totalmente resistente al polvo y al agua (IP65) para su uso en entornos exigentes.<\/li>\n<li><strong>Fiabilidad insuperable:<\/strong> gracias a la funci\u00f3n SAI incorporada para disponer de alimentaci\u00f3n continua en caso de corte del suministro el\u00e9ctrico.<\/li>\n<li><strong>Capacidad ampliable:<\/strong> F\u00e1cilmente ampliable con bater\u00edas de expansi\u00f3n B210P para viajes m\u00e1s largos o mayores necesidades de energ\u00eda.<\/li>\n<li><strong>Funcionamiento silencioso:<\/strong> ideal para usar en el camping, en la autocaravana o mientras se duerme.<\/li>\n<li><strong>Gesti\u00f3n inteligente:<\/strong> supervisar y controlar la planta sin esfuerzo a trav\u00e9s de la sencilla aplicaci\u00f3n m\u00f3vil Bluetti.<\/li>\n<li><strong>Sostenible y eficiente:<\/strong> Perfecto para la vida fuera de la red y los usuarios de energ\u00eda conscientes del medio ambiente.<\/li>\n<\/ul>","protected":false},"featured_media":0,"template":"","meta":{"_acf_changed":false},"product_brand":[],"product_cat":[97,1701,829],"product_tag":[],"class_list":{"0":"post-16171","1":"product","2":"type-product","3":"status-publish","5":"product_cat-alle-producten","6":"product_cat-anker-bluetti","7":"product_cat-bluetti","8":"product_shipping_class-outofstock","9":"pa_brand-bluetti","10":"pa_producttype-draagbare-energiecentrale","12":"first","13":"outofstock","14":"taxable","15":"shipping-taxable","16":"product-type-simple"},"acf":[],"yoast_head":"<!-- This site is optimized with the Yoast SEO Premium plugin v27.2 (Yoast SEO v27.2) - https:\/\/yoast.com\/product\/yoast-seo-premium-wordpress\/ -->\n<title>Bluetti AC240P Power station - koningdrone.be<\/title>\n<meta name=\"robots\" content=\"index, follow, max-snippet:-1, max-image-preview:large, max-video-preview:-1\" \/>\n<link rel=\"canonical\" href=\"https:\/\/koningdrone.be\/es\/producto\/bluetti-ac240p-power-station\/\" \/>\n<meta property=\"og:locale\" content=\"es_ES\" \/>\n<meta property=\"og:type\" content=\"article\" \/>\n<meta property=\"og:title\" content=\"Bluetti AC240P Power station\" \/>\n<meta property=\"og:description\" content=\"Betrouwbare stroomvoorziening: ideaal voor noodgevallen, buitenavonturen en off-grid situaties.  Weerbestendig ontwerp: volledig stof- en waterdicht (IP65) voor gebruik in veeleisende omgevingen.  Onovertroffen betrouwbaarheid: dankzij ingebouwde UPS-functie voor continue stroom bij stroomuitval.  Uitbreidbare capaciteit: eenvoudig schaalbaar met B210P-uitbreidingsbatterijen voor langere reizen of grotere energiebehoeften.  Stille werking: ideaal voor gebruik op de camping, in de camper of tijdens nachtrust.  Slim beheer: controleer en bedien de centrale moeiteloos via de gebruiksvriendelijke Bluetti mobiele app.  Duurzaam en effici\u00ebnt: perfect voor off-grid leven en milieubewuste energiegebruikers.\" \/>\n<meta property=\"og:url\" content=\"https:\/\/koningdrone.be\/es\/producto\/bluetti-ac240p-power-station\/\" \/>\n<meta property=\"og:site_name\" content=\"koningdrone.be\" \/>\n<meta property=\"article:modified_time\" content=\"2026-04-29T04:40:55+00:00\" \/>\n<meta name=\"twitter:card\" content=\"summary_large_image\" \/>\n<meta name=\"twitter:label1\" content=\"Tiempo de lectura\" \/>\n\t<meta name=\"twitter:data1\" content=\"1 minuto\" \/>\n<script type=\"application\/ld+json\" class=\"yoast-schema-graph\">{\"@context\":\"https:\/\/schema.org\",\"@graph\":[{\"@type\":\"WebPage\",\"@id\":\"https:\/\/koningdrone.be\/product\/bluetti-ac240p-power-station\/\",\"url\":\"https:\/\/koningdrone.be\/product\/bluetti-ac240p-power-station\/\",\"name\":\"Bluetti AC240P Power station - koningdrone.be\",\"isPartOf\":{\"@id\":\"https:\/\/koningdrone.be\/#website\"},\"datePublished\":\"2025-09-01T11:35:09+00:00\",\"dateModified\":\"2026-04-29T04:40:55+00:00\",\"breadcrumb\":{\"@id\":\"https:\/\/koningdrone.be\/product\/bluetti-ac240p-power-station\/#breadcrumb\"},\"inLanguage\":\"es\",\"potentialAction\":[{\"@type\":\"ReadAction\",\"target\":[\"https:\/\/koningdrone.be\/product\/bluetti-ac240p-power-station\/\"]}]},{\"@type\":\"BreadcrumbList\",\"@id\":\"https:\/\/koningdrone.be\/product\/bluetti-ac240p-power-station\/#breadcrumb\",\"itemListElement\":[{\"@type\":\"ListItem\",\"position\":1,\"name\":\"Home\",\"item\":\"https:\/\/koningdrone.be\/\"},{\"@type\":\"ListItem\",\"position\":2,\"name\":\"AVSS Parachute Recovery System for DJI Matrice 300\/350\",\"item\":\"https:\/\/koningdrone.be\/product\/avss-parachute-recovery-system-for-dji-matrice-300-350\/\"},{\"@type\":\"ListItem\",\"position\":3,\"name\":\"Alle producten\",\"item\":\"https:\/\/koningdrone.be\/categorie\/alle-producten\/\"},{\"@type\":\"ListItem\",\"position\":4,\"name\":\"Bluetti AC240P Power station\"}]},{\"@type\":\"WebSite\",\"@id\":\"https:\/\/koningdrone.be\/#website\",\"url\":\"https:\/\/koningdrone.be\/\",\"name\":\"Koningdrone.be - Uw online specialist in drones, gimbals, camera's en power stations.\",\"description\":\"De webshop in drones en gimbals\",\"publisher\":{\"@id\":\"https:\/\/koningdrone.be\/#organization\"},\"potentialAction\":[{\"@type\":\"SearchAction\",\"target\":{\"@type\":\"EntryPoint\",\"urlTemplate\":\"https:\/\/koningdrone.be\/?s={search_term_string}\"},\"query-input\":{\"@type\":\"PropertyValueSpecification\",\"valueRequired\":true,\"valueName\":\"search_term_string\"}}],\"inLanguage\":\"es\"},{\"@type\":\"Organization\",\"@id\":\"https:\/\/koningdrone.be\/#organization\",\"name\":\"Koningdrone.be\",\"url\":\"https:\/\/koningdrone.be\/\",\"logo\":{\"@type\":\"ImageObject\",\"inLanguage\":\"es\",\"@id\":\"https:\/\/koningdrone.be\/#\/schema\/logo\/image\/\",\"url\":\"https:\/\/koningdrone.be\/wp-content\/uploads\/sites\/13\/2025\/04\/koningdrone-copyright-logo.svg\",\"contentUrl\":\"https:\/\/koningdrone.be\/wp-content\/uploads\/sites\/13\/2025\/04\/koningdrone-copyright-logo.svg\",\"width\":227,\"height\":38,\"caption\":\"Koningdrone.be\"},\"image\":{\"@id\":\"https:\/\/koningdrone.be\/#\/schema\/logo\/image\/\"}}]}<\/script>\n<!-- \/ Yoast SEO Premium plugin. -->","yoast_head_json":{"title":"Bluetti AC240P Power station - koningdrone.be","robots":{"index":"index","follow":"follow","max-snippet":"max-snippet:-1","max-image-preview":"max-image-preview:large","max-video-preview":"max-video-preview:-1"},"canonical":"https:\/\/koningdrone.be\/es\/producto\/bluetti-ac240p-power-station\/","og_locale":"es_ES","og_type":"article","og_title":"Bluetti AC240P Power station","og_description":"Betrouwbare stroomvoorziening: ideaal voor noodgevallen, buitenavonturen en off-grid situaties.  Weerbestendig ontwerp: volledig stof- en waterdicht (IP65) voor gebruik in veeleisende omgevingen.  Onovertroffen betrouwbaarheid: dankzij ingebouwde UPS-functie voor continue stroom bij stroomuitval.  Uitbreidbare capaciteit: eenvoudig schaalbaar met B210P-uitbreidingsbatterijen voor langere reizen of grotere energiebehoeften.  Stille werking: ideaal voor gebruik op de camping, in de camper of tijdens nachtrust.  Slim beheer: controleer en bedien de centrale moeiteloos via de gebruiksvriendelijke Bluetti mobiele app.  Duurzaam en effici\u00ebnt: perfect voor off-grid leven en milieubewuste energiegebruikers.","og_url":"https:\/\/koningdrone.be\/es\/producto\/bluetti-ac240p-power-station\/","og_site_name":"koningdrone.be","article_modified_time":"2026-04-29T04:40:55+00:00","twitter_card":"summary_large_image","twitter_misc":{"Tiempo de lectura":"1 minuto"},"schema":{"@context":"https:\/\/schema.org","@graph":[{"@type":"WebPage","@id":"https:\/\/koningdrone.be\/product\/bluetti-ac240p-power-station\/","url":"https:\/\/koningdrone.be\/product\/bluetti-ac240p-power-station\/","name":"Bluetti AC240P Power station - koningdrone.be","isPartOf":{"@id":"https:\/\/koningdrone.be\/#website"},"datePublished":"2025-09-01T11:35:09+00:00","dateModified":"2026-04-29T04:40:55+00:00","breadcrumb":{"@id":"https:\/\/koningdrone.be\/product\/bluetti-ac240p-power-station\/#breadcrumb"},"inLanguage":"es","potentialAction":[{"@type":"ReadAction","target":["https:\/\/koningdrone.be\/product\/bluetti-ac240p-power-station\/"]}]},{"@type":"BreadcrumbList","@id":"https:\/\/koningdrone.be\/product\/bluetti-ac240p-power-station\/#breadcrumb","itemListElement":[{"@type":"ListItem","position":1,"name":"Home","item":"https:\/\/koningdrone.be\/"},{"@type":"ListItem","position":2,"name":"AVSS Parachute Recovery System for DJI Matrice 300\/350","item":"https:\/\/koningdrone.be\/product\/avss-parachute-recovery-system-for-dji-matrice-300-350\/"},{"@type":"ListItem","position":3,"name":"Alle producten","item":"https:\/\/koningdrone.be\/categorie\/alle-producten\/"},{"@type":"ListItem","position":4,"name":"Bluetti AC240P Power station"}]},{"@type":"WebSite","@id":"https:\/\/koningdrone.be\/#website","url":"https:\/\/koningdrone.be\/","name":"Koningdrone.be - Su especialista en l\u00ednea en drones, cardanes, c\u00e1maras y centrales el\u00e9ctricas.","description":"La tienda virtual de drones y cardanes","publisher":{"@id":"https:\/\/koningdrone.be\/#organization"},"potentialAction":[{"@type":"SearchAction","target":{"@type":"EntryPoint","urlTemplate":"https:\/\/koningdrone.be\/?s={search_term_string}"},"query-input":{"@type":"PropertyValueSpecification","valueRequired":true,"valueName":"search_term_string"}}],"inLanguage":"es"},{"@type":"Organization","@id":"https:\/\/koningdrone.be\/#organization","name":"Kingdrone.es","url":"https:\/\/koningdrone.be\/","logo":{"@type":"ImageObject","inLanguage":"es","@id":"https:\/\/koningdrone.be\/#\/schema\/logo\/image\/","url":"https:\/\/koningdrone.be\/wp-content\/uploads\/sites\/13\/2025\/04\/koningdrone-copyright-logo.svg","contentUrl":"https:\/\/koningdrone.be\/wp-content\/uploads\/sites\/13\/2025\/04\/koningdrone-copyright-logo.svg","width":227,"height":38,"caption":"Koningdrone.be"},"image":{"@id":"https:\/\/koningdrone.be\/#\/schema\/logo\/image\/"}}]}},"df_price":"","df_sale_price":"","df_regular_price":"","df_image_link":"https:\/\/koningdrone.be\/wp-content\/uploads\/sites\/13\/woocommerce-placeholder-300x300.png","_links":{"self":[{"href":"https:\/\/koningdrone.be\/es\/wp-json\/wp\/v2\/product\/16171","targetHints":{"allow":["GET"]}}],"collection":[{"href":"https:\/\/koningdrone.be\/es\/wp-json\/wp\/v2\/product"}],"about":[{"href":"https:\/\/koningdrone.be\/es\/wp-json\/wp\/v2\/types\/product"}],"wp:attachment":[{"href":"https:\/\/koningdrone.be\/es\/wp-json\/wp\/v2\/media?parent=16171"}],"wp:term":[{"taxonomy":"product_brand","embeddable":true,"href":"https:\/\/koningdrone.be\/es\/wp-json\/wp\/v2\/product_brand?post=16171"},{"taxonomy":"product_cat","embeddable":true,"href":"https:\/\/koningdrone.be\/es\/wp-json\/wp\/v2\/product_cat?post=16171"},{"taxonomy":"product_tag","embeddable":true,"href":"https:\/\/koningdrone.be\/es\/wp-json\/wp\/v2\/product_tag?post=16171"}],"curies":[{"name":"wp","href":"https:\/\/api.w.org\/{rel}","templated":true}]}}