{"id":16170,"date":"2025-09-03T10:25:13","date_gmt":"2025-09-03T08:25:13","guid":{"rendered":"https:\/\/koningdrone.be\/product\/anker-solix-solarbank-e1600-2\/"},"modified":"2025-09-03T10:25:13","modified_gmt":"2025-09-03T08:25:13","slug":"anker-solix-solarbank-e1600-2","status":"publish","type":"product","link":"https:\/\/koningdrone.be\/es\/producto\/anker-solix-solarbank-e1600-2\/","title":{"rendered":"Anker SOLIX Banco solar E1600"},"content":{"rendered":"<h2>El Anker SOLIX Solarbank E1600 es una soluci\u00f3n de almacenamiento de energ\u00eda solar compacta y eficiente dise\u00f1ada para uso residencial.<\/h2>\n<p>Con una capacidad de 1.600 Wh, captura y almacena el exceso de energ\u00eda solar, reduciendo la dependencia de los propietarios de las viviendas de la red y disminuyendo sus costes de electricidad.<\/p>\n<p>El dise\u00f1o plug-and-play garantiza una instalaci\u00f3n sencilla y la robusta construcci\u00f3n tiene una clasificaci\u00f3n IP65 de resistencia al agua y al polvo, lo que la hace apta para diversas condiciones ambientales.<\/p>\n<p>Compatible con la mayor\u00eda de microinversores y paneles solares de balc\u00f3n, el Solarbank E1600 mejora el autoconsumo de energ\u00eda y favorece un estilo de vida sostenible....<\/p>","protected":false},"excerpt":{"rendered":"<ul>\n<li>Dise\u00f1ado para almacenar y aprovechar la energ\u00eda solar para uso dom\u00e9stico, reduciendo su dependencia de la red.<\/li>\n<li><\/li>\n<li>Ofrece una capacidad de 1.600 Wh, energ\u00eda suficiente para las necesidades esenciales del hogar.<\/li>\n<li><\/li>\n<li>Tiene una clasificaci\u00f3n IP65 de resistencia al agua y al polvo, lo que garantiza su durabilidad en diversos entornos.<\/li>\n<li><\/li>\n<li>F\u00e1cil instalaci\u00f3n con un dise\u00f1o plug-and-play, que lo hace accesible a usuarios sin conocimientos t\u00e9cnicos.<\/li>\n<li><\/li>\n<li>Compatible con la mayor\u00eda de microinversores y paneles solares de balc\u00f3n para un almacenamiento \u00f3ptimo de la energ\u00eda.<\/li>\n<li><\/li>\n<li>Ideal para mejorar el autoconsumo de energ\u00eda y promover un estilo de vida sostenible.<\/li>\n<\/ul>","protected":false},"featured_media":16166,"template":"","meta":{"_acf_changed":false},"product_brand":[],"product_cat":[97,197,1701],"product_tag":[],"class_list":{"0":"post-16170","1":"product","2":"type-product","3":"status-publish","4":"has-post-thumbnail","6":"product_cat-alle-producten","7":"product_cat-anker","8":"product_cat-anker-bluetti","9":"pa_brand-anker","10":"pa_producttype-thuisbatterij","12":"first","13":"outofstock","14":"taxable","15":"shipping-taxable","16":"product-type-simple"},"acf":[],"yoast_head":"<!-- This site is optimized with the Yoast SEO Premium plugin v27.2 (Yoast SEO v27.2) - https:\/\/yoast.com\/product\/yoast-seo-premium-wordpress\/ -->\n<title>Anker SOLIX Solarbank E1600 - koningdrone.be<\/title>\n<meta name=\"robots\" content=\"index, follow, max-snippet:-1, max-image-preview:large, max-video-preview:-1\" \/>\n<link rel=\"canonical\" href=\"https:\/\/koningdrone.be\/es\/producto\/anker-solix-solarbank-e1600-2\/\" \/>\n<meta property=\"og:locale\" content=\"es_ES\" \/>\n<meta property=\"og:type\" content=\"article\" \/>\n<meta property=\"og:title\" content=\"Anker SOLIX Solarbank E1600\" \/>\n<meta property=\"og:description\" content=\"Ontworpen om zonne-energie op te slaan en te benutten voor thuisgebruik, zodat je minder afhankelijk bent van het elektriciteitsnet.    Biedt een capaciteit van 1.600Wh, voldoende stroom voor essenti\u00eble huishoudelijke behoeften.    Heeft een IP65-classificatie voor water- en stofbestendigheid, waardoor duurzaamheid in verschillende omgevingen gegarandeerd is.    Eenvoudige installatie met een plug-and-play-ontwerp, waardoor hij toegankelijk is voor niet-technische gebruikers.    Compatibel met de meeste micro-omvormers en balkonzonnepanelen voor optimale energieopslag.    Ideaal voor het verbeteren van zelfverbruik van energie en het bevorderen van een duurzame levensstijl.\" \/>\n<meta property=\"og:url\" content=\"https:\/\/koningdrone.be\/es\/producto\/anker-solix-solarbank-e1600-2\/\" \/>\n<meta property=\"og:site_name\" content=\"koningdrone.be\" \/>\n<meta property=\"og:image\" content=\"https:\/\/koningdrone.be\/wp-content\/uploads\/sites\/13\/2026\/01\/2024_09_Anker_Solix_Solarbank_E1600_Sideway_Back_front.png\" \/>\n\t<meta property=\"og:image:width\" content=\"800\" \/>\n\t<meta property=\"og:image:height\" content=\"800\" \/>\n\t<meta property=\"og:image:type\" content=\"image\/png\" \/>\n<meta name=\"twitter:card\" content=\"summary_large_image\" \/>\n<script type=\"application\/ld+json\" class=\"yoast-schema-graph\">{\"@context\":\"https:\/\/schema.org\",\"@graph\":[{\"@type\":\"WebPage\",\"@id\":\"https:\/\/koningdrone.be\/es\/producto\/anker-solix-solarbank-e1600-2\/\",\"url\":\"https:\/\/koningdrone.be\/es\/producto\/anker-solix-solarbank-e1600-2\/\",\"name\":\"Anker SOLIX Solarbank E1600 - koningdrone.be\",\"isPartOf\":{\"@id\":\"https:\/\/koningdrone.be\/#website\"},\"primaryImageOfPage\":{\"@id\":\"https:\/\/koningdrone.be\/es\/producto\/anker-solix-solarbank-e1600-2\/#primaryimage\"},\"image\":{\"@id\":\"https:\/\/koningdrone.be\/es\/producto\/anker-solix-solarbank-e1600-2\/#primaryimage\"},\"thumbnailUrl\":\"https:\/\/koningdrone.be\/wp-content\/uploads\/sites\/13\/2026\/01\/2024_09_Anker_Solix_Solarbank_E1600_Sideway_Back_front.png\",\"datePublished\":\"2025-09-03T08:25:13+00:00\",\"breadcrumb\":{\"@id\":\"https:\/\/koningdrone.be\/es\/producto\/anker-solix-solarbank-e1600-2\/#breadcrumb\"},\"inLanguage\":\"es\",\"potentialAction\":[{\"@type\":\"ReadAction\",\"target\":[\"https:\/\/koningdrone.be\/es\/producto\/anker-solix-solarbank-e1600-2\/\"]}]},{\"@type\":\"ImageObject\",\"inLanguage\":\"es\",\"@id\":\"https:\/\/koningdrone.be\/es\/producto\/anker-solix-solarbank-e1600-2\/#primaryimage\",\"url\":\"https:\/\/koningdrone.be\/wp-content\/uploads\/sites\/13\/2026\/01\/2024_09_Anker_Solix_Solarbank_E1600_Sideway_Back_front.png\",\"contentUrl\":\"https:\/\/koningdrone.be\/wp-content\/uploads\/sites\/13\/2026\/01\/2024_09_Anker_Solix_Solarbank_E1600_Sideway_Back_front.png\",\"width\":800,\"height\":800},{\"@type\":\"BreadcrumbList\",\"@id\":\"https:\/\/koningdrone.be\/es\/producto\/anker-solix-solarbank-e1600-2\/#breadcrumb\",\"itemListElement\":[{\"@type\":\"ListItem\",\"position\":1,\"name\":\"Home\",\"item\":\"https:\/\/koningdrone.be\/\"},{\"@type\":\"ListItem\",\"position\":2,\"name\":\"AVSS Parachute Recovery System for DJI Matrice 300\/350\",\"item\":\"https:\/\/koningdrone.be\/product\/avss-parachute-recovery-system-for-dji-matrice-300-350\/\"},{\"@type\":\"ListItem\",\"position\":3,\"name\":\"Alle producten\",\"item\":\"https:\/\/koningdrone.be\/categorie\/alle-producten\/\"},{\"@type\":\"ListItem\",\"position\":4,\"name\":\"Anker SOLIX Solarbank E1600\"}]},{\"@type\":\"WebSite\",\"@id\":\"https:\/\/koningdrone.be\/#website\",\"url\":\"https:\/\/koningdrone.be\/\",\"name\":\"Koningdrone.be - Uw online specialist in drones, gimbals, camera's en power stations.\",\"description\":\"De webshop in drones en gimbals\",\"publisher\":{\"@id\":\"https:\/\/koningdrone.be\/#organization\"},\"potentialAction\":[{\"@type\":\"SearchAction\",\"target\":{\"@type\":\"EntryPoint\",\"urlTemplate\":\"https:\/\/koningdrone.be\/?s={search_term_string}\"},\"query-input\":{\"@type\":\"PropertyValueSpecification\",\"valueRequired\":true,\"valueName\":\"search_term_string\"}}],\"inLanguage\":\"es\"},{\"@type\":\"Organization\",\"@id\":\"https:\/\/koningdrone.be\/#organization\",\"name\":\"Koningdrone.be\",\"url\":\"https:\/\/koningdrone.be\/\",\"logo\":{\"@type\":\"ImageObject\",\"inLanguage\":\"es\",\"@id\":\"https:\/\/koningdrone.be\/#\/schema\/logo\/image\/\",\"url\":\"https:\/\/koningdrone.be\/wp-content\/uploads\/sites\/13\/2025\/04\/koningdrone-copyright-logo.svg\",\"contentUrl\":\"https:\/\/koningdrone.be\/wp-content\/uploads\/sites\/13\/2025\/04\/koningdrone-copyright-logo.svg\",\"width\":227,\"height\":38,\"caption\":\"Koningdrone.be\"},\"image\":{\"@id\":\"https:\/\/koningdrone.be\/#\/schema\/logo\/image\/\"}}]}<\/script>\n<!-- \/ Yoast SEO Premium plugin. -->","yoast_head_json":{"title":"Anker SOLIX Solarbank E1600 - koningdrone.be","robots":{"index":"index","follow":"follow","max-snippet":"max-snippet:-1","max-image-preview":"max-image-preview:large","max-video-preview":"max-video-preview:-1"},"canonical":"https:\/\/koningdrone.be\/es\/producto\/anker-solix-solarbank-e1600-2\/","og_locale":"es_ES","og_type":"article","og_title":"Anker SOLIX Solarbank E1600","og_description":"Ontworpen om zonne-energie op te slaan en te benutten voor thuisgebruik, zodat je minder afhankelijk bent van het elektriciteitsnet.    Biedt een capaciteit van 1.600Wh, voldoende stroom voor essenti\u00eble huishoudelijke behoeften.    Heeft een IP65-classificatie voor water- en stofbestendigheid, waardoor duurzaamheid in verschillende omgevingen gegarandeerd is.    Eenvoudige installatie met een plug-and-play-ontwerp, waardoor hij toegankelijk is voor niet-technische gebruikers.    Compatibel met de meeste micro-omvormers en balkonzonnepanelen voor optimale energieopslag.    Ideaal voor het verbeteren van zelfverbruik van energie en het bevorderen van een duurzame levensstijl.","og_url":"https:\/\/koningdrone.be\/es\/producto\/anker-solix-solarbank-e1600-2\/","og_site_name":"koningdrone.be","og_image":[{"width":800,"height":800,"url":"https:\/\/koningdrone.be\/wp-content\/uploads\/sites\/13\/2026\/01\/2024_09_Anker_Solix_Solarbank_E1600_Sideway_Back_front.png","type":"image\/png"}],"twitter_card":"summary_large_image","schema":{"@context":"https:\/\/schema.org","@graph":[{"@type":"WebPage","@id":"https:\/\/koningdrone.be\/es\/producto\/anker-solix-solarbank-e1600-2\/","url":"https:\/\/koningdrone.be\/es\/producto\/anker-solix-solarbank-e1600-2\/","name":"Anker SOLIX Solarbank E1600 - koningdrone.be","isPartOf":{"@id":"https:\/\/koningdrone.be\/#website"},"primaryImageOfPage":{"@id":"https:\/\/koningdrone.be\/es\/producto\/anker-solix-solarbank-e1600-2\/#primaryimage"},"image":{"@id":"https:\/\/koningdrone.be\/es\/producto\/anker-solix-solarbank-e1600-2\/#primaryimage"},"thumbnailUrl":"https:\/\/koningdrone.be\/wp-content\/uploads\/sites\/13\/2026\/01\/2024_09_Anker_Solix_Solarbank_E1600_Sideway_Back_front.png","datePublished":"2025-09-03T08:25:13+00:00","breadcrumb":{"@id":"https:\/\/koningdrone.be\/es\/producto\/anker-solix-solarbank-e1600-2\/#breadcrumb"},"inLanguage":"es","potentialAction":[{"@type":"ReadAction","target":["https:\/\/koningdrone.be\/es\/producto\/anker-solix-solarbank-e1600-2\/"]}]},{"@type":"ImageObject","inLanguage":"es","@id":"https:\/\/koningdrone.be\/es\/producto\/anker-solix-solarbank-e1600-2\/#primaryimage","url":"https:\/\/koningdrone.be\/wp-content\/uploads\/sites\/13\/2026\/01\/2024_09_Anker_Solix_Solarbank_E1600_Sideway_Back_front.png","contentUrl":"https:\/\/koningdrone.be\/wp-content\/uploads\/sites\/13\/2026\/01\/2024_09_Anker_Solix_Solarbank_E1600_Sideway_Back_front.png","width":800,"height":800},{"@type":"BreadcrumbList","@id":"https:\/\/koningdrone.be\/es\/producto\/anker-solix-solarbank-e1600-2\/#breadcrumb","itemListElement":[{"@type":"ListItem","position":1,"name":"Home","item":"https:\/\/koningdrone.be\/"},{"@type":"ListItem","position":2,"name":"AVSS Parachute Recovery System for DJI Matrice 300\/350","item":"https:\/\/koningdrone.be\/product\/avss-parachute-recovery-system-for-dji-matrice-300-350\/"},{"@type":"ListItem","position":3,"name":"Alle producten","item":"https:\/\/koningdrone.be\/categorie\/alle-producten\/"},{"@type":"ListItem","position":4,"name":"Anker SOLIX Solarbank E1600"}]},{"@type":"WebSite","@id":"https:\/\/koningdrone.be\/#website","url":"https:\/\/koningdrone.be\/","name":"Koningdrone.be - Su especialista en l\u00ednea en drones, cardanes, c\u00e1maras y centrales el\u00e9ctricas.","description":"La tienda virtual de drones y cardanes","publisher":{"@id":"https:\/\/koningdrone.be\/#organization"},"potentialAction":[{"@type":"SearchAction","target":{"@type":"EntryPoint","urlTemplate":"https:\/\/koningdrone.be\/?s={search_term_string}"},"query-input":{"@type":"PropertyValueSpecification","valueRequired":true,"valueName":"search_term_string"}}],"inLanguage":"es"},{"@type":"Organization","@id":"https:\/\/koningdrone.be\/#organization","name":"Kingdrone.es","url":"https:\/\/koningdrone.be\/","logo":{"@type":"ImageObject","inLanguage":"es","@id":"https:\/\/koningdrone.be\/#\/schema\/logo\/image\/","url":"https:\/\/koningdrone.be\/wp-content\/uploads\/sites\/13\/2025\/04\/koningdrone-copyright-logo.svg","contentUrl":"https:\/\/koningdrone.be\/wp-content\/uploads\/sites\/13\/2025\/04\/koningdrone-copyright-logo.svg","width":227,"height":38,"caption":"Koningdrone.be"},"image":{"@id":"https:\/\/koningdrone.be\/#\/schema\/logo\/image\/"}}]}},"df_price":"","df_sale_price":"","df_regular_price":"","df_image_link":"https:\/\/koningdrone.be\/wp-content\/uploads\/sites\/13\/2026\/01\/2024_09_Anker_Solix_Solarbank_E1600_Sideway_Back_front-300x300.png","_links":{"self":[{"href":"https:\/\/koningdrone.be\/es\/wp-json\/wp\/v2\/product\/16170","targetHints":{"allow":["GET"]}}],"collection":[{"href":"https:\/\/koningdrone.be\/es\/wp-json\/wp\/v2\/product"}],"about":[{"href":"https:\/\/koningdrone.be\/es\/wp-json\/wp\/v2\/types\/product"}],"wp:featuredmedia":[{"embeddable":true,"href":"https:\/\/koningdrone.be\/es\/wp-json\/wp\/v2\/media\/16166"}],"wp:attachment":[{"href":"https:\/\/koningdrone.be\/es\/wp-json\/wp\/v2\/media?parent=16170"}],"wp:term":[{"taxonomy":"product_brand","embeddable":true,"href":"https:\/\/koningdrone.be\/es\/wp-json\/wp\/v2\/product_brand?post=16170"},{"taxonomy":"product_cat","embeddable":true,"href":"https:\/\/koningdrone.be\/es\/wp-json\/wp\/v2\/product_cat?post=16170"},{"taxonomy":"product_tag","embeddable":true,"href":"https:\/\/koningdrone.be\/es\/wp-json\/wp\/v2\/product_tag?post=16170"}],"curies":[{"name":"wp","href":"https:\/\/api.w.org\/{rel}","templated":true}]}}