{"id":16128,"date":"2025-09-01T15:52:49","date_gmt":"2025-09-01T13:52:49","guid":{"rendered":"https:\/\/koningdrone.be\/product\/anker-solix-f3800\/"},"modified":"2025-09-01T15:52:49","modified_gmt":"2025-09-01T13:52:49","slug":"anker-solix-f3800","status":"publish","type":"product","link":"https:\/\/koningdrone.be\/es\/producto\/anker-solix-f3800\/","title":{"rendered":"Ancla SOLIX F3800"},"content":{"rendered":"<h2>Anchor SOLIX F3800 Central el\u00e9ctrica<\/h2>\n<p><strong>Potencia extrema para uso dom\u00e9stico, en exteriores y en emergencias.<\/strong><\/p>\n<p>En <strong>Ancla SOLIX F3800<\/strong> es una potente central el\u00e9ctrica port\u00e1til dise\u00f1ada como <strong>soluci\u00f3n de copia de seguridad dom\u00e9stica<\/strong> y para <strong>aplicaciones de exterior<\/strong>. Con una enorme <strong>capacidad de 3,84 kWh<\/strong> (ampliable hasta 26,9 kWh) y un <strong>Potencia de CA de 6.000 W<\/strong> esta unidad es capaz de alimentar sin esfuerzo incluso electrodom\u00e9sticos pesados y elementos esenciales del hogar durante apagones o situaciones de desconexi\u00f3n de la red el\u00e9ctrica.<\/p>\n<p>Gracias a <strong>apoyo solar<\/strong>, un sistema integrado <strong>Funci\u00f3n SAI<\/strong> y compatibilidad con autocaravanas e instalaciones dom\u00e9sticas, el F3800 ofrece la m\u00e1xima <strong>flexibilidad, fiabilidad y seguridad<\/strong>. Si quiere estar preparado para una emergencia, vivir sin conexi\u00f3n a la red el\u00e9ctrica o hacer funcionar su autocaravana independientemente de la red, esta soluci\u00f3n le ofrece <strong>tranquilidad y rendimiento<\/strong> en el distintivo dise\u00f1o Anchor.<\/p>","protected":false},"excerpt":{"rendered":"<ul>\n<li><strong>Energ\u00eda de reserva fiable:<\/strong> mantiene su casa en funcionamiento durante los cortes de electricidad<\/li>\n<li><strong>Uso flexible:<\/strong> apto para uso interior y exterior<\/li>\n<li><strong>Integraci\u00f3n solar:<\/strong> compatible con paneles solares para un suministro energ\u00e9tico sostenible<\/li>\n<li><strong>Dise\u00f1o port\u00e1til:<\/strong> f\u00e1cil de mover a pesar de su gran capacidad energ\u00e9tica<\/li>\n<li><strong>Potencia para equipos pesados:<\/strong> Alimenta f\u00e1cilmente dispositivos esenciales y potentes<\/li>\n<li><strong>Gesti\u00f3n inteligente:<\/strong> soporte de aplicaciones para supervisi\u00f3n y control remotos<\/li>\n<li><strong>Construcci\u00f3n sostenible:<\/strong> los materiales de alta calidad garantizan un rendimiento duradero<\/li>\n<\/ul>","protected":false},"featured_media":16118,"template":"","meta":{"_acf_changed":false},"product_brand":[],"product_cat":[97,197,1701],"product_tag":[],"class_list":{"0":"post-16128","1":"product","2":"type-product","3":"status-publish","4":"has-post-thumbnail","6":"product_cat-alle-producten","7":"product_cat-anker","8":"product_cat-anker-bluetti","9":"pa_brand-anker","10":"pa_producttype-draagbare-energiecentrale","12":"first","13":"outofstock","14":"taxable","15":"shipping-taxable","16":"product-type-simple"},"acf":[],"yoast_head":"<!-- This site is optimized with the Yoast SEO Premium plugin v27.2 (Yoast SEO v27.2) - https:\/\/yoast.com\/product\/yoast-seo-premium-wordpress\/ -->\n<title>Anker SOLIX F3800 - koningdrone.be<\/title>\n<meta name=\"robots\" content=\"index, follow, max-snippet:-1, max-image-preview:large, max-video-preview:-1\" \/>\n<link rel=\"canonical\" href=\"https:\/\/koningdrone.be\/es\/producto\/anker-solix-f3800\/\" \/>\n<meta property=\"og:locale\" content=\"es_ES\" \/>\n<meta property=\"og:type\" content=\"article\" \/>\n<meta property=\"og:title\" content=\"Anker SOLIX F3800\" \/>\n<meta property=\"og:description\" content=\"Betrouwbare back-upstroom: houdt je huis draaiende tijdens stroomuitval  Flexibel in gebruik: geschikt voor zowel binnen- als buitengebruik  Zonne-integratie: compatibel met zonnepanelen voor duurzame energievoorziening  Draagbaar ontwerp: eenvoudig te verplaatsen ondanks de grote energiecapaciteit  Vermogen voor zware apparatuur: voorziet moeiteloos essenti\u00eble en krachtige apparaten van stroom  Slim beheer: app-ondersteuning voor monitoring en bediening op afstand  Duurzaam gebouwd: hoogwaardige materialen garanderen langdurige prestaties\" \/>\n<meta property=\"og:url\" content=\"https:\/\/koningdrone.be\/es\/producto\/anker-solix-f3800\/\" \/>\n<meta property=\"og:site_name\" content=\"koningdrone.be\" \/>\n<meta property=\"og:image\" content=\"https:\/\/koningdrone.be\/wp-content\/uploads\/sites\/13\/2026\/01\/anker-solix-F3800-portable-power-station-03-20240105.jpg\" \/>\n\t<meta property=\"og:image:width\" content=\"800\" \/>\n\t<meta property=\"og:image:height\" content=\"800\" \/>\n\t<meta property=\"og:image:type\" content=\"image\/jpeg\" \/>\n<meta name=\"twitter:card\" content=\"summary_large_image\" \/>\n<meta name=\"twitter:label1\" content=\"Tiempo de lectura\" \/>\n\t<meta name=\"twitter:data1\" content=\"1 minuto\" \/>\n<script type=\"application\/ld+json\" class=\"yoast-schema-graph\">{\"@context\":\"https:\/\/schema.org\",\"@graph\":[{\"@type\":\"WebPage\",\"@id\":\"https:\/\/koningdrone.be\/en\/product\/anker-solix-f3800\/\",\"url\":\"https:\/\/koningdrone.be\/en\/product\/anker-solix-f3800\/\",\"name\":\"Anker SOLIX F3800 - koningdrone.be\",\"isPartOf\":{\"@id\":\"https:\/\/koningdrone.be\/#website\"},\"primaryImageOfPage\":{\"@id\":\"https:\/\/koningdrone.be\/en\/product\/anker-solix-f3800\/#primaryimage\"},\"image\":{\"@id\":\"https:\/\/koningdrone.be\/en\/product\/anker-solix-f3800\/#primaryimage\"},\"thumbnailUrl\":\"https:\/\/koningdrone.be\/wp-content\/uploads\/sites\/13\/2026\/01\/anker-solix-F3800-portable-power-station-03-20240105.jpg\",\"datePublished\":\"2025-09-01T13:52:49+00:00\",\"breadcrumb\":{\"@id\":\"https:\/\/koningdrone.be\/en\/product\/anker-solix-f3800\/#breadcrumb\"},\"inLanguage\":\"es\",\"potentialAction\":[{\"@type\":\"ReadAction\",\"target\":[\"https:\/\/koningdrone.be\/en\/product\/anker-solix-f3800\/\"]}]},{\"@type\":\"ImageObject\",\"inLanguage\":\"es\",\"@id\":\"https:\/\/koningdrone.be\/en\/product\/anker-solix-f3800\/#primaryimage\",\"url\":\"https:\/\/koningdrone.be\/wp-content\/uploads\/sites\/13\/2026\/01\/anker-solix-F3800-portable-power-station-03-20240105.jpg\",\"contentUrl\":\"https:\/\/koningdrone.be\/wp-content\/uploads\/sites\/13\/2026\/01\/anker-solix-F3800-portable-power-station-03-20240105.jpg\",\"width\":800,\"height\":800},{\"@type\":\"BreadcrumbList\",\"@id\":\"https:\/\/koningdrone.be\/en\/product\/anker-solix-f3800\/#breadcrumb\",\"itemListElement\":[{\"@type\":\"ListItem\",\"position\":1,\"name\":\"Home\",\"item\":\"https:\/\/koningdrone.be\/\"},{\"@type\":\"ListItem\",\"position\":2,\"name\":\"AVSS Parachute Recovery System for DJI Matrice 300\/350\",\"item\":\"https:\/\/koningdrone.be\/product\/avss-parachute-recovery-system-for-dji-matrice-300-350\/\"},{\"@type\":\"ListItem\",\"position\":3,\"name\":\"Alle producten\",\"item\":\"https:\/\/koningdrone.be\/categorie\/alle-producten\/\"},{\"@type\":\"ListItem\",\"position\":4,\"name\":\"Anker SOLIX F3800\"}]},{\"@type\":\"WebSite\",\"@id\":\"https:\/\/koningdrone.be\/#website\",\"url\":\"https:\/\/koningdrone.be\/\",\"name\":\"Koningdrone.be - Uw online specialist in drones, gimbals, camera's en power stations.\",\"description\":\"De webshop in drones en gimbals\",\"publisher\":{\"@id\":\"https:\/\/koningdrone.be\/#organization\"},\"potentialAction\":[{\"@type\":\"SearchAction\",\"target\":{\"@type\":\"EntryPoint\",\"urlTemplate\":\"https:\/\/koningdrone.be\/?s={search_term_string}\"},\"query-input\":{\"@type\":\"PropertyValueSpecification\",\"valueRequired\":true,\"valueName\":\"search_term_string\"}}],\"inLanguage\":\"es\"},{\"@type\":\"Organization\",\"@id\":\"https:\/\/koningdrone.be\/#organization\",\"name\":\"Koningdrone.be\",\"url\":\"https:\/\/koningdrone.be\/\",\"logo\":{\"@type\":\"ImageObject\",\"inLanguage\":\"es\",\"@id\":\"https:\/\/koningdrone.be\/#\/schema\/logo\/image\/\",\"url\":\"https:\/\/koningdrone.be\/wp-content\/uploads\/sites\/13\/2025\/04\/koningdrone-copyright-logo.svg\",\"contentUrl\":\"https:\/\/koningdrone.be\/wp-content\/uploads\/sites\/13\/2025\/04\/koningdrone-copyright-logo.svg\",\"width\":227,\"height\":38,\"caption\":\"Koningdrone.be\"},\"image\":{\"@id\":\"https:\/\/koningdrone.be\/#\/schema\/logo\/image\/\"}}]}<\/script>\n<!-- \/ Yoast SEO Premium plugin. -->","yoast_head_json":{"title":"Anker SOLIX F3800 - koningdrone.be","robots":{"index":"index","follow":"follow","max-snippet":"max-snippet:-1","max-image-preview":"max-image-preview:large","max-video-preview":"max-video-preview:-1"},"canonical":"https:\/\/koningdrone.be\/es\/producto\/anker-solix-f3800\/","og_locale":"es_ES","og_type":"article","og_title":"Anker SOLIX F3800","og_description":"Betrouwbare back-upstroom: houdt je huis draaiende tijdens stroomuitval  Flexibel in gebruik: geschikt voor zowel binnen- als buitengebruik  Zonne-integratie: compatibel met zonnepanelen voor duurzame energievoorziening  Draagbaar ontwerp: eenvoudig te verplaatsen ondanks de grote energiecapaciteit  Vermogen voor zware apparatuur: voorziet moeiteloos essenti\u00eble en krachtige apparaten van stroom  Slim beheer: app-ondersteuning voor monitoring en bediening op afstand  Duurzaam gebouwd: hoogwaardige materialen garanderen langdurige prestaties","og_url":"https:\/\/koningdrone.be\/es\/producto\/anker-solix-f3800\/","og_site_name":"koningdrone.be","og_image":[{"width":800,"height":800,"url":"https:\/\/koningdrone.be\/wp-content\/uploads\/sites\/13\/2026\/01\/anker-solix-F3800-portable-power-station-03-20240105.jpg","type":"image\/jpeg"}],"twitter_card":"summary_large_image","twitter_misc":{"Tiempo de lectura":"1 minuto"},"schema":{"@context":"https:\/\/schema.org","@graph":[{"@type":"WebPage","@id":"https:\/\/koningdrone.be\/en\/product\/anker-solix-f3800\/","url":"https:\/\/koningdrone.be\/en\/product\/anker-solix-f3800\/","name":"Anker SOLIX F3800 - koningdrone.be","isPartOf":{"@id":"https:\/\/koningdrone.be\/#website"},"primaryImageOfPage":{"@id":"https:\/\/koningdrone.be\/en\/product\/anker-solix-f3800\/#primaryimage"},"image":{"@id":"https:\/\/koningdrone.be\/en\/product\/anker-solix-f3800\/#primaryimage"},"thumbnailUrl":"https:\/\/koningdrone.be\/wp-content\/uploads\/sites\/13\/2026\/01\/anker-solix-F3800-portable-power-station-03-20240105.jpg","datePublished":"2025-09-01T13:52:49+00:00","breadcrumb":{"@id":"https:\/\/koningdrone.be\/en\/product\/anker-solix-f3800\/#breadcrumb"},"inLanguage":"es","potentialAction":[{"@type":"ReadAction","target":["https:\/\/koningdrone.be\/en\/product\/anker-solix-f3800\/"]}]},{"@type":"ImageObject","inLanguage":"es","@id":"https:\/\/koningdrone.be\/en\/product\/anker-solix-f3800\/#primaryimage","url":"https:\/\/koningdrone.be\/wp-content\/uploads\/sites\/13\/2026\/01\/anker-solix-F3800-portable-power-station-03-20240105.jpg","contentUrl":"https:\/\/koningdrone.be\/wp-content\/uploads\/sites\/13\/2026\/01\/anker-solix-F3800-portable-power-station-03-20240105.jpg","width":800,"height":800},{"@type":"BreadcrumbList","@id":"https:\/\/koningdrone.be\/en\/product\/anker-solix-f3800\/#breadcrumb","itemListElement":[{"@type":"ListItem","position":1,"name":"Home","item":"https:\/\/koningdrone.be\/"},{"@type":"ListItem","position":2,"name":"AVSS Parachute Recovery System for DJI Matrice 300\/350","item":"https:\/\/koningdrone.be\/product\/avss-parachute-recovery-system-for-dji-matrice-300-350\/"},{"@type":"ListItem","position":3,"name":"Alle producten","item":"https:\/\/koningdrone.be\/categorie\/alle-producten\/"},{"@type":"ListItem","position":4,"name":"Anker SOLIX F3800"}]},{"@type":"WebSite","@id":"https:\/\/koningdrone.be\/#website","url":"https:\/\/koningdrone.be\/","name":"Koningdrone.be - Su especialista en l\u00ednea en drones, cardanes, c\u00e1maras y centrales el\u00e9ctricas.","description":"La tienda virtual de drones y cardanes","publisher":{"@id":"https:\/\/koningdrone.be\/#organization"},"potentialAction":[{"@type":"SearchAction","target":{"@type":"EntryPoint","urlTemplate":"https:\/\/koningdrone.be\/?s={search_term_string}"},"query-input":{"@type":"PropertyValueSpecification","valueRequired":true,"valueName":"search_term_string"}}],"inLanguage":"es"},{"@type":"Organization","@id":"https:\/\/koningdrone.be\/#organization","name":"Kingdrone.es","url":"https:\/\/koningdrone.be\/","logo":{"@type":"ImageObject","inLanguage":"es","@id":"https:\/\/koningdrone.be\/#\/schema\/logo\/image\/","url":"https:\/\/koningdrone.be\/wp-content\/uploads\/sites\/13\/2025\/04\/koningdrone-copyright-logo.svg","contentUrl":"https:\/\/koningdrone.be\/wp-content\/uploads\/sites\/13\/2025\/04\/koningdrone-copyright-logo.svg","width":227,"height":38,"caption":"Koningdrone.be"},"image":{"@id":"https:\/\/koningdrone.be\/#\/schema\/logo\/image\/"}}]}},"df_price":"","df_sale_price":"","df_regular_price":"","df_image_link":"https:\/\/koningdrone.be\/wp-content\/uploads\/sites\/13\/2026\/01\/anker-solix-F3800-portable-power-station-03-20240105-300x300.jpg","_links":{"self":[{"href":"https:\/\/koningdrone.be\/es\/wp-json\/wp\/v2\/product\/16128","targetHints":{"allow":["GET"]}}],"collection":[{"href":"https:\/\/koningdrone.be\/es\/wp-json\/wp\/v2\/product"}],"about":[{"href":"https:\/\/koningdrone.be\/es\/wp-json\/wp\/v2\/types\/product"}],"wp:featuredmedia":[{"embeddable":true,"href":"https:\/\/koningdrone.be\/es\/wp-json\/wp\/v2\/media\/16118"}],"wp:attachment":[{"href":"https:\/\/koningdrone.be\/es\/wp-json\/wp\/v2\/media?parent=16128"}],"wp:term":[{"taxonomy":"product_brand","embeddable":true,"href":"https:\/\/koningdrone.be\/es\/wp-json\/wp\/v2\/product_brand?post=16128"},{"taxonomy":"product_cat","embeddable":true,"href":"https:\/\/koningdrone.be\/es\/wp-json\/wp\/v2\/product_cat?post=16128"},{"taxonomy":"product_tag","embeddable":true,"href":"https:\/\/koningdrone.be\/es\/wp-json\/wp\/v2\/product_tag?post=16128"}],"curies":[{"name":"wp","href":"https:\/\/api.w.org\/{rel}","templated":true}]}}