{"id":16117,"date":"2025-09-01T15:54:28","date_gmt":"2025-09-01T13:54:28","guid":{"rendered":"https:\/\/koningdrone.be\/product\/anker-solix-f2000\/"},"modified":"2025-09-01T15:54:28","modified_gmt":"2025-09-01T13:54:28","slug":"anker-solix-f2000","status":"publish","type":"product","link":"https:\/\/koningdrone.be\/es\/producto\/anker-solix-f2000\/","title":{"rendered":"Ancla SOLIX F2000"},"content":{"rendered":"<h2>Central el\u00e9ctrica port\u00e1til Anchor SOLIX F2000<\/h2>\n<p><strong>Energ\u00eda poderosa dondequiera que est\u00e9s.<\/strong><\/p>\n<p>En <strong>Ancla SOLIX F2000<\/strong> es un <strong>central el\u00e9ctrica port\u00e1til vers\u00e1til y fiable<\/strong> que es perfecto para <strong>uso dom\u00e9stico como copia de seguridad<\/strong>, para <strong>uso en exteriores durante aventuras<\/strong>, o para quienes viven completamente aislados de la red. Con un <strong>Bater\u00eda LiFePO\u2084 de alta capacidad<\/strong> y robustas opciones de salida, esta central el\u00e9ctrica es capaz de alimentar con fiabilidad aparatos esenciales como frigor\u00edficos, equipos m\u00e9dicos y ordenadores port\u00e1tiles.<\/p>\n<p>El F2000 admite <strong>carga solar<\/strong> y tiene <strong>control inteligente a trav\u00e9s de una aplicaci\u00f3n m\u00f3vil<\/strong>, que permite controlar y gestionar el consumo de energ\u00eda en tiempo real. Su robusto dise\u00f1o garantiza la durabilidad en cualquier entorno, desde la comodidad de tu hogar hasta la naturaleza m\u00e1s agreste.<\/p>\n<p>Con el SOLIX F2000, siempre estar\u00e1 conectado, est\u00e9 donde est\u00e9.<\/p>","protected":false},"excerpt":{"rendered":"<ul>\n<li><strong>Energ\u00eda de reserva fiable:<\/strong> apto para uso dom\u00e9stico y exterior<\/li>\n<li><strong>Apoyo solar:<\/strong> cargas mediante paneles solares para una fuente de energ\u00eda sostenible<\/li>\n<li><strong>Fuente de alimentaci\u00f3n para dispositivos esenciales:<\/strong> alimenta peque\u00f1os electrodom\u00e9sticos y aparatos de soporte vital<\/li>\n<li><strong>Bater\u00eda duradera:<\/strong> Construido con tecnolog\u00eda LiFePO\u2084 para mayor seguridad y larga vida \u00fatil.<\/li>\n<li><strong>Control inteligente de aplicaciones:<\/strong> supervisi\u00f3n y control en tiempo real mediante Bluetooth o WiFi<\/li>\n<li><strong>Compacto y port\u00e1til:<\/strong> f\u00e1cil de transportar para un uso m\u00f3vil<\/li>\n<\/ul>","protected":false},"featured_media":16100,"template":"","meta":{"_acf_changed":false},"product_brand":[],"product_cat":[97,197,1701],"product_tag":[],"class_list":{"0":"post-16117","1":"product","2":"type-product","3":"status-publish","4":"has-post-thumbnail","6":"product_cat-alle-producten","7":"product_cat-anker","8":"product_cat-anker-bluetti","9":"pa_brand-anker","10":"pa_producttype-draagbare-energiecentrale","12":"first","13":"outofstock","14":"taxable","15":"shipping-taxable","16":"product-type-simple"},"acf":[],"yoast_head":"<!-- This site is optimized with the Yoast SEO Premium plugin v27.2 (Yoast SEO v27.2) - https:\/\/yoast.com\/product\/yoast-seo-premium-wordpress\/ -->\n<title>Anker SOLIX F2000 - koningdrone.be<\/title>\n<meta name=\"robots\" content=\"index, follow, max-snippet:-1, max-image-preview:large, max-video-preview:-1\" \/>\n<link rel=\"canonical\" href=\"https:\/\/koningdrone.be\/es\/producto\/anker-solix-f2000\/\" \/>\n<meta property=\"og:locale\" content=\"es_ES\" \/>\n<meta property=\"og:type\" content=\"article\" \/>\n<meta property=\"og:title\" content=\"Anker SOLIX F2000\" \/>\n<meta property=\"og:description\" content=\"Betrouwbare back-upstroom: geschikt voor thuisgebruik \u00e9n buitentoepassingen  Zonne-energie ondersteuning: laadt op via zonnepanelen voor een duurzame energiebron  Stroomvoorziening voor essenti\u00eble apparaten: voedt kleine huishoudelijke en levensondersteunende apparaten  Duurzame batterij: gebouwd met LiFePO\u2084-technologie voor veiligheid en een lange levensduur  Smart app-bediening: real-time bewaking en controle via Bluetooth of WiFi  Compact en draagbaar: gemakkelijk mee te nemen voor mobiel gebruik\" \/>\n<meta property=\"og:url\" content=\"https:\/\/koningdrone.be\/es\/producto\/anker-solix-f2000\/\" \/>\n<meta property=\"og:site_name\" content=\"koningdrone.be\" \/>\n<meta property=\"og:image\" content=\"https:\/\/koningdrone.be\/wp-content\/uploads\/sites\/13\/2026\/01\/powerhouse-767_eu_de_1_1_50993efb-c206-4b28-b93e-139fd2054a20_3840x-scaled-1.png\" \/>\n\t<meta property=\"og:image:width\" content=\"2048\" \/>\n\t<meta property=\"og:image:height\" content=\"2048\" \/>\n\t<meta property=\"og:image:type\" content=\"image\/png\" \/>\n<meta name=\"twitter:card\" content=\"summary_large_image\" \/>\n<meta name=\"twitter:label1\" content=\"Tiempo de lectura\" \/>\n\t<meta name=\"twitter:data1\" content=\"1 minuto\" \/>\n<script type=\"application\/ld+json\" class=\"yoast-schema-graph\">{\"@context\":\"https:\/\/schema.org\",\"@graph\":[{\"@type\":\"WebPage\",\"@id\":\"https:\/\/koningdrone.be\/en\/product\/anker-solix-f2000\/\",\"url\":\"https:\/\/koningdrone.be\/en\/product\/anker-solix-f2000\/\",\"name\":\"Anker SOLIX F2000 - koningdrone.be\",\"isPartOf\":{\"@id\":\"https:\/\/koningdrone.be\/#website\"},\"primaryImageOfPage\":{\"@id\":\"https:\/\/koningdrone.be\/en\/product\/anker-solix-f2000\/#primaryimage\"},\"image\":{\"@id\":\"https:\/\/koningdrone.be\/en\/product\/anker-solix-f2000\/#primaryimage\"},\"thumbnailUrl\":\"https:\/\/koningdrone.be\/wp-content\/uploads\/sites\/13\/2026\/01\/powerhouse-767_eu_de_1_1_50993efb-c206-4b28-b93e-139fd2054a20_3840x-scaled-1.png\",\"datePublished\":\"2025-09-01T13:54:28+00:00\",\"breadcrumb\":{\"@id\":\"https:\/\/koningdrone.be\/en\/product\/anker-solix-f2000\/#breadcrumb\"},\"inLanguage\":\"es\",\"potentialAction\":[{\"@type\":\"ReadAction\",\"target\":[\"https:\/\/koningdrone.be\/en\/product\/anker-solix-f2000\/\"]}]},{\"@type\":\"ImageObject\",\"inLanguage\":\"es\",\"@id\":\"https:\/\/koningdrone.be\/en\/product\/anker-solix-f2000\/#primaryimage\",\"url\":\"https:\/\/koningdrone.be\/wp-content\/uploads\/sites\/13\/2026\/01\/powerhouse-767_eu_de_1_1_50993efb-c206-4b28-b93e-139fd2054a20_3840x-scaled-1.png\",\"contentUrl\":\"https:\/\/koningdrone.be\/wp-content\/uploads\/sites\/13\/2026\/01\/powerhouse-767_eu_de_1_1_50993efb-c206-4b28-b93e-139fd2054a20_3840x-scaled-1.png\",\"width\":2048,\"height\":2048},{\"@type\":\"BreadcrumbList\",\"@id\":\"https:\/\/koningdrone.be\/en\/product\/anker-solix-f2000\/#breadcrumb\",\"itemListElement\":[{\"@type\":\"ListItem\",\"position\":1,\"name\":\"Home\",\"item\":\"https:\/\/koningdrone.be\/\"},{\"@type\":\"ListItem\",\"position\":2,\"name\":\"AVSS Parachute Recovery System for DJI Matrice 300\/350\",\"item\":\"https:\/\/koningdrone.be\/product\/avss-parachute-recovery-system-for-dji-matrice-300-350\/\"},{\"@type\":\"ListItem\",\"position\":3,\"name\":\"Alle producten\",\"item\":\"https:\/\/koningdrone.be\/categorie\/alle-producten\/\"},{\"@type\":\"ListItem\",\"position\":4,\"name\":\"Anker SOLIX F2000\"}]},{\"@type\":\"WebSite\",\"@id\":\"https:\/\/koningdrone.be\/#website\",\"url\":\"https:\/\/koningdrone.be\/\",\"name\":\"Koningdrone.be - Uw online specialist in drones, gimbals, camera's en power stations.\",\"description\":\"De webshop in drones en gimbals\",\"publisher\":{\"@id\":\"https:\/\/koningdrone.be\/#organization\"},\"potentialAction\":[{\"@type\":\"SearchAction\",\"target\":{\"@type\":\"EntryPoint\",\"urlTemplate\":\"https:\/\/koningdrone.be\/?s={search_term_string}\"},\"query-input\":{\"@type\":\"PropertyValueSpecification\",\"valueRequired\":true,\"valueName\":\"search_term_string\"}}],\"inLanguage\":\"es\"},{\"@type\":\"Organization\",\"@id\":\"https:\/\/koningdrone.be\/#organization\",\"name\":\"Koningdrone.be\",\"url\":\"https:\/\/koningdrone.be\/\",\"logo\":{\"@type\":\"ImageObject\",\"inLanguage\":\"es\",\"@id\":\"https:\/\/koningdrone.be\/#\/schema\/logo\/image\/\",\"url\":\"https:\/\/koningdrone.be\/wp-content\/uploads\/sites\/13\/2025\/04\/koningdrone-copyright-logo.svg\",\"contentUrl\":\"https:\/\/koningdrone.be\/wp-content\/uploads\/sites\/13\/2025\/04\/koningdrone-copyright-logo.svg\",\"width\":227,\"height\":38,\"caption\":\"Koningdrone.be\"},\"image\":{\"@id\":\"https:\/\/koningdrone.be\/#\/schema\/logo\/image\/\"}}]}<\/script>\n<!-- \/ Yoast SEO Premium plugin. -->","yoast_head_json":{"title":"Anker SOLIX F2000 - koningdrone.be","robots":{"index":"index","follow":"follow","max-snippet":"max-snippet:-1","max-image-preview":"max-image-preview:large","max-video-preview":"max-video-preview:-1"},"canonical":"https:\/\/koningdrone.be\/es\/producto\/anker-solix-f2000\/","og_locale":"es_ES","og_type":"article","og_title":"Anker SOLIX F2000","og_description":"Betrouwbare back-upstroom: geschikt voor thuisgebruik \u00e9n buitentoepassingen  Zonne-energie ondersteuning: laadt op via zonnepanelen voor een duurzame energiebron  Stroomvoorziening voor essenti\u00eble apparaten: voedt kleine huishoudelijke en levensondersteunende apparaten  Duurzame batterij: gebouwd met LiFePO\u2084-technologie voor veiligheid en een lange levensduur  Smart app-bediening: real-time bewaking en controle via Bluetooth of WiFi  Compact en draagbaar: gemakkelijk mee te nemen voor mobiel gebruik","og_url":"https:\/\/koningdrone.be\/es\/producto\/anker-solix-f2000\/","og_site_name":"koningdrone.be","og_image":[{"width":2048,"height":2048,"url":"https:\/\/koningdrone.be\/wp-content\/uploads\/sites\/13\/2026\/01\/powerhouse-767_eu_de_1_1_50993efb-c206-4b28-b93e-139fd2054a20_3840x-scaled-1.png","type":"image\/png"}],"twitter_card":"summary_large_image","twitter_misc":{"Tiempo de lectura":"1 minuto"},"schema":{"@context":"https:\/\/schema.org","@graph":[{"@type":"WebPage","@id":"https:\/\/koningdrone.be\/en\/product\/anker-solix-f2000\/","url":"https:\/\/koningdrone.be\/en\/product\/anker-solix-f2000\/","name":"Anker SOLIX F2000 - koningdrone.be","isPartOf":{"@id":"https:\/\/koningdrone.be\/#website"},"primaryImageOfPage":{"@id":"https:\/\/koningdrone.be\/en\/product\/anker-solix-f2000\/#primaryimage"},"image":{"@id":"https:\/\/koningdrone.be\/en\/product\/anker-solix-f2000\/#primaryimage"},"thumbnailUrl":"https:\/\/koningdrone.be\/wp-content\/uploads\/sites\/13\/2026\/01\/powerhouse-767_eu_de_1_1_50993efb-c206-4b28-b93e-139fd2054a20_3840x-scaled-1.png","datePublished":"2025-09-01T13:54:28+00:00","breadcrumb":{"@id":"https:\/\/koningdrone.be\/en\/product\/anker-solix-f2000\/#breadcrumb"},"inLanguage":"es","potentialAction":[{"@type":"ReadAction","target":["https:\/\/koningdrone.be\/en\/product\/anker-solix-f2000\/"]}]},{"@type":"ImageObject","inLanguage":"es","@id":"https:\/\/koningdrone.be\/en\/product\/anker-solix-f2000\/#primaryimage","url":"https:\/\/koningdrone.be\/wp-content\/uploads\/sites\/13\/2026\/01\/powerhouse-767_eu_de_1_1_50993efb-c206-4b28-b93e-139fd2054a20_3840x-scaled-1.png","contentUrl":"https:\/\/koningdrone.be\/wp-content\/uploads\/sites\/13\/2026\/01\/powerhouse-767_eu_de_1_1_50993efb-c206-4b28-b93e-139fd2054a20_3840x-scaled-1.png","width":2048,"height":2048},{"@type":"BreadcrumbList","@id":"https:\/\/koningdrone.be\/en\/product\/anker-solix-f2000\/#breadcrumb","itemListElement":[{"@type":"ListItem","position":1,"name":"Home","item":"https:\/\/koningdrone.be\/"},{"@type":"ListItem","position":2,"name":"AVSS Parachute Recovery System for DJI Matrice 300\/350","item":"https:\/\/koningdrone.be\/product\/avss-parachute-recovery-system-for-dji-matrice-300-350\/"},{"@type":"ListItem","position":3,"name":"Alle producten","item":"https:\/\/koningdrone.be\/categorie\/alle-producten\/"},{"@type":"ListItem","position":4,"name":"Anker SOLIX F2000"}]},{"@type":"WebSite","@id":"https:\/\/koningdrone.be\/#website","url":"https:\/\/koningdrone.be\/","name":"Koningdrone.be - Su especialista en l\u00ednea en drones, cardanes, c\u00e1maras y centrales el\u00e9ctricas.","description":"La tienda virtual de drones y cardanes","publisher":{"@id":"https:\/\/koningdrone.be\/#organization"},"potentialAction":[{"@type":"SearchAction","target":{"@type":"EntryPoint","urlTemplate":"https:\/\/koningdrone.be\/?s={search_term_string}"},"query-input":{"@type":"PropertyValueSpecification","valueRequired":true,"valueName":"search_term_string"}}],"inLanguage":"es"},{"@type":"Organization","@id":"https:\/\/koningdrone.be\/#organization","name":"Kingdrone.es","url":"https:\/\/koningdrone.be\/","logo":{"@type":"ImageObject","inLanguage":"es","@id":"https:\/\/koningdrone.be\/#\/schema\/logo\/image\/","url":"https:\/\/koningdrone.be\/wp-content\/uploads\/sites\/13\/2025\/04\/koningdrone-copyright-logo.svg","contentUrl":"https:\/\/koningdrone.be\/wp-content\/uploads\/sites\/13\/2025\/04\/koningdrone-copyright-logo.svg","width":227,"height":38,"caption":"Koningdrone.be"},"image":{"@id":"https:\/\/koningdrone.be\/#\/schema\/logo\/image\/"}}]}},"df_price":"","df_sale_price":"","df_regular_price":"","df_image_link":"https:\/\/koningdrone.be\/wp-content\/uploads\/sites\/13\/2026\/01\/powerhouse-767_eu_de_1_1_50993efb-c206-4b28-b93e-139fd2054a20_3840x-scaled-1-300x300.png","_links":{"self":[{"href":"https:\/\/koningdrone.be\/es\/wp-json\/wp\/v2\/product\/16117","targetHints":{"allow":["GET"]}}],"collection":[{"href":"https:\/\/koningdrone.be\/es\/wp-json\/wp\/v2\/product"}],"about":[{"href":"https:\/\/koningdrone.be\/es\/wp-json\/wp\/v2\/types\/product"}],"wp:featuredmedia":[{"embeddable":true,"href":"https:\/\/koningdrone.be\/es\/wp-json\/wp\/v2\/media\/16100"}],"wp:attachment":[{"href":"https:\/\/koningdrone.be\/es\/wp-json\/wp\/v2\/media?parent=16117"}],"wp:term":[{"taxonomy":"product_brand","embeddable":true,"href":"https:\/\/koningdrone.be\/es\/wp-json\/wp\/v2\/product_brand?post=16117"},{"taxonomy":"product_cat","embeddable":true,"href":"https:\/\/koningdrone.be\/es\/wp-json\/wp\/v2\/product_cat?post=16117"},{"taxonomy":"product_tag","embeddable":true,"href":"https:\/\/koningdrone.be\/es\/wp-json\/wp\/v2\/product_tag?post=16117"}],"curies":[{"name":"wp","href":"https:\/\/api.w.org\/{rel}","templated":true}]}}