{"id":16087,"date":"2025-09-01T15:54:28","date_gmt":"2025-09-01T13:54:28","guid":{"rendered":"https:\/\/koningdrone.be\/product\/anker-solix-f1500\/"},"modified":"2025-09-01T15:54:28","modified_gmt":"2025-09-01T13:54:28","slug":"anker-solix-f1500","status":"publish","type":"product","link":"https:\/\/koningdrone.be\/es\/producto\/anker-solix-f1500\/","title":{"rendered":"Ancla SOLIX F1500"},"content":{"rendered":"<h2>Anchor SOLIX F1500 Central El\u00e9ctrica Port\u00e1til<\/h2>\n<p><strong>Siempre poder. Est\u00e9s donde est\u00e9s.<\/strong><\/p>\n<p>En <strong>Ancla SOLIX F1500<\/strong> es un potente y fiable <strong>central el\u00e9ctrica port\u00e1til<\/strong> Dise\u00f1ados para mantener sus dispositivos en funcionamiento, ya est\u00e9 en casa, de aventura o en el lugar de trabajo. Con un <strong>Bater\u00eda LiFePO\u2084 de 1.536 Wh<\/strong> y un <strong>Potencia de CA de 1.800 W<\/strong> esta central el\u00e9ctrica ofrece energ\u00eda suficiente para los dispositivos y herramientas esenciales.<\/p>\n<p>Gracias al apoyo a <strong>carga r\u00e1pida<\/strong>, <strong>compatibilidad solar<\/strong> y varios puertos, entre ellos <strong>CA, USB-C y puerto para coche<\/strong> - suministra el SOLIX F1500 <strong>energ\u00eda limpia, silenciosa y eficiente<\/strong> d\u00f3nde y cu\u00e1ndo lo necesite.<\/p>\n<p>Construido con <strong>La filosof\u00eda de dise\u00f1o sostenible de Anker<\/strong> y equipado con <strong>gesti\u00f3n inteligente de la energ\u00eda<\/strong>, es la soluci\u00f3n ideal para una gran variedad de aplicaciones: desde el suministro el\u00e9ctrico de emergencia hasta el trabajo fuera de la red y las aventuras al aire libre.<\/p>","protected":false},"excerpt":{"rendered":"<ul>\n<li><strong>Energ\u00eda de reserva fiable:<\/strong> alimenta los electrodom\u00e9sticos esenciales durante los cortes de electricidad<\/li>\n<li><strong>Siempre listo:<\/strong> mantiene los dispositivos en funcionamiento durante las salidas, las emergencias o los desplazamientos<\/li>\n<li><strong>Carga r\u00e1pida:<\/strong> te recarga por completo en poco tiempo<\/li>\n<li><strong>Compatibilidad solar:<\/strong> admite la carga sin conexi\u00f3n a la red mediante paneles solares<\/li>\n<li><strong>Robusto y seguro:<\/strong> fabricado con materiales duraderos y protecci\u00f3n avanzada de la bater\u00eda<\/li>\n<li><strong>Funcionamiento silencioso:<\/strong> suministra energ\u00eda limpia sin ruido ni emisiones como los generadores de gas<\/li>\n<li><strong>Dise\u00f1o port\u00e1til:<\/strong> con ruedas de deslizamiento suave y tama\u00f1o compacto para facilitar el transporte<\/li>\n<\/ul>","protected":false},"featured_media":16076,"template":"","meta":{"_acf_changed":false},"product_brand":[],"product_cat":[97,197,1701],"product_tag":[],"class_list":{"0":"post-16087","1":"product","2":"type-product","3":"status-publish","4":"has-post-thumbnail","6":"product_cat-alle-producten","7":"product_cat-anker","8":"product_cat-anker-bluetti","9":"pa_brand-anker","10":"pa_producttype-draagbare-energiecentrale","12":"first","13":"outofstock","14":"taxable","15":"shipping-taxable","16":"product-type-simple"},"acf":[],"yoast_head":"<!-- This site is optimized with the Yoast SEO Premium plugin v27.2 (Yoast SEO v27.2) - https:\/\/yoast.com\/product\/yoast-seo-premium-wordpress\/ -->\n<title>Anker SOLIX F1500 - koningdrone.be<\/title>\n<meta name=\"robots\" content=\"index, follow, max-snippet:-1, max-image-preview:large, max-video-preview:-1\" \/>\n<link rel=\"canonical\" href=\"https:\/\/koningdrone.be\/es\/producto\/anker-solix-f1500\/\" \/>\n<meta property=\"og:locale\" content=\"es_ES\" \/>\n<meta property=\"og:type\" content=\"article\" \/>\n<meta property=\"og:title\" content=\"Anker SOLIX F1500\" \/>\n<meta property=\"og:description\" content=\"Betrouwbare back-upstroom: voorziet essenti\u00eble huishoudelijke apparaten van stroom tijdens stroomuitval  Altijd paraat: houdt je apparaten draaiende tijdens uitstapjes, noodsituaties of onderweg  Snel oplaadbaar: zorgt dat je binnen korte tijd weer volledig bent opgeladen  Zonne-energie compatibiliteit: ondersteunt off-grid opladen via zonnepanelen  Robuust en veilig: gebouwd met duurzame materialen en geavanceerde batterijbeveiliging  Stille werking: levert schone energie zonder lawaai of uitstoot zoals bij gasgeneratoren  Draagbaar ontwerp: voorzien van soepel rollende wielen en compact formaat voor eenvoudig transport\" \/>\n<meta property=\"og:url\" content=\"https:\/\/koningdrone.be\/es\/producto\/anker-solix-f1500\/\" \/>\n<meta property=\"og:site_name\" content=\"koningdrone.be\" \/>\n<meta property=\"og:image\" content=\"https:\/\/koningdrone.be\/wp-content\/uploads\/sites\/13\/2026\/01\/anker-solix-f1500-portable-power-station-01-20240612.jpg\" \/>\n\t<meta property=\"og:image:width\" content=\"800\" \/>\n\t<meta property=\"og:image:height\" content=\"800\" \/>\n\t<meta property=\"og:image:type\" content=\"image\/jpeg\" \/>\n<meta name=\"twitter:card\" content=\"summary_large_image\" \/>\n<meta name=\"twitter:label1\" content=\"Tiempo de lectura\" \/>\n\t<meta name=\"twitter:data1\" content=\"1 minuto\" \/>\n<script type=\"application\/ld+json\" class=\"yoast-schema-graph\">{\"@context\":\"https:\/\/schema.org\",\"@graph\":[{\"@type\":\"WebPage\",\"@id\":\"https:\/\/koningdrone.be\/en\/product\/anker-solix-f1500\/\",\"url\":\"https:\/\/koningdrone.be\/en\/product\/anker-solix-f1500\/\",\"name\":\"Anker SOLIX F1500 - koningdrone.be\",\"isPartOf\":{\"@id\":\"https:\/\/koningdrone.be\/#website\"},\"primaryImageOfPage\":{\"@id\":\"https:\/\/koningdrone.be\/en\/product\/anker-solix-f1500\/#primaryimage\"},\"image\":{\"@id\":\"https:\/\/koningdrone.be\/en\/product\/anker-solix-f1500\/#primaryimage\"},\"thumbnailUrl\":\"https:\/\/koningdrone.be\/wp-content\/uploads\/sites\/13\/2026\/01\/anker-solix-f1500-portable-power-station-01-20240612.jpg\",\"datePublished\":\"2025-09-01T13:54:28+00:00\",\"breadcrumb\":{\"@id\":\"https:\/\/koningdrone.be\/en\/product\/anker-solix-f1500\/#breadcrumb\"},\"inLanguage\":\"es\",\"potentialAction\":[{\"@type\":\"ReadAction\",\"target\":[\"https:\/\/koningdrone.be\/en\/product\/anker-solix-f1500\/\"]}]},{\"@type\":\"ImageObject\",\"inLanguage\":\"es\",\"@id\":\"https:\/\/koningdrone.be\/en\/product\/anker-solix-f1500\/#primaryimage\",\"url\":\"https:\/\/koningdrone.be\/wp-content\/uploads\/sites\/13\/2026\/01\/anker-solix-f1500-portable-power-station-01-20240612.jpg\",\"contentUrl\":\"https:\/\/koningdrone.be\/wp-content\/uploads\/sites\/13\/2026\/01\/anker-solix-f1500-portable-power-station-01-20240612.jpg\",\"width\":800,\"height\":800},{\"@type\":\"BreadcrumbList\",\"@id\":\"https:\/\/koningdrone.be\/en\/product\/anker-solix-f1500\/#breadcrumb\",\"itemListElement\":[{\"@type\":\"ListItem\",\"position\":1,\"name\":\"Home\",\"item\":\"https:\/\/koningdrone.be\/\"},{\"@type\":\"ListItem\",\"position\":2,\"name\":\"AVSS Parachute Recovery System for DJI Matrice 300\/350\",\"item\":\"https:\/\/koningdrone.be\/product\/avss-parachute-recovery-system-for-dji-matrice-300-350\/\"},{\"@type\":\"ListItem\",\"position\":3,\"name\":\"Alle producten\",\"item\":\"https:\/\/koningdrone.be\/categorie\/alle-producten\/\"},{\"@type\":\"ListItem\",\"position\":4,\"name\":\"Anker SOLIX F1500\"}]},{\"@type\":\"WebSite\",\"@id\":\"https:\/\/koningdrone.be\/#website\",\"url\":\"https:\/\/koningdrone.be\/\",\"name\":\"Koningdrone.be - Uw online specialist in drones, gimbals, camera's en power stations.\",\"description\":\"De webshop in drones en gimbals\",\"publisher\":{\"@id\":\"https:\/\/koningdrone.be\/#organization\"},\"potentialAction\":[{\"@type\":\"SearchAction\",\"target\":{\"@type\":\"EntryPoint\",\"urlTemplate\":\"https:\/\/koningdrone.be\/?s={search_term_string}\"},\"query-input\":{\"@type\":\"PropertyValueSpecification\",\"valueRequired\":true,\"valueName\":\"search_term_string\"}}],\"inLanguage\":\"es\"},{\"@type\":\"Organization\",\"@id\":\"https:\/\/koningdrone.be\/#organization\",\"name\":\"Koningdrone.be\",\"url\":\"https:\/\/koningdrone.be\/\",\"logo\":{\"@type\":\"ImageObject\",\"inLanguage\":\"es\",\"@id\":\"https:\/\/koningdrone.be\/#\/schema\/logo\/image\/\",\"url\":\"https:\/\/koningdrone.be\/wp-content\/uploads\/sites\/13\/2025\/04\/koningdrone-copyright-logo.svg\",\"contentUrl\":\"https:\/\/koningdrone.be\/wp-content\/uploads\/sites\/13\/2025\/04\/koningdrone-copyright-logo.svg\",\"width\":227,\"height\":38,\"caption\":\"Koningdrone.be\"},\"image\":{\"@id\":\"https:\/\/koningdrone.be\/#\/schema\/logo\/image\/\"}}]}<\/script>\n<!-- \/ Yoast SEO Premium plugin. -->","yoast_head_json":{"title":"Anker SOLIX F1500 - koningdrone.be","robots":{"index":"index","follow":"follow","max-snippet":"max-snippet:-1","max-image-preview":"max-image-preview:large","max-video-preview":"max-video-preview:-1"},"canonical":"https:\/\/koningdrone.be\/es\/producto\/anker-solix-f1500\/","og_locale":"es_ES","og_type":"article","og_title":"Anker SOLIX F1500","og_description":"Betrouwbare back-upstroom: voorziet essenti\u00eble huishoudelijke apparaten van stroom tijdens stroomuitval  Altijd paraat: houdt je apparaten draaiende tijdens uitstapjes, noodsituaties of onderweg  Snel oplaadbaar: zorgt dat je binnen korte tijd weer volledig bent opgeladen  Zonne-energie compatibiliteit: ondersteunt off-grid opladen via zonnepanelen  Robuust en veilig: gebouwd met duurzame materialen en geavanceerde batterijbeveiliging  Stille werking: levert schone energie zonder lawaai of uitstoot zoals bij gasgeneratoren  Draagbaar ontwerp: voorzien van soepel rollende wielen en compact formaat voor eenvoudig transport","og_url":"https:\/\/koningdrone.be\/es\/producto\/anker-solix-f1500\/","og_site_name":"koningdrone.be","og_image":[{"width":800,"height":800,"url":"https:\/\/koningdrone.be\/wp-content\/uploads\/sites\/13\/2026\/01\/anker-solix-f1500-portable-power-station-01-20240612.jpg","type":"image\/jpeg"}],"twitter_card":"summary_large_image","twitter_misc":{"Tiempo de lectura":"1 minuto"},"schema":{"@context":"https:\/\/schema.org","@graph":[{"@type":"WebPage","@id":"https:\/\/koningdrone.be\/en\/product\/anker-solix-f1500\/","url":"https:\/\/koningdrone.be\/en\/product\/anker-solix-f1500\/","name":"Anker SOLIX F1500 - koningdrone.be","isPartOf":{"@id":"https:\/\/koningdrone.be\/#website"},"primaryImageOfPage":{"@id":"https:\/\/koningdrone.be\/en\/product\/anker-solix-f1500\/#primaryimage"},"image":{"@id":"https:\/\/koningdrone.be\/en\/product\/anker-solix-f1500\/#primaryimage"},"thumbnailUrl":"https:\/\/koningdrone.be\/wp-content\/uploads\/sites\/13\/2026\/01\/anker-solix-f1500-portable-power-station-01-20240612.jpg","datePublished":"2025-09-01T13:54:28+00:00","breadcrumb":{"@id":"https:\/\/koningdrone.be\/en\/product\/anker-solix-f1500\/#breadcrumb"},"inLanguage":"es","potentialAction":[{"@type":"ReadAction","target":["https:\/\/koningdrone.be\/en\/product\/anker-solix-f1500\/"]}]},{"@type":"ImageObject","inLanguage":"es","@id":"https:\/\/koningdrone.be\/en\/product\/anker-solix-f1500\/#primaryimage","url":"https:\/\/koningdrone.be\/wp-content\/uploads\/sites\/13\/2026\/01\/anker-solix-f1500-portable-power-station-01-20240612.jpg","contentUrl":"https:\/\/koningdrone.be\/wp-content\/uploads\/sites\/13\/2026\/01\/anker-solix-f1500-portable-power-station-01-20240612.jpg","width":800,"height":800},{"@type":"BreadcrumbList","@id":"https:\/\/koningdrone.be\/en\/product\/anker-solix-f1500\/#breadcrumb","itemListElement":[{"@type":"ListItem","position":1,"name":"Home","item":"https:\/\/koningdrone.be\/"},{"@type":"ListItem","position":2,"name":"AVSS Parachute Recovery System for DJI Matrice 300\/350","item":"https:\/\/koningdrone.be\/product\/avss-parachute-recovery-system-for-dji-matrice-300-350\/"},{"@type":"ListItem","position":3,"name":"Alle producten","item":"https:\/\/koningdrone.be\/categorie\/alle-producten\/"},{"@type":"ListItem","position":4,"name":"Anker SOLIX F1500"}]},{"@type":"WebSite","@id":"https:\/\/koningdrone.be\/#website","url":"https:\/\/koningdrone.be\/","name":"Koningdrone.be - Su especialista en l\u00ednea en drones, cardanes, c\u00e1maras y centrales el\u00e9ctricas.","description":"La tienda virtual de drones y cardanes","publisher":{"@id":"https:\/\/koningdrone.be\/#organization"},"potentialAction":[{"@type":"SearchAction","target":{"@type":"EntryPoint","urlTemplate":"https:\/\/koningdrone.be\/?s={search_term_string}"},"query-input":{"@type":"PropertyValueSpecification","valueRequired":true,"valueName":"search_term_string"}}],"inLanguage":"es"},{"@type":"Organization","@id":"https:\/\/koningdrone.be\/#organization","name":"Kingdrone.es","url":"https:\/\/koningdrone.be\/","logo":{"@type":"ImageObject","inLanguage":"es","@id":"https:\/\/koningdrone.be\/#\/schema\/logo\/image\/","url":"https:\/\/koningdrone.be\/wp-content\/uploads\/sites\/13\/2025\/04\/koningdrone-copyright-logo.svg","contentUrl":"https:\/\/koningdrone.be\/wp-content\/uploads\/sites\/13\/2025\/04\/koningdrone-copyright-logo.svg","width":227,"height":38,"caption":"Koningdrone.be"},"image":{"@id":"https:\/\/koningdrone.be\/#\/schema\/logo\/image\/"}}]}},"df_price":"","df_sale_price":"","df_regular_price":"","df_image_link":"https:\/\/koningdrone.be\/wp-content\/uploads\/sites\/13\/2026\/01\/anker-solix-f1500-portable-power-station-01-20240612-300x300.jpg","_links":{"self":[{"href":"https:\/\/koningdrone.be\/es\/wp-json\/wp\/v2\/product\/16087","targetHints":{"allow":["GET"]}}],"collection":[{"href":"https:\/\/koningdrone.be\/es\/wp-json\/wp\/v2\/product"}],"about":[{"href":"https:\/\/koningdrone.be\/es\/wp-json\/wp\/v2\/types\/product"}],"wp:featuredmedia":[{"embeddable":true,"href":"https:\/\/koningdrone.be\/es\/wp-json\/wp\/v2\/media\/16076"}],"wp:attachment":[{"href":"https:\/\/koningdrone.be\/es\/wp-json\/wp\/v2\/media?parent=16087"}],"wp:term":[{"taxonomy":"product_brand","embeddable":true,"href":"https:\/\/koningdrone.be\/es\/wp-json\/wp\/v2\/product_brand?post=16087"},{"taxonomy":"product_cat","embeddable":true,"href":"https:\/\/koningdrone.be\/es\/wp-json\/wp\/v2\/product_cat?post=16087"},{"taxonomy":"product_tag","embeddable":true,"href":"https:\/\/koningdrone.be\/es\/wp-json\/wp\/v2\/product_tag?post=16087"}],"curies":[{"name":"wp","href":"https:\/\/api.w.org\/{rel}","templated":true}]}}