{"id":16059,"date":"2025-09-01T16:22:29","date_gmt":"2025-09-01T14:22:29","guid":{"rendered":"https:\/\/koningdrone.be\/product\/anker-solix-c300x-ac\/"},"modified":"2025-09-01T16:22:29","modified_gmt":"2025-09-01T14:22:29","slug":"anker-solix-c300x-ac","status":"publish","type":"product","link":"https:\/\/koningdrone.be\/es\/producto\/anker-solix-c300x-ac\/","title":{"rendered":"Anker SOLIX C300X AC"},"content":{"rendered":"<h2>Estaci\u00f3n de alimentaci\u00f3n port\u00e1til Anker SOLIX C300X AC<\/h2>\n<p><strong>Compacto. Ligero. Siempre preparado.<\/strong><\/p>\n<p>En <strong>Anker SOLIX C300X AC<\/strong> es ligero y compacto <strong>central el\u00e9ctrica port\u00e1til<\/strong> que se ha dise\u00f1ado para quienes necesitan una alimentaci\u00f3n fiable en cualquier lugar. Gracias a la <strong>Tecnolog\u00eda de bater\u00eda LiFePO\u2084<\/strong> y varias opciones de salida, este dispositivo es ideal para cargar <strong>electr\u00f3nica cotidiana y peque\u00f1os electrodom\u00e9sticos<\/strong> durante viajes en coche, acampadas o como <strong>suministro el\u00e9ctrico de emergencia en casa<\/strong>.<\/p>\n<p>Con <strong>capacidad de carga r\u00e1pida<\/strong>, a <strong>dise\u00f1o sostenible<\/strong> y <strong>manejo sencillo<\/strong> la C300X es una compa\u00f1era fiable para cualquier aventura, grande o peque\u00f1a.<\/p>","protected":false},"excerpt":{"rendered":"<ul>\n<li><strong>Compacto y port\u00e1til:<\/strong> Ideal para la energ\u00eda en movimiento<\/li>\n<li><strong>Energ\u00eda de reserva para el uso diario:<\/strong> apto para smartphones, dispositivos peque\u00f1os e iluminaci\u00f3n<\/li>\n<li><strong>Dise\u00f1ado para la versatilidad:<\/strong> \u00fatil para aventuras al aire libre y emergencias dom\u00e9sticas<\/li>\n<li><strong>Dise\u00f1o f\u00e1cil de usar:<\/strong> Funcionamiento sencillo para un uso r\u00e1pido y sin problemas<\/li>\n<li><strong>Carga r\u00e1pida:<\/strong> minimiza el tiempo de inactividad cuando se est\u00e1 de viaje o en casa<\/li>\n<li><strong>Tecnolog\u00eda de bater\u00eda duradera:<\/strong> C\u00e9lulas LiFePO\u2084 para un uso prolongado y seguro.<\/li>\n<\/ul>","protected":false},"featured_media":16057,"template":"","meta":{"_acf_changed":false},"product_brand":[],"product_cat":[97,197,1701],"product_tag":[],"class_list":{"0":"post-16059","1":"product","2":"type-product","3":"status-publish","4":"has-post-thumbnail","6":"product_cat-alle-producten","7":"product_cat-anker","8":"product_cat-anker-bluetti","9":"pa_brand-anker","10":"pa_producttype-draagbare-energiecentrale","12":"first","13":"outofstock","14":"taxable","15":"shipping-taxable","16":"product-type-simple"},"acf":[],"yoast_head":"<!-- This site is optimized with the Yoast SEO Premium plugin v27.2 (Yoast SEO v27.2) - https:\/\/yoast.com\/product\/yoast-seo-premium-wordpress\/ -->\n<title>Anker SOLIX C300X AC - koningdrone.be<\/title>\n<meta name=\"robots\" content=\"index, follow, max-snippet:-1, max-image-preview:large, max-video-preview:-1\" \/>\n<link rel=\"canonical\" href=\"https:\/\/koningdrone.be\/es\/producto\/anker-solix-c300x-ac\/\" \/>\n<meta property=\"og:locale\" content=\"es_ES\" \/>\n<meta property=\"og:type\" content=\"article\" \/>\n<meta property=\"og:title\" content=\"Anker SOLIX C300X AC\" \/>\n<meta property=\"og:description\" content=\"Compact en draagbaar: ideaal voor stroomvoorziening onderweg  Back-upstroom voor dagelijks gebruik: geschikt voor smartphones, kleine apparaten en verlichting  Ontworpen voor veelzijdigheid: bruikbaar bij outdooravonturen \u00e9n noodsituaties thuis  Gebruiksvriendelijk ontwerp: eenvoudige bediening voor snel en probleemloos gebruik  Snel oplaadbaar: minimaliseert downtime bij onderweg of thuisgebruik  Duurzame batterijtechnologie: LiFePO\u2084-cellen voor langdurig en veilig gebruik\" \/>\n<meta property=\"og:url\" content=\"https:\/\/koningdrone.be\/es\/producto\/anker-solix-c300x-ac\/\" \/>\n<meta property=\"og:site_name\" content=\"koningdrone.be\" \/>\n<meta property=\"og:image\" content=\"https:\/\/koningdrone.be\/wp-content\/uploads\/sites\/13\/2026\/01\/anker_solix_c300x_portable_power_station_side_angle-scaled-1.png\" \/>\n\t<meta property=\"og:image:width\" content=\"2048\" \/>\n\t<meta property=\"og:image:height\" content=\"2048\" \/>\n\t<meta property=\"og:image:type\" content=\"image\/png\" \/>\n<meta name=\"twitter:card\" content=\"summary_large_image\" \/>\n<script type=\"application\/ld+json\" class=\"yoast-schema-graph\">{\"@context\":\"https:\/\/schema.org\",\"@graph\":[{\"@type\":\"WebPage\",\"@id\":\"https:\/\/koningdrone.be\/es\/producto\/anker-solix-c300x-ac\/\",\"url\":\"https:\/\/koningdrone.be\/es\/producto\/anker-solix-c300x-ac\/\",\"name\":\"Anker SOLIX C300X AC - koningdrone.be\",\"isPartOf\":{\"@id\":\"https:\/\/koningdrone.be\/#website\"},\"primaryImageOfPage\":{\"@id\":\"https:\/\/koningdrone.be\/es\/producto\/anker-solix-c300x-ac\/#primaryimage\"},\"image\":{\"@id\":\"https:\/\/koningdrone.be\/es\/producto\/anker-solix-c300x-ac\/#primaryimage\"},\"thumbnailUrl\":\"https:\/\/koningdrone.be\/wp-content\/uploads\/sites\/13\/2026\/01\/anker_solix_c300x_portable_power_station_side_angle-scaled-1.png\",\"datePublished\":\"2025-09-01T14:22:29+00:00\",\"breadcrumb\":{\"@id\":\"https:\/\/koningdrone.be\/es\/producto\/anker-solix-c300x-ac\/#breadcrumb\"},\"inLanguage\":\"es\",\"potentialAction\":[{\"@type\":\"ReadAction\",\"target\":[\"https:\/\/koningdrone.be\/es\/producto\/anker-solix-c300x-ac\/\"]}]},{\"@type\":\"ImageObject\",\"inLanguage\":\"es\",\"@id\":\"https:\/\/koningdrone.be\/es\/producto\/anker-solix-c300x-ac\/#primaryimage\",\"url\":\"https:\/\/koningdrone.be\/wp-content\/uploads\/sites\/13\/2026\/01\/anker_solix_c300x_portable_power_station_side_angle-scaled-1.png\",\"contentUrl\":\"https:\/\/koningdrone.be\/wp-content\/uploads\/sites\/13\/2026\/01\/anker_solix_c300x_portable_power_station_side_angle-scaled-1.png\",\"width\":2048,\"height\":2048},{\"@type\":\"BreadcrumbList\",\"@id\":\"https:\/\/koningdrone.be\/es\/producto\/anker-solix-c300x-ac\/#breadcrumb\",\"itemListElement\":[{\"@type\":\"ListItem\",\"position\":1,\"name\":\"Home\",\"item\":\"https:\/\/koningdrone.be\/\"},{\"@type\":\"ListItem\",\"position\":2,\"name\":\"AVSS Parachute Recovery System for DJI Matrice 300\/350\",\"item\":\"https:\/\/koningdrone.be\/product\/avss-parachute-recovery-system-for-dji-matrice-300-350\/\"},{\"@type\":\"ListItem\",\"position\":3,\"name\":\"Alle producten\",\"item\":\"https:\/\/koningdrone.be\/categorie\/alle-producten\/\"},{\"@type\":\"ListItem\",\"position\":4,\"name\":\"Anker SOLIX C300X AC\"}]},{\"@type\":\"WebSite\",\"@id\":\"https:\/\/koningdrone.be\/#website\",\"url\":\"https:\/\/koningdrone.be\/\",\"name\":\"Koningdrone.be - Uw online specialist in drones, gimbals, camera's en power stations.\",\"description\":\"De webshop in drones en gimbals\",\"publisher\":{\"@id\":\"https:\/\/koningdrone.be\/#organization\"},\"potentialAction\":[{\"@type\":\"SearchAction\",\"target\":{\"@type\":\"EntryPoint\",\"urlTemplate\":\"https:\/\/koningdrone.be\/?s={search_term_string}\"},\"query-input\":{\"@type\":\"PropertyValueSpecification\",\"valueRequired\":true,\"valueName\":\"search_term_string\"}}],\"inLanguage\":\"es\"},{\"@type\":\"Organization\",\"@id\":\"https:\/\/koningdrone.be\/#organization\",\"name\":\"Koningdrone.be\",\"url\":\"https:\/\/koningdrone.be\/\",\"logo\":{\"@type\":\"ImageObject\",\"inLanguage\":\"es\",\"@id\":\"https:\/\/koningdrone.be\/#\/schema\/logo\/image\/\",\"url\":\"https:\/\/koningdrone.be\/wp-content\/uploads\/sites\/13\/2025\/04\/koningdrone-copyright-logo.svg\",\"contentUrl\":\"https:\/\/koningdrone.be\/wp-content\/uploads\/sites\/13\/2025\/04\/koningdrone-copyright-logo.svg\",\"width\":227,\"height\":38,\"caption\":\"Koningdrone.be\"},\"image\":{\"@id\":\"https:\/\/koningdrone.be\/#\/schema\/logo\/image\/\"}}]}<\/script>\n<!-- \/ Yoast SEO Premium plugin. -->","yoast_head_json":{"title":"Anker SOLIX C300X AC - koningdrone.be","robots":{"index":"index","follow":"follow","max-snippet":"max-snippet:-1","max-image-preview":"max-image-preview:large","max-video-preview":"max-video-preview:-1"},"canonical":"https:\/\/koningdrone.be\/es\/producto\/anker-solix-c300x-ac\/","og_locale":"es_ES","og_type":"article","og_title":"Anker SOLIX C300X AC","og_description":"Compact en draagbaar: ideaal voor stroomvoorziening onderweg  Back-upstroom voor dagelijks gebruik: geschikt voor smartphones, kleine apparaten en verlichting  Ontworpen voor veelzijdigheid: bruikbaar bij outdooravonturen \u00e9n noodsituaties thuis  Gebruiksvriendelijk ontwerp: eenvoudige bediening voor snel en probleemloos gebruik  Snel oplaadbaar: minimaliseert downtime bij onderweg of thuisgebruik  Duurzame batterijtechnologie: LiFePO\u2084-cellen voor langdurig en veilig gebruik","og_url":"https:\/\/koningdrone.be\/es\/producto\/anker-solix-c300x-ac\/","og_site_name":"koningdrone.be","og_image":[{"width":2048,"height":2048,"url":"https:\/\/koningdrone.be\/wp-content\/uploads\/sites\/13\/2026\/01\/anker_solix_c300x_portable_power_station_side_angle-scaled-1.png","type":"image\/png"}],"twitter_card":"summary_large_image","schema":{"@context":"https:\/\/schema.org","@graph":[{"@type":"WebPage","@id":"https:\/\/koningdrone.be\/es\/producto\/anker-solix-c300x-ac\/","url":"https:\/\/koningdrone.be\/es\/producto\/anker-solix-c300x-ac\/","name":"Anker SOLIX C300X AC - koningdrone.be","isPartOf":{"@id":"https:\/\/koningdrone.be\/#website"},"primaryImageOfPage":{"@id":"https:\/\/koningdrone.be\/es\/producto\/anker-solix-c300x-ac\/#primaryimage"},"image":{"@id":"https:\/\/koningdrone.be\/es\/producto\/anker-solix-c300x-ac\/#primaryimage"},"thumbnailUrl":"https:\/\/koningdrone.be\/wp-content\/uploads\/sites\/13\/2026\/01\/anker_solix_c300x_portable_power_station_side_angle-scaled-1.png","datePublished":"2025-09-01T14:22:29+00:00","breadcrumb":{"@id":"https:\/\/koningdrone.be\/es\/producto\/anker-solix-c300x-ac\/#breadcrumb"},"inLanguage":"es","potentialAction":[{"@type":"ReadAction","target":["https:\/\/koningdrone.be\/es\/producto\/anker-solix-c300x-ac\/"]}]},{"@type":"ImageObject","inLanguage":"es","@id":"https:\/\/koningdrone.be\/es\/producto\/anker-solix-c300x-ac\/#primaryimage","url":"https:\/\/koningdrone.be\/wp-content\/uploads\/sites\/13\/2026\/01\/anker_solix_c300x_portable_power_station_side_angle-scaled-1.png","contentUrl":"https:\/\/koningdrone.be\/wp-content\/uploads\/sites\/13\/2026\/01\/anker_solix_c300x_portable_power_station_side_angle-scaled-1.png","width":2048,"height":2048},{"@type":"BreadcrumbList","@id":"https:\/\/koningdrone.be\/es\/producto\/anker-solix-c300x-ac\/#breadcrumb","itemListElement":[{"@type":"ListItem","position":1,"name":"Home","item":"https:\/\/koningdrone.be\/"},{"@type":"ListItem","position":2,"name":"AVSS Parachute Recovery System for DJI Matrice 300\/350","item":"https:\/\/koningdrone.be\/product\/avss-parachute-recovery-system-for-dji-matrice-300-350\/"},{"@type":"ListItem","position":3,"name":"Alle producten","item":"https:\/\/koningdrone.be\/categorie\/alle-producten\/"},{"@type":"ListItem","position":4,"name":"Anker SOLIX C300X AC"}]},{"@type":"WebSite","@id":"https:\/\/koningdrone.be\/#website","url":"https:\/\/koningdrone.be\/","name":"Koningdrone.be - Su especialista en l\u00ednea en drones, cardanes, c\u00e1maras y centrales el\u00e9ctricas.","description":"La tienda virtual de drones y cardanes","publisher":{"@id":"https:\/\/koningdrone.be\/#organization"},"potentialAction":[{"@type":"SearchAction","target":{"@type":"EntryPoint","urlTemplate":"https:\/\/koningdrone.be\/?s={search_term_string}"},"query-input":{"@type":"PropertyValueSpecification","valueRequired":true,"valueName":"search_term_string"}}],"inLanguage":"es"},{"@type":"Organization","@id":"https:\/\/koningdrone.be\/#organization","name":"Kingdrone.es","url":"https:\/\/koningdrone.be\/","logo":{"@type":"ImageObject","inLanguage":"es","@id":"https:\/\/koningdrone.be\/#\/schema\/logo\/image\/","url":"https:\/\/koningdrone.be\/wp-content\/uploads\/sites\/13\/2025\/04\/koningdrone-copyright-logo.svg","contentUrl":"https:\/\/koningdrone.be\/wp-content\/uploads\/sites\/13\/2025\/04\/koningdrone-copyright-logo.svg","width":227,"height":38,"caption":"Koningdrone.be"},"image":{"@id":"https:\/\/koningdrone.be\/#\/schema\/logo\/image\/"}}]}},"df_price":"","df_sale_price":"","df_regular_price":"","df_image_link":"https:\/\/koningdrone.be\/wp-content\/uploads\/sites\/13\/2026\/01\/anker_solix_c300x_portable_power_station_side_angle-scaled-1-300x300.png","_links":{"self":[{"href":"https:\/\/koningdrone.be\/es\/wp-json\/wp\/v2\/product\/16059","targetHints":{"allow":["GET"]}}],"collection":[{"href":"https:\/\/koningdrone.be\/es\/wp-json\/wp\/v2\/product"}],"about":[{"href":"https:\/\/koningdrone.be\/es\/wp-json\/wp\/v2\/types\/product"}],"wp:featuredmedia":[{"embeddable":true,"href":"https:\/\/koningdrone.be\/es\/wp-json\/wp\/v2\/media\/16057"}],"wp:attachment":[{"href":"https:\/\/koningdrone.be\/es\/wp-json\/wp\/v2\/media?parent=16059"}],"wp:term":[{"taxonomy":"product_brand","embeddable":true,"href":"https:\/\/koningdrone.be\/es\/wp-json\/wp\/v2\/product_brand?post=16059"},{"taxonomy":"product_cat","embeddable":true,"href":"https:\/\/koningdrone.be\/es\/wp-json\/wp\/v2\/product_cat?post=16059"},{"taxonomy":"product_tag","embeddable":true,"href":"https:\/\/koningdrone.be\/es\/wp-json\/wp\/v2\/product_tag?post=16059"}],"curies":[{"name":"wp","href":"https:\/\/api.w.org\/{rel}","templated":true}]}}