{"id":16010,"date":"2025-09-01T16:55:22","date_gmt":"2025-09-01T14:55:22","guid":{"rendered":"https:\/\/koningdrone.be\/product\/anker-everfrost-2-electric-cooler-58l\/"},"modified":"2025-09-01T16:55:22","modified_gmt":"2025-09-01T14:55:22","slug":"anker-everfrost-2-electric-cooler-58l","status":"publish","type":"product","link":"https:\/\/koningdrone.be\/es\/producto\/anker-everfrost-2-electric-cooler-58l\/","title":{"rendered":"Nevera el\u00e9ctrica Anker Everfrost 2 58L"},"content":{"rendered":"<h2>La nevera el\u00e9ctrica Anker EverFrost 2 de 58 litros es una potente nevera con bater\u00eda dise\u00f1ada para los amantes de las actividades al aire libre y los viajeros.<\/h2>\n<p>Con una capacidad de 58 litros, ofrece mucho espacio para alimentos y bebidas, con un dise\u00f1o de dos zonas para separar los compartimentos frigor\u00edfico y congelador.<\/p>\n<p>La nevera utiliza una avanzada tecnolog\u00eda de refrigeraci\u00f3n por aire para mantener la temperatura de forma eficaz y sin hielo.<\/p>\n<p>Se puede cargar desde m\u00faltiples fuentes, incluidos paneles solares, enchufes de coche y enchufes de pared, lo que la hace vers\u00e1til en diferentes entornos.<\/p>\n<p>El robusto dise\u00f1o cuenta con ruedas duraderas y un asa retr\u00e1ctil para facilitar su transporte, por lo que es ideal para acampadas, viajes por carretera y otras actividades al aire libre....<\/p>","protected":false},"excerpt":{"rendered":"<ul>\n<li>El dise\u00f1o de doble zona permite enfriar y congelar por separado.<\/li>\n<li><\/li>\n<li>Enfr\u00eda de 77\u00b0F a 32\u00b0F en s\u00f3lo 15 minutos.<\/li>\n<li><\/li>\n<li>Funciona sin hielo, por lo que el espacio de almacenamiento es m\u00e1ximo.<\/li>\n<li><\/li>\n<li>Proporciona hasta 4,3 d\u00edas de refrigeraci\u00f3n con dos bater\u00edas completamente cargadas.<\/li>\n<li><\/li>\n<li>M\u00faltiples opciones de carga: solar, coche, enchufe de pared y USB-C.<\/li>\n<li><\/li>\n<li>Equipada con ruedas duraderas y un asa extensible para facilitar su transporte.<\/li>\n<li><\/li>\n<li>Se puede controlar de forma remota a trav\u00e9s de la app de Anker.<\/li>\n<li><\/li>\n<li>Incluye una bater\u00eda extra\u00edble de 288 Wh que funciona como banco de energ\u00eda.<\/li>\n<\/ul>","protected":false},"featured_media":16004,"template":"","meta":{"_acf_changed":false},"product_brand":[],"product_cat":[97,197,1701],"product_tag":[],"class_list":{"0":"post-16010","1":"product","2":"type-product","3":"status-publish","4":"has-post-thumbnail","6":"product_cat-alle-producten","7":"product_cat-anker","8":"product_cat-anker-bluetti","9":"pa_brand-anker","10":"pa_producttype-elektrische-koeler","12":"first","13":"outofstock","14":"taxable","15":"shipping-taxable","16":"product-type-simple"},"acf":[],"yoast_head":"<!-- This site is optimized with the Yoast SEO Premium plugin v27.2 (Yoast SEO v27.2) - https:\/\/yoast.com\/product\/yoast-seo-premium-wordpress\/ -->\n<title>Anker Everfrost 2 Electric Cooler 58L - koningdrone.be<\/title>\n<meta name=\"robots\" content=\"index, follow, max-snippet:-1, max-image-preview:large, max-video-preview:-1\" \/>\n<link rel=\"canonical\" href=\"https:\/\/koningdrone.be\/es\/producto\/anker-everfrost-2-electric-cooler-58l\/\" \/>\n<meta property=\"og:locale\" content=\"es_ES\" \/>\n<meta property=\"og:type\" content=\"article\" \/>\n<meta property=\"og:title\" content=\"Anker Everfrost 2 Electric Cooler 58L\" \/>\n<meta property=\"og:description\" content=\"Ontwerp met twee zones maakt gescheiden koelen en vriezen mogelijk.    Koelt van 77\u00b0F naar 32\u00b0F in slechts 15 minuten.    Werkt zonder ijs, dus maximale opslagruimte.    Biedt tot 4,3 dagen koeling met twee volledig opgeladen batterijen.    Meerdere oplaadmogelijkheden: zonne-energie, auto, stopcontact en USB-C.    Uitgerust met duurzame wielen en een uitschuifbaar handvat voor eenvoudige draagbaarheid.    Kan op afstand worden bediend via de Anker app.    Inclusief een 288Wh verwijderbare batterij die dienst doet als powerbank.\" \/>\n<meta property=\"og:url\" content=\"https:\/\/koningdrone.be\/es\/producto\/anker-everfrost-2-electric-cooler-58l\/\" \/>\n<meta property=\"og:site_name\" content=\"koningdrone.be\" \/>\n<meta property=\"og:image\" content=\"https:\/\/koningdrone.be\/wp-content\/uploads\/sites\/13\/2026\/01\/Group_2121235123-Photoroom_3840x.png\" \/>\n\t<meta property=\"og:image:width\" content=\"1280\" \/>\n\t<meta property=\"og:image:height\" content=\"1072\" \/>\n\t<meta property=\"og:image:type\" content=\"image\/png\" \/>\n<meta name=\"twitter:card\" content=\"summary_large_image\" \/>\n<meta name=\"twitter:label1\" content=\"Tiempo de lectura\" \/>\n\t<meta name=\"twitter:data1\" content=\"1 minuto\" \/>\n<script type=\"application\/ld+json\" class=\"yoast-schema-graph\">{\"@context\":\"https:\/\/schema.org\",\"@graph\":[{\"@type\":\"WebPage\",\"@id\":\"https:\/\/koningdrone.be\/es\/producto\/anker-everfrost-2-electric-cooler-58l\/\",\"url\":\"https:\/\/koningdrone.be\/es\/producto\/anker-everfrost-2-electric-cooler-58l\/\",\"name\":\"Anker Everfrost 2 Electric Cooler 58L - koningdrone.be\",\"isPartOf\":{\"@id\":\"https:\/\/koningdrone.be\/#website\"},\"primaryImageOfPage\":{\"@id\":\"https:\/\/koningdrone.be\/es\/producto\/anker-everfrost-2-electric-cooler-58l\/#primaryimage\"},\"image\":{\"@id\":\"https:\/\/koningdrone.be\/es\/producto\/anker-everfrost-2-electric-cooler-58l\/#primaryimage\"},\"thumbnailUrl\":\"https:\/\/koningdrone.be\/wp-content\/uploads\/sites\/13\/2026\/01\/Group_2121235123-Photoroom_3840x.png\",\"datePublished\":\"2025-09-01T14:55:22+00:00\",\"breadcrumb\":{\"@id\":\"https:\/\/koningdrone.be\/es\/producto\/anker-everfrost-2-electric-cooler-58l\/#breadcrumb\"},\"inLanguage\":\"es\",\"potentialAction\":[{\"@type\":\"ReadAction\",\"target\":[\"https:\/\/koningdrone.be\/es\/producto\/anker-everfrost-2-electric-cooler-58l\/\"]}]},{\"@type\":\"ImageObject\",\"inLanguage\":\"es\",\"@id\":\"https:\/\/koningdrone.be\/es\/producto\/anker-everfrost-2-electric-cooler-58l\/#primaryimage\",\"url\":\"https:\/\/koningdrone.be\/wp-content\/uploads\/sites\/13\/2026\/01\/Group_2121235123-Photoroom_3840x.png\",\"contentUrl\":\"https:\/\/koningdrone.be\/wp-content\/uploads\/sites\/13\/2026\/01\/Group_2121235123-Photoroom_3840x.png\",\"width\":1280,\"height\":1072},{\"@type\":\"BreadcrumbList\",\"@id\":\"https:\/\/koningdrone.be\/es\/producto\/anker-everfrost-2-electric-cooler-58l\/#breadcrumb\",\"itemListElement\":[{\"@type\":\"ListItem\",\"position\":1,\"name\":\"Home\",\"item\":\"https:\/\/koningdrone.be\/\"},{\"@type\":\"ListItem\",\"position\":2,\"name\":\"AVSS Parachute Recovery System for DJI Matrice 300\/350\",\"item\":\"https:\/\/koningdrone.be\/product\/avss-parachute-recovery-system-for-dji-matrice-300-350\/\"},{\"@type\":\"ListItem\",\"position\":3,\"name\":\"Alle producten\",\"item\":\"https:\/\/koningdrone.be\/categorie\/alle-producten\/\"},{\"@type\":\"ListItem\",\"position\":4,\"name\":\"Anker Everfrost 2 Electric Cooler 58L\"}]},{\"@type\":\"WebSite\",\"@id\":\"https:\/\/koningdrone.be\/#website\",\"url\":\"https:\/\/koningdrone.be\/\",\"name\":\"Koningdrone.be - Uw online specialist in drones, gimbals, camera's en power stations.\",\"description\":\"De webshop in drones en gimbals\",\"publisher\":{\"@id\":\"https:\/\/koningdrone.be\/#organization\"},\"potentialAction\":[{\"@type\":\"SearchAction\",\"target\":{\"@type\":\"EntryPoint\",\"urlTemplate\":\"https:\/\/koningdrone.be\/?s={search_term_string}\"},\"query-input\":{\"@type\":\"PropertyValueSpecification\",\"valueRequired\":true,\"valueName\":\"search_term_string\"}}],\"inLanguage\":\"es\"},{\"@type\":\"Organization\",\"@id\":\"https:\/\/koningdrone.be\/#organization\",\"name\":\"Koningdrone.be\",\"url\":\"https:\/\/koningdrone.be\/\",\"logo\":{\"@type\":\"ImageObject\",\"inLanguage\":\"es\",\"@id\":\"https:\/\/koningdrone.be\/#\/schema\/logo\/image\/\",\"url\":\"https:\/\/koningdrone.be\/wp-content\/uploads\/sites\/13\/2025\/04\/koningdrone-copyright-logo.svg\",\"contentUrl\":\"https:\/\/koningdrone.be\/wp-content\/uploads\/sites\/13\/2025\/04\/koningdrone-copyright-logo.svg\",\"width\":227,\"height\":38,\"caption\":\"Koningdrone.be\"},\"image\":{\"@id\":\"https:\/\/koningdrone.be\/#\/schema\/logo\/image\/\"}}]}<\/script>\n<!-- \/ Yoast SEO Premium plugin. -->","yoast_head_json":{"title":"Anker Everfrost 2 Electric Cooler 58L - koningdrone.be","robots":{"index":"index","follow":"follow","max-snippet":"max-snippet:-1","max-image-preview":"max-image-preview:large","max-video-preview":"max-video-preview:-1"},"canonical":"https:\/\/koningdrone.be\/es\/producto\/anker-everfrost-2-electric-cooler-58l\/","og_locale":"es_ES","og_type":"article","og_title":"Anker Everfrost 2 Electric Cooler 58L","og_description":"Ontwerp met twee zones maakt gescheiden koelen en vriezen mogelijk.    Koelt van 77\u00b0F naar 32\u00b0F in slechts 15 minuten.    Werkt zonder ijs, dus maximale opslagruimte.    Biedt tot 4,3 dagen koeling met twee volledig opgeladen batterijen.    Meerdere oplaadmogelijkheden: zonne-energie, auto, stopcontact en USB-C.    Uitgerust met duurzame wielen en een uitschuifbaar handvat voor eenvoudige draagbaarheid.    Kan op afstand worden bediend via de Anker app.    Inclusief een 288Wh verwijderbare batterij die dienst doet als powerbank.","og_url":"https:\/\/koningdrone.be\/es\/producto\/anker-everfrost-2-electric-cooler-58l\/","og_site_name":"koningdrone.be","og_image":[{"width":1280,"height":1072,"url":"https:\/\/koningdrone.be\/wp-content\/uploads\/sites\/13\/2026\/01\/Group_2121235123-Photoroom_3840x.png","type":"image\/png"}],"twitter_card":"summary_large_image","twitter_misc":{"Tiempo de lectura":"1 minuto"},"schema":{"@context":"https:\/\/schema.org","@graph":[{"@type":"WebPage","@id":"https:\/\/koningdrone.be\/es\/producto\/anker-everfrost-2-electric-cooler-58l\/","url":"https:\/\/koningdrone.be\/es\/producto\/anker-everfrost-2-electric-cooler-58l\/","name":"Anker Everfrost 2 Electric Cooler 58L - koningdrone.be","isPartOf":{"@id":"https:\/\/koningdrone.be\/#website"},"primaryImageOfPage":{"@id":"https:\/\/koningdrone.be\/es\/producto\/anker-everfrost-2-electric-cooler-58l\/#primaryimage"},"image":{"@id":"https:\/\/koningdrone.be\/es\/producto\/anker-everfrost-2-electric-cooler-58l\/#primaryimage"},"thumbnailUrl":"https:\/\/koningdrone.be\/wp-content\/uploads\/sites\/13\/2026\/01\/Group_2121235123-Photoroom_3840x.png","datePublished":"2025-09-01T14:55:22+00:00","breadcrumb":{"@id":"https:\/\/koningdrone.be\/es\/producto\/anker-everfrost-2-electric-cooler-58l\/#breadcrumb"},"inLanguage":"es","potentialAction":[{"@type":"ReadAction","target":["https:\/\/koningdrone.be\/es\/producto\/anker-everfrost-2-electric-cooler-58l\/"]}]},{"@type":"ImageObject","inLanguage":"es","@id":"https:\/\/koningdrone.be\/es\/producto\/anker-everfrost-2-electric-cooler-58l\/#primaryimage","url":"https:\/\/koningdrone.be\/wp-content\/uploads\/sites\/13\/2026\/01\/Group_2121235123-Photoroom_3840x.png","contentUrl":"https:\/\/koningdrone.be\/wp-content\/uploads\/sites\/13\/2026\/01\/Group_2121235123-Photoroom_3840x.png","width":1280,"height":1072},{"@type":"BreadcrumbList","@id":"https:\/\/koningdrone.be\/es\/producto\/anker-everfrost-2-electric-cooler-58l\/#breadcrumb","itemListElement":[{"@type":"ListItem","position":1,"name":"Home","item":"https:\/\/koningdrone.be\/"},{"@type":"ListItem","position":2,"name":"AVSS Parachute Recovery System for DJI Matrice 300\/350","item":"https:\/\/koningdrone.be\/product\/avss-parachute-recovery-system-for-dji-matrice-300-350\/"},{"@type":"ListItem","position":3,"name":"Alle producten","item":"https:\/\/koningdrone.be\/categorie\/alle-producten\/"},{"@type":"ListItem","position":4,"name":"Anker Everfrost 2 Electric Cooler 58L"}]},{"@type":"WebSite","@id":"https:\/\/koningdrone.be\/#website","url":"https:\/\/koningdrone.be\/","name":"Koningdrone.be - Su especialista en l\u00ednea en drones, cardanes, c\u00e1maras y centrales el\u00e9ctricas.","description":"La tienda virtual de drones y cardanes","publisher":{"@id":"https:\/\/koningdrone.be\/#organization"},"potentialAction":[{"@type":"SearchAction","target":{"@type":"EntryPoint","urlTemplate":"https:\/\/koningdrone.be\/?s={search_term_string}"},"query-input":{"@type":"PropertyValueSpecification","valueRequired":true,"valueName":"search_term_string"}}],"inLanguage":"es"},{"@type":"Organization","@id":"https:\/\/koningdrone.be\/#organization","name":"Kingdrone.es","url":"https:\/\/koningdrone.be\/","logo":{"@type":"ImageObject","inLanguage":"es","@id":"https:\/\/koningdrone.be\/#\/schema\/logo\/image\/","url":"https:\/\/koningdrone.be\/wp-content\/uploads\/sites\/13\/2025\/04\/koningdrone-copyright-logo.svg","contentUrl":"https:\/\/koningdrone.be\/wp-content\/uploads\/sites\/13\/2025\/04\/koningdrone-copyright-logo.svg","width":227,"height":38,"caption":"Koningdrone.be"},"image":{"@id":"https:\/\/koningdrone.be\/#\/schema\/logo\/image\/"}}]}},"df_price":"","df_sale_price":"","df_regular_price":"","df_image_link":"https:\/\/koningdrone.be\/wp-content\/uploads\/sites\/13\/2026\/01\/Group_2121235123-Photoroom_3840x-300x251.png","_links":{"self":[{"href":"https:\/\/koningdrone.be\/es\/wp-json\/wp\/v2\/product\/16010","targetHints":{"allow":["GET"]}}],"collection":[{"href":"https:\/\/koningdrone.be\/es\/wp-json\/wp\/v2\/product"}],"about":[{"href":"https:\/\/koningdrone.be\/es\/wp-json\/wp\/v2\/types\/product"}],"wp:featuredmedia":[{"embeddable":true,"href":"https:\/\/koningdrone.be\/es\/wp-json\/wp\/v2\/media\/16004"}],"wp:attachment":[{"href":"https:\/\/koningdrone.be\/es\/wp-json\/wp\/v2\/media?parent=16010"}],"wp:term":[{"taxonomy":"product_brand","embeddable":true,"href":"https:\/\/koningdrone.be\/es\/wp-json\/wp\/v2\/product_brand?post=16010"},{"taxonomy":"product_cat","embeddable":true,"href":"https:\/\/koningdrone.be\/es\/wp-json\/wp\/v2\/product_cat?post=16010"},{"taxonomy":"product_tag","embeddable":true,"href":"https:\/\/koningdrone.be\/es\/wp-json\/wp\/v2\/product_tag?post=16010"}],"curies":[{"name":"wp","href":"https:\/\/api.w.org\/{rel}","templated":true}]}}