{"id":16003,"date":"2025-09-01T16:21:28","date_gmt":"2025-09-01T14:21:28","guid":{"rendered":"https:\/\/koningdrone.be\/product\/anker-everfrost-2-electric-cooler-40l\/"},"modified":"2025-09-01T16:21:28","modified_gmt":"2025-09-01T14:21:28","slug":"anker-everfrost-2-electric-cooler-40l","status":"publish","type":"product","link":"https:\/\/koningdrone.be\/es\/producto\/anker-everfrost-2-electric-cooler-40l\/","title":{"rendered":"Nevera el\u00e9ctrica Anker EverFrost 2 40L"},"content":{"rendered":"<h2>Nevera el\u00e9ctrica Anker EverFrost 2 40L<\/h2>\n<p><strong>Siempre fresco dondequiera que vayas.<\/strong><\/p>\n<p>En <strong>Nevera el\u00e9ctrica Anker EverFrost 2 40L<\/strong> es un potente <strong>nevera a pilas<\/strong>, ideal para acampadas, viajes por carretera y aventuras al aire libre. Con una generosa <strong>capacidad de 40 litros<\/strong> y una funci\u00f3n de enfriamiento r\u00e1pido que lleva la temperatura de 25\u00b0C a 0\u00b0C en s\u00f3lo <strong>15 minutos<\/strong>, Mantenga siempre la comida y la bebida perfectamente fr\u00edas.<\/p>\n<p>El refrigerador funciona hasta <strong>52 horas con una sola bater\u00eda de 288 Wh<\/strong> y admite varios m\u00e9todos de carga, entre ellos <strong>solar<\/strong>, <strong>recarga de veh\u00edculos<\/strong> y <strong>USB-C<\/strong>. Gracias a la <strong>rango de temperatura de -20\u00b0C a 20\u00b0C<\/strong> podr\u00e1 adaptar f\u00e1cilmente la nevera a sus necesidades.<\/p>\n<p>Con su <strong>ruedas duraderas<\/strong> y <strong>asa retr\u00e1ctil<\/strong> la EverFrost 2 es f\u00e1cilmente transportable, perfecta para cualquier aventura, est\u00e9 donde est\u00e9.<\/p>","protected":false},"excerpt":{"rendered":"<ul>\n<li><strong>Enfriamiento r\u00e1pido:<\/strong> enfr\u00eda de 25\u00b0C a 0\u00b0C en s\u00f3lo 15 minutos<\/li>\n<li><strong>Larga vida \u00fatil:<\/strong> hasta 52 horas de funcionamiento con una bater\u00eda de 288 Wh<\/li>\n<li><strong>M\u00faltiples opciones de carga:<\/strong> Compatible con carga solar, de coche y USB-C<\/li>\n<li><strong>No se necesita hielo:<\/strong> m\u00e1s espacio para comer y beber, sin inundaciones<\/li>\n<li><strong>Dise\u00f1o port\u00e1til:<\/strong> ruedas duraderas y asa retr\u00e1ctil para facilitar el transporte<\/li>\n<li><strong>Perfecto para exteriores:<\/strong> Ideal para acampadas, viajes por carretera y eventos \"tailgating<\/li>\n<\/ul>","protected":false},"featured_media":15997,"template":"","meta":{"_acf_changed":false},"product_brand":[],"product_cat":[97,197,1701],"product_tag":[],"class_list":{"0":"post-16003","1":"product","2":"type-product","3":"status-publish","4":"has-post-thumbnail","6":"product_cat-alle-producten","7":"product_cat-anker","8":"product_cat-anker-bluetti","9":"pa_brand-anker","10":"pa_producttype-elektrische-koeler","12":"first","13":"outofstock","14":"taxable","15":"shipping-taxable","16":"product-type-simple"},"acf":[],"yoast_head":"<!-- This site is optimized with the Yoast SEO Premium plugin v27.2 (Yoast SEO v27.2) - https:\/\/yoast.com\/product\/yoast-seo-premium-wordpress\/ -->\n<title>Anker EverFrost 2 Electric Cooler 40L - koningdrone.be<\/title>\n<meta name=\"robots\" content=\"index, follow, max-snippet:-1, max-image-preview:large, max-video-preview:-1\" \/>\n<link rel=\"canonical\" href=\"https:\/\/koningdrone.be\/es\/producto\/anker-everfrost-2-electric-cooler-40l\/\" \/>\n<meta property=\"og:locale\" content=\"es_ES\" \/>\n<meta property=\"og:type\" content=\"article\" \/>\n<meta property=\"og:title\" content=\"Anker EverFrost 2 Electric Cooler 40L\" \/>\n<meta property=\"og:description\" content=\"Snelle koeling: koelt van 25\u00b0C naar 0\u00b0C in slechts 15 minuten  Lange gebruiksduur: tot 52 uur werking op \u00e9\u00e9n 288Wh batterij  Meerdere oplaadopties: compatibel met zonne-energie, auto-opladen en USB-C  Geen ijs nodig: meer ruimte voor voedsel en drank, geen wateroverlast  Draagbaar ontwerp: duurzame wielen en intrekbare handgreep voor gemakkelijk vervoer  Perfect voor outdoor: ideaal voor kamperen, roadtrips en tailgating-evenementen\" \/>\n<meta property=\"og:url\" content=\"https:\/\/koningdrone.be\/es\/producto\/anker-everfrost-2-electric-cooler-40l\/\" \/>\n<meta property=\"og:site_name\" content=\"koningdrone.be\" \/>\n<meta property=\"og:image\" content=\"https:\/\/koningdrone.be\/wp-content\/uploads\/sites\/13\/2026\/01\/Group_2121235121-Photoroom_2_3840x.png\" \/>\n\t<meta property=\"og:image:width\" content=\"1280\" \/>\n\t<meta property=\"og:image:height\" content=\"1072\" \/>\n\t<meta property=\"og:image:type\" content=\"image\/png\" \/>\n<meta name=\"twitter:card\" content=\"summary_large_image\" \/>\n<meta name=\"twitter:label1\" content=\"Tiempo de lectura\" \/>\n\t<meta name=\"twitter:data1\" content=\"1 minuto\" \/>\n<script type=\"application\/ld+json\" class=\"yoast-schema-graph\">{\"@context\":\"https:\/\/schema.org\",\"@graph\":[{\"@type\":\"WebPage\",\"@id\":\"https:\/\/koningdrone.be\/product\/anker-everfrost-2-electric-cooler-40l\/\",\"url\":\"https:\/\/koningdrone.be\/product\/anker-everfrost-2-electric-cooler-40l\/\",\"name\":\"Anker EverFrost 2 Electric Cooler 40L - koningdrone.be\",\"isPartOf\":{\"@id\":\"https:\/\/koningdrone.be\/#website\"},\"primaryImageOfPage\":{\"@id\":\"https:\/\/koningdrone.be\/product\/anker-everfrost-2-electric-cooler-40l\/#primaryimage\"},\"image\":{\"@id\":\"https:\/\/koningdrone.be\/product\/anker-everfrost-2-electric-cooler-40l\/#primaryimage\"},\"thumbnailUrl\":\"https:\/\/koningdrone.be\/wp-content\/uploads\/sites\/13\/2026\/01\/Group_2121235121-Photoroom_2_3840x.png\",\"datePublished\":\"2025-09-01T14:21:28+00:00\",\"breadcrumb\":{\"@id\":\"https:\/\/koningdrone.be\/product\/anker-everfrost-2-electric-cooler-40l\/#breadcrumb\"},\"inLanguage\":\"es\",\"potentialAction\":[{\"@type\":\"ReadAction\",\"target\":[\"https:\/\/koningdrone.be\/product\/anker-everfrost-2-electric-cooler-40l\/\"]}]},{\"@type\":\"ImageObject\",\"inLanguage\":\"es\",\"@id\":\"https:\/\/koningdrone.be\/product\/anker-everfrost-2-electric-cooler-40l\/#primaryimage\",\"url\":\"https:\/\/koningdrone.be\/wp-content\/uploads\/sites\/13\/2026\/01\/Group_2121235121-Photoroom_2_3840x.png\",\"contentUrl\":\"https:\/\/koningdrone.be\/wp-content\/uploads\/sites\/13\/2026\/01\/Group_2121235121-Photoroom_2_3840x.png\",\"width\":1280,\"height\":1072},{\"@type\":\"BreadcrumbList\",\"@id\":\"https:\/\/koningdrone.be\/product\/anker-everfrost-2-electric-cooler-40l\/#breadcrumb\",\"itemListElement\":[{\"@type\":\"ListItem\",\"position\":1,\"name\":\"Home\",\"item\":\"https:\/\/koningdrone.be\/\"},{\"@type\":\"ListItem\",\"position\":2,\"name\":\"AVSS Parachute Recovery System for DJI Matrice 300\/350\",\"item\":\"https:\/\/koningdrone.be\/product\/avss-parachute-recovery-system-for-dji-matrice-300-350\/\"},{\"@type\":\"ListItem\",\"position\":3,\"name\":\"Alle producten\",\"item\":\"https:\/\/koningdrone.be\/categorie\/alle-producten\/\"},{\"@type\":\"ListItem\",\"position\":4,\"name\":\"Anker EverFrost 2 Electric Cooler 40L\"}]},{\"@type\":\"WebSite\",\"@id\":\"https:\/\/koningdrone.be\/#website\",\"url\":\"https:\/\/koningdrone.be\/\",\"name\":\"Koningdrone.be - Uw online specialist in drones, gimbals, camera's en power stations.\",\"description\":\"De webshop in drones en gimbals\",\"publisher\":{\"@id\":\"https:\/\/koningdrone.be\/#organization\"},\"potentialAction\":[{\"@type\":\"SearchAction\",\"target\":{\"@type\":\"EntryPoint\",\"urlTemplate\":\"https:\/\/koningdrone.be\/?s={search_term_string}\"},\"query-input\":{\"@type\":\"PropertyValueSpecification\",\"valueRequired\":true,\"valueName\":\"search_term_string\"}}],\"inLanguage\":\"es\"},{\"@type\":\"Organization\",\"@id\":\"https:\/\/koningdrone.be\/#organization\",\"name\":\"Koningdrone.be\",\"url\":\"https:\/\/koningdrone.be\/\",\"logo\":{\"@type\":\"ImageObject\",\"inLanguage\":\"es\",\"@id\":\"https:\/\/koningdrone.be\/#\/schema\/logo\/image\/\",\"url\":\"https:\/\/koningdrone.be\/wp-content\/uploads\/sites\/13\/2025\/04\/koningdrone-copyright-logo.svg\",\"contentUrl\":\"https:\/\/koningdrone.be\/wp-content\/uploads\/sites\/13\/2025\/04\/koningdrone-copyright-logo.svg\",\"width\":227,\"height\":38,\"caption\":\"Koningdrone.be\"},\"image\":{\"@id\":\"https:\/\/koningdrone.be\/#\/schema\/logo\/image\/\"}}]}<\/script>\n<!-- \/ Yoast SEO Premium plugin. -->","yoast_head_json":{"title":"Anker EverFrost 2 Electric Cooler 40L - koningdrone.be","robots":{"index":"index","follow":"follow","max-snippet":"max-snippet:-1","max-image-preview":"max-image-preview:large","max-video-preview":"max-video-preview:-1"},"canonical":"https:\/\/koningdrone.be\/es\/producto\/anker-everfrost-2-electric-cooler-40l\/","og_locale":"es_ES","og_type":"article","og_title":"Anker EverFrost 2 Electric Cooler 40L","og_description":"Snelle koeling: koelt van 25\u00b0C naar 0\u00b0C in slechts 15 minuten  Lange gebruiksduur: tot 52 uur werking op \u00e9\u00e9n 288Wh batterij  Meerdere oplaadopties: compatibel met zonne-energie, auto-opladen en USB-C  Geen ijs nodig: meer ruimte voor voedsel en drank, geen wateroverlast  Draagbaar ontwerp: duurzame wielen en intrekbare handgreep voor gemakkelijk vervoer  Perfect voor outdoor: ideaal voor kamperen, roadtrips en tailgating-evenementen","og_url":"https:\/\/koningdrone.be\/es\/producto\/anker-everfrost-2-electric-cooler-40l\/","og_site_name":"koningdrone.be","og_image":[{"width":1280,"height":1072,"url":"https:\/\/koningdrone.be\/wp-content\/uploads\/sites\/13\/2026\/01\/Group_2121235121-Photoroom_2_3840x.png","type":"image\/png"}],"twitter_card":"summary_large_image","twitter_misc":{"Tiempo de lectura":"1 minuto"},"schema":{"@context":"https:\/\/schema.org","@graph":[{"@type":"WebPage","@id":"https:\/\/koningdrone.be\/product\/anker-everfrost-2-electric-cooler-40l\/","url":"https:\/\/koningdrone.be\/product\/anker-everfrost-2-electric-cooler-40l\/","name":"Anker EverFrost 2 Electric Cooler 40L - koningdrone.be","isPartOf":{"@id":"https:\/\/koningdrone.be\/#website"},"primaryImageOfPage":{"@id":"https:\/\/koningdrone.be\/product\/anker-everfrost-2-electric-cooler-40l\/#primaryimage"},"image":{"@id":"https:\/\/koningdrone.be\/product\/anker-everfrost-2-electric-cooler-40l\/#primaryimage"},"thumbnailUrl":"https:\/\/koningdrone.be\/wp-content\/uploads\/sites\/13\/2026\/01\/Group_2121235121-Photoroom_2_3840x.png","datePublished":"2025-09-01T14:21:28+00:00","breadcrumb":{"@id":"https:\/\/koningdrone.be\/product\/anker-everfrost-2-electric-cooler-40l\/#breadcrumb"},"inLanguage":"es","potentialAction":[{"@type":"ReadAction","target":["https:\/\/koningdrone.be\/product\/anker-everfrost-2-electric-cooler-40l\/"]}]},{"@type":"ImageObject","inLanguage":"es","@id":"https:\/\/koningdrone.be\/product\/anker-everfrost-2-electric-cooler-40l\/#primaryimage","url":"https:\/\/koningdrone.be\/wp-content\/uploads\/sites\/13\/2026\/01\/Group_2121235121-Photoroom_2_3840x.png","contentUrl":"https:\/\/koningdrone.be\/wp-content\/uploads\/sites\/13\/2026\/01\/Group_2121235121-Photoroom_2_3840x.png","width":1280,"height":1072},{"@type":"BreadcrumbList","@id":"https:\/\/koningdrone.be\/product\/anker-everfrost-2-electric-cooler-40l\/#breadcrumb","itemListElement":[{"@type":"ListItem","position":1,"name":"Home","item":"https:\/\/koningdrone.be\/"},{"@type":"ListItem","position":2,"name":"AVSS Parachute Recovery System for DJI Matrice 300\/350","item":"https:\/\/koningdrone.be\/product\/avss-parachute-recovery-system-for-dji-matrice-300-350\/"},{"@type":"ListItem","position":3,"name":"Alle producten","item":"https:\/\/koningdrone.be\/categorie\/alle-producten\/"},{"@type":"ListItem","position":4,"name":"Anker EverFrost 2 Electric Cooler 40L"}]},{"@type":"WebSite","@id":"https:\/\/koningdrone.be\/#website","url":"https:\/\/koningdrone.be\/","name":"Koningdrone.be - Su especialista en l\u00ednea en drones, cardanes, c\u00e1maras y centrales el\u00e9ctricas.","description":"La tienda virtual de drones y cardanes","publisher":{"@id":"https:\/\/koningdrone.be\/#organization"},"potentialAction":[{"@type":"SearchAction","target":{"@type":"EntryPoint","urlTemplate":"https:\/\/koningdrone.be\/?s={search_term_string}"},"query-input":{"@type":"PropertyValueSpecification","valueRequired":true,"valueName":"search_term_string"}}],"inLanguage":"es"},{"@type":"Organization","@id":"https:\/\/koningdrone.be\/#organization","name":"Kingdrone.es","url":"https:\/\/koningdrone.be\/","logo":{"@type":"ImageObject","inLanguage":"es","@id":"https:\/\/koningdrone.be\/#\/schema\/logo\/image\/","url":"https:\/\/koningdrone.be\/wp-content\/uploads\/sites\/13\/2025\/04\/koningdrone-copyright-logo.svg","contentUrl":"https:\/\/koningdrone.be\/wp-content\/uploads\/sites\/13\/2025\/04\/koningdrone-copyright-logo.svg","width":227,"height":38,"caption":"Koningdrone.be"},"image":{"@id":"https:\/\/koningdrone.be\/#\/schema\/logo\/image\/"}}]}},"df_price":"","df_sale_price":"","df_regular_price":"","df_image_link":"https:\/\/koningdrone.be\/wp-content\/uploads\/sites\/13\/2026\/01\/Group_2121235121-Photoroom_2_3840x-300x251.png","_links":{"self":[{"href":"https:\/\/koningdrone.be\/es\/wp-json\/wp\/v2\/product\/16003","targetHints":{"allow":["GET"]}}],"collection":[{"href":"https:\/\/koningdrone.be\/es\/wp-json\/wp\/v2\/product"}],"about":[{"href":"https:\/\/koningdrone.be\/es\/wp-json\/wp\/v2\/types\/product"}],"wp:featuredmedia":[{"embeddable":true,"href":"https:\/\/koningdrone.be\/es\/wp-json\/wp\/v2\/media\/15997"}],"wp:attachment":[{"href":"https:\/\/koningdrone.be\/es\/wp-json\/wp\/v2\/media?parent=16003"}],"wp:term":[{"taxonomy":"product_brand","embeddable":true,"href":"https:\/\/koningdrone.be\/es\/wp-json\/wp\/v2\/product_brand?post=16003"},{"taxonomy":"product_cat","embeddable":true,"href":"https:\/\/koningdrone.be\/es\/wp-json\/wp\/v2\/product_cat?post=16003"},{"taxonomy":"product_tag","embeddable":true,"href":"https:\/\/koningdrone.be\/es\/wp-json\/wp\/v2\/product_tag?post=16003"}],"curies":[{"name":"wp","href":"https:\/\/api.w.org\/{rel}","templated":true}]}}