{"id":15996,"date":"2025-10-06T10:23:11","date_gmt":"2025-10-06T08:23:11","guid":{"rendered":"https:\/\/koningdrone.be\/product\/dji-mini-5-pro-two-way-charging-hub\/"},"modified":"2026-04-29T03:50:59","modified_gmt":"2026-04-29T01:50:59","slug":"dji-mini-5-pro-two-way-charging-hub","status":"publish","type":"product","link":"https:\/\/koningdrone.be\/es\/producto\/dji-mini-5-pro-two-way-charging-hub\/","title":{"rendered":"Hub de carga bidireccional DJI Mini 5 Pro"},"content":{"rendered":"<p>El Hub de Carga bidireccional DJI Mini 5 Pro distribuye y recoge la carga restante de varias bater\u00edas, transfiriendo energ\u00eda a la bater\u00eda con la carga m\u00e1s alta. Combinado con el Cargador Port\u00e1til DJI 65W, carga tres Bater\u00edas de Vuelo Inteligente est\u00e1ndar en unas 2 horas y tres unidades de Bater\u00eda de Vuelo Inteligente Plus en unas 3 horas*. El concentrador tambi\u00e9n puede cargar r\u00e1pidamente dispositivos m\u00f3viles y controladores. Cargador no incluido.<\/p>","protected":false},"excerpt":{"rendered":"<ul>\n<li>Recoge y distribuye la carga restante entre las bater\u00edas para una carga m\u00e1s eficiente<\/li>\n<li>Carga r\u00e1pidamente tres bater\u00edas Mini 5 Pro con el cargador port\u00e1til DJI 65W<\/li>\n<li>Tambi\u00e9n se puede utilizar para cargar r\u00e1pidamente mandos y smartphones<\/li>\n<li>Dise\u00f1o sencillo y port\u00e1til para viajar<\/li>\n<\/ul>","protected":false},"featured_media":15990,"template":"","meta":{"_acf_changed":false},"product_brand":[],"product_cat":[1698,1699],"product_tag":[],"class_list":{"0":"post-15996","1":"product","2":"type-product","3":"status-publish","4":"has-post-thumbnail","6":"product_cat-dji-mini-5-pro","7":"product_cat-oukitel-zonnepanelen","8":"product_shipping_class-acsystemsall","10":"first","11":"instock","12":"taxable","13":"shipping-taxable","14":"purchasable","15":"product-type-simple"},"acf":[],"yoast_head":"<!-- This site is optimized with the Yoast SEO Premium plugin v27.2 (Yoast SEO v27.2) - https:\/\/yoast.com\/product\/yoast-seo-premium-wordpress\/ -->\n<title>DJI Mini 5 Pro Two-Way Charging Hub - koningdrone.be<\/title>\n<meta name=\"robots\" content=\"index, follow, max-snippet:-1, max-image-preview:large, max-video-preview:-1\" \/>\n<link rel=\"canonical\" href=\"https:\/\/koningdrone.be\/es\/producto\/dji-mini-5-pro-two-way-charging-hub\/\" \/>\n<meta property=\"og:locale\" content=\"es_ES\" \/>\n<meta property=\"og:type\" content=\"article\" \/>\n<meta property=\"og:title\" content=\"DJI Mini 5 Pro Two-Way Charging Hub\" \/>\n<meta property=\"og:description\" content=\"Verzamelt en verdeelt resterende lading tussen batterijen voor effici\u00ebnter opladen  Snel opladen van drie Mini 5 Pro batterijen met de DJI 65W Portable Charger  Ook te gebruiken om controllers en smartphones snel op te laden  Eenvoudig en draagbaar ontwerp voor reizen\" \/>\n<meta property=\"og:url\" content=\"https:\/\/koningdrone.be\/es\/producto\/dji-mini-5-pro-two-way-charging-hub\/\" \/>\n<meta property=\"og:site_name\" content=\"koningdrone.be\" \/>\n<meta property=\"article:modified_time\" content=\"2026-04-29T01:50:59+00:00\" \/>\n<meta property=\"og:image\" content=\"https:\/\/koningdrone.be\/wp-content\/uploads\/sites\/13\/2026\/01\/fe59a9e85f65686afb51d41c0722270f@origin-1-scaled-1.jpg\" \/>\n\t<meta property=\"og:image:width\" content=\"2560\" \/>\n\t<meta property=\"og:image:height\" content=\"1707\" \/>\n\t<meta property=\"og:image:type\" content=\"image\/jpeg\" \/>\n<meta name=\"twitter:card\" content=\"summary_large_image\" \/>\n<meta name=\"twitter:label1\" content=\"Tiempo de lectura\" \/>\n\t<meta name=\"twitter:data1\" content=\"1 minuto\" \/>\n<script type=\"application\/ld+json\" class=\"yoast-schema-graph\">{\"@context\":\"https:\/\/schema.org\",\"@graph\":[{\"@type\":\"WebPage\",\"@id\":\"https:\/\/koningdrone.be\/product\/dji-mini-5-pro-two-way-charging-hub\/\",\"url\":\"https:\/\/koningdrone.be\/product\/dji-mini-5-pro-two-way-charging-hub\/\",\"name\":\"DJI Mini 5 Pro Two-Way Charging Hub - koningdrone.be\",\"isPartOf\":{\"@id\":\"https:\/\/koningdrone.be\/#website\"},\"primaryImageOfPage\":{\"@id\":\"https:\/\/koningdrone.be\/product\/dji-mini-5-pro-two-way-charging-hub\/#primaryimage\"},\"image\":{\"@id\":\"https:\/\/koningdrone.be\/product\/dji-mini-5-pro-two-way-charging-hub\/#primaryimage\"},\"thumbnailUrl\":\"https:\/\/koningdrone.be\/wp-content\/uploads\/sites\/13\/2026\/01\/fe59a9e85f65686afb51d41c0722270f@origin-1-scaled-1.jpg\",\"datePublished\":\"2025-10-06T08:23:11+00:00\",\"dateModified\":\"2026-04-29T01:50:59+00:00\",\"breadcrumb\":{\"@id\":\"https:\/\/koningdrone.be\/product\/dji-mini-5-pro-two-way-charging-hub\/#breadcrumb\"},\"inLanguage\":\"es\",\"potentialAction\":[{\"@type\":\"ReadAction\",\"target\":[\"https:\/\/koningdrone.be\/product\/dji-mini-5-pro-two-way-charging-hub\/\"]}]},{\"@type\":\"ImageObject\",\"inLanguage\":\"es\",\"@id\":\"https:\/\/koningdrone.be\/product\/dji-mini-5-pro-two-way-charging-hub\/#primaryimage\",\"url\":\"https:\/\/koningdrone.be\/wp-content\/uploads\/sites\/13\/2026\/01\/fe59a9e85f65686afb51d41c0722270f@origin-1-scaled-1.jpg\",\"contentUrl\":\"https:\/\/koningdrone.be\/wp-content\/uploads\/sites\/13\/2026\/01\/fe59a9e85f65686afb51d41c0722270f@origin-1-scaled-1.jpg\",\"width\":2560,\"height\":1707},{\"@type\":\"BreadcrumbList\",\"@id\":\"https:\/\/koningdrone.be\/product\/dji-mini-5-pro-two-way-charging-hub\/#breadcrumb\",\"itemListElement\":[{\"@type\":\"ListItem\",\"position\":1,\"name\":\"Home\",\"item\":\"https:\/\/koningdrone.be\/\"},{\"@type\":\"ListItem\",\"position\":2,\"name\":\"AVSS Parachute Recovery System for DJI Matrice 300\/350\",\"item\":\"https:\/\/koningdrone.be\/product\/avss-parachute-recovery-system-for-dji-matrice-300-350\/\"},{\"@type\":\"ListItem\",\"position\":3,\"name\":\"DJI Mini 5 Pro\",\"item\":\"https:\/\/koningdrone.be\/categorie\/dji-mini-5-pro\/\"},{\"@type\":\"ListItem\",\"position\":4,\"name\":\"DJI Mini 5 Pro Two-Way Charging Hub\"}]},{\"@type\":\"WebSite\",\"@id\":\"https:\/\/koningdrone.be\/#website\",\"url\":\"https:\/\/koningdrone.be\/\",\"name\":\"Koningdrone.be - Uw online specialist in drones, gimbals, camera's en power stations.\",\"description\":\"De webshop in drones en gimbals\",\"publisher\":{\"@id\":\"https:\/\/koningdrone.be\/#organization\"},\"potentialAction\":[{\"@type\":\"SearchAction\",\"target\":{\"@type\":\"EntryPoint\",\"urlTemplate\":\"https:\/\/koningdrone.be\/?s={search_term_string}\"},\"query-input\":{\"@type\":\"PropertyValueSpecification\",\"valueRequired\":true,\"valueName\":\"search_term_string\"}}],\"inLanguage\":\"es\"},{\"@type\":\"Organization\",\"@id\":\"https:\/\/koningdrone.be\/#organization\",\"name\":\"Koningdrone.be\",\"url\":\"https:\/\/koningdrone.be\/\",\"logo\":{\"@type\":\"ImageObject\",\"inLanguage\":\"es\",\"@id\":\"https:\/\/koningdrone.be\/#\/schema\/logo\/image\/\",\"url\":\"https:\/\/koningdrone.be\/wp-content\/uploads\/sites\/13\/2025\/04\/koningdrone-copyright-logo.svg\",\"contentUrl\":\"https:\/\/koningdrone.be\/wp-content\/uploads\/sites\/13\/2025\/04\/koningdrone-copyright-logo.svg\",\"width\":227,\"height\":38,\"caption\":\"Koningdrone.be\"},\"image\":{\"@id\":\"https:\/\/koningdrone.be\/#\/schema\/logo\/image\/\"}}]}<\/script>\n<!-- \/ Yoast SEO Premium plugin. -->","yoast_head_json":{"title":"DJI Mini 5 Pro Two-Way Charging Hub - koningdrone.be","robots":{"index":"index","follow":"follow","max-snippet":"max-snippet:-1","max-image-preview":"max-image-preview:large","max-video-preview":"max-video-preview:-1"},"canonical":"https:\/\/koningdrone.be\/es\/producto\/dji-mini-5-pro-two-way-charging-hub\/","og_locale":"es_ES","og_type":"article","og_title":"DJI Mini 5 Pro Two-Way Charging Hub","og_description":"Verzamelt en verdeelt resterende lading tussen batterijen voor effici\u00ebnter opladen  Snel opladen van drie Mini 5 Pro batterijen met de DJI 65W Portable Charger  Ook te gebruiken om controllers en smartphones snel op te laden  Eenvoudig en draagbaar ontwerp voor reizen","og_url":"https:\/\/koningdrone.be\/es\/producto\/dji-mini-5-pro-two-way-charging-hub\/","og_site_name":"koningdrone.be","article_modified_time":"2026-04-29T01:50:59+00:00","og_image":[{"width":2560,"height":1707,"url":"https:\/\/koningdrone.be\/wp-content\/uploads\/sites\/13\/2026\/01\/fe59a9e85f65686afb51d41c0722270f@origin-1-scaled-1.jpg","type":"image\/jpeg"}],"twitter_card":"summary_large_image","twitter_misc":{"Tiempo de lectura":"1 minuto"},"schema":{"@context":"https:\/\/schema.org","@graph":[{"@type":"WebPage","@id":"https:\/\/koningdrone.be\/product\/dji-mini-5-pro-two-way-charging-hub\/","url":"https:\/\/koningdrone.be\/product\/dji-mini-5-pro-two-way-charging-hub\/","name":"DJI Mini 5 Pro Two-Way Charging Hub - koningdrone.be","isPartOf":{"@id":"https:\/\/koningdrone.be\/#website"},"primaryImageOfPage":{"@id":"https:\/\/koningdrone.be\/product\/dji-mini-5-pro-two-way-charging-hub\/#primaryimage"},"image":{"@id":"https:\/\/koningdrone.be\/product\/dji-mini-5-pro-two-way-charging-hub\/#primaryimage"},"thumbnailUrl":"https:\/\/koningdrone.be\/wp-content\/uploads\/sites\/13\/2026\/01\/fe59a9e85f65686afb51d41c0722270f@origin-1-scaled-1.jpg","datePublished":"2025-10-06T08:23:11+00:00","dateModified":"2026-04-29T01:50:59+00:00","breadcrumb":{"@id":"https:\/\/koningdrone.be\/product\/dji-mini-5-pro-two-way-charging-hub\/#breadcrumb"},"inLanguage":"es","potentialAction":[{"@type":"ReadAction","target":["https:\/\/koningdrone.be\/product\/dji-mini-5-pro-two-way-charging-hub\/"]}]},{"@type":"ImageObject","inLanguage":"es","@id":"https:\/\/koningdrone.be\/product\/dji-mini-5-pro-two-way-charging-hub\/#primaryimage","url":"https:\/\/koningdrone.be\/wp-content\/uploads\/sites\/13\/2026\/01\/fe59a9e85f65686afb51d41c0722270f@origin-1-scaled-1.jpg","contentUrl":"https:\/\/koningdrone.be\/wp-content\/uploads\/sites\/13\/2026\/01\/fe59a9e85f65686afb51d41c0722270f@origin-1-scaled-1.jpg","width":2560,"height":1707},{"@type":"BreadcrumbList","@id":"https:\/\/koningdrone.be\/product\/dji-mini-5-pro-two-way-charging-hub\/#breadcrumb","itemListElement":[{"@type":"ListItem","position":1,"name":"Home","item":"https:\/\/koningdrone.be\/"},{"@type":"ListItem","position":2,"name":"AVSS Parachute Recovery System for DJI Matrice 300\/350","item":"https:\/\/koningdrone.be\/product\/avss-parachute-recovery-system-for-dji-matrice-300-350\/"},{"@type":"ListItem","position":3,"name":"DJI Mini 5 Pro","item":"https:\/\/koningdrone.be\/categorie\/dji-mini-5-pro\/"},{"@type":"ListItem","position":4,"name":"DJI Mini 5 Pro Two-Way Charging Hub"}]},{"@type":"WebSite","@id":"https:\/\/koningdrone.be\/#website","url":"https:\/\/koningdrone.be\/","name":"Koningdrone.be - Su especialista en l\u00ednea en drones, cardanes, c\u00e1maras y centrales el\u00e9ctricas.","description":"La tienda virtual de drones y cardanes","publisher":{"@id":"https:\/\/koningdrone.be\/#organization"},"potentialAction":[{"@type":"SearchAction","target":{"@type":"EntryPoint","urlTemplate":"https:\/\/koningdrone.be\/?s={search_term_string}"},"query-input":{"@type":"PropertyValueSpecification","valueRequired":true,"valueName":"search_term_string"}}],"inLanguage":"es"},{"@type":"Organization","@id":"https:\/\/koningdrone.be\/#organization","name":"Kingdrone.es","url":"https:\/\/koningdrone.be\/","logo":{"@type":"ImageObject","inLanguage":"es","@id":"https:\/\/koningdrone.be\/#\/schema\/logo\/image\/","url":"https:\/\/koningdrone.be\/wp-content\/uploads\/sites\/13\/2025\/04\/koningdrone-copyright-logo.svg","contentUrl":"https:\/\/koningdrone.be\/wp-content\/uploads\/sites\/13\/2025\/04\/koningdrone-copyright-logo.svg","width":227,"height":38,"caption":"Koningdrone.be"},"image":{"@id":"https:\/\/koningdrone.be\/#\/schema\/logo\/image\/"}}]}},"df_price":47,"df_sale_price":"","df_regular_price":47,"df_image_link":"https:\/\/koningdrone.be\/wp-content\/uploads\/sites\/13\/2026\/01\/fe59a9e85f65686afb51d41c0722270f@origin-1-scaled-1-300x200.jpg","_links":{"self":[{"href":"https:\/\/koningdrone.be\/es\/wp-json\/wp\/v2\/product\/15996","targetHints":{"allow":["GET"]}}],"collection":[{"href":"https:\/\/koningdrone.be\/es\/wp-json\/wp\/v2\/product"}],"about":[{"href":"https:\/\/koningdrone.be\/es\/wp-json\/wp\/v2\/types\/product"}],"wp:featuredmedia":[{"embeddable":true,"href":"https:\/\/koningdrone.be\/es\/wp-json\/wp\/v2\/media\/15990"}],"wp:attachment":[{"href":"https:\/\/koningdrone.be\/es\/wp-json\/wp\/v2\/media?parent=15996"}],"wp:term":[{"taxonomy":"product_brand","embeddable":true,"href":"https:\/\/koningdrone.be\/es\/wp-json\/wp\/v2\/product_brand?post=15996"},{"taxonomy":"product_cat","embeddable":true,"href":"https:\/\/koningdrone.be\/es\/wp-json\/wp\/v2\/product_cat?post=15996"},{"taxonomy":"product_tag","embeddable":true,"href":"https:\/\/koningdrone.be\/es\/wp-json\/wp\/v2\/product_tag?post=15996"}],"curies":[{"name":"wp","href":"https:\/\/api.w.org\/{rel}","templated":true}]}}