{"id":15967,"date":"2025-10-06T10:22:56","date_gmt":"2025-10-06T08:22:56","guid":{"rendered":"https:\/\/koningdrone.be\/product\/dji-mini-5-pro-fly-more-combo-dji-rc-2\/"},"modified":"2026-04-29T04:10:40","modified_gmt":"2026-04-29T02:10:40","slug":"dji-mini-5-pro-fly-more-combo-dji-rc-2","status":"publish","type":"product","link":"https:\/\/koningdrone.be\/es\/producto\/dji-mini-5-pro-fly-more-combo-dji-rc-2\/","title":{"rendered":"DJI Mini 5 Pro Fly More Combo (DJI RC 2)"},"content":{"rendered":"<h3>DJI Mini 5 Pro Fly More Combo: Potencia profesional en tama\u00f1o de bolsillo<\/h3>\n<p><iframe loading=\"lazy\" title=\"DJI MINI 5 PRO UNBOXING - FLY MORE COMBO RC 2\" width=\"800\" height=\"450\" src=\"https:\/\/www.youtube.com\/embed\/SxCxQwLpNfc?feature=oembed&#038;enablejsapi=1&#038;origin=https:\/\/koningdrone.be\" frameborder=\"0\" allow=\"accelerometer; autoplay; clipboard-write; encrypted-media; gyroscope; picture-in-picture; web-share\" referrerpolicy=\"strict-origin-when-cross-origin\" allowfullscreen><\/iframe><\/p>\n<p style=\"margin: 20px 0\">En <strong>DJI Mini 5 Pro con DJI RC 2<\/strong> es la m\u00e1xima expresi\u00f3n de la sofisticaci\u00f3n tecnol\u00f3gica. Este dron demuestra que no se necesita un equipo pesado para obtener resultados cinematogr\u00e1ficos. Pesa menos de <strong>249 gramos<\/strong> el Mini 5 Pro elude muchas de las complejas regulaciones, al tiempo que ofrece un rendimiento antes impensable en esta categor\u00eda de peso. El Fly More Combo lleva esta experiencia al siguiente nivel, proporcion\u00e1ndote la resistencia necesaria para un d\u00eda completo de creaci\u00f3n de contenidos. Tanto si viajas por el mundo como si capturas joyas locales, la Mini 5 Pro es tu equipo de filmaci\u00f3n invisible que siempre est\u00e1 listo para salir.<\/p>\n<p><a href=\"https:\/\/koningdrone.nl\/wp-content\/uploads\/2025\/10\/DJI-Mini-5-Pro-Fly-More-Combo-DJI-RC-2.jpg\"><img loading=\"lazy\" decoding=\"async\" class=\"size-medium wp-image-472520 aligncenter\" src=\"https:\/\/koningdrone.nl\/wp-content\/uploads\/2025\/10\/DJI-Mini-5-Pro-Fly-More-Combo-DJI-RC-2-300x300.jpg\" alt=\"DJI Mini 5 Pro Fly More Combo (DJI RC 2)\" width=\"300\" height=\"300\" \/><\/a><\/p>\n<h4>Im\u00e1genes de calidad superior y autonom\u00eda inteligente<\/h4>\n<p>A pesar de su modesto tama\u00f1o, el Mini 5 Pro alberga una c\u00e1mara bestial:<\/p>\n<ul>\n<li><strong>V\u00eddeo HDR 4K\/60 fps y disparo vertical real:<\/strong> Capture im\u00e1genes fluidas con un rango din\u00e1mico asombroso. La exclusiva construcci\u00f3n del card\u00e1n permite que la c\u00e1mara gire 90\u00b0 para realizar tomas verticales sin p\u00e9rdidas, perfectas para contenidos de alta gama en redes sociales como Reels y TikToks.<\/li>\n<li><strong>ActiveTrack 360\u00b0 y QuickShots:<\/strong> Gracias al seguimiento IA mejorado, el dron capta el sujeto desde todos los \u00e1ngulos mientras calcula de forma aut\u00f3noma complejas trayectorias de vuelo. Con solo pulsar un bot\u00f3n, el dron realiza maniobras profesionales como \u2018Dronie\u2019, \u2018C\u00edrculo\u2019 y \u2018H\u00e9lice\u2019.<\/li>\n<li><strong>Detecci\u00f3n de obst\u00e1culos omnidireccional:<\/strong> Por primera vez en la serie Mini, disfrutar\u00e1 de una seguridad total de 360 grados. Los sensores situados en todos los lados garantizan que el dron esquiva de forma proactiva \u00e1rboles, muros y otros obst\u00e1culos, lo que le proporciona una tranquilidad sin precedentes mientras vuela.<\/li>\n<\/ul>\n<h4>La experiencia DJI RC 2 y vuela con m\u00e1s resistencia<\/h4>\n<p>El hardware est\u00e1 optimizado para la velocidad, la autonom\u00eda y el uso a largo plazo:<\/p>\n<ul>\n<li><strong>Controlador Inteligente DJI RC 2:<\/strong> Olv\u00eddese de las molestias de los cables y las notificaciones del smartphone. El RC 2 incorpora una n\u00edtida pantalla HD de 5,5 pulgadas y potentes antenas para una transmisi\u00f3n de v\u00eddeo estable. Estar\u00e1s operativo a los pocos segundos de desplegar el dron.<\/li>\n<li><strong>Fly More Combo Ventajas:<\/strong> Este paquete incluye tres bater\u00edas de vuelo inteligente, que le proporcionan hasta <strong>M\u00e1s de 100 minutos de vuelo en total<\/strong> El Hub de carga bidireccional incluido no s\u00f3lo carga las bater\u00edas, sino que tambi\u00e9n puede actuar como banco de energ\u00eda para el tel\u00e9fono o el mando.<\/li>\n<li><strong>Transmisi\u00f3n mejorada:<\/strong> Gracias al \u00faltimo sistema O4, disfrutar\u00e1s de una emisi\u00f3n en directo HD extremadamente estable, incluso en entornos con muchas interferencias, para que puedas llevar al l\u00edmite tu creatividad con total confianza.<\/li>\n<\/ul>\n<p><a href=\"https:\/\/koningdrone.nl\/wp-content\/uploads\/2025\/10\/DJI-Mini-5-Pro-Product-Fly-More-Combo-DJI-RC-2.jpg\"><img loading=\"lazy\" decoding=\"async\" class=\"size-medium wp-image-472517 aligncenter\" src=\"https:\/\/koningdrone.nl\/wp-content\/uploads\/2025\/10\/DJI-Mini-5-Pro-Product-Fly-More-Combo-DJI-RC-2-300x300.jpg\" alt=\"DJI Mini 5 Pro Product Fly More Combo (DJI RC 2)\" width=\"300\" height=\"300\" \/><\/a><\/p>\n<h4>Por qu\u00e9 el combo DJI Mini 5 Pro Fly More es indispensable<\/h4>\n<p>Para el creador moderno, el Mini 5 Pro es la inversi\u00f3n m\u00e1s inteligente de su arsenal. Es el \u00fanico dron que ofrece calidad 4K profesional y seguridad omnidireccional en un paquete que cabe en el bolsillo. El Fly More Combo elimina la \u2018ansiedad de la bater\u00eda\u2019 y asegura que nunca se pierda la luz perfecta porque necesita recargar. Con el Mini 5 Pro, tendr\u00e1s la potencia de un estudio profesional contigo all\u00e1 donde te lleve tu aventura.<\/p>","protected":false},"excerpt":{"rendered":"<ul>\n<li>Sensor CMOS de 1 pulgada para mejorar la calidad de imagen y el rendimiento con poca luz<\/li>\n<li>Detecci\u00f3n de obst\u00e1culos omnidireccional y ActiveTrack 360\u00b0 mejorado para un seguimiento seguro<\/li>\n<li>Disparo vertical real y rotaci\u00f3n del card\u00e1n de 225\u00b0 para \u00e1ngulos verticales creativos y \u00fanicos<\/li>\n<li>Fly More Combo con bater\u00edas adicionales y hub de carga para jornadas de grabaci\u00f3n m\u00e1s largas<\/li>\n<\/ul>","protected":false},"featured_media":18815,"template":"","meta":{"_acf_changed":false},"product_brand":[],"product_cat":[1698],"product_tag":[108],"class_list":{"0":"post-15967","1":"product","2":"type-product","3":"status-publish","4":"has-post-thumbnail","6":"product_cat-dji-mini-5-pro","7":"product_tag-acsystemsall","8":"product_shipping_class-acsystemsall","9":"pa_brand-dji","10":"pa_producttype-drone","11":"pa_series-mini","13":"first","14":"instock","15":"taxable","16":"shipping-taxable","17":"purchasable","18":"product-type-simple"},"acf":[],"yoast_head":"<!-- This site is optimized with the Yoast SEO Premium plugin v27.2 (Yoast SEO v27.2) - https:\/\/yoast.com\/product\/yoast-seo-premium-wordpress\/ -->\n<title>DJI Mini 5 Pro Fly More Combo (DJI RC 2) - koningdrone.be<\/title>\n<meta name=\"robots\" content=\"index, follow, max-snippet:-1, max-image-preview:large, max-video-preview:-1\" \/>\n<link rel=\"canonical\" href=\"https:\/\/koningdrone.be\/es\/producto\/dji-mini-5-pro-fly-more-combo-dji-rc-2\/\" \/>\n<meta property=\"og:locale\" content=\"es_ES\" \/>\n<meta property=\"og:type\" content=\"article\" \/>\n<meta property=\"og:title\" content=\"DJI Mini 5 Pro Fly More Combo (DJI RC 2)\" \/>\n<meta property=\"og:description\" content=\"1-inch CMOS-sensor voor betere beeldkwaliteit en prestaties bij weinig licht  Omnidirectionele obstakeldetectie en verbeterde ActiveTrack 360\u00b0 voor veilig volgen  True Vertical Shooting en 225\u00b0 gimbalrotatie voor creatieve verticale en unieke hoeken  Fly More Combo met extra batterijen en oplaadhub voor langere opnamedagen\" \/>\n<meta property=\"og:url\" content=\"https:\/\/koningdrone.be\/es\/producto\/dji-mini-5-pro-fly-more-combo-dji-rc-2\/\" \/>\n<meta property=\"og:site_name\" content=\"koningdrone.be\" \/>\n<meta property=\"article:modified_time\" content=\"2026-04-29T02:10:40+00:00\" \/>\n<meta property=\"og:image\" content=\"https:\/\/koningdrone.be\/wp-content\/uploads\/sites\/13\/2026\/04\/DJI-Mini-5-Pro-Fly-More-Combo-DJI-RC-2.jpg\" \/>\n\t<meta property=\"og:image:width\" content=\"2560\" \/>\n\t<meta property=\"og:image:height\" content=\"2560\" \/>\n\t<meta property=\"og:image:type\" content=\"image\/jpeg\" \/>\n<meta name=\"twitter:card\" content=\"summary_large_image\" \/>\n<meta name=\"twitter:label1\" content=\"Tiempo de lectura\" \/>\n\t<meta name=\"twitter:data1\" content=\"2 minutos\" \/>\n<script type=\"application\/ld+json\" class=\"yoast-schema-graph\">{\"@context\":\"https:\/\/schema.org\",\"@graph\":[{\"@type\":\"WebPage\",\"@id\":\"https:\/\/koningdrone.be\/product\/dji-mini-5-pro-fly-more-combo-dji-rc-2\/\",\"url\":\"https:\/\/koningdrone.be\/product\/dji-mini-5-pro-fly-more-combo-dji-rc-2\/\",\"name\":\"DJI Mini 5 Pro Fly More Combo (DJI RC 2) - koningdrone.be\",\"isPartOf\":{\"@id\":\"https:\/\/koningdrone.be\/#website\"},\"primaryImageOfPage\":{\"@id\":\"https:\/\/koningdrone.be\/product\/dji-mini-5-pro-fly-more-combo-dji-rc-2\/#primaryimage\"},\"image\":{\"@id\":\"https:\/\/koningdrone.be\/product\/dji-mini-5-pro-fly-more-combo-dji-rc-2\/#primaryimage\"},\"thumbnailUrl\":\"https:\/\/koningdrone.be\/wp-content\/uploads\/sites\/13\/2026\/04\/DJI-Mini-5-Pro-Fly-More-Combo-DJI-RC-2.jpg\",\"datePublished\":\"2025-10-06T08:22:56+00:00\",\"dateModified\":\"2026-04-29T02:10:40+00:00\",\"breadcrumb\":{\"@id\":\"https:\/\/koningdrone.be\/product\/dji-mini-5-pro-fly-more-combo-dji-rc-2\/#breadcrumb\"},\"inLanguage\":\"es\",\"potentialAction\":[{\"@type\":\"ReadAction\",\"target\":[\"https:\/\/koningdrone.be\/product\/dji-mini-5-pro-fly-more-combo-dji-rc-2\/\"]}]},{\"@type\":\"ImageObject\",\"inLanguage\":\"es\",\"@id\":\"https:\/\/koningdrone.be\/product\/dji-mini-5-pro-fly-more-combo-dji-rc-2\/#primaryimage\",\"url\":\"https:\/\/koningdrone.be\/wp-content\/uploads\/sites\/13\/2026\/04\/DJI-Mini-5-Pro-Fly-More-Combo-DJI-RC-2.jpg\",\"contentUrl\":\"https:\/\/koningdrone.be\/wp-content\/uploads\/sites\/13\/2026\/04\/DJI-Mini-5-Pro-Fly-More-Combo-DJI-RC-2.jpg\",\"width\":2560,\"height\":2560},{\"@type\":\"BreadcrumbList\",\"@id\":\"https:\/\/koningdrone.be\/product\/dji-mini-5-pro-fly-more-combo-dji-rc-2\/#breadcrumb\",\"itemListElement\":[{\"@type\":\"ListItem\",\"position\":1,\"name\":\"Home\",\"item\":\"https:\/\/koningdrone.be\/\"},{\"@type\":\"ListItem\",\"position\":2,\"name\":\"AVSS Parachute Recovery System for DJI Matrice 300\/350\",\"item\":\"https:\/\/koningdrone.be\/product\/avss-parachute-recovery-system-for-dji-matrice-300-350\/\"},{\"@type\":\"ListItem\",\"position\":3,\"name\":\"DJI Mini 5 Pro\",\"item\":\"https:\/\/koningdrone.be\/categorie\/dji-mini-5-pro\/\"},{\"@type\":\"ListItem\",\"position\":4,\"name\":\"DJI Mini 5 Pro Fly More Combo (DJI RC 2)\"}]},{\"@type\":\"WebSite\",\"@id\":\"https:\/\/koningdrone.be\/#website\",\"url\":\"https:\/\/koningdrone.be\/\",\"name\":\"Koningdrone.be - Uw online specialist in drones, gimbals, camera's en power stations.\",\"description\":\"De webshop in drones en gimbals\",\"publisher\":{\"@id\":\"https:\/\/koningdrone.be\/#organization\"},\"potentialAction\":[{\"@type\":\"SearchAction\",\"target\":{\"@type\":\"EntryPoint\",\"urlTemplate\":\"https:\/\/koningdrone.be\/?s={search_term_string}\"},\"query-input\":{\"@type\":\"PropertyValueSpecification\",\"valueRequired\":true,\"valueName\":\"search_term_string\"}}],\"inLanguage\":\"es\"},{\"@type\":\"Organization\",\"@id\":\"https:\/\/koningdrone.be\/#organization\",\"name\":\"Koningdrone.be\",\"url\":\"https:\/\/koningdrone.be\/\",\"logo\":{\"@type\":\"ImageObject\",\"inLanguage\":\"es\",\"@id\":\"https:\/\/koningdrone.be\/#\/schema\/logo\/image\/\",\"url\":\"https:\/\/koningdrone.be\/wp-content\/uploads\/sites\/13\/2025\/04\/koningdrone-copyright-logo.svg\",\"contentUrl\":\"https:\/\/koningdrone.be\/wp-content\/uploads\/sites\/13\/2025\/04\/koningdrone-copyright-logo.svg\",\"width\":227,\"height\":38,\"caption\":\"Koningdrone.be\"},\"image\":{\"@id\":\"https:\/\/koningdrone.be\/#\/schema\/logo\/image\/\"}}]}<\/script>\n<!-- \/ Yoast SEO Premium plugin. -->","yoast_head_json":{"title":"DJI Mini 5 Pro Fly More Combo (DJI RC 2) - koningdrone.be","robots":{"index":"index","follow":"follow","max-snippet":"max-snippet:-1","max-image-preview":"max-image-preview:large","max-video-preview":"max-video-preview:-1"},"canonical":"https:\/\/koningdrone.be\/es\/producto\/dji-mini-5-pro-fly-more-combo-dji-rc-2\/","og_locale":"es_ES","og_type":"article","og_title":"DJI Mini 5 Pro Fly More Combo (DJI RC 2)","og_description":"1-inch CMOS-sensor voor betere beeldkwaliteit en prestaties bij weinig licht  Omnidirectionele obstakeldetectie en verbeterde ActiveTrack 360\u00b0 voor veilig volgen  True Vertical Shooting en 225\u00b0 gimbalrotatie voor creatieve verticale en unieke hoeken  Fly More Combo met extra batterijen en oplaadhub voor langere opnamedagen","og_url":"https:\/\/koningdrone.be\/es\/producto\/dji-mini-5-pro-fly-more-combo-dji-rc-2\/","og_site_name":"koningdrone.be","article_modified_time":"2026-04-29T02:10:40+00:00","og_image":[{"width":2560,"height":2560,"url":"https:\/\/koningdrone.be\/wp-content\/uploads\/sites\/13\/2026\/04\/DJI-Mini-5-Pro-Fly-More-Combo-DJI-RC-2.jpg","type":"image\/jpeg"}],"twitter_card":"summary_large_image","twitter_misc":{"Tiempo de lectura":"2 minutos"},"schema":{"@context":"https:\/\/schema.org","@graph":[{"@type":"WebPage","@id":"https:\/\/koningdrone.be\/product\/dji-mini-5-pro-fly-more-combo-dji-rc-2\/","url":"https:\/\/koningdrone.be\/product\/dji-mini-5-pro-fly-more-combo-dji-rc-2\/","name":"DJI Mini 5 Pro Fly More Combo (DJI RC 2) - koningdrone.be","isPartOf":{"@id":"https:\/\/koningdrone.be\/#website"},"primaryImageOfPage":{"@id":"https:\/\/koningdrone.be\/product\/dji-mini-5-pro-fly-more-combo-dji-rc-2\/#primaryimage"},"image":{"@id":"https:\/\/koningdrone.be\/product\/dji-mini-5-pro-fly-more-combo-dji-rc-2\/#primaryimage"},"thumbnailUrl":"https:\/\/koningdrone.be\/wp-content\/uploads\/sites\/13\/2026\/04\/DJI-Mini-5-Pro-Fly-More-Combo-DJI-RC-2.jpg","datePublished":"2025-10-06T08:22:56+00:00","dateModified":"2026-04-29T02:10:40+00:00","breadcrumb":{"@id":"https:\/\/koningdrone.be\/product\/dji-mini-5-pro-fly-more-combo-dji-rc-2\/#breadcrumb"},"inLanguage":"es","potentialAction":[{"@type":"ReadAction","target":["https:\/\/koningdrone.be\/product\/dji-mini-5-pro-fly-more-combo-dji-rc-2\/"]}]},{"@type":"ImageObject","inLanguage":"es","@id":"https:\/\/koningdrone.be\/product\/dji-mini-5-pro-fly-more-combo-dji-rc-2\/#primaryimage","url":"https:\/\/koningdrone.be\/wp-content\/uploads\/sites\/13\/2026\/04\/DJI-Mini-5-Pro-Fly-More-Combo-DJI-RC-2.jpg","contentUrl":"https:\/\/koningdrone.be\/wp-content\/uploads\/sites\/13\/2026\/04\/DJI-Mini-5-Pro-Fly-More-Combo-DJI-RC-2.jpg","width":2560,"height":2560},{"@type":"BreadcrumbList","@id":"https:\/\/koningdrone.be\/product\/dji-mini-5-pro-fly-more-combo-dji-rc-2\/#breadcrumb","itemListElement":[{"@type":"ListItem","position":1,"name":"Home","item":"https:\/\/koningdrone.be\/"},{"@type":"ListItem","position":2,"name":"AVSS Parachute Recovery System for DJI Matrice 300\/350","item":"https:\/\/koningdrone.be\/product\/avss-parachute-recovery-system-for-dji-matrice-300-350\/"},{"@type":"ListItem","position":3,"name":"DJI Mini 5 Pro","item":"https:\/\/koningdrone.be\/categorie\/dji-mini-5-pro\/"},{"@type":"ListItem","position":4,"name":"DJI Mini 5 Pro Fly More Combo (DJI RC 2)"}]},{"@type":"WebSite","@id":"https:\/\/koningdrone.be\/#website","url":"https:\/\/koningdrone.be\/","name":"Koningdrone.be - Su especialista en l\u00ednea en drones, cardanes, c\u00e1maras y centrales el\u00e9ctricas.","description":"La tienda virtual de drones y cardanes","publisher":{"@id":"https:\/\/koningdrone.be\/#organization"},"potentialAction":[{"@type":"SearchAction","target":{"@type":"EntryPoint","urlTemplate":"https:\/\/koningdrone.be\/?s={search_term_string}"},"query-input":{"@type":"PropertyValueSpecification","valueRequired":true,"valueName":"search_term_string"}}],"inLanguage":"es"},{"@type":"Organization","@id":"https:\/\/koningdrone.be\/#organization","name":"Kingdrone.es","url":"https:\/\/koningdrone.be\/","logo":{"@type":"ImageObject","inLanguage":"es","@id":"https:\/\/koningdrone.be\/#\/schema\/logo\/image\/","url":"https:\/\/koningdrone.be\/wp-content\/uploads\/sites\/13\/2025\/04\/koningdrone-copyright-logo.svg","contentUrl":"https:\/\/koningdrone.be\/wp-content\/uploads\/sites\/13\/2025\/04\/koningdrone-copyright-logo.svg","width":227,"height":38,"caption":"Koningdrone.be"},"image":{"@id":"https:\/\/koningdrone.be\/#\/schema\/logo\/image\/"}}]}},"df_price":1059,"df_sale_price":"","df_regular_price":1059,"df_image_link":"https:\/\/koningdrone.be\/wp-content\/uploads\/sites\/13\/2026\/04\/DJI-Mini-5-Pro-Fly-More-Combo-DJI-RC-2-300x300.jpg","_links":{"self":[{"href":"https:\/\/koningdrone.be\/es\/wp-json\/wp\/v2\/product\/15967","targetHints":{"allow":["GET"]}}],"collection":[{"href":"https:\/\/koningdrone.be\/es\/wp-json\/wp\/v2\/product"}],"about":[{"href":"https:\/\/koningdrone.be\/es\/wp-json\/wp\/v2\/types\/product"}],"wp:featuredmedia":[{"embeddable":true,"href":"https:\/\/koningdrone.be\/es\/wp-json\/wp\/v2\/media\/18815"}],"wp:attachment":[{"href":"https:\/\/koningdrone.be\/es\/wp-json\/wp\/v2\/media?parent=15967"}],"wp:term":[{"taxonomy":"product_brand","embeddable":true,"href":"https:\/\/koningdrone.be\/es\/wp-json\/wp\/v2\/product_brand?post=15967"},{"taxonomy":"product_cat","embeddable":true,"href":"https:\/\/koningdrone.be\/es\/wp-json\/wp\/v2\/product_cat?post=15967"},{"taxonomy":"product_tag","embeddable":true,"href":"https:\/\/koningdrone.be\/es\/wp-json\/wp\/v2\/product_tag?post=15967"}],"curies":[{"name":"wp","href":"https:\/\/api.w.org\/{rel}","templated":true}]}}