{"id":15957,"date":"2025-10-06T10:21:45","date_gmt":"2025-10-06T08:21:45","guid":{"rendered":"https:\/\/koningdrone.be\/product\/dji-mini-5-pro-2\/"},"modified":"2026-04-29T04:30:39","modified_gmt":"2026-04-29T02:30:39","slug":"dji-mini-5-pro-2","status":"publish","type":"product","link":"https:\/\/koningdrone.be\/es\/producto\/dji-mini-5-pro-2\/","title":{"rendered":"DJI Mini 5 Pro (DJI RC-N3)"},"content":{"rendered":"<h3>DJI Mini 5 Pro: calidad de imagen sin l\u00edmites en una funda ultraligera<\/h3>\n<p><iframe loading=\"lazy\" title=\"DJI Mini 5 Pro: mini dron con c\u00e1mara CMOS de 1 pulgada todo en uno\" width=\"800\" height=\"450\" src=\"https:\/\/www.youtube.com\/embed\/jRzpagPx6uY?feature=oembed&#038;enablejsapi=1&#038;origin=https:\/\/koningdrone.be\" frameborder=\"0\" allow=\"accelerometer; autoplay; clipboard-write; encrypted-media; gyroscope; picture-in-picture; web-share\" referrerpolicy=\"strict-origin-when-cross-origin\" allowfullscreen><\/iframe><\/p>\n<p style=\"margin: 20px 0\">En <strong>DJI Mini 5 Pro con DJI RC-N3<\/strong> redefine lo que es posible dentro de la categor\u00eda de menos de 250 g. Donde antes los l\u00edmites de peso sol\u00edan asociarse a sensores m\u00e1s peque\u00f1os, la Mini 5 Pro rompe esta barrera con una espectacular <strong>Sensor CMOS de 1 pulgada<\/strong>. Esto significa que puede capturar im\u00e1genes 4K profesionales con un nivel de detalle y sensibilidad a la luz que antes solo estaba reservado a drones mucho m\u00e1s grandes. Gracias a su dise\u00f1o ultraligero, el dron entra en la favorable clase C0, lo que te permite volar con un equipo de sobremesa m\u00ednimo y la m\u00e1xima libertad. Es la c\u00e1mara definitiva para el cineasta viajero que no quiere renunciar a la calidad de imagen.<\/p>\n<p><a href=\"https:\/\/koningdrone.nl\/wp-content\/uploads\/2025\/10\/DJI-Mini-5-Pro-DJI-RC-N3.jpg\"><img loading=\"lazy\" decoding=\"async\" class=\"size-medium wp-image-472527 aligncenter\" src=\"https:\/\/koningdrone.nl\/wp-content\/uploads\/2025\/10\/DJI-Mini-5-Pro-DJI-RC-N3-300x300.jpg\" alt=\"DJI Mini 5 Pro (DJI RC-N3)\" width=\"300\" height=\"300\" \/><\/a><\/p>\n<h4>Sensor revolucionario de 1 pulgada y din\u00e1mica de vuelo AI<\/h4>\n<p>El Mini 5 Pro es una obra maestra t\u00e9cnica que a\u00fana inteligencia y potencia \u00f3ptica bruta:<\/p>\n<ul>\n<li><strong>CMOS de 1 pulgada y 4K HDR\/60fps:<\/strong> El sensor de gran tama\u00f1o permite utilizar p\u00edxeles m\u00e1s grandes, lo que se traduce en un rendimiento superior con poca luz y un impresionante rango din\u00e1mico. Tanto si se trata de una puesta de sol como de un paisaje urbano de alto contraste, la <strong>Fotos de 50 MP<\/strong> y los v\u00eddeos 4K siguen siendo n\u00edtidos y coloridos.<\/li>\n<li><strong>Detecci\u00f3n de obst\u00e1culos omnidireccional:<\/strong> A pesar de su tama\u00f1o compacto, el Mini 5 Pro est\u00e1 equipado con sensores que ven en todas direcciones. Esto proporciona una tranquilidad sin precedentes; el dron reconoce y evita obst\u00e1culos de forma proactiva, lo que te permite concentrarte por completo en componer tu toma.<\/li>\n<li><strong>ActiveTrack 360\u00b0:<\/strong> Con esta avanzada tecnolog\u00eda de seguimiento, el sujeto permanece siempre enfocado. El dron realiza movimientos fluidos y cinematogr\u00e1ficos alrededor del objetivo, anticip\u00e1ndose de forma inteligente a su entorno.<\/li>\n<\/ul>\n<h4>La experiencia DJI RC-N3 y una movilidad superior<\/h4>\n<p>Dise\u00f1ada para ofrecer velocidad, estabilidad y facilidad de uso sobre el terreno:<\/p>\n<ul>\n<li><strong>Controlador inteligente DJI RC-N3:<\/strong> El mando RC-N3 incluido cuenta con un <strong>pantalla integrada clara<\/strong>. Esto significa que ya no tendr\u00e1 que conectar un smartphone ni preocuparse por las llamadas entrantes mientras vuela. La interfaz es intuitiva y la conexi\u00f3n es extremadamente estable gracias a una tecnolog\u00eda de transmisi\u00f3n mejorada.<\/li>\n<li><strong>Dise\u00f1o sub-249 gramos:<\/strong> El Mini 5 Pro est\u00e1 dise\u00f1ado para mantenerse por debajo del l\u00edmite m\u00e1gico de 249 g, incluyendo bater\u00eda y h\u00e9lices. Esto no s\u00f3lo lo hace extremadamente port\u00e1til -cabe literalmente en el bolsillo de una chaqueta-, sino que tambi\u00e9n garantiza que puedas empezar a volar en la mayor\u00eda de las regiones sin necesidad de grandes permisos de vuelo.<\/li>\n<li><strong>Tiro vertical verdadero:<\/strong> Al igual que sus predecesoras, la Mini 5 Pro admite un card\u00e1n giratorio f\u00edsico para tomas verticales. Esto garantiza que el contenido de las redes sociales utilice toda la resoluci\u00f3n del sensor, sin p\u00e9rdida de calidad por recorte.<\/li>\n<\/ul>\n<p><a href=\"https:\/\/koningdrone.nl\/wp-content\/uploads\/2025\/10\/DJI-Mini-5-Pro-DJI-RC-N3-Product.jpg\"><img loading=\"lazy\" decoding=\"async\" class=\"size-medium wp-image-472524 aligncenter\" src=\"https:\/\/koningdrone.nl\/wp-content\/uploads\/2025\/10\/DJI-Mini-5-Pro-DJI-RC-N3-Product-300x300.jpg\" alt=\"DJI Mini 5 Pro (DJI RC-N3) Product\" width=\"300\" height=\"300\" \/><\/a><\/p>\n<h4>Por qu\u00e9 el DJI Mini 5 Pro es indispensable<\/h4>\n<p>La DJI Mini 5 Pro es la elecci\u00f3n m\u00e1s inteligente para el creador de contenidos moderno. Es la primera plataforma que combina un sensor completo de 1 pulgada con la portabilidad definitiva de la serie Mini. Tanto si eres un fot\u00f3grafo profesional que busca un dron de reserva que pueda ir a cualquier parte, como si eres un \u00e1vido viajero que busca inmortalizar sus aventuras con calidad cinematogr\u00e1fica; la Mini 5 Pro ofrece el equilibrio perfecto entre legislaci\u00f3n, movilidad y una potencia visual inigualable.<\/p>","protected":false},"excerpt":{"rendered":"<ul>\n<li>Drone compacto y ligero de menos de 250 g<\/li>\n<li>Sensor CMOS de 1 pulgada y fotos de 50 MP<\/li>\n<li>V\u00eddeo 4K HDR hasta 60 fps<\/li>\n<li>Detecci\u00f3n omnidireccional de obst\u00e1culos<\/li>\n<li>Controlador DJI RC-N3 con pantalla brillante<\/li>\n<li>Modos de vuelo avanzados como ActiveTrack 360<\/li>\n<li>Ideal para viajes, vlogging y contenido creativo<\/li>\n<\/ul>","protected":false},"featured_media":18823,"template":"","meta":{"_acf_changed":false},"product_brand":[],"product_cat":[1698,1699],"product_tag":[],"class_list":{"0":"post-15957","1":"product","2":"type-product","3":"status-publish","4":"has-post-thumbnail","6":"product_cat-dji-mini-5-pro","7":"product_cat-oukitel-zonnepanelen","8":"product_shipping_class-dronelandall","9":"pa_brand-dji","10":"pa_producttype-drone","11":"pa_series-mini","13":"first","14":"instock","15":"taxable","16":"shipping-taxable","17":"purchasable","18":"product-type-simple"},"acf":[],"yoast_head":"<!-- This site is optimized with the Yoast SEO Premium plugin v27.2 (Yoast SEO v27.2) - https:\/\/yoast.com\/product\/yoast-seo-premium-wordpress\/ -->\n<title>DJI Mini 5 Pro (DJI RC-N3) - koningdrone.be<\/title>\n<meta name=\"robots\" content=\"index, follow, max-snippet:-1, max-image-preview:large, max-video-preview:-1\" \/>\n<link rel=\"canonical\" href=\"https:\/\/koningdrone.be\/es\/producto\/dji-mini-5-pro-2\/\" \/>\n<meta property=\"og:locale\" content=\"es_ES\" \/>\n<meta property=\"og:type\" content=\"article\" \/>\n<meta property=\"og:title\" content=\"DJI Mini 5 Pro (DJI RC-N3)\" \/>\n<meta property=\"og:description\" content=\"Compacte en lichte drone onder 250\u202fg  1\u2011inch CMOS\u2011sensor en 50\u202fMP foto\u2019s  4K HDR video tot 60\u202ffps  Omnidirectionele obstakeldetectie  DJI RC\u2011N3 controller met helder scherm  Geavanceerde vliegmodi zoals ActiveTrack 360\u00b0  Ideaal voor reizen, vloggen en creatieve content\" \/>\n<meta property=\"og:url\" content=\"https:\/\/koningdrone.be\/es\/producto\/dji-mini-5-pro-2\/\" \/>\n<meta property=\"og:site_name\" content=\"koningdrone.be\" \/>\n<meta property=\"article:modified_time\" content=\"2026-04-29T02:30:39+00:00\" \/>\n<meta property=\"og:image\" content=\"https:\/\/koningdrone.be\/wp-content\/uploads\/sites\/13\/2026\/04\/DJI-Mini-5-Pro-DJI-RC-N3.jpg\" \/>\n\t<meta property=\"og:image:width\" content=\"2000\" \/>\n\t<meta property=\"og:image:height\" content=\"2000\" \/>\n\t<meta property=\"og:image:type\" content=\"image\/jpeg\" \/>\n<meta name=\"twitter:card\" content=\"summary_large_image\" \/>\n<meta name=\"twitter:label1\" content=\"Tiempo de lectura\" \/>\n\t<meta name=\"twitter:data1\" content=\"2 minutos\" \/>\n<script type=\"application\/ld+json\" class=\"yoast-schema-graph\">{\"@context\":\"https:\/\/schema.org\",\"@graph\":[{\"@type\":\"WebPage\",\"@id\":\"https:\/\/koningdrone.be\/product\/dji-mini-5-pro-2\/\",\"url\":\"https:\/\/koningdrone.be\/product\/dji-mini-5-pro-2\/\",\"name\":\"DJI Mini 5 Pro (DJI RC-N3) - koningdrone.be\",\"isPartOf\":{\"@id\":\"https:\/\/koningdrone.be\/#website\"},\"primaryImageOfPage\":{\"@id\":\"https:\/\/koningdrone.be\/product\/dji-mini-5-pro-2\/#primaryimage\"},\"image\":{\"@id\":\"https:\/\/koningdrone.be\/product\/dji-mini-5-pro-2\/#primaryimage\"},\"thumbnailUrl\":\"https:\/\/koningdrone.be\/wp-content\/uploads\/sites\/13\/2026\/04\/DJI-Mini-5-Pro-DJI-RC-N3.jpg\",\"datePublished\":\"2025-10-06T08:21:45+00:00\",\"dateModified\":\"2026-04-29T02:30:39+00:00\",\"breadcrumb\":{\"@id\":\"https:\/\/koningdrone.be\/product\/dji-mini-5-pro-2\/#breadcrumb\"},\"inLanguage\":\"es\",\"potentialAction\":[{\"@type\":\"ReadAction\",\"target\":[\"https:\/\/koningdrone.be\/product\/dji-mini-5-pro-2\/\"]}]},{\"@type\":\"ImageObject\",\"inLanguage\":\"es\",\"@id\":\"https:\/\/koningdrone.be\/product\/dji-mini-5-pro-2\/#primaryimage\",\"url\":\"https:\/\/koningdrone.be\/wp-content\/uploads\/sites\/13\/2026\/04\/DJI-Mini-5-Pro-DJI-RC-N3.jpg\",\"contentUrl\":\"https:\/\/koningdrone.be\/wp-content\/uploads\/sites\/13\/2026\/04\/DJI-Mini-5-Pro-DJI-RC-N3.jpg\",\"width\":2000,\"height\":2000},{\"@type\":\"BreadcrumbList\",\"@id\":\"https:\/\/koningdrone.be\/product\/dji-mini-5-pro-2\/#breadcrumb\",\"itemListElement\":[{\"@type\":\"ListItem\",\"position\":1,\"name\":\"Home\",\"item\":\"https:\/\/koningdrone.be\/\"},{\"@type\":\"ListItem\",\"position\":2,\"name\":\"AVSS Parachute Recovery System for DJI Matrice 300\/350\",\"item\":\"https:\/\/koningdrone.be\/product\/avss-parachute-recovery-system-for-dji-matrice-300-350\/\"},{\"@type\":\"ListItem\",\"position\":3,\"name\":\"DJI Mini 5 Pro\",\"item\":\"https:\/\/koningdrone.be\/categorie\/dji-mini-5-pro\/\"},{\"@type\":\"ListItem\",\"position\":4,\"name\":\"DJI Mini 5 Pro (DJI RC-N3)\"}]},{\"@type\":\"WebSite\",\"@id\":\"https:\/\/koningdrone.be\/#website\",\"url\":\"https:\/\/koningdrone.be\/\",\"name\":\"Koningdrone.be - Uw online specialist in drones, gimbals, camera's en power stations.\",\"description\":\"De webshop in drones en gimbals\",\"publisher\":{\"@id\":\"https:\/\/koningdrone.be\/#organization\"},\"potentialAction\":[{\"@type\":\"SearchAction\",\"target\":{\"@type\":\"EntryPoint\",\"urlTemplate\":\"https:\/\/koningdrone.be\/?s={search_term_string}\"},\"query-input\":{\"@type\":\"PropertyValueSpecification\",\"valueRequired\":true,\"valueName\":\"search_term_string\"}}],\"inLanguage\":\"es\"},{\"@type\":\"Organization\",\"@id\":\"https:\/\/koningdrone.be\/#organization\",\"name\":\"Koningdrone.be\",\"url\":\"https:\/\/koningdrone.be\/\",\"logo\":{\"@type\":\"ImageObject\",\"inLanguage\":\"es\",\"@id\":\"https:\/\/koningdrone.be\/#\/schema\/logo\/image\/\",\"url\":\"https:\/\/koningdrone.be\/wp-content\/uploads\/sites\/13\/2025\/04\/koningdrone-copyright-logo.svg\",\"contentUrl\":\"https:\/\/koningdrone.be\/wp-content\/uploads\/sites\/13\/2025\/04\/koningdrone-copyright-logo.svg\",\"width\":227,\"height\":38,\"caption\":\"Koningdrone.be\"},\"image\":{\"@id\":\"https:\/\/koningdrone.be\/#\/schema\/logo\/image\/\"}}]}<\/script>\n<!-- \/ Yoast SEO Premium plugin. -->","yoast_head_json":{"title":"DJI Mini 5 Pro (DJI RC-N3) - koningdrone.be","robots":{"index":"index","follow":"follow","max-snippet":"max-snippet:-1","max-image-preview":"max-image-preview:large","max-video-preview":"max-video-preview:-1"},"canonical":"https:\/\/koningdrone.be\/es\/producto\/dji-mini-5-pro-2\/","og_locale":"es_ES","og_type":"article","og_title":"DJI Mini 5 Pro (DJI RC-N3)","og_description":"Compacte en lichte drone onder 250\u202fg  1\u2011inch CMOS\u2011sensor en 50\u202fMP foto\u2019s  4K HDR video tot 60\u202ffps  Omnidirectionele obstakeldetectie  DJI RC\u2011N3 controller met helder scherm  Geavanceerde vliegmodi zoals ActiveTrack 360\u00b0  Ideaal voor reizen, vloggen en creatieve content","og_url":"https:\/\/koningdrone.be\/es\/producto\/dji-mini-5-pro-2\/","og_site_name":"koningdrone.be","article_modified_time":"2026-04-29T02:30:39+00:00","og_image":[{"width":2000,"height":2000,"url":"https:\/\/koningdrone.be\/wp-content\/uploads\/sites\/13\/2026\/04\/DJI-Mini-5-Pro-DJI-RC-N3.jpg","type":"image\/jpeg"}],"twitter_card":"summary_large_image","twitter_misc":{"Tiempo de lectura":"2 minutos"},"schema":{"@context":"https:\/\/schema.org","@graph":[{"@type":"WebPage","@id":"https:\/\/koningdrone.be\/product\/dji-mini-5-pro-2\/","url":"https:\/\/koningdrone.be\/product\/dji-mini-5-pro-2\/","name":"DJI Mini 5 Pro (DJI RC-N3) - koningdrone.be","isPartOf":{"@id":"https:\/\/koningdrone.be\/#website"},"primaryImageOfPage":{"@id":"https:\/\/koningdrone.be\/product\/dji-mini-5-pro-2\/#primaryimage"},"image":{"@id":"https:\/\/koningdrone.be\/product\/dji-mini-5-pro-2\/#primaryimage"},"thumbnailUrl":"https:\/\/koningdrone.be\/wp-content\/uploads\/sites\/13\/2026\/04\/DJI-Mini-5-Pro-DJI-RC-N3.jpg","datePublished":"2025-10-06T08:21:45+00:00","dateModified":"2026-04-29T02:30:39+00:00","breadcrumb":{"@id":"https:\/\/koningdrone.be\/product\/dji-mini-5-pro-2\/#breadcrumb"},"inLanguage":"es","potentialAction":[{"@type":"ReadAction","target":["https:\/\/koningdrone.be\/product\/dji-mini-5-pro-2\/"]}]},{"@type":"ImageObject","inLanguage":"es","@id":"https:\/\/koningdrone.be\/product\/dji-mini-5-pro-2\/#primaryimage","url":"https:\/\/koningdrone.be\/wp-content\/uploads\/sites\/13\/2026\/04\/DJI-Mini-5-Pro-DJI-RC-N3.jpg","contentUrl":"https:\/\/koningdrone.be\/wp-content\/uploads\/sites\/13\/2026\/04\/DJI-Mini-5-Pro-DJI-RC-N3.jpg","width":2000,"height":2000},{"@type":"BreadcrumbList","@id":"https:\/\/koningdrone.be\/product\/dji-mini-5-pro-2\/#breadcrumb","itemListElement":[{"@type":"ListItem","position":1,"name":"Home","item":"https:\/\/koningdrone.be\/"},{"@type":"ListItem","position":2,"name":"AVSS Parachute Recovery System for DJI Matrice 300\/350","item":"https:\/\/koningdrone.be\/product\/avss-parachute-recovery-system-for-dji-matrice-300-350\/"},{"@type":"ListItem","position":3,"name":"DJI Mini 5 Pro","item":"https:\/\/koningdrone.be\/categorie\/dji-mini-5-pro\/"},{"@type":"ListItem","position":4,"name":"DJI Mini 5 Pro (DJI RC-N3)"}]},{"@type":"WebSite","@id":"https:\/\/koningdrone.be\/#website","url":"https:\/\/koningdrone.be\/","name":"Koningdrone.be - Su especialista en l\u00ednea en drones, cardanes, c\u00e1maras y centrales el\u00e9ctricas.","description":"La tienda virtual de drones y cardanes","publisher":{"@id":"https:\/\/koningdrone.be\/#organization"},"potentialAction":[{"@type":"SearchAction","target":{"@type":"EntryPoint","urlTemplate":"https:\/\/koningdrone.be\/?s={search_term_string}"},"query-input":{"@type":"PropertyValueSpecification","valueRequired":true,"valueName":"search_term_string"}}],"inLanguage":"es"},{"@type":"Organization","@id":"https:\/\/koningdrone.be\/#organization","name":"Kingdrone.es","url":"https:\/\/koningdrone.be\/","logo":{"@type":"ImageObject","inLanguage":"es","@id":"https:\/\/koningdrone.be\/#\/schema\/logo\/image\/","url":"https:\/\/koningdrone.be\/wp-content\/uploads\/sites\/13\/2025\/04\/koningdrone-copyright-logo.svg","contentUrl":"https:\/\/koningdrone.be\/wp-content\/uploads\/sites\/13\/2025\/04\/koningdrone-copyright-logo.svg","width":227,"height":38,"caption":"Koningdrone.be"},"image":{"@id":"https:\/\/koningdrone.be\/#\/schema\/logo\/image\/"}}]}},"df_price":793,"df_sale_price":"","df_regular_price":793,"df_image_link":"https:\/\/koningdrone.be\/wp-content\/uploads\/sites\/13\/2026\/04\/DJI-Mini-5-Pro-DJI-RC-N3-300x300.jpg","_links":{"self":[{"href":"https:\/\/koningdrone.be\/es\/wp-json\/wp\/v2\/product\/15957","targetHints":{"allow":["GET"]}}],"collection":[{"href":"https:\/\/koningdrone.be\/es\/wp-json\/wp\/v2\/product"}],"about":[{"href":"https:\/\/koningdrone.be\/es\/wp-json\/wp\/v2\/types\/product"}],"wp:featuredmedia":[{"embeddable":true,"href":"https:\/\/koningdrone.be\/es\/wp-json\/wp\/v2\/media\/18823"}],"wp:attachment":[{"href":"https:\/\/koningdrone.be\/es\/wp-json\/wp\/v2\/media?parent=15957"}],"wp:term":[{"taxonomy":"product_brand","embeddable":true,"href":"https:\/\/koningdrone.be\/es\/wp-json\/wp\/v2\/product_brand?post=15957"},{"taxonomy":"product_cat","embeddable":true,"href":"https:\/\/koningdrone.be\/es\/wp-json\/wp\/v2\/product_cat?post=15957"},{"taxonomy":"product_tag","embeddable":true,"href":"https:\/\/koningdrone.be\/es\/wp-json\/wp\/v2\/product_tag?post=15957"}],"curies":[{"name":"wp","href":"https:\/\/api.w.org\/{rel}","templated":true}]}}