{"id":15855,"date":"2026-01-23T01:09:18","date_gmt":"2026-01-23T00:09:18","guid":{"rendered":"https:\/\/koningdrone.be\/product\/dji-power-2000\/"},"modified":"2026-05-01T14:50:49","modified_gmt":"2026-05-01T12:50:49","slug":"dji-power-2000","status":"publish","type":"product","link":"https:\/\/koningdrone.be\/es\/producto\/dji-power-2000\/","title":{"rendered":"DJI Power 2000"},"content":{"rendered":"<h3>DJI Power 2000<\/h3>\n<p><iframe loading=\"lazy\" title=\"Presentaci\u00f3n de DJI Power 2000\" width=\"800\" height=\"450\" src=\"https:\/\/www.youtube.com\/embed\/7oNAIv-yhBA?feature=oembed&#038;enablejsapi=1&#038;origin=https:\/\/koningdrone.be\" frameborder=\"0\" allow=\"accelerometer; autoplay; clipboard-write; encrypted-media; gyroscope; picture-in-picture; web-share\" referrerpolicy=\"strict-origin-when-cross-origin\" allowfullscreen><\/iframe><\/p>\n<p style=\"margin-top: 20px\">En <strong>DJI Power 2000 (UE)<\/strong> es una avanzada central el\u00e9ctrica port\u00e1til con una enorme capacidad de <strong>2048 Wh<\/strong>, dise\u00f1ada para usuarios que necesitan una alimentaci\u00f3n fiable y potente en cualquier lugar. Tanto si est\u00e1 de viaje, trabajando en un lugar, de acampada o quiere suministrar alimentaci\u00f3n de emergencia a los equipos de su casa, esta estaci\u00f3n de alimentaci\u00f3n ofrece un rendimiento constante y es compatible con una amplia gama de dispositivos.<\/p>\n<p style=\"margin-bottom: 20px\">Con una robusta potencia de salida de <strong>3000 W<\/strong> puede alimentar varios dispositivos simult\u00e1neamente, desde ordenadores port\u00e1tiles y c\u00e1maras hasta iluminaci\u00f3n profesional o peque\u00f1os electrodom\u00e9sticos. El equilibrio perfecto entre movilidad y potencia lo hace atractivo tanto para uso recreativo como profesional.<\/p>\n<p><a href=\"https:\/\/koningdrone.nl\/wp-content\/uploads\/2026\/01\/DJI-Power-2000.webp\"><img loading=\"lazy\" decoding=\"async\" class=\"size-full wp-image-467411 aligncenter\" src=\"https:\/\/koningdrone.nl\/wp-content\/uploads\/2026\/01\/DJI-Power-2000.webp\" alt=\"DJI Power 2000\" width=\"1200\" height=\"800\" \/><\/a><\/p>\n<h4>Rendimiento y funcionalidad<\/h4>\n<p>La Power 2000 utiliza <strong>Bater\u00edas LiFePO4<\/strong> garantizando una larga vida \u00fatil con m\u00e1s de <strong>4000 ciclos de carga<\/strong> zonder veel capaciteit te verliezen. Dankzij de verschillende poorten (AC\u2011uitgangen, USB\u2011C, USB\u2011A en SDC\u2011poorten) kan je meerdere apparaten tegelijk opladen of van stroom voorzien.<\/p>\n<p>Con <strong>carga r\u00e1pida a trav\u00e9s de la red el\u00e9ctrica (0-80 % en unos 45 min)<\/strong> y la posibilidad de cargar con <strong>energ\u00eda solar o un adaptador para el coche<\/strong>, La Power 2000 ofrece la m\u00e1xima flexibilidad para cualquier situaci\u00f3n.<\/p>\n<h4>Calidad de construcci\u00f3n y dise\u00f1o<\/h4>\n<p>Ondanks zijn hoge capaciteit blijft de DJI Power 2000 relatief compact en geschikt voor transport in een auto of rugzak. De behuizing is stevig, ontworpen om stabiel te presteren onder uiteenlopende omstandigheden, met een stille werking van ongeveer 29\u202fdB tijdens normaal gebruik.<\/p>\n<p>Het ontwerp houdt rekening met eenvoudige bediening en overzichtelijke toegang tot alle aansluitingen en display\u2011functies.<\/p>\n<p><a href=\"https:\/\/koningdrone.nl\/wp-content\/uploads\/2026\/01\/Product-DJI-Power-2000.webp\"><img loading=\"lazy\" decoding=\"async\" class=\"wp-image-467409 size-medium aligncenter\" src=\"https:\/\/koningdrone.nl\/wp-content\/uploads\/2026\/01\/Product-DJI-Power-2000-300x300.webp\" alt=\"Product DJI Power 2000\" width=\"300\" height=\"300\" \/><\/a><\/p>\n<h4>Por qu\u00e9 lo necesita<\/h4>\n<p>Tanto si necesitas energ\u00eda para producciones de v\u00eddeo o fotograf\u00eda a largo plazo, energ\u00eda de emergencia en casa durante apagones, o una fuente de energ\u00eda fiable para actividades al aire libre y viajes, la DJI Power 2000 ofrece una soluci\u00f3n vers\u00e1til y potente. Su combinaci\u00f3n de capacidad, salida y flexibilidad la convierte en una excelente elecci\u00f3n para profesionales y aventureros.<\/p>","protected":false},"excerpt":{"rendered":"<ul>\n<li>Bater\u00eda extragrande de 2048 Wh de capacidad para un suministro de energ\u00eda a largo plazo<\/li>\n<li>3000 W de potencia de salida continua para dispositivos potentes<\/li>\n<li>Carga r\u00e1pida mediante adaptador de red, solar o para el coche<\/li>\n<li>M\u00faltiples puertos, incluidos CA, USB-C, USB-A y SDC<\/li>\n<li>Larga vida \u00fatil con m\u00e1s de 4.000 ciclos de carga gracias a la tecnolog\u00eda LFP<\/li>\n<\/ul>","protected":false},"featured_media":17222,"template":"","meta":{"_acf_changed":false},"product_brand":[],"product_cat":[586,1696],"product_tag":[],"class_list":{"0":"post-15855","1":"product","2":"type-product","3":"status-publish","4":"has-post-thumbnail","6":"product_cat-dji","7":"product_cat-dji-power-2000","8":"product_shipping_class-outofstock","9":"pa_brand-dji","10":"pa_producttype-draagbare-powerstation","11":"pa_series-power","13":"first","14":"onbackorder","15":"taxable","16":"shipping-taxable","17":"purchasable","18":"product-type-simple"},"acf":[],"yoast_head":"<!-- This site is optimized with the Yoast SEO Premium plugin v27.2 (Yoast SEO v27.2) - https:\/\/yoast.com\/product\/yoast-seo-premium-wordpress\/ -->\n<title>DJI Power 2000 - koningdrone.be<\/title>\n<meta name=\"robots\" content=\"index, follow, max-snippet:-1, max-image-preview:large, max-video-preview:-1\" \/>\n<link rel=\"canonical\" href=\"https:\/\/koningdrone.be\/es\/producto\/dji-power-2000\/\" \/>\n<meta property=\"og:locale\" content=\"es_ES\" \/>\n<meta property=\"og:type\" content=\"article\" \/>\n<meta property=\"og:title\" content=\"DJI Power 2000\" \/>\n<meta property=\"og:description\" content=\"Extra grote 2048\u202fWh batterijcapaciteit voor langdurige energievoorziening  3000\u202fW continu uitgangsvermogen voor krachtige apparaten  Snelladen via netstroom, zonne\u2011energie of auto\u2011adapter  Meerdere poorten waaronder AC, USB\u2011C, USB\u2011A en SDC  Lange levensduur met meer dan 4000 laadcycli dankzij LFP\u2011technologie\" \/>\n<meta property=\"og:url\" content=\"https:\/\/koningdrone.be\/es\/producto\/dji-power-2000\/\" \/>\n<meta property=\"og:site_name\" content=\"koningdrone.be\" \/>\n<meta property=\"article:modified_time\" content=\"2026-05-01T12:50:49+00:00\" \/>\n<meta property=\"og:image\" content=\"https:\/\/koningdrone.be\/wp-content\/uploads\/sites\/13\/2026\/03\/DJI-Power-2000-Product.webp\" \/>\n\t<meta property=\"og:image:width\" content=\"2048\" \/>\n\t<meta property=\"og:image:height\" content=\"2048\" \/>\n\t<meta property=\"og:image:type\" content=\"image\/webp\" \/>\n<meta name=\"twitter:card\" content=\"summary_large_image\" \/>\n<meta name=\"twitter:label1\" content=\"Tiempo de lectura\" \/>\n\t<meta name=\"twitter:data1\" content=\"3 minutos\" \/>\n<script type=\"application\/ld+json\" class=\"yoast-schema-graph\">{\"@context\":\"https:\/\/schema.org\",\"@graph\":[{\"@type\":\"WebPage\",\"@id\":\"https:\/\/koningdrone.be\/product\/dji-power-2000\/\",\"url\":\"https:\/\/koningdrone.be\/product\/dji-power-2000\/\",\"name\":\"DJI Power 2000 - koningdrone.be\",\"isPartOf\":{\"@id\":\"https:\/\/koningdrone.be\/#website\"},\"primaryImageOfPage\":{\"@id\":\"https:\/\/koningdrone.be\/product\/dji-power-2000\/#primaryimage\"},\"image\":{\"@id\":\"https:\/\/koningdrone.be\/product\/dji-power-2000\/#primaryimage\"},\"thumbnailUrl\":\"https:\/\/koningdrone.be\/wp-content\/uploads\/sites\/13\/2026\/03\/DJI-Power-2000-Product.webp\",\"datePublished\":\"2026-01-23T00:09:18+00:00\",\"dateModified\":\"2026-05-01T12:50:49+00:00\",\"breadcrumb\":{\"@id\":\"https:\/\/koningdrone.be\/product\/dji-power-2000\/#breadcrumb\"},\"inLanguage\":\"es\",\"potentialAction\":[{\"@type\":\"ReadAction\",\"target\":[\"https:\/\/koningdrone.be\/product\/dji-power-2000\/\"]}]},{\"@type\":\"ImageObject\",\"inLanguage\":\"es\",\"@id\":\"https:\/\/koningdrone.be\/product\/dji-power-2000\/#primaryimage\",\"url\":\"https:\/\/koningdrone.be\/wp-content\/uploads\/sites\/13\/2026\/03\/DJI-Power-2000-Product.webp\",\"contentUrl\":\"https:\/\/koningdrone.be\/wp-content\/uploads\/sites\/13\/2026\/03\/DJI-Power-2000-Product.webp\",\"width\":2048,\"height\":2048},{\"@type\":\"BreadcrumbList\",\"@id\":\"https:\/\/koningdrone.be\/product\/dji-power-2000\/#breadcrumb\",\"itemListElement\":[{\"@type\":\"ListItem\",\"position\":1,\"name\":\"Home\",\"item\":\"https:\/\/koningdrone.be\/\"},{\"@type\":\"ListItem\",\"position\":2,\"name\":\"AVSS Parachute Recovery System for DJI Matrice 300\/350\",\"item\":\"https:\/\/koningdrone.be\/product\/avss-parachute-recovery-system-for-dji-matrice-300-350\/\"},{\"@type\":\"ListItem\",\"position\":3,\"name\":\"DJI\",\"item\":\"https:\/\/koningdrone.be\/categorie\/dji\/\"},{\"@type\":\"ListItem\",\"position\":4,\"name\":\"DJI Power 2000\"}]},{\"@type\":\"WebSite\",\"@id\":\"https:\/\/koningdrone.be\/#website\",\"url\":\"https:\/\/koningdrone.be\/\",\"name\":\"Koningdrone.be - Uw online specialist in drones, gimbals, camera's en power stations.\",\"description\":\"De webshop in drones en gimbals\",\"publisher\":{\"@id\":\"https:\/\/koningdrone.be\/#organization\"},\"potentialAction\":[{\"@type\":\"SearchAction\",\"target\":{\"@type\":\"EntryPoint\",\"urlTemplate\":\"https:\/\/koningdrone.be\/?s={search_term_string}\"},\"query-input\":{\"@type\":\"PropertyValueSpecification\",\"valueRequired\":true,\"valueName\":\"search_term_string\"}}],\"inLanguage\":\"es\"},{\"@type\":\"Organization\",\"@id\":\"https:\/\/koningdrone.be\/#organization\",\"name\":\"Koningdrone.be\",\"url\":\"https:\/\/koningdrone.be\/\",\"logo\":{\"@type\":\"ImageObject\",\"inLanguage\":\"es\",\"@id\":\"https:\/\/koningdrone.be\/#\/schema\/logo\/image\/\",\"url\":\"https:\/\/koningdrone.be\/wp-content\/uploads\/sites\/13\/2025\/04\/koningdrone-copyright-logo.svg\",\"contentUrl\":\"https:\/\/koningdrone.be\/wp-content\/uploads\/sites\/13\/2025\/04\/koningdrone-copyright-logo.svg\",\"width\":227,\"height\":38,\"caption\":\"Koningdrone.be\"},\"image\":{\"@id\":\"https:\/\/koningdrone.be\/#\/schema\/logo\/image\/\"}}]}<\/script>\n<!-- \/ Yoast SEO Premium plugin. -->","yoast_head_json":{"title":"DJI Power 2000 - koningdrone.be","robots":{"index":"index","follow":"follow","max-snippet":"max-snippet:-1","max-image-preview":"max-image-preview:large","max-video-preview":"max-video-preview:-1"},"canonical":"https:\/\/koningdrone.be\/es\/producto\/dji-power-2000\/","og_locale":"es_ES","og_type":"article","og_title":"DJI Power 2000","og_description":"Extra grote 2048\u202fWh batterijcapaciteit voor langdurige energievoorziening  3000\u202fW continu uitgangsvermogen voor krachtige apparaten  Snelladen via netstroom, zonne\u2011energie of auto\u2011adapter  Meerdere poorten waaronder AC, USB\u2011C, USB\u2011A en SDC  Lange levensduur met meer dan 4000 laadcycli dankzij LFP\u2011technologie","og_url":"https:\/\/koningdrone.be\/es\/producto\/dji-power-2000\/","og_site_name":"koningdrone.be","article_modified_time":"2026-05-01T12:50:49+00:00","og_image":[{"width":2048,"height":2048,"url":"https:\/\/koningdrone.be\/wp-content\/uploads\/sites\/13\/2026\/03\/DJI-Power-2000-Product.webp","type":"image\/webp"}],"twitter_card":"summary_large_image","twitter_misc":{"Tiempo de lectura":"3 minutos"},"schema":{"@context":"https:\/\/schema.org","@graph":[{"@type":"WebPage","@id":"https:\/\/koningdrone.be\/product\/dji-power-2000\/","url":"https:\/\/koningdrone.be\/product\/dji-power-2000\/","name":"DJI Power 2000 - koningdrone.be","isPartOf":{"@id":"https:\/\/koningdrone.be\/#website"},"primaryImageOfPage":{"@id":"https:\/\/koningdrone.be\/product\/dji-power-2000\/#primaryimage"},"image":{"@id":"https:\/\/koningdrone.be\/product\/dji-power-2000\/#primaryimage"},"thumbnailUrl":"https:\/\/koningdrone.be\/wp-content\/uploads\/sites\/13\/2026\/03\/DJI-Power-2000-Product.webp","datePublished":"2026-01-23T00:09:18+00:00","dateModified":"2026-05-01T12:50:49+00:00","breadcrumb":{"@id":"https:\/\/koningdrone.be\/product\/dji-power-2000\/#breadcrumb"},"inLanguage":"es","potentialAction":[{"@type":"ReadAction","target":["https:\/\/koningdrone.be\/product\/dji-power-2000\/"]}]},{"@type":"ImageObject","inLanguage":"es","@id":"https:\/\/koningdrone.be\/product\/dji-power-2000\/#primaryimage","url":"https:\/\/koningdrone.be\/wp-content\/uploads\/sites\/13\/2026\/03\/DJI-Power-2000-Product.webp","contentUrl":"https:\/\/koningdrone.be\/wp-content\/uploads\/sites\/13\/2026\/03\/DJI-Power-2000-Product.webp","width":2048,"height":2048},{"@type":"BreadcrumbList","@id":"https:\/\/koningdrone.be\/product\/dji-power-2000\/#breadcrumb","itemListElement":[{"@type":"ListItem","position":1,"name":"Home","item":"https:\/\/koningdrone.be\/"},{"@type":"ListItem","position":2,"name":"AVSS Parachute Recovery System for DJI Matrice 300\/350","item":"https:\/\/koningdrone.be\/product\/avss-parachute-recovery-system-for-dji-matrice-300-350\/"},{"@type":"ListItem","position":3,"name":"DJI","item":"https:\/\/koningdrone.be\/categorie\/dji\/"},{"@type":"ListItem","position":4,"name":"DJI Power 2000"}]},{"@type":"WebSite","@id":"https:\/\/koningdrone.be\/#website","url":"https:\/\/koningdrone.be\/","name":"Koningdrone.be - Su especialista en l\u00ednea en drones, cardanes, c\u00e1maras y centrales el\u00e9ctricas.","description":"La tienda virtual de drones y cardanes","publisher":{"@id":"https:\/\/koningdrone.be\/#organization"},"potentialAction":[{"@type":"SearchAction","target":{"@type":"EntryPoint","urlTemplate":"https:\/\/koningdrone.be\/?s={search_term_string}"},"query-input":{"@type":"PropertyValueSpecification","valueRequired":true,"valueName":"search_term_string"}}],"inLanguage":"es"},{"@type":"Organization","@id":"https:\/\/koningdrone.be\/#organization","name":"Kingdrone.es","url":"https:\/\/koningdrone.be\/","logo":{"@type":"ImageObject","inLanguage":"es","@id":"https:\/\/koningdrone.be\/#\/schema\/logo\/image\/","url":"https:\/\/koningdrone.be\/wp-content\/uploads\/sites\/13\/2025\/04\/koningdrone-copyright-logo.svg","contentUrl":"https:\/\/koningdrone.be\/wp-content\/uploads\/sites\/13\/2025\/04\/koningdrone-copyright-logo.svg","width":227,"height":38,"caption":"Koningdrone.be"},"image":{"@id":"https:\/\/koningdrone.be\/#\/schema\/logo\/image\/"}}]}},"df_price":1399,"df_sale_price":"","df_regular_price":1399,"df_image_link":"https:\/\/koningdrone.be\/wp-content\/uploads\/sites\/13\/2026\/03\/DJI-Power-2000-Product-300x300.webp","_links":{"self":[{"href":"https:\/\/koningdrone.be\/es\/wp-json\/wp\/v2\/product\/15855","targetHints":{"allow":["GET"]}}],"collection":[{"href":"https:\/\/koningdrone.be\/es\/wp-json\/wp\/v2\/product"}],"about":[{"href":"https:\/\/koningdrone.be\/es\/wp-json\/wp\/v2\/types\/product"}],"wp:featuredmedia":[{"embeddable":true,"href":"https:\/\/koningdrone.be\/es\/wp-json\/wp\/v2\/media\/17222"}],"wp:attachment":[{"href":"https:\/\/koningdrone.be\/es\/wp-json\/wp\/v2\/media?parent=15855"}],"wp:term":[{"taxonomy":"product_brand","embeddable":true,"href":"https:\/\/koningdrone.be\/es\/wp-json\/wp\/v2\/product_brand?post=15855"},{"taxonomy":"product_cat","embeddable":true,"href":"https:\/\/koningdrone.be\/es\/wp-json\/wp\/v2\/product_cat?post=15855"},{"taxonomy":"product_tag","embeddable":true,"href":"https:\/\/koningdrone.be\/es\/wp-json\/wp\/v2\/product_tag?post=15855"}],"curies":[{"name":"wp","href":"https:\/\/api.w.org\/{rel}","templated":true}]}}