{"id":15845,"date":"2026-01-23T03:46:41","date_gmt":"2026-01-23T02:46:41","guid":{"rendered":"https:\/\/koningdrone.be\/product\/dji-power-solar-panel-adapter-module-mppt\/"},"modified":"2026-04-29T15:00:26","modified_gmt":"2026-04-29T13:00:26","slug":"dji-power-solar-panel-adapter-module-mppt","status":"publish","type":"product","link":"https:\/\/koningdrone.be\/es\/producto\/dji-power-solar-panel-adapter-module-mppt\/","title":{"rendered":"M\u00f3dulo adaptador de panel solar DJI Power (MPPT)"},"content":{"rendered":"<p data-path-to-node=\"9\"><span class=\"citation-58\">En <\/span><b data-path-to-node=\"9\" data-index-in-node=\"3\"><span class=\"citation-58\">M\u00f3dulo adaptador de panel solar DJI Power (MPPT)<\/span><\/b><span class=\"citation-58 citation-end-58\"> es el eslab\u00f3n indispensable para los usuarios que desean funcionar completamente aislados de la red.<\/span> <span class=\"citation-57 citation-end-57\">Este m\u00f3dulo convierte eficientemente la energ\u00eda solar en energ\u00eda utilizable para tu central el\u00e9ctrica DJI Power Series.<\/span> <span class=\"citation-56 citation-end-56\">Gracias a su algoritmo MPPT inteligente, el adaptador realiza un seguimiento continuo del voltaje y la corriente \u00f3ptimos de los paneles conectados, lo que se traduce en tiempos de carga m\u00e1s cortos incluso en condiciones de iluminaci\u00f3n no \u00f3ptimas.<\/span><\/p>\n<p data-path-to-node=\"10\"><span class=\"citation-55 citation-end-55\">Tanto si est\u00e1 cargando drones en un lugar remoto como si est\u00e1 preparando una copia de seguridad en casa, este adaptador ofrece la flexibilidad de aprovechar la energ\u00eda solar de los paneles DJI Zignes o de otras marcas certificadas.<\/span> Combinando varios m\u00f3dulos, puede aumentar considerablemente el aporte solar total de su instalaci\u00f3n.<\/p>","protected":false},"excerpt":{"rendered":"<ul>\n<li>\n<p data-path-to-node=\"5,0,0\"><b data-path-to-node=\"5,0,0\" data-index-in-node=\"0\">Carga ultrarr\u00e1pida con 1000W:<\/b><span class=\"citation-26 citation-end-26\"> Utiliza la potencia del alternador de tu veh\u00edculo para cargar la DJI Power 1000\/2000 a la velocidad del rayo con hasta 1000 W.<\/span><\/p>\n<\/li>\n<li>\n<p data-path-to-node=\"5,1,0\"><b data-path-to-node=\"5,1,0\" data-index-in-node=\"0\"><span class=\"citation-25\">Carga bidireccional inteligente:<\/span><\/b><span class=\"citation-25 citation-end-25\"> No s\u00f3lo puede cargar la estaci\u00f3n de energ\u00eda, sino tambi\u00e9n mantener la bater\u00eda de su veh\u00edculo para evitar la descarga (carga inversa).<\/span><\/p>\n<\/li>\n<li>\n<p data-path-to-node=\"5,2,0\"><b data-path-to-node=\"5,2,0\" data-index-in-node=\"0\">Integraci\u00f3n completa de aplicaciones:<\/b><span class=\"citation-24\"> Controla el estado de carga, ajusta la potencia y cambia de modo mediante el <\/span><b data-path-to-node=\"5,2,0\" data-index-in-node=\"98\"><span class=\"citation-24\">Aplicaci\u00f3n DJI Home<\/span><\/b><span class=\"citation-24 citation-end-24\">.<\/span><\/p>\n<\/li>\n<li>\n<p data-path-to-node=\"5,3,0\"><b data-path-to-node=\"5,3,0\" data-index-in-node=\"0\">Compatibilidad universal:<\/b><span class=\"citation-23\"> Apto para la mayor\u00eda de veh\u00edculos con <\/span><b data-path-to-node=\"5,3,0\" data-index-in-node=\"71\"><span class=\"citation-23\">12 V o 24 V<\/span><\/b><span class=\"citation-23 citation-end-23\"> sistema el\u00e9ctrico.<\/span><\/p>\n<\/li>\n<li>\n<p data-path-to-node=\"5,4,0\"><b data-path-to-node=\"5,4,0\" data-index-in-node=\"0\">La seguridad ante todo:<\/b> Incluye un robusto kit de instalaci\u00f3n con <b data-path-to-node=\"5,4,0\" data-index-in-node=\"65\">Fusible 100A<\/b> y protecci\u00f3n contra cortocircuitos y sobretensiones.<\/p>\n<\/li>\n<\/ul>","protected":false},"featured_media":15840,"template":"","meta":{"_acf_changed":false},"product_brand":[],"product_cat":[111,327,627,1145],"product_tag":[],"class_list":{"0":"post-15845","1":"product","2":"type-product","3":"status-publish","4":"has-post-thumbnail","6":"product_cat-alle-opladers","7":"product_cat-dji-energy","8":"product_cat-dji-powerstations","9":"product_cat-opladers","10":"product_shipping_class-outofstock","11":"pa_brand-dji","12":"pa_producttype-adapter","13":"pa_producttype-oplader","14":"pa_series-power","16":"first","17":"onbackorder","18":"taxable","19":"shipping-taxable","20":"purchasable","21":"product-type-simple"},"acf":[],"yoast_head":"<!-- This site is optimized with the Yoast SEO Premium plugin v27.2 (Yoast SEO v27.2) - https:\/\/yoast.com\/product\/yoast-seo-premium-wordpress\/ -->\n<title>DJI Power Solar Panel Adapter Module (MPPT) - koningdrone.be<\/title>\n<meta name=\"robots\" content=\"index, follow, max-snippet:-1, max-image-preview:large, max-video-preview:-1\" \/>\n<link rel=\"canonical\" href=\"https:\/\/koningdrone.be\/es\/producto\/dji-power-solar-panel-adapter-module-mppt\/\" \/>\n<meta property=\"og:locale\" content=\"es_ES\" \/>\n<meta property=\"og:type\" content=\"article\" \/>\n<meta property=\"og:title\" content=\"DJI Power Solar Panel Adapter Module (MPPT)\" \/>\n<meta property=\"og:description\" content=\"Ultrasnel Opladen met 1000W: Gebruik de kracht van de dynamo van uw voertuig om de DJI Power 1000\/2000 razendsnel op te laden met maximaal 1000 W.    Intelligent Tweerichtingsladen: Kan niet alleen de powerstation opladen, maar ook de accu van uw voertuig onderhouden om ontlading te voorkomen (Reverse Charging).    Volledige App-integratie: Bewaak de laadstatus, pas het vermogen aan en wissel tussen modi via de DJI Home-app.    Universele Compatibiliteit: Geschikt voor de meeste voertuigen met een 12V of 24V elektrisch systeem.    Veiligheid Voorop: Inclusief een robuuste installatiekit met een 100A zekering en bescherming tegen kortsluiting en overspanning.\" \/>\n<meta property=\"og:url\" content=\"https:\/\/koningdrone.be\/es\/producto\/dji-power-solar-panel-adapter-module-mppt\/\" \/>\n<meta property=\"og:site_name\" content=\"koningdrone.be\" \/>\n<meta property=\"article:modified_time\" content=\"2026-04-29T13:00:26+00:00\" \/>\n<meta property=\"og:image\" content=\"https:\/\/koningdrone.be\/wp-content\/uploads\/sites\/13\/2026\/01\/DJI-Power-Solar-Panel-Adapter-Module-MPPT-1-scaled-1.webp\" \/>\n\t<meta property=\"og:image:width\" content=\"1920\" \/>\n\t<meta property=\"og:image:height\" content=\"1280\" \/>\n\t<meta property=\"og:image:type\" content=\"image\/webp\" \/>\n<meta name=\"twitter:card\" content=\"summary_large_image\" \/>\n<meta name=\"twitter:label1\" content=\"Tiempo de lectura\" \/>\n\t<meta name=\"twitter:data1\" content=\"1 minuto\" \/>\n<script type=\"application\/ld+json\" class=\"yoast-schema-graph\">{\"@context\":\"https:\/\/schema.org\",\"@graph\":[{\"@type\":\"WebPage\",\"@id\":\"https:\/\/koningdrone.be\/product\/dji-power-solar-panel-adapter-module-mppt\/\",\"url\":\"https:\/\/koningdrone.be\/product\/dji-power-solar-panel-adapter-module-mppt\/\",\"name\":\"DJI Power Solar Panel Adapter Module (MPPT) - koningdrone.be\",\"isPartOf\":{\"@id\":\"https:\/\/koningdrone.be\/#website\"},\"primaryImageOfPage\":{\"@id\":\"https:\/\/koningdrone.be\/product\/dji-power-solar-panel-adapter-module-mppt\/#primaryimage\"},\"image\":{\"@id\":\"https:\/\/koningdrone.be\/product\/dji-power-solar-panel-adapter-module-mppt\/#primaryimage\"},\"thumbnailUrl\":\"https:\/\/koningdrone.be\/wp-content\/uploads\/sites\/13\/2026\/01\/DJI-Power-Solar-Panel-Adapter-Module-MPPT-1-scaled-1.webp\",\"datePublished\":\"2026-01-23T02:46:41+00:00\",\"dateModified\":\"2026-04-29T13:00:26+00:00\",\"breadcrumb\":{\"@id\":\"https:\/\/koningdrone.be\/product\/dji-power-solar-panel-adapter-module-mppt\/#breadcrumb\"},\"inLanguage\":\"es\",\"potentialAction\":[{\"@type\":\"ReadAction\",\"target\":[\"https:\/\/koningdrone.be\/product\/dji-power-solar-panel-adapter-module-mppt\/\"]}]},{\"@type\":\"ImageObject\",\"inLanguage\":\"es\",\"@id\":\"https:\/\/koningdrone.be\/product\/dji-power-solar-panel-adapter-module-mppt\/#primaryimage\",\"url\":\"https:\/\/koningdrone.be\/wp-content\/uploads\/sites\/13\/2026\/01\/DJI-Power-Solar-Panel-Adapter-Module-MPPT-1-scaled-1.webp\",\"contentUrl\":\"https:\/\/koningdrone.be\/wp-content\/uploads\/sites\/13\/2026\/01\/DJI-Power-Solar-Panel-Adapter-Module-MPPT-1-scaled-1.webp\",\"width\":1920,\"height\":1280},{\"@type\":\"BreadcrumbList\",\"@id\":\"https:\/\/koningdrone.be\/product\/dji-power-solar-panel-adapter-module-mppt\/#breadcrumb\",\"itemListElement\":[{\"@type\":\"ListItem\",\"position\":1,\"name\":\"Home\",\"item\":\"https:\/\/koningdrone.be\/\"},{\"@type\":\"ListItem\",\"position\":2,\"name\":\"AVSS Parachute Recovery System for DJI Matrice 300\/350\",\"item\":\"https:\/\/koningdrone.be\/product\/avss-parachute-recovery-system-for-dji-matrice-300-350\/\"},{\"@type\":\"ListItem\",\"position\":3,\"name\":\"Alle opladers\",\"item\":\"https:\/\/koningdrone.be\/categorie\/alle-opladers\/\"},{\"@type\":\"ListItem\",\"position\":4,\"name\":\"DJI Power Solar Panel Adapter Module (MPPT)\"}]},{\"@type\":\"WebSite\",\"@id\":\"https:\/\/koningdrone.be\/#website\",\"url\":\"https:\/\/koningdrone.be\/\",\"name\":\"Koningdrone.be - Uw online specialist in drones, gimbals, camera's en power stations.\",\"description\":\"De webshop in drones en gimbals\",\"publisher\":{\"@id\":\"https:\/\/koningdrone.be\/#organization\"},\"potentialAction\":[{\"@type\":\"SearchAction\",\"target\":{\"@type\":\"EntryPoint\",\"urlTemplate\":\"https:\/\/koningdrone.be\/?s={search_term_string}\"},\"query-input\":{\"@type\":\"PropertyValueSpecification\",\"valueRequired\":true,\"valueName\":\"search_term_string\"}}],\"inLanguage\":\"es\"},{\"@type\":\"Organization\",\"@id\":\"https:\/\/koningdrone.be\/#organization\",\"name\":\"Koningdrone.be\",\"url\":\"https:\/\/koningdrone.be\/\",\"logo\":{\"@type\":\"ImageObject\",\"inLanguage\":\"es\",\"@id\":\"https:\/\/koningdrone.be\/#\/schema\/logo\/image\/\",\"url\":\"https:\/\/koningdrone.be\/wp-content\/uploads\/sites\/13\/2025\/04\/koningdrone-copyright-logo.svg\",\"contentUrl\":\"https:\/\/koningdrone.be\/wp-content\/uploads\/sites\/13\/2025\/04\/koningdrone-copyright-logo.svg\",\"width\":227,\"height\":38,\"caption\":\"Koningdrone.be\"},\"image\":{\"@id\":\"https:\/\/koningdrone.be\/#\/schema\/logo\/image\/\"}}]}<\/script>\n<!-- \/ Yoast SEO Premium plugin. -->","yoast_head_json":{"title":"DJI Power Solar Panel Adapter Module (MPPT) - koningdrone.be","robots":{"index":"index","follow":"follow","max-snippet":"max-snippet:-1","max-image-preview":"max-image-preview:large","max-video-preview":"max-video-preview:-1"},"canonical":"https:\/\/koningdrone.be\/es\/producto\/dji-power-solar-panel-adapter-module-mppt\/","og_locale":"es_ES","og_type":"article","og_title":"DJI Power Solar Panel Adapter Module (MPPT)","og_description":"Ultrasnel Opladen met 1000W: Gebruik de kracht van de dynamo van uw voertuig om de DJI Power 1000\/2000 razendsnel op te laden met maximaal 1000 W.    Intelligent Tweerichtingsladen: Kan niet alleen de powerstation opladen, maar ook de accu van uw voertuig onderhouden om ontlading te voorkomen (Reverse Charging).    Volledige App-integratie: Bewaak de laadstatus, pas het vermogen aan en wissel tussen modi via de DJI Home-app.    Universele Compatibiliteit: Geschikt voor de meeste voertuigen met een 12V of 24V elektrisch systeem.    Veiligheid Voorop: Inclusief een robuuste installatiekit met een 100A zekering en bescherming tegen kortsluiting en overspanning.","og_url":"https:\/\/koningdrone.be\/es\/producto\/dji-power-solar-panel-adapter-module-mppt\/","og_site_name":"koningdrone.be","article_modified_time":"2026-04-29T13:00:26+00:00","og_image":[{"width":1920,"height":1280,"url":"https:\/\/koningdrone.be\/wp-content\/uploads\/sites\/13\/2026\/01\/DJI-Power-Solar-Panel-Adapter-Module-MPPT-1-scaled-1.webp","type":"image\/webp"}],"twitter_card":"summary_large_image","twitter_misc":{"Tiempo de lectura":"1 minuto"},"schema":{"@context":"https:\/\/schema.org","@graph":[{"@type":"WebPage","@id":"https:\/\/koningdrone.be\/product\/dji-power-solar-panel-adapter-module-mppt\/","url":"https:\/\/koningdrone.be\/product\/dji-power-solar-panel-adapter-module-mppt\/","name":"DJI Power Solar Panel Adapter Module (MPPT) - koningdrone.be","isPartOf":{"@id":"https:\/\/koningdrone.be\/#website"},"primaryImageOfPage":{"@id":"https:\/\/koningdrone.be\/product\/dji-power-solar-panel-adapter-module-mppt\/#primaryimage"},"image":{"@id":"https:\/\/koningdrone.be\/product\/dji-power-solar-panel-adapter-module-mppt\/#primaryimage"},"thumbnailUrl":"https:\/\/koningdrone.be\/wp-content\/uploads\/sites\/13\/2026\/01\/DJI-Power-Solar-Panel-Adapter-Module-MPPT-1-scaled-1.webp","datePublished":"2026-01-23T02:46:41+00:00","dateModified":"2026-04-29T13:00:26+00:00","breadcrumb":{"@id":"https:\/\/koningdrone.be\/product\/dji-power-solar-panel-adapter-module-mppt\/#breadcrumb"},"inLanguage":"es","potentialAction":[{"@type":"ReadAction","target":["https:\/\/koningdrone.be\/product\/dji-power-solar-panel-adapter-module-mppt\/"]}]},{"@type":"ImageObject","inLanguage":"es","@id":"https:\/\/koningdrone.be\/product\/dji-power-solar-panel-adapter-module-mppt\/#primaryimage","url":"https:\/\/koningdrone.be\/wp-content\/uploads\/sites\/13\/2026\/01\/DJI-Power-Solar-Panel-Adapter-Module-MPPT-1-scaled-1.webp","contentUrl":"https:\/\/koningdrone.be\/wp-content\/uploads\/sites\/13\/2026\/01\/DJI-Power-Solar-Panel-Adapter-Module-MPPT-1-scaled-1.webp","width":1920,"height":1280},{"@type":"BreadcrumbList","@id":"https:\/\/koningdrone.be\/product\/dji-power-solar-panel-adapter-module-mppt\/#breadcrumb","itemListElement":[{"@type":"ListItem","position":1,"name":"Home","item":"https:\/\/koningdrone.be\/"},{"@type":"ListItem","position":2,"name":"AVSS Parachute Recovery System for DJI Matrice 300\/350","item":"https:\/\/koningdrone.be\/product\/avss-parachute-recovery-system-for-dji-matrice-300-350\/"},{"@type":"ListItem","position":3,"name":"Alle opladers","item":"https:\/\/koningdrone.be\/categorie\/alle-opladers\/"},{"@type":"ListItem","position":4,"name":"DJI Power Solar Panel Adapter Module (MPPT)"}]},{"@type":"WebSite","@id":"https:\/\/koningdrone.be\/#website","url":"https:\/\/koningdrone.be\/","name":"Koningdrone.be - Su especialista en l\u00ednea en drones, cardanes, c\u00e1maras y centrales el\u00e9ctricas.","description":"La tienda virtual de drones y cardanes","publisher":{"@id":"https:\/\/koningdrone.be\/#organization"},"potentialAction":[{"@type":"SearchAction","target":{"@type":"EntryPoint","urlTemplate":"https:\/\/koningdrone.be\/?s={search_term_string}"},"query-input":{"@type":"PropertyValueSpecification","valueRequired":true,"valueName":"search_term_string"}}],"inLanguage":"es"},{"@type":"Organization","@id":"https:\/\/koningdrone.be\/#organization","name":"Kingdrone.es","url":"https:\/\/koningdrone.be\/","logo":{"@type":"ImageObject","inLanguage":"es","@id":"https:\/\/koningdrone.be\/#\/schema\/logo\/image\/","url":"https:\/\/koningdrone.be\/wp-content\/uploads\/sites\/13\/2025\/04\/koningdrone-copyright-logo.svg","contentUrl":"https:\/\/koningdrone.be\/wp-content\/uploads\/sites\/13\/2025\/04\/koningdrone-copyright-logo.svg","width":227,"height":38,"caption":"Koningdrone.be"},"image":{"@id":"https:\/\/koningdrone.be\/#\/schema\/logo\/image\/"}}]}},"df_price":59,"df_sale_price":"","df_regular_price":59,"df_image_link":"https:\/\/koningdrone.be\/wp-content\/uploads\/sites\/13\/2026\/01\/DJI-Power-Solar-Panel-Adapter-Module-MPPT-1-scaled-1-300x200.webp","_links":{"self":[{"href":"https:\/\/koningdrone.be\/es\/wp-json\/wp\/v2\/product\/15845","targetHints":{"allow":["GET"]}}],"collection":[{"href":"https:\/\/koningdrone.be\/es\/wp-json\/wp\/v2\/product"}],"about":[{"href":"https:\/\/koningdrone.be\/es\/wp-json\/wp\/v2\/types\/product"}],"wp:featuredmedia":[{"embeddable":true,"href":"https:\/\/koningdrone.be\/es\/wp-json\/wp\/v2\/media\/15840"}],"wp:attachment":[{"href":"https:\/\/koningdrone.be\/es\/wp-json\/wp\/v2\/media?parent=15845"}],"wp:term":[{"taxonomy":"product_brand","embeddable":true,"href":"https:\/\/koningdrone.be\/es\/wp-json\/wp\/v2\/product_brand?post=15845"},{"taxonomy":"product_cat","embeddable":true,"href":"https:\/\/koningdrone.be\/es\/wp-json\/wp\/v2\/product_cat?post=15845"},{"taxonomy":"product_tag","embeddable":true,"href":"https:\/\/koningdrone.be\/es\/wp-json\/wp\/v2\/product_tag?post=15845"}],"curies":[{"name":"wp","href":"https:\/\/api.w.org\/{rel}","templated":true}]}}