{"id":15836,"date":"2026-01-23T02:57:35","date_gmt":"2026-01-23T01:57:35","guid":{"rendered":"https:\/\/koningdrone.be\/product\/dji-power-1-8kw-solar-car-super-fast-charger\/"},"modified":"2026-04-29T15:00:31","modified_gmt":"2026-04-29T13:00:31","slug":"dji-power-1-8kw-solar-car-super-fast-charger","status":"publish","type":"product","link":"https:\/\/koningdrone.be\/es\/producto\/dji-power-1-8kw-solar-car-super-fast-charger\/","title":{"rendered":"Cargador superr\u00e1pido solar\/de coche DJI Power de 1,8 kW"},"content":{"rendered":"<p data-path-to-node=\"9\">En <b data-path-to-node=\"9\" data-index-in-node=\"3\">Cargador superr\u00e1pido solar\/de coche DJI Power de 1,8 kW<\/b> es la soluci\u00f3n definitiva para profesionales y viajeros que necesitan una independencia energ\u00e9tica total. Este innovador cargador te permite cargar tu DJI Power 1000 o 2000 a la velocidad del rayo utilizando simult\u00e1neamente energ\u00eda solar y el alternador de tu veh\u00edculo. Con una capacidad de carga combinada de hasta 1800 W, siempre tendr\u00e1s garantizada la energ\u00eda suficiente, incluso durante operaciones intensivas de varios d\u00edas o viajes a zonas remotas.<\/p>\n<p data-path-to-node=\"10\">Adem\u00e1s de cargar tu central, esta unidad ofrece una funci\u00f3n de carga inteligente bidireccional que mantiene estable la bater\u00eda de tu veh\u00edculo. Dise\u00f1ado para su uso con sistemas el\u00e9ctricos de 12 V y 24 V, es compatible con una amplia gama de productos DJI, incluida la nueva Power 1000 V2. Tanto si est\u00e1s construyendo una copia de seguridad dom\u00e9stica como montando un centro de mando m\u00f3vil en una caravana, este cargador es el potente centro de tu sistema de alimentaci\u00f3n.<\/p>","protected":false},"excerpt":{"rendered":"<ul>\n<li>\n<ul>\n<li>\n<p data-path-to-node=\"6,0,0\"><b data-path-to-node=\"6,0,0\" data-index-in-node=\"0\">Potente capacidad de carga combinada de 1800 W:<\/b> Consigue la m\u00e1xima potencia combinando la entrada de energ\u00eda de los paneles solares (1200 W) y el alternador del veh\u00edculo (600 W).<\/p>\n<\/li>\n<li>\n<p data-path-to-node=\"6,1,0\"><b data-path-to-node=\"6,1,0\" data-index-in-node=\"0\">Carga m\u00e1s r\u00e1pida sobre la marcha:<\/b> Carga hasta 1024 Wh de energ\u00eda en s\u00f3lo 40 minutos de conducci\u00f3n, o 2048 Wh en 75 minutos.<\/p>\n<\/li>\n<li>\n<p data-path-to-node=\"6,2,0\"><b data-path-to-node=\"6,2,0\" data-index-in-node=\"0\">Carga bidireccional inteligente:<\/b> Puede recargar la bater\u00eda de su autocaravana o veh\u00edculo recreativo con la energ\u00eda de la estaci\u00f3n DJI Power para evitar que se agote la bater\u00eda de arranque.<\/p>\n<\/li>\n<li>\n<p data-path-to-node=\"6,3,0\"><b data-path-to-node=\"6,3,0\" data-index-in-node=\"0\">Conexiones solares flexibles:<\/b> Equipado con puertos MC4 y XT90 para facilitar la instalaci\u00f3n de diversos sistemas de paneles solares.<\/p>\n<\/li>\n<li>\n<p data-path-to-node=\"6,4,0\"><b data-path-to-node=\"6,4,0\" data-index-in-node=\"0\">Dise\u00f1o compacto y ligero:<\/b> Con un peso de s\u00f3lo 1,2 kg, sus modestas dimensiones facilitan su instalaci\u00f3n en cualquier veh\u00edculo.<\/p>\n<\/li>\n<li>\n<p data-path-to-node=\"6,5,0\"><b data-path-to-node=\"6,5,0\" data-index-in-node=\"0\">Respaldo para un hogar sostenible:<\/b> Permite almacenar hasta 1.800 W de energ\u00eda solar para un suministro el\u00e9ctrico de emergencia respetuoso con el medio ambiente en combinaci\u00f3n con bater\u00edas de expansi\u00f3n.<\/p>\n<\/li>\n<\/ul>\n<\/li>\n<\/ul>","protected":false},"featured_media":15831,"template":"","meta":{"_acf_changed":false},"product_brand":[],"product_cat":[111,327,627,1145],"product_tag":[],"class_list":{"0":"post-15836","1":"product","2":"type-product","3":"status-publish","4":"has-post-thumbnail","6":"product_cat-alle-opladers","7":"product_cat-dji-energy","8":"product_cat-dji-powerstations","9":"product_cat-opladers","10":"product_shipping_class-outofstock","11":"pa_brand-dji","12":"pa_producttype-oplader","13":"pa_series-matrice-4","15":"first","16":"onbackorder","17":"taxable","18":"shipping-taxable","19":"purchasable","20":"product-type-simple"},"acf":[],"yoast_head":"<!-- This site is optimized with the Yoast SEO Premium plugin v27.2 (Yoast SEO v27.2) - https:\/\/yoast.com\/product\/yoast-seo-premium-wordpress\/ -->\n<title>DJI Power 1.8kW Solar\/Car Super Fast Charger - koningdrone.be<\/title>\n<meta name=\"robots\" content=\"index, follow, max-snippet:-1, max-image-preview:large, max-video-preview:-1\" \/>\n<link rel=\"canonical\" href=\"https:\/\/koningdrone.be\/es\/producto\/dji-power-1-8kw-solar-car-super-fast-charger\/\" \/>\n<meta property=\"og:locale\" content=\"es_ES\" \/>\n<meta property=\"og:type\" content=\"article\" \/>\n<meta property=\"og:title\" content=\"DJI Power 1.8kW Solar\/Car Super Fast Charger\" \/>\n<meta property=\"og:description\" content=\"Krachtig gecombineerd laadvermogen van 1800 W: Bereikt een maximaal vermogen door energie-invoer van zowel zonnepanelen (1200 W) als de dynamo van uw voertuig (600 W) te combineren.    Sneller opladen onderweg: Laadt tot 1024 Wh aan energie in slechts 40 minuten rijden, of 2048 Wh in 75 minuten.    Slimme bidirectionele oplading: Kan de accu van uw camper of recreatievoertuig bijladen met stroom uit de DJI Power-station om te voorkomen dat de startaccu leegloopt.    Flexibele zonne-energie aansluitingen: Uitgerust met zowel MC4- als XT90-poorten voor eenvoudige installatie van diverse zonnepaneelsystemen.    Compact en lichtgewicht ontwerp: Weegt slechts ongeveer 1,2 kg en is dankzij de bescheiden afmetingen gemakkelijk te plaatsen in elk voertuig.    Duurzame Thuis-backup: Maakt tot 1800 W zonne-energieopslag mogelijk voor een milieuvriendelijke noodstroomvoorziening in combinatie met uitbreidingsbatterijen.\" \/>\n<meta property=\"og:url\" content=\"https:\/\/koningdrone.be\/es\/producto\/dji-power-1-8kw-solar-car-super-fast-charger\/\" \/>\n<meta property=\"og:site_name\" content=\"koningdrone.be\" \/>\n<meta property=\"article:modified_time\" content=\"2026-04-29T13:00:31+00:00\" \/>\n<meta property=\"og:image\" content=\"https:\/\/koningdrone.be\/wp-content\/uploads\/sites\/13\/2026\/01\/DJI-Power-1.8kW-SolarCar-Super-Fast-Charger-5-scaled-1.webp\" \/>\n\t<meta property=\"og:image:width\" content=\"1920\" \/>\n\t<meta property=\"og:image:height\" content=\"1280\" \/>\n\t<meta property=\"og:image:type\" content=\"image\/jpeg\" \/>\n<meta name=\"twitter:card\" content=\"summary_large_image\" \/>\n<meta name=\"twitter:label1\" content=\"Tiempo de lectura\" \/>\n\t<meta name=\"twitter:data1\" content=\"1 minuto\" \/>\n<script type=\"application\/ld+json\" class=\"yoast-schema-graph\">{\"@context\":\"https:\/\/schema.org\",\"@graph\":[{\"@type\":\"WebPage\",\"@id\":\"https:\/\/koningdrone.be\/product\/dji-power-1-8kw-solar-car-super-fast-charger\/\",\"url\":\"https:\/\/koningdrone.be\/product\/dji-power-1-8kw-solar-car-super-fast-charger\/\",\"name\":\"DJI Power 1.8kW Solar\/Car Super Fast Charger - koningdrone.be\",\"isPartOf\":{\"@id\":\"https:\/\/koningdrone.be\/#website\"},\"primaryImageOfPage\":{\"@id\":\"https:\/\/koningdrone.be\/product\/dji-power-1-8kw-solar-car-super-fast-charger\/#primaryimage\"},\"image\":{\"@id\":\"https:\/\/koningdrone.be\/product\/dji-power-1-8kw-solar-car-super-fast-charger\/#primaryimage\"},\"thumbnailUrl\":\"https:\/\/koningdrone.be\/wp-content\/uploads\/sites\/13\/2026\/01\/DJI-Power-1.8kW-SolarCar-Super-Fast-Charger-5-scaled-1.webp\",\"datePublished\":\"2026-01-23T01:57:35+00:00\",\"dateModified\":\"2026-04-29T13:00:31+00:00\",\"breadcrumb\":{\"@id\":\"https:\/\/koningdrone.be\/product\/dji-power-1-8kw-solar-car-super-fast-charger\/#breadcrumb\"},\"inLanguage\":\"es\",\"potentialAction\":[{\"@type\":\"ReadAction\",\"target\":[\"https:\/\/koningdrone.be\/product\/dji-power-1-8kw-solar-car-super-fast-charger\/\"]}]},{\"@type\":\"ImageObject\",\"inLanguage\":\"es\",\"@id\":\"https:\/\/koningdrone.be\/product\/dji-power-1-8kw-solar-car-super-fast-charger\/#primaryimage\",\"url\":\"https:\/\/koningdrone.be\/wp-content\/uploads\/sites\/13\/2026\/01\/DJI-Power-1.8kW-SolarCar-Super-Fast-Charger-5-scaled-1.webp\",\"contentUrl\":\"https:\/\/koningdrone.be\/wp-content\/uploads\/sites\/13\/2026\/01\/DJI-Power-1.8kW-SolarCar-Super-Fast-Charger-5-scaled-1.webp\",\"width\":1920,\"height\":1280},{\"@type\":\"BreadcrumbList\",\"@id\":\"https:\/\/koningdrone.be\/product\/dji-power-1-8kw-solar-car-super-fast-charger\/#breadcrumb\",\"itemListElement\":[{\"@type\":\"ListItem\",\"position\":1,\"name\":\"Home\",\"item\":\"https:\/\/koningdrone.be\/\"},{\"@type\":\"ListItem\",\"position\":2,\"name\":\"AVSS Parachute Recovery System for DJI Matrice 300\/350\",\"item\":\"https:\/\/koningdrone.be\/product\/avss-parachute-recovery-system-for-dji-matrice-300-350\/\"},{\"@type\":\"ListItem\",\"position\":3,\"name\":\"Alle opladers\",\"item\":\"https:\/\/koningdrone.be\/categorie\/alle-opladers\/\"},{\"@type\":\"ListItem\",\"position\":4,\"name\":\"DJI Power 1.8kW Solar\/Car Super Fast Charger\"}]},{\"@type\":\"WebSite\",\"@id\":\"https:\/\/koningdrone.be\/#website\",\"url\":\"https:\/\/koningdrone.be\/\",\"name\":\"Koningdrone.be - Uw online specialist in drones, gimbals, camera's en power stations.\",\"description\":\"De webshop in drones en gimbals\",\"publisher\":{\"@id\":\"https:\/\/koningdrone.be\/#organization\"},\"potentialAction\":[{\"@type\":\"SearchAction\",\"target\":{\"@type\":\"EntryPoint\",\"urlTemplate\":\"https:\/\/koningdrone.be\/?s={search_term_string}\"},\"query-input\":{\"@type\":\"PropertyValueSpecification\",\"valueRequired\":true,\"valueName\":\"search_term_string\"}}],\"inLanguage\":\"es\"},{\"@type\":\"Organization\",\"@id\":\"https:\/\/koningdrone.be\/#organization\",\"name\":\"Koningdrone.be\",\"url\":\"https:\/\/koningdrone.be\/\",\"logo\":{\"@type\":\"ImageObject\",\"inLanguage\":\"es\",\"@id\":\"https:\/\/koningdrone.be\/#\/schema\/logo\/image\/\",\"url\":\"https:\/\/koningdrone.be\/wp-content\/uploads\/sites\/13\/2025\/04\/koningdrone-copyright-logo.svg\",\"contentUrl\":\"https:\/\/koningdrone.be\/wp-content\/uploads\/sites\/13\/2025\/04\/koningdrone-copyright-logo.svg\",\"width\":227,\"height\":38,\"caption\":\"Koningdrone.be\"},\"image\":{\"@id\":\"https:\/\/koningdrone.be\/#\/schema\/logo\/image\/\"}}]}<\/script>\n<!-- \/ Yoast SEO Premium plugin. -->","yoast_head_json":{"title":"DJI Power 1.8kW Solar\/Car Super Fast Charger - koningdrone.be","robots":{"index":"index","follow":"follow","max-snippet":"max-snippet:-1","max-image-preview":"max-image-preview:large","max-video-preview":"max-video-preview:-1"},"canonical":"https:\/\/koningdrone.be\/es\/producto\/dji-power-1-8kw-solar-car-super-fast-charger\/","og_locale":"es_ES","og_type":"article","og_title":"DJI Power 1.8kW Solar\/Car Super Fast Charger","og_description":"Krachtig gecombineerd laadvermogen van 1800 W: Bereikt een maximaal vermogen door energie-invoer van zowel zonnepanelen (1200 W) als de dynamo van uw voertuig (600 W) te combineren.    Sneller opladen onderweg: Laadt tot 1024 Wh aan energie in slechts 40 minuten rijden, of 2048 Wh in 75 minuten.    Slimme bidirectionele oplading: Kan de accu van uw camper of recreatievoertuig bijladen met stroom uit de DJI Power-station om te voorkomen dat de startaccu leegloopt.    Flexibele zonne-energie aansluitingen: Uitgerust met zowel MC4- als XT90-poorten voor eenvoudige installatie van diverse zonnepaneelsystemen.    Compact en lichtgewicht ontwerp: Weegt slechts ongeveer 1,2 kg en is dankzij de bescheiden afmetingen gemakkelijk te plaatsen in elk voertuig.    Duurzame Thuis-backup: Maakt tot 1800 W zonne-energieopslag mogelijk voor een milieuvriendelijke noodstroomvoorziening in combinatie met uitbreidingsbatterijen.","og_url":"https:\/\/koningdrone.be\/es\/producto\/dji-power-1-8kw-solar-car-super-fast-charger\/","og_site_name":"koningdrone.be","article_modified_time":"2026-04-29T13:00:31+00:00","og_image":[{"width":1920,"height":1280,"url":"https:\/\/koningdrone.be\/wp-content\/uploads\/sites\/13\/2026\/01\/DJI-Power-1.8kW-SolarCar-Super-Fast-Charger-5-scaled-1.webp","type":"image\/jpeg"}],"twitter_card":"summary_large_image","twitter_misc":{"Tiempo de lectura":"1 minuto"},"schema":{"@context":"https:\/\/schema.org","@graph":[{"@type":"WebPage","@id":"https:\/\/koningdrone.be\/product\/dji-power-1-8kw-solar-car-super-fast-charger\/","url":"https:\/\/koningdrone.be\/product\/dji-power-1-8kw-solar-car-super-fast-charger\/","name":"DJI Power 1.8kW Solar\/Car Super Fast Charger - koningdrone.be","isPartOf":{"@id":"https:\/\/koningdrone.be\/#website"},"primaryImageOfPage":{"@id":"https:\/\/koningdrone.be\/product\/dji-power-1-8kw-solar-car-super-fast-charger\/#primaryimage"},"image":{"@id":"https:\/\/koningdrone.be\/product\/dji-power-1-8kw-solar-car-super-fast-charger\/#primaryimage"},"thumbnailUrl":"https:\/\/koningdrone.be\/wp-content\/uploads\/sites\/13\/2026\/01\/DJI-Power-1.8kW-SolarCar-Super-Fast-Charger-5-scaled-1.webp","datePublished":"2026-01-23T01:57:35+00:00","dateModified":"2026-04-29T13:00:31+00:00","breadcrumb":{"@id":"https:\/\/koningdrone.be\/product\/dji-power-1-8kw-solar-car-super-fast-charger\/#breadcrumb"},"inLanguage":"es","potentialAction":[{"@type":"ReadAction","target":["https:\/\/koningdrone.be\/product\/dji-power-1-8kw-solar-car-super-fast-charger\/"]}]},{"@type":"ImageObject","inLanguage":"es","@id":"https:\/\/koningdrone.be\/product\/dji-power-1-8kw-solar-car-super-fast-charger\/#primaryimage","url":"https:\/\/koningdrone.be\/wp-content\/uploads\/sites\/13\/2026\/01\/DJI-Power-1.8kW-SolarCar-Super-Fast-Charger-5-scaled-1.webp","contentUrl":"https:\/\/koningdrone.be\/wp-content\/uploads\/sites\/13\/2026\/01\/DJI-Power-1.8kW-SolarCar-Super-Fast-Charger-5-scaled-1.webp","width":1920,"height":1280},{"@type":"BreadcrumbList","@id":"https:\/\/koningdrone.be\/product\/dji-power-1-8kw-solar-car-super-fast-charger\/#breadcrumb","itemListElement":[{"@type":"ListItem","position":1,"name":"Home","item":"https:\/\/koningdrone.be\/"},{"@type":"ListItem","position":2,"name":"AVSS Parachute Recovery System for DJI Matrice 300\/350","item":"https:\/\/koningdrone.be\/product\/avss-parachute-recovery-system-for-dji-matrice-300-350\/"},{"@type":"ListItem","position":3,"name":"Alle opladers","item":"https:\/\/koningdrone.be\/categorie\/alle-opladers\/"},{"@type":"ListItem","position":4,"name":"DJI Power 1.8kW Solar\/Car Super Fast Charger"}]},{"@type":"WebSite","@id":"https:\/\/koningdrone.be\/#website","url":"https:\/\/koningdrone.be\/","name":"Koningdrone.be - Su especialista en l\u00ednea en drones, cardanes, c\u00e1maras y centrales el\u00e9ctricas.","description":"La tienda virtual de drones y cardanes","publisher":{"@id":"https:\/\/koningdrone.be\/#organization"},"potentialAction":[{"@type":"SearchAction","target":{"@type":"EntryPoint","urlTemplate":"https:\/\/koningdrone.be\/?s={search_term_string}"},"query-input":{"@type":"PropertyValueSpecification","valueRequired":true,"valueName":"search_term_string"}}],"inLanguage":"es"},{"@type":"Organization","@id":"https:\/\/koningdrone.be\/#organization","name":"Kingdrone.es","url":"https:\/\/koningdrone.be\/","logo":{"@type":"ImageObject","inLanguage":"es","@id":"https:\/\/koningdrone.be\/#\/schema\/logo\/image\/","url":"https:\/\/koningdrone.be\/wp-content\/uploads\/sites\/13\/2025\/04\/koningdrone-copyright-logo.svg","contentUrl":"https:\/\/koningdrone.be\/wp-content\/uploads\/sites\/13\/2025\/04\/koningdrone-copyright-logo.svg","width":227,"height":38,"caption":"Koningdrone.be"},"image":{"@id":"https:\/\/koningdrone.be\/#\/schema\/logo\/image\/"}}]}},"df_price":299,"df_sale_price":"","df_regular_price":299,"df_image_link":"https:\/\/koningdrone.be\/wp-content\/uploads\/sites\/13\/2026\/01\/DJI-Power-1.8kW-SolarCar-Super-Fast-Charger-5-scaled-1-300x200.webp","_links":{"self":[{"href":"https:\/\/koningdrone.be\/es\/wp-json\/wp\/v2\/product\/15836","targetHints":{"allow":["GET"]}}],"collection":[{"href":"https:\/\/koningdrone.be\/es\/wp-json\/wp\/v2\/product"}],"about":[{"href":"https:\/\/koningdrone.be\/es\/wp-json\/wp\/v2\/types\/product"}],"wp:featuredmedia":[{"embeddable":true,"href":"https:\/\/koningdrone.be\/es\/wp-json\/wp\/v2\/media\/15831"}],"wp:attachment":[{"href":"https:\/\/koningdrone.be\/es\/wp-json\/wp\/v2\/media?parent=15836"}],"wp:term":[{"taxonomy":"product_brand","embeddable":true,"href":"https:\/\/koningdrone.be\/es\/wp-json\/wp\/v2\/product_brand?post=15836"},{"taxonomy":"product_cat","embeddable":true,"href":"https:\/\/koningdrone.be\/es\/wp-json\/wp\/v2\/product_cat?post=15836"},{"taxonomy":"product_tag","embeddable":true,"href":"https:\/\/koningdrone.be\/es\/wp-json\/wp\/v2\/product_tag?post=15836"}],"curies":[{"name":"wp","href":"https:\/\/api.w.org\/{rel}","templated":true}]}}