{"id":1560,"date":"2024-12-04T12:16:51","date_gmt":"2024-12-04T11:16:51","guid":{"rendered":"https:\/\/koningdrone.nl\/kon\/?post_type=product&#038;p=1560"},"modified":"2026-04-21T13:32:12","modified_gmt":"2026-04-21T11:32:12","slug":"dji-care-pro-2-year-plan-for-dji-inspire-3","status":"publish","type":"product","link":"https:\/\/koningdrone.be\/es\/producto\/dji-care-pro-2-year-plan-for-dji-inspire-3\/","title":{"rendered":"Plan de 2 a\u00f1os DJI Care Pro para DJI Inspire 3"},"content":{"rendered":"<h3>Plan de 2 a\u00f1os DJI Care Pro para DJI Inspire 3<\/h3>\n<p>DJI Care Pro 2-Year Plan para el DJI Inspire 3 es un servicio integral y un plan de protecci\u00f3n dise\u00f1ado para cubrir tu dron Inspire 3 contra da\u00f1os imprevistos durante dos a\u00f1os. Dise\u00f1ado para pilotos de drones profesionales y empresas que conf\u00edan en su Inspire 3 para la producci\u00f3n de fotos y v\u00eddeos de alta calidad, este servicio ofrece total tranquilidad con una cobertura que va m\u00e1s all\u00e1 de la garant\u00eda est\u00e1ndar del fabricante.<\/p>\n<h4>Rendimiento y funcionalidad<\/h4>\n<p>Durante el periodo de servicio de dos a\u00f1os, DJI Care Pro ofrece reparaciones gratuitas ilimitadas dentro del l\u00edmite de cobertura para da\u00f1os causados por colisiones, agua, ca\u00eddas y otros accidentes que pueden ocurrir durante el uso normal. Adem\u00e1s, se incluyen m\u00faltiples sustituciones de bater\u00eda gratuitas durante el plazo, lo que garantiza que tu Inspire 3 siga operativo incluso si las bater\u00edas se da\u00f1an. El plan tambi\u00e9n incluye servicios anuales de mantenimiento en f\u00e1brica y cobertura flyaway, que te permite obtener un reemplazo a un coste de servicio reducido en caso de p\u00e9rdida del dron.<\/p>\n<p><a href=\"https:\/\/koningdrone.nl\/wp-content\/uploads\/2024\/12\/DJI-Care-Pro-2-Year-Plan-For-DJI-Inspire-3-scaled.jpg\"><img loading=\"lazy\" decoding=\"async\" class=\"size-medium wp-image-471927 aligncenter\" src=\"https:\/\/koningdrone.nl\/wp-content\/uploads\/2024\/12\/DJI-Care-Pro-2-Year-Plan-For-DJI-Inspire-3-300x200.jpg\" alt=\"DJI Care Pro 2-Year Plan For DJI Inspire 3\" width=\"300\" height=\"200\" \/><\/a><\/p>\n<h4>Calidad de construcci\u00f3n y dise\u00f1o<\/h4>\n<p>DJI Care Pro es una licencia de servicio digital que est\u00e1 vinculada al n\u00famero de serie de tu Inspire 3 y debe activarse en las primeras 48 horas tras la activaci\u00f3n del dron. Una vez activada, los t\u00e9cnicos de DJI pueden llevar a cabo reparaciones y servicios utilizando piezas oficiales. Los servicios de mantenimiento incluyen inspecci\u00f3n, actualizaciones de firmware, calibraci\u00f3n y sustituci\u00f3n de piezas desgastadas para mantener el dron en las mejores condiciones.<\/p>\n<h4>Por qu\u00e9 lo necesita<\/h4>\n<p>Para profesionales y empresas que dependen de su dron Inspire 3, DJI Care Pro es una inversi\u00f3n que merece la pena. Proporciona una importante protecci\u00f3n contra accidentes y riesgos operativos, reduce los costes de reparaci\u00f3n y ayuda a evitar el tiempo de inactividad. Este servicio integral mantiene tu dron operativo mientras t\u00fa te centras en tu trabajo, sin preocuparte por costes de reparaci\u00f3n inesperados.<\/p>","protected":false},"excerpt":{"rendered":"<ul>\n<li>2 a\u00f1os de protecci\u00f3n completa para tu dron DJI Inspire 3<\/li>\n<li>Reparaciones gratuitas ilimitadas dentro del l\u00edmite de cobertura en caso de da\u00f1os<\/li>\n<li>Sustituci\u00f3n gratuita de la bater\u00eda durante el periodo de vigencia<\/li>\n<li>Revisi\u00f3n anual en f\u00e1brica incluida<\/li>\n<li>Cobertura \"flyaway\" con coste de sustituci\u00f3n reducido en caso de siniestro<\/li>\n<\/ul>","protected":false},"featured_media":18475,"template":"","meta":{"_acf_changed":false},"product_brand":[],"product_cat":[175,433],"product_tag":[],"class_list":{"0":"post-1560","1":"product","2":"type-product","3":"status-publish","4":"has-post-thumbnail","6":"product_cat-alle-care-refresh","7":"product_cat-dji-inspire-3","8":"pa_brand-dji","9":"pa_producttype-serviceplan","11":"first","12":"outofstock","13":"taxable","14":"shipping-taxable","15":"product-type-simple"},"acf":[],"yoast_head":"<!-- This site is optimized with the Yoast SEO Premium plugin v27.2 (Yoast SEO v27.2) - https:\/\/yoast.com\/product\/yoast-seo-premium-wordpress\/ -->\n<title>DJI Care Pro 2-Year Plan For DJI Inspire 3 - koningdrone.be<\/title>\n<meta name=\"robots\" content=\"index, follow, max-snippet:-1, max-image-preview:large, max-video-preview:-1\" \/>\n<link rel=\"canonical\" href=\"https:\/\/koningdrone.be\/es\/producto\/dji-care-pro-2-year-plan-for-dji-inspire-3\/\" \/>\n<meta property=\"og:locale\" content=\"es_ES\" \/>\n<meta property=\"og:type\" content=\"article\" \/>\n<meta property=\"og:title\" content=\"DJI Care Pro 2-Year Plan For DJI Inspire 3\" \/>\n<meta property=\"og:description\" content=\"2 jaar uitgebreide bescherming voor je DJI Inspire\u202f3 drone  Onbeperkt aantal gratis reparaties binnen het dekkingslimiet bij schade  Gratis batterij\u2011vervangingen verspreid over de looptijd  Jaarlijkse fabrieksonderhoudsbeurten inbegrepen  Flyaway\u2011dekking met gereduceerde vervangingskosten bij verlies\" \/>\n<meta property=\"og:url\" content=\"https:\/\/koningdrone.be\/es\/producto\/dji-care-pro-2-year-plan-for-dji-inspire-3\/\" \/>\n<meta property=\"og:site_name\" content=\"koningdrone.be\" \/>\n<meta property=\"article:modified_time\" content=\"2026-04-21T11:32:12+00:00\" \/>\n<meta property=\"og:image\" content=\"https:\/\/koningdrone.be\/wp-content\/uploads\/sites\/13\/2026\/04\/DJI-Care-Pro-2-Year-Plan-For-DJI-Inspire-3-scaled-1.jpg\" \/>\n\t<meta property=\"og:image:width\" content=\"2560\" \/>\n\t<meta property=\"og:image:height\" content=\"1707\" \/>\n\t<meta property=\"og:image:type\" content=\"image\/jpeg\" \/>\n<meta name=\"twitter:card\" content=\"summary_large_image\" \/>\n<meta name=\"twitter:label1\" content=\"Tiempo de lectura\" \/>\n\t<meta name=\"twitter:data1\" content=\"1 minuto\" \/>\n<script type=\"application\/ld+json\" class=\"yoast-schema-graph\">{\"@context\":\"https:\/\/schema.org\",\"@graph\":[{\"@type\":\"WebPage\",\"@id\":\"https:\/\/koningdrone.be\/product\/dji-care-pro-2-year-plan-for-dji-inspire-3\/\",\"url\":\"https:\/\/koningdrone.be\/product\/dji-care-pro-2-year-plan-for-dji-inspire-3\/\",\"name\":\"DJI Care Pro 2-Year Plan For DJI Inspire 3 - koningdrone.be\",\"isPartOf\":{\"@id\":\"https:\/\/koningdrone.be\/#website\"},\"primaryImageOfPage\":{\"@id\":\"https:\/\/koningdrone.be\/product\/dji-care-pro-2-year-plan-for-dji-inspire-3\/#primaryimage\"},\"image\":{\"@id\":\"https:\/\/koningdrone.be\/product\/dji-care-pro-2-year-plan-for-dji-inspire-3\/#primaryimage\"},\"thumbnailUrl\":\"https:\/\/koningdrone.be\/wp-content\/uploads\/sites\/13\/2026\/04\/DJI-Care-Pro-2-Year-Plan-For-DJI-Inspire-3-scaled-1.jpg\",\"datePublished\":\"2024-12-04T11:16:51+00:00\",\"dateModified\":\"2026-04-21T11:32:12+00:00\",\"breadcrumb\":{\"@id\":\"https:\/\/koningdrone.be\/product\/dji-care-pro-2-year-plan-for-dji-inspire-3\/#breadcrumb\"},\"inLanguage\":\"es\",\"potentialAction\":[{\"@type\":\"ReadAction\",\"target\":[\"https:\/\/koningdrone.be\/product\/dji-care-pro-2-year-plan-for-dji-inspire-3\/\"]}]},{\"@type\":\"ImageObject\",\"inLanguage\":\"es\",\"@id\":\"https:\/\/koningdrone.be\/product\/dji-care-pro-2-year-plan-for-dji-inspire-3\/#primaryimage\",\"url\":\"https:\/\/koningdrone.be\/wp-content\/uploads\/sites\/13\/2026\/04\/DJI-Care-Pro-2-Year-Plan-For-DJI-Inspire-3-scaled-1.jpg\",\"contentUrl\":\"https:\/\/koningdrone.be\/wp-content\/uploads\/sites\/13\/2026\/04\/DJI-Care-Pro-2-Year-Plan-For-DJI-Inspire-3-scaled-1.jpg\",\"width\":2560,\"height\":1707},{\"@type\":\"BreadcrumbList\",\"@id\":\"https:\/\/koningdrone.be\/product\/dji-care-pro-2-year-plan-for-dji-inspire-3\/#breadcrumb\",\"itemListElement\":[{\"@type\":\"ListItem\",\"position\":1,\"name\":\"Home\",\"item\":\"https:\/\/koningdrone.be\/\"},{\"@type\":\"ListItem\",\"position\":2,\"name\":\"AVSS Parachute Recovery System for DJI Matrice 300\/350\",\"item\":\"https:\/\/koningdrone.be\/product\/avss-parachute-recovery-system-for-dji-matrice-300-350\/\"},{\"@type\":\"ListItem\",\"position\":3,\"name\":\"DJI Inspire 3\",\"item\":\"https:\/\/koningdrone.be\/categorie\/dji-inspire-3\/\"},{\"@type\":\"ListItem\",\"position\":4,\"name\":\"DJI Care Pro 2-Year Plan For DJI Inspire 3\"}]},{\"@type\":\"WebSite\",\"@id\":\"https:\/\/koningdrone.be\/#website\",\"url\":\"https:\/\/koningdrone.be\/\",\"name\":\"Koningdrone.be - Uw online specialist in drones, gimbals, camera's en power stations.\",\"description\":\"De webshop in drones en gimbals\",\"publisher\":{\"@id\":\"https:\/\/koningdrone.be\/#organization\"},\"potentialAction\":[{\"@type\":\"SearchAction\",\"target\":{\"@type\":\"EntryPoint\",\"urlTemplate\":\"https:\/\/koningdrone.be\/?s={search_term_string}\"},\"query-input\":{\"@type\":\"PropertyValueSpecification\",\"valueRequired\":true,\"valueName\":\"search_term_string\"}}],\"inLanguage\":\"es\"},{\"@type\":\"Organization\",\"@id\":\"https:\/\/koningdrone.be\/#organization\",\"name\":\"Koningdrone.be\",\"url\":\"https:\/\/koningdrone.be\/\",\"logo\":{\"@type\":\"ImageObject\",\"inLanguage\":\"es\",\"@id\":\"https:\/\/koningdrone.be\/#\/schema\/logo\/image\/\",\"url\":\"https:\/\/koningdrone.be\/wp-content\/uploads\/sites\/13\/2025\/04\/koningdrone-copyright-logo.svg\",\"contentUrl\":\"https:\/\/koningdrone.be\/wp-content\/uploads\/sites\/13\/2025\/04\/koningdrone-copyright-logo.svg\",\"width\":227,\"height\":38,\"caption\":\"Koningdrone.be\"},\"image\":{\"@id\":\"https:\/\/koningdrone.be\/#\/schema\/logo\/image\/\"}}]}<\/script>\n<!-- \/ Yoast SEO Premium plugin. -->","yoast_head_json":{"title":"DJI Care Pro 2-Year Plan For DJI Inspire 3 - koningdrone.be","robots":{"index":"index","follow":"follow","max-snippet":"max-snippet:-1","max-image-preview":"max-image-preview:large","max-video-preview":"max-video-preview:-1"},"canonical":"https:\/\/koningdrone.be\/es\/producto\/dji-care-pro-2-year-plan-for-dji-inspire-3\/","og_locale":"es_ES","og_type":"article","og_title":"DJI Care Pro 2-Year Plan For DJI Inspire 3","og_description":"2 jaar uitgebreide bescherming voor je DJI Inspire\u202f3 drone  Onbeperkt aantal gratis reparaties binnen het dekkingslimiet bij schade  Gratis batterij\u2011vervangingen verspreid over de looptijd  Jaarlijkse fabrieksonderhoudsbeurten inbegrepen  Flyaway\u2011dekking met gereduceerde vervangingskosten bij verlies","og_url":"https:\/\/koningdrone.be\/es\/producto\/dji-care-pro-2-year-plan-for-dji-inspire-3\/","og_site_name":"koningdrone.be","article_modified_time":"2026-04-21T11:32:12+00:00","og_image":[{"width":2560,"height":1707,"url":"https:\/\/koningdrone.be\/wp-content\/uploads\/sites\/13\/2026\/04\/DJI-Care-Pro-2-Year-Plan-For-DJI-Inspire-3-scaled-1.jpg","type":"image\/jpeg"}],"twitter_card":"summary_large_image","twitter_misc":{"Tiempo de lectura":"1 minuto"},"schema":{"@context":"https:\/\/schema.org","@graph":[{"@type":"WebPage","@id":"https:\/\/koningdrone.be\/product\/dji-care-pro-2-year-plan-for-dji-inspire-3\/","url":"https:\/\/koningdrone.be\/product\/dji-care-pro-2-year-plan-for-dji-inspire-3\/","name":"DJI Care Pro 2-Year Plan For DJI Inspire 3 - koningdrone.be","isPartOf":{"@id":"https:\/\/koningdrone.be\/#website"},"primaryImageOfPage":{"@id":"https:\/\/koningdrone.be\/product\/dji-care-pro-2-year-plan-for-dji-inspire-3\/#primaryimage"},"image":{"@id":"https:\/\/koningdrone.be\/product\/dji-care-pro-2-year-plan-for-dji-inspire-3\/#primaryimage"},"thumbnailUrl":"https:\/\/koningdrone.be\/wp-content\/uploads\/sites\/13\/2026\/04\/DJI-Care-Pro-2-Year-Plan-For-DJI-Inspire-3-scaled-1.jpg","datePublished":"2024-12-04T11:16:51+00:00","dateModified":"2026-04-21T11:32:12+00:00","breadcrumb":{"@id":"https:\/\/koningdrone.be\/product\/dji-care-pro-2-year-plan-for-dji-inspire-3\/#breadcrumb"},"inLanguage":"es","potentialAction":[{"@type":"ReadAction","target":["https:\/\/koningdrone.be\/product\/dji-care-pro-2-year-plan-for-dji-inspire-3\/"]}]},{"@type":"ImageObject","inLanguage":"es","@id":"https:\/\/koningdrone.be\/product\/dji-care-pro-2-year-plan-for-dji-inspire-3\/#primaryimage","url":"https:\/\/koningdrone.be\/wp-content\/uploads\/sites\/13\/2026\/04\/DJI-Care-Pro-2-Year-Plan-For-DJI-Inspire-3-scaled-1.jpg","contentUrl":"https:\/\/koningdrone.be\/wp-content\/uploads\/sites\/13\/2026\/04\/DJI-Care-Pro-2-Year-Plan-For-DJI-Inspire-3-scaled-1.jpg","width":2560,"height":1707},{"@type":"BreadcrumbList","@id":"https:\/\/koningdrone.be\/product\/dji-care-pro-2-year-plan-for-dji-inspire-3\/#breadcrumb","itemListElement":[{"@type":"ListItem","position":1,"name":"Home","item":"https:\/\/koningdrone.be\/"},{"@type":"ListItem","position":2,"name":"AVSS Parachute Recovery System for DJI Matrice 300\/350","item":"https:\/\/koningdrone.be\/product\/avss-parachute-recovery-system-for-dji-matrice-300-350\/"},{"@type":"ListItem","position":3,"name":"DJI Inspire 3","item":"https:\/\/koningdrone.be\/categorie\/dji-inspire-3\/"},{"@type":"ListItem","position":4,"name":"DJI Care Pro 2-Year Plan For DJI Inspire 3"}]},{"@type":"WebSite","@id":"https:\/\/koningdrone.be\/#website","url":"https:\/\/koningdrone.be\/","name":"Koningdrone.be - Su especialista en l\u00ednea en drones, cardanes, c\u00e1maras y centrales el\u00e9ctricas.","description":"La tienda virtual de drones y cardanes","publisher":{"@id":"https:\/\/koningdrone.be\/#organization"},"potentialAction":[{"@type":"SearchAction","target":{"@type":"EntryPoint","urlTemplate":"https:\/\/koningdrone.be\/?s={search_term_string}"},"query-input":{"@type":"PropertyValueSpecification","valueRequired":true,"valueName":"search_term_string"}}],"inLanguage":"es"},{"@type":"Organization","@id":"https:\/\/koningdrone.be\/#organization","name":"Kingdrone.es","url":"https:\/\/koningdrone.be\/","logo":{"@type":"ImageObject","inLanguage":"es","@id":"https:\/\/koningdrone.be\/#\/schema\/logo\/image\/","url":"https:\/\/koningdrone.be\/wp-content\/uploads\/sites\/13\/2025\/04\/koningdrone-copyright-logo.svg","contentUrl":"https:\/\/koningdrone.be\/wp-content\/uploads\/sites\/13\/2025\/04\/koningdrone-copyright-logo.svg","width":227,"height":38,"caption":"Koningdrone.be"},"image":{"@id":"https:\/\/koningdrone.be\/#\/schema\/logo\/image\/"}}]}},"df_price":"","df_sale_price":"","df_regular_price":"","df_image_link":"https:\/\/koningdrone.be\/wp-content\/uploads\/sites\/13\/2026\/04\/DJI-Care-Pro-2-Year-Plan-For-DJI-Inspire-3-scaled-1-300x200.jpg","_links":{"self":[{"href":"https:\/\/koningdrone.be\/es\/wp-json\/wp\/v2\/product\/1560","targetHints":{"allow":["GET"]}}],"collection":[{"href":"https:\/\/koningdrone.be\/es\/wp-json\/wp\/v2\/product"}],"about":[{"href":"https:\/\/koningdrone.be\/es\/wp-json\/wp\/v2\/types\/product"}],"wp:featuredmedia":[{"embeddable":true,"href":"https:\/\/koningdrone.be\/es\/wp-json\/wp\/v2\/media\/18475"}],"wp:attachment":[{"href":"https:\/\/koningdrone.be\/es\/wp-json\/wp\/v2\/media?parent=1560"}],"wp:term":[{"taxonomy":"product_brand","embeddable":true,"href":"https:\/\/koningdrone.be\/es\/wp-json\/wp\/v2\/product_brand?post=1560"},{"taxonomy":"product_cat","embeddable":true,"href":"https:\/\/koningdrone.be\/es\/wp-json\/wp\/v2\/product_cat?post=1560"},{"taxonomy":"product_tag","embeddable":true,"href":"https:\/\/koningdrone.be\/es\/wp-json\/wp\/v2\/product_tag?post=1560"}],"curies":[{"name":"wp","href":"https:\/\/api.w.org\/{rel}","templated":true}]}}