{"id":15477,"date":"2025-06-10T14:22:41","date_gmt":"2025-06-10T12:22:41","guid":{"rendered":"https:\/\/koningdrone.be\/product\/anker-solix-powerhouse-522\/"},"modified":"2025-06-10T14:22:41","modified_gmt":"2025-06-10T12:22:41","slug":"anker-solix-powerhouse-522","status":"publish","type":"product","link":"https:\/\/koningdrone.be\/es\/producto\/anker-solix-powerhouse-522\/","title":{"rendered":"Ancla SOLIX PowerHouse 522"},"content":{"rendered":"<p>La estaci\u00f3n de alimentaci\u00f3n port\u00e1til Anker 522 cuenta con la avanzada tecnolog\u00eda InfiniPower\u2122, que utiliza bater\u00edas LiFePO4 y una robusta electr\u00f3nica dise\u00f1ada para ofrecer una larga vida \u00fatil. Fiable durante m\u00e1s de una d\u00e9cada, esta estaci\u00f3n ofrece opciones de carga vers\u00e1tiles y una gran capacidad de potencia, ideal tanto para el uso diario como para ocasiones especiales.<\/p>\n<p>&nbsp;<\/p>\n<p><strong>Larga durabilidad y rendimiento<\/strong><\/p>\n<p>Equipada con una tecnolog\u00eda que controla muy de cerca las temperaturas internas y resiste los impactos f\u00edsicos, esta unidad est\u00e1 hecha para durar en una gran variedad de entornos.<\/p>\n<p>&nbsp;<\/p>\n<p><strong>M\u00faltiples opciones de carga<\/strong><\/p>\n<p>Con dos puertos USB-C integrados, se pueden cargar varios dispositivos simult\u00e1neamente, lo que proporciona comodidad y flexibilidad.<\/p>\n<p>&nbsp;<\/p>\n<p><strong>Alta capacidad energ\u00e9tica<\/strong><\/p>\n<p>Con una capacidad de 299 Wh y capacidad SurgePad de 600 W, el Anchor 522 puede hacer frente a aumentos bruscos de la demanda de energ\u00eda, por lo que es adecuado para aplicaciones de alto consumo.<\/p>\n<p>&nbsp;<\/p>\n<p><strong>Almacenamiento de energ\u00eda robusto<\/strong><\/p>\n<p>Ideal para las salidas de fin de semana, esta central el\u00e9ctrica port\u00e1til proporciona energ\u00eda de sobra para mantener en funcionamiento todos tus dispositivos.<\/p>\n<p>&nbsp;<\/p>\n<p><strong>Diferentes resoluciones de carga<\/strong><\/p>\n<p>Dispone de seis puertos diferentes que permiten cargar hasta seis dispositivos simult\u00e1neamente, lo que la hace extremadamente vers\u00e1til.<\/p>\n<p>&nbsp;<\/p>\n<p><strong>Incluido en la compra<\/strong><\/p>\n<p>Con la compra del Anker 522, tambi\u00e9n obtienes un adaptador de CC, un cable de carga para el coche, una gu\u00eda de bienvenida y asistencia de atenci\u00f3n al cliente.<\/p>\n<p>&nbsp;<\/p>","protected":false},"excerpt":{"rendered":"<ul>\n<li>Rendimiento duradero: Gracias a la tecnolog\u00eda InfiniPower\u2122 y a las bater\u00edas LiFePO4, esta estaci\u00f3n est\u00e1 fabricada para durar m\u00e1s de una d\u00e9cada.<\/li>\n<li>Seguridad y durabilidad: la unidad resiste los impactos f\u00edsicos y controla con precisi\u00f3n las temperaturas internas para ofrecer fiabilidad en distintos entornos.<\/li>\n<li>Opciones de carga: Dos puertos USB-C integrados permiten cargar varios dispositivos simult\u00e1neamente para mayor flexibilidad y comodidad.<\/li>\n<li>Gran capacidad de energ\u00eda: con 299 Wh de capacidad y un SurgePad de 600 W para aplicaciones que consumen mucha energ\u00eda.<\/li>\n<li>Uso vers\u00e1til: ideal para salidas de fin de semana y capaz de cargar hasta seis dispositivos simult\u00e1neamente a trav\u00e9s de los m\u00faltiples puertos.<\/li>\n<li>Accesorios incluidos: Tras la compra, recibir\u00e1s un adaptador de CC, un cable de carga para el coche, una gu\u00eda de bienvenida y asistencia de atenci\u00f3n al cliente.<\/li>\n<\/ul>","protected":false},"featured_media":15459,"template":"","meta":{"_acf_changed":false},"product_brand":[],"product_cat":[58],"product_tag":[],"class_list":{"0":"post-15477","1":"product","2":"type-product","3":"status-publish","4":"has-post-thumbnail","6":"product_cat-uncategorized","7":"pa_brand-anker","9":"first","10":"instock","11":"product-type-simple"},"acf":[],"yoast_head":"<!-- This site is optimized with the Yoast SEO Premium plugin v27.2 (Yoast SEO v27.2) - https:\/\/yoast.com\/product\/yoast-seo-premium-wordpress\/ -->\n<title>Anker SOLIX PowerHouse 522 - koningdrone.be<\/title>\n<meta name=\"robots\" content=\"index, follow, max-snippet:-1, max-image-preview:large, max-video-preview:-1\" \/>\n<link rel=\"canonical\" href=\"https:\/\/koningdrone.be\/es\/producto\/anker-solix-powerhouse-522\/\" \/>\n<meta property=\"og:locale\" content=\"es_ES\" \/>\n<meta property=\"og:type\" content=\"article\" \/>\n<meta property=\"og:title\" content=\"Anker SOLIX PowerHouse 522\" \/>\n<meta property=\"og:description\" content=\"Langdurige prestaties: Dankzij InfiniPower\u2122 technologie en LiFePO4 accu&#039;s is dit station gebouwd voor een lange levensduur van meer dan een decennium.  Veiligheid en duurzaamheid: Het station is bestand tegen fysieke impact en monitort nauwkeurig de interne temperaturen voor betrouwbaarheid in verschillende omgevingen.  Oplaadopties: Twee ingebouwde USB-C poorten maken het mogelijk om meerdere apparaten tegelijk op te laden voor flexibiliteit en gemak.  Hoge energiecapaciteit: Met een capaciteit van 299Wh en een 600W SurgePad voor krachtintensieve toepassingen.  Veelzijdig gebruik: Ideaal voor weekenduitjes en geschikt voor het laden van tot zes apparaten tegelijk via de verschillende poorten.  Inclusief accessoires: Bij de aankoop ontvangt u een DC-adapter, autolaadkabel, welkomstgids en klantenserviceondersteuning.\" \/>\n<meta property=\"og:url\" content=\"https:\/\/koningdrone.be\/es\/producto\/anker-solix-powerhouse-522\/\" \/>\n<meta property=\"og:site_name\" content=\"koningdrone.be\" \/>\n<meta property=\"og:image\" content=\"https:\/\/koningdrone.be\/wp-content\/uploads\/sites\/13\/2025\/08\/A1720311-Anker_521_PowerHouse_-_256Wh___200W_2_3840x.webp\" \/>\n\t<meta property=\"og:image:width\" content=\"1200\" \/>\n\t<meta property=\"og:image:height\" content=\"1200\" \/>\n\t<meta property=\"og:image:type\" content=\"image\/webp\" \/>\n<meta name=\"twitter:card\" content=\"summary_large_image\" \/>\n<meta name=\"twitter:label1\" content=\"Tiempo de lectura\" \/>\n\t<meta name=\"twitter:data1\" content=\"1 minuto\" \/>\n<script type=\"application\/ld+json\" class=\"yoast-schema-graph\">{\"@context\":\"https:\/\/schema.org\",\"@graph\":[{\"@type\":\"WebPage\",\"@id\":\"https:\/\/koningdrone.be\/product\/anker-solix-powerhouse-522\/\",\"url\":\"https:\/\/koningdrone.be\/product\/anker-solix-powerhouse-522\/\",\"name\":\"Anker SOLIX PowerHouse 522 - koningdrone.be\",\"isPartOf\":{\"@id\":\"https:\/\/koningdrone.be\/#website\"},\"primaryImageOfPage\":{\"@id\":\"https:\/\/koningdrone.be\/product\/anker-solix-powerhouse-522\/#primaryimage\"},\"image\":{\"@id\":\"https:\/\/koningdrone.be\/product\/anker-solix-powerhouse-522\/#primaryimage\"},\"thumbnailUrl\":\"https:\/\/koningdrone.be\/wp-content\/uploads\/sites\/13\/2025\/08\/A1720311-Anker_521_PowerHouse_-_256Wh___200W_2_3840x.webp\",\"datePublished\":\"2025-06-10T12:22:41+00:00\",\"breadcrumb\":{\"@id\":\"https:\/\/koningdrone.be\/product\/anker-solix-powerhouse-522\/#breadcrumb\"},\"inLanguage\":\"es\",\"potentialAction\":[{\"@type\":\"ReadAction\",\"target\":[\"https:\/\/koningdrone.be\/product\/anker-solix-powerhouse-522\/\"]}]},{\"@type\":\"ImageObject\",\"inLanguage\":\"es\",\"@id\":\"https:\/\/koningdrone.be\/product\/anker-solix-powerhouse-522\/#primaryimage\",\"url\":\"https:\/\/koningdrone.be\/wp-content\/uploads\/sites\/13\/2025\/08\/A1720311-Anker_521_PowerHouse_-_256Wh___200W_2_3840x.webp\",\"contentUrl\":\"https:\/\/koningdrone.be\/wp-content\/uploads\/sites\/13\/2025\/08\/A1720311-Anker_521_PowerHouse_-_256Wh___200W_2_3840x.webp\",\"width\":1200,\"height\":1200},{\"@type\":\"BreadcrumbList\",\"@id\":\"https:\/\/koningdrone.be\/product\/anker-solix-powerhouse-522\/#breadcrumb\",\"itemListElement\":[{\"@type\":\"ListItem\",\"position\":1,\"name\":\"Home\",\"item\":\"https:\/\/koningdrone.be\/\"},{\"@type\":\"ListItem\",\"position\":2,\"name\":\"AVSS Parachute Recovery System for DJI Matrice 300\/350\",\"item\":\"https:\/\/koningdrone.be\/product\/avss-parachute-recovery-system-for-dji-matrice-300-350\/\"},{\"@type\":\"ListItem\",\"position\":3,\"name\":\"Uncategorized\",\"item\":\"https:\/\/koningdrone.be\/categorie\/uncategorized\/\"},{\"@type\":\"ListItem\",\"position\":4,\"name\":\"Anker SOLIX PowerHouse 522\"}]},{\"@type\":\"WebSite\",\"@id\":\"https:\/\/koningdrone.be\/#website\",\"url\":\"https:\/\/koningdrone.be\/\",\"name\":\"Koningdrone.be - Uw online specialist in drones, gimbals, camera's en power stations.\",\"description\":\"De webshop in drones en gimbals\",\"publisher\":{\"@id\":\"https:\/\/koningdrone.be\/#organization\"},\"potentialAction\":[{\"@type\":\"SearchAction\",\"target\":{\"@type\":\"EntryPoint\",\"urlTemplate\":\"https:\/\/koningdrone.be\/?s={search_term_string}\"},\"query-input\":{\"@type\":\"PropertyValueSpecification\",\"valueRequired\":true,\"valueName\":\"search_term_string\"}}],\"inLanguage\":\"es\"},{\"@type\":\"Organization\",\"@id\":\"https:\/\/koningdrone.be\/#organization\",\"name\":\"Koningdrone.be\",\"url\":\"https:\/\/koningdrone.be\/\",\"logo\":{\"@type\":\"ImageObject\",\"inLanguage\":\"es\",\"@id\":\"https:\/\/koningdrone.be\/#\/schema\/logo\/image\/\",\"url\":\"https:\/\/koningdrone.be\/wp-content\/uploads\/sites\/13\/2025\/04\/koningdrone-copyright-logo.svg\",\"contentUrl\":\"https:\/\/koningdrone.be\/wp-content\/uploads\/sites\/13\/2025\/04\/koningdrone-copyright-logo.svg\",\"width\":227,\"height\":38,\"caption\":\"Koningdrone.be\"},\"image\":{\"@id\":\"https:\/\/koningdrone.be\/#\/schema\/logo\/image\/\"}}]}<\/script>\n<!-- \/ Yoast SEO Premium plugin. -->","yoast_head_json":{"title":"Anker SOLIX PowerHouse 522 - koningdrone.be","robots":{"index":"index","follow":"follow","max-snippet":"max-snippet:-1","max-image-preview":"max-image-preview:large","max-video-preview":"max-video-preview:-1"},"canonical":"https:\/\/koningdrone.be\/es\/producto\/anker-solix-powerhouse-522\/","og_locale":"es_ES","og_type":"article","og_title":"Anker SOLIX PowerHouse 522","og_description":"Langdurige prestaties: Dankzij InfiniPower\u2122 technologie en LiFePO4 accu's is dit station gebouwd voor een lange levensduur van meer dan een decennium.  Veiligheid en duurzaamheid: Het station is bestand tegen fysieke impact en monitort nauwkeurig de interne temperaturen voor betrouwbaarheid in verschillende omgevingen.  Oplaadopties: Twee ingebouwde USB-C poorten maken het mogelijk om meerdere apparaten tegelijk op te laden voor flexibiliteit en gemak.  Hoge energiecapaciteit: Met een capaciteit van 299Wh en een 600W SurgePad voor krachtintensieve toepassingen.  Veelzijdig gebruik: Ideaal voor weekenduitjes en geschikt voor het laden van tot zes apparaten tegelijk via de verschillende poorten.  Inclusief accessoires: Bij de aankoop ontvangt u een DC-adapter, autolaadkabel, welkomstgids en klantenserviceondersteuning.","og_url":"https:\/\/koningdrone.be\/es\/producto\/anker-solix-powerhouse-522\/","og_site_name":"koningdrone.be","og_image":[{"width":1200,"height":1200,"url":"https:\/\/koningdrone.be\/wp-content\/uploads\/sites\/13\/2025\/08\/A1720311-Anker_521_PowerHouse_-_256Wh___200W_2_3840x.webp","type":"image\/webp"}],"twitter_card":"summary_large_image","twitter_misc":{"Tiempo de lectura":"1 minuto"},"schema":{"@context":"https:\/\/schema.org","@graph":[{"@type":"WebPage","@id":"https:\/\/koningdrone.be\/product\/anker-solix-powerhouse-522\/","url":"https:\/\/koningdrone.be\/product\/anker-solix-powerhouse-522\/","name":"Anker SOLIX PowerHouse 522 - koningdrone.be","isPartOf":{"@id":"https:\/\/koningdrone.be\/#website"},"primaryImageOfPage":{"@id":"https:\/\/koningdrone.be\/product\/anker-solix-powerhouse-522\/#primaryimage"},"image":{"@id":"https:\/\/koningdrone.be\/product\/anker-solix-powerhouse-522\/#primaryimage"},"thumbnailUrl":"https:\/\/koningdrone.be\/wp-content\/uploads\/sites\/13\/2025\/08\/A1720311-Anker_521_PowerHouse_-_256Wh___200W_2_3840x.webp","datePublished":"2025-06-10T12:22:41+00:00","breadcrumb":{"@id":"https:\/\/koningdrone.be\/product\/anker-solix-powerhouse-522\/#breadcrumb"},"inLanguage":"es","potentialAction":[{"@type":"ReadAction","target":["https:\/\/koningdrone.be\/product\/anker-solix-powerhouse-522\/"]}]},{"@type":"ImageObject","inLanguage":"es","@id":"https:\/\/koningdrone.be\/product\/anker-solix-powerhouse-522\/#primaryimage","url":"https:\/\/koningdrone.be\/wp-content\/uploads\/sites\/13\/2025\/08\/A1720311-Anker_521_PowerHouse_-_256Wh___200W_2_3840x.webp","contentUrl":"https:\/\/koningdrone.be\/wp-content\/uploads\/sites\/13\/2025\/08\/A1720311-Anker_521_PowerHouse_-_256Wh___200W_2_3840x.webp","width":1200,"height":1200},{"@type":"BreadcrumbList","@id":"https:\/\/koningdrone.be\/product\/anker-solix-powerhouse-522\/#breadcrumb","itemListElement":[{"@type":"ListItem","position":1,"name":"Home","item":"https:\/\/koningdrone.be\/"},{"@type":"ListItem","position":2,"name":"AVSS Parachute Recovery System for DJI Matrice 300\/350","item":"https:\/\/koningdrone.be\/product\/avss-parachute-recovery-system-for-dji-matrice-300-350\/"},{"@type":"ListItem","position":3,"name":"Uncategorized","item":"https:\/\/koningdrone.be\/categorie\/uncategorized\/"},{"@type":"ListItem","position":4,"name":"Anker SOLIX PowerHouse 522"}]},{"@type":"WebSite","@id":"https:\/\/koningdrone.be\/#website","url":"https:\/\/koningdrone.be\/","name":"Koningdrone.be - Su especialista en l\u00ednea en drones, cardanes, c\u00e1maras y centrales el\u00e9ctricas.","description":"La tienda virtual de drones y cardanes","publisher":{"@id":"https:\/\/koningdrone.be\/#organization"},"potentialAction":[{"@type":"SearchAction","target":{"@type":"EntryPoint","urlTemplate":"https:\/\/koningdrone.be\/?s={search_term_string}"},"query-input":{"@type":"PropertyValueSpecification","valueRequired":true,"valueName":"search_term_string"}}],"inLanguage":"es"},{"@type":"Organization","@id":"https:\/\/koningdrone.be\/#organization","name":"Kingdrone.es","url":"https:\/\/koningdrone.be\/","logo":{"@type":"ImageObject","inLanguage":"es","@id":"https:\/\/koningdrone.be\/#\/schema\/logo\/image\/","url":"https:\/\/koningdrone.be\/wp-content\/uploads\/sites\/13\/2025\/04\/koningdrone-copyright-logo.svg","contentUrl":"https:\/\/koningdrone.be\/wp-content\/uploads\/sites\/13\/2025\/04\/koningdrone-copyright-logo.svg","width":227,"height":38,"caption":"Koningdrone.be"},"image":{"@id":"https:\/\/koningdrone.be\/#\/schema\/logo\/image\/"}}]}},"df_price":"","df_sale_price":"","df_regular_price":"","df_image_link":"https:\/\/koningdrone.be\/wp-content\/uploads\/sites\/13\/2025\/08\/A1720311-Anker_521_PowerHouse_-_256Wh___200W_2_3840x-300x300.webp","_links":{"self":[{"href":"https:\/\/koningdrone.be\/es\/wp-json\/wp\/v2\/product\/15477","targetHints":{"allow":["GET"]}}],"collection":[{"href":"https:\/\/koningdrone.be\/es\/wp-json\/wp\/v2\/product"}],"about":[{"href":"https:\/\/koningdrone.be\/es\/wp-json\/wp\/v2\/types\/product"}],"wp:featuredmedia":[{"embeddable":true,"href":"https:\/\/koningdrone.be\/es\/wp-json\/wp\/v2\/media\/15459"}],"wp:attachment":[{"href":"https:\/\/koningdrone.be\/es\/wp-json\/wp\/v2\/media?parent=15477"}],"wp:term":[{"taxonomy":"product_brand","embeddable":true,"href":"https:\/\/koningdrone.be\/es\/wp-json\/wp\/v2\/product_brand?post=15477"},{"taxonomy":"product_cat","embeddable":true,"href":"https:\/\/koningdrone.be\/es\/wp-json\/wp\/v2\/product_cat?post=15477"},{"taxonomy":"product_tag","embeddable":true,"href":"https:\/\/koningdrone.be\/es\/wp-json\/wp\/v2\/product_tag?post=15477"}],"curies":[{"name":"wp","href":"https:\/\/api.w.org\/{rel}","templated":true}]}}