{"id":15458,"date":"2025-06-10T14:22:50","date_gmt":"2025-06-10T12:22:50","guid":{"rendered":"https:\/\/koningdrone.be\/product\/anker-solix-ps200-solar-panel-200w-only-for-anker-767\/"},"modified":"2026-04-30T06:50:49","modified_gmt":"2026-04-30T04:50:49","slug":"anker-solix-ps200-solar-panel-200w-only-for-anker-767","status":"publish","type":"product","link":"https:\/\/koningdrone.be\/es\/producto\/anker-solix-ps200-solar-panel-200w-only-for-anker-767\/","title":{"rendered":"Anker SOLIX PS200 Panel Solar 200W (s\u00f3lo para Anker 767)"},"content":{"rendered":"<p><strong>El panel solar PS200 de 200 W de Anker es el compa\u00f1ero ideal para los aventureros y cualquier persona que valore la energ\u00eda renovable.<\/strong> Dise\u00f1ado para integrarse a la perfecci\u00f3n con las Anker Power Stations, este panel solar plegable viene con una toma MC4 para facilitar la conexi\u00f3n. Gracias a su robusto grado de impermeabilidad IP67, este panel desaf\u00eda sin esfuerzo las condiciones meteorol\u00f3gicas m\u00e1s adversas, lo que lo convierte en una herramienta indispensable para tu estilo de vida aventurero.<\/p>\n<p>El panel solar Anchor 200W consta de 4 paneles interconectados y tiene una superficie total de 61 \u00d7 208 cm. Plegado, el panel mide solo 56 \u00d7 60 cm y pesa 7,9 kg, lo que facilita su transporte y almacenamiento. En condiciones meteorol\u00f3gicas favorables, este panel de 200 W de Anker puede generar una media de 900-950 vatios-hora de energ\u00eda al d\u00eda.<\/p>\n<p>Uitgerust met monokristallijne zonnecellen met een effici\u00ebntie van 23,4%, levert de Anker 200W Solar Panel optimale prestaties. Met de verstelbare standaard kun je het paneel nauwkeurig positioneren op de beste hoek &#8211; 30\u00b0, 40\u00b0, 50\u00b0 of 80\u00b0 &#8211; voor maximale energieopbrengst, zelfs als de zon beweegt. Anker&#8217;s geavanceerde Suncast-technologie maximaliseert de opname van zonlicht, wat resulteert in nog betere prestaties van het paneel.<\/p>\n<p>El panel solar Anker de 200 W no s\u00f3lo es una potente fuente de energ\u00eda, sino tambi\u00e9n un compa\u00f1ero vers\u00e1til para cualquier aventura al aire libre. Tanto si est\u00e1s de acampada, de mochilero o explorando fuera de la red, este panel solar proporciona energ\u00eda fiable all\u00e1 donde vayas.<\/p>\n<ul>\n<li>Dise\u00f1ado para una integraci\u00f3n perfecta con las estaciones de alimentaci\u00f3n Anker<\/li>\n<li>Salida MC4 para facilitar la conexi\u00f3n<\/li>\n<li>Robusto \u00edndice de impermeabilidad IP67<\/li>\n<li>Superficie total de 61 \u00d7 208 cm, plegada 56 \u00d7 60 cm<\/li>\n<li>Pesa 7,9 kg<\/li>\n<li>Una media de 900-950 vatios-hora de energ\u00eda al d\u00eda<\/li>\n<li>Eficiencia de 23,4% gracias a las c\u00e9lulas solares monocristalinas<\/li>\n<li>Soporte ajustable para un posicionamiento \u00f3ptimo<\/li>\n<li>Tecnolog\u00eda Suncast avanzada de Anker<\/li>\n<\/ul>","protected":false},"excerpt":{"rendered":"<ul>\n<li>Dise\u00f1ado para una integraci\u00f3n perfecta con las estaciones de alimentaci\u00f3n Anker<\/li>\n<li>Salida MC4 para facilitar la conexi\u00f3n<\/li>\n<li>Robusto \u00edndice de impermeabilidad IP67<\/li>\n<li>Superficie total de 61 \u00d7 208 cm, plegada 56 \u00d7 60 cm<\/li>\n<li>Pesa 7,9 kg<\/li>\n<li>Una media de 900-950 vatios-hora de energ\u00eda al d\u00eda<\/li>\n<li>Eficiencia de 23,4% gracias a las c\u00e9lulas solares monocristalinas<\/li>\n<li>Soporte ajustable para un posicionamiento \u00f3ptimo<\/li>\n<li>Tecnolog\u00eda Suncast avanzada de Anker<\/li>\n<\/ul>","protected":false},"featured_media":15456,"template":"","meta":{"_acf_changed":false},"product_brand":[],"product_cat":[58],"product_tag":[],"class_list":{"0":"post-15458","1":"product","2":"type-product","3":"status-publish","4":"has-post-thumbnail","6":"product_cat-uncategorized","7":"product_shipping_class-outofstock","9":"first","10":"outofstock","11":"taxable","12":"shipping-taxable","13":"product-type-simple"},"acf":[],"yoast_head":"<!-- This site is optimized with the Yoast SEO Premium plugin v27.2 (Yoast SEO v27.2) - https:\/\/yoast.com\/product\/yoast-seo-premium-wordpress\/ -->\n<title>Anker SOLIX PS200 Solar Panel 200W (only for Anker 767) - koningdrone.be<\/title>\n<meta name=\"robots\" content=\"index, follow, max-snippet:-1, max-image-preview:large, max-video-preview:-1\" \/>\n<link rel=\"canonical\" href=\"https:\/\/koningdrone.be\/es\/producto\/anker-solix-ps200-solar-panel-200w-only-for-anker-767\/\" \/>\n<meta property=\"og:locale\" content=\"es_ES\" \/>\n<meta property=\"og:type\" content=\"article\" \/>\n<meta property=\"og:title\" content=\"Anker SOLIX PS200 Solar Panel 200W (only for Anker 767)\" \/>\n<meta property=\"og:description\" content=\"Ontworpen voor naadloze integratie met Anker Power Stations  MC4-uitgang voor gemakkelijke aansluiting  Robuuste IP67-waterdichtheidsklasse  Totale oppervlakte van 61 \u00d7 208 cm, opgevouwen 56 \u00d7 60 cm  Weegt 7,9 kg  Gemiddeld 900-950 wattuur energie per dag  Effici\u00ebntie van 23,4% dankzij monokristallijne zonnecellen  Verstelbare standaard voor optimale positionering  Anker&#039;s geavanceerde Suncast-technologie\" \/>\n<meta property=\"og:url\" content=\"https:\/\/koningdrone.be\/es\/producto\/anker-solix-ps200-solar-panel-200w-only-for-anker-767\/\" \/>\n<meta property=\"og:site_name\" content=\"koningdrone.be\" \/>\n<meta property=\"article:modified_time\" content=\"2026-04-30T04:50:49+00:00\" \/>\n<meta property=\"og:image\" content=\"https:\/\/koningdrone.be\/wp-content\/uploads\/sites\/13\/2025\/08\/anker-200w-solar-panel-ps200-01-20240603.jpg\" \/>\n\t<meta property=\"og:image:width\" content=\"800\" \/>\n\t<meta property=\"og:image:height\" content=\"800\" \/>\n\t<meta property=\"og:image:type\" content=\"image\/jpeg\" \/>\n<meta name=\"twitter:card\" content=\"summary_large_image\" \/>\n<meta name=\"twitter:label1\" content=\"Tiempo de lectura\" \/>\n\t<meta name=\"twitter:data1\" content=\"1 minuto\" \/>\n<script type=\"application\/ld+json\" class=\"yoast-schema-graph\">{\"@context\":\"https:\/\/schema.org\",\"@graph\":[{\"@type\":\"WebPage\",\"@id\":\"https:\/\/koningdrone.be\/product\/anker-solix-ps200-solar-panel-200w-only-for-anker-767\/\",\"url\":\"https:\/\/koningdrone.be\/product\/anker-solix-ps200-solar-panel-200w-only-for-anker-767\/\",\"name\":\"Anker SOLIX PS200 Solar Panel 200W (only for Anker 767) - koningdrone.be\",\"isPartOf\":{\"@id\":\"https:\/\/koningdrone.be\/#website\"},\"primaryImageOfPage\":{\"@id\":\"https:\/\/koningdrone.be\/product\/anker-solix-ps200-solar-panel-200w-only-for-anker-767\/#primaryimage\"},\"image\":{\"@id\":\"https:\/\/koningdrone.be\/product\/anker-solix-ps200-solar-panel-200w-only-for-anker-767\/#primaryimage\"},\"thumbnailUrl\":\"https:\/\/koningdrone.be\/wp-content\/uploads\/sites\/13\/2025\/08\/anker-200w-solar-panel-ps200-01-20240603.jpg\",\"datePublished\":\"2025-06-10T12:22:50+00:00\",\"dateModified\":\"2026-04-30T04:50:49+00:00\",\"breadcrumb\":{\"@id\":\"https:\/\/koningdrone.be\/product\/anker-solix-ps200-solar-panel-200w-only-for-anker-767\/#breadcrumb\"},\"inLanguage\":\"es\",\"potentialAction\":[{\"@type\":\"ReadAction\",\"target\":[\"https:\/\/koningdrone.be\/product\/anker-solix-ps200-solar-panel-200w-only-for-anker-767\/\"]}]},{\"@type\":\"ImageObject\",\"inLanguage\":\"es\",\"@id\":\"https:\/\/koningdrone.be\/product\/anker-solix-ps200-solar-panel-200w-only-for-anker-767\/#primaryimage\",\"url\":\"https:\/\/koningdrone.be\/wp-content\/uploads\/sites\/13\/2025\/08\/anker-200w-solar-panel-ps200-01-20240603.jpg\",\"contentUrl\":\"https:\/\/koningdrone.be\/wp-content\/uploads\/sites\/13\/2025\/08\/anker-200w-solar-panel-ps200-01-20240603.jpg\",\"width\":800,\"height\":800},{\"@type\":\"BreadcrumbList\",\"@id\":\"https:\/\/koningdrone.be\/product\/anker-solix-ps200-solar-panel-200w-only-for-anker-767\/#breadcrumb\",\"itemListElement\":[{\"@type\":\"ListItem\",\"position\":1,\"name\":\"Home\",\"item\":\"https:\/\/koningdrone.be\/\"},{\"@type\":\"ListItem\",\"position\":2,\"name\":\"AVSS Parachute Recovery System for DJI Matrice 300\/350\",\"item\":\"https:\/\/koningdrone.be\/product\/avss-parachute-recovery-system-for-dji-matrice-300-350\/\"},{\"@type\":\"ListItem\",\"position\":3,\"name\":\"Uncategorized\",\"item\":\"https:\/\/koningdrone.be\/categorie\/uncategorized\/\"},{\"@type\":\"ListItem\",\"position\":4,\"name\":\"Anker SOLIX PS200 Solar Panel 200W (only for Anker 767)\"}]},{\"@type\":\"WebSite\",\"@id\":\"https:\/\/koningdrone.be\/#website\",\"url\":\"https:\/\/koningdrone.be\/\",\"name\":\"Koningdrone.be - Uw online specialist in drones, gimbals, camera's en power stations.\",\"description\":\"De webshop in drones en gimbals\",\"publisher\":{\"@id\":\"https:\/\/koningdrone.be\/#organization\"},\"potentialAction\":[{\"@type\":\"SearchAction\",\"target\":{\"@type\":\"EntryPoint\",\"urlTemplate\":\"https:\/\/koningdrone.be\/?s={search_term_string}\"},\"query-input\":{\"@type\":\"PropertyValueSpecification\",\"valueRequired\":true,\"valueName\":\"search_term_string\"}}],\"inLanguage\":\"es\"},{\"@type\":\"Organization\",\"@id\":\"https:\/\/koningdrone.be\/#organization\",\"name\":\"Koningdrone.be\",\"url\":\"https:\/\/koningdrone.be\/\",\"logo\":{\"@type\":\"ImageObject\",\"inLanguage\":\"es\",\"@id\":\"https:\/\/koningdrone.be\/#\/schema\/logo\/image\/\",\"url\":\"https:\/\/koningdrone.be\/wp-content\/uploads\/sites\/13\/2025\/04\/koningdrone-copyright-logo.svg\",\"contentUrl\":\"https:\/\/koningdrone.be\/wp-content\/uploads\/sites\/13\/2025\/04\/koningdrone-copyright-logo.svg\",\"width\":227,\"height\":38,\"caption\":\"Koningdrone.be\"},\"image\":{\"@id\":\"https:\/\/koningdrone.be\/#\/schema\/logo\/image\/\"}}]}<\/script>\n<!-- \/ Yoast SEO Premium plugin. -->","yoast_head_json":{"title":"Anker SOLIX PS200 Solar Panel 200W (only for Anker 767) - koningdrone.be","robots":{"index":"index","follow":"follow","max-snippet":"max-snippet:-1","max-image-preview":"max-image-preview:large","max-video-preview":"max-video-preview:-1"},"canonical":"https:\/\/koningdrone.be\/es\/producto\/anker-solix-ps200-solar-panel-200w-only-for-anker-767\/","og_locale":"es_ES","og_type":"article","og_title":"Anker SOLIX PS200 Solar Panel 200W (only for Anker 767)","og_description":"Ontworpen voor naadloze integratie met Anker Power Stations  MC4-uitgang voor gemakkelijke aansluiting  Robuuste IP67-waterdichtheidsklasse  Totale oppervlakte van 61 \u00d7 208 cm, opgevouwen 56 \u00d7 60 cm  Weegt 7,9 kg  Gemiddeld 900-950 wattuur energie per dag  Effici\u00ebntie van 23,4% dankzij monokristallijne zonnecellen  Verstelbare standaard voor optimale positionering  Anker's geavanceerde Suncast-technologie","og_url":"https:\/\/koningdrone.be\/es\/producto\/anker-solix-ps200-solar-panel-200w-only-for-anker-767\/","og_site_name":"koningdrone.be","article_modified_time":"2026-04-30T04:50:49+00:00","og_image":[{"width":800,"height":800,"url":"https:\/\/koningdrone.be\/wp-content\/uploads\/sites\/13\/2025\/08\/anker-200w-solar-panel-ps200-01-20240603.jpg","type":"image\/jpeg"}],"twitter_card":"summary_large_image","twitter_misc":{"Tiempo de lectura":"1 minuto"},"schema":{"@context":"https:\/\/schema.org","@graph":[{"@type":"WebPage","@id":"https:\/\/koningdrone.be\/product\/anker-solix-ps200-solar-panel-200w-only-for-anker-767\/","url":"https:\/\/koningdrone.be\/product\/anker-solix-ps200-solar-panel-200w-only-for-anker-767\/","name":"Anker SOLIX PS200 Solar Panel 200W (only for Anker 767) - koningdrone.be","isPartOf":{"@id":"https:\/\/koningdrone.be\/#website"},"primaryImageOfPage":{"@id":"https:\/\/koningdrone.be\/product\/anker-solix-ps200-solar-panel-200w-only-for-anker-767\/#primaryimage"},"image":{"@id":"https:\/\/koningdrone.be\/product\/anker-solix-ps200-solar-panel-200w-only-for-anker-767\/#primaryimage"},"thumbnailUrl":"https:\/\/koningdrone.be\/wp-content\/uploads\/sites\/13\/2025\/08\/anker-200w-solar-panel-ps200-01-20240603.jpg","datePublished":"2025-06-10T12:22:50+00:00","dateModified":"2026-04-30T04:50:49+00:00","breadcrumb":{"@id":"https:\/\/koningdrone.be\/product\/anker-solix-ps200-solar-panel-200w-only-for-anker-767\/#breadcrumb"},"inLanguage":"es","potentialAction":[{"@type":"ReadAction","target":["https:\/\/koningdrone.be\/product\/anker-solix-ps200-solar-panel-200w-only-for-anker-767\/"]}]},{"@type":"ImageObject","inLanguage":"es","@id":"https:\/\/koningdrone.be\/product\/anker-solix-ps200-solar-panel-200w-only-for-anker-767\/#primaryimage","url":"https:\/\/koningdrone.be\/wp-content\/uploads\/sites\/13\/2025\/08\/anker-200w-solar-panel-ps200-01-20240603.jpg","contentUrl":"https:\/\/koningdrone.be\/wp-content\/uploads\/sites\/13\/2025\/08\/anker-200w-solar-panel-ps200-01-20240603.jpg","width":800,"height":800},{"@type":"BreadcrumbList","@id":"https:\/\/koningdrone.be\/product\/anker-solix-ps200-solar-panel-200w-only-for-anker-767\/#breadcrumb","itemListElement":[{"@type":"ListItem","position":1,"name":"Home","item":"https:\/\/koningdrone.be\/"},{"@type":"ListItem","position":2,"name":"AVSS Parachute Recovery System for DJI Matrice 300\/350","item":"https:\/\/koningdrone.be\/product\/avss-parachute-recovery-system-for-dji-matrice-300-350\/"},{"@type":"ListItem","position":3,"name":"Uncategorized","item":"https:\/\/koningdrone.be\/categorie\/uncategorized\/"},{"@type":"ListItem","position":4,"name":"Anker SOLIX PS200 Solar Panel 200W (only for Anker 767)"}]},{"@type":"WebSite","@id":"https:\/\/koningdrone.be\/#website","url":"https:\/\/koningdrone.be\/","name":"Koningdrone.be - Su especialista en l\u00ednea en drones, cardanes, c\u00e1maras y centrales el\u00e9ctricas.","description":"La tienda virtual de drones y cardanes","publisher":{"@id":"https:\/\/koningdrone.be\/#organization"},"potentialAction":[{"@type":"SearchAction","target":{"@type":"EntryPoint","urlTemplate":"https:\/\/koningdrone.be\/?s={search_term_string}"},"query-input":{"@type":"PropertyValueSpecification","valueRequired":true,"valueName":"search_term_string"}}],"inLanguage":"es"},{"@type":"Organization","@id":"https:\/\/koningdrone.be\/#organization","name":"Kingdrone.es","url":"https:\/\/koningdrone.be\/","logo":{"@type":"ImageObject","inLanguage":"es","@id":"https:\/\/koningdrone.be\/#\/schema\/logo\/image\/","url":"https:\/\/koningdrone.be\/wp-content\/uploads\/sites\/13\/2025\/04\/koningdrone-copyright-logo.svg","contentUrl":"https:\/\/koningdrone.be\/wp-content\/uploads\/sites\/13\/2025\/04\/koningdrone-copyright-logo.svg","width":227,"height":38,"caption":"Koningdrone.be"},"image":{"@id":"https:\/\/koningdrone.be\/#\/schema\/logo\/image\/"}}]}},"df_price":"","df_sale_price":"","df_regular_price":"","df_image_link":"https:\/\/koningdrone.be\/wp-content\/uploads\/sites\/13\/2025\/08\/anker-200w-solar-panel-ps200-01-20240603-300x300.jpg","_links":{"self":[{"href":"https:\/\/koningdrone.be\/es\/wp-json\/wp\/v2\/product\/15458","targetHints":{"allow":["GET"]}}],"collection":[{"href":"https:\/\/koningdrone.be\/es\/wp-json\/wp\/v2\/product"}],"about":[{"href":"https:\/\/koningdrone.be\/es\/wp-json\/wp\/v2\/types\/product"}],"wp:featuredmedia":[{"embeddable":true,"href":"https:\/\/koningdrone.be\/es\/wp-json\/wp\/v2\/media\/15456"}],"wp:attachment":[{"href":"https:\/\/koningdrone.be\/es\/wp-json\/wp\/v2\/media?parent=15458"}],"wp:term":[{"taxonomy":"product_brand","embeddable":true,"href":"https:\/\/koningdrone.be\/es\/wp-json\/wp\/v2\/product_brand?post=15458"},{"taxonomy":"product_cat","embeddable":true,"href":"https:\/\/koningdrone.be\/es\/wp-json\/wp\/v2\/product_cat?post=15458"},{"taxonomy":"product_tag","embeddable":true,"href":"https:\/\/koningdrone.be\/es\/wp-json\/wp\/v2\/product_tag?post=15458"}],"curies":[{"name":"wp","href":"https:\/\/api.w.org\/{rel}","templated":true}]}}