{"id":1540,"date":"2024-12-04T12:17:54","date_gmt":"2024-12-04T11:17:54","guid":{"rendered":"https:\/\/koningdrone.nl\/kon\/product\/hollyland-solidcom-c1-pro-roaming-hub-10s\/"},"modified":"2026-04-30T16:20:06","modified_gmt":"2026-04-30T14:20:06","slug":"hollyland-solidcom-c1-pro-roaming-hub-10s","status":"publish","type":"product","link":"https:\/\/koningdrone.be\/es\/producto\/hollyland-solidcom-c1-pro-roaming-hub-10s\/","title":{"rendered":"Hollyland Solidcom C1 Pro - Roaming Hub 10S"},"content":{"rendered":"<p>El Hollyland Solidcom C1 Pro Roaming Hub 10S, dise\u00f1ado para equipos de producci\u00f3n m\u00f3viles y equipado con cancelaci\u00f3n de ruido ambiental (ENC) de doble micr\u00f3fono para su uso en entornos ruidosos, es un sistema de intercomunicaci\u00f3n DECT inal\u00e1mbrico full d\u00faplex con hub dise\u00f1ado para proporcionar un audio n\u00edtido y comodidad de uso durante todo el d\u00eda en un dise\u00f1o verdaderamente inal\u00e1mbrico sin mochila. Esta configuraci\u00f3n incluye 10 auriculares de un solo o\u00eddo, junto con 20 bater\u00edas recargables, una estaci\u00f3n de carga de 8 bah\u00edas y accesorios.<\/p>","protected":false},"excerpt":{"rendered":"<ul>\n<li>Comunicaciones para el equipo de producci\u00f3n m\u00f3vil.<\/li>\n<li>Supresi\u00f3n del ruido ambiental con dos micr\u00f3fonos.<\/li>\n<li>Fiable tecnolog\u00eda DECT 6.0 de 1,9 GHz.<\/li>\n<li>Hub con fijaci\u00f3n en V para una itinerancia sin fisuras.<\/li>\n<li>10 auriculares de un solo o\u00eddo, ampliables a 20.<\/li>\n<li>Amplia gama de frecuencias para un audio n\u00edtido.<\/li>\n<li>Rango de trabajo de 1600\u2032 2 v\u00edas, control App.<\/li>\n<li>Gire el bot\u00f3n Mute\/PTT o Boom para silenciar.<\/li>\n<li>Pilas y cargador incluidos.<\/li>\n<li>Compatible con Solidcom C1.<\/li>\n<\/ul>","protected":false},"featured_media":1531,"template":"","meta":{"_acf_changed":false},"product_brand":[],"product_cat":[97,206,207],"product_tag":[],"class_list":{"0":"post-1540","1":"product","2":"type-product","3":"status-publish","4":"has-post-thumbnail","6":"product_cat-alle-producten","7":"product_cat-communicatie","8":"product_cat-hollyland","9":"product_shipping_class-outofstock","10":"pa_brand-hollyland","11":"pa_producttype-hub-voor-roaming","13":"first","14":"outofstock","15":"taxable","16":"shipping-taxable","17":"purchasable","18":"product-type-simple"},"acf":[],"yoast_head":"<!-- This site is optimized with the Yoast SEO Premium plugin v27.2 (Yoast SEO v27.2) - https:\/\/yoast.com\/product\/yoast-seo-premium-wordpress\/ -->\n<title>Hollyland Solidcom C1 Pro - Roaming Hub 10S - koningdrone.be<\/title>\n<meta name=\"robots\" content=\"index, follow, max-snippet:-1, max-image-preview:large, max-video-preview:-1\" \/>\n<link rel=\"canonical\" href=\"https:\/\/koningdrone.be\/es\/producto\/hollyland-solidcom-c1-pro-roaming-hub-10s\/\" \/>\n<meta property=\"og:locale\" content=\"es_ES\" \/>\n<meta property=\"og:type\" content=\"article\" \/>\n<meta property=\"og:title\" content=\"Hollyland Solidcom C1 Pro - Roaming Hub 10S\" \/>\n<meta property=\"og:description\" content=\"Communicatie voor mobiel productieteam.Omgevingsgeluid onderdrukking met twee microfoons.Betrouwbare 1,9 GHz DECT 6.0-technologie.Hub met V-bevestiging voor naadloze roaming.10 single-ear headsets, uitbreidbaar tot 20.Breed frequentiebereik voor heldere audio.1600&#039; 2-weg werkbereik, App-bediening.Knop Mute\/PTT of Boom draaien om te dempen.Inclusief batterijen en oplader.Achterwaarts compatibel met Solidcom C1.\" \/>\n<meta property=\"og:url\" content=\"https:\/\/koningdrone.be\/es\/producto\/hollyland-solidcom-c1-pro-roaming-hub-10s\/\" \/>\n<meta property=\"og:site_name\" content=\"koningdrone.be\" \/>\n<meta property=\"article:modified_time\" content=\"2026-04-30T14:20:06+00:00\" \/>\n<meta property=\"og:image\" content=\"https:\/\/koningdrone.be\/wp-content\/uploads\/sites\/13\/2025\/04\/1725958006_1849654.jpg\" \/>\n\t<meta property=\"og:image:width\" content=\"500\" \/>\n\t<meta property=\"og:image:height\" content=\"500\" \/>\n\t<meta property=\"og:image:type\" content=\"image\/jpeg\" \/>\n<meta name=\"twitter:card\" content=\"summary_large_image\" \/>\n<script type=\"application\/ld+json\" class=\"yoast-schema-graph\">{\"@context\":\"https:\/\/schema.org\",\"@graph\":[{\"@type\":\"WebPage\",\"@id\":\"https:\/\/koningdrone.be\/product\/hollyland-solidcom-c1-pro-roaming-hub-10s\/\",\"url\":\"https:\/\/koningdrone.be\/product\/hollyland-solidcom-c1-pro-roaming-hub-10s\/\",\"name\":\"Hollyland Solidcom C1 Pro - Roaming Hub 10S - koningdrone.be\",\"isPartOf\":{\"@id\":\"https:\/\/koningdrone.be\/#website\"},\"primaryImageOfPage\":{\"@id\":\"https:\/\/koningdrone.be\/product\/hollyland-solidcom-c1-pro-roaming-hub-10s\/#primaryimage\"},\"image\":{\"@id\":\"https:\/\/koningdrone.be\/product\/hollyland-solidcom-c1-pro-roaming-hub-10s\/#primaryimage\"},\"thumbnailUrl\":\"https:\/\/koningdrone.be\/wp-content\/uploads\/sites\/13\/2025\/04\/1725958006_1849654.jpg\",\"datePublished\":\"2024-12-04T11:17:54+00:00\",\"dateModified\":\"2026-04-30T14:20:06+00:00\",\"breadcrumb\":{\"@id\":\"https:\/\/koningdrone.be\/product\/hollyland-solidcom-c1-pro-roaming-hub-10s\/#breadcrumb\"},\"inLanguage\":\"es\",\"potentialAction\":[{\"@type\":\"ReadAction\",\"target\":[\"https:\/\/koningdrone.be\/product\/hollyland-solidcom-c1-pro-roaming-hub-10s\/\"]}]},{\"@type\":\"ImageObject\",\"inLanguage\":\"es\",\"@id\":\"https:\/\/koningdrone.be\/product\/hollyland-solidcom-c1-pro-roaming-hub-10s\/#primaryimage\",\"url\":\"https:\/\/koningdrone.be\/wp-content\/uploads\/sites\/13\/2025\/04\/1725958006_1849654.jpg\",\"contentUrl\":\"https:\/\/koningdrone.be\/wp-content\/uploads\/sites\/13\/2025\/04\/1725958006_1849654.jpg\",\"width\":500,\"height\":500},{\"@type\":\"BreadcrumbList\",\"@id\":\"https:\/\/koningdrone.be\/product\/hollyland-solidcom-c1-pro-roaming-hub-10s\/#breadcrumb\",\"itemListElement\":[{\"@type\":\"ListItem\",\"position\":1,\"name\":\"Home\",\"item\":\"https:\/\/koningdrone.be\/\"},{\"@type\":\"ListItem\",\"position\":2,\"name\":\"AVSS Parachute Recovery System for DJI Matrice 300\/350\",\"item\":\"https:\/\/koningdrone.be\/product\/avss-parachute-recovery-system-for-dji-matrice-300-350\/\"},{\"@type\":\"ListItem\",\"position\":3,\"name\":\"Alle producten\",\"item\":\"https:\/\/koningdrone.be\/categorie\/alle-producten\/\"},{\"@type\":\"ListItem\",\"position\":4,\"name\":\"Hollyland Solidcom C1 Pro &#8211; Roaming Hub 10S\"}]},{\"@type\":\"WebSite\",\"@id\":\"https:\/\/koningdrone.be\/#website\",\"url\":\"https:\/\/koningdrone.be\/\",\"name\":\"Koningdrone.be - Uw online specialist in drones, gimbals, camera's en power stations.\",\"description\":\"De webshop in drones en gimbals\",\"publisher\":{\"@id\":\"https:\/\/koningdrone.be\/#organization\"},\"potentialAction\":[{\"@type\":\"SearchAction\",\"target\":{\"@type\":\"EntryPoint\",\"urlTemplate\":\"https:\/\/koningdrone.be\/?s={search_term_string}\"},\"query-input\":{\"@type\":\"PropertyValueSpecification\",\"valueRequired\":true,\"valueName\":\"search_term_string\"}}],\"inLanguage\":\"es\"},{\"@type\":\"Organization\",\"@id\":\"https:\/\/koningdrone.be\/#organization\",\"name\":\"Koningdrone.be\",\"url\":\"https:\/\/koningdrone.be\/\",\"logo\":{\"@type\":\"ImageObject\",\"inLanguage\":\"es\",\"@id\":\"https:\/\/koningdrone.be\/#\/schema\/logo\/image\/\",\"url\":\"https:\/\/koningdrone.be\/wp-content\/uploads\/sites\/13\/2025\/04\/koningdrone-copyright-logo.svg\",\"contentUrl\":\"https:\/\/koningdrone.be\/wp-content\/uploads\/sites\/13\/2025\/04\/koningdrone-copyright-logo.svg\",\"width\":227,\"height\":38,\"caption\":\"Koningdrone.be\"},\"image\":{\"@id\":\"https:\/\/koningdrone.be\/#\/schema\/logo\/image\/\"}}]}<\/script>\n<!-- \/ Yoast SEO Premium plugin. -->","yoast_head_json":{"title":"Hollyland Solidcom C1 Pro - Roaming Hub 10S - koningdrone.be","robots":{"index":"index","follow":"follow","max-snippet":"max-snippet:-1","max-image-preview":"max-image-preview:large","max-video-preview":"max-video-preview:-1"},"canonical":"https:\/\/koningdrone.be\/es\/producto\/hollyland-solidcom-c1-pro-roaming-hub-10s\/","og_locale":"es_ES","og_type":"article","og_title":"Hollyland Solidcom C1 Pro - Roaming Hub 10S","og_description":"Communicatie voor mobiel productieteam.Omgevingsgeluid onderdrukking met twee microfoons.Betrouwbare 1,9 GHz DECT 6.0-technologie.Hub met V-bevestiging voor naadloze roaming.10 single-ear headsets, uitbreidbaar tot 20.Breed frequentiebereik voor heldere audio.1600' 2-weg werkbereik, App-bediening.Knop Mute\/PTT of Boom draaien om te dempen.Inclusief batterijen en oplader.Achterwaarts compatibel met Solidcom C1.","og_url":"https:\/\/koningdrone.be\/es\/producto\/hollyland-solidcom-c1-pro-roaming-hub-10s\/","og_site_name":"koningdrone.be","article_modified_time":"2026-04-30T14:20:06+00:00","og_image":[{"width":500,"height":500,"url":"https:\/\/koningdrone.be\/wp-content\/uploads\/sites\/13\/2025\/04\/1725958006_1849654.jpg","type":"image\/jpeg"}],"twitter_card":"summary_large_image","schema":{"@context":"https:\/\/schema.org","@graph":[{"@type":"WebPage","@id":"https:\/\/koningdrone.be\/product\/hollyland-solidcom-c1-pro-roaming-hub-10s\/","url":"https:\/\/koningdrone.be\/product\/hollyland-solidcom-c1-pro-roaming-hub-10s\/","name":"Hollyland Solidcom C1 Pro - Roaming Hub 10S - koningdrone.be","isPartOf":{"@id":"https:\/\/koningdrone.be\/#website"},"primaryImageOfPage":{"@id":"https:\/\/koningdrone.be\/product\/hollyland-solidcom-c1-pro-roaming-hub-10s\/#primaryimage"},"image":{"@id":"https:\/\/koningdrone.be\/product\/hollyland-solidcom-c1-pro-roaming-hub-10s\/#primaryimage"},"thumbnailUrl":"https:\/\/koningdrone.be\/wp-content\/uploads\/sites\/13\/2025\/04\/1725958006_1849654.jpg","datePublished":"2024-12-04T11:17:54+00:00","dateModified":"2026-04-30T14:20:06+00:00","breadcrumb":{"@id":"https:\/\/koningdrone.be\/product\/hollyland-solidcom-c1-pro-roaming-hub-10s\/#breadcrumb"},"inLanguage":"es","potentialAction":[{"@type":"ReadAction","target":["https:\/\/koningdrone.be\/product\/hollyland-solidcom-c1-pro-roaming-hub-10s\/"]}]},{"@type":"ImageObject","inLanguage":"es","@id":"https:\/\/koningdrone.be\/product\/hollyland-solidcom-c1-pro-roaming-hub-10s\/#primaryimage","url":"https:\/\/koningdrone.be\/wp-content\/uploads\/sites\/13\/2025\/04\/1725958006_1849654.jpg","contentUrl":"https:\/\/koningdrone.be\/wp-content\/uploads\/sites\/13\/2025\/04\/1725958006_1849654.jpg","width":500,"height":500},{"@type":"BreadcrumbList","@id":"https:\/\/koningdrone.be\/product\/hollyland-solidcom-c1-pro-roaming-hub-10s\/#breadcrumb","itemListElement":[{"@type":"ListItem","position":1,"name":"Home","item":"https:\/\/koningdrone.be\/"},{"@type":"ListItem","position":2,"name":"AVSS Parachute Recovery System for DJI Matrice 300\/350","item":"https:\/\/koningdrone.be\/product\/avss-parachute-recovery-system-for-dji-matrice-300-350\/"},{"@type":"ListItem","position":3,"name":"Alle producten","item":"https:\/\/koningdrone.be\/categorie\/alle-producten\/"},{"@type":"ListItem","position":4,"name":"Hollyland Solidcom C1 Pro &#8211; Roaming Hub 10S"}]},{"@type":"WebSite","@id":"https:\/\/koningdrone.be\/#website","url":"https:\/\/koningdrone.be\/","name":"Koningdrone.be - Su especialista en l\u00ednea en drones, cardanes, c\u00e1maras y centrales el\u00e9ctricas.","description":"La tienda virtual de drones y cardanes","publisher":{"@id":"https:\/\/koningdrone.be\/#organization"},"potentialAction":[{"@type":"SearchAction","target":{"@type":"EntryPoint","urlTemplate":"https:\/\/koningdrone.be\/?s={search_term_string}"},"query-input":{"@type":"PropertyValueSpecification","valueRequired":true,"valueName":"search_term_string"}}],"inLanguage":"es"},{"@type":"Organization","@id":"https:\/\/koningdrone.be\/#organization","name":"Kingdrone.es","url":"https:\/\/koningdrone.be\/","logo":{"@type":"ImageObject","inLanguage":"es","@id":"https:\/\/koningdrone.be\/#\/schema\/logo\/image\/","url":"https:\/\/koningdrone.be\/wp-content\/uploads\/sites\/13\/2025\/04\/koningdrone-copyright-logo.svg","contentUrl":"https:\/\/koningdrone.be\/wp-content\/uploads\/sites\/13\/2025\/04\/koningdrone-copyright-logo.svg","width":227,"height":38,"caption":"Koningdrone.be"},"image":{"@id":"https:\/\/koningdrone.be\/#\/schema\/logo\/image\/"}}]}},"df_price":10404.79,"df_sale_price":"","df_regular_price":10404.79,"df_image_link":"https:\/\/koningdrone.be\/wp-content\/uploads\/sites\/13\/2025\/04\/1725958006_1849654-300x300.jpg","_links":{"self":[{"href":"https:\/\/koningdrone.be\/es\/wp-json\/wp\/v2\/product\/1540","targetHints":{"allow":["GET"]}}],"collection":[{"href":"https:\/\/koningdrone.be\/es\/wp-json\/wp\/v2\/product"}],"about":[{"href":"https:\/\/koningdrone.be\/es\/wp-json\/wp\/v2\/types\/product"}],"wp:featuredmedia":[{"embeddable":true,"href":"https:\/\/koningdrone.be\/es\/wp-json\/wp\/v2\/media\/1531"}],"wp:attachment":[{"href":"https:\/\/koningdrone.be\/es\/wp-json\/wp\/v2\/media?parent=1540"}],"wp:term":[{"taxonomy":"product_brand","embeddable":true,"href":"https:\/\/koningdrone.be\/es\/wp-json\/wp\/v2\/product_brand?post=1540"},{"taxonomy":"product_cat","embeddable":true,"href":"https:\/\/koningdrone.be\/es\/wp-json\/wp\/v2\/product_cat?post=1540"},{"taxonomy":"product_tag","embeddable":true,"href":"https:\/\/koningdrone.be\/es\/wp-json\/wp\/v2\/product_tag?post=1540"}],"curies":[{"name":"wp","href":"https:\/\/api.w.org\/{rel}","templated":true}]}}