{"id":15281,"date":"2025-07-03T09:32:52","date_gmt":"2025-07-03T07:32:52","guid":{"rendered":"https:\/\/koningdrone.be\/product\/ecoflow-stream-ultra-800w\/"},"modified":"2025-07-03T09:32:52","modified_gmt":"2025-07-03T07:32:52","slug":"ecoflow-stream-ultra-800w","status":"publish","type":"product","link":"https:\/\/koningdrone.be\/es\/producto\/ecoflow-stream-ultra-800w\/","title":{"rendered":"EcoFlow STREAM Ultra 800W"},"content":{"rendered":"<p>El EcoFlow STREAM Ultra 800W es un sistema solar dom\u00e9stico plug-and-play todo en uno dise\u00f1ado para hacer que la energ\u00eda limpia sea accesible y f\u00e1cil de usar. Combina un inversor h\u00edbrido y una bater\u00eda LFP de 1,92 kWh en una unidad compacta que se conecta directamente a enchufes de pared est\u00e1ndar, proporcion\u00e1ndole energ\u00eda solar dom\u00e9stica sin necesidad de complicadas instalaciones. Con soporte para hasta 2000 W de energ\u00eda solar y almacenamiento escalable hasta 11,52 kWh, ofrece flexibilidad para satisfacer diferentes necesidades energ\u00e9ticas. Equipado con un microinversor integrado conectado a la red, el sistema tiene un dise\u00f1o de 4 MPPT para maximizar la captaci\u00f3n de energ\u00eda solar. Tambi\u00e9n se ha dise\u00f1ado pensando en la durabilidad, con una clasificaci\u00f3n IP65 de resistencia al agua y la capacidad de funcionar a temperaturas de hasta -20 \u00b0C.<\/p>","protected":false},"excerpt":{"rendered":"<ul>\n<li>No requiere instalaci\u00f3n. Basta con enchufar y listo.<\/li>\n<li>Almacenamiento escalable para satisfacer sus necesidades energ\u00e9ticas.<\/li>\n<li>Admite un elevado aporte solar para un mejor rendimiento.<\/li>\n<li>Contiene un microinversor integrado conectado a la red.<\/li>\n<li>Resistente a la intemperie y funciona a bajas temperaturas.<\/li>\n<li>Ayuda a reducir la factura de la luz.<\/li>\n<li>Puede conectarse a la plataforma de energ\u00eda inteligente de EcoFlow.<\/li>\n<\/ul>","protected":false},"featured_media":15276,"template":"","meta":{"_acf_changed":false},"product_brand":[],"product_cat":[58],"product_tag":[],"class_list":{"0":"post-15281","1":"product","2":"type-product","3":"status-publish","4":"has-post-thumbnail","6":"product_cat-uncategorized","7":"pa_brand-ecoflow","8":"pa_producttype-batterij-op-zonne-energie","9":"pa_series-stream","11":"first","12":"outofstock","13":"taxable","14":"shipping-taxable","15":"product-type-simple"},"acf":[],"yoast_head":"<!-- This site is optimized with the Yoast SEO Premium plugin v27.2 (Yoast SEO v27.2) - https:\/\/yoast.com\/product\/yoast-seo-premium-wordpress\/ -->\n<title>EcoFlow STREAM Ultra 800W - koningdrone.be<\/title>\n<meta name=\"robots\" content=\"index, follow, max-snippet:-1, max-image-preview:large, max-video-preview:-1\" \/>\n<link rel=\"canonical\" href=\"https:\/\/koningdrone.be\/es\/produkt\/ecoflow-stream-ultra-800w\/\" \/>\n<meta property=\"og:locale\" content=\"es_ES\" \/>\n<meta property=\"og:type\" content=\"article\" \/>\n<meta property=\"og:title\" content=\"EcoFlow STREAM Ultra 800W\" \/>\n<meta property=\"og:description\" content=\"Geen installatie nodig. Gewoon aansluiten en spelen. Schaalbare opslag om aan je energiebehoeften te voldoen. Ondersteunt hoge zonne-input voor betere prestaties. Bevat een ingebouwde netgekoppelde micro-omvormer. Weerbestendig en werkt in koude temperaturen. Helpt uw elektriciteitsrekening te verlagen. Kan worden aangesloten op het slimme energieplatform van EcoFlow.\" \/>\n<meta property=\"og:url\" content=\"https:\/\/koningdrone.be\/es\/produkt\/ecoflow-stream-ultra-800w\/\" \/>\n<meta property=\"og:site_name\" content=\"koningdrone.be\" \/>\n<meta property=\"og:image\" content=\"https:\/\/koningdrone.be\/wp-content\/uploads\/sites\/13\/2025\/08\/EcoFlow-STREAM-Ultra.jpg\" \/>\n\t<meta property=\"og:image:width\" content=\"1000\" \/>\n\t<meta property=\"og:image:height\" content=\"1000\" \/>\n\t<meta property=\"og:image:type\" content=\"image\/jpeg\" \/>\n<meta name=\"twitter:card\" content=\"summary_large_image\" \/>\n<meta name=\"twitter:label1\" content=\"Tiempo de lectura\" \/>\n\t<meta name=\"twitter:data1\" content=\"1 minuto\" \/>\n<script type=\"application\/ld+json\" class=\"yoast-schema-graph\">{\"@context\":\"https:\/\/schema.org\",\"@graph\":[{\"@type\":\"WebPage\",\"@id\":\"https:\/\/koningdrone.be\/de\/produkt\/ecoflow-stream-ultra-800w\/\",\"url\":\"https:\/\/koningdrone.be\/de\/produkt\/ecoflow-stream-ultra-800w\/\",\"name\":\"EcoFlow STREAM Ultra 800W - koningdrone.be\",\"isPartOf\":{\"@id\":\"https:\/\/koningdrone.be\/#website\"},\"primaryImageOfPage\":{\"@id\":\"https:\/\/koningdrone.be\/de\/produkt\/ecoflow-stream-ultra-800w\/#primaryimage\"},\"image\":{\"@id\":\"https:\/\/koningdrone.be\/de\/produkt\/ecoflow-stream-ultra-800w\/#primaryimage\"},\"thumbnailUrl\":\"https:\/\/koningdrone.be\/wp-content\/uploads\/sites\/13\/2025\/08\/EcoFlow-STREAM-Ultra.jpg\",\"datePublished\":\"2025-07-03T07:32:52+00:00\",\"breadcrumb\":{\"@id\":\"https:\/\/koningdrone.be\/de\/produkt\/ecoflow-stream-ultra-800w\/#breadcrumb\"},\"inLanguage\":\"es\",\"potentialAction\":[{\"@type\":\"ReadAction\",\"target\":[\"https:\/\/koningdrone.be\/de\/produkt\/ecoflow-stream-ultra-800w\/\"]}]},{\"@type\":\"ImageObject\",\"inLanguage\":\"es\",\"@id\":\"https:\/\/koningdrone.be\/de\/produkt\/ecoflow-stream-ultra-800w\/#primaryimage\",\"url\":\"https:\/\/koningdrone.be\/wp-content\/uploads\/sites\/13\/2025\/08\/EcoFlow-STREAM-Ultra.jpg\",\"contentUrl\":\"https:\/\/koningdrone.be\/wp-content\/uploads\/sites\/13\/2025\/08\/EcoFlow-STREAM-Ultra.jpg\",\"width\":1000,\"height\":1000},{\"@type\":\"BreadcrumbList\",\"@id\":\"https:\/\/koningdrone.be\/de\/produkt\/ecoflow-stream-ultra-800w\/#breadcrumb\",\"itemListElement\":[{\"@type\":\"ListItem\",\"position\":1,\"name\":\"Home\",\"item\":\"https:\/\/koningdrone.be\/\"},{\"@type\":\"ListItem\",\"position\":2,\"name\":\"AVSS Parachute Recovery System for DJI Matrice 300\/350\",\"item\":\"https:\/\/koningdrone.be\/product\/avss-parachute-recovery-system-for-dji-matrice-300-350\/\"},{\"@type\":\"ListItem\",\"position\":3,\"name\":\"Uncategorized\",\"item\":\"https:\/\/koningdrone.be\/categorie\/uncategorized\/\"},{\"@type\":\"ListItem\",\"position\":4,\"name\":\"EcoFlow STREAM Ultra 800W\"}]},{\"@type\":\"WebSite\",\"@id\":\"https:\/\/koningdrone.be\/#website\",\"url\":\"https:\/\/koningdrone.be\/\",\"name\":\"Koningdrone.be - Uw online specialist in drones, gimbals, camera's en power stations.\",\"description\":\"De webshop in drones en gimbals\",\"publisher\":{\"@id\":\"https:\/\/koningdrone.be\/#organization\"},\"potentialAction\":[{\"@type\":\"SearchAction\",\"target\":{\"@type\":\"EntryPoint\",\"urlTemplate\":\"https:\/\/koningdrone.be\/?s={search_term_string}\"},\"query-input\":{\"@type\":\"PropertyValueSpecification\",\"valueRequired\":true,\"valueName\":\"search_term_string\"}}],\"inLanguage\":\"es\"},{\"@type\":\"Organization\",\"@id\":\"https:\/\/koningdrone.be\/#organization\",\"name\":\"Koningdrone.be\",\"url\":\"https:\/\/koningdrone.be\/\",\"logo\":{\"@type\":\"ImageObject\",\"inLanguage\":\"es\",\"@id\":\"https:\/\/koningdrone.be\/#\/schema\/logo\/image\/\",\"url\":\"https:\/\/koningdrone.be\/wp-content\/uploads\/sites\/13\/2025\/04\/koningdrone-copyright-logo.svg\",\"contentUrl\":\"https:\/\/koningdrone.be\/wp-content\/uploads\/sites\/13\/2025\/04\/koningdrone-copyright-logo.svg\",\"width\":227,\"height\":38,\"caption\":\"Koningdrone.be\"},\"image\":{\"@id\":\"https:\/\/koningdrone.be\/#\/schema\/logo\/image\/\"}}]}<\/script>\n<!-- \/ Yoast SEO Premium plugin. -->","yoast_head_json":{"title":"EcoFlow STREAM Ultra 800W - koningdrone.be","robots":{"index":"index","follow":"follow","max-snippet":"max-snippet:-1","max-image-preview":"max-image-preview:large","max-video-preview":"max-video-preview:-1"},"canonical":"https:\/\/koningdrone.be\/es\/produkt\/ecoflow-stream-ultra-800w\/","og_locale":"es_ES","og_type":"article","og_title":"EcoFlow STREAM Ultra 800W","og_description":"Geen installatie nodig. Gewoon aansluiten en spelen. Schaalbare opslag om aan je energiebehoeften te voldoen. Ondersteunt hoge zonne-input voor betere prestaties. Bevat een ingebouwde netgekoppelde micro-omvormer. Weerbestendig en werkt in koude temperaturen. Helpt uw elektriciteitsrekening te verlagen. Kan worden aangesloten op het slimme energieplatform van EcoFlow.","og_url":"https:\/\/koningdrone.be\/es\/produkt\/ecoflow-stream-ultra-800w\/","og_site_name":"koningdrone.be","og_image":[{"width":1000,"height":1000,"url":"https:\/\/koningdrone.be\/wp-content\/uploads\/sites\/13\/2025\/08\/EcoFlow-STREAM-Ultra.jpg","type":"image\/jpeg"}],"twitter_card":"summary_large_image","twitter_misc":{"Tiempo de lectura":"1 minuto"},"schema":{"@context":"https:\/\/schema.org","@graph":[{"@type":"WebPage","@id":"https:\/\/koningdrone.be\/de\/produkt\/ecoflow-stream-ultra-800w\/","url":"https:\/\/koningdrone.be\/de\/produkt\/ecoflow-stream-ultra-800w\/","name":"EcoFlow STREAM Ultra 800W - koningdrone.be","isPartOf":{"@id":"https:\/\/koningdrone.be\/#website"},"primaryImageOfPage":{"@id":"https:\/\/koningdrone.be\/de\/produkt\/ecoflow-stream-ultra-800w\/#primaryimage"},"image":{"@id":"https:\/\/koningdrone.be\/de\/produkt\/ecoflow-stream-ultra-800w\/#primaryimage"},"thumbnailUrl":"https:\/\/koningdrone.be\/wp-content\/uploads\/sites\/13\/2025\/08\/EcoFlow-STREAM-Ultra.jpg","datePublished":"2025-07-03T07:32:52+00:00","breadcrumb":{"@id":"https:\/\/koningdrone.be\/de\/produkt\/ecoflow-stream-ultra-800w\/#breadcrumb"},"inLanguage":"es","potentialAction":[{"@type":"ReadAction","target":["https:\/\/koningdrone.be\/de\/produkt\/ecoflow-stream-ultra-800w\/"]}]},{"@type":"ImageObject","inLanguage":"es","@id":"https:\/\/koningdrone.be\/de\/produkt\/ecoflow-stream-ultra-800w\/#primaryimage","url":"https:\/\/koningdrone.be\/wp-content\/uploads\/sites\/13\/2025\/08\/EcoFlow-STREAM-Ultra.jpg","contentUrl":"https:\/\/koningdrone.be\/wp-content\/uploads\/sites\/13\/2025\/08\/EcoFlow-STREAM-Ultra.jpg","width":1000,"height":1000},{"@type":"BreadcrumbList","@id":"https:\/\/koningdrone.be\/de\/produkt\/ecoflow-stream-ultra-800w\/#breadcrumb","itemListElement":[{"@type":"ListItem","position":1,"name":"Home","item":"https:\/\/koningdrone.be\/"},{"@type":"ListItem","position":2,"name":"AVSS Parachute Recovery System for DJI Matrice 300\/350","item":"https:\/\/koningdrone.be\/product\/avss-parachute-recovery-system-for-dji-matrice-300-350\/"},{"@type":"ListItem","position":3,"name":"Uncategorized","item":"https:\/\/koningdrone.be\/categorie\/uncategorized\/"},{"@type":"ListItem","position":4,"name":"EcoFlow STREAM Ultra 800W"}]},{"@type":"WebSite","@id":"https:\/\/koningdrone.be\/#website","url":"https:\/\/koningdrone.be\/","name":"Koningdrone.be - Su especialista en l\u00ednea en drones, cardanes, c\u00e1maras y centrales el\u00e9ctricas.","description":"La tienda virtual de drones y cardanes","publisher":{"@id":"https:\/\/koningdrone.be\/#organization"},"potentialAction":[{"@type":"SearchAction","target":{"@type":"EntryPoint","urlTemplate":"https:\/\/koningdrone.be\/?s={search_term_string}"},"query-input":{"@type":"PropertyValueSpecification","valueRequired":true,"valueName":"search_term_string"}}],"inLanguage":"es"},{"@type":"Organization","@id":"https:\/\/koningdrone.be\/#organization","name":"Kingdrone.es","url":"https:\/\/koningdrone.be\/","logo":{"@type":"ImageObject","inLanguage":"es","@id":"https:\/\/koningdrone.be\/#\/schema\/logo\/image\/","url":"https:\/\/koningdrone.be\/wp-content\/uploads\/sites\/13\/2025\/04\/koningdrone-copyright-logo.svg","contentUrl":"https:\/\/koningdrone.be\/wp-content\/uploads\/sites\/13\/2025\/04\/koningdrone-copyright-logo.svg","width":227,"height":38,"caption":"Koningdrone.be"},"image":{"@id":"https:\/\/koningdrone.be\/#\/schema\/logo\/image\/"}}]}},"df_price":"","df_sale_price":"","df_regular_price":"","df_image_link":"https:\/\/koningdrone.be\/wp-content\/uploads\/sites\/13\/2025\/08\/EcoFlow-STREAM-Ultra-300x300.jpg","_links":{"self":[{"href":"https:\/\/koningdrone.be\/es\/wp-json\/wp\/v2\/product\/15281","targetHints":{"allow":["GET"]}}],"collection":[{"href":"https:\/\/koningdrone.be\/es\/wp-json\/wp\/v2\/product"}],"about":[{"href":"https:\/\/koningdrone.be\/es\/wp-json\/wp\/v2\/types\/product"}],"wp:featuredmedia":[{"embeddable":true,"href":"https:\/\/koningdrone.be\/es\/wp-json\/wp\/v2\/media\/15276"}],"wp:attachment":[{"href":"https:\/\/koningdrone.be\/es\/wp-json\/wp\/v2\/media?parent=15281"}],"wp:term":[{"taxonomy":"product_brand","embeddable":true,"href":"https:\/\/koningdrone.be\/es\/wp-json\/wp\/v2\/product_brand?post=15281"},{"taxonomy":"product_cat","embeddable":true,"href":"https:\/\/koningdrone.be\/es\/wp-json\/wp\/v2\/product_cat?post=15281"},{"taxonomy":"product_tag","embeddable":true,"href":"https:\/\/koningdrone.be\/es\/wp-json\/wp\/v2\/product_tag?post=15281"}],"curies":[{"name":"wp","href":"https:\/\/api.w.org\/{rel}","templated":true}]}}