{"id":15210,"date":"2025-07-03T09:32:52","date_gmt":"2025-07-03T07:32:52","guid":{"rendered":"https:\/\/koningdrone.be\/product\/dji-rs-4-mini\/"},"modified":"2026-04-29T15:20:42","modified_gmt":"2026-04-29T13:20:42","slug":"dji-rs-4-mini","status":"publish","type":"product","link":"https:\/\/koningdrone.be\/es\/producto\/dji-rs-4-mini\/","title":{"rendered":"DJI RS 4 Mini"},"content":{"rendered":"<p>El DJI RS 4 Mini es un estabilizador gimbal compacto y ligero ideal para dise\u00f1adores que necesitan im\u00e1genes fluidas y profesionales sobre la marcha. El gimbal pesa s\u00f3lo 890 g y soporta hasta 2 kg, por lo que es perfecto para la mayor\u00eda de las c\u00e1maras sin espejo. Con el algoritmo de estabilizaci\u00f3n de 4\u00aa generaci\u00f3n de DJI, un r\u00e1pido cambio vertical\/horizontal y una bater\u00eda de hasta 13 horas de duraci\u00f3n, este gimbal est\u00e1 hecho para disparar con rapidez y fiabilidad durante todo el d\u00eda.<\/p>","protected":false},"excerpt":{"rendered":"<ul>\n<li>Dise\u00f1ada para grabar sin esfuerzo sobre la marcha con un dise\u00f1o compacto y port\u00e1til.<\/li>\n<li>Proporciona una estabilizaci\u00f3n de nivel profesional para obtener im\u00e1genes fluidas y cinematogr\u00e1ficas.<\/li>\n<li>Ideal para realizadores en solitario, vloggers y cineastas que necesitan rapidez y flexibilidad.<\/li>\n<li>Con controles intuitivos para una configuraci\u00f3n r\u00e1pida y una grabaci\u00f3n sin interrupciones.<\/li>\n<li>Admite tomas verticales para facilitar la creaci\u00f3n de contenidos para las redes sociales.<\/li>\n<li>Mejora la productividad con una bater\u00eda de larga duraci\u00f3n y carga r\u00e1pida.<\/li>\n<li>Compatible con el seguimiento inteligente de DJI para un seguimiento din\u00e1mico de los sujetos.<\/li>\n<li>Traducido con DeepL.com (versi\u00f3n gratuita)<\/li>\n<\/ul>","protected":false},"featured_media":15202,"template":"","meta":{"_acf_changed":false},"product_brand":[],"product_cat":[613],"product_tag":[],"class_list":{"0":"post-15210","1":"product","2":"type-product","3":"status-publish","4":"has-post-thumbnail","6":"product_cat-dji-rs4","7":"product_shipping_class-outofstock","8":"pa_brand-dji","9":"pa_producttype-gimbal","10":"pa_series-rs-4","12":"first","13":"outofstock","14":"taxable","15":"shipping-taxable","16":"purchasable","17":"product-type-simple"},"acf":[],"yoast_head":"<!-- This site is optimized with the Yoast SEO Premium plugin v27.2 (Yoast SEO v27.2) - https:\/\/yoast.com\/product\/yoast-seo-premium-wordpress\/ -->\n<title>DJI RS 4 Mini - koningdrone.be<\/title>\n<meta name=\"robots\" content=\"index, follow, max-snippet:-1, max-image-preview:large, max-video-preview:-1\" \/>\n<link rel=\"canonical\" href=\"https:\/\/koningdrone.be\/es\/producto\/dji-rs-4-mini\/\" \/>\n<meta property=\"og:locale\" content=\"es_ES\" \/>\n<meta property=\"og:type\" content=\"article\" \/>\n<meta property=\"og:title\" content=\"DJI RS 4 Mini\" \/>\n<meta property=\"og:description\" content=\"Ontworpen voor moeiteloos filmen onderweg met een compact en draagbaar ontwerp. Biedt stabilisatie op professioneel niveau voor vloeiende, filmische beelden. Ideaal voor solomakers, vloggers en filmmakers die snelheid en flexibiliteit nodig hebben. Met intu\u00eftieve bediening voor snelle installatie en naadloze opnamen. Ondersteunt verticale opnamen voor het eenvoudig maken van content voor sociale media. Verbetert de productiviteit met een lange batterijlevensduur en snel opladen. Compatibel met DJI&#039;s intelligente tracking voor dynamisch volgen van onderwerpen. Vertaald met DeepL.com (gratis versie)\" \/>\n<meta property=\"og:url\" content=\"https:\/\/koningdrone.be\/es\/producto\/dji-rs-4-mini\/\" \/>\n<meta property=\"og:site_name\" content=\"koningdrone.be\" \/>\n<meta property=\"article:modified_time\" content=\"2026-04-29T13:20:42+00:00\" \/>\n<meta property=\"og:image\" content=\"https:\/\/koningdrone.be\/wp-content\/uploads\/sites\/13\/2025\/08\/d24e03627508fa24ea30aaa51d1cb2f3@origin.jpg\" \/>\n\t<meta property=\"og:image:width\" content=\"2560\" \/>\n\t<meta property=\"og:image:height\" content=\"2560\" \/>\n\t<meta property=\"og:image:type\" content=\"image\/jpeg\" \/>\n<meta name=\"twitter:card\" content=\"summary_large_image\" \/>\n<script type=\"application\/ld+json\" class=\"yoast-schema-graph\">{\"@context\":\"https:\/\/schema.org\",\"@graph\":[{\"@type\":\"WebPage\",\"@id\":\"https:\/\/koningdrone.be\/product\/dji-rs-4-mini\/\",\"url\":\"https:\/\/koningdrone.be\/product\/dji-rs-4-mini\/\",\"name\":\"DJI RS 4 Mini - koningdrone.be\",\"isPartOf\":{\"@id\":\"https:\/\/koningdrone.be\/#website\"},\"primaryImageOfPage\":{\"@id\":\"https:\/\/koningdrone.be\/product\/dji-rs-4-mini\/#primaryimage\"},\"image\":{\"@id\":\"https:\/\/koningdrone.be\/product\/dji-rs-4-mini\/#primaryimage\"},\"thumbnailUrl\":\"https:\/\/koningdrone.be\/wp-content\/uploads\/sites\/13\/2025\/08\/d24e03627508fa24ea30aaa51d1cb2f3@origin.jpg\",\"datePublished\":\"2025-07-03T07:32:52+00:00\",\"dateModified\":\"2026-04-29T13:20:42+00:00\",\"breadcrumb\":{\"@id\":\"https:\/\/koningdrone.be\/product\/dji-rs-4-mini\/#breadcrumb\"},\"inLanguage\":\"es\",\"potentialAction\":[{\"@type\":\"ReadAction\",\"target\":[\"https:\/\/koningdrone.be\/product\/dji-rs-4-mini\/\"]}]},{\"@type\":\"ImageObject\",\"inLanguage\":\"es\",\"@id\":\"https:\/\/koningdrone.be\/product\/dji-rs-4-mini\/#primaryimage\",\"url\":\"https:\/\/koningdrone.be\/wp-content\/uploads\/sites\/13\/2025\/08\/d24e03627508fa24ea30aaa51d1cb2f3@origin.jpg\",\"contentUrl\":\"https:\/\/koningdrone.be\/wp-content\/uploads\/sites\/13\/2025\/08\/d24e03627508fa24ea30aaa51d1cb2f3@origin.jpg\",\"width\":2560,\"height\":2560},{\"@type\":\"BreadcrumbList\",\"@id\":\"https:\/\/koningdrone.be\/product\/dji-rs-4-mini\/#breadcrumb\",\"itemListElement\":[{\"@type\":\"ListItem\",\"position\":1,\"name\":\"Home\",\"item\":\"https:\/\/koningdrone.be\/\"},{\"@type\":\"ListItem\",\"position\":2,\"name\":\"AVSS Parachute Recovery System for DJI Matrice 300\/350\",\"item\":\"https:\/\/koningdrone.be\/product\/avss-parachute-recovery-system-for-dji-matrice-300-350\/\"},{\"@type\":\"ListItem\",\"position\":3,\"name\":\"DJI RS4\",\"item\":\"https:\/\/koningdrone.be\/categorie\/dji-rs4\/\"},{\"@type\":\"ListItem\",\"position\":4,\"name\":\"DJI RS 4 Mini\"}]},{\"@type\":\"WebSite\",\"@id\":\"https:\/\/koningdrone.be\/#website\",\"url\":\"https:\/\/koningdrone.be\/\",\"name\":\"Koningdrone.be - Uw online specialist in drones, gimbals, camera's en power stations.\",\"description\":\"De webshop in drones en gimbals\",\"publisher\":{\"@id\":\"https:\/\/koningdrone.be\/#organization\"},\"potentialAction\":[{\"@type\":\"SearchAction\",\"target\":{\"@type\":\"EntryPoint\",\"urlTemplate\":\"https:\/\/koningdrone.be\/?s={search_term_string}\"},\"query-input\":{\"@type\":\"PropertyValueSpecification\",\"valueRequired\":true,\"valueName\":\"search_term_string\"}}],\"inLanguage\":\"es\"},{\"@type\":\"Organization\",\"@id\":\"https:\/\/koningdrone.be\/#organization\",\"name\":\"Koningdrone.be\",\"url\":\"https:\/\/koningdrone.be\/\",\"logo\":{\"@type\":\"ImageObject\",\"inLanguage\":\"es\",\"@id\":\"https:\/\/koningdrone.be\/#\/schema\/logo\/image\/\",\"url\":\"https:\/\/koningdrone.be\/wp-content\/uploads\/sites\/13\/2025\/04\/koningdrone-copyright-logo.svg\",\"contentUrl\":\"https:\/\/koningdrone.be\/wp-content\/uploads\/sites\/13\/2025\/04\/koningdrone-copyright-logo.svg\",\"width\":227,\"height\":38,\"caption\":\"Koningdrone.be\"},\"image\":{\"@id\":\"https:\/\/koningdrone.be\/#\/schema\/logo\/image\/\"}}]}<\/script>\n<!-- \/ Yoast SEO Premium plugin. -->","yoast_head_json":{"title":"DJI RS 4 Mini - koningdrone.be","robots":{"index":"index","follow":"follow","max-snippet":"max-snippet:-1","max-image-preview":"max-image-preview:large","max-video-preview":"max-video-preview:-1"},"canonical":"https:\/\/koningdrone.be\/es\/producto\/dji-rs-4-mini\/","og_locale":"es_ES","og_type":"article","og_title":"DJI RS 4 Mini","og_description":"Ontworpen voor moeiteloos filmen onderweg met een compact en draagbaar ontwerp. Biedt stabilisatie op professioneel niveau voor vloeiende, filmische beelden. Ideaal voor solomakers, vloggers en filmmakers die snelheid en flexibiliteit nodig hebben. Met intu\u00eftieve bediening voor snelle installatie en naadloze opnamen. Ondersteunt verticale opnamen voor het eenvoudig maken van content voor sociale media. Verbetert de productiviteit met een lange batterijlevensduur en snel opladen. Compatibel met DJI's intelligente tracking voor dynamisch volgen van onderwerpen. Vertaald met DeepL.com (gratis versie)","og_url":"https:\/\/koningdrone.be\/es\/producto\/dji-rs-4-mini\/","og_site_name":"koningdrone.be","article_modified_time":"2026-04-29T13:20:42+00:00","og_image":[{"width":2560,"height":2560,"url":"https:\/\/koningdrone.be\/wp-content\/uploads\/sites\/13\/2025\/08\/d24e03627508fa24ea30aaa51d1cb2f3@origin.jpg","type":"image\/jpeg"}],"twitter_card":"summary_large_image","schema":{"@context":"https:\/\/schema.org","@graph":[{"@type":"WebPage","@id":"https:\/\/koningdrone.be\/product\/dji-rs-4-mini\/","url":"https:\/\/koningdrone.be\/product\/dji-rs-4-mini\/","name":"DJI RS 4 Mini - koningdrone.be","isPartOf":{"@id":"https:\/\/koningdrone.be\/#website"},"primaryImageOfPage":{"@id":"https:\/\/koningdrone.be\/product\/dji-rs-4-mini\/#primaryimage"},"image":{"@id":"https:\/\/koningdrone.be\/product\/dji-rs-4-mini\/#primaryimage"},"thumbnailUrl":"https:\/\/koningdrone.be\/wp-content\/uploads\/sites\/13\/2025\/08\/d24e03627508fa24ea30aaa51d1cb2f3@origin.jpg","datePublished":"2025-07-03T07:32:52+00:00","dateModified":"2026-04-29T13:20:42+00:00","breadcrumb":{"@id":"https:\/\/koningdrone.be\/product\/dji-rs-4-mini\/#breadcrumb"},"inLanguage":"es","potentialAction":[{"@type":"ReadAction","target":["https:\/\/koningdrone.be\/product\/dji-rs-4-mini\/"]}]},{"@type":"ImageObject","inLanguage":"es","@id":"https:\/\/koningdrone.be\/product\/dji-rs-4-mini\/#primaryimage","url":"https:\/\/koningdrone.be\/wp-content\/uploads\/sites\/13\/2025\/08\/d24e03627508fa24ea30aaa51d1cb2f3@origin.jpg","contentUrl":"https:\/\/koningdrone.be\/wp-content\/uploads\/sites\/13\/2025\/08\/d24e03627508fa24ea30aaa51d1cb2f3@origin.jpg","width":2560,"height":2560},{"@type":"BreadcrumbList","@id":"https:\/\/koningdrone.be\/product\/dji-rs-4-mini\/#breadcrumb","itemListElement":[{"@type":"ListItem","position":1,"name":"Home","item":"https:\/\/koningdrone.be\/"},{"@type":"ListItem","position":2,"name":"AVSS Parachute Recovery System for DJI Matrice 300\/350","item":"https:\/\/koningdrone.be\/product\/avss-parachute-recovery-system-for-dji-matrice-300-350\/"},{"@type":"ListItem","position":3,"name":"DJI RS4","item":"https:\/\/koningdrone.be\/categorie\/dji-rs4\/"},{"@type":"ListItem","position":4,"name":"DJI RS 4 Mini"}]},{"@type":"WebSite","@id":"https:\/\/koningdrone.be\/#website","url":"https:\/\/koningdrone.be\/","name":"Koningdrone.be - Su especialista en l\u00ednea en drones, cardanes, c\u00e1maras y centrales el\u00e9ctricas.","description":"La tienda virtual de drones y cardanes","publisher":{"@id":"https:\/\/koningdrone.be\/#organization"},"potentialAction":[{"@type":"SearchAction","target":{"@type":"EntryPoint","urlTemplate":"https:\/\/koningdrone.be\/?s={search_term_string}"},"query-input":{"@type":"PropertyValueSpecification","valueRequired":true,"valueName":"search_term_string"}}],"inLanguage":"es"},{"@type":"Organization","@id":"https:\/\/koningdrone.be\/#organization","name":"Kingdrone.es","url":"https:\/\/koningdrone.be\/","logo":{"@type":"ImageObject","inLanguage":"es","@id":"https:\/\/koningdrone.be\/#\/schema\/logo\/image\/","url":"https:\/\/koningdrone.be\/wp-content\/uploads\/sites\/13\/2025\/04\/koningdrone-copyright-logo.svg","contentUrl":"https:\/\/koningdrone.be\/wp-content\/uploads\/sites\/13\/2025\/04\/koningdrone-copyright-logo.svg","width":227,"height":38,"caption":"Koningdrone.be"},"image":{"@id":"https:\/\/koningdrone.be\/#\/schema\/logo\/image\/"}}]}},"df_price":389,"df_sale_price":"","df_regular_price":389,"df_image_link":"https:\/\/koningdrone.be\/wp-content\/uploads\/sites\/13\/2025\/08\/d24e03627508fa24ea30aaa51d1cb2f3@origin-300x300.jpg","_links":{"self":[{"href":"https:\/\/koningdrone.be\/es\/wp-json\/wp\/v2\/product\/15210","targetHints":{"allow":["GET"]}}],"collection":[{"href":"https:\/\/koningdrone.be\/es\/wp-json\/wp\/v2\/product"}],"about":[{"href":"https:\/\/koningdrone.be\/es\/wp-json\/wp\/v2\/types\/product"}],"wp:featuredmedia":[{"embeddable":true,"href":"https:\/\/koningdrone.be\/es\/wp-json\/wp\/v2\/media\/15202"}],"wp:attachment":[{"href":"https:\/\/koningdrone.be\/es\/wp-json\/wp\/v2\/media?parent=15210"}],"wp:term":[{"taxonomy":"product_brand","embeddable":true,"href":"https:\/\/koningdrone.be\/es\/wp-json\/wp\/v2\/product_brand?post=15210"},{"taxonomy":"product_cat","embeddable":true,"href":"https:\/\/koningdrone.be\/es\/wp-json\/wp\/v2\/product_cat?post=15210"},{"taxonomy":"product_tag","embeddable":true,"href":"https:\/\/koningdrone.be\/es\/wp-json\/wp\/v2\/product_tag?post=15210"}],"curies":[{"name":"wp","href":"https:\/\/api.w.org\/{rel}","templated":true}]}}