{"id":15181,"date":"2025-07-03T09:33:33","date_gmt":"2025-07-03T07:33:33","guid":{"rendered":"https:\/\/koningdrone.be\/product\/ecoflow-stream-ac-pro-800w\/"},"modified":"2025-07-03T09:33:33","modified_gmt":"2025-07-03T07:33:33","slug":"ecoflow-stream-ac-pro-800w","status":"publish","type":"product","link":"https:\/\/koningdrone.be\/es\/producto\/ecoflow-stream-ac-pro-800w\/","title":{"rendered":"EcoFlow STREAM AC Pro 800W"},"content":{"rendered":"<p>El EcoFlow STREAM AC Pro 800W es una soluci\u00f3n energ\u00e9tica dom\u00e9stica todo en uno que integra a la perfecci\u00f3n el almacenamiento de energ\u00eda solar, la gesti\u00f3n inteligente de la energ\u00eda y la compatibilidad directa con los electrodom\u00e9sticos. Dise\u00f1ado para una f\u00e1cil instalaci\u00f3n, se puede conectar directamente a su microinversor o toma de corriente existente para almacenar de forma eficiente la energ\u00eda solar y proporcionar energ\u00eda ininterrumpida en toda su casa. Con una s\u00f3lida bater\u00eda de 1,92 kWh de capacidad, ampliable a 11,52 kWh, y dos salidas de CA, garantiza que sus electrodom\u00e9sticos esenciales sigan recibiendo energ\u00eda durante los cortes de electricidad. Las funciones de equilibrio de carga y optimizaci\u00f3n del tiempo de uso del sistema, basadas en inteligencia artificial, ayudan a maximizar el ahorro energ\u00e9tico gestionando de forma inteligente la distribuci\u00f3n de la energ\u00eda en funci\u00f3n del consumo en tiempo real y de los precios de la electricidad. Su dise\u00f1o duradero y resistente a la intemperie (IP65) lo hace apto para diversos entornos y garantiza un rendimiento fiable durante todo el a\u00f1o. Tanto si desea reducir sus facturas de energ\u00eda como mejorar la resistencia energ\u00e9tica de su hogar, el STREAM AC Pro 800W ofrece una soluci\u00f3n vers\u00e1til y ampliable.<\/p>","protected":false},"excerpt":{"rendered":"<ul>\n<li>Sistema todo en uno para el almacenamiento y la gesti\u00f3n de la energ\u00eda solar.<\/li>\n<li>Dos salidas de CA de hasta 2.300 W para alimentar varios dispositivos.<\/li>\n<li>Capacidad de bater\u00eda ampliable de 1,92 kWh a 11,52 kWh.<\/li>\n<li>Equilibrio de la carga y optimizaci\u00f3n del tiempo de uso para ahorrar energ\u00eda.<\/li>\n<li>Compatible con el panel solar 99% y los microinversores existentes.<\/li>\n<li>Dise\u00f1o duradero y resistente a la intemperie con clasificaci\u00f3n IP65.<\/li>\n<li>F\u00e1cil instalaci\u00f3n plug-and-play sin necesidad de instalaci\u00f3n profesional.<\/li>\n<li>Supervisi\u00f3n y control en tiempo real a trav\u00e9s de la app EcoFlow.<\/li>\n<li>Ideal para reducir la factura de la luz y proporcionar energ\u00eda de reserva durante los cortes de suministro.<\/li>\n<li>Admite una integraci\u00f3n perfecta en los sistemas de energ\u00eda dom\u00e9sticos existentes.<\/li>\n<\/ul>","protected":false},"featured_media":15173,"template":"","meta":{"_acf_changed":false},"product_brand":[],"product_cat":[58],"product_tag":[],"class_list":{"0":"post-15181","1":"product","2":"type-product","3":"status-publish","4":"has-post-thumbnail","6":"product_cat-uncategorized","7":"pa_brand-ecoflow","8":"pa_producttype-smart-home-zonnebatterij","9":"pa_series-stream","11":"first","12":"outofstock","13":"taxable","14":"shipping-taxable","15":"product-type-simple"},"acf":[],"yoast_head":"<!-- This site is optimized with the Yoast SEO Premium plugin v27.2 (Yoast SEO v27.2) - https:\/\/yoast.com\/product\/yoast-seo-premium-wordpress\/ -->\n<title>EcoFlow STREAM AC Pro 800W - koningdrone.be<\/title>\n<meta name=\"robots\" content=\"index, follow, max-snippet:-1, max-image-preview:large, max-video-preview:-1\" \/>\n<link rel=\"canonical\" href=\"https:\/\/koningdrone.be\/es\/producto\/ecoflow-stream-ac-pro-800w\/\" \/>\n<meta property=\"og:locale\" content=\"es_ES\" \/>\n<meta property=\"og:type\" content=\"article\" \/>\n<meta property=\"og:title\" content=\"EcoFlow STREAM AC Pro 800W\" \/>\n<meta property=\"og:description\" content=\"Alles-in-\u00e9\u00e9n systeem voor opslag en beheer van zonne-energie. Dubbele AC-uitgangen met een vermogen tot 2.300W om meerdere apparaten van stroom te voorzien. Uitbreidbare batterijcapaciteit van 1,92kWh tot 11,52kWh. AI-gestuurde load balancing en time-of-use optimalisatie voor energiebesparing. Compatibel met 99% van de zonnepanelen en bestaande micro-omvormers. Duurzaam, weerbestendig ontwerp met IP65-classificatie. Eenvoudige plug-and-play-installatie zonder professionele installatie. Real-time bewaking en bediening via de EcoFlow app. Ideaal voor het verlagen van energierekeningen en het leveren van back-up stroom tijdens stroomuitval. Ondersteunt naadloze integratie in bestaande energiesystemen thuis.\" \/>\n<meta property=\"og:url\" content=\"https:\/\/koningdrone.be\/es\/producto\/ecoflow-stream-ac-pro-800w\/\" \/>\n<meta property=\"og:site_name\" content=\"koningdrone.be\" \/>\n<meta property=\"og:image\" content=\"https:\/\/koningdrone.be\/wp-content\/uploads\/sites\/13\/2025\/08\/EcoFlow-STREAM-AC-Pro-thuisbatterij-.jpg\" \/>\n\t<meta property=\"og:image:width\" content=\"1000\" \/>\n\t<meta property=\"og:image:height\" content=\"1000\" \/>\n\t<meta property=\"og:image:type\" content=\"image\/jpeg\" \/>\n<meta name=\"twitter:card\" content=\"summary_large_image\" \/>\n<meta name=\"twitter:label1\" content=\"Tiempo de lectura\" \/>\n\t<meta name=\"twitter:data1\" content=\"1 minuto\" \/>\n<script type=\"application\/ld+json\" class=\"yoast-schema-graph\">{\"@context\":\"https:\/\/schema.org\",\"@graph\":[{\"@type\":\"WebPage\",\"@id\":\"https:\/\/koningdrone.be\/product\/ecoflow-stream-ac-pro-800w\/\",\"url\":\"https:\/\/koningdrone.be\/product\/ecoflow-stream-ac-pro-800w\/\",\"name\":\"EcoFlow STREAM AC Pro 800W - koningdrone.be\",\"isPartOf\":{\"@id\":\"https:\/\/koningdrone.be\/#website\"},\"primaryImageOfPage\":{\"@id\":\"https:\/\/koningdrone.be\/product\/ecoflow-stream-ac-pro-800w\/#primaryimage\"},\"image\":{\"@id\":\"https:\/\/koningdrone.be\/product\/ecoflow-stream-ac-pro-800w\/#primaryimage\"},\"thumbnailUrl\":\"https:\/\/koningdrone.be\/wp-content\/uploads\/sites\/13\/2025\/08\/EcoFlow-STREAM-AC-Pro-thuisbatterij-.jpg\",\"datePublished\":\"2025-07-03T07:33:33+00:00\",\"breadcrumb\":{\"@id\":\"https:\/\/koningdrone.be\/product\/ecoflow-stream-ac-pro-800w\/#breadcrumb\"},\"inLanguage\":\"es\",\"potentialAction\":[{\"@type\":\"ReadAction\",\"target\":[\"https:\/\/koningdrone.be\/product\/ecoflow-stream-ac-pro-800w\/\"]}]},{\"@type\":\"ImageObject\",\"inLanguage\":\"es\",\"@id\":\"https:\/\/koningdrone.be\/product\/ecoflow-stream-ac-pro-800w\/#primaryimage\",\"url\":\"https:\/\/koningdrone.be\/wp-content\/uploads\/sites\/13\/2025\/08\/EcoFlow-STREAM-AC-Pro-thuisbatterij-.jpg\",\"contentUrl\":\"https:\/\/koningdrone.be\/wp-content\/uploads\/sites\/13\/2025\/08\/EcoFlow-STREAM-AC-Pro-thuisbatterij-.jpg\",\"width\":1000,\"height\":1000},{\"@type\":\"BreadcrumbList\",\"@id\":\"https:\/\/koningdrone.be\/product\/ecoflow-stream-ac-pro-800w\/#breadcrumb\",\"itemListElement\":[{\"@type\":\"ListItem\",\"position\":1,\"name\":\"Home\",\"item\":\"https:\/\/koningdrone.be\/\"},{\"@type\":\"ListItem\",\"position\":2,\"name\":\"AVSS Parachute Recovery System for DJI Matrice 300\/350\",\"item\":\"https:\/\/koningdrone.be\/product\/avss-parachute-recovery-system-for-dji-matrice-300-350\/\"},{\"@type\":\"ListItem\",\"position\":3,\"name\":\"Uncategorized\",\"item\":\"https:\/\/koningdrone.be\/categorie\/uncategorized\/\"},{\"@type\":\"ListItem\",\"position\":4,\"name\":\"EcoFlow STREAM AC Pro 800W\"}]},{\"@type\":\"WebSite\",\"@id\":\"https:\/\/koningdrone.be\/#website\",\"url\":\"https:\/\/koningdrone.be\/\",\"name\":\"Koningdrone.be - Uw online specialist in drones, gimbals, camera's en power stations.\",\"description\":\"De webshop in drones en gimbals\",\"publisher\":{\"@id\":\"https:\/\/koningdrone.be\/#organization\"},\"potentialAction\":[{\"@type\":\"SearchAction\",\"target\":{\"@type\":\"EntryPoint\",\"urlTemplate\":\"https:\/\/koningdrone.be\/?s={search_term_string}\"},\"query-input\":{\"@type\":\"PropertyValueSpecification\",\"valueRequired\":true,\"valueName\":\"search_term_string\"}}],\"inLanguage\":\"es\"},{\"@type\":\"Organization\",\"@id\":\"https:\/\/koningdrone.be\/#organization\",\"name\":\"Koningdrone.be\",\"url\":\"https:\/\/koningdrone.be\/\",\"logo\":{\"@type\":\"ImageObject\",\"inLanguage\":\"es\",\"@id\":\"https:\/\/koningdrone.be\/#\/schema\/logo\/image\/\",\"url\":\"https:\/\/koningdrone.be\/wp-content\/uploads\/sites\/13\/2025\/04\/koningdrone-copyright-logo.svg\",\"contentUrl\":\"https:\/\/koningdrone.be\/wp-content\/uploads\/sites\/13\/2025\/04\/koningdrone-copyright-logo.svg\",\"width\":227,\"height\":38,\"caption\":\"Koningdrone.be\"},\"image\":{\"@id\":\"https:\/\/koningdrone.be\/#\/schema\/logo\/image\/\"}}]}<\/script>\n<!-- \/ Yoast SEO Premium plugin. -->","yoast_head_json":{"title":"EcoFlow STREAM AC Pro 800W - koningdrone.be","robots":{"index":"index","follow":"follow","max-snippet":"max-snippet:-1","max-image-preview":"max-image-preview:large","max-video-preview":"max-video-preview:-1"},"canonical":"https:\/\/koningdrone.be\/es\/producto\/ecoflow-stream-ac-pro-800w\/","og_locale":"es_ES","og_type":"article","og_title":"EcoFlow STREAM AC Pro 800W","og_description":"Alles-in-\u00e9\u00e9n systeem voor opslag en beheer van zonne-energie. Dubbele AC-uitgangen met een vermogen tot 2.300W om meerdere apparaten van stroom te voorzien. Uitbreidbare batterijcapaciteit van 1,92kWh tot 11,52kWh. AI-gestuurde load balancing en time-of-use optimalisatie voor energiebesparing. Compatibel met 99% van de zonnepanelen en bestaande micro-omvormers. Duurzaam, weerbestendig ontwerp met IP65-classificatie. Eenvoudige plug-and-play-installatie zonder professionele installatie. Real-time bewaking en bediening via de EcoFlow app. Ideaal voor het verlagen van energierekeningen en het leveren van back-up stroom tijdens stroomuitval. Ondersteunt naadloze integratie in bestaande energiesystemen thuis.","og_url":"https:\/\/koningdrone.be\/es\/producto\/ecoflow-stream-ac-pro-800w\/","og_site_name":"koningdrone.be","og_image":[{"width":1000,"height":1000,"url":"https:\/\/koningdrone.be\/wp-content\/uploads\/sites\/13\/2025\/08\/EcoFlow-STREAM-AC-Pro-thuisbatterij-.jpg","type":"image\/jpeg"}],"twitter_card":"summary_large_image","twitter_misc":{"Tiempo de lectura":"1 minuto"},"schema":{"@context":"https:\/\/schema.org","@graph":[{"@type":"WebPage","@id":"https:\/\/koningdrone.be\/product\/ecoflow-stream-ac-pro-800w\/","url":"https:\/\/koningdrone.be\/product\/ecoflow-stream-ac-pro-800w\/","name":"EcoFlow STREAM AC Pro 800W - koningdrone.be","isPartOf":{"@id":"https:\/\/koningdrone.be\/#website"},"primaryImageOfPage":{"@id":"https:\/\/koningdrone.be\/product\/ecoflow-stream-ac-pro-800w\/#primaryimage"},"image":{"@id":"https:\/\/koningdrone.be\/product\/ecoflow-stream-ac-pro-800w\/#primaryimage"},"thumbnailUrl":"https:\/\/koningdrone.be\/wp-content\/uploads\/sites\/13\/2025\/08\/EcoFlow-STREAM-AC-Pro-thuisbatterij-.jpg","datePublished":"2025-07-03T07:33:33+00:00","breadcrumb":{"@id":"https:\/\/koningdrone.be\/product\/ecoflow-stream-ac-pro-800w\/#breadcrumb"},"inLanguage":"es","potentialAction":[{"@type":"ReadAction","target":["https:\/\/koningdrone.be\/product\/ecoflow-stream-ac-pro-800w\/"]}]},{"@type":"ImageObject","inLanguage":"es","@id":"https:\/\/koningdrone.be\/product\/ecoflow-stream-ac-pro-800w\/#primaryimage","url":"https:\/\/koningdrone.be\/wp-content\/uploads\/sites\/13\/2025\/08\/EcoFlow-STREAM-AC-Pro-thuisbatterij-.jpg","contentUrl":"https:\/\/koningdrone.be\/wp-content\/uploads\/sites\/13\/2025\/08\/EcoFlow-STREAM-AC-Pro-thuisbatterij-.jpg","width":1000,"height":1000},{"@type":"BreadcrumbList","@id":"https:\/\/koningdrone.be\/product\/ecoflow-stream-ac-pro-800w\/#breadcrumb","itemListElement":[{"@type":"ListItem","position":1,"name":"Home","item":"https:\/\/koningdrone.be\/"},{"@type":"ListItem","position":2,"name":"AVSS Parachute Recovery System for DJI Matrice 300\/350","item":"https:\/\/koningdrone.be\/product\/avss-parachute-recovery-system-for-dji-matrice-300-350\/"},{"@type":"ListItem","position":3,"name":"Uncategorized","item":"https:\/\/koningdrone.be\/categorie\/uncategorized\/"},{"@type":"ListItem","position":4,"name":"EcoFlow STREAM AC Pro 800W"}]},{"@type":"WebSite","@id":"https:\/\/koningdrone.be\/#website","url":"https:\/\/koningdrone.be\/","name":"Koningdrone.be - Su especialista en l\u00ednea en drones, cardanes, c\u00e1maras y centrales el\u00e9ctricas.","description":"La tienda virtual de drones y cardanes","publisher":{"@id":"https:\/\/koningdrone.be\/#organization"},"potentialAction":[{"@type":"SearchAction","target":{"@type":"EntryPoint","urlTemplate":"https:\/\/koningdrone.be\/?s={search_term_string}"},"query-input":{"@type":"PropertyValueSpecification","valueRequired":true,"valueName":"search_term_string"}}],"inLanguage":"es"},{"@type":"Organization","@id":"https:\/\/koningdrone.be\/#organization","name":"Kingdrone.es","url":"https:\/\/koningdrone.be\/","logo":{"@type":"ImageObject","inLanguage":"es","@id":"https:\/\/koningdrone.be\/#\/schema\/logo\/image\/","url":"https:\/\/koningdrone.be\/wp-content\/uploads\/sites\/13\/2025\/04\/koningdrone-copyright-logo.svg","contentUrl":"https:\/\/koningdrone.be\/wp-content\/uploads\/sites\/13\/2025\/04\/koningdrone-copyright-logo.svg","width":227,"height":38,"caption":"Koningdrone.be"},"image":{"@id":"https:\/\/koningdrone.be\/#\/schema\/logo\/image\/"}}]}},"df_price":"","df_sale_price":"","df_regular_price":"","df_image_link":"https:\/\/koningdrone.be\/wp-content\/uploads\/sites\/13\/2025\/08\/EcoFlow-STREAM-AC-Pro-thuisbatterij--300x300.jpg","_links":{"self":[{"href":"https:\/\/koningdrone.be\/es\/wp-json\/wp\/v2\/product\/15181","targetHints":{"allow":["GET"]}}],"collection":[{"href":"https:\/\/koningdrone.be\/es\/wp-json\/wp\/v2\/product"}],"about":[{"href":"https:\/\/koningdrone.be\/es\/wp-json\/wp\/v2\/types\/product"}],"wp:featuredmedia":[{"embeddable":true,"href":"https:\/\/koningdrone.be\/es\/wp-json\/wp\/v2\/media\/15173"}],"wp:attachment":[{"href":"https:\/\/koningdrone.be\/es\/wp-json\/wp\/v2\/media?parent=15181"}],"wp:term":[{"taxonomy":"product_brand","embeddable":true,"href":"https:\/\/koningdrone.be\/es\/wp-json\/wp\/v2\/product_brand?post=15181"},{"taxonomy":"product_cat","embeddable":true,"href":"https:\/\/koningdrone.be\/es\/wp-json\/wp\/v2\/product_cat?post=15181"},{"taxonomy":"product_tag","embeddable":true,"href":"https:\/\/koningdrone.be\/es\/wp-json\/wp\/v2\/product_tag?post=15181"}],"curies":[{"name":"wp","href":"https:\/\/api.w.org\/{rel}","templated":true}]}}