{"id":15153,"date":"2025-07-03T09:33:33","date_gmt":"2025-07-03T07:33:33","guid":{"rendered":"https:\/\/koningdrone.be\/product\/ecoflow-bracket-concrete-balcony\/"},"modified":"2026-04-30T04:20:58","modified_gmt":"2026-04-30T02:20:58","slug":"ecoflow-bracket-concrete-balcony","status":"publish","type":"product","link":"https:\/\/koningdrone.be\/es\/producto\/ecoflow-bracket-concrete-balcony\/","title":{"rendered":"Soporte EcoFlow - Balc\u00f3n de hormig\u00f3n"},"content":{"rendered":"<p>El Soporte EcoFlow - Balc\u00f3n de Hormig\u00f3n es una soluci\u00f3n de montaje robusta dise\u00f1ada para instalar de forma segura los paneles solares r\u00edgidos EcoFlow en superficies de balcones de hormig\u00f3n. Su construcci\u00f3n duradera garantiza la estabilidad y la longevidad, por lo que es ideal para entornos urbanos donde el espacio es un bien escaso. El dise\u00f1o del soporte garantiza una colocaci\u00f3n \u00f3ptima de los paneles solares para captar eficazmente la luz solar, incluso en espacios reducidos. Tanto si desea captar el m\u00e1ximo de energ\u00eda solar en un balc\u00f3n de hormig\u00f3n como si busca una opci\u00f3n de montaje fiable, este soporte ofrece una soluci\u00f3n fiable.<\/p>","protected":false},"excerpt":{"rendered":"<ul>\n<li>Dise\u00f1ado para el montaje en superficies de balcones de hormig\u00f3n.<\/li>\n<li>Su construcci\u00f3n duradera garantiza estabilidad a largo plazo y resistencia a la intemperie.<\/li>\n<li>Optimiza la orientaci\u00f3n de los paneles solares para captar eficazmente la luz solar.<\/li>\n<li>Ideal para entornos urbanos con espacio limitado para instalaciones solares.<\/li>\n<li>Proporciona una soluci\u00f3n segura y eficaz para el montaje de paneles solares fijos.<\/li>\n<\/ul>","protected":false},"featured_media":15152,"template":"","meta":{"_acf_changed":false},"product_brand":[],"product_cat":[58],"product_tag":[],"class_list":{"0":"post-15153","1":"product","2":"type-product","3":"status-publish","4":"has-post-thumbnail","6":"product_cat-uncategorized","7":"product_shipping_class-ingramall","8":"pa_brand-ecoflow","9":"pa_producttype-montage-oplossing","11":"first","12":"instock","13":"taxable","14":"shipping-taxable","15":"purchasable","16":"product-type-simple"},"acf":[],"yoast_head":"<!-- This site is optimized with the Yoast SEO Premium plugin v27.2 (Yoast SEO v27.2) - https:\/\/yoast.com\/product\/yoast-seo-premium-wordpress\/ -->\n<title>EcoFlow Bracket - Concrete Balcony - koningdrone.be<\/title>\n<meta name=\"robots\" content=\"index, follow, max-snippet:-1, max-image-preview:large, max-video-preview:-1\" \/>\n<link rel=\"canonical\" href=\"https:\/\/koningdrone.be\/es\/producto\/ecoflow-bracket-concrete-balcony\/\" \/>\n<meta property=\"og:locale\" content=\"es_ES\" \/>\n<meta property=\"og:type\" content=\"article\" \/>\n<meta property=\"og:title\" content=\"EcoFlow Bracket - Concrete Balcony\" \/>\n<meta property=\"og:description\" content=\"Ontworpen voor montage op betonnen balkonoppervlakken. Duurzame constructie zorgt voor langdurige stabiliteit en weersbestendigheid. Optimaliseert de ori\u00ebntatie van het zonnepaneel voor effectieve opvang van zonlicht. Ideaal voor stedelijke omgevingen met beperkte ruimte voor zonne-installaties. Biedt een veilige en effici\u00ebnte oplossing voor het monteren van vaste zonnepanelen.\" \/>\n<meta property=\"og:url\" content=\"https:\/\/koningdrone.be\/es\/producto\/ecoflow-bracket-concrete-balcony\/\" \/>\n<meta property=\"og:site_name\" content=\"koningdrone.be\" \/>\n<meta property=\"article:modified_time\" content=\"2026-04-30T02:20:58+00:00\" \/>\n<meta property=\"og:image\" content=\"https:\/\/koningdrone.be\/wp-content\/uploads\/sites\/13\/2025\/08\/ecoflow-bracket-concrete-balcony-1156661586_2000x.png\" \/>\n\t<meta property=\"og:image:width\" content=\"2000\" \/>\n\t<meta property=\"og:image:height\" content=\"2000\" \/>\n\t<meta property=\"og:image:type\" content=\"image\/png\" \/>\n<meta name=\"twitter:card\" content=\"summary_large_image\" \/>\n<script type=\"application\/ld+json\" class=\"yoast-schema-graph\">{\"@context\":\"https:\/\/schema.org\",\"@graph\":[{\"@type\":\"WebPage\",\"@id\":\"https:\/\/koningdrone.be\/product\/ecoflow-bracket-concrete-balcony\/\",\"url\":\"https:\/\/koningdrone.be\/product\/ecoflow-bracket-concrete-balcony\/\",\"name\":\"EcoFlow Bracket - Concrete Balcony - koningdrone.be\",\"isPartOf\":{\"@id\":\"https:\/\/koningdrone.be\/#website\"},\"primaryImageOfPage\":{\"@id\":\"https:\/\/koningdrone.be\/product\/ecoflow-bracket-concrete-balcony\/#primaryimage\"},\"image\":{\"@id\":\"https:\/\/koningdrone.be\/product\/ecoflow-bracket-concrete-balcony\/#primaryimage\"},\"thumbnailUrl\":\"https:\/\/koningdrone.be\/wp-content\/uploads\/sites\/13\/2025\/08\/ecoflow-bracket-concrete-balcony-1156661586_2000x.png\",\"datePublished\":\"2025-07-03T07:33:33+00:00\",\"dateModified\":\"2026-04-30T02:20:58+00:00\",\"breadcrumb\":{\"@id\":\"https:\/\/koningdrone.be\/product\/ecoflow-bracket-concrete-balcony\/#breadcrumb\"},\"inLanguage\":\"es\",\"potentialAction\":[{\"@type\":\"ReadAction\",\"target\":[\"https:\/\/koningdrone.be\/product\/ecoflow-bracket-concrete-balcony\/\"]}]},{\"@type\":\"ImageObject\",\"inLanguage\":\"es\",\"@id\":\"https:\/\/koningdrone.be\/product\/ecoflow-bracket-concrete-balcony\/#primaryimage\",\"url\":\"https:\/\/koningdrone.be\/wp-content\/uploads\/sites\/13\/2025\/08\/ecoflow-bracket-concrete-balcony-1156661586_2000x.png\",\"contentUrl\":\"https:\/\/koningdrone.be\/wp-content\/uploads\/sites\/13\/2025\/08\/ecoflow-bracket-concrete-balcony-1156661586_2000x.png\",\"width\":2000,\"height\":2000},{\"@type\":\"BreadcrumbList\",\"@id\":\"https:\/\/koningdrone.be\/product\/ecoflow-bracket-concrete-balcony\/#breadcrumb\",\"itemListElement\":[{\"@type\":\"ListItem\",\"position\":1,\"name\":\"Home\",\"item\":\"https:\/\/koningdrone.be\/\"},{\"@type\":\"ListItem\",\"position\":2,\"name\":\"AVSS Parachute Recovery System for DJI Matrice 300\/350\",\"item\":\"https:\/\/koningdrone.be\/product\/avss-parachute-recovery-system-for-dji-matrice-300-350\/\"},{\"@type\":\"ListItem\",\"position\":3,\"name\":\"Uncategorized\",\"item\":\"https:\/\/koningdrone.be\/categorie\/uncategorized\/\"},{\"@type\":\"ListItem\",\"position\":4,\"name\":\"EcoFlow Bracket &#8211; Concrete Balcony\"}]},{\"@type\":\"WebSite\",\"@id\":\"https:\/\/koningdrone.be\/#website\",\"url\":\"https:\/\/koningdrone.be\/\",\"name\":\"Koningdrone.be - Uw online specialist in drones, gimbals, camera's en power stations.\",\"description\":\"De webshop in drones en gimbals\",\"publisher\":{\"@id\":\"https:\/\/koningdrone.be\/#organization\"},\"potentialAction\":[{\"@type\":\"SearchAction\",\"target\":{\"@type\":\"EntryPoint\",\"urlTemplate\":\"https:\/\/koningdrone.be\/?s={search_term_string}\"},\"query-input\":{\"@type\":\"PropertyValueSpecification\",\"valueRequired\":true,\"valueName\":\"search_term_string\"}}],\"inLanguage\":\"es\"},{\"@type\":\"Organization\",\"@id\":\"https:\/\/koningdrone.be\/#organization\",\"name\":\"Koningdrone.be\",\"url\":\"https:\/\/koningdrone.be\/\",\"logo\":{\"@type\":\"ImageObject\",\"inLanguage\":\"es\",\"@id\":\"https:\/\/koningdrone.be\/#\/schema\/logo\/image\/\",\"url\":\"https:\/\/koningdrone.be\/wp-content\/uploads\/sites\/13\/2025\/04\/koningdrone-copyright-logo.svg\",\"contentUrl\":\"https:\/\/koningdrone.be\/wp-content\/uploads\/sites\/13\/2025\/04\/koningdrone-copyright-logo.svg\",\"width\":227,\"height\":38,\"caption\":\"Koningdrone.be\"},\"image\":{\"@id\":\"https:\/\/koningdrone.be\/#\/schema\/logo\/image\/\"}}]}<\/script>\n<!-- \/ Yoast SEO Premium plugin. -->","yoast_head_json":{"title":"EcoFlow Bracket - Concrete Balcony - koningdrone.be","robots":{"index":"index","follow":"follow","max-snippet":"max-snippet:-1","max-image-preview":"max-image-preview:large","max-video-preview":"max-video-preview:-1"},"canonical":"https:\/\/koningdrone.be\/es\/producto\/ecoflow-bracket-concrete-balcony\/","og_locale":"es_ES","og_type":"article","og_title":"EcoFlow Bracket - Concrete Balcony","og_description":"Ontworpen voor montage op betonnen balkonoppervlakken. Duurzame constructie zorgt voor langdurige stabiliteit en weersbestendigheid. Optimaliseert de ori\u00ebntatie van het zonnepaneel voor effectieve opvang van zonlicht. Ideaal voor stedelijke omgevingen met beperkte ruimte voor zonne-installaties. Biedt een veilige en effici\u00ebnte oplossing voor het monteren van vaste zonnepanelen.","og_url":"https:\/\/koningdrone.be\/es\/producto\/ecoflow-bracket-concrete-balcony\/","og_site_name":"koningdrone.be","article_modified_time":"2026-04-30T02:20:58+00:00","og_image":[{"width":2000,"height":2000,"url":"https:\/\/koningdrone.be\/wp-content\/uploads\/sites\/13\/2025\/08\/ecoflow-bracket-concrete-balcony-1156661586_2000x.png","type":"image\/png"}],"twitter_card":"summary_large_image","schema":{"@context":"https:\/\/schema.org","@graph":[{"@type":"WebPage","@id":"https:\/\/koningdrone.be\/product\/ecoflow-bracket-concrete-balcony\/","url":"https:\/\/koningdrone.be\/product\/ecoflow-bracket-concrete-balcony\/","name":"EcoFlow Bracket - Concrete Balcony - koningdrone.be","isPartOf":{"@id":"https:\/\/koningdrone.be\/#website"},"primaryImageOfPage":{"@id":"https:\/\/koningdrone.be\/product\/ecoflow-bracket-concrete-balcony\/#primaryimage"},"image":{"@id":"https:\/\/koningdrone.be\/product\/ecoflow-bracket-concrete-balcony\/#primaryimage"},"thumbnailUrl":"https:\/\/koningdrone.be\/wp-content\/uploads\/sites\/13\/2025\/08\/ecoflow-bracket-concrete-balcony-1156661586_2000x.png","datePublished":"2025-07-03T07:33:33+00:00","dateModified":"2026-04-30T02:20:58+00:00","breadcrumb":{"@id":"https:\/\/koningdrone.be\/product\/ecoflow-bracket-concrete-balcony\/#breadcrumb"},"inLanguage":"es","potentialAction":[{"@type":"ReadAction","target":["https:\/\/koningdrone.be\/product\/ecoflow-bracket-concrete-balcony\/"]}]},{"@type":"ImageObject","inLanguage":"es","@id":"https:\/\/koningdrone.be\/product\/ecoflow-bracket-concrete-balcony\/#primaryimage","url":"https:\/\/koningdrone.be\/wp-content\/uploads\/sites\/13\/2025\/08\/ecoflow-bracket-concrete-balcony-1156661586_2000x.png","contentUrl":"https:\/\/koningdrone.be\/wp-content\/uploads\/sites\/13\/2025\/08\/ecoflow-bracket-concrete-balcony-1156661586_2000x.png","width":2000,"height":2000},{"@type":"BreadcrumbList","@id":"https:\/\/koningdrone.be\/product\/ecoflow-bracket-concrete-balcony\/#breadcrumb","itemListElement":[{"@type":"ListItem","position":1,"name":"Home","item":"https:\/\/koningdrone.be\/"},{"@type":"ListItem","position":2,"name":"AVSS Parachute Recovery System for DJI Matrice 300\/350","item":"https:\/\/koningdrone.be\/product\/avss-parachute-recovery-system-for-dji-matrice-300-350\/"},{"@type":"ListItem","position":3,"name":"Uncategorized","item":"https:\/\/koningdrone.be\/categorie\/uncategorized\/"},{"@type":"ListItem","position":4,"name":"EcoFlow Bracket &#8211; Concrete Balcony"}]},{"@type":"WebSite","@id":"https:\/\/koningdrone.be\/#website","url":"https:\/\/koningdrone.be\/","name":"Koningdrone.be - Su especialista en l\u00ednea en drones, cardanes, c\u00e1maras y centrales el\u00e9ctricas.","description":"La tienda virtual de drones y cardanes","publisher":{"@id":"https:\/\/koningdrone.be\/#organization"},"potentialAction":[{"@type":"SearchAction","target":{"@type":"EntryPoint","urlTemplate":"https:\/\/koningdrone.be\/?s={search_term_string}"},"query-input":{"@type":"PropertyValueSpecification","valueRequired":true,"valueName":"search_term_string"}}],"inLanguage":"es"},{"@type":"Organization","@id":"https:\/\/koningdrone.be\/#organization","name":"Kingdrone.es","url":"https:\/\/koningdrone.be\/","logo":{"@type":"ImageObject","inLanguage":"es","@id":"https:\/\/koningdrone.be\/#\/schema\/logo\/image\/","url":"https:\/\/koningdrone.be\/wp-content\/uploads\/sites\/13\/2025\/04\/koningdrone-copyright-logo.svg","contentUrl":"https:\/\/koningdrone.be\/wp-content\/uploads\/sites\/13\/2025\/04\/koningdrone-copyright-logo.svg","width":227,"height":38,"caption":"Koningdrone.be"},"image":{"@id":"https:\/\/koningdrone.be\/#\/schema\/logo\/image\/"}}]}},"df_price":174,"df_sale_price":"","df_regular_price":174,"df_image_link":"https:\/\/koningdrone.be\/wp-content\/uploads\/sites\/13\/2025\/08\/ecoflow-bracket-concrete-balcony-1156661586_2000x-300x300.png","_links":{"self":[{"href":"https:\/\/koningdrone.be\/es\/wp-json\/wp\/v2\/product\/15153","targetHints":{"allow":["GET"]}}],"collection":[{"href":"https:\/\/koningdrone.be\/es\/wp-json\/wp\/v2\/product"}],"about":[{"href":"https:\/\/koningdrone.be\/es\/wp-json\/wp\/v2\/types\/product"}],"wp:featuredmedia":[{"embeddable":true,"href":"https:\/\/koningdrone.be\/es\/wp-json\/wp\/v2\/media\/15152"}],"wp:attachment":[{"href":"https:\/\/koningdrone.be\/es\/wp-json\/wp\/v2\/media?parent=15153"}],"wp:term":[{"taxonomy":"product_brand","embeddable":true,"href":"https:\/\/koningdrone.be\/es\/wp-json\/wp\/v2\/product_brand?post=15153"},{"taxonomy":"product_cat","embeddable":true,"href":"https:\/\/koningdrone.be\/es\/wp-json\/wp\/v2\/product_cat?post=15153"},{"taxonomy":"product_tag","embeddable":true,"href":"https:\/\/koningdrone.be\/es\/wp-json\/wp\/v2\/product_tag?post=15153"}],"curies":[{"name":"wp","href":"https:\/\/api.w.org\/{rel}","templated":true}]}}