{"id":15140,"date":"2025-07-03T09:33:33","date_gmt":"2025-07-03T07:33:33","guid":{"rendered":"https:\/\/koningdrone.be\/product\/ecoflow-bracket-semi-enclosed-balcony\/"},"modified":"2026-04-29T16:50:34","modified_gmt":"2026-04-29T14:50:34","slug":"ecoflow-bracket-semi-enclosed-balcony","status":"publish","type":"product","link":"https:\/\/koningdrone.be\/es\/producto\/ecoflow-bracket-semi-enclosed-balcony\/","title":{"rendered":"Soporte EcoFlow - Balc\u00f3n semicerrado"},"content":{"rendered":"<p>El Soporte EcoFlow - Balc\u00f3n Semicerrado es una soluci\u00f3n de montaje vers\u00e1til dise\u00f1ada para instalar de forma segura los paneles solares r\u00edgidos EcoFlow en estructuras de balcones semicerrados. Con este soporte, los paneles solares se pueden colocar de forma \u00f3ptima para capturar la luz solar de forma eficaz, incluso en espacios reducidos. Su robusta construcci\u00f3n garantiza durabilidad y estabilidad, por lo que es adecuado para diferentes condiciones meteorol\u00f3gicas. Tanto si est\u00e1 instalando un sistema solar residencial como mejorando su suministro el\u00e9ctrico aislado de la red, este soporte proporciona una base fiable para sus paneles solares.<\/p>","protected":false},"excerpt":{"rendered":"<ul>\n<li>Permite el montaje seguro de paneles solares en estructuras de balcones semicerrados.<\/li>\n<li>Ideal para pisos o casas con espacio limitado en el tejado.<\/li>\n<li>Capacidad de carga de hasta 30 kg.<\/li>\n<li>La resistencia al viento de clase 10 garantiza la estabilidad con mal tiempo.<\/li>\n<li>Dise\u00f1o f\u00e1cil de usar para facilitar la instalaci\u00f3n.<\/li>\n<li>Construcci\u00f3n duradera para un uso prolongado.<\/li>\n<\/ul>","protected":false},"featured_media":15139,"template":"","meta":{"_acf_changed":false},"product_brand":[],"product_cat":[58],"product_tag":[],"class_list":{"0":"post-15140","1":"product","2":"type-product","3":"status-publish","4":"has-post-thumbnail","6":"product_cat-uncategorized","7":"product_shipping_class-outofstock","8":"pa_brand-ecoflow","9":"pa_producttype-montage-oplossing","11":"first","12":"outofstock","13":"taxable","14":"shipping-taxable","15":"purchasable","16":"product-type-simple"},"acf":[],"yoast_head":"<!-- This site is optimized with the Yoast SEO Premium plugin v27.2 (Yoast SEO v27.2) - https:\/\/yoast.com\/product\/yoast-seo-premium-wordpress\/ -->\n<title>EcoFlow Bracket - Semi-enclosed Balcony - koningdrone.be<\/title>\n<meta name=\"robots\" content=\"index, follow, max-snippet:-1, max-image-preview:large, max-video-preview:-1\" \/>\n<link rel=\"canonical\" href=\"https:\/\/koningdrone.be\/es\/producto\/ecoflow-bracket-semi-enclosed-balcony\/\" \/>\n<meta property=\"og:locale\" content=\"es_ES\" \/>\n<meta property=\"og:type\" content=\"article\" \/>\n<meta property=\"og:title\" content=\"EcoFlow Bracket - Semi-enclosed Balcony\" \/>\n<meta property=\"og:description\" content=\"Maakt veilige montage van zonnepanelen op semi-afgesloten balkonconstructies mogelijk. Ideaal voor appartementen of huizen met beperkte dakruimte. Belastbaar tot 30 kg. Windweerstandsklasse 10 garandeert stabiliteit bij slecht weer. Gebruiksvriendelijk ontwerp voor eenvoudige installatie. Duurzame constructie voor langdurig gebruik.\" \/>\n<meta property=\"og:url\" content=\"https:\/\/koningdrone.be\/es\/producto\/ecoflow-bracket-semi-enclosed-balcony\/\" \/>\n<meta property=\"og:site_name\" content=\"koningdrone.be\" \/>\n<meta property=\"article:modified_time\" content=\"2026-04-29T14:50:34+00:00\" \/>\n<meta property=\"og:image\" content=\"https:\/\/koningdrone.be\/wp-content\/uploads\/sites\/13\/2025\/08\/ecoflow-bracket-semi-enclosed-balcony-1156661588_2000x.png\" \/>\n\t<meta property=\"og:image:width\" content=\"2000\" \/>\n\t<meta property=\"og:image:height\" content=\"2000\" \/>\n\t<meta property=\"og:image:type\" content=\"image\/png\" \/>\n<meta name=\"twitter:card\" content=\"summary_large_image\" \/>\n<script type=\"application\/ld+json\" class=\"yoast-schema-graph\">{\"@context\":\"https:\/\/schema.org\",\"@graph\":[{\"@type\":\"WebPage\",\"@id\":\"https:\/\/koningdrone.be\/product\/ecoflow-bracket-semi-enclosed-balcony\/\",\"url\":\"https:\/\/koningdrone.be\/product\/ecoflow-bracket-semi-enclosed-balcony\/\",\"name\":\"EcoFlow Bracket - Semi-enclosed Balcony - koningdrone.be\",\"isPartOf\":{\"@id\":\"https:\/\/koningdrone.be\/#website\"},\"primaryImageOfPage\":{\"@id\":\"https:\/\/koningdrone.be\/product\/ecoflow-bracket-semi-enclosed-balcony\/#primaryimage\"},\"image\":{\"@id\":\"https:\/\/koningdrone.be\/product\/ecoflow-bracket-semi-enclosed-balcony\/#primaryimage\"},\"thumbnailUrl\":\"https:\/\/koningdrone.be\/wp-content\/uploads\/sites\/13\/2025\/08\/ecoflow-bracket-semi-enclosed-balcony-1156661588_2000x.png\",\"datePublished\":\"2025-07-03T07:33:33+00:00\",\"dateModified\":\"2026-04-29T14:50:34+00:00\",\"breadcrumb\":{\"@id\":\"https:\/\/koningdrone.be\/product\/ecoflow-bracket-semi-enclosed-balcony\/#breadcrumb\"},\"inLanguage\":\"es\",\"potentialAction\":[{\"@type\":\"ReadAction\",\"target\":[\"https:\/\/koningdrone.be\/product\/ecoflow-bracket-semi-enclosed-balcony\/\"]}]},{\"@type\":\"ImageObject\",\"inLanguage\":\"es\",\"@id\":\"https:\/\/koningdrone.be\/product\/ecoflow-bracket-semi-enclosed-balcony\/#primaryimage\",\"url\":\"https:\/\/koningdrone.be\/wp-content\/uploads\/sites\/13\/2025\/08\/ecoflow-bracket-semi-enclosed-balcony-1156661588_2000x.png\",\"contentUrl\":\"https:\/\/koningdrone.be\/wp-content\/uploads\/sites\/13\/2025\/08\/ecoflow-bracket-semi-enclosed-balcony-1156661588_2000x.png\",\"width\":2000,\"height\":2000},{\"@type\":\"BreadcrumbList\",\"@id\":\"https:\/\/koningdrone.be\/product\/ecoflow-bracket-semi-enclosed-balcony\/#breadcrumb\",\"itemListElement\":[{\"@type\":\"ListItem\",\"position\":1,\"name\":\"Home\",\"item\":\"https:\/\/koningdrone.be\/\"},{\"@type\":\"ListItem\",\"position\":2,\"name\":\"AVSS Parachute Recovery System for DJI Matrice 300\/350\",\"item\":\"https:\/\/koningdrone.be\/product\/avss-parachute-recovery-system-for-dji-matrice-300-350\/\"},{\"@type\":\"ListItem\",\"position\":3,\"name\":\"Uncategorized\",\"item\":\"https:\/\/koningdrone.be\/categorie\/uncategorized\/\"},{\"@type\":\"ListItem\",\"position\":4,\"name\":\"EcoFlow Bracket &#8211; Semi-enclosed Balcony\"}]},{\"@type\":\"WebSite\",\"@id\":\"https:\/\/koningdrone.be\/#website\",\"url\":\"https:\/\/koningdrone.be\/\",\"name\":\"Koningdrone.be - Uw online specialist in drones, gimbals, camera's en power stations.\",\"description\":\"De webshop in drones en gimbals\",\"publisher\":{\"@id\":\"https:\/\/koningdrone.be\/#organization\"},\"potentialAction\":[{\"@type\":\"SearchAction\",\"target\":{\"@type\":\"EntryPoint\",\"urlTemplate\":\"https:\/\/koningdrone.be\/?s={search_term_string}\"},\"query-input\":{\"@type\":\"PropertyValueSpecification\",\"valueRequired\":true,\"valueName\":\"search_term_string\"}}],\"inLanguage\":\"es\"},{\"@type\":\"Organization\",\"@id\":\"https:\/\/koningdrone.be\/#organization\",\"name\":\"Koningdrone.be\",\"url\":\"https:\/\/koningdrone.be\/\",\"logo\":{\"@type\":\"ImageObject\",\"inLanguage\":\"es\",\"@id\":\"https:\/\/koningdrone.be\/#\/schema\/logo\/image\/\",\"url\":\"https:\/\/koningdrone.be\/wp-content\/uploads\/sites\/13\/2025\/04\/koningdrone-copyright-logo.svg\",\"contentUrl\":\"https:\/\/koningdrone.be\/wp-content\/uploads\/sites\/13\/2025\/04\/koningdrone-copyright-logo.svg\",\"width\":227,\"height\":38,\"caption\":\"Koningdrone.be\"},\"image\":{\"@id\":\"https:\/\/koningdrone.be\/#\/schema\/logo\/image\/\"}}]}<\/script>\n<!-- \/ Yoast SEO Premium plugin. -->","yoast_head_json":{"title":"EcoFlow Bracket - Semi-enclosed Balcony - koningdrone.be","robots":{"index":"index","follow":"follow","max-snippet":"max-snippet:-1","max-image-preview":"max-image-preview:large","max-video-preview":"max-video-preview:-1"},"canonical":"https:\/\/koningdrone.be\/es\/producto\/ecoflow-bracket-semi-enclosed-balcony\/","og_locale":"es_ES","og_type":"article","og_title":"EcoFlow Bracket - Semi-enclosed Balcony","og_description":"Maakt veilige montage van zonnepanelen op semi-afgesloten balkonconstructies mogelijk. Ideaal voor appartementen of huizen met beperkte dakruimte. Belastbaar tot 30 kg. Windweerstandsklasse 10 garandeert stabiliteit bij slecht weer. Gebruiksvriendelijk ontwerp voor eenvoudige installatie. Duurzame constructie voor langdurig gebruik.","og_url":"https:\/\/koningdrone.be\/es\/producto\/ecoflow-bracket-semi-enclosed-balcony\/","og_site_name":"koningdrone.be","article_modified_time":"2026-04-29T14:50:34+00:00","og_image":[{"width":2000,"height":2000,"url":"https:\/\/koningdrone.be\/wp-content\/uploads\/sites\/13\/2025\/08\/ecoflow-bracket-semi-enclosed-balcony-1156661588_2000x.png","type":"image\/png"}],"twitter_card":"summary_large_image","schema":{"@context":"https:\/\/schema.org","@graph":[{"@type":"WebPage","@id":"https:\/\/koningdrone.be\/product\/ecoflow-bracket-semi-enclosed-balcony\/","url":"https:\/\/koningdrone.be\/product\/ecoflow-bracket-semi-enclosed-balcony\/","name":"EcoFlow Bracket - Semi-enclosed Balcony - koningdrone.be","isPartOf":{"@id":"https:\/\/koningdrone.be\/#website"},"primaryImageOfPage":{"@id":"https:\/\/koningdrone.be\/product\/ecoflow-bracket-semi-enclosed-balcony\/#primaryimage"},"image":{"@id":"https:\/\/koningdrone.be\/product\/ecoflow-bracket-semi-enclosed-balcony\/#primaryimage"},"thumbnailUrl":"https:\/\/koningdrone.be\/wp-content\/uploads\/sites\/13\/2025\/08\/ecoflow-bracket-semi-enclosed-balcony-1156661588_2000x.png","datePublished":"2025-07-03T07:33:33+00:00","dateModified":"2026-04-29T14:50:34+00:00","breadcrumb":{"@id":"https:\/\/koningdrone.be\/product\/ecoflow-bracket-semi-enclosed-balcony\/#breadcrumb"},"inLanguage":"es","potentialAction":[{"@type":"ReadAction","target":["https:\/\/koningdrone.be\/product\/ecoflow-bracket-semi-enclosed-balcony\/"]}]},{"@type":"ImageObject","inLanguage":"es","@id":"https:\/\/koningdrone.be\/product\/ecoflow-bracket-semi-enclosed-balcony\/#primaryimage","url":"https:\/\/koningdrone.be\/wp-content\/uploads\/sites\/13\/2025\/08\/ecoflow-bracket-semi-enclosed-balcony-1156661588_2000x.png","contentUrl":"https:\/\/koningdrone.be\/wp-content\/uploads\/sites\/13\/2025\/08\/ecoflow-bracket-semi-enclosed-balcony-1156661588_2000x.png","width":2000,"height":2000},{"@type":"BreadcrumbList","@id":"https:\/\/koningdrone.be\/product\/ecoflow-bracket-semi-enclosed-balcony\/#breadcrumb","itemListElement":[{"@type":"ListItem","position":1,"name":"Home","item":"https:\/\/koningdrone.be\/"},{"@type":"ListItem","position":2,"name":"AVSS Parachute Recovery System for DJI Matrice 300\/350","item":"https:\/\/koningdrone.be\/product\/avss-parachute-recovery-system-for-dji-matrice-300-350\/"},{"@type":"ListItem","position":3,"name":"Uncategorized","item":"https:\/\/koningdrone.be\/categorie\/uncategorized\/"},{"@type":"ListItem","position":4,"name":"EcoFlow Bracket &#8211; Semi-enclosed Balcony"}]},{"@type":"WebSite","@id":"https:\/\/koningdrone.be\/#website","url":"https:\/\/koningdrone.be\/","name":"Koningdrone.be - Su especialista en l\u00ednea en drones, cardanes, c\u00e1maras y centrales el\u00e9ctricas.","description":"La tienda virtual de drones y cardanes","publisher":{"@id":"https:\/\/koningdrone.be\/#organization"},"potentialAction":[{"@type":"SearchAction","target":{"@type":"EntryPoint","urlTemplate":"https:\/\/koningdrone.be\/?s={search_term_string}"},"query-input":{"@type":"PropertyValueSpecification","valueRequired":true,"valueName":"search_term_string"}}],"inLanguage":"es"},{"@type":"Organization","@id":"https:\/\/koningdrone.be\/#organization","name":"Kingdrone.es","url":"https:\/\/koningdrone.be\/","logo":{"@type":"ImageObject","inLanguage":"es","@id":"https:\/\/koningdrone.be\/#\/schema\/logo\/image\/","url":"https:\/\/koningdrone.be\/wp-content\/uploads\/sites\/13\/2025\/04\/koningdrone-copyright-logo.svg","contentUrl":"https:\/\/koningdrone.be\/wp-content\/uploads\/sites\/13\/2025\/04\/koningdrone-copyright-logo.svg","width":227,"height":38,"caption":"Koningdrone.be"},"image":{"@id":"https:\/\/koningdrone.be\/#\/schema\/logo\/image\/"}}]}},"df_price":119,"df_sale_price":"","df_regular_price":119,"df_image_link":"https:\/\/koningdrone.be\/wp-content\/uploads\/sites\/13\/2025\/08\/ecoflow-bracket-semi-enclosed-balcony-1156661588_2000x-300x300.png","_links":{"self":[{"href":"https:\/\/koningdrone.be\/es\/wp-json\/wp\/v2\/product\/15140","targetHints":{"allow":["GET"]}}],"collection":[{"href":"https:\/\/koningdrone.be\/es\/wp-json\/wp\/v2\/product"}],"about":[{"href":"https:\/\/koningdrone.be\/es\/wp-json\/wp\/v2\/types\/product"}],"wp:featuredmedia":[{"embeddable":true,"href":"https:\/\/koningdrone.be\/es\/wp-json\/wp\/v2\/media\/15139"}],"wp:attachment":[{"href":"https:\/\/koningdrone.be\/es\/wp-json\/wp\/v2\/media?parent=15140"}],"wp:term":[{"taxonomy":"product_brand","embeddable":true,"href":"https:\/\/koningdrone.be\/es\/wp-json\/wp\/v2\/product_brand?post=15140"},{"taxonomy":"product_cat","embeddable":true,"href":"https:\/\/koningdrone.be\/es\/wp-json\/wp\/v2\/product_cat?post=15140"},{"taxonomy":"product_tag","embeddable":true,"href":"https:\/\/koningdrone.be\/es\/wp-json\/wp\/v2\/product_tag?post=15140"}],"curies":[{"name":"wp","href":"https:\/\/api.w.org\/{rel}","templated":true}]}}