{"id":15089,"date":"2025-07-03T09:33:59","date_gmt":"2025-07-03T07:33:59","guid":{"rendered":"https:\/\/koningdrone.be\/product\/unitree-go2-foot-pad\/"},"modified":"2026-04-30T16:20:15","modified_gmt":"2026-04-30T14:20:15","slug":"unitree-go2-foot-pad","status":"publish","type":"product","link":"https:\/\/koningdrone.be\/es\/producto\/unitree-go2-foot-pad\/","title":{"rendered":"Almohadilla para pies Unitree Go2"},"content":{"rendered":"<h3>Visi\u00f3n general<\/h3>\n<p>La almohadilla para pies Unitree Go2 es un accesorio reemplazable dise\u00f1ado para el perro rob\u00f3tico de la serie Unitree Go2. Esta almohadilla forma la interfaz de contacto entre el robot y el suelo, ayudando a mantener el agarre, la estabilidad y la colocaci\u00f3n consistente del pie en diferentes superficies. Es un componente esencial para el uso a largo plazo, el mantenimiento y la optimizaci\u00f3n del rendimiento de su robot.<\/p>\n<h4>Rendimiento y funcionalidad<\/h4>\n<p>La almohadilla del pie est\u00e1 dise\u00f1ada con sensibilidad para captar r\u00e1pidamente los datos de contacto del pie, lo que ayuda al robot a controlar con precisi\u00f3n el equilibrio y el movimiento. La mejora de la estabilidad permite al robot caminar, correr y realizar otros movimientos de forma m\u00e1s fiable y con un rendimiento constante. Las almohadillas garantizan que el robot siga funcionando seg\u00fan lo previsto, incluso en piezas desgastadas.<\/p>\n<p><a href=\"https:\/\/koningdrone.nl\/wp-content\/uploads\/2025\/07\/Unitree-Go2-Foot-Pad.jpg\"><img loading=\"lazy\" decoding=\"async\" class=\"size-medium wp-image-472766 aligncenter\" src=\"https:\/\/koningdrone.nl\/wp-content\/uploads\/2025\/07\/Unitree-Go2-Foot-Pad-300x300.jpg\" alt=\"Unitree Go2 Foot Pad\" width=\"300\" height=\"300\" \/><\/a><\/p>\n<h4>Calidad de construcci\u00f3n y dise\u00f1o<\/h4>\n<p>Las almohadillas para pies Unitree Go2 est\u00e1n fabricadas con una combinaci\u00f3n de caucho natural y material reforzado de alta calidad que proporciona durabilidad y agarre. Gracias a su dise\u00f1o compacto y ligero, apenas afectan al rendimiento rob\u00f3tico, al tiempo que proporcionan suficiente protecci\u00f3n contra la abrasi\u00f3n durante la marcha prolongada y en superficies dif\u00edciles.<\/p>\n<h4>Por qu\u00e9 lo necesita<\/h4>\n<p>Dado que las almohadillas de los pies de los robots cuadr\u00fapedos se desgastan con el uso, es importante sustituirlas peri\u00f3dicamente para mantener un rendimiento \u00f3ptimo. Con las almohadillas para pies Unitree Go2 de repuesto, puede asegurarse de que su robot mantenga su estabilidad, agarre y calidad de marcha, haciendo que dure m\u00e1s y funcione de forma m\u00e1s fiable.<\/p>","protected":false},"excerpt":{"rendered":"<ul>\n<li>Accesorio de suela reemplazable especial para robots Unitree Go2<\/li>\n<li>Hecho de caucho natural y material de alta calidad para una mayor durabilidad<\/li>\n<li>Aumenta el agarre y la estabilidad durante la marcha y las maniobras<\/li>\n<li>El dise\u00f1o sensible admite datos de contacto del pie para movimientos de precisi\u00f3n<\/li>\n<li>Compacto y ligero, sin peso adicional para las patas del robot<\/li>\n<\/ul>","protected":false},"featured_media":18953,"template":"","meta":{"_acf_changed":false},"product_brand":[],"product_cat":[1974],"product_tag":[],"class_list":{"0":"post-15089","1":"product","2":"type-product","3":"status-publish","4":"has-post-thumbnail","6":"product_cat-unitree-go2-pro","7":"product_shipping_class-outofstock","8":"pa_brand-unitree","9":"pa_producttype-voetkussen","10":"pa_series-go2","12":"first","13":"outofstock","14":"taxable","15":"shipping-taxable","16":"purchasable","17":"product-type-simple"},"acf":[],"yoast_head":"<!-- This site is optimized with the Yoast SEO Premium plugin v27.2 (Yoast SEO v27.2) - https:\/\/yoast.com\/product\/yoast-seo-premium-wordpress\/ -->\n<title>Unitree Go2 Foot Pad - koningdrone.be<\/title>\n<meta name=\"robots\" content=\"index, follow, max-snippet:-1, max-image-preview:large, max-video-preview:-1\" \/>\n<link rel=\"canonical\" href=\"https:\/\/koningdrone.be\/es\/producto\/unitree-go2-foot-pad\/\" \/>\n<meta property=\"og:locale\" content=\"es_ES\" \/>\n<meta property=\"og:type\" content=\"article\" \/>\n<meta property=\"og:title\" content=\"Unitree Go2 Foot Pad\" \/>\n<meta property=\"og:description\" content=\"Vervangbare voetzoolaccessoire speciaal voor Unitree Go2 robots  Gemaakt van natuurlijk rubber en hoogwaardig materiaal voor duurzaamheid  Verhoogt grip en stabiliteit tijdens lopen en manoeuvreren  Gevoelig ontwerp ondersteunt voet\u2011contactdata voor precisiebeweging  Compact en lichtgewicht zonder extra gewicht voor robotbenen\" \/>\n<meta property=\"og:url\" content=\"https:\/\/koningdrone.be\/es\/producto\/unitree-go2-foot-pad\/\" \/>\n<meta property=\"og:site_name\" content=\"koningdrone.be\" \/>\n<meta property=\"article:modified_time\" content=\"2026-04-30T14:20:15+00:00\" \/>\n<meta property=\"og:image\" content=\"https:\/\/koningdrone.be\/wp-content\/uploads\/sites\/13\/2026\/04\/Unitree-Go2-Foot-Pad.jpg\" \/>\n\t<meta property=\"og:image:width\" content=\"1000\" \/>\n\t<meta property=\"og:image:height\" content=\"1000\" \/>\n\t<meta property=\"og:image:type\" content=\"image\/jpeg\" \/>\n<meta name=\"twitter:card\" content=\"summary_large_image\" \/>\n<meta name=\"twitter:label1\" content=\"Tiempo de lectura\" \/>\n\t<meta name=\"twitter:data1\" content=\"1 minuto\" \/>\n<script type=\"application\/ld+json\" class=\"yoast-schema-graph\">{\"@context\":\"https:\/\/schema.org\",\"@graph\":[{\"@type\":\"WebPage\",\"@id\":\"https:\/\/koningdrone.be\/product\/unitree-go2-foot-pad\/\",\"url\":\"https:\/\/koningdrone.be\/product\/unitree-go2-foot-pad\/\",\"name\":\"Unitree Go2 Foot Pad - koningdrone.be\",\"isPartOf\":{\"@id\":\"https:\/\/koningdrone.be\/#website\"},\"primaryImageOfPage\":{\"@id\":\"https:\/\/koningdrone.be\/product\/unitree-go2-foot-pad\/#primaryimage\"},\"image\":{\"@id\":\"https:\/\/koningdrone.be\/product\/unitree-go2-foot-pad\/#primaryimage\"},\"thumbnailUrl\":\"https:\/\/koningdrone.be\/wp-content\/uploads\/sites\/13\/2026\/04\/Unitree-Go2-Foot-Pad.jpg\",\"datePublished\":\"2025-07-03T07:33:59+00:00\",\"dateModified\":\"2026-04-30T14:20:15+00:00\",\"breadcrumb\":{\"@id\":\"https:\/\/koningdrone.be\/product\/unitree-go2-foot-pad\/#breadcrumb\"},\"inLanguage\":\"es\",\"potentialAction\":[{\"@type\":\"ReadAction\",\"target\":[\"https:\/\/koningdrone.be\/product\/unitree-go2-foot-pad\/\"]}]},{\"@type\":\"ImageObject\",\"inLanguage\":\"es\",\"@id\":\"https:\/\/koningdrone.be\/product\/unitree-go2-foot-pad\/#primaryimage\",\"url\":\"https:\/\/koningdrone.be\/wp-content\/uploads\/sites\/13\/2026\/04\/Unitree-Go2-Foot-Pad.jpg\",\"contentUrl\":\"https:\/\/koningdrone.be\/wp-content\/uploads\/sites\/13\/2026\/04\/Unitree-Go2-Foot-Pad.jpg\",\"width\":1000,\"height\":1000},{\"@type\":\"BreadcrumbList\",\"@id\":\"https:\/\/koningdrone.be\/product\/unitree-go2-foot-pad\/#breadcrumb\",\"itemListElement\":[{\"@type\":\"ListItem\",\"position\":1,\"name\":\"Home\",\"item\":\"https:\/\/koningdrone.be\/\"},{\"@type\":\"ListItem\",\"position\":2,\"name\":\"AVSS Parachute Recovery System for DJI Matrice 300\/350\",\"item\":\"https:\/\/koningdrone.be\/product\/avss-parachute-recovery-system-for-dji-matrice-300-350\/\"},{\"@type\":\"ListItem\",\"position\":3,\"name\":\"Unitree Go2 Pro\",\"item\":\"https:\/\/koningdrone.be\/categorie\/unitree-go2-pro\/\"},{\"@type\":\"ListItem\",\"position\":4,\"name\":\"Unitree Go2 Foot Pad\"}]},{\"@type\":\"WebSite\",\"@id\":\"https:\/\/koningdrone.be\/#website\",\"url\":\"https:\/\/koningdrone.be\/\",\"name\":\"Koningdrone.be - Uw online specialist in drones, gimbals, camera's en power stations.\",\"description\":\"De webshop in drones en gimbals\",\"publisher\":{\"@id\":\"https:\/\/koningdrone.be\/#organization\"},\"potentialAction\":[{\"@type\":\"SearchAction\",\"target\":{\"@type\":\"EntryPoint\",\"urlTemplate\":\"https:\/\/koningdrone.be\/?s={search_term_string}\"},\"query-input\":{\"@type\":\"PropertyValueSpecification\",\"valueRequired\":true,\"valueName\":\"search_term_string\"}}],\"inLanguage\":\"es\"},{\"@type\":\"Organization\",\"@id\":\"https:\/\/koningdrone.be\/#organization\",\"name\":\"Koningdrone.be\",\"url\":\"https:\/\/koningdrone.be\/\",\"logo\":{\"@type\":\"ImageObject\",\"inLanguage\":\"es\",\"@id\":\"https:\/\/koningdrone.be\/#\/schema\/logo\/image\/\",\"url\":\"https:\/\/koningdrone.be\/wp-content\/uploads\/sites\/13\/2025\/04\/koningdrone-copyright-logo.svg\",\"contentUrl\":\"https:\/\/koningdrone.be\/wp-content\/uploads\/sites\/13\/2025\/04\/koningdrone-copyright-logo.svg\",\"width\":227,\"height\":38,\"caption\":\"Koningdrone.be\"},\"image\":{\"@id\":\"https:\/\/koningdrone.be\/#\/schema\/logo\/image\/\"}}]}<\/script>\n<!-- \/ Yoast SEO Premium plugin. -->","yoast_head_json":{"title":"Unitree Go2 Foot Pad - koningdrone.be","robots":{"index":"index","follow":"follow","max-snippet":"max-snippet:-1","max-image-preview":"max-image-preview:large","max-video-preview":"max-video-preview:-1"},"canonical":"https:\/\/koningdrone.be\/es\/producto\/unitree-go2-foot-pad\/","og_locale":"es_ES","og_type":"article","og_title":"Unitree Go2 Foot Pad","og_description":"Vervangbare voetzoolaccessoire speciaal voor Unitree Go2 robots  Gemaakt van natuurlijk rubber en hoogwaardig materiaal voor duurzaamheid  Verhoogt grip en stabiliteit tijdens lopen en manoeuvreren  Gevoelig ontwerp ondersteunt voet\u2011contactdata voor precisiebeweging  Compact en lichtgewicht zonder extra gewicht voor robotbenen","og_url":"https:\/\/koningdrone.be\/es\/producto\/unitree-go2-foot-pad\/","og_site_name":"koningdrone.be","article_modified_time":"2026-04-30T14:20:15+00:00","og_image":[{"width":1000,"height":1000,"url":"https:\/\/koningdrone.be\/wp-content\/uploads\/sites\/13\/2026\/04\/Unitree-Go2-Foot-Pad.jpg","type":"image\/jpeg"}],"twitter_card":"summary_large_image","twitter_misc":{"Tiempo de lectura":"1 minuto"},"schema":{"@context":"https:\/\/schema.org","@graph":[{"@type":"WebPage","@id":"https:\/\/koningdrone.be\/product\/unitree-go2-foot-pad\/","url":"https:\/\/koningdrone.be\/product\/unitree-go2-foot-pad\/","name":"Unitree Go2 Foot Pad - koningdrone.be","isPartOf":{"@id":"https:\/\/koningdrone.be\/#website"},"primaryImageOfPage":{"@id":"https:\/\/koningdrone.be\/product\/unitree-go2-foot-pad\/#primaryimage"},"image":{"@id":"https:\/\/koningdrone.be\/product\/unitree-go2-foot-pad\/#primaryimage"},"thumbnailUrl":"https:\/\/koningdrone.be\/wp-content\/uploads\/sites\/13\/2026\/04\/Unitree-Go2-Foot-Pad.jpg","datePublished":"2025-07-03T07:33:59+00:00","dateModified":"2026-04-30T14:20:15+00:00","breadcrumb":{"@id":"https:\/\/koningdrone.be\/product\/unitree-go2-foot-pad\/#breadcrumb"},"inLanguage":"es","potentialAction":[{"@type":"ReadAction","target":["https:\/\/koningdrone.be\/product\/unitree-go2-foot-pad\/"]}]},{"@type":"ImageObject","inLanguage":"es","@id":"https:\/\/koningdrone.be\/product\/unitree-go2-foot-pad\/#primaryimage","url":"https:\/\/koningdrone.be\/wp-content\/uploads\/sites\/13\/2026\/04\/Unitree-Go2-Foot-Pad.jpg","contentUrl":"https:\/\/koningdrone.be\/wp-content\/uploads\/sites\/13\/2026\/04\/Unitree-Go2-Foot-Pad.jpg","width":1000,"height":1000},{"@type":"BreadcrumbList","@id":"https:\/\/koningdrone.be\/product\/unitree-go2-foot-pad\/#breadcrumb","itemListElement":[{"@type":"ListItem","position":1,"name":"Home","item":"https:\/\/koningdrone.be\/"},{"@type":"ListItem","position":2,"name":"AVSS Parachute Recovery System for DJI Matrice 300\/350","item":"https:\/\/koningdrone.be\/product\/avss-parachute-recovery-system-for-dji-matrice-300-350\/"},{"@type":"ListItem","position":3,"name":"Unitree Go2 Pro","item":"https:\/\/koningdrone.be\/categorie\/unitree-go2-pro\/"},{"@type":"ListItem","position":4,"name":"Unitree Go2 Foot Pad"}]},{"@type":"WebSite","@id":"https:\/\/koningdrone.be\/#website","url":"https:\/\/koningdrone.be\/","name":"Koningdrone.be - Su especialista en l\u00ednea en drones, cardanes, c\u00e1maras y centrales el\u00e9ctricas.","description":"La tienda virtual de drones y cardanes","publisher":{"@id":"https:\/\/koningdrone.be\/#organization"},"potentialAction":[{"@type":"SearchAction","target":{"@type":"EntryPoint","urlTemplate":"https:\/\/koningdrone.be\/?s={search_term_string}"},"query-input":{"@type":"PropertyValueSpecification","valueRequired":true,"valueName":"search_term_string"}}],"inLanguage":"es"},{"@type":"Organization","@id":"https:\/\/koningdrone.be\/#organization","name":"Kingdrone.es","url":"https:\/\/koningdrone.be\/","logo":{"@type":"ImageObject","inLanguage":"es","@id":"https:\/\/koningdrone.be\/#\/schema\/logo\/image\/","url":"https:\/\/koningdrone.be\/wp-content\/uploads\/sites\/13\/2025\/04\/koningdrone-copyright-logo.svg","contentUrl":"https:\/\/koningdrone.be\/wp-content\/uploads\/sites\/13\/2025\/04\/koningdrone-copyright-logo.svg","width":227,"height":38,"caption":"Koningdrone.be"},"image":{"@id":"https:\/\/koningdrone.be\/#\/schema\/logo\/image\/"}}]}},"df_price":83.49,"df_sale_price":"","df_regular_price":83.49,"df_image_link":"https:\/\/koningdrone.be\/wp-content\/uploads\/sites\/13\/2026\/04\/Unitree-Go2-Foot-Pad-300x300.jpg","_links":{"self":[{"href":"https:\/\/koningdrone.be\/es\/wp-json\/wp\/v2\/product\/15089","targetHints":{"allow":["GET"]}}],"collection":[{"href":"https:\/\/koningdrone.be\/es\/wp-json\/wp\/v2\/product"}],"about":[{"href":"https:\/\/koningdrone.be\/es\/wp-json\/wp\/v2\/types\/product"}],"wp:featuredmedia":[{"embeddable":true,"href":"https:\/\/koningdrone.be\/es\/wp-json\/wp\/v2\/media\/18953"}],"wp:attachment":[{"href":"https:\/\/koningdrone.be\/es\/wp-json\/wp\/v2\/media?parent=15089"}],"wp:term":[{"taxonomy":"product_brand","embeddable":true,"href":"https:\/\/koningdrone.be\/es\/wp-json\/wp\/v2\/product_brand?post=15089"},{"taxonomy":"product_cat","embeddable":true,"href":"https:\/\/koningdrone.be\/es\/wp-json\/wp\/v2\/product_cat?post=15089"},{"taxonomy":"product_tag","embeddable":true,"href":"https:\/\/koningdrone.be\/es\/wp-json\/wp\/v2\/product_tag?post=15089"}],"curies":[{"name":"wp","href":"https:\/\/api.w.org\/{rel}","templated":true}]}}