{"id":15081,"date":"2025-07-03T09:33:59","date_gmt":"2025-07-03T07:33:59","guid":{"rendered":"https:\/\/koningdrone.be\/product\/unitree-go2-pro\/"},"modified":"2026-04-30T16:20:13","modified_gmt":"2026-04-30T14:20:13","slug":"unitree-go2-pro","status":"publish","type":"product","link":"https:\/\/koningdrone.be\/es\/producto\/unitree-go2-pro\/","title":{"rendered":"Unitree Go2 Pro"},"content":{"rendered":"<h3>Unitree Go2 Pro: el futuro de la inteligencia incorporada<\/h3>\n<p><iframe loading=\"lazy\" title=\"Unboxing del Go2 Pro de Unitree: C\u00f3mo es unboxing de un perro robot $5k | What The Future\" width=\"800\" height=\"450\" src=\"https:\/\/www.youtube.com\/embed\/7LNRDPoqbGA?feature=oembed&#038;enablejsapi=1&#038;origin=https:\/\/koningdrone.be\" frameborder=\"0\" allow=\"accelerometer; autoplay; clipboard-write; encrypted-media; gyroscope; picture-in-picture; web-share\" referrerpolicy=\"strict-origin-when-cross-origin\" allowfullscreen><\/iframe><\/p>\n<p style=\"margin-top: 20px\">El Unitree Go2 Pro inaugura una nueva era en la rob\u00f3tica de consumo. Este robot, una de las plataformas cuadr\u00fapedas m\u00e1s avanzadas del mundo, combina una potente mec\u00e1nica con una inteligencia artificial revolucionaria. Dise\u00f1ado para profesionales, investigadores y entusiastas de la tecnolog\u00eda, el Go2 Pro ofrece una sinergia sin precedentes entre movilidad y conciencia medioambiental. No es simplemente una m\u00e1quina; es un ecosistema aut\u00f3nomo listo para explorar y comprender el mundo f\u00edsico.<\/p>\n<p><a href=\"https:\/\/koningdrone.nl\/wp-content\/uploads\/2025\/07\/Product-Unitree-Go2-Pro.jpg\"><img loading=\"lazy\" decoding=\"async\" class=\"size-medium wp-image-472753 aligncenter\" src=\"https:\/\/koningdrone.nl\/wp-content\/uploads\/2025\/07\/Product-Unitree-Go2-Pro-300x300.jpg\" alt=\"Product Unitree Go2 Pro\" width=\"300\" height=\"300\" \/><\/a><\/p>\n<h4>Movilidad y din\u00e1mica superiores<\/h4>\n<p>Gracias a sus motores de articulaci\u00f3n patentados de alto rendimiento, Go2 Pro se mueve con gracia natural y potencia explosiva. Se desplaza sin esfuerzo por terrenos dif\u00edciles -desde hierba \u00e1spera hasta pendientes pronunciadas- con una velocidad y estabilidad antes reservadas \u00fanicamente a los sistemas industriales. El robot domina complejos algoritmos de equilibrio y movimiento que le permiten no s\u00f3lo caminar y correr, sino tambi\u00e9n realizar maniobras acrob\u00e1ticas con extrema precisi\u00f3n.<\/p>\n<h4>Percepci\u00f3n e inteligencia artificial revolucionarias<\/h4>\n<p>El coraz\u00f3n de Go2 Pro es un avanzado sistema LiDAR 4D con un campo de visi\u00f3n hemisf\u00e9rico. Esto permite al robot cartografiar su entorno en tiempo real y en alta resoluci\u00f3n, anticiparse a los obst\u00e1culos y planificar trayectorias de forma aut\u00f3noma. Gracias a la integraci\u00f3n de potentes modelos de inteligencia artificial, el robot entiende \u00f3rdenes habladas y puede seguir objetos o personas con intuici\u00f3n natural.<\/p>\n<p><a href=\"https:\/\/koningdrone.nl\/wp-content\/uploads\/2025\/07\/Unitree-Go2-Pro.jpg\"><img loading=\"lazy\" decoding=\"async\" class=\"size-medium wp-image-472754 aligncenter\" src=\"https:\/\/koningdrone.nl\/wp-content\/uploads\/2025\/07\/Unitree-Go2-Pro-300x300.jpg\" alt=\"Unitree Go2 Pro\" width=\"300\" height=\"300\" \/><\/a><\/p>\n<h4>Sofisticado dise\u00f1o industrial<\/h4>\n<p>Todos los aspectos del Go2 Pro rezuman calidad. La construcci\u00f3n con aleaciones de aluminio de alta calidad y pol\u00edmeros de ingenier\u00eda consigue el equilibrio perfecto entre robustez y bajo peso. Con modernas opciones de conectividad como Wi-Fi 6 y 4G eSIM, el robot permanece siempre conectado para la adquisici\u00f3n de datos o el control remoto, lo que lo convierte en una plataforma ideal para aplicaciones innovadoras en cualquier entorno.<\/p>","protected":false},"excerpt":{"rendered":"<ul>\n<li>Robot de cuatro patas con movimientos din\u00e1micos, incluida la carrera y poses especiales<\/li>\n<li>Sistema LiDAR 4D para detecci\u00f3n de obst\u00e1culos en 360\u00b0 \u00d7 90\u00b0 y cartograf\u00eda SLAM<\/li>\n<li>Control avanzado mediante aplicaci\u00f3n, Wi-Fi, Bluetooth y 4G eSIM<\/li>\n<li>C\u00e1mara HD y sensores para una navegaci\u00f3n inteligente y evitar obst\u00e1culos<\/li>\n<li>Funciones interactivas como reconocimiento de voz y actualizaciones OTA<\/li>\n<\/ul>","protected":false},"featured_media":18942,"template":"","meta":{"_acf_changed":false},"product_brand":[],"product_cat":[1974],"product_tag":[],"class_list":{"0":"post-15081","1":"product","2":"type-product","3":"status-publish","4":"has-post-thumbnail","6":"product_cat-unitree-go2-pro","7":"product_shipping_class-outofstock","8":"pa_brand-unitree","9":"pa_producttype-robot","10":"pa_series-go2","12":"first","13":"outofstock","14":"taxable","15":"shipping-taxable","16":"purchasable","17":"product-type-simple"},"acf":[],"yoast_head":"<!-- This site is optimized with the Yoast SEO Premium plugin v27.2 (Yoast SEO v27.2) - https:\/\/yoast.com\/product\/yoast-seo-premium-wordpress\/ -->\n<title>Unitree Go2 Pro - koningdrone.be<\/title>\n<meta name=\"robots\" content=\"index, follow, max-snippet:-1, max-image-preview:large, max-video-preview:-1\" \/>\n<link rel=\"canonical\" href=\"https:\/\/koningdrone.be\/es\/producto\/unitree-go2-pro\/\" \/>\n<meta property=\"og:locale\" content=\"es_ES\" \/>\n<meta property=\"og:type\" content=\"article\" \/>\n<meta property=\"og:title\" content=\"Unitree Go2 Pro\" \/>\n<meta property=\"og:description\" content=\"Vierpotige robot met dynamische bewegingen, inclusief rennen en speciale poses  4D LiDAR\u2011systeem voor 360\u00b0 \u00d7 90\u00b0 obstakeldetectie en SLAM\u2011mapping  Geavanceerde besturing via app, Wi\u2011Fi, Bluetooth en 4G eSIM  HD camera en sensoren voor slimme navigatie en obstakelvermijding  Interactieve functies inclusief stemherkenning en OTA\u2011updates\" \/>\n<meta property=\"og:url\" content=\"https:\/\/koningdrone.be\/es\/producto\/unitree-go2-pro\/\" \/>\n<meta property=\"og:site_name\" content=\"koningdrone.be\" \/>\n<meta property=\"article:modified_time\" content=\"2026-04-30T14:20:13+00:00\" \/>\n<meta property=\"og:image\" content=\"https:\/\/koningdrone.be\/wp-content\/uploads\/sites\/13\/2026\/04\/Unitree-Go2-Pro.jpg\" \/>\n\t<meta property=\"og:image:width\" content=\"800\" \/>\n\t<meta property=\"og:image:height\" content=\"800\" \/>\n\t<meta property=\"og:image:type\" content=\"image\/jpeg\" \/>\n<meta name=\"twitter:card\" content=\"summary_large_image\" \/>\n<meta name=\"twitter:label1\" content=\"Tiempo de lectura\" \/>\n\t<meta name=\"twitter:data1\" content=\"1 minuto\" \/>\n<script type=\"application\/ld+json\" class=\"yoast-schema-graph\">{\"@context\":\"https:\/\/schema.org\",\"@graph\":[{\"@type\":\"WebPage\",\"@id\":\"https:\/\/koningdrone.be\/product\/unitree-go2-pro\/\",\"url\":\"https:\/\/koningdrone.be\/product\/unitree-go2-pro\/\",\"name\":\"Unitree Go2 Pro - koningdrone.be\",\"isPartOf\":{\"@id\":\"https:\/\/koningdrone.be\/#website\"},\"primaryImageOfPage\":{\"@id\":\"https:\/\/koningdrone.be\/product\/unitree-go2-pro\/#primaryimage\"},\"image\":{\"@id\":\"https:\/\/koningdrone.be\/product\/unitree-go2-pro\/#primaryimage\"},\"thumbnailUrl\":\"https:\/\/koningdrone.be\/wp-content\/uploads\/sites\/13\/2026\/04\/Unitree-Go2-Pro.jpg\",\"datePublished\":\"2025-07-03T07:33:59+00:00\",\"dateModified\":\"2026-04-30T14:20:13+00:00\",\"breadcrumb\":{\"@id\":\"https:\/\/koningdrone.be\/product\/unitree-go2-pro\/#breadcrumb\"},\"inLanguage\":\"es\",\"potentialAction\":[{\"@type\":\"ReadAction\",\"target\":[\"https:\/\/koningdrone.be\/product\/unitree-go2-pro\/\"]}]},{\"@type\":\"ImageObject\",\"inLanguage\":\"es\",\"@id\":\"https:\/\/koningdrone.be\/product\/unitree-go2-pro\/#primaryimage\",\"url\":\"https:\/\/koningdrone.be\/wp-content\/uploads\/sites\/13\/2026\/04\/Unitree-Go2-Pro.jpg\",\"contentUrl\":\"https:\/\/koningdrone.be\/wp-content\/uploads\/sites\/13\/2026\/04\/Unitree-Go2-Pro.jpg\",\"width\":800,\"height\":800},{\"@type\":\"BreadcrumbList\",\"@id\":\"https:\/\/koningdrone.be\/product\/unitree-go2-pro\/#breadcrumb\",\"itemListElement\":[{\"@type\":\"ListItem\",\"position\":1,\"name\":\"Home\",\"item\":\"https:\/\/koningdrone.be\/\"},{\"@type\":\"ListItem\",\"position\":2,\"name\":\"AVSS Parachute Recovery System for DJI Matrice 300\/350\",\"item\":\"https:\/\/koningdrone.be\/product\/avss-parachute-recovery-system-for-dji-matrice-300-350\/\"},{\"@type\":\"ListItem\",\"position\":3,\"name\":\"Unitree Go2 Pro\",\"item\":\"https:\/\/koningdrone.be\/categorie\/unitree-go2-pro\/\"},{\"@type\":\"ListItem\",\"position\":4,\"name\":\"Unitree Go2 Pro\"}]},{\"@type\":\"WebSite\",\"@id\":\"https:\/\/koningdrone.be\/#website\",\"url\":\"https:\/\/koningdrone.be\/\",\"name\":\"Koningdrone.be - Uw online specialist in drones, gimbals, camera's en power stations.\",\"description\":\"De webshop in drones en gimbals\",\"publisher\":{\"@id\":\"https:\/\/koningdrone.be\/#organization\"},\"potentialAction\":[{\"@type\":\"SearchAction\",\"target\":{\"@type\":\"EntryPoint\",\"urlTemplate\":\"https:\/\/koningdrone.be\/?s={search_term_string}\"},\"query-input\":{\"@type\":\"PropertyValueSpecification\",\"valueRequired\":true,\"valueName\":\"search_term_string\"}}],\"inLanguage\":\"es\"},{\"@type\":\"Organization\",\"@id\":\"https:\/\/koningdrone.be\/#organization\",\"name\":\"Koningdrone.be\",\"url\":\"https:\/\/koningdrone.be\/\",\"logo\":{\"@type\":\"ImageObject\",\"inLanguage\":\"es\",\"@id\":\"https:\/\/koningdrone.be\/#\/schema\/logo\/image\/\",\"url\":\"https:\/\/koningdrone.be\/wp-content\/uploads\/sites\/13\/2025\/04\/koningdrone-copyright-logo.svg\",\"contentUrl\":\"https:\/\/koningdrone.be\/wp-content\/uploads\/sites\/13\/2025\/04\/koningdrone-copyright-logo.svg\",\"width\":227,\"height\":38,\"caption\":\"Koningdrone.be\"},\"image\":{\"@id\":\"https:\/\/koningdrone.be\/#\/schema\/logo\/image\/\"}}]}<\/script>\n<!-- \/ Yoast SEO Premium plugin. -->","yoast_head_json":{"title":"Unitree Go2 Pro - koningdrone.be","robots":{"index":"index","follow":"follow","max-snippet":"max-snippet:-1","max-image-preview":"max-image-preview:large","max-video-preview":"max-video-preview:-1"},"canonical":"https:\/\/koningdrone.be\/es\/producto\/unitree-go2-pro\/","og_locale":"es_ES","og_type":"article","og_title":"Unitree Go2 Pro","og_description":"Vierpotige robot met dynamische bewegingen, inclusief rennen en speciale poses  4D LiDAR\u2011systeem voor 360\u00b0 \u00d7 90\u00b0 obstakeldetectie en SLAM\u2011mapping  Geavanceerde besturing via app, Wi\u2011Fi, Bluetooth en 4G eSIM  HD camera en sensoren voor slimme navigatie en obstakelvermijding  Interactieve functies inclusief stemherkenning en OTA\u2011updates","og_url":"https:\/\/koningdrone.be\/es\/producto\/unitree-go2-pro\/","og_site_name":"koningdrone.be","article_modified_time":"2026-04-30T14:20:13+00:00","og_image":[{"width":800,"height":800,"url":"https:\/\/koningdrone.be\/wp-content\/uploads\/sites\/13\/2026\/04\/Unitree-Go2-Pro.jpg","type":"image\/jpeg"}],"twitter_card":"summary_large_image","twitter_misc":{"Tiempo de lectura":"1 minuto"},"schema":{"@context":"https:\/\/schema.org","@graph":[{"@type":"WebPage","@id":"https:\/\/koningdrone.be\/product\/unitree-go2-pro\/","url":"https:\/\/koningdrone.be\/product\/unitree-go2-pro\/","name":"Unitree Go2 Pro - koningdrone.be","isPartOf":{"@id":"https:\/\/koningdrone.be\/#website"},"primaryImageOfPage":{"@id":"https:\/\/koningdrone.be\/product\/unitree-go2-pro\/#primaryimage"},"image":{"@id":"https:\/\/koningdrone.be\/product\/unitree-go2-pro\/#primaryimage"},"thumbnailUrl":"https:\/\/koningdrone.be\/wp-content\/uploads\/sites\/13\/2026\/04\/Unitree-Go2-Pro.jpg","datePublished":"2025-07-03T07:33:59+00:00","dateModified":"2026-04-30T14:20:13+00:00","breadcrumb":{"@id":"https:\/\/koningdrone.be\/product\/unitree-go2-pro\/#breadcrumb"},"inLanguage":"es","potentialAction":[{"@type":"ReadAction","target":["https:\/\/koningdrone.be\/product\/unitree-go2-pro\/"]}]},{"@type":"ImageObject","inLanguage":"es","@id":"https:\/\/koningdrone.be\/product\/unitree-go2-pro\/#primaryimage","url":"https:\/\/koningdrone.be\/wp-content\/uploads\/sites\/13\/2026\/04\/Unitree-Go2-Pro.jpg","contentUrl":"https:\/\/koningdrone.be\/wp-content\/uploads\/sites\/13\/2026\/04\/Unitree-Go2-Pro.jpg","width":800,"height":800},{"@type":"BreadcrumbList","@id":"https:\/\/koningdrone.be\/product\/unitree-go2-pro\/#breadcrumb","itemListElement":[{"@type":"ListItem","position":1,"name":"Home","item":"https:\/\/koningdrone.be\/"},{"@type":"ListItem","position":2,"name":"AVSS Parachute Recovery System for DJI Matrice 300\/350","item":"https:\/\/koningdrone.be\/product\/avss-parachute-recovery-system-for-dji-matrice-300-350\/"},{"@type":"ListItem","position":3,"name":"Unitree Go2 Pro","item":"https:\/\/koningdrone.be\/categorie\/unitree-go2-pro\/"},{"@type":"ListItem","position":4,"name":"Unitree Go2 Pro"}]},{"@type":"WebSite","@id":"https:\/\/koningdrone.be\/#website","url":"https:\/\/koningdrone.be\/","name":"Koningdrone.be - Su especialista en l\u00ednea en drones, cardanes, c\u00e1maras y centrales el\u00e9ctricas.","description":"La tienda virtual de drones y cardanes","publisher":{"@id":"https:\/\/koningdrone.be\/#organization"},"potentialAction":[{"@type":"SearchAction","target":{"@type":"EntryPoint","urlTemplate":"https:\/\/koningdrone.be\/?s={search_term_string}"},"query-input":{"@type":"PropertyValueSpecification","valueRequired":true,"valueName":"search_term_string"}}],"inLanguage":"es"},{"@type":"Organization","@id":"https:\/\/koningdrone.be\/#organization","name":"Kingdrone.es","url":"https:\/\/koningdrone.be\/","logo":{"@type":"ImageObject","inLanguage":"es","@id":"https:\/\/koningdrone.be\/#\/schema\/logo\/image\/","url":"https:\/\/koningdrone.be\/wp-content\/uploads\/sites\/13\/2025\/04\/koningdrone-copyright-logo.svg","contentUrl":"https:\/\/koningdrone.be\/wp-content\/uploads\/sites\/13\/2025\/04\/koningdrone-copyright-logo.svg","width":227,"height":38,"caption":"Koningdrone.be"},"image":{"@id":"https:\/\/koningdrone.be\/#\/schema\/logo\/image\/"}}]}},"df_price":4717.79,"df_sale_price":"","df_regular_price":4717.79,"df_image_link":"https:\/\/koningdrone.be\/wp-content\/uploads\/sites\/13\/2026\/04\/Unitree-Go2-Pro-300x300.jpg","_links":{"self":[{"href":"https:\/\/koningdrone.be\/es\/wp-json\/wp\/v2\/product\/15081","targetHints":{"allow":["GET"]}}],"collection":[{"href":"https:\/\/koningdrone.be\/es\/wp-json\/wp\/v2\/product"}],"about":[{"href":"https:\/\/koningdrone.be\/es\/wp-json\/wp\/v2\/types\/product"}],"wp:featuredmedia":[{"embeddable":true,"href":"https:\/\/koningdrone.be\/es\/wp-json\/wp\/v2\/media\/18942"}],"wp:attachment":[{"href":"https:\/\/koningdrone.be\/es\/wp-json\/wp\/v2\/media?parent=15081"}],"wp:term":[{"taxonomy":"product_brand","embeddable":true,"href":"https:\/\/koningdrone.be\/es\/wp-json\/wp\/v2\/product_brand?post=15081"},{"taxonomy":"product_cat","embeddable":true,"href":"https:\/\/koningdrone.be\/es\/wp-json\/wp\/v2\/product_cat?post=15081"},{"taxonomy":"product_tag","embeddable":true,"href":"https:\/\/koningdrone.be\/es\/wp-json\/wp\/v2\/product_tag?post=15081"}],"curies":[{"name":"wp","href":"https:\/\/api.w.org\/{rel}","templated":true}]}}