{"id":15075,"date":"2025-07-03T09:33:59","date_gmt":"2025-07-03T07:33:59","guid":{"rendered":"https:\/\/koningdrone.be\/product\/unitree-go2-ent-plus-2-go2-screen-remote-control-dual-camerathree-in-one\/"},"modified":"2026-04-30T16:20:27","modified_gmt":"2026-04-30T14:20:27","slug":"unitree-go2-ent-plus-2-go2-screen-remote-control-dual-camerathree-in-one","status":"publish","type":"product","link":"https:\/\/koningdrone.be\/es\/producto\/unitree-go2-ent-plus-2-go2-screen-remote-control-dual-camerathree-in-one\/","title":{"rendered":"Unitree Go2 Ent-Plus 2 (mando a distancia con pantalla Go2 (doble c\u00e1mara+tres en uno))"},"content":{"rendered":"<h3>Unitree Go2 Ent-Plus 2: la central el\u00e9ctrica multifuncional para la IA empresarial<\/h3>\n<p>En <strong>Unitree Go2 Ent-Plus 2<\/strong> eleva el list\u00f3n de la rob\u00f3tica profesional de cuatro patas a un nivel a\u00fan m\u00e1s alto. Mientras que otros sistemas se especializan en una \u00fanica tarea, el Ent-Plus 2 se ha dise\u00f1ado como una plataforma de uso universal. Gracias a su potente <strong>configuraci\u00f3n de doble c\u00e1mara<\/strong> y la intuitiva <strong>control remoto de pantalla<\/strong> combinar con un exclusivo <strong>M\u00f3dulo accesorio 3 en 1<\/strong>, Este sistema ofrece una flexibilidad t\u00e1ctica sin precedentes. Esta unidad es la opci\u00f3n ideal para desarrolladores, equipos de inspecci\u00f3n e investigadores que necesiten un robot capaz de adaptarse a la velocidad del rayo a los diversos requisitos de las misiones, desde la vigilancia aut\u00f3noma hasta las demostraciones p\u00fablicas interactivas.<\/p>\n<p><a href=\"https:\/\/koningdrone.nl\/wp-content\/uploads\/2025\/07\/Unitree-Go2-Ent-Plus-1-Go2-screen-remote-control-dual-camera.jpg\"><img loading=\"lazy\" decoding=\"async\" class=\"size-medium wp-image-472886 aligncenter\" src=\"https:\/\/koningdrone.nl\/wp-content\/uploads\/2025\/07\/Unitree-Go2-Ent-Plus-1-Go2-screen-remote-control-dual-camera-300x300.jpg\" alt=\"Unitree Go2 Ent- Plus 1 (Go2 screen remote control (dual camera))\" width=\"300\" height=\"300\" \/><\/a><\/p>\n<h4>Percepci\u00f3n avanzada y capacidad de ampliaci\u00f3n modular<\/h4>\n<p>Ent-Plus 2 es m\u00e1s que un sensor m\u00f3vil: es un recopilador de datos activo con una amplia gama de funciones de interfaz:<\/p>\n<ul>\n<li><strong>M\u00f3dulo accesorio 3 en 1:<\/strong> Es el coraz\u00f3n de la configuraci\u00f3n \u201cPlus 2\u201d. Este m\u00f3dulo ampl\u00eda las capacidades f\u00edsicas y funcionales del robot, haci\u00e9ndolo inmediatamente desplegable para proyectos especializados de investigaci\u00f3n o demostraci\u00f3n sin necesidad de una compleja integraci\u00f3n de hardware externo.<\/li>\n<li><strong>Inteligencia de doble visi\u00f3n:<\/strong> La configuraci\u00f3n de doble c\u00e1mara ofrece un rico espectro visual al <strong>M\u00f3dulo NVIDIA Jetson AI<\/strong>. Esto permite al robot estimar la profundidad, clasificar objetos y calcular trayectorias complejas en entornos din\u00e1micos con extrema precisi\u00f3n.<\/li>\n<li><strong>Centro de Mando Integrado:<\/strong> El mando a distancia incluido con pantalla integrada garantiza que el operador mantenga siempre el control total. La informaci\u00f3n visual en tiempo real es crucial para la navegaci\u00f3n manual en espacios reducidos o cuando se realizan inspecciones visuales detalladas a distancia.<\/li>\n<\/ul>\n<h4>Ingenier\u00eda robusta y maniobrabilidad superior<\/h4>\n<p>La calidad de fabricaci\u00f3n del Ent-Plus 2 est\u00e1 adaptada a las duras exigencias de los entornos industriales y acad\u00e9micos:<\/p>\n<ul>\n<li><strong>Chasis aerodin\u00e1mico y duradero:<\/strong> La combinaci\u00f3n de un <strong>aleaci\u00f3n de aluminio<\/strong> y pl\u00e1stico de ingenier\u00eda resistente a los impactos proporciona un chasis \u00e1gil y pr\u00e1cticamente indestructible. El dise\u00f1o modular tambi\u00e9n facilita la incorporaci\u00f3n de sensores o cargas \u00fatiles adicionales en el futuro.<\/li>\n<li><strong>Locomoci\u00f3n atl\u00e9tica:<\/strong> Gracias a sus potentes motores de articulaci\u00f3n, el Go2 se desplaza sin esfuerzo por obst\u00e1culos, pendientes y escaleras. El robot ajusta autom\u00e1ticamente su velocidad y estabilidad de marcha en funci\u00f3n de la superficie, garantizando un movimiento fluido y biomim\u00e9tico.<\/li>\n<li><strong>Procesamiento eficiente de datos:<\/strong> La arquitectura de hardware optimizada permite al robot realizar tareas complejas de inteligencia artificial con un consumo m\u00ednimo de energ\u00eda, lo que se traduce en un mayor tiempo de despliegue operativo sobre el terreno.<\/li>\n<\/ul>\n<h4>Por qu\u00e9 el Go2 Ent-Plus 2 es indispensable<\/h4>\n<p>Para las organizaciones que buscan una plataforma rob\u00f3tica que crezca con sus ambiciones, Go2 Ent-Plus 2 ofrece el equilibrio perfecto. La incorporaci\u00f3n del m\u00f3dulo 3 en 1 convierte a este sistema en un aliado vers\u00e1til para todo tipo de tareas, desde la vigilancia de multitudes y los controles de seguridad industrial hasta la investigaci\u00f3n de IA de alto nivel. Reduce el umbral de los experimentos rob\u00f3ticos complejos al proporcionar una soluci\u00f3n completa y lista para usar que a\u00f1ade valor inmediato a cualquier proyecto de I+D u operaci\u00f3n comercial.<\/p>","protected":false},"excerpt":{"rendered":"<ul>\n<li>Robot cuadr\u00fapedo con doble c\u00e1mara y m\u00f3dulo de accesorios tres en uno<\/li>\n<li>Admite navegaci\u00f3n aut\u00f3noma y procesamiento de datos en tiempo real<\/li>\n<li>Dise\u00f1o modular para funciones adicionales y proyectos de investigaci\u00f3n<\/li>\n<li>Mando a distancia con pantalla Go2 para un manejo sencillo<\/li>\n<li>Perfecto para demostraciones, experimentos y aplicaciones vers\u00e1tiles<\/li>\n<\/ul>","protected":false},"featured_media":19012,"template":"","meta":{"_acf_changed":false},"product_brand":[],"product_cat":[1988],"product_tag":[],"class_list":{"0":"post-15075","1":"product","2":"type-product","3":"status-publish","4":"has-post-thumbnail","6":"product_cat-unitree-go2-ent","7":"product_shipping_class-outofstock","8":"pa_brand-unitree","9":"pa_producttype-robot","10":"pa_series-go2","12":"first","13":"outofstock","14":"taxable","15":"shipping-taxable","16":"purchasable","17":"product-type-simple"},"acf":[],"yoast_head":"<!-- This site is optimized with the Yoast SEO Premium plugin v27.2 (Yoast SEO v27.2) - https:\/\/yoast.com\/product\/yoast-seo-premium-wordpress\/ -->\n<title>Unitree Go2 Ent-Plus 2 (Go2 screen remote control (dual camera+three in one)) - koningdrone.be<\/title>\n<meta name=\"robots\" content=\"index, follow, max-snippet:-1, max-image-preview:large, max-video-preview:-1\" \/>\n<link rel=\"canonical\" href=\"https:\/\/koningdrone.be\/es\/producto\/unitree-go2-ent-plus-2-go2-screen-remote-control-dual-camerathree-in-one\/\" \/>\n<meta property=\"og:locale\" content=\"es_ES\" \/>\n<meta property=\"og:type\" content=\"article\" \/>\n<meta property=\"og:title\" content=\"Unitree Go2 Ent-Plus 2 (Go2 screen remote control (dual camera+three in one))\" \/>\n<meta property=\"og:description\" content=\"Viervoetige robot met dual camera en drie-in-\u00e9\u00e9n accessoiremodule  Ondersteunt autonome navigatie en real-time dataverwerking  Modulair ontwerp voor extra functionaliteit en onderzoeksprojecten  Go2 scherm-afstandsbediening voor gebruiksvriendelijke bediening  Perfect voor demonstratie, experimenten en veelzijdige toepassingen\" \/>\n<meta property=\"og:url\" content=\"https:\/\/koningdrone.be\/es\/producto\/unitree-go2-ent-plus-2-go2-screen-remote-control-dual-camerathree-in-one\/\" \/>\n<meta property=\"og:site_name\" content=\"koningdrone.be\" \/>\n<meta property=\"article:modified_time\" content=\"2026-04-30T14:20:27+00:00\" \/>\n<meta property=\"og:image\" content=\"https:\/\/koningdrone.be\/wp-content\/uploads\/sites\/13\/2026\/04\/Unitree-Go2-Ent-Plus-1-Go2-screen-remote-control-dual-camera.jpg\" \/>\n\t<meta property=\"og:image:width\" content=\"550\" \/>\n\t<meta property=\"og:image:height\" content=\"550\" \/>\n\t<meta property=\"og:image:type\" content=\"image\/jpeg\" \/>\n<meta name=\"twitter:card\" content=\"summary_large_image\" \/>\n<meta name=\"twitter:label1\" content=\"Tiempo de lectura\" \/>\n\t<meta name=\"twitter:data1\" content=\"2 minutos\" \/>\n<script type=\"application\/ld+json\" class=\"yoast-schema-graph\">{\"@context\":\"https:\/\/schema.org\",\"@graph\":[{\"@type\":\"WebPage\",\"@id\":\"https:\/\/koningdrone.be\/product\/unitree-go2-ent-plus-2-go2-screen-remote-control-dual-camerathree-in-one\/\",\"url\":\"https:\/\/koningdrone.be\/product\/unitree-go2-ent-plus-2-go2-screen-remote-control-dual-camerathree-in-one\/\",\"name\":\"Unitree Go2 Ent-Plus 2 (Go2 screen remote control (dual camera+three in one)) - koningdrone.be\",\"isPartOf\":{\"@id\":\"https:\/\/koningdrone.be\/#website\"},\"primaryImageOfPage\":{\"@id\":\"https:\/\/koningdrone.be\/product\/unitree-go2-ent-plus-2-go2-screen-remote-control-dual-camerathree-in-one\/#primaryimage\"},\"image\":{\"@id\":\"https:\/\/koningdrone.be\/product\/unitree-go2-ent-plus-2-go2-screen-remote-control-dual-camerathree-in-one\/#primaryimage\"},\"thumbnailUrl\":\"https:\/\/koningdrone.be\/wp-content\/uploads\/sites\/13\/2026\/04\/Unitree-Go2-Ent-Plus-1-Go2-screen-remote-control-dual-camera.jpg\",\"datePublished\":\"2025-07-03T07:33:59+00:00\",\"dateModified\":\"2026-04-30T14:20:27+00:00\",\"breadcrumb\":{\"@id\":\"https:\/\/koningdrone.be\/product\/unitree-go2-ent-plus-2-go2-screen-remote-control-dual-camerathree-in-one\/#breadcrumb\"},\"inLanguage\":\"es\",\"potentialAction\":[{\"@type\":\"ReadAction\",\"target\":[\"https:\/\/koningdrone.be\/product\/unitree-go2-ent-plus-2-go2-screen-remote-control-dual-camerathree-in-one\/\"]}]},{\"@type\":\"ImageObject\",\"inLanguage\":\"es\",\"@id\":\"https:\/\/koningdrone.be\/product\/unitree-go2-ent-plus-2-go2-screen-remote-control-dual-camerathree-in-one\/#primaryimage\",\"url\":\"https:\/\/koningdrone.be\/wp-content\/uploads\/sites\/13\/2026\/04\/Unitree-Go2-Ent-Plus-1-Go2-screen-remote-control-dual-camera.jpg\",\"contentUrl\":\"https:\/\/koningdrone.be\/wp-content\/uploads\/sites\/13\/2026\/04\/Unitree-Go2-Ent-Plus-1-Go2-screen-remote-control-dual-camera.jpg\",\"width\":550,\"height\":550},{\"@type\":\"BreadcrumbList\",\"@id\":\"https:\/\/koningdrone.be\/product\/unitree-go2-ent-plus-2-go2-screen-remote-control-dual-camerathree-in-one\/#breadcrumb\",\"itemListElement\":[{\"@type\":\"ListItem\",\"position\":1,\"name\":\"Home\",\"item\":\"https:\/\/koningdrone.be\/\"},{\"@type\":\"ListItem\",\"position\":2,\"name\":\"AVSS Parachute Recovery System for DJI Matrice 300\/350\",\"item\":\"https:\/\/koningdrone.be\/product\/avss-parachute-recovery-system-for-dji-matrice-300-350\/\"},{\"@type\":\"ListItem\",\"position\":3,\"name\":\"Unitree Go2 Ent\",\"item\":\"https:\/\/koningdrone.be\/categorie\/unitree-go2-ent\/\"},{\"@type\":\"ListItem\",\"position\":4,\"name\":\"Unitree Go2 Ent-Plus 2 (Go2 screen remote control (dual camera+three in one))\"}]},{\"@type\":\"WebSite\",\"@id\":\"https:\/\/koningdrone.be\/#website\",\"url\":\"https:\/\/koningdrone.be\/\",\"name\":\"Koningdrone.be - Uw online specialist in drones, gimbals, camera's en power stations.\",\"description\":\"De webshop in drones en gimbals\",\"publisher\":{\"@id\":\"https:\/\/koningdrone.be\/#organization\"},\"potentialAction\":[{\"@type\":\"SearchAction\",\"target\":{\"@type\":\"EntryPoint\",\"urlTemplate\":\"https:\/\/koningdrone.be\/?s={search_term_string}\"},\"query-input\":{\"@type\":\"PropertyValueSpecification\",\"valueRequired\":true,\"valueName\":\"search_term_string\"}}],\"inLanguage\":\"es\"},{\"@type\":\"Organization\",\"@id\":\"https:\/\/koningdrone.be\/#organization\",\"name\":\"Koningdrone.be\",\"url\":\"https:\/\/koningdrone.be\/\",\"logo\":{\"@type\":\"ImageObject\",\"inLanguage\":\"es\",\"@id\":\"https:\/\/koningdrone.be\/#\/schema\/logo\/image\/\",\"url\":\"https:\/\/koningdrone.be\/wp-content\/uploads\/sites\/13\/2025\/04\/koningdrone-copyright-logo.svg\",\"contentUrl\":\"https:\/\/koningdrone.be\/wp-content\/uploads\/sites\/13\/2025\/04\/koningdrone-copyright-logo.svg\",\"width\":227,\"height\":38,\"caption\":\"Koningdrone.be\"},\"image\":{\"@id\":\"https:\/\/koningdrone.be\/#\/schema\/logo\/image\/\"}}]}<\/script>\n<!-- \/ Yoast SEO Premium plugin. -->","yoast_head_json":{"title":"Unitree Go2 Ent-Plus 2 (Go2 screen remote control (dual camera+three in one)) - koningdrone.be","robots":{"index":"index","follow":"follow","max-snippet":"max-snippet:-1","max-image-preview":"max-image-preview:large","max-video-preview":"max-video-preview:-1"},"canonical":"https:\/\/koningdrone.be\/es\/producto\/unitree-go2-ent-plus-2-go2-screen-remote-control-dual-camerathree-in-one\/","og_locale":"es_ES","og_type":"article","og_title":"Unitree Go2 Ent-Plus 2 (Go2 screen remote control (dual camera+three in one))","og_description":"Viervoetige robot met dual camera en drie-in-\u00e9\u00e9n accessoiremodule  Ondersteunt autonome navigatie en real-time dataverwerking  Modulair ontwerp voor extra functionaliteit en onderzoeksprojecten  Go2 scherm-afstandsbediening voor gebruiksvriendelijke bediening  Perfect voor demonstratie, experimenten en veelzijdige toepassingen","og_url":"https:\/\/koningdrone.be\/es\/producto\/unitree-go2-ent-plus-2-go2-screen-remote-control-dual-camerathree-in-one\/","og_site_name":"koningdrone.be","article_modified_time":"2026-04-30T14:20:27+00:00","og_image":[{"width":550,"height":550,"url":"https:\/\/koningdrone.be\/wp-content\/uploads\/sites\/13\/2026\/04\/Unitree-Go2-Ent-Plus-1-Go2-screen-remote-control-dual-camera.jpg","type":"image\/jpeg"}],"twitter_card":"summary_large_image","twitter_misc":{"Tiempo de lectura":"2 minutos"},"schema":{"@context":"https:\/\/schema.org","@graph":[{"@type":"WebPage","@id":"https:\/\/koningdrone.be\/product\/unitree-go2-ent-plus-2-go2-screen-remote-control-dual-camerathree-in-one\/","url":"https:\/\/koningdrone.be\/product\/unitree-go2-ent-plus-2-go2-screen-remote-control-dual-camerathree-in-one\/","name":"Unitree Go2 Ent-Plus 2 (Go2 screen remote control (dual camera+three in one)) - koningdrone.be","isPartOf":{"@id":"https:\/\/koningdrone.be\/#website"},"primaryImageOfPage":{"@id":"https:\/\/koningdrone.be\/product\/unitree-go2-ent-plus-2-go2-screen-remote-control-dual-camerathree-in-one\/#primaryimage"},"image":{"@id":"https:\/\/koningdrone.be\/product\/unitree-go2-ent-plus-2-go2-screen-remote-control-dual-camerathree-in-one\/#primaryimage"},"thumbnailUrl":"https:\/\/koningdrone.be\/wp-content\/uploads\/sites\/13\/2026\/04\/Unitree-Go2-Ent-Plus-1-Go2-screen-remote-control-dual-camera.jpg","datePublished":"2025-07-03T07:33:59+00:00","dateModified":"2026-04-30T14:20:27+00:00","breadcrumb":{"@id":"https:\/\/koningdrone.be\/product\/unitree-go2-ent-plus-2-go2-screen-remote-control-dual-camerathree-in-one\/#breadcrumb"},"inLanguage":"es","potentialAction":[{"@type":"ReadAction","target":["https:\/\/koningdrone.be\/product\/unitree-go2-ent-plus-2-go2-screen-remote-control-dual-camerathree-in-one\/"]}]},{"@type":"ImageObject","inLanguage":"es","@id":"https:\/\/koningdrone.be\/product\/unitree-go2-ent-plus-2-go2-screen-remote-control-dual-camerathree-in-one\/#primaryimage","url":"https:\/\/koningdrone.be\/wp-content\/uploads\/sites\/13\/2026\/04\/Unitree-Go2-Ent-Plus-1-Go2-screen-remote-control-dual-camera.jpg","contentUrl":"https:\/\/koningdrone.be\/wp-content\/uploads\/sites\/13\/2026\/04\/Unitree-Go2-Ent-Plus-1-Go2-screen-remote-control-dual-camera.jpg","width":550,"height":550},{"@type":"BreadcrumbList","@id":"https:\/\/koningdrone.be\/product\/unitree-go2-ent-plus-2-go2-screen-remote-control-dual-camerathree-in-one\/#breadcrumb","itemListElement":[{"@type":"ListItem","position":1,"name":"Home","item":"https:\/\/koningdrone.be\/"},{"@type":"ListItem","position":2,"name":"AVSS Parachute Recovery System for DJI Matrice 300\/350","item":"https:\/\/koningdrone.be\/product\/avss-parachute-recovery-system-for-dji-matrice-300-350\/"},{"@type":"ListItem","position":3,"name":"Unitree Go2 Ent","item":"https:\/\/koningdrone.be\/categorie\/unitree-go2-ent\/"},{"@type":"ListItem","position":4,"name":"Unitree Go2 Ent-Plus 2 (Go2 screen remote control (dual camera+three in one))"}]},{"@type":"WebSite","@id":"https:\/\/koningdrone.be\/#website","url":"https:\/\/koningdrone.be\/","name":"Koningdrone.be - Su especialista en l\u00ednea en drones, cardanes, c\u00e1maras y centrales el\u00e9ctricas.","description":"La tienda virtual de drones y cardanes","publisher":{"@id":"https:\/\/koningdrone.be\/#organization"},"potentialAction":[{"@type":"SearchAction","target":{"@type":"EntryPoint","urlTemplate":"https:\/\/koningdrone.be\/?s={search_term_string}"},"query-input":{"@type":"PropertyValueSpecification","valueRequired":true,"valueName":"search_term_string"}}],"inLanguage":"es"},{"@type":"Organization","@id":"https:\/\/koningdrone.be\/#organization","name":"Kingdrone.es","url":"https:\/\/koningdrone.be\/","logo":{"@type":"ImageObject","inLanguage":"es","@id":"https:\/\/koningdrone.be\/#\/schema\/logo\/image\/","url":"https:\/\/koningdrone.be\/wp-content\/uploads\/sites\/13\/2025\/04\/koningdrone-copyright-logo.svg","contentUrl":"https:\/\/koningdrone.be\/wp-content\/uploads\/sites\/13\/2025\/04\/koningdrone-copyright-logo.svg","width":227,"height":38,"caption":"Koningdrone.be"},"image":{"@id":"https:\/\/koningdrone.be\/#\/schema\/logo\/image\/"}}]}},"df_price":21659,"df_sale_price":"","df_regular_price":21659,"df_image_link":"https:\/\/koningdrone.be\/wp-content\/uploads\/sites\/13\/2026\/04\/Unitree-Go2-Ent-Plus-1-Go2-screen-remote-control-dual-camera-300x300.jpg","_links":{"self":[{"href":"https:\/\/koningdrone.be\/es\/wp-json\/wp\/v2\/product\/15075","targetHints":{"allow":["GET"]}}],"collection":[{"href":"https:\/\/koningdrone.be\/es\/wp-json\/wp\/v2\/product"}],"about":[{"href":"https:\/\/koningdrone.be\/es\/wp-json\/wp\/v2\/types\/product"}],"wp:featuredmedia":[{"embeddable":true,"href":"https:\/\/koningdrone.be\/es\/wp-json\/wp\/v2\/media\/19012"}],"wp:attachment":[{"href":"https:\/\/koningdrone.be\/es\/wp-json\/wp\/v2\/media?parent=15075"}],"wp:term":[{"taxonomy":"product_brand","embeddable":true,"href":"https:\/\/koningdrone.be\/es\/wp-json\/wp\/v2\/product_brand?post=15075"},{"taxonomy":"product_cat","embeddable":true,"href":"https:\/\/koningdrone.be\/es\/wp-json\/wp\/v2\/product_cat?post=15075"},{"taxonomy":"product_tag","embeddable":true,"href":"https:\/\/koningdrone.be\/es\/wp-json\/wp\/v2\/product_tag?post=15075"}],"curies":[{"name":"wp","href":"https:\/\/api.w.org\/{rel}","templated":true}]}}