{"id":15034,"date":"2025-07-03T09:34:51","date_gmt":"2025-07-03T07:34:51","guid":{"rendered":"https:\/\/koningdrone.be\/product\/unitree-go2-self-charging-board\/"},"modified":"2026-04-29T16:10:52","modified_gmt":"2026-04-29T14:10:52","slug":"unitree-go2-self-charging-board","status":"publish","type":"product","link":"https:\/\/koningdrone.be\/es\/producto\/unitree-go2-self-charging-board\/","title":{"rendered":"Placa autocargable Unitree Go2"},"content":{"rendered":"<h3>Placa autocargable Unitree Go2<\/h3>\n<p>La placa de autocarga Unitree Go2 es una base de carga especialmente dise\u00f1ada para el robot Unitree Go2 (especialmente Go2 EDU Plus). Est\u00e1 dise\u00f1ada para cargar autom\u00e1tica o semiautom\u00e1ticamente el robot mediante carga por contacto, eliminando la necesidad de cambiar manualmente la bater\u00eda. Esta base proporciona una soluci\u00f3n eficiente e integrada para aplicaciones de robots a largo plazo y reduce las interrupciones causadas por la carga continua.<\/p>\n<h4>Rendimiento y funcionalidad<\/h4>\n<p>Esta plataforma de carga funciona permitiendo colocar el robot Go2 para que entre en contacto directo, tras lo cual se inicia la carga a trav\u00e9s de la base. Con una tensi\u00f3n de carga de 33,6 V y una corriente de carga m\u00e1xima de hasta 9 A, proporciona un ciclo de recarga potente y r\u00e1pido. El principio de acoplamiento autom\u00e1tico hace que los usuarios tengan que dedicar menos tiempo a sustituir las bater\u00edas, lo que resulta especialmente valioso en laboratorios, entornos de ense\u00f1anza y proyectos a largo plazo.<\/p>\n<p><a href=\"https:\/\/koningdrone.nl\/wp-content\/uploads\/2025\/07\/Unitree-Go2-self-charging-board.jpg\"><img loading=\"lazy\" decoding=\"async\" class=\"size-medium wp-image-472979 aligncenter\" src=\"https:\/\/koningdrone.nl\/wp-content\/uploads\/2025\/07\/Unitree-Go2-self-charging-board-300x300.jpg\" alt=\"Unitree Go2 self-charging board\" width=\"300\" height=\"300\" \/><\/a><\/p>\n<h4>Calidad de construcci\u00f3n y dise\u00f1o<\/h4>\n<p>La placa se ha fabricado pensando en la durabilidad y la fiabilidad. Puede utilizarse en entornos con temperaturas de 5 \u00b0C a 40 \u00b0C y una humedad relativa de hasta 95 %. Su dise\u00f1o facilita la integraci\u00f3n en rutinas fijas, por ejemplo, como estaci\u00f3n en una ruta de patrulla rob\u00f3tica o en una configuraci\u00f3n de investigaci\u00f3n, y proporciona una alineaci\u00f3n de cargas consistente y repetible.<\/p>\n<h4>Por qu\u00e9 lo necesita<\/h4>\n<p>Si utiliza un robot Unitree Go2 para tareas aut\u00f3nomas a largo plazo o tiene proyectos de educaci\u00f3n y desarrollo, esta estaci\u00f3n hace que el flujo de trabajo sea mucho m\u00e1s eficiente. Reduce el tiempo de inactividad, simplifica el comportamiento de carga y ayuda a mantener las bater\u00edas cargadas de forma estructurada, lo que resulta ideal para un uso continuo sin mucha interacci\u00f3n manual.<\/p>","protected":false},"excerpt":{"rendered":"<ul>\n<li>Plataforma de carga autom\u00e1tica para robots Unitree Go2<\/li>\n<li>Permite la carga por contacto cuando la bater\u00eda est\u00e1 baja<\/li>\n<li>Aumenta el tiempo de actividad del robot y reduce la gesti\u00f3n manual de la bater\u00eda<\/li>\n<li>Compatible con las variantes Go2 EDU Plus (Mid-360 y XT16)<\/li>\n<li>Dise\u00f1o robusto y estable para un uso operativo a largo plazo<\/li>\n<\/ul>","protected":false},"featured_media":19016,"template":"","meta":{"_acf_changed":false},"product_brand":[],"product_cat":[58,1988],"product_tag":[],"class_list":{"0":"post-15034","1":"product","2":"type-product","3":"status-publish","4":"has-post-thumbnail","6":"product_cat-uncategorized","7":"product_cat-unitree-go2-ent","8":"product_shipping_class-outofstock","9":"pa_brand-unitree","10":"pa_producttype-oplaadstation","11":"pa_series-go2","13":"first","14":"outofstock","15":"taxable","16":"shipping-taxable","17":"purchasable","18":"product-type-simple"},"acf":[],"yoast_head":"<!-- This site is optimized with the Yoast SEO Premium plugin v27.2 (Yoast SEO v27.2) - https:\/\/yoast.com\/product\/yoast-seo-premium-wordpress\/ -->\n<title>Unitree Go2 self-charging board - koningdrone.be<\/title>\n<meta name=\"robots\" content=\"index, follow, max-snippet:-1, max-image-preview:large, max-video-preview:-1\" \/>\n<link rel=\"canonical\" href=\"https:\/\/koningdrone.be\/es\/producto\/unitree-go2-self-charging-board\/\" \/>\n<meta property=\"og:locale\" content=\"es_ES\" \/>\n<meta property=\"og:type\" content=\"article\" \/>\n<meta property=\"og:title\" content=\"Unitree Go2 self-charging board\" \/>\n<meta property=\"og:description\" content=\"Automatisch oplaadplatform voor Unitree Go2 robots  Maakt contactbreed opladen mogelijk wanneer de batterij bijna leeg is  Verhoogt robot uptime en reduceert handmatig batterijbeheer  Compatibel met Go2 EDU Plus varianten (Mid\u2011360 &amp; XT16)  Robuust, stabiel ontwerp voor langdurige operationele inzet\" \/>\n<meta property=\"og:url\" content=\"https:\/\/koningdrone.be\/es\/producto\/unitree-go2-self-charging-board\/\" \/>\n<meta property=\"og:site_name\" content=\"koningdrone.be\" \/>\n<meta property=\"article:modified_time\" content=\"2026-04-29T14:10:52+00:00\" \/>\n<meta property=\"og:image\" content=\"https:\/\/koningdrone.be\/wp-content\/uploads\/sites\/13\/2026\/04\/Unitree-Go2-self-charging-board.jpg\" \/>\n\t<meta property=\"og:image:width\" content=\"750\" \/>\n\t<meta property=\"og:image:height\" content=\"750\" \/>\n\t<meta property=\"og:image:type\" content=\"image\/jpeg\" \/>\n<meta name=\"twitter:card\" content=\"summary_large_image\" \/>\n<meta name=\"twitter:label1\" content=\"Tiempo de lectura\" \/>\n\t<meta name=\"twitter:data1\" content=\"1 minuto\" \/>\n<script type=\"application\/ld+json\" class=\"yoast-schema-graph\">{\"@context\":\"https:\/\/schema.org\",\"@graph\":[{\"@type\":\"WebPage\",\"@id\":\"https:\/\/koningdrone.be\/product\/unitree-go2-self-charging-board\/\",\"url\":\"https:\/\/koningdrone.be\/product\/unitree-go2-self-charging-board\/\",\"name\":\"Unitree Go2 self-charging board - koningdrone.be\",\"isPartOf\":{\"@id\":\"https:\/\/koningdrone.be\/#website\"},\"primaryImageOfPage\":{\"@id\":\"https:\/\/koningdrone.be\/product\/unitree-go2-self-charging-board\/#primaryimage\"},\"image\":{\"@id\":\"https:\/\/koningdrone.be\/product\/unitree-go2-self-charging-board\/#primaryimage\"},\"thumbnailUrl\":\"https:\/\/koningdrone.be\/wp-content\/uploads\/sites\/13\/2026\/04\/Unitree-Go2-self-charging-board.jpg\",\"datePublished\":\"2025-07-03T07:34:51+00:00\",\"dateModified\":\"2026-04-29T14:10:52+00:00\",\"breadcrumb\":{\"@id\":\"https:\/\/koningdrone.be\/product\/unitree-go2-self-charging-board\/#breadcrumb\"},\"inLanguage\":\"es\",\"potentialAction\":[{\"@type\":\"ReadAction\",\"target\":[\"https:\/\/koningdrone.be\/product\/unitree-go2-self-charging-board\/\"]}]},{\"@type\":\"ImageObject\",\"inLanguage\":\"es\",\"@id\":\"https:\/\/koningdrone.be\/product\/unitree-go2-self-charging-board\/#primaryimage\",\"url\":\"https:\/\/koningdrone.be\/wp-content\/uploads\/sites\/13\/2026\/04\/Unitree-Go2-self-charging-board.jpg\",\"contentUrl\":\"https:\/\/koningdrone.be\/wp-content\/uploads\/sites\/13\/2026\/04\/Unitree-Go2-self-charging-board.jpg\",\"width\":750,\"height\":750},{\"@type\":\"BreadcrumbList\",\"@id\":\"https:\/\/koningdrone.be\/product\/unitree-go2-self-charging-board\/#breadcrumb\",\"itemListElement\":[{\"@type\":\"ListItem\",\"position\":1,\"name\":\"Home\",\"item\":\"https:\/\/koningdrone.be\/\"},{\"@type\":\"ListItem\",\"position\":2,\"name\":\"AVSS Parachute Recovery System for DJI Matrice 300\/350\",\"item\":\"https:\/\/koningdrone.be\/product\/avss-parachute-recovery-system-for-dji-matrice-300-350\/\"},{\"@type\":\"ListItem\",\"position\":3,\"name\":\"Uncategorized\",\"item\":\"https:\/\/koningdrone.be\/categorie\/uncategorized\/\"},{\"@type\":\"ListItem\",\"position\":4,\"name\":\"Unitree Go2 self-charging board\"}]},{\"@type\":\"WebSite\",\"@id\":\"https:\/\/koningdrone.be\/#website\",\"url\":\"https:\/\/koningdrone.be\/\",\"name\":\"Koningdrone.be - Uw online specialist in drones, gimbals, camera's en power stations.\",\"description\":\"De webshop in drones en gimbals\",\"publisher\":{\"@id\":\"https:\/\/koningdrone.be\/#organization\"},\"potentialAction\":[{\"@type\":\"SearchAction\",\"target\":{\"@type\":\"EntryPoint\",\"urlTemplate\":\"https:\/\/koningdrone.be\/?s={search_term_string}\"},\"query-input\":{\"@type\":\"PropertyValueSpecification\",\"valueRequired\":true,\"valueName\":\"search_term_string\"}}],\"inLanguage\":\"es\"},{\"@type\":\"Organization\",\"@id\":\"https:\/\/koningdrone.be\/#organization\",\"name\":\"Koningdrone.be\",\"url\":\"https:\/\/koningdrone.be\/\",\"logo\":{\"@type\":\"ImageObject\",\"inLanguage\":\"es\",\"@id\":\"https:\/\/koningdrone.be\/#\/schema\/logo\/image\/\",\"url\":\"https:\/\/koningdrone.be\/wp-content\/uploads\/sites\/13\/2025\/04\/koningdrone-copyright-logo.svg\",\"contentUrl\":\"https:\/\/koningdrone.be\/wp-content\/uploads\/sites\/13\/2025\/04\/koningdrone-copyright-logo.svg\",\"width\":227,\"height\":38,\"caption\":\"Koningdrone.be\"},\"image\":{\"@id\":\"https:\/\/koningdrone.be\/#\/schema\/logo\/image\/\"}}]}<\/script>\n<!-- \/ Yoast SEO Premium plugin. -->","yoast_head_json":{"title":"Unitree Go2 self-charging board - koningdrone.be","robots":{"index":"index","follow":"follow","max-snippet":"max-snippet:-1","max-image-preview":"max-image-preview:large","max-video-preview":"max-video-preview:-1"},"canonical":"https:\/\/koningdrone.be\/es\/producto\/unitree-go2-self-charging-board\/","og_locale":"es_ES","og_type":"article","og_title":"Unitree Go2 self-charging board","og_description":"Automatisch oplaadplatform voor Unitree Go2 robots  Maakt contactbreed opladen mogelijk wanneer de batterij bijna leeg is  Verhoogt robot uptime en reduceert handmatig batterijbeheer  Compatibel met Go2 EDU Plus varianten (Mid\u2011360 &amp; XT16)  Robuust, stabiel ontwerp voor langdurige operationele inzet","og_url":"https:\/\/koningdrone.be\/es\/producto\/unitree-go2-self-charging-board\/","og_site_name":"koningdrone.be","article_modified_time":"2026-04-29T14:10:52+00:00","og_image":[{"width":750,"height":750,"url":"https:\/\/koningdrone.be\/wp-content\/uploads\/sites\/13\/2026\/04\/Unitree-Go2-self-charging-board.jpg","type":"image\/jpeg"}],"twitter_card":"summary_large_image","twitter_misc":{"Tiempo de lectura":"1 minuto"},"schema":{"@context":"https:\/\/schema.org","@graph":[{"@type":"WebPage","@id":"https:\/\/koningdrone.be\/product\/unitree-go2-self-charging-board\/","url":"https:\/\/koningdrone.be\/product\/unitree-go2-self-charging-board\/","name":"Unitree Go2 self-charging board - koningdrone.be","isPartOf":{"@id":"https:\/\/koningdrone.be\/#website"},"primaryImageOfPage":{"@id":"https:\/\/koningdrone.be\/product\/unitree-go2-self-charging-board\/#primaryimage"},"image":{"@id":"https:\/\/koningdrone.be\/product\/unitree-go2-self-charging-board\/#primaryimage"},"thumbnailUrl":"https:\/\/koningdrone.be\/wp-content\/uploads\/sites\/13\/2026\/04\/Unitree-Go2-self-charging-board.jpg","datePublished":"2025-07-03T07:34:51+00:00","dateModified":"2026-04-29T14:10:52+00:00","breadcrumb":{"@id":"https:\/\/koningdrone.be\/product\/unitree-go2-self-charging-board\/#breadcrumb"},"inLanguage":"es","potentialAction":[{"@type":"ReadAction","target":["https:\/\/koningdrone.be\/product\/unitree-go2-self-charging-board\/"]}]},{"@type":"ImageObject","inLanguage":"es","@id":"https:\/\/koningdrone.be\/product\/unitree-go2-self-charging-board\/#primaryimage","url":"https:\/\/koningdrone.be\/wp-content\/uploads\/sites\/13\/2026\/04\/Unitree-Go2-self-charging-board.jpg","contentUrl":"https:\/\/koningdrone.be\/wp-content\/uploads\/sites\/13\/2026\/04\/Unitree-Go2-self-charging-board.jpg","width":750,"height":750},{"@type":"BreadcrumbList","@id":"https:\/\/koningdrone.be\/product\/unitree-go2-self-charging-board\/#breadcrumb","itemListElement":[{"@type":"ListItem","position":1,"name":"Home","item":"https:\/\/koningdrone.be\/"},{"@type":"ListItem","position":2,"name":"AVSS Parachute Recovery System for DJI Matrice 300\/350","item":"https:\/\/koningdrone.be\/product\/avss-parachute-recovery-system-for-dji-matrice-300-350\/"},{"@type":"ListItem","position":3,"name":"Uncategorized","item":"https:\/\/koningdrone.be\/categorie\/uncategorized\/"},{"@type":"ListItem","position":4,"name":"Unitree Go2 self-charging board"}]},{"@type":"WebSite","@id":"https:\/\/koningdrone.be\/#website","url":"https:\/\/koningdrone.be\/","name":"Koningdrone.be - Su especialista en l\u00ednea en drones, cardanes, c\u00e1maras y centrales el\u00e9ctricas.","description":"La tienda virtual de drones y cardanes","publisher":{"@id":"https:\/\/koningdrone.be\/#organization"},"potentialAction":[{"@type":"SearchAction","target":{"@type":"EntryPoint","urlTemplate":"https:\/\/koningdrone.be\/?s={search_term_string}"},"query-input":{"@type":"PropertyValueSpecification","valueRequired":true,"valueName":"search_term_string"}}],"inLanguage":"es"},{"@type":"Organization","@id":"https:\/\/koningdrone.be\/#organization","name":"Kingdrone.es","url":"https:\/\/koningdrone.be\/","logo":{"@type":"ImageObject","inLanguage":"es","@id":"https:\/\/koningdrone.be\/#\/schema\/logo\/image\/","url":"https:\/\/koningdrone.be\/wp-content\/uploads\/sites\/13\/2025\/04\/koningdrone-copyright-logo.svg","contentUrl":"https:\/\/koningdrone.be\/wp-content\/uploads\/sites\/13\/2025\/04\/koningdrone-copyright-logo.svg","width":227,"height":38,"caption":"Koningdrone.be"},"image":{"@id":"https:\/\/koningdrone.be\/#\/schema\/logo\/image\/"}}]}},"df_price":1329.79,"df_sale_price":"","df_regular_price":1329.79,"df_image_link":"https:\/\/koningdrone.be\/wp-content\/uploads\/sites\/13\/2026\/04\/Unitree-Go2-self-charging-board-300x300.jpg","_links":{"self":[{"href":"https:\/\/koningdrone.be\/es\/wp-json\/wp\/v2\/product\/15034","targetHints":{"allow":["GET"]}}],"collection":[{"href":"https:\/\/koningdrone.be\/es\/wp-json\/wp\/v2\/product"}],"about":[{"href":"https:\/\/koningdrone.be\/es\/wp-json\/wp\/v2\/types\/product"}],"wp:featuredmedia":[{"embeddable":true,"href":"https:\/\/koningdrone.be\/es\/wp-json\/wp\/v2\/media\/19016"}],"wp:attachment":[{"href":"https:\/\/koningdrone.be\/es\/wp-json\/wp\/v2\/media?parent=15034"}],"wp:term":[{"taxonomy":"product_brand","embeddable":true,"href":"https:\/\/koningdrone.be\/es\/wp-json\/wp\/v2\/product_brand?post=15034"},{"taxonomy":"product_cat","embeddable":true,"href":"https:\/\/koningdrone.be\/es\/wp-json\/wp\/v2\/product_cat?post=15034"},{"taxonomy":"product_tag","embeddable":true,"href":"https:\/\/koningdrone.be\/es\/wp-json\/wp\/v2\/product_tag?post=15034"}],"curies":[{"name":"wp","href":"https:\/\/api.w.org\/{rel}","templated":true}]}}