{"id":15032,"date":"2025-07-03T09:34:51","date_gmt":"2025-07-03T07:34:51","guid":{"rendered":"https:\/\/koningdrone.be\/product\/unitree-go2-ent-u6-gas-detection\/"},"modified":"2026-04-30T16:20:31","modified_gmt":"2026-04-30T14:20:31","slug":"unitree-go2-ent-u6-gas-detection","status":"publish","type":"product","link":"https:\/\/koningdrone.be\/es\/producto\/unitree-go2-ent-u6-gas-detection\/","title":{"rendered":"Unitree Go2 ent-U6 (Detecci\u00f3n de gas)"},"content":{"rendered":"<h3>Unitree Go2 Ent-U6: El pionero industrial para zonas peligrosas y detecci\u00f3n de gases<\/h3>\n<p>En <strong>Unitree Go2 Ent-U6<\/strong> no es un robot m\u00e1s; es una plataforma aut\u00f3noma de rescate e inspecci\u00f3n dise\u00f1ada para llegar donde los humanos no pueden o no deben. En industrias como la petroqu\u00edmica, la miner\u00eda y las intervenciones de bomberos, la informaci\u00f3n sobre la calidad del aire es vital. El Ent-U6 transforma el \u00e1gil chasis del Go2 en una estaci\u00f3n m\u00f3vil de sensores que detecta gases t\u00f3xicos y explosivos en tiempo real. Con su calidad de construcci\u00f3n industrial y sus sistemas de comunicaci\u00f3n redundantes, proporciona un nivel inigualable de conocimiento de la situaci\u00f3n en entornos de \u201calto riesgo\u201d, lo que permite a los operarios tomar decisiones basadas en datos fiables sin poner en peligro al personal.<\/p>\n<p><a href=\"https:\/\/koningdrone.nl\/wp-content\/uploads\/2025\/07\/Unitree-Go2-ent-U6-Gas-Detection.jpg\"><img loading=\"lazy\" decoding=\"async\" class=\"size-medium wp-image-472976 aligncenter\" src=\"https:\/\/koningdrone.nl\/wp-content\/uploads\/2025\/07\/Unitree-Go2-ent-U6-Gas-Detection-300x300.jpg\" alt=\"Unitree Go2 ent-U6 (Gas Detection)\" width=\"300\" height=\"300\" \/><\/a><\/p>\n<h4>Detecci\u00f3n multigas y comunicaci\u00f3n redundante<\/h4>\n<p>El n\u00facleo tecnol\u00f3gico del Ent-U6 est\u00e1 espec\u00edficamente dise\u00f1ado para operaciones de misi\u00f3n cr\u00edtica en entornos industriales complejos:<\/p>\n<ul>\n<li><strong>Conjunto de sensores avanzados:<\/strong> El robot est\u00e1 equipado con sensores profesionales para la detecci\u00f3n de <strong>O\u2082 (ox\u00edgeno), CO (mon\u00f3xido de carbono), CH\u2084 (metano), H\u2082S (sulfuro de hidr\u00f3geno).<\/strong> y compuestos org\u00e1nicos vol\u00e1tiles como el benceno. Tambi\u00e9n controla continuamente la temperatura y la humedad para ofrecer una imagen completa de los riesgos medioambientales.<\/li>\n<li><strong>Conectividad de doble canal:<\/strong> La fiabilidad es esencial en las inspecciones a distancia. El Ent-U6 utiliza un <strong>Enlace telem\u00e9trico de 8 GHz<\/strong> para el control directo, con el apoyo de un <strong>Copia de seguridad de la eSIM 4G<\/strong>. Esto garantiza que el robot siga siendo controlable y contin\u00fae enviando datos aunque la red local se caiga o se interrumpa.<\/li>\n<li><strong>V\u00eddeo HD de baja latencia:<\/strong> Gracias al doble canal <strong>Transmisi\u00f3n de v\u00eddeo 1080P<\/strong> conserva una visi\u00f3n cristalina de la situaci\u00f3n para el operador. Esto es crucial para identificar fugas, da\u00f1os estructurales o v\u00edctimas en salas llenas de humo u oscuras.<\/li>\n<\/ul>\n<h4>Dise\u00f1o industrial robusto y habilidades en el terreno<\/h4>\n<p>La calidad de construcci\u00f3n del Ent-U6 combina la potencia de un caballo de batalla con la agilidad de un atleta:<\/p>\n<ul>\n<li><strong>Chasis de alto rendimiento:<\/strong> Fabricado a partir de un <strong>aleaci\u00f3n de aluminio<\/strong> y pl\u00e1stico t\u00e9cnico resistente a los impactos. Con una velocidad m\u00e1xima de <strong>5 m\/s<\/strong> y la capacidad de manejar pendientes de hasta <strong>40\u00b0<\/strong> para trepar, el robot se mueve a la velocidad del rayo entre escombros, bajando escaleras y por pasillos estrechos.<\/li>\n<li><strong>Capacidad de carga:<\/strong> A pesar de la gran cantidad de sensores internos, el robot mantiene una capacidad de carga de alrededor del <strong>12 kg<\/strong>. Esto brinda la oportunidad de transportar equipos adicionales, como potentes reflectores o repetidores de comunicaciones adicionales, hasta el centro del lugar del incidente.<\/li>\n<li><strong>Obst\u00e1culo-Maestr\u00eda:<\/strong> El robot supera sin esfuerzo obst\u00e1culos de hasta aproximadamente <strong>16 cm<\/strong>, por lo que resulta ideal para inspecciones en obras en mal estado o en edificios afectados por cat\u00e1strofes en los que el suelo est\u00e1 sembrado de escombros.<\/li>\n<\/ul>\n<p><a href=\"https:\/\/koningdrone.nl\/wp-content\/uploads\/2025\/07\/Unitree-Go2-Product-ent-U6-Gas-Detection.jpg\"><img loading=\"lazy\" decoding=\"async\" class=\"size-medium wp-image-472974 aligncenter\" src=\"https:\/\/koningdrone.nl\/wp-content\/uploads\/2025\/07\/Unitree-Go2-Product-ent-U6-Gas-Detection-300x300.jpg\" alt=\"Unitree Go2 Product ent-U6 (Gas Detection)\" width=\"300\" height=\"300\" \/><\/a><\/p>\n<h4>Por qu\u00e9 el Go2 Ent-U6 es indispensable<\/h4>\n<p>Para las regiones de seguridad, los equipos EOD y los gestores de instalaciones industriales, el Go2 Ent-U6 es la p\u00f3liza de seguros definitiva. Permite a las organizaciones identificar de forma proactiva los riesgos y gestionar los incidentes con una precisi\u00f3n antes imposible. La combinaci\u00f3n de detecci\u00f3n de gases en tiempo real, supervisi\u00f3n t\u00e9rmica y movilidad extrema convierte a esta plataforma en el est\u00e1ndar de la seguridad industrial moderna. El Unitree Go2 Ent-U6 salva vidas sustituyendo al factor humano en los entornos m\u00e1s hostiles del planeta.<\/p>","protected":false},"excerpt":{"rendered":"<ul>\n<li>Robot industrial cuadr\u00fapedo con detecci\u00f3n de gases integrada<\/li>\n<li>Control en tiempo real de O2, CO, gases explosivos\/t\u00f3xicos<\/li>\n<li>Transmisi\u00f3n de v\u00eddeo HD con baja latencia para un control remoto seguro<\/li>\n<li>Paquete de comunicaci\u00f3n profesional: telemetr\u00eda de 5,8 GHz + 4G eSIM<\/li>\n<li>Robusta tecnolog\u00eda de base Go2 para desplazamientos todoterreno<\/li>\n<\/ul>","protected":false},"featured_media":19013,"template":"","meta":{"_acf_changed":false},"product_brand":[],"product_cat":[1988],"product_tag":[],"class_list":{"0":"post-15032","1":"product","2":"type-product","3":"status-publish","4":"has-post-thumbnail","6":"product_cat-unitree-go2-ent","7":"product_shipping_class-outofstock","8":"pa_brand-unitree","9":"pa_producttype-robot","10":"pa_series-go2","12":"first","13":"outofstock","14":"taxable","15":"shipping-taxable","16":"purchasable","17":"product-type-simple"},"acf":[],"yoast_head":"<!-- This site is optimized with the Yoast SEO Premium plugin v27.2 (Yoast SEO v27.2) - https:\/\/yoast.com\/product\/yoast-seo-premium-wordpress\/ -->\n<title>Unitree Go2 ent-U6 (Gas Detection) - koningdrone.be<\/title>\n<meta name=\"robots\" content=\"index, follow, max-snippet:-1, max-image-preview:large, max-video-preview:-1\" \/>\n<link rel=\"canonical\" href=\"https:\/\/koningdrone.be\/es\/producto\/unitree-go2-ent-u6-gas-detection\/\" \/>\n<meta property=\"og:locale\" content=\"es_ES\" \/>\n<meta property=\"og:type\" content=\"article\" \/>\n<meta property=\"og:title\" content=\"Unitree Go2 ent-U6 (Gas Detection)\" \/>\n<meta property=\"og:description\" content=\"Industri\u00eble viervoetige robot met ge\u00efntegreerde gasdetectie  Realtime monitoring van O2, CO, explosieve\/toxische gassen  HD video\u2011transmissie met lage latentie voor veilige afstandsbesturing  Professional communication suite: 5.8\u202fGHz telemetry + 4G eSIM  Robuuste Go2\u2011basistechnologie voor terreinafwijkend bewegen\" \/>\n<meta property=\"og:url\" content=\"https:\/\/koningdrone.be\/es\/producto\/unitree-go2-ent-u6-gas-detection\/\" \/>\n<meta property=\"og:site_name\" content=\"koningdrone.be\" \/>\n<meta property=\"article:modified_time\" content=\"2026-04-30T14:20:31+00:00\" \/>\n<meta property=\"og:image\" content=\"https:\/\/koningdrone.be\/wp-content\/uploads\/sites\/13\/2026\/04\/Unitree-Go2-ent-U6-Gas-Detection.jpg\" \/>\n\t<meta property=\"og:image:width\" content=\"800\" \/>\n\t<meta property=\"og:image:height\" content=\"800\" \/>\n\t<meta property=\"og:image:type\" content=\"image\/jpeg\" \/>\n<meta name=\"twitter:card\" content=\"summary_large_image\" \/>\n<meta name=\"twitter:label1\" content=\"Tiempo de lectura\" \/>\n\t<meta name=\"twitter:data1\" content=\"2 minutos\" \/>\n<script type=\"application\/ld+json\" class=\"yoast-schema-graph\">{\"@context\":\"https:\/\/schema.org\",\"@graph\":[{\"@type\":\"WebPage\",\"@id\":\"https:\/\/koningdrone.be\/product\/unitree-go2-ent-u6-gas-detection\/\",\"url\":\"https:\/\/koningdrone.be\/product\/unitree-go2-ent-u6-gas-detection\/\",\"name\":\"Unitree Go2 ent-U6 (Gas Detection) - koningdrone.be\",\"isPartOf\":{\"@id\":\"https:\/\/koningdrone.be\/#website\"},\"primaryImageOfPage\":{\"@id\":\"https:\/\/koningdrone.be\/product\/unitree-go2-ent-u6-gas-detection\/#primaryimage\"},\"image\":{\"@id\":\"https:\/\/koningdrone.be\/product\/unitree-go2-ent-u6-gas-detection\/#primaryimage\"},\"thumbnailUrl\":\"https:\/\/koningdrone.be\/wp-content\/uploads\/sites\/13\/2026\/04\/Unitree-Go2-ent-U6-Gas-Detection.jpg\",\"datePublished\":\"2025-07-03T07:34:51+00:00\",\"dateModified\":\"2026-04-30T14:20:31+00:00\",\"breadcrumb\":{\"@id\":\"https:\/\/koningdrone.be\/product\/unitree-go2-ent-u6-gas-detection\/#breadcrumb\"},\"inLanguage\":\"es\",\"potentialAction\":[{\"@type\":\"ReadAction\",\"target\":[\"https:\/\/koningdrone.be\/product\/unitree-go2-ent-u6-gas-detection\/\"]}]},{\"@type\":\"ImageObject\",\"inLanguage\":\"es\",\"@id\":\"https:\/\/koningdrone.be\/product\/unitree-go2-ent-u6-gas-detection\/#primaryimage\",\"url\":\"https:\/\/koningdrone.be\/wp-content\/uploads\/sites\/13\/2026\/04\/Unitree-Go2-ent-U6-Gas-Detection.jpg\",\"contentUrl\":\"https:\/\/koningdrone.be\/wp-content\/uploads\/sites\/13\/2026\/04\/Unitree-Go2-ent-U6-Gas-Detection.jpg\",\"width\":800,\"height\":800},{\"@type\":\"BreadcrumbList\",\"@id\":\"https:\/\/koningdrone.be\/product\/unitree-go2-ent-u6-gas-detection\/#breadcrumb\",\"itemListElement\":[{\"@type\":\"ListItem\",\"position\":1,\"name\":\"Home\",\"item\":\"https:\/\/koningdrone.be\/\"},{\"@type\":\"ListItem\",\"position\":2,\"name\":\"AVSS Parachute Recovery System for DJI Matrice 300\/350\",\"item\":\"https:\/\/koningdrone.be\/product\/avss-parachute-recovery-system-for-dji-matrice-300-350\/\"},{\"@type\":\"ListItem\",\"position\":3,\"name\":\"Unitree Go2 Ent\",\"item\":\"https:\/\/koningdrone.be\/categorie\/unitree-go2-ent\/\"},{\"@type\":\"ListItem\",\"position\":4,\"name\":\"Unitree Go2 ent-U6 (Gas Detection)\"}]},{\"@type\":\"WebSite\",\"@id\":\"https:\/\/koningdrone.be\/#website\",\"url\":\"https:\/\/koningdrone.be\/\",\"name\":\"Koningdrone.be - Uw online specialist in drones, gimbals, camera's en power stations.\",\"description\":\"De webshop in drones en gimbals\",\"publisher\":{\"@id\":\"https:\/\/koningdrone.be\/#organization\"},\"potentialAction\":[{\"@type\":\"SearchAction\",\"target\":{\"@type\":\"EntryPoint\",\"urlTemplate\":\"https:\/\/koningdrone.be\/?s={search_term_string}\"},\"query-input\":{\"@type\":\"PropertyValueSpecification\",\"valueRequired\":true,\"valueName\":\"search_term_string\"}}],\"inLanguage\":\"es\"},{\"@type\":\"Organization\",\"@id\":\"https:\/\/koningdrone.be\/#organization\",\"name\":\"Koningdrone.be\",\"url\":\"https:\/\/koningdrone.be\/\",\"logo\":{\"@type\":\"ImageObject\",\"inLanguage\":\"es\",\"@id\":\"https:\/\/koningdrone.be\/#\/schema\/logo\/image\/\",\"url\":\"https:\/\/koningdrone.be\/wp-content\/uploads\/sites\/13\/2025\/04\/koningdrone-copyright-logo.svg\",\"contentUrl\":\"https:\/\/koningdrone.be\/wp-content\/uploads\/sites\/13\/2025\/04\/koningdrone-copyright-logo.svg\",\"width\":227,\"height\":38,\"caption\":\"Koningdrone.be\"},\"image\":{\"@id\":\"https:\/\/koningdrone.be\/#\/schema\/logo\/image\/\"}}]}<\/script>\n<!-- \/ Yoast SEO Premium plugin. -->","yoast_head_json":{"title":"Unitree Go2 ent-U6 (Gas Detection) - koningdrone.be","robots":{"index":"index","follow":"follow","max-snippet":"max-snippet:-1","max-image-preview":"max-image-preview:large","max-video-preview":"max-video-preview:-1"},"canonical":"https:\/\/koningdrone.be\/es\/producto\/unitree-go2-ent-u6-gas-detection\/","og_locale":"es_ES","og_type":"article","og_title":"Unitree Go2 ent-U6 (Gas Detection)","og_description":"Industri\u00eble viervoetige robot met ge\u00efntegreerde gasdetectie  Realtime monitoring van O2, CO, explosieve\/toxische gassen  HD video\u2011transmissie met lage latentie voor veilige afstandsbesturing  Professional communication suite: 5.8\u202fGHz telemetry + 4G eSIM  Robuuste Go2\u2011basistechnologie voor terreinafwijkend bewegen","og_url":"https:\/\/koningdrone.be\/es\/producto\/unitree-go2-ent-u6-gas-detection\/","og_site_name":"koningdrone.be","article_modified_time":"2026-04-30T14:20:31+00:00","og_image":[{"width":800,"height":800,"url":"https:\/\/koningdrone.be\/wp-content\/uploads\/sites\/13\/2026\/04\/Unitree-Go2-ent-U6-Gas-Detection.jpg","type":"image\/jpeg"}],"twitter_card":"summary_large_image","twitter_misc":{"Tiempo de lectura":"2 minutos"},"schema":{"@context":"https:\/\/schema.org","@graph":[{"@type":"WebPage","@id":"https:\/\/koningdrone.be\/product\/unitree-go2-ent-u6-gas-detection\/","url":"https:\/\/koningdrone.be\/product\/unitree-go2-ent-u6-gas-detection\/","name":"Unitree Go2 ent-U6 (Gas Detection) - koningdrone.be","isPartOf":{"@id":"https:\/\/koningdrone.be\/#website"},"primaryImageOfPage":{"@id":"https:\/\/koningdrone.be\/product\/unitree-go2-ent-u6-gas-detection\/#primaryimage"},"image":{"@id":"https:\/\/koningdrone.be\/product\/unitree-go2-ent-u6-gas-detection\/#primaryimage"},"thumbnailUrl":"https:\/\/koningdrone.be\/wp-content\/uploads\/sites\/13\/2026\/04\/Unitree-Go2-ent-U6-Gas-Detection.jpg","datePublished":"2025-07-03T07:34:51+00:00","dateModified":"2026-04-30T14:20:31+00:00","breadcrumb":{"@id":"https:\/\/koningdrone.be\/product\/unitree-go2-ent-u6-gas-detection\/#breadcrumb"},"inLanguage":"es","potentialAction":[{"@type":"ReadAction","target":["https:\/\/koningdrone.be\/product\/unitree-go2-ent-u6-gas-detection\/"]}]},{"@type":"ImageObject","inLanguage":"es","@id":"https:\/\/koningdrone.be\/product\/unitree-go2-ent-u6-gas-detection\/#primaryimage","url":"https:\/\/koningdrone.be\/wp-content\/uploads\/sites\/13\/2026\/04\/Unitree-Go2-ent-U6-Gas-Detection.jpg","contentUrl":"https:\/\/koningdrone.be\/wp-content\/uploads\/sites\/13\/2026\/04\/Unitree-Go2-ent-U6-Gas-Detection.jpg","width":800,"height":800},{"@type":"BreadcrumbList","@id":"https:\/\/koningdrone.be\/product\/unitree-go2-ent-u6-gas-detection\/#breadcrumb","itemListElement":[{"@type":"ListItem","position":1,"name":"Home","item":"https:\/\/koningdrone.be\/"},{"@type":"ListItem","position":2,"name":"AVSS Parachute Recovery System for DJI Matrice 300\/350","item":"https:\/\/koningdrone.be\/product\/avss-parachute-recovery-system-for-dji-matrice-300-350\/"},{"@type":"ListItem","position":3,"name":"Unitree Go2 Ent","item":"https:\/\/koningdrone.be\/categorie\/unitree-go2-ent\/"},{"@type":"ListItem","position":4,"name":"Unitree Go2 ent-U6 (Gas Detection)"}]},{"@type":"WebSite","@id":"https:\/\/koningdrone.be\/#website","url":"https:\/\/koningdrone.be\/","name":"Koningdrone.be - Su especialista en l\u00ednea en drones, cardanes, c\u00e1maras y centrales el\u00e9ctricas.","description":"La tienda virtual de drones y cardanes","publisher":{"@id":"https:\/\/koningdrone.be\/#organization"},"potentialAction":[{"@type":"SearchAction","target":{"@type":"EntryPoint","urlTemplate":"https:\/\/koningdrone.be\/?s={search_term_string}"},"query-input":{"@type":"PropertyValueSpecification","valueRequired":true,"valueName":"search_term_string"}}],"inLanguage":"es"},{"@type":"Organization","@id":"https:\/\/koningdrone.be\/#organization","name":"Kingdrone.es","url":"https:\/\/koningdrone.be\/","logo":{"@type":"ImageObject","inLanguage":"es","@id":"https:\/\/koningdrone.be\/#\/schema\/logo\/image\/","url":"https:\/\/koningdrone.be\/wp-content\/uploads\/sites\/13\/2025\/04\/koningdrone-copyright-logo.svg","contentUrl":"https:\/\/koningdrone.be\/wp-content\/uploads\/sites\/13\/2025\/04\/koningdrone-copyright-logo.svg","width":227,"height":38,"caption":"Koningdrone.be"},"image":{"@id":"https:\/\/koningdrone.be\/#\/schema\/logo\/image\/"}}]}},"df_price":14810.4,"df_sale_price":"","df_regular_price":14810.4,"df_image_link":"https:\/\/koningdrone.be\/wp-content\/uploads\/sites\/13\/2026\/04\/Unitree-Go2-ent-U6-Gas-Detection-300x300.jpg","_links":{"self":[{"href":"https:\/\/koningdrone.be\/es\/wp-json\/wp\/v2\/product\/15032","targetHints":{"allow":["GET"]}}],"collection":[{"href":"https:\/\/koningdrone.be\/es\/wp-json\/wp\/v2\/product"}],"about":[{"href":"https:\/\/koningdrone.be\/es\/wp-json\/wp\/v2\/types\/product"}],"wp:featuredmedia":[{"embeddable":true,"href":"https:\/\/koningdrone.be\/es\/wp-json\/wp\/v2\/media\/19013"}],"wp:attachment":[{"href":"https:\/\/koningdrone.be\/es\/wp-json\/wp\/v2\/media?parent=15032"}],"wp:term":[{"taxonomy":"product_brand","embeddable":true,"href":"https:\/\/koningdrone.be\/es\/wp-json\/wp\/v2\/product_brand?post=15032"},{"taxonomy":"product_cat","embeddable":true,"href":"https:\/\/koningdrone.be\/es\/wp-json\/wp\/v2\/product_cat?post=15032"},{"taxonomy":"product_tag","embeddable":true,"href":"https:\/\/koningdrone.be\/es\/wp-json\/wp\/v2\/product_tag?post=15032"}],"curies":[{"name":"wp","href":"https:\/\/api.w.org\/{rel}","templated":true}]}}